{"id":1015,"date":"2026-01-24T11:23:08","date_gmt":"2026-01-24T09:23:08","guid":{"rendered":"https:\/\/www.transtoyou.com\/et\/product\/caverject-alprostadil\/"},"modified":"2026-01-24T11:24:21","modified_gmt":"2026-01-24T09:24:21","slug":"caverject-alprostadil","status":"publish","type":"product","link":"https:\/\/www.transtoyou.com\/et\/product\/caverject-alprostadil\/","title":{"rendered":"Caverject (Alprostadil)"},"content":{"rendered":"<p>Caverject on retseptiravim, mida kasutatakse erektsioonih\u00e4irete (ED) raviks t\u00e4iskasvanud meestel. See sisaldab alprostadili, looduslikku ainet, mis aitab suurendada verevoolu peenisesse.<\/p>\n<p>Kui seda s\u00fcstitakse otse erektilisse kudedesse, toimib see, l\u00f5dvestades vere- ja lihaseid peenis, v\u00f5imaldades vere voolata sisse ja tekitada erektsiooni, mis on piisavalt tugev seksuaalse tegevuse jaoks.<\/p>\n<p>Erinevalt suukaudsetest ED ravimitest, toimib Caverject kohapeal ja ei s\u00f5ltu seksuaalsest stimuleerimisest, et alustada toimet. Selle toime on tavaliselt tuntav 5 kuni 20 minutit p\u00e4rast s\u00fcstimist ja v\u00f5ib kesta umbes 30 kuni 60 minutit, kuigi t\u00e4pne kestus varieerub s\u00f5ltuvalt inimesest. See teeb sellest usaldusv\u00e4\u00e4rse valiku meestele, kes ei ole suukaudsetele ravidele h\u00e4sti reageerinud v\u00f5i kes ei saa neid v\u00f5tta teiste terviseprobleemide v\u00f5i ravimite t\u00f5ttu.<\/p>\n<p>Caverject tarnitakse pulbri ja lahustina, mis segatakse enne kasutamist, ning see tuleb koos v\u00e4ga peene n\u00f5elaga, et ise s\u00fcstida peenise k\u00fcljele. On oluline j\u00e4rgida juhiseid hoolikalt, et v\u00e4ltida t\u00fcsistusi ja vahetada s\u00fcstekohti, et v\u00e4ltida kudede kahjustamist.<\/p>\n<p>Tavalised k\u00f5rvaltoimed v\u00f5ivad h\u00f5lmata kerget valu s\u00fcstekohas, t\u00e4isk\u00f5hutunnet peenis v\u00f5i kerget verevalumit. Haruldased, kuid t\u00f5sised k\u00f5rvaltoimed h\u00f5lmavad pikaajalist erektsiooni (priapism) v\u00f5i peenise fibroosi (armistumine). Caverjecti ei tohiks kasutada rohkem kui \u00fcks kord 24 tunni jooksul ja mitte rohkem kui kolm korda n\u00e4dalas.<\/p>\n","protected":false},"excerpt":{"rendered":"<ul>\n<li>Kiire ja usaldusv\u00e4\u00e4rne erektsiooni tugi<\/li>\n<li>Toimib, kui suukaudsed tabletid ei aita<\/li>\n<li>Kohalik toime, minimaalne k\u00f5rvaltoime<\/li>\n<\/ul>\n","protected":false},"featured_media":1017,"comment_status":"open","ping_status":"closed","template":"","meta":[],"product_brand":[],"product_cat":[132],"product_tag":[],"expert":[18],"class_list":{"0":"post-1015","1":"product","2":"type-product","3":"status-publish","4":"has-post-thumbnail","6":"product_cat-erektsioonihairete-ravimid","7":"expert-dr-g-varbanov","9":"first","10":"instock","11":"shipping-taxable","12":"product-type-variable"},"yoast_head":"<!-- This site is optimized with the Yoast SEO plugin v27.0 - https:\/\/yoast.com\/product\/yoast-seo-wordpress\/ -->\n<title>Caverject (Alprostadil) | Kiiretoimeline ED Lahendus - Transtoyou<\/title>\n<meta name=\"description\" content=\"Caverject (Alprostadil) ravib ED t\u00f5husalt, suurendades kohalikku vereringet. Saadaval Transtoyou&#039;s, ideaalne neile, kes ei reageeri suukaudsetele ravimitele.\" \/>\n<meta name=\"robots\" content=\"noindex, follow, max-snippet:-1, max-image-preview:large, max-video-preview:-1\" \/>\n<meta property=\"og:locale\" content=\"et_EE\" \/>\n<meta property=\"og:type\" content=\"article\" \/>\n<meta property=\"og:title\" content=\"Caverject (Alprostadil) | Kiiretoimeline ED Lahendus - Transtoyou\" \/>\n<meta property=\"og:description\" content=\"Caverject (Alprostadil) ravib ED t\u00f5husalt, suurendades kohalikku vereringet. Saadaval Transtoyou&#039;s, ideaalne neile, kes ei reageeri suukaudsetele ravimitele.\" \/>\n<meta property=\"og:url\" content=\"https:\/\/www.transtoyou.com\/et\/product\/caverject-alprostadil\/\" \/>\n<meta property=\"og:site_name\" content=\"Transtoyou - ET\" \/>\n<meta property=\"article:modified_time\" content=\"2026-01-24T09:24:21+00:00\" \/>\n<meta name=\"twitter:card\" content=\"summary_large_image\" \/>\n<meta name=\"twitter:label1\" content=\"Est. reading time\" \/>\n\t<meta name=\"twitter:data1\" content=\"1 minut\" \/>\n<script type=\"application\/ld+json\" class=\"yoast-schema-graph\">{\"@context\":\"https:\/\/schema.org\",\"@graph\":[{\"@type\":\"WebPage\",\"@id\":\"https:\/\/www.transtoyou.com\/et\/product\/caverject-alprostadil\/\",\"url\":\"https:\/\/www.transtoyou.com\/et\/product\/caverject-alprostadil\/\",\"name\":\"Caverject (Alprostadil) | Kiiretoimeline ED Lahendus - Transtoyou\",\"isPartOf\":{\"@id\":\"https:\/\/www.transtoyou.com\/et\/#website\"},\"primaryImageOfPage\":{\"@id\":\"https:\/\/www.transtoyou.com\/et\/product\/caverject-alprostadil\/#primaryimage\"},\"image\":{\"@id\":\"https:\/\/www.transtoyou.com\/et\/product\/caverject-alprostadil\/#primaryimage\"},\"thumbnailUrl\":\"https:\/\/www.transtoyou.com\/et\/wp-content\/uploads\/sites\/7\/2026\/01\/tty-no-product-image-100.webp\",\"datePublished\":\"2026-01-24T09:23:08+00:00\",\"dateModified\":\"2026-01-24T09:24:21+00:00\",\"description\":\"Caverject (Alprostadil) ravib ED t\u00f5husalt, suurendades kohalikku vereringet. Saadaval Transtoyou's, ideaalne neile, kes ei reageeri suukaudsetele ravimitele.\",\"breadcrumb\":{\"@id\":\"https:\/\/www.transtoyou.com\/et\/product\/caverject-alprostadil\/#breadcrumb\"},\"inLanguage\":\"et\",\"potentialAction\":[{\"@type\":\"ReadAction\",\"target\":[\"https:\/\/www.transtoyou.com\/et\/product\/caverject-alprostadil\/\"]}]},{\"@type\":\"ImageObject\",\"inLanguage\":\"et\",\"@id\":\"https:\/\/www.transtoyou.com\/et\/product\/caverject-alprostadil\/#primaryimage\",\"url\":\"https:\/\/www.transtoyou.com\/et\/wp-content\/uploads\/sites\/7\/2026\/01\/tty-no-product-image-100.webp\",\"contentUrl\":\"https:\/\/www.transtoyou.com\/et\/wp-content\/uploads\/sites\/7\/2026\/01\/tty-no-product-image-100.webp\",\"width\":1000,\"height\":1000,\"caption\":\"Vaikimisi toote pilt\"},{\"@type\":\"WebSite\",\"@id\":\"https:\/\/www.transtoyou.com\/et\/#website\",\"url\":\"https:\/\/www.transtoyou.com\/et\/\",\"name\":\"Transtoyou - ET\",\"description\":\"\",\"publisher\":{\"@id\":\"https:\/\/www.transtoyou.com\/et\/#organization\"},\"potentialAction\":[{\"@type\":\"SearchAction\",\"target\":{\"@type\":\"EntryPoint\",\"urlTemplate\":\"https:\/\/www.transtoyou.com\/et\/?s={search_term_string}\"},\"query-input\":{\"@type\":\"PropertyValueSpecification\",\"valueRequired\":true,\"valueName\":\"search_term_string\"}}],\"inLanguage\":\"et\"},{\"@type\":\"Organization\",\"@id\":\"https:\/\/www.transtoyou.com\/et\/#organization\",\"name\":\"Transtoyou - ET\",\"url\":\"https:\/\/www.transtoyou.com\/et\/\",\"logo\":{\"@type\":\"ImageObject\",\"inLanguage\":\"et\",\"@id\":\"https:\/\/www.transtoyou.com\/et\/#\/schema\/logo\/image\/\",\"url\":\"https:\/\/www.transtoyou.com\/et\/wp-content\/uploads\/sites\/7\/2026\/01\/logo-tty-menu-bar-300x87-1.webp\",\"contentUrl\":\"https:\/\/www.transtoyou.com\/et\/wp-content\/uploads\/sites\/7\/2026\/01\/logo-tty-menu-bar-300x87-1.webp\",\"width\":300,\"height\":87,\"caption\":\"Transtoyou - ET\"},\"image\":{\"@id\":\"https:\/\/www.transtoyou.com\/et\/#\/schema\/logo\/image\/\"}}]}<\/script>\n<!-- \/ Yoast SEO plugin. -->","yoast_head_json":{"title":"Caverject (Alprostadil) | Kiiretoimeline ED Lahendus - Transtoyou","description":"Caverject (Alprostadil) ravib ED t\u00f5husalt, suurendades kohalikku vereringet. Saadaval Transtoyou's, ideaalne neile, kes ei reageeri suukaudsetele ravimitele.","robots":{"index":"noindex","follow":"follow","max-snippet":"max-snippet:-1","max-image-preview":"max-image-preview:large","max-video-preview":"max-video-preview:-1"},"og_locale":"et_EE","og_type":"article","og_title":"Caverject (Alprostadil) | Kiiretoimeline ED Lahendus - Transtoyou","og_description":"Caverject (Alprostadil) ravib ED t\u00f5husalt, suurendades kohalikku vereringet. Saadaval Transtoyou's, ideaalne neile, kes ei reageeri suukaudsetele ravimitele.","og_url":"https:\/\/www.transtoyou.com\/et\/product\/caverject-alprostadil\/","og_site_name":"Transtoyou - ET","article_modified_time":"2026-01-24T09:24:21+00:00","twitter_card":"summary_large_image","twitter_misc":{"Est. reading time":"1 minut"},"schema":{"@context":"https:\/\/schema.org","@graph":[{"@type":"WebPage","@id":"https:\/\/www.transtoyou.com\/et\/product\/caverject-alprostadil\/","url":"https:\/\/www.transtoyou.com\/et\/product\/caverject-alprostadil\/","name":"Caverject (Alprostadil) | Kiiretoimeline ED Lahendus - Transtoyou","isPartOf":{"@id":"https:\/\/www.transtoyou.com\/et\/#website"},"primaryImageOfPage":{"@id":"https:\/\/www.transtoyou.com\/et\/product\/caverject-alprostadil\/#primaryimage"},"image":{"@id":"https:\/\/www.transtoyou.com\/et\/product\/caverject-alprostadil\/#primaryimage"},"thumbnailUrl":"https:\/\/www.transtoyou.com\/et\/wp-content\/uploads\/sites\/7\/2026\/01\/tty-no-product-image-100.webp","datePublished":"2026-01-24T09:23:08+00:00","dateModified":"2026-01-24T09:24:21+00:00","description":"Caverject (Alprostadil) ravib ED t\u00f5husalt, suurendades kohalikku vereringet. Saadaval Transtoyou's, ideaalne neile, kes ei reageeri suukaudsetele ravimitele.","breadcrumb":{"@id":"https:\/\/www.transtoyou.com\/et\/product\/caverject-alprostadil\/#breadcrumb"},"inLanguage":"et","potentialAction":[{"@type":"ReadAction","target":["https:\/\/www.transtoyou.com\/et\/product\/caverject-alprostadil\/"]}]},{"@type":"ImageObject","inLanguage":"et","@id":"https:\/\/www.transtoyou.com\/et\/product\/caverject-alprostadil\/#primaryimage","url":"https:\/\/www.transtoyou.com\/et\/wp-content\/uploads\/sites\/7\/2026\/01\/tty-no-product-image-100.webp","contentUrl":"https:\/\/www.transtoyou.com\/et\/wp-content\/uploads\/sites\/7\/2026\/01\/tty-no-product-image-100.webp","width":1000,"height":1000,"caption":"Vaikimisi toote pilt"},{"@type":"WebSite","@id":"https:\/\/www.transtoyou.com\/et\/#website","url":"https:\/\/www.transtoyou.com\/et\/","name":"Transtoyou - ET","description":"","publisher":{"@id":"https:\/\/www.transtoyou.com\/et\/#organization"},"potentialAction":[{"@type":"SearchAction","target":{"@type":"EntryPoint","urlTemplate":"https:\/\/www.transtoyou.com\/et\/?s={search_term_string}"},"query-input":{"@type":"PropertyValueSpecification","valueRequired":true,"valueName":"search_term_string"}}],"inLanguage":"et"},{"@type":"Organization","@id":"https:\/\/www.transtoyou.com\/et\/#organization","name":"Transtoyou - ET","url":"https:\/\/www.transtoyou.com\/et\/","logo":{"@type":"ImageObject","inLanguage":"et","@id":"https:\/\/www.transtoyou.com\/et\/#\/schema\/logo\/image\/","url":"https:\/\/www.transtoyou.com\/et\/wp-content\/uploads\/sites\/7\/2026\/01\/logo-tty-menu-bar-300x87-1.webp","contentUrl":"https:\/\/www.transtoyou.com\/et\/wp-content\/uploads\/sites\/7\/2026\/01\/logo-tty-menu-bar-300x87-1.webp","width":300,"height":87,"caption":"Transtoyou - ET"},"image":{"@id":"https:\/\/www.transtoyou.com\/et\/#\/schema\/logo\/image\/"}}]}},"_links":{"self":[{"href":"https:\/\/www.transtoyou.com\/et\/wp-json\/wp\/v2\/product\/1015","targetHints":{"allow":["GET"]}}],"collection":[{"href":"https:\/\/www.transtoyou.com\/et\/wp-json\/wp\/v2\/product"}],"about":[{"href":"https:\/\/www.transtoyou.com\/et\/wp-json\/wp\/v2\/types\/product"}],"replies":[{"embeddable":true,"href":"https:\/\/www.transtoyou.com\/et\/wp-json\/wp\/v2\/comments?post=1015"}],"wp:featuredmedia":[{"embeddable":true,"href":"https:\/\/www.transtoyou.com\/et\/wp-json\/wp\/v2\/media\/1017"}],"wp:attachment":[{"href":"https:\/\/www.transtoyou.com\/et\/wp-json\/wp\/v2\/media?parent=1015"}],"wp:term":[{"taxonomy":"product_brand","embeddable":true,"href":"https:\/\/www.transtoyou.com\/et\/wp-json\/wp\/v2\/product_brand?post=1015"},{"taxonomy":"product_cat","embeddable":true,"href":"https:\/\/www.transtoyou.com\/et\/wp-json\/wp\/v2\/product_cat?post=1015"},{"taxonomy":"product_tag","embeddable":true,"href":"https:\/\/www.transtoyou.com\/et\/wp-json\/wp\/v2\/product_tag?post=1015"},{"taxonomy":"expert","embeddable":true,"href":"https:\/\/www.transtoyou.com\/et\/wp-json\/wp\/v2\/expert?post=1015"}],"curies":[{"name":"wp","href":"https:\/\/api.w.org\/{rel}","templated":true}]}}