{"id":1020,"date":"2026-01-24T11:56:42","date_gmt":"2026-01-24T09:56:42","guid":{"rendered":"https:\/\/www.transtoyou.com\/et\/product\/metoclopramide\/"},"modified":"2026-02-25T10:02:59","modified_gmt":"2026-02-25T08:02:59","slug":"metoklopramiid","status":"publish","type":"product","link":"https:\/\/www.transtoyou.com\/et\/product\/metoklopramiid\/","title":{"rendered":"Metoklopramiid"},"content":{"rendered":"<p>Metoklopramiid on ravim, mida kasutatakse sageli seedimise s\u00fcmptomite, nagu iiveldus, puhitused ja ebamugavustunne, mis on seotud aeglustunud maosisalduse t\u00fchjenemisega, juhtimiseks. Kuigi see ei ole otsene ravi k\u00f5hulahtisuse jaoks, v\u00f5ib see olla kasulik olukordades, kus k\u00f5hulahtisus on seotud iivelduse v\u00f5i seedetrakti aeglusega. Selle peamine funktsioon on suurendada mao ja soolte liikumist, edendades t\u00f5husamat seedimist ja aidates kehal toitu ja vedelikke t\u00f5husamalt t\u00f6\u00f6delda.<\/p>\n<p>Seedetrakti h\u00e4irete korral aitab Metoklopramiid, stimuleerides \u00fclemise seedetrakti lihaseid. See soodustab mao sisu kiiremat liikumist sooltesse, leevendades s\u00fcmptomeid nagu iiveldus, oksendamine ja t\u00e4isk\u00f5hutunne p\u00e4rast vaid v\u00e4ikeste koguste s\u00f6\u00f6mist. Parandades maomotoorikat, v\u00f5ib Metoklopramiid kaudselt toetada taastumist inimestel, kelle k\u00f5hulahtisus on seotud iivelduse v\u00f5i isu v\u00e4henemisega.<\/p>\n<p>Seda ravimit v\u00f5etakse enne s\u00f6\u00f6ki v\u00f5i enne magamaminekut. See hakkab toimima 30 kuni 60 minuti jooksul ja selle toime v\u00f5ib kesta mitu tundi. See sobib l\u00fchiajaliseks kasutamiseks ja ei ole soovitatav kasutada kauem kui 12 n\u00e4dalat, kuna pikaajalise kasutamise korral on v\u00f5imalikud neuroloogilised k\u00f5rvaltoimed.<\/p>\n<p>Metoklopramiid on \u00fcldiselt h\u00e4sti talutav, kuigi m\u00f5ned kasutajad v\u00f5ivad kogeda v\u00e4simust, rahutust v\u00f5i kergeid peavalusid. Siiski v\u00f5ivad esineda t\u00f5sisemad k\u00f5rvaltoimed, nagu ekstrap\u00fcramidaalsed s\u00fcmptomid (nt tahtmatud lihasliigutused, v\u00e4rinad v\u00f5i d\u00fcstoonia), eriti noorematel t\u00e4iskasvanutel v\u00f5i kui seda kasutatakse suurtes annustes v\u00f5i pikema aja jooksul. Eriti ettevaatlikud peaksid olema patsiendid, kellel on neuroloogilised h\u00e4ired v\u00f5i liikumish\u00e4irete ajalugu.<\/p>\n","protected":false},"excerpt":{"rendered":"<ul>\n<li>Parandab seedetrakti liikuvust kiirema maosisalduse t\u00fchjendamise jaoks<\/li>\n<li>T\u00f5hus leevendus iivelduse ja oksendamise korral<\/li>\n<li>Toetab gastropareesi ja sellega seotud h\u00e4irete ravi<\/li>\n<\/ul>\n","protected":false},"featured_media":1022,"comment_status":"open","ping_status":"closed","template":"","meta":[],"product_brand":[],"product_cat":[124],"product_tag":[],"expert":[21],"class_list":{"0":"post-1020","1":"product","2":"type-product","3":"status-publish","4":"has-post-thumbnail","6":"product_cat-kohulahtisus","7":"expert-dr-m-sharoyko","9":"first","10":"instock","11":"shipping-taxable","12":"product-type-variable"},"yoast_head":"<!-- This site is optimized with the Yoast SEO plugin v27.0 - https:\/\/yoast.com\/product\/yoast-seo-wordpress\/ -->\n<title>Metoklopramiid | Paranda Seedimise Leevendust - Transtoyou<\/title>\n<meta name=\"description\" content=\"Metoklopramiid toetab seedimist, soodustades mao liikumist ning leevendades iiveldust. Saadaval Transtoyou&#039;s, osta n\u00fc\u00fcd!\" \/>\n<meta name=\"robots\" content=\"noindex, follow, max-snippet:-1, max-image-preview:large, max-video-preview:-1\" \/>\n<meta property=\"og:locale\" content=\"et_EE\" \/>\n<meta property=\"og:type\" content=\"article\" \/>\n<meta property=\"og:title\" content=\"Metoklopramiid | Paranda Seedimise Leevendust - Transtoyou\" \/>\n<meta property=\"og:description\" content=\"Metoklopramiid toetab seedimist, soodustades mao liikumist ning leevendades iiveldust. Saadaval Transtoyou&#039;s, osta n\u00fc\u00fcd!\" \/>\n<meta property=\"og:url\" content=\"https:\/\/www.transtoyou.com\/et\/product\/metoclopramide\/\" \/>\n<meta property=\"og:site_name\" content=\"Transtoyou - ET\" \/>\n<meta property=\"article:modified_time\" content=\"2026-02-25T08:02:59+00:00\" \/>\n<meta name=\"twitter:card\" content=\"summary_large_image\" \/>\n<meta name=\"twitter:label1\" content=\"Est. reading time\" \/>\n\t<meta name=\"twitter:data1\" content=\"1 minut\" \/>\n<script type=\"application\/ld+json\" class=\"yoast-schema-graph\">{\"@context\":\"https:\/\/schema.org\",\"@graph\":[{\"@type\":\"WebPage\",\"@id\":\"https:\/\/www.transtoyou.com\/et\/product\/metoclopramide\/\",\"url\":\"https:\/\/www.transtoyou.com\/et\/product\/metoclopramide\/\",\"name\":\"Metoklopramiid | Paranda Seedimise Leevendust - Transtoyou\",\"isPartOf\":{\"@id\":\"https:\/\/www.transtoyou.com\/et\/#website\"},\"primaryImageOfPage\":{\"@id\":\"https:\/\/www.transtoyou.com\/et\/product\/metoclopramide\/#primaryimage\"},\"image\":{\"@id\":\"https:\/\/www.transtoyou.com\/et\/product\/metoclopramide\/#primaryimage\"},\"thumbnailUrl\":\"https:\/\/www.transtoyou.com\/et\/wp-content\/uploads\/sites\/7\/2026\/01\/tty-no-product-image-102.webp\",\"datePublished\":\"2026-01-24T09:56:42+00:00\",\"dateModified\":\"2026-02-25T08:02:59+00:00\",\"description\":\"Metoklopramiid toetab seedimist, soodustades mao liikumist ning leevendades iiveldust. Saadaval Transtoyou's, osta n\u00fc\u00fcd!\",\"breadcrumb\":{\"@id\":\"https:\/\/www.transtoyou.com\/et\/product\/metoclopramide\/#breadcrumb\"},\"inLanguage\":\"et\",\"potentialAction\":[{\"@type\":\"ReadAction\",\"target\":[\"https:\/\/www.transtoyou.com\/et\/product\/metoclopramide\/\"]}]},{\"@type\":\"ImageObject\",\"inLanguage\":\"et\",\"@id\":\"https:\/\/www.transtoyou.com\/et\/product\/metoclopramide\/#primaryimage\",\"url\":\"https:\/\/www.transtoyou.com\/et\/wp-content\/uploads\/sites\/7\/2026\/01\/tty-no-product-image-102.webp\",\"contentUrl\":\"https:\/\/www.transtoyou.com\/et\/wp-content\/uploads\/sites\/7\/2026\/01\/tty-no-product-image-102.webp\",\"width\":1000,\"height\":1000,\"caption\":\"Vaikimisi toote pilt\"},{\"@type\":\"WebSite\",\"@id\":\"https:\/\/www.transtoyou.com\/et\/#website\",\"url\":\"https:\/\/www.transtoyou.com\/et\/\",\"name\":\"Transtoyou - ET\",\"description\":\"\",\"publisher\":{\"@id\":\"https:\/\/www.transtoyou.com\/et\/#organization\"},\"potentialAction\":[{\"@type\":\"SearchAction\",\"target\":{\"@type\":\"EntryPoint\",\"urlTemplate\":\"https:\/\/www.transtoyou.com\/et\/?s={search_term_string}\"},\"query-input\":{\"@type\":\"PropertyValueSpecification\",\"valueRequired\":true,\"valueName\":\"search_term_string\"}}],\"inLanguage\":\"et\"},{\"@type\":\"Organization\",\"@id\":\"https:\/\/www.transtoyou.com\/et\/#organization\",\"name\":\"Transtoyou - ET\",\"url\":\"https:\/\/www.transtoyou.com\/et\/\",\"logo\":{\"@type\":\"ImageObject\",\"inLanguage\":\"et\",\"@id\":\"https:\/\/www.transtoyou.com\/et\/#\/schema\/logo\/image\/\",\"url\":\"https:\/\/www.transtoyou.com\/et\/wp-content\/uploads\/sites\/7\/2026\/01\/logo-tty-menu-bar-300x87-1.webp\",\"contentUrl\":\"https:\/\/www.transtoyou.com\/et\/wp-content\/uploads\/sites\/7\/2026\/01\/logo-tty-menu-bar-300x87-1.webp\",\"width\":300,\"height\":87,\"caption\":\"Transtoyou - ET\"},\"image\":{\"@id\":\"https:\/\/www.transtoyou.com\/et\/#\/schema\/logo\/image\/\"}}]}<\/script>\n<!-- \/ Yoast SEO plugin. -->","yoast_head_json":{"title":"Metoklopramiid | Paranda Seedimise Leevendust - Transtoyou","description":"Metoklopramiid toetab seedimist, soodustades mao liikumist ning leevendades iiveldust. Saadaval Transtoyou's, osta n\u00fc\u00fcd!","robots":{"index":"noindex","follow":"follow","max-snippet":"max-snippet:-1","max-image-preview":"max-image-preview:large","max-video-preview":"max-video-preview:-1"},"og_locale":"et_EE","og_type":"article","og_title":"Metoklopramiid | Paranda Seedimise Leevendust - Transtoyou","og_description":"Metoklopramiid toetab seedimist, soodustades mao liikumist ning leevendades iiveldust. Saadaval Transtoyou's, osta n\u00fc\u00fcd!","og_url":"https:\/\/www.transtoyou.com\/et\/product\/metoclopramide\/","og_site_name":"Transtoyou - ET","article_modified_time":"2026-02-25T08:02:59+00:00","twitter_card":"summary_large_image","twitter_misc":{"Est. reading time":"1 minut"},"schema":{"@context":"https:\/\/schema.org","@graph":[{"@type":"WebPage","@id":"https:\/\/www.transtoyou.com\/et\/product\/metoclopramide\/","url":"https:\/\/www.transtoyou.com\/et\/product\/metoclopramide\/","name":"Metoklopramiid | Paranda Seedimise Leevendust - Transtoyou","isPartOf":{"@id":"https:\/\/www.transtoyou.com\/et\/#website"},"primaryImageOfPage":{"@id":"https:\/\/www.transtoyou.com\/et\/product\/metoclopramide\/#primaryimage"},"image":{"@id":"https:\/\/www.transtoyou.com\/et\/product\/metoclopramide\/#primaryimage"},"thumbnailUrl":"https:\/\/www.transtoyou.com\/et\/wp-content\/uploads\/sites\/7\/2026\/01\/tty-no-product-image-102.webp","datePublished":"2026-01-24T09:56:42+00:00","dateModified":"2026-02-25T08:02:59+00:00","description":"Metoklopramiid toetab seedimist, soodustades mao liikumist ning leevendades iiveldust. Saadaval Transtoyou's, osta n\u00fc\u00fcd!","breadcrumb":{"@id":"https:\/\/www.transtoyou.com\/et\/product\/metoclopramide\/#breadcrumb"},"inLanguage":"et","potentialAction":[{"@type":"ReadAction","target":["https:\/\/www.transtoyou.com\/et\/product\/metoclopramide\/"]}]},{"@type":"ImageObject","inLanguage":"et","@id":"https:\/\/www.transtoyou.com\/et\/product\/metoclopramide\/#primaryimage","url":"https:\/\/www.transtoyou.com\/et\/wp-content\/uploads\/sites\/7\/2026\/01\/tty-no-product-image-102.webp","contentUrl":"https:\/\/www.transtoyou.com\/et\/wp-content\/uploads\/sites\/7\/2026\/01\/tty-no-product-image-102.webp","width":1000,"height":1000,"caption":"Vaikimisi toote pilt"},{"@type":"WebSite","@id":"https:\/\/www.transtoyou.com\/et\/#website","url":"https:\/\/www.transtoyou.com\/et\/","name":"Transtoyou - ET","description":"","publisher":{"@id":"https:\/\/www.transtoyou.com\/et\/#organization"},"potentialAction":[{"@type":"SearchAction","target":{"@type":"EntryPoint","urlTemplate":"https:\/\/www.transtoyou.com\/et\/?s={search_term_string}"},"query-input":{"@type":"PropertyValueSpecification","valueRequired":true,"valueName":"search_term_string"}}],"inLanguage":"et"},{"@type":"Organization","@id":"https:\/\/www.transtoyou.com\/et\/#organization","name":"Transtoyou - ET","url":"https:\/\/www.transtoyou.com\/et\/","logo":{"@type":"ImageObject","inLanguage":"et","@id":"https:\/\/www.transtoyou.com\/et\/#\/schema\/logo\/image\/","url":"https:\/\/www.transtoyou.com\/et\/wp-content\/uploads\/sites\/7\/2026\/01\/logo-tty-menu-bar-300x87-1.webp","contentUrl":"https:\/\/www.transtoyou.com\/et\/wp-content\/uploads\/sites\/7\/2026\/01\/logo-tty-menu-bar-300x87-1.webp","width":300,"height":87,"caption":"Transtoyou - ET"},"image":{"@id":"https:\/\/www.transtoyou.com\/et\/#\/schema\/logo\/image\/"}}]}},"_links":{"self":[{"href":"https:\/\/www.transtoyou.com\/et\/wp-json\/wp\/v2\/product\/1020","targetHints":{"allow":["GET"]}}],"collection":[{"href":"https:\/\/www.transtoyou.com\/et\/wp-json\/wp\/v2\/product"}],"about":[{"href":"https:\/\/www.transtoyou.com\/et\/wp-json\/wp\/v2\/types\/product"}],"replies":[{"embeddable":true,"href":"https:\/\/www.transtoyou.com\/et\/wp-json\/wp\/v2\/comments?post=1020"}],"wp:featuredmedia":[{"embeddable":true,"href":"https:\/\/www.transtoyou.com\/et\/wp-json\/wp\/v2\/media\/1022"}],"wp:attachment":[{"href":"https:\/\/www.transtoyou.com\/et\/wp-json\/wp\/v2\/media?parent=1020"}],"wp:term":[{"taxonomy":"product_brand","embeddable":true,"href":"https:\/\/www.transtoyou.com\/et\/wp-json\/wp\/v2\/product_brand?post=1020"},{"taxonomy":"product_cat","embeddable":true,"href":"https:\/\/www.transtoyou.com\/et\/wp-json\/wp\/v2\/product_cat?post=1020"},{"taxonomy":"product_tag","embeddable":true,"href":"https:\/\/www.transtoyou.com\/et\/wp-json\/wp\/v2\/product_tag?post=1020"},{"taxonomy":"expert","embeddable":true,"href":"https:\/\/www.transtoyou.com\/et\/wp-json\/wp\/v2\/expert?post=1020"}],"curies":[{"name":"wp","href":"https:\/\/api.w.org\/{rel}","templated":true}]}}