{"id":1026,"date":"2026-01-24T12:27:14","date_gmt":"2026-01-24T10:27:14","guid":{"rendered":"https:\/\/www.transtoyou.com\/et\/product\/cerazette\/"},"modified":"2026-01-24T12:28:11","modified_gmt":"2026-01-24T10:28:11","slug":"cerazette","status":"publish","type":"product","link":"https:\/\/www.transtoyou.com\/et\/product\/cerazette\/","title":{"rendered":"Cerazette"},"content":{"rendered":"<p>Cerazette on progesterooni sisaldav suukaudne rasestumisvastane vahend, mida tuntakse ka mini-pillina. See sisaldab desogestreeli, mis takistab rasedust ovulatsiooni inhibeerimise, emakakaela lima paksendamise ja emakasisese limaskesta muutmise kaudu, et v\u00e4hendada implantatsiooni t\u00f5en\u00e4osust. Erinevalt kombineeritud pillidest ei sisalda Cerazette \u00f6strogeeni, mist\u00f5ttu sobib see inimestele, kes on \u00f6strogeeni sisaldava rasestumisvastase vahendi suhtes tundlikud v\u00f5i kellel on \u00f6strogeeni kasutamise vastun\u00e4idustused.<\/p>\n<p>Lisaks rasestumisvastastele toimele kasutatakse Cerazette&#8217;i sageli menstruatsiooni peatamiseks. Paljud kasutajad kogevad Cerazette&#8217;i v\u00f5tmise ajal kergemaid perioode, ebaregulaarsest veritsust v\u00f5i amenorr\u00f6ad (menstruatsiooni puudumine). See v\u00f5ib olla kasulik inimestele, kellel on rasked v\u00f5i valulikud ts\u00fcklid, v\u00f5i neile, kes otsivad pikaajalist ts\u00fckli kontrolli.<\/p>\n<p>Cerazette&#8217;i v\u00f5etakse \u00fcks kord p\u00e4evas samal kellaajal ilma pakendite vaheliste pausideta. Oluline on s\u00e4ilitada j\u00e4rjepidev ajastus, kuna annuse vahelej\u00e4tmine rohkem kui 12 tunni jooksul v\u00f5ib v\u00e4hendada rasestumisvastase efektiivsuse. Rasestumisvastane kaitse algab 48 tundi p\u00e4rast esimese tableti v\u00f5tmist (kui ei v\u00f5eta menstruatsiooni esimese p\u00e4eva jooksul) ja Cerazette on rinnaga toitmise ajal kasutamiseks ohutu.<\/p>\n<p>Cerazette pakub lihtsat, \u00f6strogeenivaba v\u00f5imalust usaldusv\u00e4\u00e4rseks rasestumisvastaseks vahendiks ja menstruatsiooni peatamiseks koos igap\u00e4evase tableti mugavusega.<\/p>\n","protected":false},"excerpt":{"rendered":"<ul>\n<li>Progestogeeni sisaldav igap\u00e4evane rasestumisvastane vahend<\/li>\n<li>Sobib \u00f6strogeeni tundlikele kasutajatele<\/li>\n<li>Aitab menstruatsiooni maha suruda<\/li>\n<\/ul>\n","protected":false},"featured_media":1028,"comment_status":"open","ping_status":"closed","template":"","meta":[],"product_brand":[],"product_cat":[165,169],"product_tag":[],"expert":[21],"class_list":{"0":"post-1026","1":"product","2":"type-product","3":"status-publish","4":"has-post-thumbnail","6":"product_cat-menstruaalne-supressioon","7":"product_cat-mini-tablett","8":"expert-dr-m-sharoyko","10":"first","11":"instock","12":"shipping-taxable","13":"product-type-variable"},"yoast_head":"<!-- This site is optimized with the Yoast SEO plugin v27.0 - https:\/\/yoast.com\/product\/yoast-seo-wordpress\/ -->\n<title>Cerazette | T\u00f5hus rasestumisvastane lahendus - Transtoyou<\/title>\n<meta name=\"description\" content=\"Avasta Cerazette, saadaval Transtoyou&#039;s. Kasuta usaldusv\u00e4\u00e4rset rasestumisvastast kaitset. Osta n\u00fc\u00fcd mugava juurdep\u00e4\u00e4su jaoks usaldusv\u00e4\u00e4rsetele tervishoiulahendustele.\" \/>\n<meta name=\"robots\" content=\"noindex, follow, max-snippet:-1, max-image-preview:large, max-video-preview:-1\" \/>\n<meta property=\"og:locale\" content=\"et_EE\" \/>\n<meta property=\"og:type\" content=\"article\" \/>\n<meta property=\"og:title\" content=\"Cerazette | T\u00f5hus rasestumisvastane lahendus - Transtoyou\" \/>\n<meta property=\"og:description\" content=\"Avasta Cerazette, saadaval Transtoyou&#039;s. Kasuta usaldusv\u00e4\u00e4rset rasestumisvastast kaitset. Osta n\u00fc\u00fcd mugava juurdep\u00e4\u00e4su jaoks usaldusv\u00e4\u00e4rsetele tervishoiulahendustele.\" \/>\n<meta property=\"og:url\" content=\"https:\/\/www.transtoyou.com\/et\/product\/cerazette\/\" \/>\n<meta property=\"og:site_name\" content=\"Transtoyou - ET\" \/>\n<meta property=\"article:modified_time\" content=\"2026-01-24T10:28:11+00:00\" \/>\n<meta name=\"twitter:card\" content=\"summary_large_image\" \/>\n<meta name=\"twitter:label1\" content=\"Est. reading time\" \/>\n\t<meta name=\"twitter:data1\" content=\"1 minut\" \/>\n<script type=\"application\/ld+json\" class=\"yoast-schema-graph\">{\"@context\":\"https:\/\/schema.org\",\"@graph\":[{\"@type\":\"WebPage\",\"@id\":\"https:\/\/www.transtoyou.com\/et\/product\/cerazette\/\",\"url\":\"https:\/\/www.transtoyou.com\/et\/product\/cerazette\/\",\"name\":\"Cerazette | T\u00f5hus rasestumisvastane lahendus - Transtoyou\",\"isPartOf\":{\"@id\":\"https:\/\/www.transtoyou.com\/et\/#website\"},\"primaryImageOfPage\":{\"@id\":\"https:\/\/www.transtoyou.com\/et\/product\/cerazette\/#primaryimage\"},\"image\":{\"@id\":\"https:\/\/www.transtoyou.com\/et\/product\/cerazette\/#primaryimage\"},\"thumbnailUrl\":\"https:\/\/www.transtoyou.com\/et\/wp-content\/uploads\/sites\/7\/2026\/01\/tty-no-product-image-104.webp\",\"datePublished\":\"2026-01-24T10:27:14+00:00\",\"dateModified\":\"2026-01-24T10:28:11+00:00\",\"description\":\"Avasta Cerazette, saadaval Transtoyou's. Kasuta usaldusv\u00e4\u00e4rset rasestumisvastast kaitset. Osta n\u00fc\u00fcd mugava juurdep\u00e4\u00e4su jaoks usaldusv\u00e4\u00e4rsetele tervishoiulahendustele.\",\"breadcrumb\":{\"@id\":\"https:\/\/www.transtoyou.com\/et\/product\/cerazette\/#breadcrumb\"},\"inLanguage\":\"et\",\"potentialAction\":[{\"@type\":\"ReadAction\",\"target\":[\"https:\/\/www.transtoyou.com\/et\/product\/cerazette\/\"]}]},{\"@type\":\"ImageObject\",\"inLanguage\":\"et\",\"@id\":\"https:\/\/www.transtoyou.com\/et\/product\/cerazette\/#primaryimage\",\"url\":\"https:\/\/www.transtoyou.com\/et\/wp-content\/uploads\/sites\/7\/2026\/01\/tty-no-product-image-104.webp\",\"contentUrl\":\"https:\/\/www.transtoyou.com\/et\/wp-content\/uploads\/sites\/7\/2026\/01\/tty-no-product-image-104.webp\",\"width\":1000,\"height\":1000,\"caption\":\"Vaikimisi toote pilt\"},{\"@type\":\"WebSite\",\"@id\":\"https:\/\/www.transtoyou.com\/et\/#website\",\"url\":\"https:\/\/www.transtoyou.com\/et\/\",\"name\":\"Transtoyou - ET\",\"description\":\"\",\"publisher\":{\"@id\":\"https:\/\/www.transtoyou.com\/et\/#organization\"},\"potentialAction\":[{\"@type\":\"SearchAction\",\"target\":{\"@type\":\"EntryPoint\",\"urlTemplate\":\"https:\/\/www.transtoyou.com\/et\/?s={search_term_string}\"},\"query-input\":{\"@type\":\"PropertyValueSpecification\",\"valueRequired\":true,\"valueName\":\"search_term_string\"}}],\"inLanguage\":\"et\"},{\"@type\":\"Organization\",\"@id\":\"https:\/\/www.transtoyou.com\/et\/#organization\",\"name\":\"Transtoyou - ET\",\"url\":\"https:\/\/www.transtoyou.com\/et\/\",\"logo\":{\"@type\":\"ImageObject\",\"inLanguage\":\"et\",\"@id\":\"https:\/\/www.transtoyou.com\/et\/#\/schema\/logo\/image\/\",\"url\":\"https:\/\/www.transtoyou.com\/et\/wp-content\/uploads\/sites\/7\/2026\/01\/logo-tty-menu-bar-300x87-1.webp\",\"contentUrl\":\"https:\/\/www.transtoyou.com\/et\/wp-content\/uploads\/sites\/7\/2026\/01\/logo-tty-menu-bar-300x87-1.webp\",\"width\":300,\"height\":87,\"caption\":\"Transtoyou - ET\"},\"image\":{\"@id\":\"https:\/\/www.transtoyou.com\/et\/#\/schema\/logo\/image\/\"}}]}<\/script>\n<!-- \/ Yoast SEO plugin. -->","yoast_head_json":{"title":"Cerazette | T\u00f5hus rasestumisvastane lahendus - Transtoyou","description":"Avasta Cerazette, saadaval Transtoyou's. Kasuta usaldusv\u00e4\u00e4rset rasestumisvastast kaitset. Osta n\u00fc\u00fcd mugava juurdep\u00e4\u00e4su jaoks usaldusv\u00e4\u00e4rsetele tervishoiulahendustele.","robots":{"index":"noindex","follow":"follow","max-snippet":"max-snippet:-1","max-image-preview":"max-image-preview:large","max-video-preview":"max-video-preview:-1"},"og_locale":"et_EE","og_type":"article","og_title":"Cerazette | T\u00f5hus rasestumisvastane lahendus - Transtoyou","og_description":"Avasta Cerazette, saadaval Transtoyou's. Kasuta usaldusv\u00e4\u00e4rset rasestumisvastast kaitset. Osta n\u00fc\u00fcd mugava juurdep\u00e4\u00e4su jaoks usaldusv\u00e4\u00e4rsetele tervishoiulahendustele.","og_url":"https:\/\/www.transtoyou.com\/et\/product\/cerazette\/","og_site_name":"Transtoyou - ET","article_modified_time":"2026-01-24T10:28:11+00:00","twitter_card":"summary_large_image","twitter_misc":{"Est. reading time":"1 minut"},"schema":{"@context":"https:\/\/schema.org","@graph":[{"@type":"WebPage","@id":"https:\/\/www.transtoyou.com\/et\/product\/cerazette\/","url":"https:\/\/www.transtoyou.com\/et\/product\/cerazette\/","name":"Cerazette | T\u00f5hus rasestumisvastane lahendus - Transtoyou","isPartOf":{"@id":"https:\/\/www.transtoyou.com\/et\/#website"},"primaryImageOfPage":{"@id":"https:\/\/www.transtoyou.com\/et\/product\/cerazette\/#primaryimage"},"image":{"@id":"https:\/\/www.transtoyou.com\/et\/product\/cerazette\/#primaryimage"},"thumbnailUrl":"https:\/\/www.transtoyou.com\/et\/wp-content\/uploads\/sites\/7\/2026\/01\/tty-no-product-image-104.webp","datePublished":"2026-01-24T10:27:14+00:00","dateModified":"2026-01-24T10:28:11+00:00","description":"Avasta Cerazette, saadaval Transtoyou's. Kasuta usaldusv\u00e4\u00e4rset rasestumisvastast kaitset. Osta n\u00fc\u00fcd mugava juurdep\u00e4\u00e4su jaoks usaldusv\u00e4\u00e4rsetele tervishoiulahendustele.","breadcrumb":{"@id":"https:\/\/www.transtoyou.com\/et\/product\/cerazette\/#breadcrumb"},"inLanguage":"et","potentialAction":[{"@type":"ReadAction","target":["https:\/\/www.transtoyou.com\/et\/product\/cerazette\/"]}]},{"@type":"ImageObject","inLanguage":"et","@id":"https:\/\/www.transtoyou.com\/et\/product\/cerazette\/#primaryimage","url":"https:\/\/www.transtoyou.com\/et\/wp-content\/uploads\/sites\/7\/2026\/01\/tty-no-product-image-104.webp","contentUrl":"https:\/\/www.transtoyou.com\/et\/wp-content\/uploads\/sites\/7\/2026\/01\/tty-no-product-image-104.webp","width":1000,"height":1000,"caption":"Vaikimisi toote pilt"},{"@type":"WebSite","@id":"https:\/\/www.transtoyou.com\/et\/#website","url":"https:\/\/www.transtoyou.com\/et\/","name":"Transtoyou - ET","description":"","publisher":{"@id":"https:\/\/www.transtoyou.com\/et\/#organization"},"potentialAction":[{"@type":"SearchAction","target":{"@type":"EntryPoint","urlTemplate":"https:\/\/www.transtoyou.com\/et\/?s={search_term_string}"},"query-input":{"@type":"PropertyValueSpecification","valueRequired":true,"valueName":"search_term_string"}}],"inLanguage":"et"},{"@type":"Organization","@id":"https:\/\/www.transtoyou.com\/et\/#organization","name":"Transtoyou - ET","url":"https:\/\/www.transtoyou.com\/et\/","logo":{"@type":"ImageObject","inLanguage":"et","@id":"https:\/\/www.transtoyou.com\/et\/#\/schema\/logo\/image\/","url":"https:\/\/www.transtoyou.com\/et\/wp-content\/uploads\/sites\/7\/2026\/01\/logo-tty-menu-bar-300x87-1.webp","contentUrl":"https:\/\/www.transtoyou.com\/et\/wp-content\/uploads\/sites\/7\/2026\/01\/logo-tty-menu-bar-300x87-1.webp","width":300,"height":87,"caption":"Transtoyou - ET"},"image":{"@id":"https:\/\/www.transtoyou.com\/et\/#\/schema\/logo\/image\/"}}]}},"_links":{"self":[{"href":"https:\/\/www.transtoyou.com\/et\/wp-json\/wp\/v2\/product\/1026","targetHints":{"allow":["GET"]}}],"collection":[{"href":"https:\/\/www.transtoyou.com\/et\/wp-json\/wp\/v2\/product"}],"about":[{"href":"https:\/\/www.transtoyou.com\/et\/wp-json\/wp\/v2\/types\/product"}],"replies":[{"embeddable":true,"href":"https:\/\/www.transtoyou.com\/et\/wp-json\/wp\/v2\/comments?post=1026"}],"wp:featuredmedia":[{"embeddable":true,"href":"https:\/\/www.transtoyou.com\/et\/wp-json\/wp\/v2\/media\/1028"}],"wp:attachment":[{"href":"https:\/\/www.transtoyou.com\/et\/wp-json\/wp\/v2\/media?parent=1026"}],"wp:term":[{"taxonomy":"product_brand","embeddable":true,"href":"https:\/\/www.transtoyou.com\/et\/wp-json\/wp\/v2\/product_brand?post=1026"},{"taxonomy":"product_cat","embeddable":true,"href":"https:\/\/www.transtoyou.com\/et\/wp-json\/wp\/v2\/product_cat?post=1026"},{"taxonomy":"product_tag","embeddable":true,"href":"https:\/\/www.transtoyou.com\/et\/wp-json\/wp\/v2\/product_tag?post=1026"},{"taxonomy":"expert","embeddable":true,"href":"https:\/\/www.transtoyou.com\/et\/wp-json\/wp\/v2\/expert?post=1026"}],"curies":[{"name":"wp","href":"https:\/\/api.w.org\/{rel}","templated":true}]}}