{"id":1032,"date":"2026-01-24T19:30:42","date_gmt":"2026-01-24T17:30:42","guid":{"rendered":"https:\/\/www.transtoyou.com\/et\/product\/evista\/"},"modified":"2026-01-24T19:31:51","modified_gmt":"2026-01-24T17:31:51","slug":"evista","status":"publish","type":"product","link":"https:\/\/www.transtoyou.com\/et\/product\/evista\/","title":{"rendered":"Evista"},"content":{"rendered":"<p>Evista on ravim, mida kasutatakse osteoporoosi ennetamiseks ja ravimiseks postmenopausis naistel. See sisaldab raloksifeeni, mis kuulub ravimite klassi, mida tuntakse kui selektiivsed \u00f6strogeeni retseptori modulaatorid (SERM-id). Erinevalt \u00f6strogeenist imiteerib Evista selle kaitsvat toimet luudele, stimuleerimata samas rinna- v\u00f5i emaka kude. See teeb sellest v\u00e4\u00e4rtusliku raviv\u00f5imaluse naistele, kes vajavad luude tuge, kuid ei vaja t\u00e4ielikku hormoonasendusravi.<\/p>\n<p>Osteoporoos p\u00f5hjustab luude h\u00f5renemist, n\u00f5rgenemist ja suurenenud murdude riski. Evista aitab v\u00e4hendada selgroo murdude riski, aeglustades luude lagunemist ja aidates kehal s\u00e4ilitada v\u00f5i taastada luutihedust. Kuigi seda ei kasutata menopausi s\u00fcmptomite, nagu kuumahood, ravimiseks, pakub see pikaajalist tuge naiste skeletitervisele, kes ei tooda enam looduslikku \u00f6strogeeni.<\/p>\n<p>V\u00f5etuna igap\u00e4evase tableti kujul, on Evista sageli osa laiemast luude tervise plaanist, mis h\u00f5lmab piisavat kaltsiumi ja D-vitamiini tarbimist. Selle kord p\u00e4evas manustamine ja mittehormonaalne toime muudavad selle mugavaks ja h\u00e4sti talutavaks valikuks pikaajaliseks kasutamiseks. Kuigi m\u00f5ned naised kogevad kergeid k\u00f5rvaltoimeid, nagu jalakrambid v\u00f5i kuumahood, leiavad enamik, et ravi on hallatav ja efektiivne murdude riski v\u00e4hendamiseks.<\/p>\n<p>Evista ei ole m\u00f5eldud meestele ega premenopausis naistele. Samuti ei sobi see isikutele, kellel on anamneesis vereh\u00fc\u00fcbed v\u00f5i teatud s\u00fcdame-veresoonkonna haigused. Regulaarse kasutamise korral aitab Evista s\u00e4ilitada tugevamaid luid ja toetab aktiivset eluviisi ka hilisemates aastates.<\/p>\n","protected":false},"excerpt":{"rendered":"<ul>\n<li>Mittahormonaalne osteoporoosi ennetamine<\/li>\n<li>Kaitseb selgroogu murdude eest<\/li>\n<li>V\u00f5etakse \u00fcks kord p\u00e4evas<\/li>\n<\/ul>\n","protected":false},"featured_media":1034,"comment_status":"open","ping_status":"closed","template":"","meta":[],"product_brand":[],"product_cat":[171],"product_tag":[],"expert":[18],"class_list":{"0":"post-1032","1":"product","2":"type-product","3":"status-publish","4":"has-post-thumbnail","6":"product_cat-osteoporoos","7":"expert-dr-g-varbanov","9":"first","10":"instock","11":"shipping-taxable","12":"product-type-variable"},"yoast_head":"<!-- This site is optimized with the Yoast SEO plugin v27.0 - https:\/\/yoast.com\/product\/yoast-seo-wordpress\/ -->\n<title>Evista | Luude Tervise Tugi - Transtoyou<\/title>\n<meta name=\"description\" content=\"Avasta Evista Transtoyou&#039;s, sinu usaldusv\u00e4\u00e4rne allikas kvaliteetsete tervisetoodete jaoks. Osta n\u00fc\u00fcd t\u00f5husaks osteoporoosi juhtimiseks ja toetamiseks.\" \/>\n<meta name=\"robots\" content=\"noindex, follow, max-snippet:-1, max-image-preview:large, max-video-preview:-1\" \/>\n<meta property=\"og:locale\" content=\"et_EE\" \/>\n<meta property=\"og:type\" content=\"article\" \/>\n<meta property=\"og:title\" content=\"Evista | Luude Tervise Tugi - Transtoyou\" \/>\n<meta property=\"og:description\" content=\"Avasta Evista Transtoyou&#039;s, sinu usaldusv\u00e4\u00e4rne allikas kvaliteetsete tervisetoodete jaoks. Osta n\u00fc\u00fcd t\u00f5husaks osteoporoosi juhtimiseks ja toetamiseks.\" \/>\n<meta property=\"og:url\" content=\"https:\/\/www.transtoyou.com\/et\/product\/evista\/\" \/>\n<meta property=\"og:site_name\" content=\"Transtoyou - ET\" \/>\n<meta property=\"article:modified_time\" content=\"2026-01-24T17:31:51+00:00\" \/>\n<meta name=\"twitter:card\" content=\"summary_large_image\" \/>\n<meta name=\"twitter:label1\" content=\"Est. reading time\" \/>\n\t<meta name=\"twitter:data1\" content=\"1 minut\" \/>\n<script type=\"application\/ld+json\" class=\"yoast-schema-graph\">{\"@context\":\"https:\/\/schema.org\",\"@graph\":[{\"@type\":\"WebPage\",\"@id\":\"https:\/\/www.transtoyou.com\/et\/product\/evista\/\",\"url\":\"https:\/\/www.transtoyou.com\/et\/product\/evista\/\",\"name\":\"Evista | Luude Tervise Tugi - Transtoyou\",\"isPartOf\":{\"@id\":\"https:\/\/www.transtoyou.com\/et\/#website\"},\"primaryImageOfPage\":{\"@id\":\"https:\/\/www.transtoyou.com\/et\/product\/evista\/#primaryimage\"},\"image\":{\"@id\":\"https:\/\/www.transtoyou.com\/et\/product\/evista\/#primaryimage\"},\"thumbnailUrl\":\"https:\/\/www.transtoyou.com\/et\/wp-content\/uploads\/sites\/7\/2026\/01\/tty-no-product-image-106.webp\",\"datePublished\":\"2026-01-24T17:30:42+00:00\",\"dateModified\":\"2026-01-24T17:31:51+00:00\",\"description\":\"Avasta Evista Transtoyou's, sinu usaldusv\u00e4\u00e4rne allikas kvaliteetsete tervisetoodete jaoks. Osta n\u00fc\u00fcd t\u00f5husaks osteoporoosi juhtimiseks ja toetamiseks.\",\"breadcrumb\":{\"@id\":\"https:\/\/www.transtoyou.com\/et\/product\/evista\/#breadcrumb\"},\"inLanguage\":\"et\",\"potentialAction\":[{\"@type\":\"ReadAction\",\"target\":[\"https:\/\/www.transtoyou.com\/et\/product\/evista\/\"]}]},{\"@type\":\"ImageObject\",\"inLanguage\":\"et\",\"@id\":\"https:\/\/www.transtoyou.com\/et\/product\/evista\/#primaryimage\",\"url\":\"https:\/\/www.transtoyou.com\/et\/wp-content\/uploads\/sites\/7\/2026\/01\/tty-no-product-image-106.webp\",\"contentUrl\":\"https:\/\/www.transtoyou.com\/et\/wp-content\/uploads\/sites\/7\/2026\/01\/tty-no-product-image-106.webp\",\"width\":1000,\"height\":1000,\"caption\":\"Vaikimisi toote pilt\"},{\"@type\":\"WebSite\",\"@id\":\"https:\/\/www.transtoyou.com\/et\/#website\",\"url\":\"https:\/\/www.transtoyou.com\/et\/\",\"name\":\"Transtoyou - ET\",\"description\":\"\",\"publisher\":{\"@id\":\"https:\/\/www.transtoyou.com\/et\/#organization\"},\"potentialAction\":[{\"@type\":\"SearchAction\",\"target\":{\"@type\":\"EntryPoint\",\"urlTemplate\":\"https:\/\/www.transtoyou.com\/et\/?s={search_term_string}\"},\"query-input\":{\"@type\":\"PropertyValueSpecification\",\"valueRequired\":true,\"valueName\":\"search_term_string\"}}],\"inLanguage\":\"et\"},{\"@type\":\"Organization\",\"@id\":\"https:\/\/www.transtoyou.com\/et\/#organization\",\"name\":\"Transtoyou - ET\",\"url\":\"https:\/\/www.transtoyou.com\/et\/\",\"logo\":{\"@type\":\"ImageObject\",\"inLanguage\":\"et\",\"@id\":\"https:\/\/www.transtoyou.com\/et\/#\/schema\/logo\/image\/\",\"url\":\"https:\/\/www.transtoyou.com\/et\/wp-content\/uploads\/sites\/7\/2026\/01\/logo-tty-menu-bar-300x87-1.webp\",\"contentUrl\":\"https:\/\/www.transtoyou.com\/et\/wp-content\/uploads\/sites\/7\/2026\/01\/logo-tty-menu-bar-300x87-1.webp\",\"width\":300,\"height\":87,\"caption\":\"Transtoyou - ET\"},\"image\":{\"@id\":\"https:\/\/www.transtoyou.com\/et\/#\/schema\/logo\/image\/\"}}]}<\/script>\n<!-- \/ Yoast SEO plugin. -->","yoast_head_json":{"title":"Evista | Luude Tervise Tugi - Transtoyou","description":"Avasta Evista Transtoyou's, sinu usaldusv\u00e4\u00e4rne allikas kvaliteetsete tervisetoodete jaoks. Osta n\u00fc\u00fcd t\u00f5husaks osteoporoosi juhtimiseks ja toetamiseks.","robots":{"index":"noindex","follow":"follow","max-snippet":"max-snippet:-1","max-image-preview":"max-image-preview:large","max-video-preview":"max-video-preview:-1"},"og_locale":"et_EE","og_type":"article","og_title":"Evista | Luude Tervise Tugi - Transtoyou","og_description":"Avasta Evista Transtoyou's, sinu usaldusv\u00e4\u00e4rne allikas kvaliteetsete tervisetoodete jaoks. Osta n\u00fc\u00fcd t\u00f5husaks osteoporoosi juhtimiseks ja toetamiseks.","og_url":"https:\/\/www.transtoyou.com\/et\/product\/evista\/","og_site_name":"Transtoyou - ET","article_modified_time":"2026-01-24T17:31:51+00:00","twitter_card":"summary_large_image","twitter_misc":{"Est. reading time":"1 minut"},"schema":{"@context":"https:\/\/schema.org","@graph":[{"@type":"WebPage","@id":"https:\/\/www.transtoyou.com\/et\/product\/evista\/","url":"https:\/\/www.transtoyou.com\/et\/product\/evista\/","name":"Evista | Luude Tervise Tugi - Transtoyou","isPartOf":{"@id":"https:\/\/www.transtoyou.com\/et\/#website"},"primaryImageOfPage":{"@id":"https:\/\/www.transtoyou.com\/et\/product\/evista\/#primaryimage"},"image":{"@id":"https:\/\/www.transtoyou.com\/et\/product\/evista\/#primaryimage"},"thumbnailUrl":"https:\/\/www.transtoyou.com\/et\/wp-content\/uploads\/sites\/7\/2026\/01\/tty-no-product-image-106.webp","datePublished":"2026-01-24T17:30:42+00:00","dateModified":"2026-01-24T17:31:51+00:00","description":"Avasta Evista Transtoyou's, sinu usaldusv\u00e4\u00e4rne allikas kvaliteetsete tervisetoodete jaoks. Osta n\u00fc\u00fcd t\u00f5husaks osteoporoosi juhtimiseks ja toetamiseks.","breadcrumb":{"@id":"https:\/\/www.transtoyou.com\/et\/product\/evista\/#breadcrumb"},"inLanguage":"et","potentialAction":[{"@type":"ReadAction","target":["https:\/\/www.transtoyou.com\/et\/product\/evista\/"]}]},{"@type":"ImageObject","inLanguage":"et","@id":"https:\/\/www.transtoyou.com\/et\/product\/evista\/#primaryimage","url":"https:\/\/www.transtoyou.com\/et\/wp-content\/uploads\/sites\/7\/2026\/01\/tty-no-product-image-106.webp","contentUrl":"https:\/\/www.transtoyou.com\/et\/wp-content\/uploads\/sites\/7\/2026\/01\/tty-no-product-image-106.webp","width":1000,"height":1000,"caption":"Vaikimisi toote pilt"},{"@type":"WebSite","@id":"https:\/\/www.transtoyou.com\/et\/#website","url":"https:\/\/www.transtoyou.com\/et\/","name":"Transtoyou - ET","description":"","publisher":{"@id":"https:\/\/www.transtoyou.com\/et\/#organization"},"potentialAction":[{"@type":"SearchAction","target":{"@type":"EntryPoint","urlTemplate":"https:\/\/www.transtoyou.com\/et\/?s={search_term_string}"},"query-input":{"@type":"PropertyValueSpecification","valueRequired":true,"valueName":"search_term_string"}}],"inLanguage":"et"},{"@type":"Organization","@id":"https:\/\/www.transtoyou.com\/et\/#organization","name":"Transtoyou - ET","url":"https:\/\/www.transtoyou.com\/et\/","logo":{"@type":"ImageObject","inLanguage":"et","@id":"https:\/\/www.transtoyou.com\/et\/#\/schema\/logo\/image\/","url":"https:\/\/www.transtoyou.com\/et\/wp-content\/uploads\/sites\/7\/2026\/01\/logo-tty-menu-bar-300x87-1.webp","contentUrl":"https:\/\/www.transtoyou.com\/et\/wp-content\/uploads\/sites\/7\/2026\/01\/logo-tty-menu-bar-300x87-1.webp","width":300,"height":87,"caption":"Transtoyou - ET"},"image":{"@id":"https:\/\/www.transtoyou.com\/et\/#\/schema\/logo\/image\/"}}]}},"_links":{"self":[{"href":"https:\/\/www.transtoyou.com\/et\/wp-json\/wp\/v2\/product\/1032","targetHints":{"allow":["GET"]}}],"collection":[{"href":"https:\/\/www.transtoyou.com\/et\/wp-json\/wp\/v2\/product"}],"about":[{"href":"https:\/\/www.transtoyou.com\/et\/wp-json\/wp\/v2\/types\/product"}],"replies":[{"embeddable":true,"href":"https:\/\/www.transtoyou.com\/et\/wp-json\/wp\/v2\/comments?post=1032"}],"wp:featuredmedia":[{"embeddable":true,"href":"https:\/\/www.transtoyou.com\/et\/wp-json\/wp\/v2\/media\/1034"}],"wp:attachment":[{"href":"https:\/\/www.transtoyou.com\/et\/wp-json\/wp\/v2\/media?parent=1032"}],"wp:term":[{"taxonomy":"product_brand","embeddable":true,"href":"https:\/\/www.transtoyou.com\/et\/wp-json\/wp\/v2\/product_brand?post=1032"},{"taxonomy":"product_cat","embeddable":true,"href":"https:\/\/www.transtoyou.com\/et\/wp-json\/wp\/v2\/product_cat?post=1032"},{"taxonomy":"product_tag","embeddable":true,"href":"https:\/\/www.transtoyou.com\/et\/wp-json\/wp\/v2\/product_tag?post=1032"},{"taxonomy":"expert","embeddable":true,"href":"https:\/\/www.transtoyou.com\/et\/wp-json\/wp\/v2\/expert?post=1032"}],"curies":[{"name":"wp","href":"https:\/\/api.w.org\/{rel}","templated":true}]}}