{"id":1035,"date":"2026-01-24T19:48:11","date_gmt":"2026-01-24T17:48:11","guid":{"rendered":"https:\/\/www.transtoyou.com\/et\/product\/proscar\/"},"modified":"2026-03-02T13:26:06","modified_gmt":"2026-03-02T11:26:06","slug":"proscar","status":"publish","type":"product","link":"https:\/\/www.transtoyou.com\/et\/product\/proscar\/","title":{"rendered":"Proscar"},"content":{"rendered":"<p>Proscar on retseptiravim, mida kasutatakse healoomulise eesn\u00e4\u00e4rme h\u00fcperplaasia raviks, mida tuntakse ka kui suurenenud eesn\u00e4\u00e4re. See sisaldab finasteriidi, 5-alfa-reduktaasi inhibiitori, mis toimib, v\u00e4hendades dih\u00fcdrotestosterooni taset, hormooni, mis p\u00f5hjustab eesn\u00e4\u00e4rme suurenemist. Hormoonitaseme langetamisega aitab Proscar eesn\u00e4\u00e4rme v\u00e4hendada, parandada uriini voolu ja leevendada sellega seotud s\u00fcmptomeid.<\/p>\n<p>Suurenenud eesn\u00e4\u00e4re v\u00f5ib p\u00f5hjustada sage urineerimist, n\u00f5rka uriinivoolu, raskusi urineerimise alustamise v\u00f5i l\u00f5petamisega ning katkestatud und \u00f6ise urineerimise t\u00f5ttu. Proscar lahendab need probleemid, v\u00e4hendades j\u00e4rk-j\u00e4rgult eesn\u00e4\u00e4rme suurust ja leevendades survet kusitis. See protsess v\u00f5tab sageli mitu kuud, kuid v\u00f5ib aja jooksul oluliselt parandada mugavust ja elukvaliteeti.<\/p>\n<p>Proscar v\u00f5etakse \u00fcks kord p\u00e4evas tableti kujul ja seda m\u00e4\u00e4ratakse tavaliselt pikaajaliseks kasutamiseks. Seda v\u00f5ib kasutada \u00fcksi v\u00f5i koos teiste ravimitega, n\u00e4iteks alfa-blokaatoritega meestele, kellel on t\u00f5sisemad s\u00fcmptomid. Kuigi m\u00f5ned kasutajad kogevad kergeid k\u00f5rvaltoimeid, nagu v\u00e4henenud libiido v\u00f5i muutused ejakulatsioonis, on need m\u00f5jud sageli ajutised ja v\u00e4henevad j\u00e4tkuva kasutamisega.<\/p>\n<p>Oluline on m\u00e4rkida, et Proscar alandab eesn\u00e4\u00e4rmespetsiifilise antigeeni (PSA) taset, mida m\u00f5\u00f5detakse eesn\u00e4\u00e4rmev\u00e4hi s\u00f5eluuringu k\u00e4igus. Tervishoiuteenuse osutajad arvestavad seda tulemuste t\u00f5lgendamisel.<\/p>\n","protected":false},"excerpt":{"rendered":"<ul>\n<li>Ravib suurenenud eesn\u00e4\u00e4ret<\/li>\n<li>Parandab uriinivoolu<\/li>\n<li>P\u00e4evane suukaudne tablett<\/li>\n<\/ul>\n","protected":false},"featured_media":1037,"comment_status":"open","ping_status":"closed","template":"","meta":[],"product_brand":[],"product_cat":[175],"product_tag":[],"expert":[18],"class_list":{"0":"post-1035","1":"product","2":"type-product","3":"status-publish","4":"has-post-thumbnail","6":"product_cat-prostata-tervis","7":"expert-dr-g-varbanov","9":"first","10":"instock","11":"shipping-taxable","12":"product-type-variable"},"yoast_head":"<!-- This site is optimized with the Yoast SEO plugin v27.0 - https:\/\/yoast.com\/product\/yoast-seo-wordpress\/ -->\n<title>Proscar | T\u00f5hus leevendus eesn\u00e4\u00e4rme probleemidele - Transtoyou<\/title>\n<meta name=\"description\" content=\"Proscar ravib suurenenud eesn\u00e4\u00e4rme, v\u00e4hendades s\u00fcmptomeid. Paranda oma elukvaliteeti, saadaval n\u00fc\u00fcd Transtoyou.\" \/>\n<meta name=\"robots\" content=\"noindex, follow, max-snippet:-1, max-image-preview:large, max-video-preview:-1\" \/>\n<meta property=\"og:locale\" content=\"et_EE\" \/>\n<meta property=\"og:type\" content=\"article\" \/>\n<meta property=\"og:title\" content=\"Proscar | T\u00f5hus leevendus eesn\u00e4\u00e4rme probleemidele - Transtoyou\" \/>\n<meta property=\"og:description\" content=\"Proscar ravib suurenenud eesn\u00e4\u00e4rme, v\u00e4hendades s\u00fcmptomeid. Paranda oma elukvaliteeti, saadaval n\u00fc\u00fcd Transtoyou.\" \/>\n<meta property=\"og:url\" content=\"https:\/\/www.transtoyou.com\/et\/product\/proscar\/\" \/>\n<meta property=\"og:site_name\" content=\"Transtoyou - ET\" \/>\n<meta property=\"article:modified_time\" content=\"2026-03-02T11:26:06+00:00\" \/>\n<meta name=\"twitter:card\" content=\"summary_large_image\" \/>\n<meta name=\"twitter:label1\" content=\"Est. reading time\" \/>\n\t<meta name=\"twitter:data1\" content=\"1 minut\" \/>\n<script type=\"application\/ld+json\" class=\"yoast-schema-graph\">{\"@context\":\"https:\/\/schema.org\",\"@graph\":[{\"@type\":\"WebPage\",\"@id\":\"https:\/\/www.transtoyou.com\/et\/product\/proscar\/\",\"url\":\"https:\/\/www.transtoyou.com\/et\/product\/proscar\/\",\"name\":\"Proscar | T\u00f5hus leevendus eesn\u00e4\u00e4rme probleemidele - Transtoyou\",\"isPartOf\":{\"@id\":\"https:\/\/www.transtoyou.com\/et\/#website\"},\"primaryImageOfPage\":{\"@id\":\"https:\/\/www.transtoyou.com\/et\/product\/proscar\/#primaryimage\"},\"image\":{\"@id\":\"https:\/\/www.transtoyou.com\/et\/product\/proscar\/#primaryimage\"},\"thumbnailUrl\":\"https:\/\/www.transtoyou.com\/et\/wp-content\/uploads\/sites\/7\/2026\/01\/tty-no-product-image-107.webp\",\"datePublished\":\"2026-01-24T17:48:11+00:00\",\"dateModified\":\"2026-03-02T11:26:06+00:00\",\"description\":\"Proscar ravib suurenenud eesn\u00e4\u00e4rme, v\u00e4hendades s\u00fcmptomeid. Paranda oma elukvaliteeti, saadaval n\u00fc\u00fcd Transtoyou.\",\"breadcrumb\":{\"@id\":\"https:\/\/www.transtoyou.com\/et\/product\/proscar\/#breadcrumb\"},\"inLanguage\":\"et\",\"potentialAction\":[{\"@type\":\"ReadAction\",\"target\":[\"https:\/\/www.transtoyou.com\/et\/product\/proscar\/\"]}]},{\"@type\":\"ImageObject\",\"inLanguage\":\"et\",\"@id\":\"https:\/\/www.transtoyou.com\/et\/product\/proscar\/#primaryimage\",\"url\":\"https:\/\/www.transtoyou.com\/et\/wp-content\/uploads\/sites\/7\/2026\/01\/tty-no-product-image-107.webp\",\"contentUrl\":\"https:\/\/www.transtoyou.com\/et\/wp-content\/uploads\/sites\/7\/2026\/01\/tty-no-product-image-107.webp\",\"width\":1000,\"height\":1000,\"caption\":\"Vaikimisi toote pilt\"},{\"@type\":\"WebSite\",\"@id\":\"https:\/\/www.transtoyou.com\/et\/#website\",\"url\":\"https:\/\/www.transtoyou.com\/et\/\",\"name\":\"Transtoyou - ET\",\"description\":\"\",\"publisher\":{\"@id\":\"https:\/\/www.transtoyou.com\/et\/#organization\"},\"potentialAction\":[{\"@type\":\"SearchAction\",\"target\":{\"@type\":\"EntryPoint\",\"urlTemplate\":\"https:\/\/www.transtoyou.com\/et\/?s={search_term_string}\"},\"query-input\":{\"@type\":\"PropertyValueSpecification\",\"valueRequired\":true,\"valueName\":\"search_term_string\"}}],\"inLanguage\":\"et\"},{\"@type\":\"Organization\",\"@id\":\"https:\/\/www.transtoyou.com\/et\/#organization\",\"name\":\"Transtoyou - ET\",\"url\":\"https:\/\/www.transtoyou.com\/et\/\",\"logo\":{\"@type\":\"ImageObject\",\"inLanguage\":\"et\",\"@id\":\"https:\/\/www.transtoyou.com\/et\/#\/schema\/logo\/image\/\",\"url\":\"https:\/\/www.transtoyou.com\/et\/wp-content\/uploads\/sites\/7\/2026\/01\/logo-tty-menu-bar-300x87-1.webp\",\"contentUrl\":\"https:\/\/www.transtoyou.com\/et\/wp-content\/uploads\/sites\/7\/2026\/01\/logo-tty-menu-bar-300x87-1.webp\",\"width\":300,\"height\":87,\"caption\":\"Transtoyou - ET\"},\"image\":{\"@id\":\"https:\/\/www.transtoyou.com\/et\/#\/schema\/logo\/image\/\"}}]}<\/script>\n<!-- \/ Yoast SEO plugin. -->","yoast_head_json":{"title":"Proscar | T\u00f5hus leevendus eesn\u00e4\u00e4rme probleemidele - Transtoyou","description":"Proscar ravib suurenenud eesn\u00e4\u00e4rme, v\u00e4hendades s\u00fcmptomeid. Paranda oma elukvaliteeti, saadaval n\u00fc\u00fcd Transtoyou.","robots":{"index":"noindex","follow":"follow","max-snippet":"max-snippet:-1","max-image-preview":"max-image-preview:large","max-video-preview":"max-video-preview:-1"},"og_locale":"et_EE","og_type":"article","og_title":"Proscar | T\u00f5hus leevendus eesn\u00e4\u00e4rme probleemidele - Transtoyou","og_description":"Proscar ravib suurenenud eesn\u00e4\u00e4rme, v\u00e4hendades s\u00fcmptomeid. Paranda oma elukvaliteeti, saadaval n\u00fc\u00fcd Transtoyou.","og_url":"https:\/\/www.transtoyou.com\/et\/product\/proscar\/","og_site_name":"Transtoyou - ET","article_modified_time":"2026-03-02T11:26:06+00:00","twitter_card":"summary_large_image","twitter_misc":{"Est. reading time":"1 minut"},"schema":{"@context":"https:\/\/schema.org","@graph":[{"@type":"WebPage","@id":"https:\/\/www.transtoyou.com\/et\/product\/proscar\/","url":"https:\/\/www.transtoyou.com\/et\/product\/proscar\/","name":"Proscar | T\u00f5hus leevendus eesn\u00e4\u00e4rme probleemidele - Transtoyou","isPartOf":{"@id":"https:\/\/www.transtoyou.com\/et\/#website"},"primaryImageOfPage":{"@id":"https:\/\/www.transtoyou.com\/et\/product\/proscar\/#primaryimage"},"image":{"@id":"https:\/\/www.transtoyou.com\/et\/product\/proscar\/#primaryimage"},"thumbnailUrl":"https:\/\/www.transtoyou.com\/et\/wp-content\/uploads\/sites\/7\/2026\/01\/tty-no-product-image-107.webp","datePublished":"2026-01-24T17:48:11+00:00","dateModified":"2026-03-02T11:26:06+00:00","description":"Proscar ravib suurenenud eesn\u00e4\u00e4rme, v\u00e4hendades s\u00fcmptomeid. Paranda oma elukvaliteeti, saadaval n\u00fc\u00fcd Transtoyou.","breadcrumb":{"@id":"https:\/\/www.transtoyou.com\/et\/product\/proscar\/#breadcrumb"},"inLanguage":"et","potentialAction":[{"@type":"ReadAction","target":["https:\/\/www.transtoyou.com\/et\/product\/proscar\/"]}]},{"@type":"ImageObject","inLanguage":"et","@id":"https:\/\/www.transtoyou.com\/et\/product\/proscar\/#primaryimage","url":"https:\/\/www.transtoyou.com\/et\/wp-content\/uploads\/sites\/7\/2026\/01\/tty-no-product-image-107.webp","contentUrl":"https:\/\/www.transtoyou.com\/et\/wp-content\/uploads\/sites\/7\/2026\/01\/tty-no-product-image-107.webp","width":1000,"height":1000,"caption":"Vaikimisi toote pilt"},{"@type":"WebSite","@id":"https:\/\/www.transtoyou.com\/et\/#website","url":"https:\/\/www.transtoyou.com\/et\/","name":"Transtoyou - ET","description":"","publisher":{"@id":"https:\/\/www.transtoyou.com\/et\/#organization"},"potentialAction":[{"@type":"SearchAction","target":{"@type":"EntryPoint","urlTemplate":"https:\/\/www.transtoyou.com\/et\/?s={search_term_string}"},"query-input":{"@type":"PropertyValueSpecification","valueRequired":true,"valueName":"search_term_string"}}],"inLanguage":"et"},{"@type":"Organization","@id":"https:\/\/www.transtoyou.com\/et\/#organization","name":"Transtoyou - ET","url":"https:\/\/www.transtoyou.com\/et\/","logo":{"@type":"ImageObject","inLanguage":"et","@id":"https:\/\/www.transtoyou.com\/et\/#\/schema\/logo\/image\/","url":"https:\/\/www.transtoyou.com\/et\/wp-content\/uploads\/sites\/7\/2026\/01\/logo-tty-menu-bar-300x87-1.webp","contentUrl":"https:\/\/www.transtoyou.com\/et\/wp-content\/uploads\/sites\/7\/2026\/01\/logo-tty-menu-bar-300x87-1.webp","width":300,"height":87,"caption":"Transtoyou - ET"},"image":{"@id":"https:\/\/www.transtoyou.com\/et\/#\/schema\/logo\/image\/"}}]}},"_links":{"self":[{"href":"https:\/\/www.transtoyou.com\/et\/wp-json\/wp\/v2\/product\/1035","targetHints":{"allow":["GET"]}}],"collection":[{"href":"https:\/\/www.transtoyou.com\/et\/wp-json\/wp\/v2\/product"}],"about":[{"href":"https:\/\/www.transtoyou.com\/et\/wp-json\/wp\/v2\/types\/product"}],"replies":[{"embeddable":true,"href":"https:\/\/www.transtoyou.com\/et\/wp-json\/wp\/v2\/comments?post=1035"}],"wp:featuredmedia":[{"embeddable":true,"href":"https:\/\/www.transtoyou.com\/et\/wp-json\/wp\/v2\/media\/1037"}],"wp:attachment":[{"href":"https:\/\/www.transtoyou.com\/et\/wp-json\/wp\/v2\/media?parent=1035"}],"wp:term":[{"taxonomy":"product_brand","embeddable":true,"href":"https:\/\/www.transtoyou.com\/et\/wp-json\/wp\/v2\/product_brand?post=1035"},{"taxonomy":"product_cat","embeddable":true,"href":"https:\/\/www.transtoyou.com\/et\/wp-json\/wp\/v2\/product_cat?post=1035"},{"taxonomy":"product_tag","embeddable":true,"href":"https:\/\/www.transtoyou.com\/et\/wp-json\/wp\/v2\/product_tag?post=1035"},{"taxonomy":"expert","embeddable":true,"href":"https:\/\/www.transtoyou.com\/et\/wp-json\/wp\/v2\/expert?post=1035"}],"curies":[{"name":"wp","href":"https:\/\/api.w.org\/{rel}","templated":true}]}}