{"id":1038,"date":"2026-01-24T20:05:02","date_gmt":"2026-01-24T18:05:02","guid":{"rendered":"https:\/\/www.transtoyou.com\/et\/product\/efracea-oracea\/"},"modified":"2026-01-24T20:06:06","modified_gmt":"2026-01-24T18:06:06","slug":"efracea-oracea","status":"publish","type":"product","link":"https:\/\/www.transtoyou.com\/et\/product\/efracea-oracea\/","title":{"rendered":"Efracea (Oracea)"},"content":{"rendered":"<p>Efracea, tuntud ka oma rahvusvahelise nime Oracea all, on kord p\u00e4evas suukaudne ravi, mida kasutatakse roosaatega seotud p\u00f5letikuliste kahjustuste ja \u00e4genemiste juhtimiseks. See sisaldab doks\u00fcts\u00fckliini madalas, kontrollitud vabastamise annuses. Erinevalt antibiootikumidest, mida kasutatakse nakkuste vastu v\u00f5itlemiseks, on Efracea klassifitseeritud kui mitteantimikroobne p\u00f5letikuvastane ravi, mis t\u00e4hendab, et see sihib naha p\u00f5letikku, ilma et see soodustaks bakteriaalset resistentsust.<\/p>\n<p>Roosaate on krooniline nahahaigus, mis p\u00f5hjustab punetust, n\u00e4htavaid veresooni ja m\u00f5nikord akne sarnaseid t\u00fc\u00fckasid, eriti keskn\u00e4ol. Efracea aitab v\u00e4hendada neid t\u00fc\u00fckasid ja pustuleid, p\u00e4rssides naha p\u00f5letikulist vastust. Aja jooksul v\u00f5ib pidev kasutamine viia selgema naha, v\u00e4hemate \u00e4genemiste ja ebamugavustunde v\u00e4henemiseni.<\/p>\n<p>See madala annusega koostis on spetsiaalselt loodud pikaajaliseks kasutamiseks ja ei toimi nagu t\u00fc\u00fcpiline antibiootikum. See toimib j\u00e4rk-j\u00e4rgult, n\u00e4htav paranemine ilmneb sageli nelja kuni kuue n\u00e4dala jooksul. Kuna see ei tugine oma antibakteriaalsele toimele, on Efracea v\u00e4hem t\u00f5en\u00e4oline, et h\u00e4irib keha looduslikku floora ja ei ole m\u00f5eldud bakteriaalsete nakkuste raviks.<\/p>\n<p>Efracea talutakse \u00fcldiselt h\u00e4sti, kuid m\u00f5ned kasutajad v\u00f5ivad kogeda seedetrakti h\u00e4ireid, p\u00e4ikesetundlikkust v\u00f5i suukuivust. Seda ei tohiks v\u00f5tta koos piima v\u00f5i antatsiididega, kuna need v\u00f5ivad imendumist h\u00e4irida. See ravim ei sobi raseduse ega imetamise ajal.<\/p>\n","protected":false},"excerpt":{"rendered":"<ul>\n<li>\u00dcks kord p\u00e4evas suukaudne ravi<\/li>\n<li>V\u00e4hendab roosa l\u00f6\u00f6be p\u00f5letikku<\/li>\n<li>Madala annuse juures mitteantibakteriaalne toime<\/li>\n<\/ul>\n","protected":false},"featured_media":1040,"comment_status":"open","ping_status":"closed","template":"","meta":[],"product_brand":[],"product_cat":[177],"product_tag":[],"expert":[18],"class_list":{"0":"post-1038","1":"product","2":"type-product","3":"status-publish","4":"has-post-thumbnail","6":"product_cat-roosa-naosugelus","7":"expert-dr-g-varbanov","9":"first","10":"instock","11":"shipping-taxable","12":"product-type-variable"},"yoast_head":"<!-- This site is optimized with the Yoast SEO plugin v27.0 - https:\/\/yoast.com\/product\/yoast-seo-wordpress\/ -->\n<title>Efracea (Oracea) | Selgem Nahk, P\u00f5letikuvastane - Transtoyou<\/title>\n<meta name=\"description\" content=\"Avasta Efracea, suukaudne ravi roosaeaga seotud \u00e4genemiste jaoks. Naudi selgemat nahka selle p\u00f5letikuvastaste eelistega. Saadaval n\u00fc\u00fcd Transtoyou.\" \/>\n<meta name=\"robots\" content=\"noindex, follow, max-snippet:-1, max-image-preview:large, max-video-preview:-1\" \/>\n<meta property=\"og:locale\" content=\"et_EE\" \/>\n<meta property=\"og:type\" content=\"article\" \/>\n<meta property=\"og:title\" content=\"Efracea (Oracea) | Selgem Nahk, P\u00f5letikuvastane - Transtoyou\" \/>\n<meta property=\"og:description\" content=\"Avasta Efracea, suukaudne ravi roosaeaga seotud \u00e4genemiste jaoks. Naudi selgemat nahka selle p\u00f5letikuvastaste eelistega. Saadaval n\u00fc\u00fcd Transtoyou.\" \/>\n<meta property=\"og:url\" content=\"https:\/\/www.transtoyou.com\/et\/product\/efracea-oracea\/\" \/>\n<meta property=\"og:site_name\" content=\"Transtoyou - ET\" \/>\n<meta property=\"article:modified_time\" content=\"2026-01-24T18:06:06+00:00\" \/>\n<meta name=\"twitter:card\" content=\"summary_large_image\" \/>\n<meta name=\"twitter:label1\" content=\"Est. reading time\" \/>\n\t<meta name=\"twitter:data1\" content=\"1 minut\" \/>\n<script type=\"application\/ld+json\" class=\"yoast-schema-graph\">{\"@context\":\"https:\/\/schema.org\",\"@graph\":[{\"@type\":\"WebPage\",\"@id\":\"https:\/\/www.transtoyou.com\/et\/product\/efracea-oracea\/\",\"url\":\"https:\/\/www.transtoyou.com\/et\/product\/efracea-oracea\/\",\"name\":\"Efracea (Oracea) | Selgem Nahk, P\u00f5letikuvastane - Transtoyou\",\"isPartOf\":{\"@id\":\"https:\/\/www.transtoyou.com\/et\/#website\"},\"primaryImageOfPage\":{\"@id\":\"https:\/\/www.transtoyou.com\/et\/product\/efracea-oracea\/#primaryimage\"},\"image\":{\"@id\":\"https:\/\/www.transtoyou.com\/et\/product\/efracea-oracea\/#primaryimage\"},\"thumbnailUrl\":\"https:\/\/www.transtoyou.com\/et\/wp-content\/uploads\/sites\/7\/2026\/01\/tty-no-product-image-108.webp\",\"datePublished\":\"2026-01-24T18:05:02+00:00\",\"dateModified\":\"2026-01-24T18:06:06+00:00\",\"description\":\"Avasta Efracea, suukaudne ravi roosaeaga seotud \u00e4genemiste jaoks. Naudi selgemat nahka selle p\u00f5letikuvastaste eelistega. Saadaval n\u00fc\u00fcd Transtoyou.\",\"breadcrumb\":{\"@id\":\"https:\/\/www.transtoyou.com\/et\/product\/efracea-oracea\/#breadcrumb\"},\"inLanguage\":\"et\",\"potentialAction\":[{\"@type\":\"ReadAction\",\"target\":[\"https:\/\/www.transtoyou.com\/et\/product\/efracea-oracea\/\"]}]},{\"@type\":\"ImageObject\",\"inLanguage\":\"et\",\"@id\":\"https:\/\/www.transtoyou.com\/et\/product\/efracea-oracea\/#primaryimage\",\"url\":\"https:\/\/www.transtoyou.com\/et\/wp-content\/uploads\/sites\/7\/2026\/01\/tty-no-product-image-108.webp\",\"contentUrl\":\"https:\/\/www.transtoyou.com\/et\/wp-content\/uploads\/sites\/7\/2026\/01\/tty-no-product-image-108.webp\",\"width\":1000,\"height\":1000,\"caption\":\"Vaikimisi toote pilt\"},{\"@type\":\"WebSite\",\"@id\":\"https:\/\/www.transtoyou.com\/et\/#website\",\"url\":\"https:\/\/www.transtoyou.com\/et\/\",\"name\":\"Transtoyou - ET\",\"description\":\"\",\"publisher\":{\"@id\":\"https:\/\/www.transtoyou.com\/et\/#organization\"},\"potentialAction\":[{\"@type\":\"SearchAction\",\"target\":{\"@type\":\"EntryPoint\",\"urlTemplate\":\"https:\/\/www.transtoyou.com\/et\/?s={search_term_string}\"},\"query-input\":{\"@type\":\"PropertyValueSpecification\",\"valueRequired\":true,\"valueName\":\"search_term_string\"}}],\"inLanguage\":\"et\"},{\"@type\":\"Organization\",\"@id\":\"https:\/\/www.transtoyou.com\/et\/#organization\",\"name\":\"Transtoyou - ET\",\"url\":\"https:\/\/www.transtoyou.com\/et\/\",\"logo\":{\"@type\":\"ImageObject\",\"inLanguage\":\"et\",\"@id\":\"https:\/\/www.transtoyou.com\/et\/#\/schema\/logo\/image\/\",\"url\":\"https:\/\/www.transtoyou.com\/et\/wp-content\/uploads\/sites\/7\/2026\/01\/logo-tty-menu-bar-300x87-1.webp\",\"contentUrl\":\"https:\/\/www.transtoyou.com\/et\/wp-content\/uploads\/sites\/7\/2026\/01\/logo-tty-menu-bar-300x87-1.webp\",\"width\":300,\"height\":87,\"caption\":\"Transtoyou - ET\"},\"image\":{\"@id\":\"https:\/\/www.transtoyou.com\/et\/#\/schema\/logo\/image\/\"}}]}<\/script>\n<!-- \/ Yoast SEO plugin. -->","yoast_head_json":{"title":"Efracea (Oracea) | Selgem Nahk, P\u00f5letikuvastane - Transtoyou","description":"Avasta Efracea, suukaudne ravi roosaeaga seotud \u00e4genemiste jaoks. Naudi selgemat nahka selle p\u00f5letikuvastaste eelistega. Saadaval n\u00fc\u00fcd Transtoyou.","robots":{"index":"noindex","follow":"follow","max-snippet":"max-snippet:-1","max-image-preview":"max-image-preview:large","max-video-preview":"max-video-preview:-1"},"og_locale":"et_EE","og_type":"article","og_title":"Efracea (Oracea) | Selgem Nahk, P\u00f5letikuvastane - Transtoyou","og_description":"Avasta Efracea, suukaudne ravi roosaeaga seotud \u00e4genemiste jaoks. Naudi selgemat nahka selle p\u00f5letikuvastaste eelistega. Saadaval n\u00fc\u00fcd Transtoyou.","og_url":"https:\/\/www.transtoyou.com\/et\/product\/efracea-oracea\/","og_site_name":"Transtoyou - ET","article_modified_time":"2026-01-24T18:06:06+00:00","twitter_card":"summary_large_image","twitter_misc":{"Est. reading time":"1 minut"},"schema":{"@context":"https:\/\/schema.org","@graph":[{"@type":"WebPage","@id":"https:\/\/www.transtoyou.com\/et\/product\/efracea-oracea\/","url":"https:\/\/www.transtoyou.com\/et\/product\/efracea-oracea\/","name":"Efracea (Oracea) | Selgem Nahk, P\u00f5letikuvastane - Transtoyou","isPartOf":{"@id":"https:\/\/www.transtoyou.com\/et\/#website"},"primaryImageOfPage":{"@id":"https:\/\/www.transtoyou.com\/et\/product\/efracea-oracea\/#primaryimage"},"image":{"@id":"https:\/\/www.transtoyou.com\/et\/product\/efracea-oracea\/#primaryimage"},"thumbnailUrl":"https:\/\/www.transtoyou.com\/et\/wp-content\/uploads\/sites\/7\/2026\/01\/tty-no-product-image-108.webp","datePublished":"2026-01-24T18:05:02+00:00","dateModified":"2026-01-24T18:06:06+00:00","description":"Avasta Efracea, suukaudne ravi roosaeaga seotud \u00e4genemiste jaoks. Naudi selgemat nahka selle p\u00f5letikuvastaste eelistega. Saadaval n\u00fc\u00fcd Transtoyou.","breadcrumb":{"@id":"https:\/\/www.transtoyou.com\/et\/product\/efracea-oracea\/#breadcrumb"},"inLanguage":"et","potentialAction":[{"@type":"ReadAction","target":["https:\/\/www.transtoyou.com\/et\/product\/efracea-oracea\/"]}]},{"@type":"ImageObject","inLanguage":"et","@id":"https:\/\/www.transtoyou.com\/et\/product\/efracea-oracea\/#primaryimage","url":"https:\/\/www.transtoyou.com\/et\/wp-content\/uploads\/sites\/7\/2026\/01\/tty-no-product-image-108.webp","contentUrl":"https:\/\/www.transtoyou.com\/et\/wp-content\/uploads\/sites\/7\/2026\/01\/tty-no-product-image-108.webp","width":1000,"height":1000,"caption":"Vaikimisi toote pilt"},{"@type":"WebSite","@id":"https:\/\/www.transtoyou.com\/et\/#website","url":"https:\/\/www.transtoyou.com\/et\/","name":"Transtoyou - ET","description":"","publisher":{"@id":"https:\/\/www.transtoyou.com\/et\/#organization"},"potentialAction":[{"@type":"SearchAction","target":{"@type":"EntryPoint","urlTemplate":"https:\/\/www.transtoyou.com\/et\/?s={search_term_string}"},"query-input":{"@type":"PropertyValueSpecification","valueRequired":true,"valueName":"search_term_string"}}],"inLanguage":"et"},{"@type":"Organization","@id":"https:\/\/www.transtoyou.com\/et\/#organization","name":"Transtoyou - ET","url":"https:\/\/www.transtoyou.com\/et\/","logo":{"@type":"ImageObject","inLanguage":"et","@id":"https:\/\/www.transtoyou.com\/et\/#\/schema\/logo\/image\/","url":"https:\/\/www.transtoyou.com\/et\/wp-content\/uploads\/sites\/7\/2026\/01\/logo-tty-menu-bar-300x87-1.webp","contentUrl":"https:\/\/www.transtoyou.com\/et\/wp-content\/uploads\/sites\/7\/2026\/01\/logo-tty-menu-bar-300x87-1.webp","width":300,"height":87,"caption":"Transtoyou - ET"},"image":{"@id":"https:\/\/www.transtoyou.com\/et\/#\/schema\/logo\/image\/"}}]}},"_links":{"self":[{"href":"https:\/\/www.transtoyou.com\/et\/wp-json\/wp\/v2\/product\/1038","targetHints":{"allow":["GET"]}}],"collection":[{"href":"https:\/\/www.transtoyou.com\/et\/wp-json\/wp\/v2\/product"}],"about":[{"href":"https:\/\/www.transtoyou.com\/et\/wp-json\/wp\/v2\/types\/product"}],"replies":[{"embeddable":true,"href":"https:\/\/www.transtoyou.com\/et\/wp-json\/wp\/v2\/comments?post=1038"}],"wp:featuredmedia":[{"embeddable":true,"href":"https:\/\/www.transtoyou.com\/et\/wp-json\/wp\/v2\/media\/1040"}],"wp:attachment":[{"href":"https:\/\/www.transtoyou.com\/et\/wp-json\/wp\/v2\/media?parent=1038"}],"wp:term":[{"taxonomy":"product_brand","embeddable":true,"href":"https:\/\/www.transtoyou.com\/et\/wp-json\/wp\/v2\/product_brand?post=1038"},{"taxonomy":"product_cat","embeddable":true,"href":"https:\/\/www.transtoyou.com\/et\/wp-json\/wp\/v2\/product_cat?post=1038"},{"taxonomy":"product_tag","embeddable":true,"href":"https:\/\/www.transtoyou.com\/et\/wp-json\/wp\/v2\/product_tag?post=1038"},{"taxonomy":"expert","embeddable":true,"href":"https:\/\/www.transtoyou.com\/et\/wp-json\/wp\/v2\/expert?post=1038"}],"curies":[{"name":"wp","href":"https:\/\/api.w.org\/{rel}","templated":true}]}}