{"id":1044,"date":"2026-01-24T20:40:08","date_gmt":"2026-01-24T18:40:08","guid":{"rendered":"https:\/\/www.transtoyou.com\/et\/product\/soolantra\/"},"modified":"2026-01-24T20:41:06","modified_gmt":"2026-01-24T18:41:06","slug":"soolantra","status":"publish","type":"product","link":"https:\/\/www.transtoyou.com\/et\/product\/soolantra\/","title":{"rendered":"Soolantra"},"content":{"rendered":"<p>Soolantra on retseptiga v\u00e4ljastatav paikne kreem, mida kasutatakse rosaatsea p\u00f5letikuliste kahjustuste raviks. Selle aktiivne koostisosa, ivermektiin, on tuntud oma p\u00f5letikuvastaste ja parasiidivastaste omaduste poolest. Rosaatsea on krooniline nahahaigus, mis avaldub sageli punetuse, muhke ja n\u00e4ol n\u00e4htavate veresoontega. Soolantra aitab v\u00e4hendada selle seisundiga seotud muhke ja vistrikke.<\/p>\n<p>Kuigi rosaatsea t\u00e4pne p\u00f5hjus ei ole t\u00e4ielikult m\u00f5istetav, on \u00fcks panustav tegur mikroskoopiliste puukide, mida nimetatakse Demodex, olemasolu nahal. Soolantra sihib neid puuke, v\u00e4hendades nende arvu ja rahustades naha p\u00f5letikulist reaktsiooni. Enamik patsiente hakkab n\u00e4gema n\u00e4htavaid parandusi paar n\u00e4dalat p\u00e4rast regulaarset igap\u00e4evast kasutamist.<\/p>\n<p>Soolantra kantakse \u00fcks kord p\u00e4evas puhtale, kuivale nahale. See ei ole rasvane, imendub kiiresti ja on m\u00f5eldud n\u00e4ol kasutamiseks. Erinevalt m\u00f5nest rosaatsea ravist, mis v\u00f5ivad nahka \u00e4rritada, talub Soolantra \u00fcldiselt h\u00e4sti ning aitab aja jooksul parandada naha v\u00e4limust ja mugavust.<\/p>\n<p>Tavaliseks k\u00f5rvaltoimeks on kerge p\u00f5letustunne v\u00f5i kipitus manustamiskohas, kuid need tavaliselt kaovad ravi j\u00e4tkudes. Seda ei ole m\u00f5eldud lastele v\u00f5i raseduse ajal kasutamiseks ilma arsti n\u00f5uandeta. Soolantra pakub mugavat, kord p\u00e4evas lahendust rosaatsea juhtimiseks sihitud mehhanismiga, mis toetab selgemat ja rahulikumat nahka.<\/p>\n","protected":false},"excerpt":{"rendered":"<ul>\n<li>Sihtm\u00e4rgiks roosa l\u00f6\u00f6be p\u00f5letik<\/li>\n<li>Kord p\u00e4evas kasutatav n\u00e4okreem<\/li>\n<li>Sisaldab 1% ivermektiini<\/li>\n<\/ul>\n","protected":false},"featured_media":1046,"comment_status":"open","ping_status":"closed","template":"","meta":[],"product_brand":[],"product_cat":[177],"product_tag":[],"expert":[16],"class_list":{"0":"post-1044","1":"product","2":"type-product","3":"status-publish","4":"has-post-thumbnail","6":"product_cat-roosa-naosugelus","7":"expert-dr-c-alexandru","9":"first","10":"instock","11":"shipping-taxable","12":"product-type-variable"},"yoast_head":"<!-- This site is optimized with the Yoast SEO plugin v27.0 - https:\/\/yoast.com\/product\/yoast-seo-wordpress\/ -->\n<title>Soolantra | Sihtige roosa l\u00f6\u00f6vet Ivermektiniga - Transtoyou<\/title>\n<meta name=\"description\" content=\"Soolantra kreem rosaatsea jaoks, v\u00e4hendab punetust ja muhke ivermektiini abil. Saadaval siin t\u00f5husaks naha rahustamiseks. Osta n\u00fc\u00fcd Transtoyou&#039;s.\" \/>\n<meta name=\"robots\" content=\"noindex, follow, max-snippet:-1, max-image-preview:large, max-video-preview:-1\" \/>\n<meta property=\"og:locale\" content=\"et_EE\" \/>\n<meta property=\"og:type\" content=\"article\" \/>\n<meta property=\"og:title\" content=\"Soolantra | Sihtige roosa l\u00f6\u00f6vet Ivermektiniga - Transtoyou\" \/>\n<meta property=\"og:description\" content=\"Soolantra kreem rosaatsea jaoks, v\u00e4hendab punetust ja muhke ivermektiini abil. Saadaval siin t\u00f5husaks naha rahustamiseks. Osta n\u00fc\u00fcd Transtoyou&#039;s.\" \/>\n<meta property=\"og:url\" content=\"https:\/\/www.transtoyou.com\/et\/product\/soolantra\/\" \/>\n<meta property=\"og:site_name\" content=\"Transtoyou - ET\" \/>\n<meta property=\"article:modified_time\" content=\"2026-01-24T18:41:06+00:00\" \/>\n<meta name=\"twitter:card\" content=\"summary_large_image\" \/>\n<meta name=\"twitter:label1\" content=\"Est. reading time\" \/>\n\t<meta name=\"twitter:data1\" content=\"1 minut\" \/>\n<script type=\"application\/ld+json\" class=\"yoast-schema-graph\">{\"@context\":\"https:\/\/schema.org\",\"@graph\":[{\"@type\":\"WebPage\",\"@id\":\"https:\/\/www.transtoyou.com\/et\/product\/soolantra\/\",\"url\":\"https:\/\/www.transtoyou.com\/et\/product\/soolantra\/\",\"name\":\"Soolantra | Sihtige roosa l\u00f6\u00f6vet Ivermektiniga - Transtoyou\",\"isPartOf\":{\"@id\":\"https:\/\/www.transtoyou.com\/et\/#website\"},\"primaryImageOfPage\":{\"@id\":\"https:\/\/www.transtoyou.com\/et\/product\/soolantra\/#primaryimage\"},\"image\":{\"@id\":\"https:\/\/www.transtoyou.com\/et\/product\/soolantra\/#primaryimage\"},\"thumbnailUrl\":\"https:\/\/www.transtoyou.com\/et\/wp-content\/uploads\/sites\/7\/2026\/01\/tty-no-product-image-110.webp\",\"datePublished\":\"2026-01-24T18:40:08+00:00\",\"dateModified\":\"2026-01-24T18:41:06+00:00\",\"description\":\"Soolantra kreem rosaatsea jaoks, v\u00e4hendab punetust ja muhke ivermektiini abil. Saadaval siin t\u00f5husaks naha rahustamiseks. Osta n\u00fc\u00fcd Transtoyou's.\",\"breadcrumb\":{\"@id\":\"https:\/\/www.transtoyou.com\/et\/product\/soolantra\/#breadcrumb\"},\"inLanguage\":\"et\",\"potentialAction\":[{\"@type\":\"ReadAction\",\"target\":[\"https:\/\/www.transtoyou.com\/et\/product\/soolantra\/\"]}]},{\"@type\":\"ImageObject\",\"inLanguage\":\"et\",\"@id\":\"https:\/\/www.transtoyou.com\/et\/product\/soolantra\/#primaryimage\",\"url\":\"https:\/\/www.transtoyou.com\/et\/wp-content\/uploads\/sites\/7\/2026\/01\/tty-no-product-image-110.webp\",\"contentUrl\":\"https:\/\/www.transtoyou.com\/et\/wp-content\/uploads\/sites\/7\/2026\/01\/tty-no-product-image-110.webp\",\"width\":1000,\"height\":1000,\"caption\":\"Vaikimisi toote pilt\"},{\"@type\":\"WebSite\",\"@id\":\"https:\/\/www.transtoyou.com\/et\/#website\",\"url\":\"https:\/\/www.transtoyou.com\/et\/\",\"name\":\"Transtoyou - ET\",\"description\":\"\",\"publisher\":{\"@id\":\"https:\/\/www.transtoyou.com\/et\/#organization\"},\"potentialAction\":[{\"@type\":\"SearchAction\",\"target\":{\"@type\":\"EntryPoint\",\"urlTemplate\":\"https:\/\/www.transtoyou.com\/et\/?s={search_term_string}\"},\"query-input\":{\"@type\":\"PropertyValueSpecification\",\"valueRequired\":true,\"valueName\":\"search_term_string\"}}],\"inLanguage\":\"et\"},{\"@type\":\"Organization\",\"@id\":\"https:\/\/www.transtoyou.com\/et\/#organization\",\"name\":\"Transtoyou - ET\",\"url\":\"https:\/\/www.transtoyou.com\/et\/\",\"logo\":{\"@type\":\"ImageObject\",\"inLanguage\":\"et\",\"@id\":\"https:\/\/www.transtoyou.com\/et\/#\/schema\/logo\/image\/\",\"url\":\"https:\/\/www.transtoyou.com\/et\/wp-content\/uploads\/sites\/7\/2026\/01\/logo-tty-menu-bar-300x87-1.webp\",\"contentUrl\":\"https:\/\/www.transtoyou.com\/et\/wp-content\/uploads\/sites\/7\/2026\/01\/logo-tty-menu-bar-300x87-1.webp\",\"width\":300,\"height\":87,\"caption\":\"Transtoyou - ET\"},\"image\":{\"@id\":\"https:\/\/www.transtoyou.com\/et\/#\/schema\/logo\/image\/\"}}]}<\/script>\n<!-- \/ Yoast SEO plugin. -->","yoast_head_json":{"title":"Soolantra | Sihtige roosa l\u00f6\u00f6vet Ivermektiniga - Transtoyou","description":"Soolantra kreem rosaatsea jaoks, v\u00e4hendab punetust ja muhke ivermektiini abil. Saadaval siin t\u00f5husaks naha rahustamiseks. Osta n\u00fc\u00fcd Transtoyou's.","robots":{"index":"noindex","follow":"follow","max-snippet":"max-snippet:-1","max-image-preview":"max-image-preview:large","max-video-preview":"max-video-preview:-1"},"og_locale":"et_EE","og_type":"article","og_title":"Soolantra | Sihtige roosa l\u00f6\u00f6vet Ivermektiniga - Transtoyou","og_description":"Soolantra kreem rosaatsea jaoks, v\u00e4hendab punetust ja muhke ivermektiini abil. Saadaval siin t\u00f5husaks naha rahustamiseks. Osta n\u00fc\u00fcd Transtoyou's.","og_url":"https:\/\/www.transtoyou.com\/et\/product\/soolantra\/","og_site_name":"Transtoyou - ET","article_modified_time":"2026-01-24T18:41:06+00:00","twitter_card":"summary_large_image","twitter_misc":{"Est. reading time":"1 minut"},"schema":{"@context":"https:\/\/schema.org","@graph":[{"@type":"WebPage","@id":"https:\/\/www.transtoyou.com\/et\/product\/soolantra\/","url":"https:\/\/www.transtoyou.com\/et\/product\/soolantra\/","name":"Soolantra | Sihtige roosa l\u00f6\u00f6vet Ivermektiniga - Transtoyou","isPartOf":{"@id":"https:\/\/www.transtoyou.com\/et\/#website"},"primaryImageOfPage":{"@id":"https:\/\/www.transtoyou.com\/et\/product\/soolantra\/#primaryimage"},"image":{"@id":"https:\/\/www.transtoyou.com\/et\/product\/soolantra\/#primaryimage"},"thumbnailUrl":"https:\/\/www.transtoyou.com\/et\/wp-content\/uploads\/sites\/7\/2026\/01\/tty-no-product-image-110.webp","datePublished":"2026-01-24T18:40:08+00:00","dateModified":"2026-01-24T18:41:06+00:00","description":"Soolantra kreem rosaatsea jaoks, v\u00e4hendab punetust ja muhke ivermektiini abil. Saadaval siin t\u00f5husaks naha rahustamiseks. Osta n\u00fc\u00fcd Transtoyou's.","breadcrumb":{"@id":"https:\/\/www.transtoyou.com\/et\/product\/soolantra\/#breadcrumb"},"inLanguage":"et","potentialAction":[{"@type":"ReadAction","target":["https:\/\/www.transtoyou.com\/et\/product\/soolantra\/"]}]},{"@type":"ImageObject","inLanguage":"et","@id":"https:\/\/www.transtoyou.com\/et\/product\/soolantra\/#primaryimage","url":"https:\/\/www.transtoyou.com\/et\/wp-content\/uploads\/sites\/7\/2026\/01\/tty-no-product-image-110.webp","contentUrl":"https:\/\/www.transtoyou.com\/et\/wp-content\/uploads\/sites\/7\/2026\/01\/tty-no-product-image-110.webp","width":1000,"height":1000,"caption":"Vaikimisi toote pilt"},{"@type":"WebSite","@id":"https:\/\/www.transtoyou.com\/et\/#website","url":"https:\/\/www.transtoyou.com\/et\/","name":"Transtoyou - ET","description":"","publisher":{"@id":"https:\/\/www.transtoyou.com\/et\/#organization"},"potentialAction":[{"@type":"SearchAction","target":{"@type":"EntryPoint","urlTemplate":"https:\/\/www.transtoyou.com\/et\/?s={search_term_string}"},"query-input":{"@type":"PropertyValueSpecification","valueRequired":true,"valueName":"search_term_string"}}],"inLanguage":"et"},{"@type":"Organization","@id":"https:\/\/www.transtoyou.com\/et\/#organization","name":"Transtoyou - ET","url":"https:\/\/www.transtoyou.com\/et\/","logo":{"@type":"ImageObject","inLanguage":"et","@id":"https:\/\/www.transtoyou.com\/et\/#\/schema\/logo\/image\/","url":"https:\/\/www.transtoyou.com\/et\/wp-content\/uploads\/sites\/7\/2026\/01\/logo-tty-menu-bar-300x87-1.webp","contentUrl":"https:\/\/www.transtoyou.com\/et\/wp-content\/uploads\/sites\/7\/2026\/01\/logo-tty-menu-bar-300x87-1.webp","width":300,"height":87,"caption":"Transtoyou - ET"},"image":{"@id":"https:\/\/www.transtoyou.com\/et\/#\/schema\/logo\/image\/"}}]}},"_links":{"self":[{"href":"https:\/\/www.transtoyou.com\/et\/wp-json\/wp\/v2\/product\/1044","targetHints":{"allow":["GET"]}}],"collection":[{"href":"https:\/\/www.transtoyou.com\/et\/wp-json\/wp\/v2\/product"}],"about":[{"href":"https:\/\/www.transtoyou.com\/et\/wp-json\/wp\/v2\/types\/product"}],"replies":[{"embeddable":true,"href":"https:\/\/www.transtoyou.com\/et\/wp-json\/wp\/v2\/comments?post=1044"}],"wp:featuredmedia":[{"embeddable":true,"href":"https:\/\/www.transtoyou.com\/et\/wp-json\/wp\/v2\/media\/1046"}],"wp:attachment":[{"href":"https:\/\/www.transtoyou.com\/et\/wp-json\/wp\/v2\/media?parent=1044"}],"wp:term":[{"taxonomy":"product_brand","embeddable":true,"href":"https:\/\/www.transtoyou.com\/et\/wp-json\/wp\/v2\/product_brand?post=1044"},{"taxonomy":"product_cat","embeddable":true,"href":"https:\/\/www.transtoyou.com\/et\/wp-json\/wp\/v2\/product_cat?post=1044"},{"taxonomy":"product_tag","embeddable":true,"href":"https:\/\/www.transtoyou.com\/et\/wp-json\/wp\/v2\/product_tag?post=1044"},{"taxonomy":"expert","embeddable":true,"href":"https:\/\/www.transtoyou.com\/et\/wp-json\/wp\/v2\/expert?post=1044"}],"curies":[{"name":"wp","href":"https:\/\/api.w.org\/{rel}","templated":true}]}}