{"id":1047,"date":"2026-01-24T20:56:20","date_gmt":"2026-01-24T18:56:20","guid":{"rendered":"https:\/\/www.transtoyou.com\/et\/product\/circadin\/"},"modified":"2026-01-24T20:57:17","modified_gmt":"2026-01-24T18:57:17","slug":"circadin","status":"publish","type":"product","link":"https:\/\/www.transtoyou.com\/et\/product\/circadin\/","title":{"rendered":"Circadin"},"content":{"rendered":"<p>Circadin on retseptiravim, mis sisaldab 2 mg pikaajalise toimega melatoniini, mis on spetsiaalselt v\u00e4lja t\u00f6\u00f6tatud, et toetada loomulikku une-\u00e4rkveloleku ts\u00fcklit. Seda m\u00e4\u00e4ratakse peamiselt 55-aastastele ja vanematele t\u00e4iskasvanutele, kes kogevad halba une kvaliteeti unetuse v\u00f5i vanusega seotud melatoniini tootmise muutuste t\u00f5ttu. Erinevalt tavap\u00e4rastest melatoniini toidulisanditest on Circadin loodud j\u00e4ljendama keha loomulikku \u00f6ist melatoniini vabanemist, aidates edendada pikemat ja rahulikumat und.<\/p>\n<p>Melatoniin on hormoon, mida keha loomulikult toodab pimeduse korral. Circadin t\u00e4iendab seda hormooni kontrollitud vabanemise vormis, aidates inimestel kiiremini uinuda, s\u00fcgavamalt magada ja v\u00e4hendada \u00f6iseid \u00e4rkamisi. See pakub \u00f5rna alternatiivi traditsioonilistele uneravimitele, ilma et tekitaks s\u00f5ltuvust v\u00f5i olulist p\u00e4evast unisust.<\/p>\n<p>Circadinit v\u00f5etakse suu kaudu, \u00fcks kuni kaks tundi enne magamaminekut, ja see on k\u00f5ige t\u00f5husam koos hea uneh\u00fcgieeni praktikatega, nagu ekraanide v\u00e4ltimine enne magamaminekut ja regulaarse une rutiini j\u00e4rgimine. See hakkab toimima esimestel p\u00e4evadel, t\u00e4ielikke eeliseid n\u00e4hakse sageli p\u00e4rast \u00fchte kuni kahte n\u00e4dalat j\u00e4rjepidevat kasutamist.<\/p>\n<p>\u00dcldiselt talutakse seda h\u00e4sti, kuigi m\u00f5nedel isikutel v\u00f5ivad esineda kerged k\u00f5rvaltoimed, nagu peavalu, iiveldus v\u00f5i unisus. Seda ei tohiks kasutada koos alkoholi v\u00f5i tugevate rahustitega, kuna need v\u00f5ivad v\u00e4hendada selle t\u00f5husust.<\/p>\n","protected":false},"excerpt":{"rendered":"<ul>\n<li>Retseptiga une toetamine<\/li>\n<li>Pikendatud vabanemisega melatoniin<\/li>\n<li>Parandab une kvaliteeti<\/li>\n<\/ul>\n","protected":false},"featured_media":1049,"comment_status":"open","ping_status":"closed","template":"","meta":[],"product_brand":[],"product_cat":[181],"product_tag":[],"expert":[16],"class_list":{"0":"post-1047","1":"product","2":"type-product","3":"status-publish","4":"has-post-thumbnail","6":"product_cat-unehaired","7":"expert-dr-c-alexandru","9":"first","10":"instock","11":"shipping-taxable","12":"product-type-variable"},"yoast_head":"<!-- This site is optimized with the Yoast SEO plugin v27.0 - https:\/\/yoast.com\/product\/yoast-seo-wordpress\/ -->\n<title>Circadin | Une Tugi Heaolu - Transtoyou<\/title>\n<meta name=\"description\" content=\"Circadin saadaval siin, toetab loomulikku rahulikku und. Osta n\u00fc\u00fcd kliiniliselt hinnatud lahendus une kvaliteedi parandamiseks.\" \/>\n<meta name=\"robots\" content=\"noindex, follow, max-snippet:-1, max-image-preview:large, max-video-preview:-1\" \/>\n<meta property=\"og:locale\" content=\"et_EE\" \/>\n<meta property=\"og:type\" content=\"article\" \/>\n<meta property=\"og:title\" content=\"Circadin | Une Tugi Heaolu - Transtoyou\" \/>\n<meta property=\"og:description\" content=\"Circadin saadaval siin, toetab loomulikku rahulikku und. Osta n\u00fc\u00fcd kliiniliselt hinnatud lahendus une kvaliteedi parandamiseks.\" \/>\n<meta property=\"og:url\" content=\"https:\/\/www.transtoyou.com\/et\/product\/circadin\/\" \/>\n<meta property=\"og:site_name\" content=\"Transtoyou - ET\" \/>\n<meta property=\"article:modified_time\" content=\"2026-01-24T18:57:17+00:00\" \/>\n<meta name=\"twitter:card\" content=\"summary_large_image\" \/>\n<meta name=\"twitter:label1\" content=\"Est. reading time\" \/>\n\t<meta name=\"twitter:data1\" content=\"1 minut\" \/>\n<script type=\"application\/ld+json\" class=\"yoast-schema-graph\">{\"@context\":\"https:\/\/schema.org\",\"@graph\":[{\"@type\":\"WebPage\",\"@id\":\"https:\/\/www.transtoyou.com\/et\/product\/circadin\/\",\"url\":\"https:\/\/www.transtoyou.com\/et\/product\/circadin\/\",\"name\":\"Circadin | Une Tugi Heaolu - Transtoyou\",\"isPartOf\":{\"@id\":\"https:\/\/www.transtoyou.com\/et\/#website\"},\"primaryImageOfPage\":{\"@id\":\"https:\/\/www.transtoyou.com\/et\/product\/circadin\/#primaryimage\"},\"image\":{\"@id\":\"https:\/\/www.transtoyou.com\/et\/product\/circadin\/#primaryimage\"},\"thumbnailUrl\":\"https:\/\/www.transtoyou.com\/et\/wp-content\/uploads\/sites\/7\/2026\/01\/tty-no-product-image-111.webp\",\"datePublished\":\"2026-01-24T18:56:20+00:00\",\"dateModified\":\"2026-01-24T18:57:17+00:00\",\"description\":\"Circadin saadaval siin, toetab loomulikku rahulikku und. Osta n\u00fc\u00fcd kliiniliselt hinnatud lahendus une kvaliteedi parandamiseks.\",\"breadcrumb\":{\"@id\":\"https:\/\/www.transtoyou.com\/et\/product\/circadin\/#breadcrumb\"},\"inLanguage\":\"et\",\"potentialAction\":[{\"@type\":\"ReadAction\",\"target\":[\"https:\/\/www.transtoyou.com\/et\/product\/circadin\/\"]}]},{\"@type\":\"ImageObject\",\"inLanguage\":\"et\",\"@id\":\"https:\/\/www.transtoyou.com\/et\/product\/circadin\/#primaryimage\",\"url\":\"https:\/\/www.transtoyou.com\/et\/wp-content\/uploads\/sites\/7\/2026\/01\/tty-no-product-image-111.webp\",\"contentUrl\":\"https:\/\/www.transtoyou.com\/et\/wp-content\/uploads\/sites\/7\/2026\/01\/tty-no-product-image-111.webp\",\"width\":1000,\"height\":1000,\"caption\":\"Vaikimisi toote pilt\"},{\"@type\":\"WebSite\",\"@id\":\"https:\/\/www.transtoyou.com\/et\/#website\",\"url\":\"https:\/\/www.transtoyou.com\/et\/\",\"name\":\"Transtoyou - ET\",\"description\":\"\",\"publisher\":{\"@id\":\"https:\/\/www.transtoyou.com\/et\/#organization\"},\"potentialAction\":[{\"@type\":\"SearchAction\",\"target\":{\"@type\":\"EntryPoint\",\"urlTemplate\":\"https:\/\/www.transtoyou.com\/et\/?s={search_term_string}\"},\"query-input\":{\"@type\":\"PropertyValueSpecification\",\"valueRequired\":true,\"valueName\":\"search_term_string\"}}],\"inLanguage\":\"et\"},{\"@type\":\"Organization\",\"@id\":\"https:\/\/www.transtoyou.com\/et\/#organization\",\"name\":\"Transtoyou - ET\",\"url\":\"https:\/\/www.transtoyou.com\/et\/\",\"logo\":{\"@type\":\"ImageObject\",\"inLanguage\":\"et\",\"@id\":\"https:\/\/www.transtoyou.com\/et\/#\/schema\/logo\/image\/\",\"url\":\"https:\/\/www.transtoyou.com\/et\/wp-content\/uploads\/sites\/7\/2026\/01\/logo-tty-menu-bar-300x87-1.webp\",\"contentUrl\":\"https:\/\/www.transtoyou.com\/et\/wp-content\/uploads\/sites\/7\/2026\/01\/logo-tty-menu-bar-300x87-1.webp\",\"width\":300,\"height\":87,\"caption\":\"Transtoyou - ET\"},\"image\":{\"@id\":\"https:\/\/www.transtoyou.com\/et\/#\/schema\/logo\/image\/\"}}]}<\/script>\n<!-- \/ Yoast SEO plugin. -->","yoast_head_json":{"title":"Circadin | Une Tugi Heaolu - Transtoyou","description":"Circadin saadaval siin, toetab loomulikku rahulikku und. Osta n\u00fc\u00fcd kliiniliselt hinnatud lahendus une kvaliteedi parandamiseks.","robots":{"index":"noindex","follow":"follow","max-snippet":"max-snippet:-1","max-image-preview":"max-image-preview:large","max-video-preview":"max-video-preview:-1"},"og_locale":"et_EE","og_type":"article","og_title":"Circadin | Une Tugi Heaolu - Transtoyou","og_description":"Circadin saadaval siin, toetab loomulikku rahulikku und. Osta n\u00fc\u00fcd kliiniliselt hinnatud lahendus une kvaliteedi parandamiseks.","og_url":"https:\/\/www.transtoyou.com\/et\/product\/circadin\/","og_site_name":"Transtoyou - ET","article_modified_time":"2026-01-24T18:57:17+00:00","twitter_card":"summary_large_image","twitter_misc":{"Est. reading time":"1 minut"},"schema":{"@context":"https:\/\/schema.org","@graph":[{"@type":"WebPage","@id":"https:\/\/www.transtoyou.com\/et\/product\/circadin\/","url":"https:\/\/www.transtoyou.com\/et\/product\/circadin\/","name":"Circadin | Une Tugi Heaolu - Transtoyou","isPartOf":{"@id":"https:\/\/www.transtoyou.com\/et\/#website"},"primaryImageOfPage":{"@id":"https:\/\/www.transtoyou.com\/et\/product\/circadin\/#primaryimage"},"image":{"@id":"https:\/\/www.transtoyou.com\/et\/product\/circadin\/#primaryimage"},"thumbnailUrl":"https:\/\/www.transtoyou.com\/et\/wp-content\/uploads\/sites\/7\/2026\/01\/tty-no-product-image-111.webp","datePublished":"2026-01-24T18:56:20+00:00","dateModified":"2026-01-24T18:57:17+00:00","description":"Circadin saadaval siin, toetab loomulikku rahulikku und. Osta n\u00fc\u00fcd kliiniliselt hinnatud lahendus une kvaliteedi parandamiseks.","breadcrumb":{"@id":"https:\/\/www.transtoyou.com\/et\/product\/circadin\/#breadcrumb"},"inLanguage":"et","potentialAction":[{"@type":"ReadAction","target":["https:\/\/www.transtoyou.com\/et\/product\/circadin\/"]}]},{"@type":"ImageObject","inLanguage":"et","@id":"https:\/\/www.transtoyou.com\/et\/product\/circadin\/#primaryimage","url":"https:\/\/www.transtoyou.com\/et\/wp-content\/uploads\/sites\/7\/2026\/01\/tty-no-product-image-111.webp","contentUrl":"https:\/\/www.transtoyou.com\/et\/wp-content\/uploads\/sites\/7\/2026\/01\/tty-no-product-image-111.webp","width":1000,"height":1000,"caption":"Vaikimisi toote pilt"},{"@type":"WebSite","@id":"https:\/\/www.transtoyou.com\/et\/#website","url":"https:\/\/www.transtoyou.com\/et\/","name":"Transtoyou - ET","description":"","publisher":{"@id":"https:\/\/www.transtoyou.com\/et\/#organization"},"potentialAction":[{"@type":"SearchAction","target":{"@type":"EntryPoint","urlTemplate":"https:\/\/www.transtoyou.com\/et\/?s={search_term_string}"},"query-input":{"@type":"PropertyValueSpecification","valueRequired":true,"valueName":"search_term_string"}}],"inLanguage":"et"},{"@type":"Organization","@id":"https:\/\/www.transtoyou.com\/et\/#organization","name":"Transtoyou - ET","url":"https:\/\/www.transtoyou.com\/et\/","logo":{"@type":"ImageObject","inLanguage":"et","@id":"https:\/\/www.transtoyou.com\/et\/#\/schema\/logo\/image\/","url":"https:\/\/www.transtoyou.com\/et\/wp-content\/uploads\/sites\/7\/2026\/01\/logo-tty-menu-bar-300x87-1.webp","contentUrl":"https:\/\/www.transtoyou.com\/et\/wp-content\/uploads\/sites\/7\/2026\/01\/logo-tty-menu-bar-300x87-1.webp","width":300,"height":87,"caption":"Transtoyou - ET"},"image":{"@id":"https:\/\/www.transtoyou.com\/et\/#\/schema\/logo\/image\/"}}]}},"_links":{"self":[{"href":"https:\/\/www.transtoyou.com\/et\/wp-json\/wp\/v2\/product\/1047","targetHints":{"allow":["GET"]}}],"collection":[{"href":"https:\/\/www.transtoyou.com\/et\/wp-json\/wp\/v2\/product"}],"about":[{"href":"https:\/\/www.transtoyou.com\/et\/wp-json\/wp\/v2\/types\/product"}],"replies":[{"embeddable":true,"href":"https:\/\/www.transtoyou.com\/et\/wp-json\/wp\/v2\/comments?post=1047"}],"wp:featuredmedia":[{"embeddable":true,"href":"https:\/\/www.transtoyou.com\/et\/wp-json\/wp\/v2\/media\/1049"}],"wp:attachment":[{"href":"https:\/\/www.transtoyou.com\/et\/wp-json\/wp\/v2\/media?parent=1047"}],"wp:term":[{"taxonomy":"product_brand","embeddable":true,"href":"https:\/\/www.transtoyou.com\/et\/wp-json\/wp\/v2\/product_brand?post=1047"},{"taxonomy":"product_cat","embeddable":true,"href":"https:\/\/www.transtoyou.com\/et\/wp-json\/wp\/v2\/product_cat?post=1047"},{"taxonomy":"product_tag","embeddable":true,"href":"https:\/\/www.transtoyou.com\/et\/wp-json\/wp\/v2\/product_tag?post=1047"},{"taxonomy":"expert","embeddable":true,"href":"https:\/\/www.transtoyou.com\/et\/wp-json\/wp\/v2\/expert?post=1047"}],"curies":[{"name":"wp","href":"https:\/\/api.w.org\/{rel}","templated":true}]}}