{"id":1053,"date":"2026-01-24T21:30:11","date_gmt":"2026-01-24T19:30:11","guid":{"rendered":"https:\/\/www.transtoyou.com\/et\/product\/zopiclone\/"},"modified":"2026-03-08T13:42:39","modified_gmt":"2026-03-08T11:42:39","slug":"zopicloon","status":"publish","type":"product","link":"https:\/\/www.transtoyou.com\/et\/product\/zopicloon\/","title":{"rendered":"Zopicloon"},"content":{"rendered":"<p>Zopicloon on retseptiravim, mida kasutatakse l\u00fchiajalise unetuse raviks. See kuulub mitte-bensodiasepiinide h\u00fcpnootikumide klassi, mis aitavad unetust alustada ja s\u00e4ilitada. Zopiclooni m\u00e4\u00e4ratakse sageli inimestele, kellel on raskusi uinumisega, kes \u00e4rkavad \u00f6\u00f6sel sageli v\u00f5i kes \u00e4rkavad liiga vara hommikul.<\/p>\n<p>Ravim toimib, suurendades gamma-aminov\u00f5ihappe (GABA) aktiivsust, mis on rahustav neurotransmitter ajus. See toob kaasa rahustava efekti, mis soodustab l\u00f5dvestumist ja und. Zopicloon on tuntud oma kiire toime poolest, tavaliselt hakkab see m\u00f5juma 30 minuti jooksul. Seda m\u00e4\u00e4ratakse tavaliselt l\u00fchiajaliseks kasutamiseks, kuna pikaajalisel kasutamisel on tolerantsi ja s\u00f5ltuvuse risk.<\/p>\n<p>Zopicloon v\u00f5etakse vahetult enne magamaminekut, tagades, et kasutaja saab magada v\u00e4hemalt seitse kuni kaheksa tundi. On oluline mitte tegeleda tegevustega, mis n\u00f5uavad t\u00e4ielikku t\u00e4helepanu, n\u00e4iteks s\u00f5itmine, p\u00e4rast ravimi v\u00f5tmist. K\u00f5rvaltoimeteks v\u00f5ivad olla metalliline maitse, kuiv suu, peap\u00f6\u00f6ritus v\u00f5i j\u00e4rgmisel p\u00e4eval uimasus, eriti kui seda v\u00f5etakse liiga hilja v\u00f5i ilma piisava uneajata.<\/p>\n<p>See ravim ei sobi k\u00f5igile ja seda ei tohiks kasutada raseduse, imetamise ajal ega inimestel, kellel on olnud ainete kuritarvitamise ajalugu. Alkoholi tuleks v\u00e4ltida, kuna see v\u00f5ib suurendada rahustavaid efekte ja ebatavaliste k\u00e4itumiste riski une ajal.<\/p>\n","protected":false},"excerpt":{"rendered":"<ul>\n<li>L\u00fchiajaline une ravi<\/li>\n<li>Kiiretoimeline rahusti tablett<\/li>\n<li>Parandab une algust ja kestust<\/li>\n<\/ul>\n","protected":false},"featured_media":1055,"comment_status":"open","ping_status":"closed","template":"","meta":[],"product_brand":[],"product_cat":[181],"product_tag":[],"expert":[16],"class_list":{"0":"post-1053","1":"product","2":"type-product","3":"status-publish","4":"has-post-thumbnail","6":"product_cat-unehaired","7":"expert-dr-c-alexandru","9":"first","10":"instock","11":"shipping-taxable","12":"product-type-variable"},"yoast_head":"<!-- This site is optimized with the Yoast SEO plugin v27.0 - https:\/\/yoast.com\/product\/yoast-seo-wordpress\/ -->\n<title>Zopicloon | Uneabi unetuse leevendamiseks - Transtoyou<\/title>\n<meta name=\"description\" content=\"Zopicloon, saadaval unetuse leevendamiseks. Aitab kiiresti uinuda ja und hoida. Vajalik retsept. Transtoyou tagab turvalise juurdep\u00e4\u00e4su.\" \/>\n<meta name=\"robots\" content=\"noindex, follow, max-snippet:-1, max-image-preview:large, max-video-preview:-1\" \/>\n<meta property=\"og:locale\" content=\"et_EE\" \/>\n<meta property=\"og:type\" content=\"article\" \/>\n<meta property=\"og:title\" content=\"Zopicloon | Uneabi unetuse leevendamiseks - Transtoyou\" \/>\n<meta property=\"og:description\" content=\"Zopicloon, saadaval unetuse leevendamiseks. Aitab kiiresti uinuda ja und hoida. Vajalik retsept. Transtoyou tagab turvalise juurdep\u00e4\u00e4su.\" \/>\n<meta property=\"og:url\" content=\"https:\/\/www.transtoyou.com\/et\/product\/zopiclone\/\" \/>\n<meta property=\"og:site_name\" content=\"Transtoyou - ET\" \/>\n<meta property=\"article:modified_time\" content=\"2026-03-08T11:42:39+00:00\" \/>\n<meta name=\"twitter:card\" content=\"summary_large_image\" \/>\n<meta name=\"twitter:label1\" content=\"Est. reading time\" \/>\n\t<meta name=\"twitter:data1\" content=\"1 minut\" \/>\n<script type=\"application\/ld+json\" class=\"yoast-schema-graph\">{\"@context\":\"https:\/\/schema.org\",\"@graph\":[{\"@type\":\"WebPage\",\"@id\":\"https:\/\/www.transtoyou.com\/et\/product\/zopiclone\/\",\"url\":\"https:\/\/www.transtoyou.com\/et\/product\/zopiclone\/\",\"name\":\"Zopicloon | Uneabi unetuse leevendamiseks - Transtoyou\",\"isPartOf\":{\"@id\":\"https:\/\/www.transtoyou.com\/et\/#website\"},\"primaryImageOfPage\":{\"@id\":\"https:\/\/www.transtoyou.com\/et\/product\/zopiclone\/#primaryimage\"},\"image\":{\"@id\":\"https:\/\/www.transtoyou.com\/et\/product\/zopiclone\/#primaryimage\"},\"thumbnailUrl\":\"https:\/\/www.transtoyou.com\/et\/wp-content\/uploads\/sites\/7\/2026\/01\/tty-no-product-image-113.webp\",\"datePublished\":\"2026-01-24T19:30:11+00:00\",\"dateModified\":\"2026-03-08T11:42:39+00:00\",\"description\":\"Zopicloon, saadaval unetuse leevendamiseks. Aitab kiiresti uinuda ja und hoida. Vajalik retsept. Transtoyou tagab turvalise juurdep\u00e4\u00e4su.\",\"breadcrumb\":{\"@id\":\"https:\/\/www.transtoyou.com\/et\/product\/zopiclone\/#breadcrumb\"},\"inLanguage\":\"et\",\"potentialAction\":[{\"@type\":\"ReadAction\",\"target\":[\"https:\/\/www.transtoyou.com\/et\/product\/zopiclone\/\"]}]},{\"@type\":\"ImageObject\",\"inLanguage\":\"et\",\"@id\":\"https:\/\/www.transtoyou.com\/et\/product\/zopiclone\/#primaryimage\",\"url\":\"https:\/\/www.transtoyou.com\/et\/wp-content\/uploads\/sites\/7\/2026\/01\/tty-no-product-image-113.webp\",\"contentUrl\":\"https:\/\/www.transtoyou.com\/et\/wp-content\/uploads\/sites\/7\/2026\/01\/tty-no-product-image-113.webp\",\"width\":1000,\"height\":1000,\"caption\":\"Vaikimisi toote pilt\"},{\"@type\":\"WebSite\",\"@id\":\"https:\/\/www.transtoyou.com\/et\/#website\",\"url\":\"https:\/\/www.transtoyou.com\/et\/\",\"name\":\"Transtoyou - ET\",\"description\":\"\",\"publisher\":{\"@id\":\"https:\/\/www.transtoyou.com\/et\/#organization\"},\"potentialAction\":[{\"@type\":\"SearchAction\",\"target\":{\"@type\":\"EntryPoint\",\"urlTemplate\":\"https:\/\/www.transtoyou.com\/et\/?s={search_term_string}\"},\"query-input\":{\"@type\":\"PropertyValueSpecification\",\"valueRequired\":true,\"valueName\":\"search_term_string\"}}],\"inLanguage\":\"et\"},{\"@type\":\"Organization\",\"@id\":\"https:\/\/www.transtoyou.com\/et\/#organization\",\"name\":\"Transtoyou - ET\",\"url\":\"https:\/\/www.transtoyou.com\/et\/\",\"logo\":{\"@type\":\"ImageObject\",\"inLanguage\":\"et\",\"@id\":\"https:\/\/www.transtoyou.com\/et\/#\/schema\/logo\/image\/\",\"url\":\"https:\/\/www.transtoyou.com\/et\/wp-content\/uploads\/sites\/7\/2026\/01\/logo-tty-menu-bar-300x87-1.webp\",\"contentUrl\":\"https:\/\/www.transtoyou.com\/et\/wp-content\/uploads\/sites\/7\/2026\/01\/logo-tty-menu-bar-300x87-1.webp\",\"width\":300,\"height\":87,\"caption\":\"Transtoyou - ET\"},\"image\":{\"@id\":\"https:\/\/www.transtoyou.com\/et\/#\/schema\/logo\/image\/\"}}]}<\/script>\n<!-- \/ Yoast SEO plugin. -->","yoast_head_json":{"title":"Zopicloon | Uneabi unetuse leevendamiseks - Transtoyou","description":"Zopicloon, saadaval unetuse leevendamiseks. Aitab kiiresti uinuda ja und hoida. Vajalik retsept. Transtoyou tagab turvalise juurdep\u00e4\u00e4su.","robots":{"index":"noindex","follow":"follow","max-snippet":"max-snippet:-1","max-image-preview":"max-image-preview:large","max-video-preview":"max-video-preview:-1"},"og_locale":"et_EE","og_type":"article","og_title":"Zopicloon | Uneabi unetuse leevendamiseks - Transtoyou","og_description":"Zopicloon, saadaval unetuse leevendamiseks. Aitab kiiresti uinuda ja und hoida. Vajalik retsept. Transtoyou tagab turvalise juurdep\u00e4\u00e4su.","og_url":"https:\/\/www.transtoyou.com\/et\/product\/zopiclone\/","og_site_name":"Transtoyou - ET","article_modified_time":"2026-03-08T11:42:39+00:00","twitter_card":"summary_large_image","twitter_misc":{"Est. reading time":"1 minut"},"schema":{"@context":"https:\/\/schema.org","@graph":[{"@type":"WebPage","@id":"https:\/\/www.transtoyou.com\/et\/product\/zopiclone\/","url":"https:\/\/www.transtoyou.com\/et\/product\/zopiclone\/","name":"Zopicloon | Uneabi unetuse leevendamiseks - Transtoyou","isPartOf":{"@id":"https:\/\/www.transtoyou.com\/et\/#website"},"primaryImageOfPage":{"@id":"https:\/\/www.transtoyou.com\/et\/product\/zopiclone\/#primaryimage"},"image":{"@id":"https:\/\/www.transtoyou.com\/et\/product\/zopiclone\/#primaryimage"},"thumbnailUrl":"https:\/\/www.transtoyou.com\/et\/wp-content\/uploads\/sites\/7\/2026\/01\/tty-no-product-image-113.webp","datePublished":"2026-01-24T19:30:11+00:00","dateModified":"2026-03-08T11:42:39+00:00","description":"Zopicloon, saadaval unetuse leevendamiseks. Aitab kiiresti uinuda ja und hoida. Vajalik retsept. Transtoyou tagab turvalise juurdep\u00e4\u00e4su.","breadcrumb":{"@id":"https:\/\/www.transtoyou.com\/et\/product\/zopiclone\/#breadcrumb"},"inLanguage":"et","potentialAction":[{"@type":"ReadAction","target":["https:\/\/www.transtoyou.com\/et\/product\/zopiclone\/"]}]},{"@type":"ImageObject","inLanguage":"et","@id":"https:\/\/www.transtoyou.com\/et\/product\/zopiclone\/#primaryimage","url":"https:\/\/www.transtoyou.com\/et\/wp-content\/uploads\/sites\/7\/2026\/01\/tty-no-product-image-113.webp","contentUrl":"https:\/\/www.transtoyou.com\/et\/wp-content\/uploads\/sites\/7\/2026\/01\/tty-no-product-image-113.webp","width":1000,"height":1000,"caption":"Vaikimisi toote pilt"},{"@type":"WebSite","@id":"https:\/\/www.transtoyou.com\/et\/#website","url":"https:\/\/www.transtoyou.com\/et\/","name":"Transtoyou - ET","description":"","publisher":{"@id":"https:\/\/www.transtoyou.com\/et\/#organization"},"potentialAction":[{"@type":"SearchAction","target":{"@type":"EntryPoint","urlTemplate":"https:\/\/www.transtoyou.com\/et\/?s={search_term_string}"},"query-input":{"@type":"PropertyValueSpecification","valueRequired":true,"valueName":"search_term_string"}}],"inLanguage":"et"},{"@type":"Organization","@id":"https:\/\/www.transtoyou.com\/et\/#organization","name":"Transtoyou - ET","url":"https:\/\/www.transtoyou.com\/et\/","logo":{"@type":"ImageObject","inLanguage":"et","@id":"https:\/\/www.transtoyou.com\/et\/#\/schema\/logo\/image\/","url":"https:\/\/www.transtoyou.com\/et\/wp-content\/uploads\/sites\/7\/2026\/01\/logo-tty-menu-bar-300x87-1.webp","contentUrl":"https:\/\/www.transtoyou.com\/et\/wp-content\/uploads\/sites\/7\/2026\/01\/logo-tty-menu-bar-300x87-1.webp","width":300,"height":87,"caption":"Transtoyou - ET"},"image":{"@id":"https:\/\/www.transtoyou.com\/et\/#\/schema\/logo\/image\/"}}]}},"_links":{"self":[{"href":"https:\/\/www.transtoyou.com\/et\/wp-json\/wp\/v2\/product\/1053","targetHints":{"allow":["GET"]}}],"collection":[{"href":"https:\/\/www.transtoyou.com\/et\/wp-json\/wp\/v2\/product"}],"about":[{"href":"https:\/\/www.transtoyou.com\/et\/wp-json\/wp\/v2\/types\/product"}],"replies":[{"embeddable":true,"href":"https:\/\/www.transtoyou.com\/et\/wp-json\/wp\/v2\/comments?post=1053"}],"wp:featuredmedia":[{"embeddable":true,"href":"https:\/\/www.transtoyou.com\/et\/wp-json\/wp\/v2\/media\/1055"}],"wp:attachment":[{"href":"https:\/\/www.transtoyou.com\/et\/wp-json\/wp\/v2\/media?parent=1053"}],"wp:term":[{"taxonomy":"product_brand","embeddable":true,"href":"https:\/\/www.transtoyou.com\/et\/wp-json\/wp\/v2\/product_brand?post=1053"},{"taxonomy":"product_cat","embeddable":true,"href":"https:\/\/www.transtoyou.com\/et\/wp-json\/wp\/v2\/product_cat?post=1053"},{"taxonomy":"product_tag","embeddable":true,"href":"https:\/\/www.transtoyou.com\/et\/wp-json\/wp\/v2\/product_tag?post=1053"},{"taxonomy":"expert","embeddable":true,"href":"https:\/\/www.transtoyou.com\/et\/wp-json\/wp\/v2\/expert?post=1053"}],"curies":[{"name":"wp","href":"https:\/\/api.w.org\/{rel}","templated":true}]}}