{"id":1056,"date":"2026-01-24T21:47:21","date_gmt":"2026-01-24T19:47:21","guid":{"rendered":"https:\/\/www.transtoyou.com\/et\/product\/zolpidem\/"},"modified":"2026-03-08T13:25:25","modified_gmt":"2026-03-08T11:25:25","slug":"zolpidem","status":"publish","type":"product","link":"https:\/\/www.transtoyou.com\/et\/product\/zolpidem\/","title":{"rendered":"Zolpidem"},"content":{"rendered":"<p>Zolpidem on retseptiravim, mida kasutatakse l\u00fchiajalise unetuse raviks. See kuulub mitte-bensodiasepiinsete h\u00fcpnootikumide klassi ja on m\u00f5eldud selleks, et aidata inimestel kiiresti uinuda. Zolpidemi m\u00e4\u00e4ratakse tavaliselt siis, kui uinumise raskused h\u00e4irivad igap\u00e4evast toimetulekut, kuigi see ei ole m\u00f5eldud pikaajaliseks kasutamiseks.<\/p>\n<p>Ravim toimib, m\u00f5jutades ajus olevaid retseptoreid, mis reguleerivad und, aidates alustada loomulikku unets\u00fcklit t\u00f5husamalt. Erinevalt vanematest unerohtudest on Zolpidemil tavaliselt v\u00e4hem k\u00f5rvaltoimeid, mis on seotud p\u00e4evase uimasuse v\u00f5i uimasusega, kui seda kasutatakse vastavalt juhistele. See on saadaval nii kiiretoimeliste kui ka pikatoimeliste vormidena, s\u00f5ltuvalt sellest, kas eesm\u00e4rk on kiiremini uinuda v\u00f5i kauem magada.<\/p>\n<p>Zolpidemi v\u00f5etakse tavaliselt vahetult enne magamaminekut ja see hakkab toimima 15 kuni 30 minuti jooksul. Kuna see toimib kiiresti, peaksid kasutajad veenduma, et nad on valmis magama j\u00e4\u00e4ma v\u00e4hemalt seitse kuni kaheksa tundi p\u00e4rast selle v\u00f5tmist, et v\u00e4ltida j\u00e4rgmisel p\u00e4eval esinevat uimasust. On oluline v\u00e4ltida tegevusi, mis n\u00f5uavad t\u00e4helepanu, n\u00e4iteks s\u00f5itmine, p\u00e4rast zolpidemi v\u00f5tmist.<\/p>\n<p>Seda ravimit ei tohiks kasutada koos alkoholi v\u00f5i teiste rahustitega, kuna need kombinatsioonid suurendavad ohtlike k\u00f5rvaltoimete riski. M\u00f5ned inimesed v\u00f5ivad kogeda ebatavalisi unek\u00e4itumisi, nagu unen\u00e4od, s\u00f6\u00f6mine v\u00f5i s\u00f5itmine ilma t\u00e4ieliku teadlikkuseta. Need k\u00e4itumised on haruldased, kuid neid tuleks kohe teatada, kui need esinevad.<\/p>\n<p>Zolpidemi m\u00e4\u00e4ratakse tavaliselt l\u00fchikesteks perioodideks, et v\u00e4ltida s\u00f5ltuvust v\u00f5i taluvust.<\/p>\n","protected":false},"excerpt":{"rendered":"<ul>\n<li>L\u00fchiajaline unetuse ravi<\/li>\n<li>Kiire une alguse toetamine<\/li>\n<li>Ainult arsti retseptiga uneabi<\/li>\n<\/ul>\n","protected":false},"featured_media":1058,"comment_status":"open","ping_status":"closed","template":"","meta":[],"product_brand":[],"product_cat":[181],"product_tag":[],"expert":[16],"class_list":{"0":"post-1056","1":"product","2":"type-product","3":"status-publish","4":"has-post-thumbnail","6":"product_cat-unehaired","7":"expert-dr-c-alexandru","9":"first","10":"instock","11":"shipping-taxable","12":"product-type-variable"},"yoast_head":"<!-- This site is optimized with the Yoast SEO plugin v27.0 - https:\/\/yoast.com\/product\/yoast-seo-wordpress\/ -->\n<title>Zolpidem | Kiire Uneabi Lahendus - Transtoyou<\/title>\n<meta name=\"description\" content=\"Avasta Zolpidem l\u00fchiajalise unetuse leevendamiseks arsti retsepti alusel. Kiire toime parema une nimel, j\u00e4rgides kliinilisi juhiseid.\" \/>\n<meta name=\"robots\" content=\"noindex, follow, max-snippet:-1, max-image-preview:large, max-video-preview:-1\" \/>\n<meta property=\"og:locale\" content=\"et_EE\" \/>\n<meta property=\"og:type\" content=\"article\" \/>\n<meta property=\"og:title\" content=\"Zolpidem | Kiire Uneabi Lahendus - Transtoyou\" \/>\n<meta property=\"og:description\" content=\"Avasta Zolpidem l\u00fchiajalise unetuse leevendamiseks arsti retsepti alusel. Kiire toime parema une nimel, j\u00e4rgides kliinilisi juhiseid.\" \/>\n<meta property=\"og:url\" content=\"https:\/\/www.transtoyou.com\/et\/product\/zolpidem\/\" \/>\n<meta property=\"og:site_name\" content=\"Transtoyou - ET\" \/>\n<meta property=\"article:modified_time\" content=\"2026-03-08T11:25:25+00:00\" \/>\n<meta name=\"twitter:card\" content=\"summary_large_image\" \/>\n<meta name=\"twitter:label1\" content=\"Est. reading time\" \/>\n\t<meta name=\"twitter:data1\" content=\"1 minut\" \/>\n<script type=\"application\/ld+json\" class=\"yoast-schema-graph\">{\"@context\":\"https:\/\/schema.org\",\"@graph\":[{\"@type\":\"WebPage\",\"@id\":\"https:\/\/www.transtoyou.com\/et\/product\/zolpidem\/\",\"url\":\"https:\/\/www.transtoyou.com\/et\/product\/zolpidem\/\",\"name\":\"Zolpidem | Kiire Uneabi Lahendus - Transtoyou\",\"isPartOf\":{\"@id\":\"https:\/\/www.transtoyou.com\/et\/#website\"},\"primaryImageOfPage\":{\"@id\":\"https:\/\/www.transtoyou.com\/et\/product\/zolpidem\/#primaryimage\"},\"image\":{\"@id\":\"https:\/\/www.transtoyou.com\/et\/product\/zolpidem\/#primaryimage\"},\"thumbnailUrl\":\"https:\/\/www.transtoyou.com\/et\/wp-content\/uploads\/sites\/7\/2026\/01\/tty-no-product-image-114.webp\",\"datePublished\":\"2026-01-24T19:47:21+00:00\",\"dateModified\":\"2026-03-08T11:25:25+00:00\",\"description\":\"Avasta Zolpidem l\u00fchiajalise unetuse leevendamiseks arsti retsepti alusel. Kiire toime parema une nimel, j\u00e4rgides kliinilisi juhiseid.\",\"breadcrumb\":{\"@id\":\"https:\/\/www.transtoyou.com\/et\/product\/zolpidem\/#breadcrumb\"},\"inLanguage\":\"et\",\"potentialAction\":[{\"@type\":\"ReadAction\",\"target\":[\"https:\/\/www.transtoyou.com\/et\/product\/zolpidem\/\"]}]},{\"@type\":\"ImageObject\",\"inLanguage\":\"et\",\"@id\":\"https:\/\/www.transtoyou.com\/et\/product\/zolpidem\/#primaryimage\",\"url\":\"https:\/\/www.transtoyou.com\/et\/wp-content\/uploads\/sites\/7\/2026\/01\/tty-no-product-image-114.webp\",\"contentUrl\":\"https:\/\/www.transtoyou.com\/et\/wp-content\/uploads\/sites\/7\/2026\/01\/tty-no-product-image-114.webp\",\"width\":1000,\"height\":1000,\"caption\":\"Vaikimisi toote pilt\"},{\"@type\":\"WebSite\",\"@id\":\"https:\/\/www.transtoyou.com\/et\/#website\",\"url\":\"https:\/\/www.transtoyou.com\/et\/\",\"name\":\"Transtoyou - ET\",\"description\":\"\",\"publisher\":{\"@id\":\"https:\/\/www.transtoyou.com\/et\/#organization\"},\"potentialAction\":[{\"@type\":\"SearchAction\",\"target\":{\"@type\":\"EntryPoint\",\"urlTemplate\":\"https:\/\/www.transtoyou.com\/et\/?s={search_term_string}\"},\"query-input\":{\"@type\":\"PropertyValueSpecification\",\"valueRequired\":true,\"valueName\":\"search_term_string\"}}],\"inLanguage\":\"et\"},{\"@type\":\"Organization\",\"@id\":\"https:\/\/www.transtoyou.com\/et\/#organization\",\"name\":\"Transtoyou - ET\",\"url\":\"https:\/\/www.transtoyou.com\/et\/\",\"logo\":{\"@type\":\"ImageObject\",\"inLanguage\":\"et\",\"@id\":\"https:\/\/www.transtoyou.com\/et\/#\/schema\/logo\/image\/\",\"url\":\"https:\/\/www.transtoyou.com\/et\/wp-content\/uploads\/sites\/7\/2026\/01\/logo-tty-menu-bar-300x87-1.webp\",\"contentUrl\":\"https:\/\/www.transtoyou.com\/et\/wp-content\/uploads\/sites\/7\/2026\/01\/logo-tty-menu-bar-300x87-1.webp\",\"width\":300,\"height\":87,\"caption\":\"Transtoyou - ET\"},\"image\":{\"@id\":\"https:\/\/www.transtoyou.com\/et\/#\/schema\/logo\/image\/\"}}]}<\/script>\n<!-- \/ Yoast SEO plugin. -->","yoast_head_json":{"title":"Zolpidem | Kiire Uneabi Lahendus - Transtoyou","description":"Avasta Zolpidem l\u00fchiajalise unetuse leevendamiseks arsti retsepti alusel. Kiire toime parema une nimel, j\u00e4rgides kliinilisi juhiseid.","robots":{"index":"noindex","follow":"follow","max-snippet":"max-snippet:-1","max-image-preview":"max-image-preview:large","max-video-preview":"max-video-preview:-1"},"og_locale":"et_EE","og_type":"article","og_title":"Zolpidem | Kiire Uneabi Lahendus - Transtoyou","og_description":"Avasta Zolpidem l\u00fchiajalise unetuse leevendamiseks arsti retsepti alusel. Kiire toime parema une nimel, j\u00e4rgides kliinilisi juhiseid.","og_url":"https:\/\/www.transtoyou.com\/et\/product\/zolpidem\/","og_site_name":"Transtoyou - ET","article_modified_time":"2026-03-08T11:25:25+00:00","twitter_card":"summary_large_image","twitter_misc":{"Est. reading time":"1 minut"},"schema":{"@context":"https:\/\/schema.org","@graph":[{"@type":"WebPage","@id":"https:\/\/www.transtoyou.com\/et\/product\/zolpidem\/","url":"https:\/\/www.transtoyou.com\/et\/product\/zolpidem\/","name":"Zolpidem | Kiire Uneabi Lahendus - Transtoyou","isPartOf":{"@id":"https:\/\/www.transtoyou.com\/et\/#website"},"primaryImageOfPage":{"@id":"https:\/\/www.transtoyou.com\/et\/product\/zolpidem\/#primaryimage"},"image":{"@id":"https:\/\/www.transtoyou.com\/et\/product\/zolpidem\/#primaryimage"},"thumbnailUrl":"https:\/\/www.transtoyou.com\/et\/wp-content\/uploads\/sites\/7\/2026\/01\/tty-no-product-image-114.webp","datePublished":"2026-01-24T19:47:21+00:00","dateModified":"2026-03-08T11:25:25+00:00","description":"Avasta Zolpidem l\u00fchiajalise unetuse leevendamiseks arsti retsepti alusel. Kiire toime parema une nimel, j\u00e4rgides kliinilisi juhiseid.","breadcrumb":{"@id":"https:\/\/www.transtoyou.com\/et\/product\/zolpidem\/#breadcrumb"},"inLanguage":"et","potentialAction":[{"@type":"ReadAction","target":["https:\/\/www.transtoyou.com\/et\/product\/zolpidem\/"]}]},{"@type":"ImageObject","inLanguage":"et","@id":"https:\/\/www.transtoyou.com\/et\/product\/zolpidem\/#primaryimage","url":"https:\/\/www.transtoyou.com\/et\/wp-content\/uploads\/sites\/7\/2026\/01\/tty-no-product-image-114.webp","contentUrl":"https:\/\/www.transtoyou.com\/et\/wp-content\/uploads\/sites\/7\/2026\/01\/tty-no-product-image-114.webp","width":1000,"height":1000,"caption":"Vaikimisi toote pilt"},{"@type":"WebSite","@id":"https:\/\/www.transtoyou.com\/et\/#website","url":"https:\/\/www.transtoyou.com\/et\/","name":"Transtoyou - ET","description":"","publisher":{"@id":"https:\/\/www.transtoyou.com\/et\/#organization"},"potentialAction":[{"@type":"SearchAction","target":{"@type":"EntryPoint","urlTemplate":"https:\/\/www.transtoyou.com\/et\/?s={search_term_string}"},"query-input":{"@type":"PropertyValueSpecification","valueRequired":true,"valueName":"search_term_string"}}],"inLanguage":"et"},{"@type":"Organization","@id":"https:\/\/www.transtoyou.com\/et\/#organization","name":"Transtoyou - ET","url":"https:\/\/www.transtoyou.com\/et\/","logo":{"@type":"ImageObject","inLanguage":"et","@id":"https:\/\/www.transtoyou.com\/et\/#\/schema\/logo\/image\/","url":"https:\/\/www.transtoyou.com\/et\/wp-content\/uploads\/sites\/7\/2026\/01\/logo-tty-menu-bar-300x87-1.webp","contentUrl":"https:\/\/www.transtoyou.com\/et\/wp-content\/uploads\/sites\/7\/2026\/01\/logo-tty-menu-bar-300x87-1.webp","width":300,"height":87,"caption":"Transtoyou - ET"},"image":{"@id":"https:\/\/www.transtoyou.com\/et\/#\/schema\/logo\/image\/"}}]}},"_links":{"self":[{"href":"https:\/\/www.transtoyou.com\/et\/wp-json\/wp\/v2\/product\/1056","targetHints":{"allow":["GET"]}}],"collection":[{"href":"https:\/\/www.transtoyou.com\/et\/wp-json\/wp\/v2\/product"}],"about":[{"href":"https:\/\/www.transtoyou.com\/et\/wp-json\/wp\/v2\/types\/product"}],"replies":[{"embeddable":true,"href":"https:\/\/www.transtoyou.com\/et\/wp-json\/wp\/v2\/comments?post=1056"}],"wp:featuredmedia":[{"embeddable":true,"href":"https:\/\/www.transtoyou.com\/et\/wp-json\/wp\/v2\/media\/1058"}],"wp:attachment":[{"href":"https:\/\/www.transtoyou.com\/et\/wp-json\/wp\/v2\/media?parent=1056"}],"wp:term":[{"taxonomy":"product_brand","embeddable":true,"href":"https:\/\/www.transtoyou.com\/et\/wp-json\/wp\/v2\/product_brand?post=1056"},{"taxonomy":"product_cat","embeddable":true,"href":"https:\/\/www.transtoyou.com\/et\/wp-json\/wp\/v2\/product_cat?post=1056"},{"taxonomy":"product_tag","embeddable":true,"href":"https:\/\/www.transtoyou.com\/et\/wp-json\/wp\/v2\/product_tag?post=1056"},{"taxonomy":"expert","embeddable":true,"href":"https:\/\/www.transtoyou.com\/et\/wp-json\/wp\/v2\/expert?post=1056"}],"curies":[{"name":"wp","href":"https:\/\/api.w.org\/{rel}","templated":true}]}}