{"id":1062,"date":"2026-01-24T22:20:30","date_gmt":"2026-01-24T20:20:30","guid":{"rendered":"https:\/\/www.transtoyou.com\/et\/product\/invicorp\/"},"modified":"2026-01-24T22:21:24","modified_gmt":"2026-01-24T20:21:24","slug":"invicorp","status":"publish","type":"product","link":"https:\/\/www.transtoyou.com\/et\/product\/invicorp\/","title":{"rendered":"Invicorp"},"content":{"rendered":"<p>Invicorp on ravim, mida kasutatakse erektsioonih\u00e4irete (ED) raviks. See sisaldab kahte toimeainet: aviptadiil ja fentoolamiin, mis t\u00f6\u00f6tavad koos, et parandada verevoolu peenisesse ja v\u00e4hendada vere v\u00e4ljavoolu. See kahekordne toime v\u00f5imaldab saavutada kindla erektsiooni, mis sobib seksuaalseks tegevuseks.<\/p>\n<p>Aviptadiil on s\u00fcnteetiline versioon vasoaktiivsest soolepeptiidist (VIP), mis aitab l\u00f5dvestada silelihaseid ja v\u00e4hendada vere v\u00e4ljavoolu peenisest. Fentoolamiin on alfa-blokaator, mis suurendab verevoolu peenise kudedesse, laiendades veresooni. Koos aitavad nad saavutada ja s\u00e4ilitada erektsiooni, taastades verevoolu loomuliku tasakaalu peenisesse ja sealt v\u00e4lja.<\/p>\n<p>Invicorp&#8217;i kasutatakse meestel, kellel on erektsioonih\u00e4ired, eriti neil, kellele muud ravimeetodid, nagu suukaudsed ravimid, ei ole t\u00f5husad v\u00f5i ei ole soovitatavad. Seda s\u00fcstitakse otse corpora cavernosa&#8217;sse (peenise varre m\u00f5lemal k\u00fcljel asuv pehme kude). Toimed algavad tavaliselt kohe p\u00e4rast s\u00fcstimist ja kestavad tavaliselt mitte kauem kui \u00fcks tund.<\/p>\n","protected":false},"excerpt":{"rendered":"<ul>\n<li>Kiire ja usaldusv\u00e4\u00e4rne erektsiooni tugi<\/li>\n<li>Toimib, kui suukaudsed erektsioonih\u00e4irete ravimid ei aita<\/li>\n<li>Manustatakse otse peenisesse<\/li>\n<\/ul>\n","protected":false},"featured_media":1064,"comment_status":"open","ping_status":"closed","template":"","meta":[],"product_brand":[],"product_cat":[132],"product_tag":[],"expert":[17],"class_list":{"0":"post-1062","1":"product","2":"type-product","3":"status-publish","4":"has-post-thumbnail","6":"product_cat-erektsioonihairete-ravimid","7":"expert-dr-c-munoz-parada","9":"first","10":"instock","11":"shipping-taxable","12":"product-type-variable"},"yoast_head":"<!-- This site is optimized with the Yoast SEO plugin v27.0 - https:\/\/yoast.com\/product\/yoast-seo-wordpress\/ -->\n<title>Invicorp | Paranda vereringet erektsioonih\u00e4irete leevendamiseks - Transtoyou<\/title>\n<meta name=\"description\" content=\"Avasta Invicorp Transtoyou&#039;s, t\u00f5stes oma sooritust ja enesekindlust. Osta n\u00fc\u00fcd t\u00f5hus lahendus, mis toetab sinu tervise eesm\u00e4rke.\" \/>\n<meta name=\"robots\" content=\"noindex, follow, max-snippet:-1, max-image-preview:large, max-video-preview:-1\" \/>\n<meta property=\"og:locale\" content=\"et_EE\" \/>\n<meta property=\"og:type\" content=\"article\" \/>\n<meta property=\"og:title\" content=\"Invicorp | Paranda vereringet erektsioonih\u00e4irete leevendamiseks - Transtoyou\" \/>\n<meta property=\"og:description\" content=\"Avasta Invicorp Transtoyou&#039;s, t\u00f5stes oma sooritust ja enesekindlust. Osta n\u00fc\u00fcd t\u00f5hus lahendus, mis toetab sinu tervise eesm\u00e4rke.\" \/>\n<meta property=\"og:url\" content=\"https:\/\/www.transtoyou.com\/et\/product\/invicorp\/\" \/>\n<meta property=\"og:site_name\" content=\"Transtoyou - ET\" \/>\n<meta property=\"article:modified_time\" content=\"2026-01-24T20:21:24+00:00\" \/>\n<meta name=\"twitter:card\" content=\"summary_large_image\" \/>\n<meta name=\"twitter:label1\" content=\"Est. reading time\" \/>\n\t<meta name=\"twitter:data1\" content=\"1 minut\" \/>\n<script type=\"application\/ld+json\" class=\"yoast-schema-graph\">{\"@context\":\"https:\/\/schema.org\",\"@graph\":[{\"@type\":\"WebPage\",\"@id\":\"https:\/\/www.transtoyou.com\/et\/product\/invicorp\/\",\"url\":\"https:\/\/www.transtoyou.com\/et\/product\/invicorp\/\",\"name\":\"Invicorp | Paranda vereringet erektsioonih\u00e4irete leevendamiseks - Transtoyou\",\"isPartOf\":{\"@id\":\"https:\/\/www.transtoyou.com\/et\/#website\"},\"primaryImageOfPage\":{\"@id\":\"https:\/\/www.transtoyou.com\/et\/product\/invicorp\/#primaryimage\"},\"image\":{\"@id\":\"https:\/\/www.transtoyou.com\/et\/product\/invicorp\/#primaryimage\"},\"thumbnailUrl\":\"https:\/\/www.transtoyou.com\/et\/wp-content\/uploads\/sites\/7\/2026\/01\/tty-no-product-image-116.webp\",\"datePublished\":\"2026-01-24T20:20:30+00:00\",\"dateModified\":\"2026-01-24T20:21:24+00:00\",\"description\":\"Avasta Invicorp Transtoyou's, t\u00f5stes oma sooritust ja enesekindlust. Osta n\u00fc\u00fcd t\u00f5hus lahendus, mis toetab sinu tervise eesm\u00e4rke.\",\"breadcrumb\":{\"@id\":\"https:\/\/www.transtoyou.com\/et\/product\/invicorp\/#breadcrumb\"},\"inLanguage\":\"et\",\"potentialAction\":[{\"@type\":\"ReadAction\",\"target\":[\"https:\/\/www.transtoyou.com\/et\/product\/invicorp\/\"]}]},{\"@type\":\"ImageObject\",\"inLanguage\":\"et\",\"@id\":\"https:\/\/www.transtoyou.com\/et\/product\/invicorp\/#primaryimage\",\"url\":\"https:\/\/www.transtoyou.com\/et\/wp-content\/uploads\/sites\/7\/2026\/01\/tty-no-product-image-116.webp\",\"contentUrl\":\"https:\/\/www.transtoyou.com\/et\/wp-content\/uploads\/sites\/7\/2026\/01\/tty-no-product-image-116.webp\",\"width\":1000,\"height\":1000,\"caption\":\"Vaikimisi toote pilt\"},{\"@type\":\"WebSite\",\"@id\":\"https:\/\/www.transtoyou.com\/et\/#website\",\"url\":\"https:\/\/www.transtoyou.com\/et\/\",\"name\":\"Transtoyou - ET\",\"description\":\"\",\"publisher\":{\"@id\":\"https:\/\/www.transtoyou.com\/et\/#organization\"},\"potentialAction\":[{\"@type\":\"SearchAction\",\"target\":{\"@type\":\"EntryPoint\",\"urlTemplate\":\"https:\/\/www.transtoyou.com\/et\/?s={search_term_string}\"},\"query-input\":{\"@type\":\"PropertyValueSpecification\",\"valueRequired\":true,\"valueName\":\"search_term_string\"}}],\"inLanguage\":\"et\"},{\"@type\":\"Organization\",\"@id\":\"https:\/\/www.transtoyou.com\/et\/#organization\",\"name\":\"Transtoyou - ET\",\"url\":\"https:\/\/www.transtoyou.com\/et\/\",\"logo\":{\"@type\":\"ImageObject\",\"inLanguage\":\"et\",\"@id\":\"https:\/\/www.transtoyou.com\/et\/#\/schema\/logo\/image\/\",\"url\":\"https:\/\/www.transtoyou.com\/et\/wp-content\/uploads\/sites\/7\/2026\/01\/logo-tty-menu-bar-300x87-1.webp\",\"contentUrl\":\"https:\/\/www.transtoyou.com\/et\/wp-content\/uploads\/sites\/7\/2026\/01\/logo-tty-menu-bar-300x87-1.webp\",\"width\":300,\"height\":87,\"caption\":\"Transtoyou - ET\"},\"image\":{\"@id\":\"https:\/\/www.transtoyou.com\/et\/#\/schema\/logo\/image\/\"}}]}<\/script>\n<!-- \/ Yoast SEO plugin. -->","yoast_head_json":{"title":"Invicorp | Paranda vereringet erektsioonih\u00e4irete leevendamiseks - Transtoyou","description":"Avasta Invicorp Transtoyou's, t\u00f5stes oma sooritust ja enesekindlust. Osta n\u00fc\u00fcd t\u00f5hus lahendus, mis toetab sinu tervise eesm\u00e4rke.","robots":{"index":"noindex","follow":"follow","max-snippet":"max-snippet:-1","max-image-preview":"max-image-preview:large","max-video-preview":"max-video-preview:-1"},"og_locale":"et_EE","og_type":"article","og_title":"Invicorp | Paranda vereringet erektsioonih\u00e4irete leevendamiseks - Transtoyou","og_description":"Avasta Invicorp Transtoyou's, t\u00f5stes oma sooritust ja enesekindlust. Osta n\u00fc\u00fcd t\u00f5hus lahendus, mis toetab sinu tervise eesm\u00e4rke.","og_url":"https:\/\/www.transtoyou.com\/et\/product\/invicorp\/","og_site_name":"Transtoyou - ET","article_modified_time":"2026-01-24T20:21:24+00:00","twitter_card":"summary_large_image","twitter_misc":{"Est. reading time":"1 minut"},"schema":{"@context":"https:\/\/schema.org","@graph":[{"@type":"WebPage","@id":"https:\/\/www.transtoyou.com\/et\/product\/invicorp\/","url":"https:\/\/www.transtoyou.com\/et\/product\/invicorp\/","name":"Invicorp | Paranda vereringet erektsioonih\u00e4irete leevendamiseks - Transtoyou","isPartOf":{"@id":"https:\/\/www.transtoyou.com\/et\/#website"},"primaryImageOfPage":{"@id":"https:\/\/www.transtoyou.com\/et\/product\/invicorp\/#primaryimage"},"image":{"@id":"https:\/\/www.transtoyou.com\/et\/product\/invicorp\/#primaryimage"},"thumbnailUrl":"https:\/\/www.transtoyou.com\/et\/wp-content\/uploads\/sites\/7\/2026\/01\/tty-no-product-image-116.webp","datePublished":"2026-01-24T20:20:30+00:00","dateModified":"2026-01-24T20:21:24+00:00","description":"Avasta Invicorp Transtoyou's, t\u00f5stes oma sooritust ja enesekindlust. Osta n\u00fc\u00fcd t\u00f5hus lahendus, mis toetab sinu tervise eesm\u00e4rke.","breadcrumb":{"@id":"https:\/\/www.transtoyou.com\/et\/product\/invicorp\/#breadcrumb"},"inLanguage":"et","potentialAction":[{"@type":"ReadAction","target":["https:\/\/www.transtoyou.com\/et\/product\/invicorp\/"]}]},{"@type":"ImageObject","inLanguage":"et","@id":"https:\/\/www.transtoyou.com\/et\/product\/invicorp\/#primaryimage","url":"https:\/\/www.transtoyou.com\/et\/wp-content\/uploads\/sites\/7\/2026\/01\/tty-no-product-image-116.webp","contentUrl":"https:\/\/www.transtoyou.com\/et\/wp-content\/uploads\/sites\/7\/2026\/01\/tty-no-product-image-116.webp","width":1000,"height":1000,"caption":"Vaikimisi toote pilt"},{"@type":"WebSite","@id":"https:\/\/www.transtoyou.com\/et\/#website","url":"https:\/\/www.transtoyou.com\/et\/","name":"Transtoyou - ET","description":"","publisher":{"@id":"https:\/\/www.transtoyou.com\/et\/#organization"},"potentialAction":[{"@type":"SearchAction","target":{"@type":"EntryPoint","urlTemplate":"https:\/\/www.transtoyou.com\/et\/?s={search_term_string}"},"query-input":{"@type":"PropertyValueSpecification","valueRequired":true,"valueName":"search_term_string"}}],"inLanguage":"et"},{"@type":"Organization","@id":"https:\/\/www.transtoyou.com\/et\/#organization","name":"Transtoyou - ET","url":"https:\/\/www.transtoyou.com\/et\/","logo":{"@type":"ImageObject","inLanguage":"et","@id":"https:\/\/www.transtoyou.com\/et\/#\/schema\/logo\/image\/","url":"https:\/\/www.transtoyou.com\/et\/wp-content\/uploads\/sites\/7\/2026\/01\/logo-tty-menu-bar-300x87-1.webp","contentUrl":"https:\/\/www.transtoyou.com\/et\/wp-content\/uploads\/sites\/7\/2026\/01\/logo-tty-menu-bar-300x87-1.webp","width":300,"height":87,"caption":"Transtoyou - ET"},"image":{"@id":"https:\/\/www.transtoyou.com\/et\/#\/schema\/logo\/image\/"}}]}},"_links":{"self":[{"href":"https:\/\/www.transtoyou.com\/et\/wp-json\/wp\/v2\/product\/1062","targetHints":{"allow":["GET"]}}],"collection":[{"href":"https:\/\/www.transtoyou.com\/et\/wp-json\/wp\/v2\/product"}],"about":[{"href":"https:\/\/www.transtoyou.com\/et\/wp-json\/wp\/v2\/types\/product"}],"replies":[{"embeddable":true,"href":"https:\/\/www.transtoyou.com\/et\/wp-json\/wp\/v2\/comments?post=1062"}],"wp:featuredmedia":[{"embeddable":true,"href":"https:\/\/www.transtoyou.com\/et\/wp-json\/wp\/v2\/media\/1064"}],"wp:attachment":[{"href":"https:\/\/www.transtoyou.com\/et\/wp-json\/wp\/v2\/media?parent=1062"}],"wp:term":[{"taxonomy":"product_brand","embeddable":true,"href":"https:\/\/www.transtoyou.com\/et\/wp-json\/wp\/v2\/product_brand?post=1062"},{"taxonomy":"product_cat","embeddable":true,"href":"https:\/\/www.transtoyou.com\/et\/wp-json\/wp\/v2\/product_cat?post=1062"},{"taxonomy":"product_tag","embeddable":true,"href":"https:\/\/www.transtoyou.com\/et\/wp-json\/wp\/v2\/product_tag?post=1062"},{"taxonomy":"expert","embeddable":true,"href":"https:\/\/www.transtoyou.com\/et\/wp-json\/wp\/v2\/expert?post=1062"}],"curies":[{"name":"wp","href":"https:\/\/api.w.org\/{rel}","templated":true}]}}