{"id":1065,"date":"2026-01-24T22:36:19","date_gmt":"2026-01-24T20:36:19","guid":{"rendered":"https:\/\/www.transtoyou.com\/et\/product\/fortacin\/"},"modified":"2026-01-24T22:37:17","modified_gmt":"2026-01-24T20:37:17","slug":"fortacin","status":"publish","type":"product","link":"https:\/\/www.transtoyou.com\/et\/product\/fortacin\/","title":{"rendered":"Fortacin"},"content":{"rendered":"<p>Fortacin on retseptiravim, mis on v\u00e4lja t\u00f6\u00f6tatud enneaegse ejakulatsiooni ravimiseks t\u00e4iskasvanud meestel. See sisaldab kahte kohalikku tuimestit, lidokaiini ja prilokaiini, mis t\u00f6\u00f6tavad koos, et ajutiselt v\u00e4hendada peenise tundlikkust. Pinna tuimestamise kaudu aitab toode viivitada ejakulatsiooni ja parandada kontrolli seksuaalse tegevuse ajal.<\/p>\n<p>Seda spreid kantakse otse peenise pea peale enne vahekorda. See imendub kiiresti ja hakkab m\u00f5juma minutite jooksul, pakkudes lihtsat ja mitteinvasiivset lahendust seisundile, mis v\u00f5ib p\u00f5hjustada emotsionaalset stressi ja suhteprobleeme. Fortacin on loodud s\u00e4ilitama naudingutunde, pikendades aega enne ejakulatsiooni toimumist.<\/p>\n<p>Erinevalt suukaudsetest ravimitest toimib Fortacin kohalikult ja ei vaja s\u00fcsteemset imendumist. See teeb sellest kasuliku valiku meestele, kes eelistavad v\u00e4ltida tablette v\u00f5i kes ei pruugi olla sobivad kandidaadid suukaudsetele ravidele. T\u00e4nu oma sihip\u00e4rasele toimele ja kiirele toime algusele saab seda kasutada vastavalt vajadusele, pakkudes paindlikkust s\u00fcmptomite juhtimisel.<\/p>\n<p>Enamik mehi talub spreid h\u00e4sti, kuigi m\u00f5ned v\u00f5ivad kogeda kerget nah\u00e4rritust, ajutist tuimust v\u00f5i v\u00e4henenud tundlikkust. Need efektid on tavaliselt l\u00fchiajalised ja v\u00e4henevad j\u00e4tkuva kasutamisega. Fortacin ei ole rasestumisvastane vahend ja ei kaitse sugulisel teel levivate nakkuste eest, seega tuleks vajadusel kasutada sobivat kaitset.<\/p>\n","protected":false},"excerpt":{"rendered":"<ul>\n<li>Sprei ravi enneaegse ejakulatsiooni vastu<\/li>\n<li>Koostises lidokaiin ja prilokaiin<\/li>\n<li>Kiire toime kohaliku efektiga<\/li>\n<\/ul>\n","protected":false},"featured_media":1067,"comment_status":"open","ping_status":"closed","template":"","meta":[],"product_brand":[],"product_cat":[174],"product_tag":[],"expert":[16],"class_list":{"0":"post-1065","1":"product","2":"type-product","3":"status-publish","4":"has-post-thumbnail","6":"product_cat-erektiihairete-lahendused","7":"expert-dr-c-alexandru","9":"first","10":"instock","11":"shipping-taxable","12":"product-type-variable"},"yoast_head":"<!-- This site is optimized with the Yoast SEO plugin v27.0 - https:\/\/yoast.com\/product\/yoast-seo-wordpress\/ -->\n<title>Fortacin | Kiire leevendus enneaegse ejakulatsiooni korral - Transtoyou<\/title>\n<meta name=\"description\" content=\"Fortacin on n\u00fc\u00fcd saadaval Transtoyou&#039;s, pakkudes kiiret leevendust enneaegse ejakulatsiooni korral. Uuri t\u00f5husaid lahendusi ja osta kindlalt t\u00e4na.\" \/>\n<meta name=\"robots\" content=\"noindex, follow, max-snippet:-1, max-image-preview:large, max-video-preview:-1\" \/>\n<meta property=\"og:locale\" content=\"et_EE\" \/>\n<meta property=\"og:type\" content=\"article\" \/>\n<meta property=\"og:title\" content=\"Fortacin | Kiire leevendus enneaegse ejakulatsiooni korral - Transtoyou\" \/>\n<meta property=\"og:description\" content=\"Fortacin on n\u00fc\u00fcd saadaval Transtoyou&#039;s, pakkudes kiiret leevendust enneaegse ejakulatsiooni korral. Uuri t\u00f5husaid lahendusi ja osta kindlalt t\u00e4na.\" \/>\n<meta property=\"og:url\" content=\"https:\/\/www.transtoyou.com\/et\/product\/fortacin\/\" \/>\n<meta property=\"og:site_name\" content=\"Transtoyou - ET\" \/>\n<meta property=\"article:modified_time\" content=\"2026-01-24T20:37:17+00:00\" \/>\n<meta name=\"twitter:card\" content=\"summary_large_image\" \/>\n<meta name=\"twitter:label1\" content=\"Est. reading time\" \/>\n\t<meta name=\"twitter:data1\" content=\"1 minut\" \/>\n<script type=\"application\/ld+json\" class=\"yoast-schema-graph\">{\"@context\":\"https:\/\/schema.org\",\"@graph\":[{\"@type\":\"WebPage\",\"@id\":\"https:\/\/www.transtoyou.com\/et\/product\/fortacin\/\",\"url\":\"https:\/\/www.transtoyou.com\/et\/product\/fortacin\/\",\"name\":\"Fortacin | Kiire leevendus enneaegse ejakulatsiooni korral - Transtoyou\",\"isPartOf\":{\"@id\":\"https:\/\/www.transtoyou.com\/et\/#website\"},\"primaryImageOfPage\":{\"@id\":\"https:\/\/www.transtoyou.com\/et\/product\/fortacin\/#primaryimage\"},\"image\":{\"@id\":\"https:\/\/www.transtoyou.com\/et\/product\/fortacin\/#primaryimage\"},\"thumbnailUrl\":\"https:\/\/www.transtoyou.com\/et\/wp-content\/uploads\/sites\/7\/2026\/01\/tty-no-product-image-117.webp\",\"datePublished\":\"2026-01-24T20:36:19+00:00\",\"dateModified\":\"2026-01-24T20:37:17+00:00\",\"description\":\"Fortacin on n\u00fc\u00fcd saadaval Transtoyou's, pakkudes kiiret leevendust enneaegse ejakulatsiooni korral. Uuri t\u00f5husaid lahendusi ja osta kindlalt t\u00e4na.\",\"breadcrumb\":{\"@id\":\"https:\/\/www.transtoyou.com\/et\/product\/fortacin\/#breadcrumb\"},\"inLanguage\":\"et\",\"potentialAction\":[{\"@type\":\"ReadAction\",\"target\":[\"https:\/\/www.transtoyou.com\/et\/product\/fortacin\/\"]}]},{\"@type\":\"ImageObject\",\"inLanguage\":\"et\",\"@id\":\"https:\/\/www.transtoyou.com\/et\/product\/fortacin\/#primaryimage\",\"url\":\"https:\/\/www.transtoyou.com\/et\/wp-content\/uploads\/sites\/7\/2026\/01\/tty-no-product-image-117.webp\",\"contentUrl\":\"https:\/\/www.transtoyou.com\/et\/wp-content\/uploads\/sites\/7\/2026\/01\/tty-no-product-image-117.webp\",\"width\":1000,\"height\":1000,\"caption\":\"Vaikimisi toote pilt\"},{\"@type\":\"WebSite\",\"@id\":\"https:\/\/www.transtoyou.com\/et\/#website\",\"url\":\"https:\/\/www.transtoyou.com\/et\/\",\"name\":\"Transtoyou - ET\",\"description\":\"\",\"publisher\":{\"@id\":\"https:\/\/www.transtoyou.com\/et\/#organization\"},\"potentialAction\":[{\"@type\":\"SearchAction\",\"target\":{\"@type\":\"EntryPoint\",\"urlTemplate\":\"https:\/\/www.transtoyou.com\/et\/?s={search_term_string}\"},\"query-input\":{\"@type\":\"PropertyValueSpecification\",\"valueRequired\":true,\"valueName\":\"search_term_string\"}}],\"inLanguage\":\"et\"},{\"@type\":\"Organization\",\"@id\":\"https:\/\/www.transtoyou.com\/et\/#organization\",\"name\":\"Transtoyou - ET\",\"url\":\"https:\/\/www.transtoyou.com\/et\/\",\"logo\":{\"@type\":\"ImageObject\",\"inLanguage\":\"et\",\"@id\":\"https:\/\/www.transtoyou.com\/et\/#\/schema\/logo\/image\/\",\"url\":\"https:\/\/www.transtoyou.com\/et\/wp-content\/uploads\/sites\/7\/2026\/01\/logo-tty-menu-bar-300x87-1.webp\",\"contentUrl\":\"https:\/\/www.transtoyou.com\/et\/wp-content\/uploads\/sites\/7\/2026\/01\/logo-tty-menu-bar-300x87-1.webp\",\"width\":300,\"height\":87,\"caption\":\"Transtoyou - ET\"},\"image\":{\"@id\":\"https:\/\/www.transtoyou.com\/et\/#\/schema\/logo\/image\/\"}}]}<\/script>\n<!-- \/ Yoast SEO plugin. -->","yoast_head_json":{"title":"Fortacin | Kiire leevendus enneaegse ejakulatsiooni korral - Transtoyou","description":"Fortacin on n\u00fc\u00fcd saadaval Transtoyou's, pakkudes kiiret leevendust enneaegse ejakulatsiooni korral. Uuri t\u00f5husaid lahendusi ja osta kindlalt t\u00e4na.","robots":{"index":"noindex","follow":"follow","max-snippet":"max-snippet:-1","max-image-preview":"max-image-preview:large","max-video-preview":"max-video-preview:-1"},"og_locale":"et_EE","og_type":"article","og_title":"Fortacin | Kiire leevendus enneaegse ejakulatsiooni korral - Transtoyou","og_description":"Fortacin on n\u00fc\u00fcd saadaval Transtoyou's, pakkudes kiiret leevendust enneaegse ejakulatsiooni korral. Uuri t\u00f5husaid lahendusi ja osta kindlalt t\u00e4na.","og_url":"https:\/\/www.transtoyou.com\/et\/product\/fortacin\/","og_site_name":"Transtoyou - ET","article_modified_time":"2026-01-24T20:37:17+00:00","twitter_card":"summary_large_image","twitter_misc":{"Est. reading time":"1 minut"},"schema":{"@context":"https:\/\/schema.org","@graph":[{"@type":"WebPage","@id":"https:\/\/www.transtoyou.com\/et\/product\/fortacin\/","url":"https:\/\/www.transtoyou.com\/et\/product\/fortacin\/","name":"Fortacin | Kiire leevendus enneaegse ejakulatsiooni korral - Transtoyou","isPartOf":{"@id":"https:\/\/www.transtoyou.com\/et\/#website"},"primaryImageOfPage":{"@id":"https:\/\/www.transtoyou.com\/et\/product\/fortacin\/#primaryimage"},"image":{"@id":"https:\/\/www.transtoyou.com\/et\/product\/fortacin\/#primaryimage"},"thumbnailUrl":"https:\/\/www.transtoyou.com\/et\/wp-content\/uploads\/sites\/7\/2026\/01\/tty-no-product-image-117.webp","datePublished":"2026-01-24T20:36:19+00:00","dateModified":"2026-01-24T20:37:17+00:00","description":"Fortacin on n\u00fc\u00fcd saadaval Transtoyou's, pakkudes kiiret leevendust enneaegse ejakulatsiooni korral. Uuri t\u00f5husaid lahendusi ja osta kindlalt t\u00e4na.","breadcrumb":{"@id":"https:\/\/www.transtoyou.com\/et\/product\/fortacin\/#breadcrumb"},"inLanguage":"et","potentialAction":[{"@type":"ReadAction","target":["https:\/\/www.transtoyou.com\/et\/product\/fortacin\/"]}]},{"@type":"ImageObject","inLanguage":"et","@id":"https:\/\/www.transtoyou.com\/et\/product\/fortacin\/#primaryimage","url":"https:\/\/www.transtoyou.com\/et\/wp-content\/uploads\/sites\/7\/2026\/01\/tty-no-product-image-117.webp","contentUrl":"https:\/\/www.transtoyou.com\/et\/wp-content\/uploads\/sites\/7\/2026\/01\/tty-no-product-image-117.webp","width":1000,"height":1000,"caption":"Vaikimisi toote pilt"},{"@type":"WebSite","@id":"https:\/\/www.transtoyou.com\/et\/#website","url":"https:\/\/www.transtoyou.com\/et\/","name":"Transtoyou - ET","description":"","publisher":{"@id":"https:\/\/www.transtoyou.com\/et\/#organization"},"potentialAction":[{"@type":"SearchAction","target":{"@type":"EntryPoint","urlTemplate":"https:\/\/www.transtoyou.com\/et\/?s={search_term_string}"},"query-input":{"@type":"PropertyValueSpecification","valueRequired":true,"valueName":"search_term_string"}}],"inLanguage":"et"},{"@type":"Organization","@id":"https:\/\/www.transtoyou.com\/et\/#organization","name":"Transtoyou - ET","url":"https:\/\/www.transtoyou.com\/et\/","logo":{"@type":"ImageObject","inLanguage":"et","@id":"https:\/\/www.transtoyou.com\/et\/#\/schema\/logo\/image\/","url":"https:\/\/www.transtoyou.com\/et\/wp-content\/uploads\/sites\/7\/2026\/01\/logo-tty-menu-bar-300x87-1.webp","contentUrl":"https:\/\/www.transtoyou.com\/et\/wp-content\/uploads\/sites\/7\/2026\/01\/logo-tty-menu-bar-300x87-1.webp","width":300,"height":87,"caption":"Transtoyou - ET"},"image":{"@id":"https:\/\/www.transtoyou.com\/et\/#\/schema\/logo\/image\/"}}]}},"_links":{"self":[{"href":"https:\/\/www.transtoyou.com\/et\/wp-json\/wp\/v2\/product\/1065","targetHints":{"allow":["GET"]}}],"collection":[{"href":"https:\/\/www.transtoyou.com\/et\/wp-json\/wp\/v2\/product"}],"about":[{"href":"https:\/\/www.transtoyou.com\/et\/wp-json\/wp\/v2\/types\/product"}],"replies":[{"embeddable":true,"href":"https:\/\/www.transtoyou.com\/et\/wp-json\/wp\/v2\/comments?post=1065"}],"wp:featuredmedia":[{"embeddable":true,"href":"https:\/\/www.transtoyou.com\/et\/wp-json\/wp\/v2\/media\/1067"}],"wp:attachment":[{"href":"https:\/\/www.transtoyou.com\/et\/wp-json\/wp\/v2\/media?parent=1065"}],"wp:term":[{"taxonomy":"product_brand","embeddable":true,"href":"https:\/\/www.transtoyou.com\/et\/wp-json\/wp\/v2\/product_brand?post=1065"},{"taxonomy":"product_cat","embeddable":true,"href":"https:\/\/www.transtoyou.com\/et\/wp-json\/wp\/v2\/product_cat?post=1065"},{"taxonomy":"product_tag","embeddable":true,"href":"https:\/\/www.transtoyou.com\/et\/wp-json\/wp\/v2\/product_tag?post=1065"},{"taxonomy":"expert","embeddable":true,"href":"https:\/\/www.transtoyou.com\/et\/wp-json\/wp\/v2\/expert?post=1065"}],"curies":[{"name":"wp","href":"https:\/\/api.w.org\/{rel}","templated":true}]}}