{"id":1068,"date":"2026-01-24T22:52:07","date_gmt":"2026-01-24T20:52:07","guid":{"rendered":"https:\/\/www.transtoyou.com\/et\/product\/priligy\/"},"modified":"2026-03-01T14:03:14","modified_gmt":"2026-03-01T12:03:14","slug":"priligy","status":"publish","type":"product","link":"https:\/\/www.transtoyou.com\/et\/product\/priligy\/","title":{"rendered":"Priligy"},"content":{"rendered":"<p>Priligy sisaldab dapoksetiini, kiiresti toimivat ravimit, mida kasutatakse enneaegse ejakulatsiooni raviks t\u00e4iskasvanud meestel. See kuulub ravimite r\u00fchma, mida nimetatakse selektiivseteks serotoniini tagasihaarde inhibiitoriteks (SSRI-d), kuid on m\u00f5eldud spetsiaalselt vajadusel kasutamiseks, mitte igap\u00e4evaseks kasutamiseks. Suurendades serotoniini aktiivsust n\u00e4rvis\u00fcsteemis, aitab Priligy viivitada ejakulatsiooni, parandada kontrolli ja v\u00e4hendada seisundiga seotud \u00e4revust.<\/p>\n<p>Enneaegne ejakulatsioon on \u00fcks levinumaid meeste seksuaalseid muresid. See v\u00f5ib m\u00f5jutada enesekindlust ja intiimsust, isegi tervetes suhetes. Priligy pakub lahendust, mis sobib paindlikku rutiini, kuna seda v\u00f5etakse ainult vajadusel, umbes \u00fcks kuni kolm tundi enne seksuaalset tegevust. Ravim imendub kiiresti ja hakkab enamikul kasutajatest toimima 30 kuni 60 minuti jooksul.<\/p>\n<p>Erinevalt paljusid ravimeid, mis n\u00f5uavad pidevat kasutamist, muudab Priligy l\u00fchike toime ja kiire elimineerimine kehast mugavaks valikuks neile, kes eelistavad mitte kasutada igap\u00e4evast ravimit. Enamik kasutajaid teatab seksuaalse soorituse suuremast rahulolust ja paremast kontrollist ejakulatsiooni \u00fcle p\u00e4rast Priligy kasutamise alustamist.<\/p>\n<p>Priligy talutakse \u00fcldiselt h\u00e4sti. M\u00f5ned mehed kogevad iiveldust, peap\u00f6\u00f6ritust v\u00f5i peavalu, eriti ravimi esmakordsel kasutamisel. Alkoholi tarbimine v\u00f5ib neid toimeid suurendada, seega soovitatakse alkoholi v\u00e4ltida vahetult enne kasutamist. See ravim ei ole m\u00f5eldud meestele, kellel on s\u00fcdameprobleemid v\u00f5i kes v\u00f5tavad ravimeid, mis m\u00f5jutavad verer\u00f5hku v\u00f5i serotoniini taset.<\/p>\n","protected":false},"excerpt":{"rendered":"<ul>\n<li>Tellimusel suuline ravi enneaegse ejakulatsiooni jaoks<\/li>\n<li>Sisaldab dapoksetiini, l\u00fchitoimelist SSRI-d<\/li>\n<li>Parandab kontrolli ja v\u00e4hendab seksuaalset \u00e4revust<\/li>\n<\/ul>\n","protected":false},"featured_media":1070,"comment_status":"open","ping_status":"closed","template":"","meta":[],"product_brand":[],"product_cat":[174],"product_tag":[],"expert":[16],"class_list":{"0":"post-1068","1":"product","2":"type-product","3":"status-publish","4":"has-post-thumbnail","6":"product_cat-erektiihairete-lahendused","7":"expert-dr-c-alexandru","9":"first","10":"instock","11":"shipping-taxable","12":"product-type-variable"},"yoast_head":"<!-- This site is optimized with the Yoast SEO plugin v27.0 - https:\/\/yoast.com\/product\/yoast-seo-wordpress\/ -->\n<title>Priligy | Paranda Vitaliteeti ja Vastupidavust - Transtoyou<\/title>\n<meta name=\"description\" content=\"Priligy on saadaval Transtoyou&#039;s, pakkudes ainulaadset abi enneaegse ejakulatsiooni korral. Osta n\u00fc\u00fcd ja saa mugav juurdep\u00e4\u00e4s sellele t\u00f5husale lahendusele.\" \/>\n<meta name=\"robots\" content=\"noindex, follow, max-snippet:-1, max-image-preview:large, max-video-preview:-1\" \/>\n<meta property=\"og:locale\" content=\"et_EE\" \/>\n<meta property=\"og:type\" content=\"article\" \/>\n<meta property=\"og:title\" content=\"Priligy | Paranda Vitaliteeti ja Vastupidavust - Transtoyou\" \/>\n<meta property=\"og:description\" content=\"Priligy on saadaval Transtoyou&#039;s, pakkudes ainulaadset abi enneaegse ejakulatsiooni korral. Osta n\u00fc\u00fcd ja saa mugav juurdep\u00e4\u00e4s sellele t\u00f5husale lahendusele.\" \/>\n<meta property=\"og:url\" content=\"https:\/\/www.transtoyou.com\/et\/product\/priligy\/\" \/>\n<meta property=\"og:site_name\" content=\"Transtoyou - ET\" \/>\n<meta property=\"article:modified_time\" content=\"2026-03-01T12:03:14+00:00\" \/>\n<meta name=\"twitter:card\" content=\"summary_large_image\" \/>\n<meta name=\"twitter:label1\" content=\"Est. reading time\" \/>\n\t<meta name=\"twitter:data1\" content=\"1 minut\" \/>\n<script type=\"application\/ld+json\" class=\"yoast-schema-graph\">{\"@context\":\"https:\/\/schema.org\",\"@graph\":[{\"@type\":\"WebPage\",\"@id\":\"https:\/\/www.transtoyou.com\/et\/product\/priligy\/\",\"url\":\"https:\/\/www.transtoyou.com\/et\/product\/priligy\/\",\"name\":\"Priligy | Paranda Vitaliteeti ja Vastupidavust - Transtoyou\",\"isPartOf\":{\"@id\":\"https:\/\/www.transtoyou.com\/et\/#website\"},\"primaryImageOfPage\":{\"@id\":\"https:\/\/www.transtoyou.com\/et\/product\/priligy\/#primaryimage\"},\"image\":{\"@id\":\"https:\/\/www.transtoyou.com\/et\/product\/priligy\/#primaryimage\"},\"thumbnailUrl\":\"https:\/\/www.transtoyou.com\/et\/wp-content\/uploads\/sites\/7\/2026\/01\/tty-no-product-image-118.webp\",\"datePublished\":\"2026-01-24T20:52:07+00:00\",\"dateModified\":\"2026-03-01T12:03:14+00:00\",\"description\":\"Priligy on saadaval Transtoyou's, pakkudes ainulaadset abi enneaegse ejakulatsiooni korral. Osta n\u00fc\u00fcd ja saa mugav juurdep\u00e4\u00e4s sellele t\u00f5husale lahendusele.\",\"breadcrumb\":{\"@id\":\"https:\/\/www.transtoyou.com\/et\/product\/priligy\/#breadcrumb\"},\"inLanguage\":\"et\",\"potentialAction\":[{\"@type\":\"ReadAction\",\"target\":[\"https:\/\/www.transtoyou.com\/et\/product\/priligy\/\"]}]},{\"@type\":\"ImageObject\",\"inLanguage\":\"et\",\"@id\":\"https:\/\/www.transtoyou.com\/et\/product\/priligy\/#primaryimage\",\"url\":\"https:\/\/www.transtoyou.com\/et\/wp-content\/uploads\/sites\/7\/2026\/01\/tty-no-product-image-118.webp\",\"contentUrl\":\"https:\/\/www.transtoyou.com\/et\/wp-content\/uploads\/sites\/7\/2026\/01\/tty-no-product-image-118.webp\",\"width\":1000,\"height\":1000,\"caption\":\"Vaikimisi toote pilt\"},{\"@type\":\"WebSite\",\"@id\":\"https:\/\/www.transtoyou.com\/et\/#website\",\"url\":\"https:\/\/www.transtoyou.com\/et\/\",\"name\":\"Transtoyou - ET\",\"description\":\"\",\"publisher\":{\"@id\":\"https:\/\/www.transtoyou.com\/et\/#organization\"},\"potentialAction\":[{\"@type\":\"SearchAction\",\"target\":{\"@type\":\"EntryPoint\",\"urlTemplate\":\"https:\/\/www.transtoyou.com\/et\/?s={search_term_string}\"},\"query-input\":{\"@type\":\"PropertyValueSpecification\",\"valueRequired\":true,\"valueName\":\"search_term_string\"}}],\"inLanguage\":\"et\"},{\"@type\":\"Organization\",\"@id\":\"https:\/\/www.transtoyou.com\/et\/#organization\",\"name\":\"Transtoyou - ET\",\"url\":\"https:\/\/www.transtoyou.com\/et\/\",\"logo\":{\"@type\":\"ImageObject\",\"inLanguage\":\"et\",\"@id\":\"https:\/\/www.transtoyou.com\/et\/#\/schema\/logo\/image\/\",\"url\":\"https:\/\/www.transtoyou.com\/et\/wp-content\/uploads\/sites\/7\/2026\/01\/logo-tty-menu-bar-300x87-1.webp\",\"contentUrl\":\"https:\/\/www.transtoyou.com\/et\/wp-content\/uploads\/sites\/7\/2026\/01\/logo-tty-menu-bar-300x87-1.webp\",\"width\":300,\"height\":87,\"caption\":\"Transtoyou - ET\"},\"image\":{\"@id\":\"https:\/\/www.transtoyou.com\/et\/#\/schema\/logo\/image\/\"}}]}<\/script>\n<!-- \/ Yoast SEO plugin. -->","yoast_head_json":{"title":"Priligy | Paranda Vitaliteeti ja Vastupidavust - Transtoyou","description":"Priligy on saadaval Transtoyou's, pakkudes ainulaadset abi enneaegse ejakulatsiooni korral. Osta n\u00fc\u00fcd ja saa mugav juurdep\u00e4\u00e4s sellele t\u00f5husale lahendusele.","robots":{"index":"noindex","follow":"follow","max-snippet":"max-snippet:-1","max-image-preview":"max-image-preview:large","max-video-preview":"max-video-preview:-1"},"og_locale":"et_EE","og_type":"article","og_title":"Priligy | Paranda Vitaliteeti ja Vastupidavust - Transtoyou","og_description":"Priligy on saadaval Transtoyou's, pakkudes ainulaadset abi enneaegse ejakulatsiooni korral. Osta n\u00fc\u00fcd ja saa mugav juurdep\u00e4\u00e4s sellele t\u00f5husale lahendusele.","og_url":"https:\/\/www.transtoyou.com\/et\/product\/priligy\/","og_site_name":"Transtoyou - ET","article_modified_time":"2026-03-01T12:03:14+00:00","twitter_card":"summary_large_image","twitter_misc":{"Est. reading time":"1 minut"},"schema":{"@context":"https:\/\/schema.org","@graph":[{"@type":"WebPage","@id":"https:\/\/www.transtoyou.com\/et\/product\/priligy\/","url":"https:\/\/www.transtoyou.com\/et\/product\/priligy\/","name":"Priligy | Paranda Vitaliteeti ja Vastupidavust - Transtoyou","isPartOf":{"@id":"https:\/\/www.transtoyou.com\/et\/#website"},"primaryImageOfPage":{"@id":"https:\/\/www.transtoyou.com\/et\/product\/priligy\/#primaryimage"},"image":{"@id":"https:\/\/www.transtoyou.com\/et\/product\/priligy\/#primaryimage"},"thumbnailUrl":"https:\/\/www.transtoyou.com\/et\/wp-content\/uploads\/sites\/7\/2026\/01\/tty-no-product-image-118.webp","datePublished":"2026-01-24T20:52:07+00:00","dateModified":"2026-03-01T12:03:14+00:00","description":"Priligy on saadaval Transtoyou's, pakkudes ainulaadset abi enneaegse ejakulatsiooni korral. Osta n\u00fc\u00fcd ja saa mugav juurdep\u00e4\u00e4s sellele t\u00f5husale lahendusele.","breadcrumb":{"@id":"https:\/\/www.transtoyou.com\/et\/product\/priligy\/#breadcrumb"},"inLanguage":"et","potentialAction":[{"@type":"ReadAction","target":["https:\/\/www.transtoyou.com\/et\/product\/priligy\/"]}]},{"@type":"ImageObject","inLanguage":"et","@id":"https:\/\/www.transtoyou.com\/et\/product\/priligy\/#primaryimage","url":"https:\/\/www.transtoyou.com\/et\/wp-content\/uploads\/sites\/7\/2026\/01\/tty-no-product-image-118.webp","contentUrl":"https:\/\/www.transtoyou.com\/et\/wp-content\/uploads\/sites\/7\/2026\/01\/tty-no-product-image-118.webp","width":1000,"height":1000,"caption":"Vaikimisi toote pilt"},{"@type":"WebSite","@id":"https:\/\/www.transtoyou.com\/et\/#website","url":"https:\/\/www.transtoyou.com\/et\/","name":"Transtoyou - ET","description":"","publisher":{"@id":"https:\/\/www.transtoyou.com\/et\/#organization"},"potentialAction":[{"@type":"SearchAction","target":{"@type":"EntryPoint","urlTemplate":"https:\/\/www.transtoyou.com\/et\/?s={search_term_string}"},"query-input":{"@type":"PropertyValueSpecification","valueRequired":true,"valueName":"search_term_string"}}],"inLanguage":"et"},{"@type":"Organization","@id":"https:\/\/www.transtoyou.com\/et\/#organization","name":"Transtoyou - ET","url":"https:\/\/www.transtoyou.com\/et\/","logo":{"@type":"ImageObject","inLanguage":"et","@id":"https:\/\/www.transtoyou.com\/et\/#\/schema\/logo\/image\/","url":"https:\/\/www.transtoyou.com\/et\/wp-content\/uploads\/sites\/7\/2026\/01\/logo-tty-menu-bar-300x87-1.webp","contentUrl":"https:\/\/www.transtoyou.com\/et\/wp-content\/uploads\/sites\/7\/2026\/01\/logo-tty-menu-bar-300x87-1.webp","width":300,"height":87,"caption":"Transtoyou - ET"},"image":{"@id":"https:\/\/www.transtoyou.com\/et\/#\/schema\/logo\/image\/"}}]}},"_links":{"self":[{"href":"https:\/\/www.transtoyou.com\/et\/wp-json\/wp\/v2\/product\/1068","targetHints":{"allow":["GET"]}}],"collection":[{"href":"https:\/\/www.transtoyou.com\/et\/wp-json\/wp\/v2\/product"}],"about":[{"href":"https:\/\/www.transtoyou.com\/et\/wp-json\/wp\/v2\/types\/product"}],"replies":[{"embeddable":true,"href":"https:\/\/www.transtoyou.com\/et\/wp-json\/wp\/v2\/comments?post=1068"}],"wp:featuredmedia":[{"embeddable":true,"href":"https:\/\/www.transtoyou.com\/et\/wp-json\/wp\/v2\/media\/1070"}],"wp:attachment":[{"href":"https:\/\/www.transtoyou.com\/et\/wp-json\/wp\/v2\/media?parent=1068"}],"wp:term":[{"taxonomy":"product_brand","embeddable":true,"href":"https:\/\/www.transtoyou.com\/et\/wp-json\/wp\/v2\/product_brand?post=1068"},{"taxonomy":"product_cat","embeddable":true,"href":"https:\/\/www.transtoyou.com\/et\/wp-json\/wp\/v2\/product_cat?post=1068"},{"taxonomy":"product_tag","embeddable":true,"href":"https:\/\/www.transtoyou.com\/et\/wp-json\/wp\/v2\/product_tag?post=1068"},{"taxonomy":"expert","embeddable":true,"href":"https:\/\/www.transtoyou.com\/et\/wp-json\/wp\/v2\/expert?post=1068"}],"curies":[{"name":"wp","href":"https:\/\/api.w.org\/{rel}","templated":true}]}}