{"id":1074,"date":"2026-01-24T23:25:33","date_gmt":"2026-01-24T21:25:33","guid":{"rendered":"https:\/\/www.transtoyou.com\/et\/product\/diamicron\/"},"modified":"2026-01-24T23:26:43","modified_gmt":"2026-01-24T21:26:43","slug":"diamicron","status":"publish","type":"product","link":"https:\/\/www.transtoyou.com\/et\/product\/diamicron\/","title":{"rendered":"Diamicron"},"content":{"rendered":"<p>Diamicron on suukaudne ravim, mis kuulub sulfon\u00fc\u00fcluurea ravimite klassi. See aitab hallata veresuhkru taset 2. t\u00fc\u00fcpi diabeediga inimestel. Diamicron toimib, stimuleerides k\u00f5hun\u00e4\u00e4ret vabastama rohkem insuliini, hormooni, mis aitab alandada gl\u00fckoosi taset veres. See on eriti kasulik inimestele, kelle keha toodab endiselt insuliini, kuid ei reageeri sellele t\u00f5husalt.<\/p>\n<p>2. t\u00fc\u00fcpi diabeedi korral muutub keha insuliini suhtes resistentseks v\u00f5i ei tooda piisavalt insuliini, et hoida veresuhkur kontrolli all. Diamicron lahendab selle, soodustades insuliini loomulikumat vabanemist toidukordade ajal, aidates v\u00e4hendada veresuhkru t\u00f5usu p\u00e4rast s\u00f6\u00f6mist. Seet\u00f5ttu m\u00e4ngib see rolli stabiilsete veresuhkru tasemete s\u00e4ilitamisel kogu p\u00e4eva jooksul.<\/p>\n<p>Diamicroni v\u00f5etakse tavaliselt \u00fcks kord p\u00e4evas, sageli hommikus\u00f6\u00f6giga. Kuigi see on t\u00f5hus, v\u00f5ib Diamicron m\u00f5nikord p\u00f5hjustada madalat veresuhkru taset (h\u00fcpogl\u00fckeemia), eriti kui toidukorrad j\u00e4\u00e4vad vahele v\u00f5i f\u00fc\u00fcsiline aktiivsus suureneb ootamatult. Sellep\u00e4rast on oluline j\u00e4lgida gl\u00fckoosi taset regulaarselt ja olla teadlik s\u00fcmptomitest nagu v\u00e4rin, higistamine, pearinglus v\u00f5i segadus. Teised v\u00f5imalikud k\u00f5rvaltoimed h\u00f5lmavad kerget seedetrakti ebamugavust v\u00f5i kehakaalu t\u00f5usu.<\/p>\n","protected":false},"excerpt":{"rendered":"<ul>\n<li>Kord p\u00e4evas muudetud vabanemisega gliclazide stabiilseks suhkru kontrollimiseks<\/li>\n<li>Alandab HbA1c taset ja kaitseb n\u00e4rve, silmi ja neere<\/li>\n<li>T\u00f5estatud ohutusprofiil \u00fcle 30 aasta kasutamisega<\/li>\n<\/ul>\n","protected":false},"featured_media":1076,"comment_status":"open","ping_status":"closed","template":"","meta":[],"product_brand":[],"product_cat":[120],"product_tag":[],"expert":[21],"class_list":{"0":"post-1074","1":"product","2":"type-product","3":"status-publish","4":"has-post-thumbnail","6":"product_cat-diabeet","7":"expert-dr-m-sharoyko","9":"first","10":"instock","11":"shipping-taxable","12":"product-type-variable"},"yoast_head":"<!-- This site is optimized with the Yoast SEO plugin v27.0 - https:\/\/yoast.com\/product\/yoast-seo-wordpress\/ -->\n<title>Diamicron | Halda Veresuhkrut T\u00f5husalt - Transtoyou<\/title>\n<meta name=\"description\" content=\"Haldage II t\u00fc\u00fcpi diabeeti Diamicroniga, saadaval Transtoyou&#039;s. Toetab insuliini vabanemist stabiilse veresuhkru jaoks. Osta n\u00fc\u00fcd t\u00f5husaks kontrolliks.\" \/>\n<meta name=\"robots\" content=\"noindex, follow, max-snippet:-1, max-image-preview:large, max-video-preview:-1\" \/>\n<meta property=\"og:locale\" content=\"et_EE\" \/>\n<meta property=\"og:type\" content=\"article\" \/>\n<meta property=\"og:title\" content=\"Diamicron | Halda Veresuhkrut T\u00f5husalt - Transtoyou\" \/>\n<meta property=\"og:description\" content=\"Haldage II t\u00fc\u00fcpi diabeeti Diamicroniga, saadaval Transtoyou&#039;s. Toetab insuliini vabanemist stabiilse veresuhkru jaoks. Osta n\u00fc\u00fcd t\u00f5husaks kontrolliks.\" \/>\n<meta property=\"og:url\" content=\"https:\/\/www.transtoyou.com\/et\/product\/diamicron\/\" \/>\n<meta property=\"og:site_name\" content=\"Transtoyou - ET\" \/>\n<meta property=\"article:modified_time\" content=\"2026-01-24T21:26:43+00:00\" \/>\n<meta name=\"twitter:card\" content=\"summary_large_image\" \/>\n<meta name=\"twitter:label1\" content=\"Est. reading time\" \/>\n\t<meta name=\"twitter:data1\" content=\"1 minut\" \/>\n<script type=\"application\/ld+json\" class=\"yoast-schema-graph\">{\"@context\":\"https:\/\/schema.org\",\"@graph\":[{\"@type\":\"WebPage\",\"@id\":\"https:\/\/www.transtoyou.com\/et\/product\/diamicron\/\",\"url\":\"https:\/\/www.transtoyou.com\/et\/product\/diamicron\/\",\"name\":\"Diamicron | Halda Veresuhkrut T\u00f5husalt - Transtoyou\",\"isPartOf\":{\"@id\":\"https:\/\/www.transtoyou.com\/et\/#website\"},\"primaryImageOfPage\":{\"@id\":\"https:\/\/www.transtoyou.com\/et\/product\/diamicron\/#primaryimage\"},\"image\":{\"@id\":\"https:\/\/www.transtoyou.com\/et\/product\/diamicron\/#primaryimage\"},\"thumbnailUrl\":\"https:\/\/www.transtoyou.com\/et\/wp-content\/uploads\/sites\/7\/2026\/01\/tty-no-product-image-120.webp\",\"datePublished\":\"2026-01-24T21:25:33+00:00\",\"dateModified\":\"2026-01-24T21:26:43+00:00\",\"description\":\"Haldage II t\u00fc\u00fcpi diabeeti Diamicroniga, saadaval Transtoyou's. Toetab insuliini vabanemist stabiilse veresuhkru jaoks. Osta n\u00fc\u00fcd t\u00f5husaks kontrolliks.\",\"breadcrumb\":{\"@id\":\"https:\/\/www.transtoyou.com\/et\/product\/diamicron\/#breadcrumb\"},\"inLanguage\":\"et\",\"potentialAction\":[{\"@type\":\"ReadAction\",\"target\":[\"https:\/\/www.transtoyou.com\/et\/product\/diamicron\/\"]}]},{\"@type\":\"ImageObject\",\"inLanguage\":\"et\",\"@id\":\"https:\/\/www.transtoyou.com\/et\/product\/diamicron\/#primaryimage\",\"url\":\"https:\/\/www.transtoyou.com\/et\/wp-content\/uploads\/sites\/7\/2026\/01\/tty-no-product-image-120.webp\",\"contentUrl\":\"https:\/\/www.transtoyou.com\/et\/wp-content\/uploads\/sites\/7\/2026\/01\/tty-no-product-image-120.webp\",\"width\":1000,\"height\":1000,\"caption\":\"Vaikimisi toote pilt\"},{\"@type\":\"WebSite\",\"@id\":\"https:\/\/www.transtoyou.com\/et\/#website\",\"url\":\"https:\/\/www.transtoyou.com\/et\/\",\"name\":\"Transtoyou - ET\",\"description\":\"\",\"publisher\":{\"@id\":\"https:\/\/www.transtoyou.com\/et\/#organization\"},\"potentialAction\":[{\"@type\":\"SearchAction\",\"target\":{\"@type\":\"EntryPoint\",\"urlTemplate\":\"https:\/\/www.transtoyou.com\/et\/?s={search_term_string}\"},\"query-input\":{\"@type\":\"PropertyValueSpecification\",\"valueRequired\":true,\"valueName\":\"search_term_string\"}}],\"inLanguage\":\"et\"},{\"@type\":\"Organization\",\"@id\":\"https:\/\/www.transtoyou.com\/et\/#organization\",\"name\":\"Transtoyou - ET\",\"url\":\"https:\/\/www.transtoyou.com\/et\/\",\"logo\":{\"@type\":\"ImageObject\",\"inLanguage\":\"et\",\"@id\":\"https:\/\/www.transtoyou.com\/et\/#\/schema\/logo\/image\/\",\"url\":\"https:\/\/www.transtoyou.com\/et\/wp-content\/uploads\/sites\/7\/2026\/01\/logo-tty-menu-bar-300x87-1.webp\",\"contentUrl\":\"https:\/\/www.transtoyou.com\/et\/wp-content\/uploads\/sites\/7\/2026\/01\/logo-tty-menu-bar-300x87-1.webp\",\"width\":300,\"height\":87,\"caption\":\"Transtoyou - ET\"},\"image\":{\"@id\":\"https:\/\/www.transtoyou.com\/et\/#\/schema\/logo\/image\/\"}}]}<\/script>\n<!-- \/ Yoast SEO plugin. -->","yoast_head_json":{"title":"Diamicron | Halda Veresuhkrut T\u00f5husalt - Transtoyou","description":"Haldage II t\u00fc\u00fcpi diabeeti Diamicroniga, saadaval Transtoyou's. Toetab insuliini vabanemist stabiilse veresuhkru jaoks. Osta n\u00fc\u00fcd t\u00f5husaks kontrolliks.","robots":{"index":"noindex","follow":"follow","max-snippet":"max-snippet:-1","max-image-preview":"max-image-preview:large","max-video-preview":"max-video-preview:-1"},"og_locale":"et_EE","og_type":"article","og_title":"Diamicron | Halda Veresuhkrut T\u00f5husalt - Transtoyou","og_description":"Haldage II t\u00fc\u00fcpi diabeeti Diamicroniga, saadaval Transtoyou's. Toetab insuliini vabanemist stabiilse veresuhkru jaoks. Osta n\u00fc\u00fcd t\u00f5husaks kontrolliks.","og_url":"https:\/\/www.transtoyou.com\/et\/product\/diamicron\/","og_site_name":"Transtoyou - ET","article_modified_time":"2026-01-24T21:26:43+00:00","twitter_card":"summary_large_image","twitter_misc":{"Est. reading time":"1 minut"},"schema":{"@context":"https:\/\/schema.org","@graph":[{"@type":"WebPage","@id":"https:\/\/www.transtoyou.com\/et\/product\/diamicron\/","url":"https:\/\/www.transtoyou.com\/et\/product\/diamicron\/","name":"Diamicron | Halda Veresuhkrut T\u00f5husalt - Transtoyou","isPartOf":{"@id":"https:\/\/www.transtoyou.com\/et\/#website"},"primaryImageOfPage":{"@id":"https:\/\/www.transtoyou.com\/et\/product\/diamicron\/#primaryimage"},"image":{"@id":"https:\/\/www.transtoyou.com\/et\/product\/diamicron\/#primaryimage"},"thumbnailUrl":"https:\/\/www.transtoyou.com\/et\/wp-content\/uploads\/sites\/7\/2026\/01\/tty-no-product-image-120.webp","datePublished":"2026-01-24T21:25:33+00:00","dateModified":"2026-01-24T21:26:43+00:00","description":"Haldage II t\u00fc\u00fcpi diabeeti Diamicroniga, saadaval Transtoyou's. Toetab insuliini vabanemist stabiilse veresuhkru jaoks. Osta n\u00fc\u00fcd t\u00f5husaks kontrolliks.","breadcrumb":{"@id":"https:\/\/www.transtoyou.com\/et\/product\/diamicron\/#breadcrumb"},"inLanguage":"et","potentialAction":[{"@type":"ReadAction","target":["https:\/\/www.transtoyou.com\/et\/product\/diamicron\/"]}]},{"@type":"ImageObject","inLanguage":"et","@id":"https:\/\/www.transtoyou.com\/et\/product\/diamicron\/#primaryimage","url":"https:\/\/www.transtoyou.com\/et\/wp-content\/uploads\/sites\/7\/2026\/01\/tty-no-product-image-120.webp","contentUrl":"https:\/\/www.transtoyou.com\/et\/wp-content\/uploads\/sites\/7\/2026\/01\/tty-no-product-image-120.webp","width":1000,"height":1000,"caption":"Vaikimisi toote pilt"},{"@type":"WebSite","@id":"https:\/\/www.transtoyou.com\/et\/#website","url":"https:\/\/www.transtoyou.com\/et\/","name":"Transtoyou - ET","description":"","publisher":{"@id":"https:\/\/www.transtoyou.com\/et\/#organization"},"potentialAction":[{"@type":"SearchAction","target":{"@type":"EntryPoint","urlTemplate":"https:\/\/www.transtoyou.com\/et\/?s={search_term_string}"},"query-input":{"@type":"PropertyValueSpecification","valueRequired":true,"valueName":"search_term_string"}}],"inLanguage":"et"},{"@type":"Organization","@id":"https:\/\/www.transtoyou.com\/et\/#organization","name":"Transtoyou - ET","url":"https:\/\/www.transtoyou.com\/et\/","logo":{"@type":"ImageObject","inLanguage":"et","@id":"https:\/\/www.transtoyou.com\/et\/#\/schema\/logo\/image\/","url":"https:\/\/www.transtoyou.com\/et\/wp-content\/uploads\/sites\/7\/2026\/01\/logo-tty-menu-bar-300x87-1.webp","contentUrl":"https:\/\/www.transtoyou.com\/et\/wp-content\/uploads\/sites\/7\/2026\/01\/logo-tty-menu-bar-300x87-1.webp","width":300,"height":87,"caption":"Transtoyou - ET"},"image":{"@id":"https:\/\/www.transtoyou.com\/et\/#\/schema\/logo\/image\/"}}]}},"_links":{"self":[{"href":"https:\/\/www.transtoyou.com\/et\/wp-json\/wp\/v2\/product\/1074","targetHints":{"allow":["GET"]}}],"collection":[{"href":"https:\/\/www.transtoyou.com\/et\/wp-json\/wp\/v2\/product"}],"about":[{"href":"https:\/\/www.transtoyou.com\/et\/wp-json\/wp\/v2\/types\/product"}],"replies":[{"embeddable":true,"href":"https:\/\/www.transtoyou.com\/et\/wp-json\/wp\/v2\/comments?post=1074"}],"wp:featuredmedia":[{"embeddable":true,"href":"https:\/\/www.transtoyou.com\/et\/wp-json\/wp\/v2\/media\/1076"}],"wp:attachment":[{"href":"https:\/\/www.transtoyou.com\/et\/wp-json\/wp\/v2\/media?parent=1074"}],"wp:term":[{"taxonomy":"product_brand","embeddable":true,"href":"https:\/\/www.transtoyou.com\/et\/wp-json\/wp\/v2\/product_brand?post=1074"},{"taxonomy":"product_cat","embeddable":true,"href":"https:\/\/www.transtoyou.com\/et\/wp-json\/wp\/v2\/product_cat?post=1074"},{"taxonomy":"product_tag","embeddable":true,"href":"https:\/\/www.transtoyou.com\/et\/wp-json\/wp\/v2\/product_tag?post=1074"},{"taxonomy":"expert","embeddable":true,"href":"https:\/\/www.transtoyou.com\/et\/wp-json\/wp\/v2\/expert?post=1074"}],"curies":[{"name":"wp","href":"https:\/\/api.w.org\/{rel}","templated":true}]}}