{"id":1080,"date":"2026-01-25T00:01:26","date_gmt":"2026-01-24T22:01:26","guid":{"rendered":"https:\/\/www.transtoyou.com\/et\/product\/ozempic\/"},"modified":"2026-03-01T12:10:10","modified_gmt":"2026-03-01T10:10:10","slug":"ozempik","status":"publish","type":"product","link":"https:\/\/www.transtoyou.com\/et\/product\/ozempik\/","title":{"rendered":"Ozempic"},"content":{"rendered":"<p>Ozempic on kord n\u00e4dalas manustatav s\u00fcstitav ravim, mida kasutatakse II t\u00fc\u00fcpi diabeedi juhtimiseks ja pikaajalise veresuhkru kontrolli toetamiseks. See sisaldab semaglutidi, \u00fchendit, mis j\u00e4ljendab looduslikult esinevat hormooni nimega GLP-1 (gl\u00fckagoonitaoline peptiid-1). See hormoon aitab reguleerida veresuhkru taset, suurendades insuliini sekretsiooni, p\u00e4rssides maksa gl\u00fckoosi tootmist ja viies edasi mao t\u00fchjenemist.<\/p>\n<p>II t\u00fc\u00fcpi diabeediga inimestele pakub Ozempic lahendust veresuhkru reguleerimise parandamiseks, aidates samal ajal kaasa kaalu langetamisele. Erinevalt insuliinist, mis alandab veresuhkrut otseselt, t\u00f6\u00f6tab Ozempic koos keha enda s\u00fcsteemidega, et aidata tal toidutarbimisele t\u00f5husamalt reageerida ja gl\u00fckoosi taset p\u00e4eva jooksul j\u00e4rjepidevamalt hallata.<\/p>\n<p>Ozempic manustatakse v\u00e4ikese s\u00fcstina naha alla, tavaliselt kord n\u00e4dalas. Enamik inimesi alustab ravi madala annusega, mida suurendatakse j\u00e4rk-j\u00e4rgult, et minimeerida seedetrakti k\u00f5rvaltoimeid, nagu iiveldus, gaasid v\u00f5i k\u00f5hukinnisus.<\/p>\n<p>Ozempic mitte ainult ei alanda HbA1c taset, vaid aitab ka paljude patsientide puhul v\u00e4hendada s\u00f6\u00f6giisu ja kehakaalu. Need t\u00e4iendavad eelised muudavad selle v\u00e4\u00e4rtuslikuks valikuks inimestele, kes juhivad nii II t\u00fc\u00fcpi diabeeti kui ka rasvumist.<\/p>\n","protected":false},"excerpt":{"rendered":"<ul>\n<li>Kord n\u00e4dalas manustatav s\u00fcst 2. t\u00fc\u00fcpi diabeedi jaoks<\/li>\n<li>Stimuleerib insuliini sekretsiooni ja kontrollib gl\u00fckoosi vabanemist maksast<\/li>\n<li>V\u00f5ib toetada kehakaalu juhtimist teatud patsientidel<\/li>\n<\/ul>\n","protected":false},"featured_media":1082,"comment_status":"open","ping_status":"closed","template":"","meta":[],"product_brand":[],"product_cat":[120],"product_tag":[],"expert":[21],"class_list":{"0":"post-1080","1":"product","2":"type-product","3":"status-publish","4":"has-post-thumbnail","6":"product_cat-diabeet","7":"expert-dr-m-sharoyko","9":"first","10":"instock","11":"shipping-taxable","12":"product-type-variable"},"yoast_head":"<!-- This site is optimized with the Yoast SEO plugin v27.0 - https:\/\/yoast.com\/product\/yoast-seo-wordpress\/ -->\n<title>Ozempic | Diabeedi juhtimine ja tervise parandamine - Transtoyou<\/title>\n<meta name=\"description\" content=\"Avasta Ozempic Transtoyou&#039;s, n\u00e4dalane s\u00fcstitav ravim II t\u00fc\u00fcpi diabeedi juhtimiseks, mis aitab veresuhkru taset ja kehakaalu alandada. Osta n\u00fc\u00fcd.\" \/>\n<meta name=\"robots\" content=\"noindex, follow, max-snippet:-1, max-image-preview:large, max-video-preview:-1\" \/>\n<meta property=\"og:locale\" content=\"et_EE\" \/>\n<meta property=\"og:type\" content=\"article\" \/>\n<meta property=\"og:title\" content=\"Ozempic | Diabeedi juhtimine ja tervise parandamine - Transtoyou\" \/>\n<meta property=\"og:description\" content=\"Avasta Ozempic Transtoyou&#039;s, n\u00e4dalane s\u00fcstitav ravim II t\u00fc\u00fcpi diabeedi juhtimiseks, mis aitab veresuhkru taset ja kehakaalu alandada. Osta n\u00fc\u00fcd.\" \/>\n<meta property=\"og:url\" content=\"https:\/\/www.transtoyou.com\/et\/product\/ozempic\/\" \/>\n<meta property=\"og:site_name\" content=\"Transtoyou - ET\" \/>\n<meta property=\"article:modified_time\" content=\"2026-03-01T10:10:10+00:00\" \/>\n<meta name=\"twitter:card\" content=\"summary_large_image\" \/>\n<meta name=\"twitter:label1\" content=\"Est. reading time\" \/>\n\t<meta name=\"twitter:data1\" content=\"1 minut\" \/>\n<script type=\"application\/ld+json\" class=\"yoast-schema-graph\">{\"@context\":\"https:\/\/schema.org\",\"@graph\":[{\"@type\":\"WebPage\",\"@id\":\"https:\/\/www.transtoyou.com\/et\/product\/ozempic\/\",\"url\":\"https:\/\/www.transtoyou.com\/et\/product\/ozempic\/\",\"name\":\"Ozempic | Diabeedi juhtimine ja tervise parandamine - Transtoyou\",\"isPartOf\":{\"@id\":\"https:\/\/www.transtoyou.com\/et\/#website\"},\"primaryImageOfPage\":{\"@id\":\"https:\/\/www.transtoyou.com\/et\/product\/ozempic\/#primaryimage\"},\"image\":{\"@id\":\"https:\/\/www.transtoyou.com\/et\/product\/ozempic\/#primaryimage\"},\"thumbnailUrl\":\"https:\/\/www.transtoyou.com\/et\/wp-content\/uploads\/sites\/7\/2026\/01\/tty-no-product-image-122.webp\",\"datePublished\":\"2026-01-24T22:01:26+00:00\",\"dateModified\":\"2026-03-01T10:10:10+00:00\",\"description\":\"Avasta Ozempic Transtoyou's, n\u00e4dalane s\u00fcstitav ravim II t\u00fc\u00fcpi diabeedi juhtimiseks, mis aitab veresuhkru taset ja kehakaalu alandada. Osta n\u00fc\u00fcd.\",\"breadcrumb\":{\"@id\":\"https:\/\/www.transtoyou.com\/et\/product\/ozempic\/#breadcrumb\"},\"inLanguage\":\"et\",\"potentialAction\":[{\"@type\":\"ReadAction\",\"target\":[\"https:\/\/www.transtoyou.com\/et\/product\/ozempic\/\"]}]},{\"@type\":\"ImageObject\",\"inLanguage\":\"et\",\"@id\":\"https:\/\/www.transtoyou.com\/et\/product\/ozempic\/#primaryimage\",\"url\":\"https:\/\/www.transtoyou.com\/et\/wp-content\/uploads\/sites\/7\/2026\/01\/tty-no-product-image-122.webp\",\"contentUrl\":\"https:\/\/www.transtoyou.com\/et\/wp-content\/uploads\/sites\/7\/2026\/01\/tty-no-product-image-122.webp\",\"width\":1000,\"height\":1000,\"caption\":\"Vaikimisi toote pilt\"},{\"@type\":\"WebSite\",\"@id\":\"https:\/\/www.transtoyou.com\/et\/#website\",\"url\":\"https:\/\/www.transtoyou.com\/et\/\",\"name\":\"Transtoyou - ET\",\"description\":\"\",\"publisher\":{\"@id\":\"https:\/\/www.transtoyou.com\/et\/#organization\"},\"potentialAction\":[{\"@type\":\"SearchAction\",\"target\":{\"@type\":\"EntryPoint\",\"urlTemplate\":\"https:\/\/www.transtoyou.com\/et\/?s={search_term_string}\"},\"query-input\":{\"@type\":\"PropertyValueSpecification\",\"valueRequired\":true,\"valueName\":\"search_term_string\"}}],\"inLanguage\":\"et\"},{\"@type\":\"Organization\",\"@id\":\"https:\/\/www.transtoyou.com\/et\/#organization\",\"name\":\"Transtoyou - ET\",\"url\":\"https:\/\/www.transtoyou.com\/et\/\",\"logo\":{\"@type\":\"ImageObject\",\"inLanguage\":\"et\",\"@id\":\"https:\/\/www.transtoyou.com\/et\/#\/schema\/logo\/image\/\",\"url\":\"https:\/\/www.transtoyou.com\/et\/wp-content\/uploads\/sites\/7\/2026\/01\/logo-tty-menu-bar-300x87-1.webp\",\"contentUrl\":\"https:\/\/www.transtoyou.com\/et\/wp-content\/uploads\/sites\/7\/2026\/01\/logo-tty-menu-bar-300x87-1.webp\",\"width\":300,\"height\":87,\"caption\":\"Transtoyou - ET\"},\"image\":{\"@id\":\"https:\/\/www.transtoyou.com\/et\/#\/schema\/logo\/image\/\"}}]}<\/script>\n<!-- \/ Yoast SEO plugin. -->","yoast_head_json":{"title":"Ozempic | Diabeedi juhtimine ja tervise parandamine - Transtoyou","description":"Avasta Ozempic Transtoyou's, n\u00e4dalane s\u00fcstitav ravim II t\u00fc\u00fcpi diabeedi juhtimiseks, mis aitab veresuhkru taset ja kehakaalu alandada. Osta n\u00fc\u00fcd.","robots":{"index":"noindex","follow":"follow","max-snippet":"max-snippet:-1","max-image-preview":"max-image-preview:large","max-video-preview":"max-video-preview:-1"},"og_locale":"et_EE","og_type":"article","og_title":"Ozempic | Diabeedi juhtimine ja tervise parandamine - Transtoyou","og_description":"Avasta Ozempic Transtoyou's, n\u00e4dalane s\u00fcstitav ravim II t\u00fc\u00fcpi diabeedi juhtimiseks, mis aitab veresuhkru taset ja kehakaalu alandada. Osta n\u00fc\u00fcd.","og_url":"https:\/\/www.transtoyou.com\/et\/product\/ozempic\/","og_site_name":"Transtoyou - ET","article_modified_time":"2026-03-01T10:10:10+00:00","twitter_card":"summary_large_image","twitter_misc":{"Est. reading time":"1 minut"},"schema":{"@context":"https:\/\/schema.org","@graph":[{"@type":"WebPage","@id":"https:\/\/www.transtoyou.com\/et\/product\/ozempic\/","url":"https:\/\/www.transtoyou.com\/et\/product\/ozempic\/","name":"Ozempic | Diabeedi juhtimine ja tervise parandamine - Transtoyou","isPartOf":{"@id":"https:\/\/www.transtoyou.com\/et\/#website"},"primaryImageOfPage":{"@id":"https:\/\/www.transtoyou.com\/et\/product\/ozempic\/#primaryimage"},"image":{"@id":"https:\/\/www.transtoyou.com\/et\/product\/ozempic\/#primaryimage"},"thumbnailUrl":"https:\/\/www.transtoyou.com\/et\/wp-content\/uploads\/sites\/7\/2026\/01\/tty-no-product-image-122.webp","datePublished":"2026-01-24T22:01:26+00:00","dateModified":"2026-03-01T10:10:10+00:00","description":"Avasta Ozempic Transtoyou's, n\u00e4dalane s\u00fcstitav ravim II t\u00fc\u00fcpi diabeedi juhtimiseks, mis aitab veresuhkru taset ja kehakaalu alandada. Osta n\u00fc\u00fcd.","breadcrumb":{"@id":"https:\/\/www.transtoyou.com\/et\/product\/ozempic\/#breadcrumb"},"inLanguage":"et","potentialAction":[{"@type":"ReadAction","target":["https:\/\/www.transtoyou.com\/et\/product\/ozempic\/"]}]},{"@type":"ImageObject","inLanguage":"et","@id":"https:\/\/www.transtoyou.com\/et\/product\/ozempic\/#primaryimage","url":"https:\/\/www.transtoyou.com\/et\/wp-content\/uploads\/sites\/7\/2026\/01\/tty-no-product-image-122.webp","contentUrl":"https:\/\/www.transtoyou.com\/et\/wp-content\/uploads\/sites\/7\/2026\/01\/tty-no-product-image-122.webp","width":1000,"height":1000,"caption":"Vaikimisi toote pilt"},{"@type":"WebSite","@id":"https:\/\/www.transtoyou.com\/et\/#website","url":"https:\/\/www.transtoyou.com\/et\/","name":"Transtoyou - ET","description":"","publisher":{"@id":"https:\/\/www.transtoyou.com\/et\/#organization"},"potentialAction":[{"@type":"SearchAction","target":{"@type":"EntryPoint","urlTemplate":"https:\/\/www.transtoyou.com\/et\/?s={search_term_string}"},"query-input":{"@type":"PropertyValueSpecification","valueRequired":true,"valueName":"search_term_string"}}],"inLanguage":"et"},{"@type":"Organization","@id":"https:\/\/www.transtoyou.com\/et\/#organization","name":"Transtoyou - ET","url":"https:\/\/www.transtoyou.com\/et\/","logo":{"@type":"ImageObject","inLanguage":"et","@id":"https:\/\/www.transtoyou.com\/et\/#\/schema\/logo\/image\/","url":"https:\/\/www.transtoyou.com\/et\/wp-content\/uploads\/sites\/7\/2026\/01\/logo-tty-menu-bar-300x87-1.webp","contentUrl":"https:\/\/www.transtoyou.com\/et\/wp-content\/uploads\/sites\/7\/2026\/01\/logo-tty-menu-bar-300x87-1.webp","width":300,"height":87,"caption":"Transtoyou - ET"},"image":{"@id":"https:\/\/www.transtoyou.com\/et\/#\/schema\/logo\/image\/"}}]}},"_links":{"self":[{"href":"https:\/\/www.transtoyou.com\/et\/wp-json\/wp\/v2\/product\/1080","targetHints":{"allow":["GET"]}}],"collection":[{"href":"https:\/\/www.transtoyou.com\/et\/wp-json\/wp\/v2\/product"}],"about":[{"href":"https:\/\/www.transtoyou.com\/et\/wp-json\/wp\/v2\/types\/product"}],"replies":[{"embeddable":true,"href":"https:\/\/www.transtoyou.com\/et\/wp-json\/wp\/v2\/comments?post=1080"}],"wp:featuredmedia":[{"embeddable":true,"href":"https:\/\/www.transtoyou.com\/et\/wp-json\/wp\/v2\/media\/1082"}],"wp:attachment":[{"href":"https:\/\/www.transtoyou.com\/et\/wp-json\/wp\/v2\/media?parent=1080"}],"wp:term":[{"taxonomy":"product_brand","embeddable":true,"href":"https:\/\/www.transtoyou.com\/et\/wp-json\/wp\/v2\/product_brand?post=1080"},{"taxonomy":"product_cat","embeddable":true,"href":"https:\/\/www.transtoyou.com\/et\/wp-json\/wp\/v2\/product_cat?post=1080"},{"taxonomy":"product_tag","embeddable":true,"href":"https:\/\/www.transtoyou.com\/et\/wp-json\/wp\/v2\/product_tag?post=1080"},{"taxonomy":"expert","embeddable":true,"href":"https:\/\/www.transtoyou.com\/et\/wp-json\/wp\/v2\/expert?post=1080"}],"curies":[{"name":"wp","href":"https:\/\/api.w.org\/{rel}","templated":true}]}}