{"id":1086,"date":"2026-01-25T00:41:33","date_gmt":"2026-01-24T22:41:33","guid":{"rendered":"https:\/\/www.transtoyou.com\/et\/product\/rifaximin-xifaxan\/"},"modified":"2026-03-02T17:38:48","modified_gmt":"2026-03-02T15:38:48","slug":"rifaksimiin-xifaxan","status":"publish","type":"product","link":"https:\/\/www.transtoyou.com\/et\/product\/rifaksimiin-xifaxan\/","title":{"rendered":"Rifaximiin (Xifaxan)"},"content":{"rendered":"<p>Rifaximiin, tuntud kaubam\u00e4rgi Xifaxan all, on antibiootikum, mida kasutatakse erinevate seedetrakti infektsioonide raviks, eriti reisi\u00e4rrituse korral, mis on p\u00f5hjustatud teatud bakteritest. Rifaximiini eriliseks teeb see, et see toimib peaaegu eranditult seedetraktis, mis t\u00e4hendab, et v\u00e4ga v\u00e4he ravimist imendub vereringesse. See lokaliseeritud toime aitab suunata nakkuse selle allikale, samal ajal kui k\u00f5rvaltoimed kehas on minimaalsed.<\/p>\n<p>Ravim on eriti kasulik l\u00fchiajalise leevenduse saavutamiseks k\u00f5hulahtisuse korral, mida p\u00f5hjustab Escherichia coli, tavaline bakter, mis vastutab reisi\u00e4rrituse eest. Erinevalt m\u00f5nest laiemast spektriga antibiootikumist on Rifaximiin v\u00e4hem t\u00f5en\u00e4oline, et h\u00e4irib soolefloora tasakaalu, mis v\u00f5ib aidata v\u00e4hendada edasise seedetrakti h\u00e4ire riski. Seda v\u00f5etakse sageli paar p\u00e4eva, tavaliselt tableti kujul, ja kasutajad v\u00f5ivad m\u00e4rgata paranemist 24 kuni 48 tunni jooksul p\u00e4rast ravi alustamist.<\/p>\n<p>\u00dcldiselt talutakse seda h\u00e4sti, kuigi v\u00f5ivad esineda kerged k\u00f5rvaltoimed nagu peavalu, iiveldus v\u00f5i k\u00f5huvalud. Rifaximiini kasutatakse ka teiste seisundite, n\u00e4iteks \u00e4rritunud soole s\u00fcndroomi koos k\u00f5hulahtisusega (IBS-D) raviks ja m\u00f5nel juhul komplikatsioonide riski v\u00e4hendamiseks maksahaiguse korral, kuigi need kasutusalad on rohkem spetsialiseeritud.<\/p>\n","protected":false},"excerpt":{"rendered":"<ul>\n<li>Sihtm\u00e4rgiks bakteriaalne k\u00f5hulahtisus allikast<\/li>\n<li>Minimaalne imendumine kehas<\/li>\n<li>Kiire toime reisik\u00f5hulahtisuse leevendamiseks<\/li>\n<\/ul>\n","protected":false},"featured_media":1088,"comment_status":"open","ping_status":"closed","template":"","meta":[],"product_brand":[],"product_cat":[124],"product_tag":[],"expert":[16],"class_list":{"0":"post-1086","1":"product","2":"type-product","3":"status-publish","4":"has-post-thumbnail","6":"product_cat-kohulahtisus","7":"expert-dr-c-alexandru","9":"first","10":"instock","11":"shipping-taxable","12":"product-type-variable"},"yoast_head":"<!-- This site is optimized with the Yoast SEO plugin v27.0 - https:\/\/yoast.com\/product\/yoast-seo-wordpress\/ -->\n<title>Rifaximiin (Xifaxan) | Sihtotstarbeline soolte leevendus - Transtoyou<\/title>\n<meta name=\"description\" content=\"Rifaximin (Xifaxan) sihib soolebaktereid, et t\u00f5husalt leevendada k\u00f5hulahtisuse s\u00fcmptomeid. Mugav lahendus seedimisprobleemidele.\" \/>\n<meta name=\"robots\" content=\"noindex, follow, max-snippet:-1, max-image-preview:large, max-video-preview:-1\" \/>\n<meta property=\"og:locale\" content=\"et_EE\" \/>\n<meta property=\"og:type\" content=\"article\" \/>\n<meta property=\"og:title\" content=\"Rifaximiin (Xifaxan) | Sihtotstarbeline soolte leevendus - Transtoyou\" \/>\n<meta property=\"og:description\" content=\"Rifaximin (Xifaxan) sihib soolebaktereid, et t\u00f5husalt leevendada k\u00f5hulahtisuse s\u00fcmptomeid. Mugav lahendus seedimisprobleemidele.\" \/>\n<meta property=\"og:url\" content=\"https:\/\/www.transtoyou.com\/et\/product\/rifaximin-xifaxan\/\" \/>\n<meta property=\"og:site_name\" content=\"Transtoyou - ET\" \/>\n<meta property=\"article:modified_time\" content=\"2026-03-02T15:38:48+00:00\" \/>\n<meta name=\"twitter:card\" content=\"summary_large_image\" \/>\n<meta name=\"twitter:label1\" content=\"Est. reading time\" \/>\n\t<meta name=\"twitter:data1\" content=\"1 minut\" \/>\n<script type=\"application\/ld+json\" class=\"yoast-schema-graph\">{\"@context\":\"https:\/\/schema.org\",\"@graph\":[{\"@type\":\"WebPage\",\"@id\":\"https:\/\/www.transtoyou.com\/et\/product\/rifaximin-xifaxan\/\",\"url\":\"https:\/\/www.transtoyou.com\/et\/product\/rifaximin-xifaxan\/\",\"name\":\"Rifaximiin (Xifaxan) | Sihtotstarbeline soolte leevendus - Transtoyou\",\"isPartOf\":{\"@id\":\"https:\/\/www.transtoyou.com\/et\/#website\"},\"primaryImageOfPage\":{\"@id\":\"https:\/\/www.transtoyou.com\/et\/product\/rifaximin-xifaxan\/#primaryimage\"},\"image\":{\"@id\":\"https:\/\/www.transtoyou.com\/et\/product\/rifaximin-xifaxan\/#primaryimage\"},\"thumbnailUrl\":\"https:\/\/www.transtoyou.com\/et\/wp-content\/uploads\/sites\/7\/2026\/01\/tty-no-product-image-124.webp\",\"datePublished\":\"2026-01-24T22:41:33+00:00\",\"dateModified\":\"2026-03-02T15:38:48+00:00\",\"description\":\"Rifaximin (Xifaxan) sihib soolebaktereid, et t\u00f5husalt leevendada k\u00f5hulahtisuse s\u00fcmptomeid. Mugav lahendus seedimisprobleemidele.\",\"breadcrumb\":{\"@id\":\"https:\/\/www.transtoyou.com\/et\/product\/rifaximin-xifaxan\/#breadcrumb\"},\"inLanguage\":\"et\",\"potentialAction\":[{\"@type\":\"ReadAction\",\"target\":[\"https:\/\/www.transtoyou.com\/et\/product\/rifaximin-xifaxan\/\"]}]},{\"@type\":\"ImageObject\",\"inLanguage\":\"et\",\"@id\":\"https:\/\/www.transtoyou.com\/et\/product\/rifaximin-xifaxan\/#primaryimage\",\"url\":\"https:\/\/www.transtoyou.com\/et\/wp-content\/uploads\/sites\/7\/2026\/01\/tty-no-product-image-124.webp\",\"contentUrl\":\"https:\/\/www.transtoyou.com\/et\/wp-content\/uploads\/sites\/7\/2026\/01\/tty-no-product-image-124.webp\",\"width\":1000,\"height\":1000,\"caption\":\"Vaikimisi toote pilt\"},{\"@type\":\"WebSite\",\"@id\":\"https:\/\/www.transtoyou.com\/et\/#website\",\"url\":\"https:\/\/www.transtoyou.com\/et\/\",\"name\":\"Transtoyou - ET\",\"description\":\"\",\"publisher\":{\"@id\":\"https:\/\/www.transtoyou.com\/et\/#organization\"},\"potentialAction\":[{\"@type\":\"SearchAction\",\"target\":{\"@type\":\"EntryPoint\",\"urlTemplate\":\"https:\/\/www.transtoyou.com\/et\/?s={search_term_string}\"},\"query-input\":{\"@type\":\"PropertyValueSpecification\",\"valueRequired\":true,\"valueName\":\"search_term_string\"}}],\"inLanguage\":\"et\"},{\"@type\":\"Organization\",\"@id\":\"https:\/\/www.transtoyou.com\/et\/#organization\",\"name\":\"Transtoyou - ET\",\"url\":\"https:\/\/www.transtoyou.com\/et\/\",\"logo\":{\"@type\":\"ImageObject\",\"inLanguage\":\"et\",\"@id\":\"https:\/\/www.transtoyou.com\/et\/#\/schema\/logo\/image\/\",\"url\":\"https:\/\/www.transtoyou.com\/et\/wp-content\/uploads\/sites\/7\/2026\/01\/logo-tty-menu-bar-300x87-1.webp\",\"contentUrl\":\"https:\/\/www.transtoyou.com\/et\/wp-content\/uploads\/sites\/7\/2026\/01\/logo-tty-menu-bar-300x87-1.webp\",\"width\":300,\"height\":87,\"caption\":\"Transtoyou - ET\"},\"image\":{\"@id\":\"https:\/\/www.transtoyou.com\/et\/#\/schema\/logo\/image\/\"}}]}<\/script>\n<!-- \/ Yoast SEO plugin. -->","yoast_head_json":{"title":"Rifaximiin (Xifaxan) | Sihtotstarbeline soolte leevendus - Transtoyou","description":"Rifaximin (Xifaxan) sihib soolebaktereid, et t\u00f5husalt leevendada k\u00f5hulahtisuse s\u00fcmptomeid. Mugav lahendus seedimisprobleemidele.","robots":{"index":"noindex","follow":"follow","max-snippet":"max-snippet:-1","max-image-preview":"max-image-preview:large","max-video-preview":"max-video-preview:-1"},"og_locale":"et_EE","og_type":"article","og_title":"Rifaximiin (Xifaxan) | Sihtotstarbeline soolte leevendus - Transtoyou","og_description":"Rifaximin (Xifaxan) sihib soolebaktereid, et t\u00f5husalt leevendada k\u00f5hulahtisuse s\u00fcmptomeid. Mugav lahendus seedimisprobleemidele.","og_url":"https:\/\/www.transtoyou.com\/et\/product\/rifaximin-xifaxan\/","og_site_name":"Transtoyou - ET","article_modified_time":"2026-03-02T15:38:48+00:00","twitter_card":"summary_large_image","twitter_misc":{"Est. reading time":"1 minut"},"schema":{"@context":"https:\/\/schema.org","@graph":[{"@type":"WebPage","@id":"https:\/\/www.transtoyou.com\/et\/product\/rifaximin-xifaxan\/","url":"https:\/\/www.transtoyou.com\/et\/product\/rifaximin-xifaxan\/","name":"Rifaximiin (Xifaxan) | Sihtotstarbeline soolte leevendus - Transtoyou","isPartOf":{"@id":"https:\/\/www.transtoyou.com\/et\/#website"},"primaryImageOfPage":{"@id":"https:\/\/www.transtoyou.com\/et\/product\/rifaximin-xifaxan\/#primaryimage"},"image":{"@id":"https:\/\/www.transtoyou.com\/et\/product\/rifaximin-xifaxan\/#primaryimage"},"thumbnailUrl":"https:\/\/www.transtoyou.com\/et\/wp-content\/uploads\/sites\/7\/2026\/01\/tty-no-product-image-124.webp","datePublished":"2026-01-24T22:41:33+00:00","dateModified":"2026-03-02T15:38:48+00:00","description":"Rifaximin (Xifaxan) sihib soolebaktereid, et t\u00f5husalt leevendada k\u00f5hulahtisuse s\u00fcmptomeid. Mugav lahendus seedimisprobleemidele.","breadcrumb":{"@id":"https:\/\/www.transtoyou.com\/et\/product\/rifaximin-xifaxan\/#breadcrumb"},"inLanguage":"et","potentialAction":[{"@type":"ReadAction","target":["https:\/\/www.transtoyou.com\/et\/product\/rifaximin-xifaxan\/"]}]},{"@type":"ImageObject","inLanguage":"et","@id":"https:\/\/www.transtoyou.com\/et\/product\/rifaximin-xifaxan\/#primaryimage","url":"https:\/\/www.transtoyou.com\/et\/wp-content\/uploads\/sites\/7\/2026\/01\/tty-no-product-image-124.webp","contentUrl":"https:\/\/www.transtoyou.com\/et\/wp-content\/uploads\/sites\/7\/2026\/01\/tty-no-product-image-124.webp","width":1000,"height":1000,"caption":"Vaikimisi toote pilt"},{"@type":"WebSite","@id":"https:\/\/www.transtoyou.com\/et\/#website","url":"https:\/\/www.transtoyou.com\/et\/","name":"Transtoyou - ET","description":"","publisher":{"@id":"https:\/\/www.transtoyou.com\/et\/#organization"},"potentialAction":[{"@type":"SearchAction","target":{"@type":"EntryPoint","urlTemplate":"https:\/\/www.transtoyou.com\/et\/?s={search_term_string}"},"query-input":{"@type":"PropertyValueSpecification","valueRequired":true,"valueName":"search_term_string"}}],"inLanguage":"et"},{"@type":"Organization","@id":"https:\/\/www.transtoyou.com\/et\/#organization","name":"Transtoyou - ET","url":"https:\/\/www.transtoyou.com\/et\/","logo":{"@type":"ImageObject","inLanguage":"et","@id":"https:\/\/www.transtoyou.com\/et\/#\/schema\/logo\/image\/","url":"https:\/\/www.transtoyou.com\/et\/wp-content\/uploads\/sites\/7\/2026\/01\/logo-tty-menu-bar-300x87-1.webp","contentUrl":"https:\/\/www.transtoyou.com\/et\/wp-content\/uploads\/sites\/7\/2026\/01\/logo-tty-menu-bar-300x87-1.webp","width":300,"height":87,"caption":"Transtoyou - ET"},"image":{"@id":"https:\/\/www.transtoyou.com\/et\/#\/schema\/logo\/image\/"}}]}},"_links":{"self":[{"href":"https:\/\/www.transtoyou.com\/et\/wp-json\/wp\/v2\/product\/1086","targetHints":{"allow":["GET"]}}],"collection":[{"href":"https:\/\/www.transtoyou.com\/et\/wp-json\/wp\/v2\/product"}],"about":[{"href":"https:\/\/www.transtoyou.com\/et\/wp-json\/wp\/v2\/types\/product"}],"replies":[{"embeddable":true,"href":"https:\/\/www.transtoyou.com\/et\/wp-json\/wp\/v2\/comments?post=1086"}],"wp:featuredmedia":[{"embeddable":true,"href":"https:\/\/www.transtoyou.com\/et\/wp-json\/wp\/v2\/media\/1088"}],"wp:attachment":[{"href":"https:\/\/www.transtoyou.com\/et\/wp-json\/wp\/v2\/media?parent=1086"}],"wp:term":[{"taxonomy":"product_brand","embeddable":true,"href":"https:\/\/www.transtoyou.com\/et\/wp-json\/wp\/v2\/product_brand?post=1086"},{"taxonomy":"product_cat","embeddable":true,"href":"https:\/\/www.transtoyou.com\/et\/wp-json\/wp\/v2\/product_cat?post=1086"},{"taxonomy":"product_tag","embeddable":true,"href":"https:\/\/www.transtoyou.com\/et\/wp-json\/wp\/v2\/product_tag?post=1086"},{"taxonomy":"expert","embeddable":true,"href":"https:\/\/www.transtoyou.com\/et\/wp-json\/wp\/v2\/expert?post=1086"}],"curies":[{"name":"wp","href":"https:\/\/api.w.org\/{rel}","templated":true}]}}