{"id":1089,"date":"2026-01-25T00:58:15","date_gmt":"2026-01-24T22:58:15","guid":{"rendered":"https:\/\/www.transtoyou.com\/et\/product\/norlevo-levonelle\/"},"modified":"2026-01-25T00:59:15","modified_gmt":"2026-01-24T22:59:15","slug":"norlevo-levonelle","status":"publish","type":"product","link":"https:\/\/www.transtoyou.com\/et\/product\/norlevo-levonelle\/","title":{"rendered":"Norlevo (Levonelle)"},"content":{"rendered":"<p>Norlevo, tuntud ka kui Levonelle, on h\u00e4daabi rasestumisvastane tablett (ECP), mis on m\u00f5eldud raseduse ennetamiseks kaitsmata seksuaalvahekorra v\u00f5i rasestumisvastase vahendi eba\u00f5nnestumise (nt purunenud kondoom v\u00f5i unustatud tablett) j\u00e4rel. See sisaldab levonorgestreeli, s\u00fcnteetilist progesterooni hormooni, mis j\u00e4ljendab keha loomulikku progesterooni.<\/p>\n<p>Norlevo toimib peamiselt ovulatsiooni viivitamise v\u00f5i p\u00e4rssimise kaudu, mis t\u00e4hendab, et see takistab munaraku vabanemist munasarjast. Ilma munarakuta ei saa viljastumine toimuda. Samuti v\u00f5ib see muuta emakakaela lima ja endomeetriumi voodrit, muutes seemnerakkude munarakuni j\u00f5udmise v\u00f5i viljastatud munaraku implantatsiooni keerulisemaks, kuigi see on teisej\u00e4rguline mehhanism ja v\u00e4hem h\u00e4sti t\u00f5estatud.<\/p>\n<p>See on k\u00f5ige t\u00f5husam, kui seda v\u00f5tta v\u00f5imalikult kiiresti, ideaalis 12 tunni jooksul, kuid seda v\u00f5ib v\u00f5tta kuni 72 tunni (3 p\u00e4eva) jooksul p\u00e4rast kaitsmata seksi. Selle efektiivsus v\u00e4heneb, mida kauem viivitatakse.<\/p>\n<p>Norlevo ei katkesta olemasolevat rasedust ja ei ole m\u00f5eldud regulaarseks rasestumisvastaseks kasutamiseks. See ei ole efektiivne, kui ovulatsioon on juba toimunud. Samuti ei kaitse see sugulisel teel levivate haiguste eest.<\/p>\n<p>Eeliste hulka kuulub laialdane k\u00e4ttesaadavus, lihtne kasutamine ja hea taluvus, eriti kui seda v\u00f5etakse kiiresti. K\u00f5rvaltoimed on tavaliselt kerged ja ajutised, nagu iiveldus, peavalu, rindade hellus, pearinglus v\u00f5i muutused menstruaalts\u00fcklis.<\/p>\n","protected":false},"excerpt":{"rendered":"<ul>\n<li>V\u00f5ta 72 tunni jooksul<\/li>\n<li>Viib ovulatsiooni edasi<\/li>\n<li>H\u00e4daabi rasestumisvastane vahend<\/li>\n<\/ul>\n","protected":false},"featured_media":1090,"comment_status":"open","ping_status":"closed","template":"","meta":[],"product_brand":[],"product_cat":[127],"product_tag":[],"expert":[19],"class_list":{"0":"post-1089","1":"product","2":"type-product","3":"status-publish","4":"has-post-thumbnail","6":"product_cat-hadaabivahendid","7":"expert-dr-j-vazquez","9":"first","10":"instock","11":"shipping-taxable","12":"product-type-simple"},"yoast_head":"<!-- This site is optimized with the Yoast SEO plugin v27.0 - https:\/\/yoast.com\/product\/yoast-seo-wordpress\/ -->\n<title>Norlevo (Levonelle) | Kiiretoimeline ECP - Transtoyou<\/title>\n<meta name=\"description\" content=\"Norlevo (Levonelle) ECP takistab rasedust kaitsmata seksi j\u00e4rel. Saadaval kiireks ligip\u00e4\u00e4suks. T\u00f5hus kuni 72 tundi. Osta n\u00fc\u00fcd Transtoyou&#039;s.\" \/>\n<meta name=\"robots\" content=\"noindex, follow, max-snippet:-1, max-image-preview:large, max-video-preview:-1\" \/>\n<meta property=\"og:locale\" content=\"et_EE\" \/>\n<meta property=\"og:type\" content=\"article\" \/>\n<meta property=\"og:title\" content=\"Norlevo (Levonelle) | Kiiretoimeline ECP - Transtoyou\" \/>\n<meta property=\"og:description\" content=\"Norlevo (Levonelle) ECP takistab rasedust kaitsmata seksi j\u00e4rel. Saadaval kiireks ligip\u00e4\u00e4suks. T\u00f5hus kuni 72 tundi. Osta n\u00fc\u00fcd Transtoyou&#039;s.\" \/>\n<meta property=\"og:url\" content=\"https:\/\/www.transtoyou.com\/et\/product\/norlevo-levonelle\/\" \/>\n<meta property=\"og:site_name\" content=\"Transtoyou - ET\" \/>\n<meta property=\"article:modified_time\" content=\"2026-01-24T22:59:15+00:00\" \/>\n<meta name=\"twitter:card\" content=\"summary_large_image\" \/>\n<meta name=\"twitter:label1\" content=\"Est. reading time\" \/>\n\t<meta name=\"twitter:data1\" content=\"1 minut\" \/>\n<script type=\"application\/ld+json\" class=\"yoast-schema-graph\">{\"@context\":\"https:\/\/schema.org\",\"@graph\":[{\"@type\":\"WebPage\",\"@id\":\"https:\/\/www.transtoyou.com\/et\/product\/norlevo-levonelle\/\",\"url\":\"https:\/\/www.transtoyou.com\/et\/product\/norlevo-levonelle\/\",\"name\":\"Norlevo (Levonelle) | Kiiretoimeline ECP - Transtoyou\",\"isPartOf\":{\"@id\":\"https:\/\/www.transtoyou.com\/et\/#website\"},\"primaryImageOfPage\":{\"@id\":\"https:\/\/www.transtoyou.com\/et\/product\/norlevo-levonelle\/#primaryimage\"},\"image\":{\"@id\":\"https:\/\/www.transtoyou.com\/et\/product\/norlevo-levonelle\/#primaryimage\"},\"thumbnailUrl\":\"https:\/\/www.transtoyou.com\/et\/wp-content\/uploads\/sites\/7\/2026\/01\/tty-no-product-image-125.webp\",\"datePublished\":\"2026-01-24T22:58:15+00:00\",\"dateModified\":\"2026-01-24T22:59:15+00:00\",\"description\":\"Norlevo (Levonelle) ECP takistab rasedust kaitsmata seksi j\u00e4rel. Saadaval kiireks ligip\u00e4\u00e4suks. T\u00f5hus kuni 72 tundi. Osta n\u00fc\u00fcd Transtoyou's.\",\"breadcrumb\":{\"@id\":\"https:\/\/www.transtoyou.com\/et\/product\/norlevo-levonelle\/#breadcrumb\"},\"inLanguage\":\"et\",\"potentialAction\":[{\"@type\":\"ReadAction\",\"target\":[\"https:\/\/www.transtoyou.com\/et\/product\/norlevo-levonelle\/\"]}]},{\"@type\":\"ImageObject\",\"inLanguage\":\"et\",\"@id\":\"https:\/\/www.transtoyou.com\/et\/product\/norlevo-levonelle\/#primaryimage\",\"url\":\"https:\/\/www.transtoyou.com\/et\/wp-content\/uploads\/sites\/7\/2026\/01\/tty-no-product-image-125.webp\",\"contentUrl\":\"https:\/\/www.transtoyou.com\/et\/wp-content\/uploads\/sites\/7\/2026\/01\/tty-no-product-image-125.webp\",\"width\":1000,\"height\":1000,\"caption\":\"Vaikimisi toote pilt\"},{\"@type\":\"WebSite\",\"@id\":\"https:\/\/www.transtoyou.com\/et\/#website\",\"url\":\"https:\/\/www.transtoyou.com\/et\/\",\"name\":\"Transtoyou - ET\",\"description\":\"\",\"publisher\":{\"@id\":\"https:\/\/www.transtoyou.com\/et\/#organization\"},\"potentialAction\":[{\"@type\":\"SearchAction\",\"target\":{\"@type\":\"EntryPoint\",\"urlTemplate\":\"https:\/\/www.transtoyou.com\/et\/?s={search_term_string}\"},\"query-input\":{\"@type\":\"PropertyValueSpecification\",\"valueRequired\":true,\"valueName\":\"search_term_string\"}}],\"inLanguage\":\"et\"},{\"@type\":\"Organization\",\"@id\":\"https:\/\/www.transtoyou.com\/et\/#organization\",\"name\":\"Transtoyou - ET\",\"url\":\"https:\/\/www.transtoyou.com\/et\/\",\"logo\":{\"@type\":\"ImageObject\",\"inLanguage\":\"et\",\"@id\":\"https:\/\/www.transtoyou.com\/et\/#\/schema\/logo\/image\/\",\"url\":\"https:\/\/www.transtoyou.com\/et\/wp-content\/uploads\/sites\/7\/2026\/01\/logo-tty-menu-bar-300x87-1.webp\",\"contentUrl\":\"https:\/\/www.transtoyou.com\/et\/wp-content\/uploads\/sites\/7\/2026\/01\/logo-tty-menu-bar-300x87-1.webp\",\"width\":300,\"height\":87,\"caption\":\"Transtoyou - ET\"},\"image\":{\"@id\":\"https:\/\/www.transtoyou.com\/et\/#\/schema\/logo\/image\/\"}}]}<\/script>\n<!-- \/ Yoast SEO plugin. -->","yoast_head_json":{"title":"Norlevo (Levonelle) | Kiiretoimeline ECP - Transtoyou","description":"Norlevo (Levonelle) ECP takistab rasedust kaitsmata seksi j\u00e4rel. Saadaval kiireks ligip\u00e4\u00e4suks. T\u00f5hus kuni 72 tundi. Osta n\u00fc\u00fcd Transtoyou's.","robots":{"index":"noindex","follow":"follow","max-snippet":"max-snippet:-1","max-image-preview":"max-image-preview:large","max-video-preview":"max-video-preview:-1"},"og_locale":"et_EE","og_type":"article","og_title":"Norlevo (Levonelle) | Kiiretoimeline ECP - Transtoyou","og_description":"Norlevo (Levonelle) ECP takistab rasedust kaitsmata seksi j\u00e4rel. Saadaval kiireks ligip\u00e4\u00e4suks. T\u00f5hus kuni 72 tundi. Osta n\u00fc\u00fcd Transtoyou's.","og_url":"https:\/\/www.transtoyou.com\/et\/product\/norlevo-levonelle\/","og_site_name":"Transtoyou - ET","article_modified_time":"2026-01-24T22:59:15+00:00","twitter_card":"summary_large_image","twitter_misc":{"Est. reading time":"1 minut"},"schema":{"@context":"https:\/\/schema.org","@graph":[{"@type":"WebPage","@id":"https:\/\/www.transtoyou.com\/et\/product\/norlevo-levonelle\/","url":"https:\/\/www.transtoyou.com\/et\/product\/norlevo-levonelle\/","name":"Norlevo (Levonelle) | Kiiretoimeline ECP - Transtoyou","isPartOf":{"@id":"https:\/\/www.transtoyou.com\/et\/#website"},"primaryImageOfPage":{"@id":"https:\/\/www.transtoyou.com\/et\/product\/norlevo-levonelle\/#primaryimage"},"image":{"@id":"https:\/\/www.transtoyou.com\/et\/product\/norlevo-levonelle\/#primaryimage"},"thumbnailUrl":"https:\/\/www.transtoyou.com\/et\/wp-content\/uploads\/sites\/7\/2026\/01\/tty-no-product-image-125.webp","datePublished":"2026-01-24T22:58:15+00:00","dateModified":"2026-01-24T22:59:15+00:00","description":"Norlevo (Levonelle) ECP takistab rasedust kaitsmata seksi j\u00e4rel. Saadaval kiireks ligip\u00e4\u00e4suks. T\u00f5hus kuni 72 tundi. Osta n\u00fc\u00fcd Transtoyou's.","breadcrumb":{"@id":"https:\/\/www.transtoyou.com\/et\/product\/norlevo-levonelle\/#breadcrumb"},"inLanguage":"et","potentialAction":[{"@type":"ReadAction","target":["https:\/\/www.transtoyou.com\/et\/product\/norlevo-levonelle\/"]}]},{"@type":"ImageObject","inLanguage":"et","@id":"https:\/\/www.transtoyou.com\/et\/product\/norlevo-levonelle\/#primaryimage","url":"https:\/\/www.transtoyou.com\/et\/wp-content\/uploads\/sites\/7\/2026\/01\/tty-no-product-image-125.webp","contentUrl":"https:\/\/www.transtoyou.com\/et\/wp-content\/uploads\/sites\/7\/2026\/01\/tty-no-product-image-125.webp","width":1000,"height":1000,"caption":"Vaikimisi toote pilt"},{"@type":"WebSite","@id":"https:\/\/www.transtoyou.com\/et\/#website","url":"https:\/\/www.transtoyou.com\/et\/","name":"Transtoyou - ET","description":"","publisher":{"@id":"https:\/\/www.transtoyou.com\/et\/#organization"},"potentialAction":[{"@type":"SearchAction","target":{"@type":"EntryPoint","urlTemplate":"https:\/\/www.transtoyou.com\/et\/?s={search_term_string}"},"query-input":{"@type":"PropertyValueSpecification","valueRequired":true,"valueName":"search_term_string"}}],"inLanguage":"et"},{"@type":"Organization","@id":"https:\/\/www.transtoyou.com\/et\/#organization","name":"Transtoyou - ET","url":"https:\/\/www.transtoyou.com\/et\/","logo":{"@type":"ImageObject","inLanguage":"et","@id":"https:\/\/www.transtoyou.com\/et\/#\/schema\/logo\/image\/","url":"https:\/\/www.transtoyou.com\/et\/wp-content\/uploads\/sites\/7\/2026\/01\/logo-tty-menu-bar-300x87-1.webp","contentUrl":"https:\/\/www.transtoyou.com\/et\/wp-content\/uploads\/sites\/7\/2026\/01\/logo-tty-menu-bar-300x87-1.webp","width":300,"height":87,"caption":"Transtoyou - ET"},"image":{"@id":"https:\/\/www.transtoyou.com\/et\/#\/schema\/logo\/image\/"}}]}},"_links":{"self":[{"href":"https:\/\/www.transtoyou.com\/et\/wp-json\/wp\/v2\/product\/1089","targetHints":{"allow":["GET"]}}],"collection":[{"href":"https:\/\/www.transtoyou.com\/et\/wp-json\/wp\/v2\/product"}],"about":[{"href":"https:\/\/www.transtoyou.com\/et\/wp-json\/wp\/v2\/types\/product"}],"replies":[{"embeddable":true,"href":"https:\/\/www.transtoyou.com\/et\/wp-json\/wp\/v2\/comments?post=1089"}],"wp:featuredmedia":[{"embeddable":true,"href":"https:\/\/www.transtoyou.com\/et\/wp-json\/wp\/v2\/media\/1090"}],"wp:attachment":[{"href":"https:\/\/www.transtoyou.com\/et\/wp-json\/wp\/v2\/media?parent=1089"}],"wp:term":[{"taxonomy":"product_brand","embeddable":true,"href":"https:\/\/www.transtoyou.com\/et\/wp-json\/wp\/v2\/product_brand?post=1089"},{"taxonomy":"product_cat","embeddable":true,"href":"https:\/\/www.transtoyou.com\/et\/wp-json\/wp\/v2\/product_cat?post=1089"},{"taxonomy":"product_tag","embeddable":true,"href":"https:\/\/www.transtoyou.com\/et\/wp-json\/wp\/v2\/product_tag?post=1089"},{"taxonomy":"expert","embeddable":true,"href":"https:\/\/www.transtoyou.com\/et\/wp-json\/wp\/v2\/expert?post=1089"}],"curies":[{"name":"wp","href":"https:\/\/api.w.org\/{rel}","templated":true}]}}