{"id":1093,"date":"2026-01-25T01:31:03","date_gmt":"2026-01-24T23:31:03","guid":{"rendered":"https:\/\/www.transtoyou.com\/et\/product\/qlaira\/"},"modified":"2026-03-03T11:45:35","modified_gmt":"2026-03-03T09:45:35","slug":"qlaira","status":"publish","type":"product","link":"https:\/\/www.transtoyou.com\/et\/product\/qlaira\/","title":{"rendered":"Qlaira"},"content":{"rendered":"<p>Qlaira on kombineeritud suukaudne rasestumisvastane tablett, mida kasutatakse ka mitteametlikult endometrioosi s\u00fcmptomite juhtimiseks. See sisaldab s\u00fcnteetilisi versioone kahest looduslikult esinevast hormoonist, estradioolvaleraadist, \u00f6strogeeni vormist, ja dienogestist, progesteroonist. Erinevalt paljusid traditsioonilisi rasestumisvastaseid tablette j\u00e4rgib Qlaira mitme faasi annustamisgraafikut, mis on loodud v\u00f5imalikult t\u00e4pselt j\u00e4ljendama looduslikke hormonaalseid k\u00f5ikumisi.<\/p>\n<p>Endometrioos on krooniline seisund, kus emaka limaskestale sarnane kude kasvab emaka v\u00e4lispinnal, p\u00f5hjustades sageli valu, tugevaid menstruatsioone ja viljakusprobleeme. Hormonaalsed ravimid nagu Qlaira v\u00f5ivad aidata v\u00e4hendada selle vale asukoha kudede aktiivsust ja kasvu, stabiliseerides hormoonitasemeid ja p\u00e4rssides ovulatsiooni. See v\u00f5ib aja jooksul viia kergemate menstruatsioonide, v\u00e4hem vaagnavalu ja harvemate endometrioosi s\u00fcmptomite \u00e4genemisteni.<\/p>\n<p>Qlaira&#8217;t v\u00f5etakse iga p\u00e4ev kindlas j\u00e4rjestuses 28-p\u00e4evase ts\u00fckli jooksul, erineva v\u00e4rvusega tabletid n\u00e4itavad erinevaid hormoonitasemeid. On aktiivseid tablette, mis sisaldavad hormoone, ja kaks tabletti, mis ei sisalda aktiivseid koostisosade, aidates s\u00e4ilitada regulaarset rutiini ilma traditsioonilise pillivaba pausita. Erinevad annused aitavad parandada ts\u00fckli kontrolli ja v\u00f5ivad viia kergemate ja l\u00fchemate katkestusveretusteni.<\/p>\n<p>Paljud inimesed, kes kasutavad Qlaira&#8217;t endometrioosi jaoks, teatavad s\u00fcmptomite leevendamise ja elukvaliteedi paranemisest, eriti need, kes otsivad ka t\u00f5husat rasestumisvastast kaitset. \u00dcldiselt talutakse seda h\u00e4sti, kuigi v\u00f5ivad esineda k\u00f5rvaltoimed nagu iiveldus, rindade hellus, meeleolu muutused v\u00f5i l\u00e4bimurdeverejooks, eriti kasutamise esimestel kuudel.<\/p>\n","protected":false},"excerpt":{"rendered":"<ul>\n<li>Aitab reguleerida menstruaalts\u00fcklit<\/li>\n<li>Haldab endometrioosi s\u00fcmptomeid<\/li>\n<li>Kaasaegne madala annusega hormoonravi<\/li>\n<\/ul>\n","protected":false},"featured_media":1095,"comment_status":"open","ping_status":"closed","template":"","meta":[],"product_brand":[],"product_cat":[129,111],"product_tag":[],"expert":[19],"class_list":{"0":"post-1093","1":"product","2":"type-product","3":"status-publish","4":"has-post-thumbnail","6":"product_cat-endometrioos","7":"product_cat-kombineeritud-pill","8":"expert-dr-j-vazquez","10":"first","11":"instock","12":"shipping-taxable","13":"product-type-variable"},"yoast_head":"<!-- This site is optimized with the Yoast SEO plugin v27.0 - https:\/\/yoast.com\/product\/yoast-seo-wordpress\/ -->\n<title>Qlaira - Transtoyou - ET<\/title>\n<meta name=\"robots\" content=\"noindex, follow, max-snippet:-1, max-image-preview:large, max-video-preview:-1\" \/>\n<meta property=\"og:locale\" content=\"et_EE\" \/>\n<meta property=\"og:type\" content=\"article\" \/>\n<meta property=\"og:title\" content=\"Qlaira - Transtoyou - ET\" \/>\n<meta property=\"og:description\" content=\"Aitab reguleerida menstruaalts\u00fcklit  Haldab endometrioosi s\u00fcmptomeid  Kaasaegne madala annusega hormoonravi\" \/>\n<meta property=\"og:url\" content=\"https:\/\/www.transtoyou.com\/et\/product\/qlaira\/\" \/>\n<meta property=\"og:site_name\" content=\"Transtoyou - ET\" \/>\n<meta property=\"article:modified_time\" content=\"2026-03-03T09:45:35+00:00\" \/>\n<meta property=\"og:image\" content=\"https:\/\/www.transtoyou.com\/et\/wp-content\/uploads\/sites\/7\/2026\/01\/tty-no-product-image-127.webp\" \/>\n\t<meta property=\"og:image:width\" content=\"1000\" \/>\n\t<meta property=\"og:image:height\" content=\"1000\" \/>\n\t<meta property=\"og:image:type\" content=\"image\/webp\" \/>\n<meta name=\"twitter:card\" content=\"summary_large_image\" \/>\n<meta name=\"twitter:label1\" content=\"Est. reading time\" \/>\n\t<meta name=\"twitter:data1\" content=\"1 minut\" \/>\n<script type=\"application\/ld+json\" class=\"yoast-schema-graph\">{\"@context\":\"https:\/\/schema.org\",\"@graph\":[{\"@type\":\"WebPage\",\"@id\":\"https:\/\/www.transtoyou.com\/et\/product\/qlaira\/\",\"url\":\"https:\/\/www.transtoyou.com\/et\/product\/qlaira\/\",\"name\":\"Qlaira - Transtoyou - ET\",\"isPartOf\":{\"@id\":\"https:\/\/www.transtoyou.com\/et\/#website\"},\"primaryImageOfPage\":{\"@id\":\"https:\/\/www.transtoyou.com\/et\/product\/qlaira\/#primaryimage\"},\"image\":{\"@id\":\"https:\/\/www.transtoyou.com\/et\/product\/qlaira\/#primaryimage\"},\"thumbnailUrl\":\"https:\/\/www.transtoyou.com\/et\/wp-content\/uploads\/sites\/7\/2026\/01\/tty-no-product-image-127.webp\",\"datePublished\":\"2026-01-24T23:31:03+00:00\",\"dateModified\":\"2026-03-03T09:45:35+00:00\",\"breadcrumb\":{\"@id\":\"https:\/\/www.transtoyou.com\/et\/product\/qlaira\/#breadcrumb\"},\"inLanguage\":\"et\",\"potentialAction\":[{\"@type\":\"ReadAction\",\"target\":[\"https:\/\/www.transtoyou.com\/et\/product\/qlaira\/\"]}]},{\"@type\":\"ImageObject\",\"inLanguage\":\"et\",\"@id\":\"https:\/\/www.transtoyou.com\/et\/product\/qlaira\/#primaryimage\",\"url\":\"https:\/\/www.transtoyou.com\/et\/wp-content\/uploads\/sites\/7\/2026\/01\/tty-no-product-image-127.webp\",\"contentUrl\":\"https:\/\/www.transtoyou.com\/et\/wp-content\/uploads\/sites\/7\/2026\/01\/tty-no-product-image-127.webp\",\"width\":1000,\"height\":1000,\"caption\":\"Vaikimisi toote pilt\"},{\"@type\":\"WebSite\",\"@id\":\"https:\/\/www.transtoyou.com\/et\/#website\",\"url\":\"https:\/\/www.transtoyou.com\/et\/\",\"name\":\"Transtoyou - ET\",\"description\":\"\",\"publisher\":{\"@id\":\"https:\/\/www.transtoyou.com\/et\/#organization\"},\"potentialAction\":[{\"@type\":\"SearchAction\",\"target\":{\"@type\":\"EntryPoint\",\"urlTemplate\":\"https:\/\/www.transtoyou.com\/et\/?s={search_term_string}\"},\"query-input\":{\"@type\":\"PropertyValueSpecification\",\"valueRequired\":true,\"valueName\":\"search_term_string\"}}],\"inLanguage\":\"et\"},{\"@type\":\"Organization\",\"@id\":\"https:\/\/www.transtoyou.com\/et\/#organization\",\"name\":\"Transtoyou - ET\",\"url\":\"https:\/\/www.transtoyou.com\/et\/\",\"logo\":{\"@type\":\"ImageObject\",\"inLanguage\":\"et\",\"@id\":\"https:\/\/www.transtoyou.com\/et\/#\/schema\/logo\/image\/\",\"url\":\"https:\/\/www.transtoyou.com\/et\/wp-content\/uploads\/sites\/7\/2026\/01\/logo-tty-menu-bar-300x87-1.webp\",\"contentUrl\":\"https:\/\/www.transtoyou.com\/et\/wp-content\/uploads\/sites\/7\/2026\/01\/logo-tty-menu-bar-300x87-1.webp\",\"width\":300,\"height\":87,\"caption\":\"Transtoyou - ET\"},\"image\":{\"@id\":\"https:\/\/www.transtoyou.com\/et\/#\/schema\/logo\/image\/\"}}]}<\/script>\n<!-- \/ Yoast SEO plugin. -->","yoast_head_json":{"title":"Qlaira - Transtoyou - ET","robots":{"index":"noindex","follow":"follow","max-snippet":"max-snippet:-1","max-image-preview":"max-image-preview:large","max-video-preview":"max-video-preview:-1"},"og_locale":"et_EE","og_type":"article","og_title":"Qlaira - Transtoyou - ET","og_description":"Aitab reguleerida menstruaalts\u00fcklit  Haldab endometrioosi s\u00fcmptomeid  Kaasaegne madala annusega hormoonravi","og_url":"https:\/\/www.transtoyou.com\/et\/product\/qlaira\/","og_site_name":"Transtoyou - ET","article_modified_time":"2026-03-03T09:45:35+00:00","og_image":[{"width":1000,"height":1000,"url":"https:\/\/www.transtoyou.com\/et\/wp-content\/uploads\/sites\/7\/2026\/01\/tty-no-product-image-127.webp","type":"image\/webp"}],"twitter_card":"summary_large_image","twitter_misc":{"Est. reading time":"1 minut"},"schema":{"@context":"https:\/\/schema.org","@graph":[{"@type":"WebPage","@id":"https:\/\/www.transtoyou.com\/et\/product\/qlaira\/","url":"https:\/\/www.transtoyou.com\/et\/product\/qlaira\/","name":"Qlaira - Transtoyou - ET","isPartOf":{"@id":"https:\/\/www.transtoyou.com\/et\/#website"},"primaryImageOfPage":{"@id":"https:\/\/www.transtoyou.com\/et\/product\/qlaira\/#primaryimage"},"image":{"@id":"https:\/\/www.transtoyou.com\/et\/product\/qlaira\/#primaryimage"},"thumbnailUrl":"https:\/\/www.transtoyou.com\/et\/wp-content\/uploads\/sites\/7\/2026\/01\/tty-no-product-image-127.webp","datePublished":"2026-01-24T23:31:03+00:00","dateModified":"2026-03-03T09:45:35+00:00","breadcrumb":{"@id":"https:\/\/www.transtoyou.com\/et\/product\/qlaira\/#breadcrumb"},"inLanguage":"et","potentialAction":[{"@type":"ReadAction","target":["https:\/\/www.transtoyou.com\/et\/product\/qlaira\/"]}]},{"@type":"ImageObject","inLanguage":"et","@id":"https:\/\/www.transtoyou.com\/et\/product\/qlaira\/#primaryimage","url":"https:\/\/www.transtoyou.com\/et\/wp-content\/uploads\/sites\/7\/2026\/01\/tty-no-product-image-127.webp","contentUrl":"https:\/\/www.transtoyou.com\/et\/wp-content\/uploads\/sites\/7\/2026\/01\/tty-no-product-image-127.webp","width":1000,"height":1000,"caption":"Vaikimisi toote pilt"},{"@type":"WebSite","@id":"https:\/\/www.transtoyou.com\/et\/#website","url":"https:\/\/www.transtoyou.com\/et\/","name":"Transtoyou - ET","description":"","publisher":{"@id":"https:\/\/www.transtoyou.com\/et\/#organization"},"potentialAction":[{"@type":"SearchAction","target":{"@type":"EntryPoint","urlTemplate":"https:\/\/www.transtoyou.com\/et\/?s={search_term_string}"},"query-input":{"@type":"PropertyValueSpecification","valueRequired":true,"valueName":"search_term_string"}}],"inLanguage":"et"},{"@type":"Organization","@id":"https:\/\/www.transtoyou.com\/et\/#organization","name":"Transtoyou - ET","url":"https:\/\/www.transtoyou.com\/et\/","logo":{"@type":"ImageObject","inLanguage":"et","@id":"https:\/\/www.transtoyou.com\/et\/#\/schema\/logo\/image\/","url":"https:\/\/www.transtoyou.com\/et\/wp-content\/uploads\/sites\/7\/2026\/01\/logo-tty-menu-bar-300x87-1.webp","contentUrl":"https:\/\/www.transtoyou.com\/et\/wp-content\/uploads\/sites\/7\/2026\/01\/logo-tty-menu-bar-300x87-1.webp","width":300,"height":87,"caption":"Transtoyou - ET"},"image":{"@id":"https:\/\/www.transtoyou.com\/et\/#\/schema\/logo\/image\/"}}]}},"_links":{"self":[{"href":"https:\/\/www.transtoyou.com\/et\/wp-json\/wp\/v2\/product\/1093","targetHints":{"allow":["GET"]}}],"collection":[{"href":"https:\/\/www.transtoyou.com\/et\/wp-json\/wp\/v2\/product"}],"about":[{"href":"https:\/\/www.transtoyou.com\/et\/wp-json\/wp\/v2\/types\/product"}],"replies":[{"embeddable":true,"href":"https:\/\/www.transtoyou.com\/et\/wp-json\/wp\/v2\/comments?post=1093"}],"wp:featuredmedia":[{"embeddable":true,"href":"https:\/\/www.transtoyou.com\/et\/wp-json\/wp\/v2\/media\/1095"}],"wp:attachment":[{"href":"https:\/\/www.transtoyou.com\/et\/wp-json\/wp\/v2\/media?parent=1093"}],"wp:term":[{"taxonomy":"product_brand","embeddable":true,"href":"https:\/\/www.transtoyou.com\/et\/wp-json\/wp\/v2\/product_brand?post=1093"},{"taxonomy":"product_cat","embeddable":true,"href":"https:\/\/www.transtoyou.com\/et\/wp-json\/wp\/v2\/product_cat?post=1093"},{"taxonomy":"product_tag","embeddable":true,"href":"https:\/\/www.transtoyou.com\/et\/wp-json\/wp\/v2\/product_tag?post=1093"},{"taxonomy":"expert","embeddable":true,"href":"https:\/\/www.transtoyou.com\/et\/wp-json\/wp\/v2\/expert?post=1093"}],"curies":[{"name":"wp","href":"https:\/\/api.w.org\/{rel}","templated":true}]}}