{"id":1096,"date":"2026-01-25T01:46:52","date_gmt":"2026-01-24T23:46:52","guid":{"rendered":"https:\/\/www.transtoyou.com\/et\/product\/postinor\/"},"modified":"2026-01-25T01:47:46","modified_gmt":"2026-01-24T23:47:46","slug":"postinor","status":"publish","type":"product","link":"https:\/\/www.transtoyou.com\/et\/product\/postinor\/","title":{"rendered":"Postinor"},"content":{"rendered":"<p>Postinor on h\u00e4daabi rasestumisvastane tablett, mida kasutatakse raseduse ennetamiseks p\u00e4rast kaitsmata seksuaalvahekorda v\u00f5i rasestumisvastase meetodi eba\u00f5nnestumist (nt unustatud tablett v\u00f5i kondoomi purunemine). Toimeaine on levonorgestreel, s\u00fcnteetiline progesterooni hormoon, mis j\u00e4ljendab looduslikku progesterooni.<\/p>\n<p>Peamine toimeviis on ovulatsiooni viivitamine v\u00f5i p\u00e4rssimine, munaraku vabastamine munasarjast. Sellega v\u00e4hendab Postinor viljastumise t\u00f5en\u00e4osust. Samuti v\u00f5ib see p\u00f5hjustada muutusi emakakaela limas ja emaka limaskestas, muutes seemnerakkude j\u00f5udmise munarakuni v\u00f5i viljastatud munaraku implanteerimise emakas keerulisemaks. Siiski ei katkesta see olemasolevat rasedust ja ei avalda m\u00f5ju p\u00e4rast implanteerimist.<\/p>\n<p>Postinor tuleks v\u00f5tta v\u00f5imalikult kiiresti p\u00e4rast kaitsmata seksi, eelistatavalt 12 tunni jooksul ja hiljemalt 72 tunni (3 p\u00e4eva) jooksul. Mida varem see v\u00f5etakse, seda efektiivsem see on. See ei ole m\u00f5eldud regulaarseks rasestumisvastaseks kasutamiseks ja ei tohiks asendada pidevaid rasestumisvastaseid meetodeid. Samuti ei kaitse see sugulisel teel levivate nakkuste (STI-de) eest.<\/p>\n<p>Postinori eelised h\u00f5lmavad lihtsat juurdep\u00e4\u00e4su, lihtsat \u00fchekordset manustamist ja \u00fcldiselt kergeid k\u00f5rvaltoimeid. M\u00f5ned kasutajad v\u00f5ivad kogeda iiveldust, muutusi menstruaalts\u00fcklis, rindade hellust, v\u00e4simust v\u00f5i k\u00f5hu ebamugavust. Enamik k\u00f5rvaltoimeid kaob m\u00f5ne p\u00e4eva jooksul.<\/p>\n","protected":false},"excerpt":{"rendered":"<ul>\n<li>V\u00f5ta 72 tunni jooksul<\/li>\n<li>Viivitab ovulatsiooni<\/li>\n<li>\u00dchekordne h\u00e4daabi rasestumisvastane vahend<\/li>\n<\/ul>\n","protected":false},"featured_media":1097,"comment_status":"open","ping_status":"closed","template":"","meta":[],"product_brand":[],"product_cat":[127],"product_tag":[],"expert":[19],"class_list":{"0":"post-1096","1":"product","2":"type-product","3":"status-publish","4":"has-post-thumbnail","6":"product_cat-hadaabivahendid","7":"expert-dr-j-vazquez","9":"first","10":"instock","11":"shipping-taxable","12":"product-type-simple"},"yoast_head":"<!-- This site is optimized with the Yoast SEO plugin v27.0 - https:\/\/yoast.com\/product\/yoast-seo-wordpress\/ -->\n<title>Postinor | H\u00e4daabi rasestumisvastane lahendus - Transtoyou<\/title>\n<meta name=\"description\" content=\"Kaitse raseduse eest kaitsmata seksi j\u00e4rel Postinoriga, saadaval n\u00fc\u00fcd Transtoyou&#039;s. Kiire tegutsemine 72 tunni jooksul suurendab efektiivsust.\" \/>\n<meta name=\"robots\" content=\"noindex, follow, max-snippet:-1, max-image-preview:large, max-video-preview:-1\" \/>\n<meta property=\"og:locale\" content=\"et_EE\" \/>\n<meta property=\"og:type\" content=\"article\" \/>\n<meta property=\"og:title\" content=\"Postinor | H\u00e4daabi rasestumisvastane lahendus - Transtoyou\" \/>\n<meta property=\"og:description\" content=\"Kaitse raseduse eest kaitsmata seksi j\u00e4rel Postinoriga, saadaval n\u00fc\u00fcd Transtoyou&#039;s. Kiire tegutsemine 72 tunni jooksul suurendab efektiivsust.\" \/>\n<meta property=\"og:url\" content=\"https:\/\/www.transtoyou.com\/et\/product\/postinor\/\" \/>\n<meta property=\"og:site_name\" content=\"Transtoyou - ET\" \/>\n<meta property=\"article:modified_time\" content=\"2026-01-24T23:47:46+00:00\" \/>\n<meta name=\"twitter:card\" content=\"summary_large_image\" \/>\n<meta name=\"twitter:label1\" content=\"Est. reading time\" \/>\n\t<meta name=\"twitter:data1\" content=\"1 minut\" \/>\n<script type=\"application\/ld+json\" class=\"yoast-schema-graph\">{\"@context\":\"https:\/\/schema.org\",\"@graph\":[{\"@type\":\"WebPage\",\"@id\":\"https:\/\/www.transtoyou.com\/et\/product\/postinor\/\",\"url\":\"https:\/\/www.transtoyou.com\/et\/product\/postinor\/\",\"name\":\"Postinor | H\u00e4daabi rasestumisvastane lahendus - Transtoyou\",\"isPartOf\":{\"@id\":\"https:\/\/www.transtoyou.com\/et\/#website\"},\"primaryImageOfPage\":{\"@id\":\"https:\/\/www.transtoyou.com\/et\/product\/postinor\/#primaryimage\"},\"image\":{\"@id\":\"https:\/\/www.transtoyou.com\/et\/product\/postinor\/#primaryimage\"},\"thumbnailUrl\":\"https:\/\/www.transtoyou.com\/et\/wp-content\/uploads\/sites\/7\/2026\/01\/tty-no-product-image-128.webp\",\"datePublished\":\"2026-01-24T23:46:52+00:00\",\"dateModified\":\"2026-01-24T23:47:46+00:00\",\"description\":\"Kaitse raseduse eest kaitsmata seksi j\u00e4rel Postinoriga, saadaval n\u00fc\u00fcd Transtoyou's. Kiire tegutsemine 72 tunni jooksul suurendab efektiivsust.\",\"breadcrumb\":{\"@id\":\"https:\/\/www.transtoyou.com\/et\/product\/postinor\/#breadcrumb\"},\"inLanguage\":\"et\",\"potentialAction\":[{\"@type\":\"ReadAction\",\"target\":[\"https:\/\/www.transtoyou.com\/et\/product\/postinor\/\"]}]},{\"@type\":\"ImageObject\",\"inLanguage\":\"et\",\"@id\":\"https:\/\/www.transtoyou.com\/et\/product\/postinor\/#primaryimage\",\"url\":\"https:\/\/www.transtoyou.com\/et\/wp-content\/uploads\/sites\/7\/2026\/01\/tty-no-product-image-128.webp\",\"contentUrl\":\"https:\/\/www.transtoyou.com\/et\/wp-content\/uploads\/sites\/7\/2026\/01\/tty-no-product-image-128.webp\",\"width\":1000,\"height\":1000,\"caption\":\"Vaikimisi toote pilt\"},{\"@type\":\"WebSite\",\"@id\":\"https:\/\/www.transtoyou.com\/et\/#website\",\"url\":\"https:\/\/www.transtoyou.com\/et\/\",\"name\":\"Transtoyou - ET\",\"description\":\"\",\"publisher\":{\"@id\":\"https:\/\/www.transtoyou.com\/et\/#organization\"},\"potentialAction\":[{\"@type\":\"SearchAction\",\"target\":{\"@type\":\"EntryPoint\",\"urlTemplate\":\"https:\/\/www.transtoyou.com\/et\/?s={search_term_string}\"},\"query-input\":{\"@type\":\"PropertyValueSpecification\",\"valueRequired\":true,\"valueName\":\"search_term_string\"}}],\"inLanguage\":\"et\"},{\"@type\":\"Organization\",\"@id\":\"https:\/\/www.transtoyou.com\/et\/#organization\",\"name\":\"Transtoyou - ET\",\"url\":\"https:\/\/www.transtoyou.com\/et\/\",\"logo\":{\"@type\":\"ImageObject\",\"inLanguage\":\"et\",\"@id\":\"https:\/\/www.transtoyou.com\/et\/#\/schema\/logo\/image\/\",\"url\":\"https:\/\/www.transtoyou.com\/et\/wp-content\/uploads\/sites\/7\/2026\/01\/logo-tty-menu-bar-300x87-1.webp\",\"contentUrl\":\"https:\/\/www.transtoyou.com\/et\/wp-content\/uploads\/sites\/7\/2026\/01\/logo-tty-menu-bar-300x87-1.webp\",\"width\":300,\"height\":87,\"caption\":\"Transtoyou - ET\"},\"image\":{\"@id\":\"https:\/\/www.transtoyou.com\/et\/#\/schema\/logo\/image\/\"}}]}<\/script>\n<!-- \/ Yoast SEO plugin. -->","yoast_head_json":{"title":"Postinor | H\u00e4daabi rasestumisvastane lahendus - Transtoyou","description":"Kaitse raseduse eest kaitsmata seksi j\u00e4rel Postinoriga, saadaval n\u00fc\u00fcd Transtoyou's. Kiire tegutsemine 72 tunni jooksul suurendab efektiivsust.","robots":{"index":"noindex","follow":"follow","max-snippet":"max-snippet:-1","max-image-preview":"max-image-preview:large","max-video-preview":"max-video-preview:-1"},"og_locale":"et_EE","og_type":"article","og_title":"Postinor | H\u00e4daabi rasestumisvastane lahendus - Transtoyou","og_description":"Kaitse raseduse eest kaitsmata seksi j\u00e4rel Postinoriga, saadaval n\u00fc\u00fcd Transtoyou's. Kiire tegutsemine 72 tunni jooksul suurendab efektiivsust.","og_url":"https:\/\/www.transtoyou.com\/et\/product\/postinor\/","og_site_name":"Transtoyou - ET","article_modified_time":"2026-01-24T23:47:46+00:00","twitter_card":"summary_large_image","twitter_misc":{"Est. reading time":"1 minut"},"schema":{"@context":"https:\/\/schema.org","@graph":[{"@type":"WebPage","@id":"https:\/\/www.transtoyou.com\/et\/product\/postinor\/","url":"https:\/\/www.transtoyou.com\/et\/product\/postinor\/","name":"Postinor | H\u00e4daabi rasestumisvastane lahendus - Transtoyou","isPartOf":{"@id":"https:\/\/www.transtoyou.com\/et\/#website"},"primaryImageOfPage":{"@id":"https:\/\/www.transtoyou.com\/et\/product\/postinor\/#primaryimage"},"image":{"@id":"https:\/\/www.transtoyou.com\/et\/product\/postinor\/#primaryimage"},"thumbnailUrl":"https:\/\/www.transtoyou.com\/et\/wp-content\/uploads\/sites\/7\/2026\/01\/tty-no-product-image-128.webp","datePublished":"2026-01-24T23:46:52+00:00","dateModified":"2026-01-24T23:47:46+00:00","description":"Kaitse raseduse eest kaitsmata seksi j\u00e4rel Postinoriga, saadaval n\u00fc\u00fcd Transtoyou's. Kiire tegutsemine 72 tunni jooksul suurendab efektiivsust.","breadcrumb":{"@id":"https:\/\/www.transtoyou.com\/et\/product\/postinor\/#breadcrumb"},"inLanguage":"et","potentialAction":[{"@type":"ReadAction","target":["https:\/\/www.transtoyou.com\/et\/product\/postinor\/"]}]},{"@type":"ImageObject","inLanguage":"et","@id":"https:\/\/www.transtoyou.com\/et\/product\/postinor\/#primaryimage","url":"https:\/\/www.transtoyou.com\/et\/wp-content\/uploads\/sites\/7\/2026\/01\/tty-no-product-image-128.webp","contentUrl":"https:\/\/www.transtoyou.com\/et\/wp-content\/uploads\/sites\/7\/2026\/01\/tty-no-product-image-128.webp","width":1000,"height":1000,"caption":"Vaikimisi toote pilt"},{"@type":"WebSite","@id":"https:\/\/www.transtoyou.com\/et\/#website","url":"https:\/\/www.transtoyou.com\/et\/","name":"Transtoyou - ET","description":"","publisher":{"@id":"https:\/\/www.transtoyou.com\/et\/#organization"},"potentialAction":[{"@type":"SearchAction","target":{"@type":"EntryPoint","urlTemplate":"https:\/\/www.transtoyou.com\/et\/?s={search_term_string}"},"query-input":{"@type":"PropertyValueSpecification","valueRequired":true,"valueName":"search_term_string"}}],"inLanguage":"et"},{"@type":"Organization","@id":"https:\/\/www.transtoyou.com\/et\/#organization","name":"Transtoyou - ET","url":"https:\/\/www.transtoyou.com\/et\/","logo":{"@type":"ImageObject","inLanguage":"et","@id":"https:\/\/www.transtoyou.com\/et\/#\/schema\/logo\/image\/","url":"https:\/\/www.transtoyou.com\/et\/wp-content\/uploads\/sites\/7\/2026\/01\/logo-tty-menu-bar-300x87-1.webp","contentUrl":"https:\/\/www.transtoyou.com\/et\/wp-content\/uploads\/sites\/7\/2026\/01\/logo-tty-menu-bar-300x87-1.webp","width":300,"height":87,"caption":"Transtoyou - ET"},"image":{"@id":"https:\/\/www.transtoyou.com\/et\/#\/schema\/logo\/image\/"}}]}},"_links":{"self":[{"href":"https:\/\/www.transtoyou.com\/et\/wp-json\/wp\/v2\/product\/1096","targetHints":{"allow":["GET"]}}],"collection":[{"href":"https:\/\/www.transtoyou.com\/et\/wp-json\/wp\/v2\/product"}],"about":[{"href":"https:\/\/www.transtoyou.com\/et\/wp-json\/wp\/v2\/types\/product"}],"replies":[{"embeddable":true,"href":"https:\/\/www.transtoyou.com\/et\/wp-json\/wp\/v2\/comments?post=1096"}],"wp:featuredmedia":[{"embeddable":true,"href":"https:\/\/www.transtoyou.com\/et\/wp-json\/wp\/v2\/media\/1097"}],"wp:attachment":[{"href":"https:\/\/www.transtoyou.com\/et\/wp-json\/wp\/v2\/media?parent=1096"}],"wp:term":[{"taxonomy":"product_brand","embeddable":true,"href":"https:\/\/www.transtoyou.com\/et\/wp-json\/wp\/v2\/product_brand?post=1096"},{"taxonomy":"product_cat","embeddable":true,"href":"https:\/\/www.transtoyou.com\/et\/wp-json\/wp\/v2\/product_cat?post=1096"},{"taxonomy":"product_tag","embeddable":true,"href":"https:\/\/www.transtoyou.com\/et\/wp-json\/wp\/v2\/product_tag?post=1096"},{"taxonomy":"expert","embeddable":true,"href":"https:\/\/www.transtoyou.com\/et\/wp-json\/wp\/v2\/expert?post=1096"}],"curies":[{"name":"wp","href":"https:\/\/api.w.org\/{rel}","templated":true}]}}