{"id":1101,"date":"2026-01-25T02:21:21","date_gmt":"2026-01-25T00:21:21","guid":{"rendered":"https:\/\/www.transtoyou.com\/et\/product\/ebixa\/"},"modified":"2026-01-25T02:22:21","modified_gmt":"2026-01-25T00:22:21","slug":"ebixa","status":"publish","type":"product","link":"https:\/\/www.transtoyou.com\/et\/product\/ebixa\/","title":{"rendered":"Ebixa"},"content":{"rendered":"<p>Ebixa on retseptiravim, mida kasutatakse m\u00f5\u00f5duka kuni raske Alzheimeri t\u00f5ve raviks. See sisaldab toimeainet memantiin, mis reguleerib glutamaadi aktiivsust ajus, keemilist s\u00f5numitoojat, mis on seotud \u00f5ppimise, m\u00e4lu ja kognitiivsete funktsioonidega. Alzheimeri t\u00f5ve korral v\u00f5ib liigne glutamaadi aktiivsus viia n\u00e4rvirakkude \u00fclestimuleerimise ja kahjustumiseni. Ebixa aitab taastada tasakaalu ja kaitseb aju selle \u00fclestimuleerimise eest, mis v\u00f5ib aidata s\u00e4ilitada kognitiivset funktsiooni kauem.<\/p>\n<p>Kuigi Alzheimeri t\u00f5bi on progresseeruv ja seda ei saa ravida, v\u00f5ib Ebixa aidata leevendada teatud s\u00fcmptomeid, mis on seotud m\u00e4lu, m\u00f5tlemise ja k\u00e4itumisega. See v\u00f5ib toetada patsiente igap\u00e4evaste tegevustega tegelemisel, suheldes selgemalt teistega ja s\u00e4ilitades m\u00f5ningase iseseisvuse kauem. Kuigi m\u00f5ju varieerub inimeselt inimesele, kogevad paljud ajas stabiliseerumist v\u00f5i kerget paranemist kognitiivsetes s\u00fcmptomites.<\/p>\n<p>Ebixa v\u00f5etakse tavaliselt \u00fcks kord p\u00e4evas. Ravi algab tavaliselt madala annusega, mida suurendatakse j\u00e4rk-j\u00e4rgult mitme n\u00e4dala jooksul, et keha saaks kohaneda. Ravim on k\u00f5ige t\u00f5husam, kui seda v\u00f5etakse j\u00e4rjepidevalt osana pikaajalisest raviplaanist.<\/p>\n<p>K\u00f5rvaltoimed on tavaliselt kerged ja v\u00f5ivad h\u00f5lmata pearinglust, peavalu, k\u00f5hukinnisust v\u00f5i segadust ravi varases staadiumis. Need s\u00fcmptomid v\u00e4henevad sageli, kui keha kohandub. Ebixa on enamikule patsientidest ohutu, kuid ei pruugi sobida neile, kellel on t\u00f5sised neeruprobleemid v\u00f5i teatud muud terviseseisundid.<\/p>\n","protected":false},"excerpt":{"rendered":"<ul>\n<li>V\u00f5ib parandada m\u00e4lu, t\u00e4helepanu ja igap\u00e4evast toimetulekut<\/li>\n<li>V\u00e4hendab k\u00e4itumish\u00e4ireid<\/li>\n<li>Sobib kasutamiseks koos teiste dementsuse ravimitega<\/li>\n<\/ul>\n","protected":false},"featured_media":1103,"comment_status":"open","ping_status":"closed","template":"","meta":[],"product_brand":[],"product_cat":[119],"product_tag":[],"expert":[16],"class_list":{"0":"post-1101","1":"product","2":"type-product","3":"status-publish","4":"has-post-thumbnail","6":"product_cat-dementsus-ja-aju","7":"expert-dr-c-alexandru","9":"first","10":"instock","11":"shipping-taxable","12":"product-type-variable"},"yoast_head":"<!-- This site is optimized with the Yoast SEO plugin v27.0 - https:\/\/yoast.com\/product\/yoast-seo-wordpress\/ -->\n<title>Ebixa | Toetab Kognitiivset Tervist - Transtoyou<\/title>\n<meta name=\"description\" content=\"Avasta Ebixa Transtoyou&#039;s, kliiniliselt heaks kiidetud ravi m\u00f5\u00f5duka kuni raske Alzheimeri t\u00f5ve jaoks, mis aitab s\u00e4ilitada kognitiivset funktsiooni memantiiniga.\" \/>\n<meta name=\"robots\" content=\"noindex, follow, max-snippet:-1, max-image-preview:large, max-video-preview:-1\" \/>\n<meta property=\"og:locale\" content=\"et_EE\" \/>\n<meta property=\"og:type\" content=\"article\" \/>\n<meta property=\"og:title\" content=\"Ebixa | Toetab Kognitiivset Tervist - Transtoyou\" \/>\n<meta property=\"og:description\" content=\"Avasta Ebixa Transtoyou&#039;s, kliiniliselt heaks kiidetud ravi m\u00f5\u00f5duka kuni raske Alzheimeri t\u00f5ve jaoks, mis aitab s\u00e4ilitada kognitiivset funktsiooni memantiiniga.\" \/>\n<meta property=\"og:url\" content=\"https:\/\/www.transtoyou.com\/et\/product\/ebixa\/\" \/>\n<meta property=\"og:site_name\" content=\"Transtoyou - ET\" \/>\n<meta property=\"article:modified_time\" content=\"2026-01-25T00:22:21+00:00\" \/>\n<meta name=\"twitter:card\" content=\"summary_large_image\" \/>\n<meta name=\"twitter:label1\" content=\"Est. reading time\" \/>\n\t<meta name=\"twitter:data1\" content=\"1 minut\" \/>\n<script type=\"application\/ld+json\" class=\"yoast-schema-graph\">{\"@context\":\"https:\/\/schema.org\",\"@graph\":[{\"@type\":\"WebPage\",\"@id\":\"https:\/\/www.transtoyou.com\/et\/product\/ebixa\/\",\"url\":\"https:\/\/www.transtoyou.com\/et\/product\/ebixa\/\",\"name\":\"Ebixa | Toetab Kognitiivset Tervist - Transtoyou\",\"isPartOf\":{\"@id\":\"https:\/\/www.transtoyou.com\/et\/#website\"},\"primaryImageOfPage\":{\"@id\":\"https:\/\/www.transtoyou.com\/et\/product\/ebixa\/#primaryimage\"},\"image\":{\"@id\":\"https:\/\/www.transtoyou.com\/et\/product\/ebixa\/#primaryimage\"},\"thumbnailUrl\":\"https:\/\/www.transtoyou.com\/et\/wp-content\/uploads\/sites\/7\/2026\/01\/tty-no-product-image-130.webp\",\"datePublished\":\"2026-01-25T00:21:21+00:00\",\"dateModified\":\"2026-01-25T00:22:21+00:00\",\"description\":\"Avasta Ebixa Transtoyou's, kliiniliselt heaks kiidetud ravi m\u00f5\u00f5duka kuni raske Alzheimeri t\u00f5ve jaoks, mis aitab s\u00e4ilitada kognitiivset funktsiooni memantiiniga.\",\"breadcrumb\":{\"@id\":\"https:\/\/www.transtoyou.com\/et\/product\/ebixa\/#breadcrumb\"},\"inLanguage\":\"et\",\"potentialAction\":[{\"@type\":\"ReadAction\",\"target\":[\"https:\/\/www.transtoyou.com\/et\/product\/ebixa\/\"]}]},{\"@type\":\"ImageObject\",\"inLanguage\":\"et\",\"@id\":\"https:\/\/www.transtoyou.com\/et\/product\/ebixa\/#primaryimage\",\"url\":\"https:\/\/www.transtoyou.com\/et\/wp-content\/uploads\/sites\/7\/2026\/01\/tty-no-product-image-130.webp\",\"contentUrl\":\"https:\/\/www.transtoyou.com\/et\/wp-content\/uploads\/sites\/7\/2026\/01\/tty-no-product-image-130.webp\",\"width\":1000,\"height\":1000,\"caption\":\"Vaikimisi toote pilt\"},{\"@type\":\"WebSite\",\"@id\":\"https:\/\/www.transtoyou.com\/et\/#website\",\"url\":\"https:\/\/www.transtoyou.com\/et\/\",\"name\":\"Transtoyou - ET\",\"description\":\"\",\"publisher\":{\"@id\":\"https:\/\/www.transtoyou.com\/et\/#organization\"},\"potentialAction\":[{\"@type\":\"SearchAction\",\"target\":{\"@type\":\"EntryPoint\",\"urlTemplate\":\"https:\/\/www.transtoyou.com\/et\/?s={search_term_string}\"},\"query-input\":{\"@type\":\"PropertyValueSpecification\",\"valueRequired\":true,\"valueName\":\"search_term_string\"}}],\"inLanguage\":\"et\"},{\"@type\":\"Organization\",\"@id\":\"https:\/\/www.transtoyou.com\/et\/#organization\",\"name\":\"Transtoyou - ET\",\"url\":\"https:\/\/www.transtoyou.com\/et\/\",\"logo\":{\"@type\":\"ImageObject\",\"inLanguage\":\"et\",\"@id\":\"https:\/\/www.transtoyou.com\/et\/#\/schema\/logo\/image\/\",\"url\":\"https:\/\/www.transtoyou.com\/et\/wp-content\/uploads\/sites\/7\/2026\/01\/logo-tty-menu-bar-300x87-1.webp\",\"contentUrl\":\"https:\/\/www.transtoyou.com\/et\/wp-content\/uploads\/sites\/7\/2026\/01\/logo-tty-menu-bar-300x87-1.webp\",\"width\":300,\"height\":87,\"caption\":\"Transtoyou - ET\"},\"image\":{\"@id\":\"https:\/\/www.transtoyou.com\/et\/#\/schema\/logo\/image\/\"}}]}<\/script>\n<!-- \/ Yoast SEO plugin. -->","yoast_head_json":{"title":"Ebixa | Toetab Kognitiivset Tervist - Transtoyou","description":"Avasta Ebixa Transtoyou's, kliiniliselt heaks kiidetud ravi m\u00f5\u00f5duka kuni raske Alzheimeri t\u00f5ve jaoks, mis aitab s\u00e4ilitada kognitiivset funktsiooni memantiiniga.","robots":{"index":"noindex","follow":"follow","max-snippet":"max-snippet:-1","max-image-preview":"max-image-preview:large","max-video-preview":"max-video-preview:-1"},"og_locale":"et_EE","og_type":"article","og_title":"Ebixa | Toetab Kognitiivset Tervist - Transtoyou","og_description":"Avasta Ebixa Transtoyou's, kliiniliselt heaks kiidetud ravi m\u00f5\u00f5duka kuni raske Alzheimeri t\u00f5ve jaoks, mis aitab s\u00e4ilitada kognitiivset funktsiooni memantiiniga.","og_url":"https:\/\/www.transtoyou.com\/et\/product\/ebixa\/","og_site_name":"Transtoyou - ET","article_modified_time":"2026-01-25T00:22:21+00:00","twitter_card":"summary_large_image","twitter_misc":{"Est. reading time":"1 minut"},"schema":{"@context":"https:\/\/schema.org","@graph":[{"@type":"WebPage","@id":"https:\/\/www.transtoyou.com\/et\/product\/ebixa\/","url":"https:\/\/www.transtoyou.com\/et\/product\/ebixa\/","name":"Ebixa | Toetab Kognitiivset Tervist - Transtoyou","isPartOf":{"@id":"https:\/\/www.transtoyou.com\/et\/#website"},"primaryImageOfPage":{"@id":"https:\/\/www.transtoyou.com\/et\/product\/ebixa\/#primaryimage"},"image":{"@id":"https:\/\/www.transtoyou.com\/et\/product\/ebixa\/#primaryimage"},"thumbnailUrl":"https:\/\/www.transtoyou.com\/et\/wp-content\/uploads\/sites\/7\/2026\/01\/tty-no-product-image-130.webp","datePublished":"2026-01-25T00:21:21+00:00","dateModified":"2026-01-25T00:22:21+00:00","description":"Avasta Ebixa Transtoyou's, kliiniliselt heaks kiidetud ravi m\u00f5\u00f5duka kuni raske Alzheimeri t\u00f5ve jaoks, mis aitab s\u00e4ilitada kognitiivset funktsiooni memantiiniga.","breadcrumb":{"@id":"https:\/\/www.transtoyou.com\/et\/product\/ebixa\/#breadcrumb"},"inLanguage":"et","potentialAction":[{"@type":"ReadAction","target":["https:\/\/www.transtoyou.com\/et\/product\/ebixa\/"]}]},{"@type":"ImageObject","inLanguage":"et","@id":"https:\/\/www.transtoyou.com\/et\/product\/ebixa\/#primaryimage","url":"https:\/\/www.transtoyou.com\/et\/wp-content\/uploads\/sites\/7\/2026\/01\/tty-no-product-image-130.webp","contentUrl":"https:\/\/www.transtoyou.com\/et\/wp-content\/uploads\/sites\/7\/2026\/01\/tty-no-product-image-130.webp","width":1000,"height":1000,"caption":"Vaikimisi toote pilt"},{"@type":"WebSite","@id":"https:\/\/www.transtoyou.com\/et\/#website","url":"https:\/\/www.transtoyou.com\/et\/","name":"Transtoyou - ET","description":"","publisher":{"@id":"https:\/\/www.transtoyou.com\/et\/#organization"},"potentialAction":[{"@type":"SearchAction","target":{"@type":"EntryPoint","urlTemplate":"https:\/\/www.transtoyou.com\/et\/?s={search_term_string}"},"query-input":{"@type":"PropertyValueSpecification","valueRequired":true,"valueName":"search_term_string"}}],"inLanguage":"et"},{"@type":"Organization","@id":"https:\/\/www.transtoyou.com\/et\/#organization","name":"Transtoyou - ET","url":"https:\/\/www.transtoyou.com\/et\/","logo":{"@type":"ImageObject","inLanguage":"et","@id":"https:\/\/www.transtoyou.com\/et\/#\/schema\/logo\/image\/","url":"https:\/\/www.transtoyou.com\/et\/wp-content\/uploads\/sites\/7\/2026\/01\/logo-tty-menu-bar-300x87-1.webp","contentUrl":"https:\/\/www.transtoyou.com\/et\/wp-content\/uploads\/sites\/7\/2026\/01\/logo-tty-menu-bar-300x87-1.webp","width":300,"height":87,"caption":"Transtoyou - ET"},"image":{"@id":"https:\/\/www.transtoyou.com\/et\/#\/schema\/logo\/image\/"}}]}},"_links":{"self":[{"href":"https:\/\/www.transtoyou.com\/et\/wp-json\/wp\/v2\/product\/1101","targetHints":{"allow":["GET"]}}],"collection":[{"href":"https:\/\/www.transtoyou.com\/et\/wp-json\/wp\/v2\/product"}],"about":[{"href":"https:\/\/www.transtoyou.com\/et\/wp-json\/wp\/v2\/types\/product"}],"replies":[{"embeddable":true,"href":"https:\/\/www.transtoyou.com\/et\/wp-json\/wp\/v2\/comments?post=1101"}],"wp:featuredmedia":[{"embeddable":true,"href":"https:\/\/www.transtoyou.com\/et\/wp-json\/wp\/v2\/media\/1103"}],"wp:attachment":[{"href":"https:\/\/www.transtoyou.com\/et\/wp-json\/wp\/v2\/media?parent=1101"}],"wp:term":[{"taxonomy":"product_brand","embeddable":true,"href":"https:\/\/www.transtoyou.com\/et\/wp-json\/wp\/v2\/product_brand?post=1101"},{"taxonomy":"product_cat","embeddable":true,"href":"https:\/\/www.transtoyou.com\/et\/wp-json\/wp\/v2\/product_cat?post=1101"},{"taxonomy":"product_tag","embeddable":true,"href":"https:\/\/www.transtoyou.com\/et\/wp-json\/wp\/v2\/product_tag?post=1101"},{"taxonomy":"expert","embeddable":true,"href":"https:\/\/www.transtoyou.com\/et\/wp-json\/wp\/v2\/expert?post=1101"}],"curies":[{"name":"wp","href":"https:\/\/api.w.org\/{rel}","templated":true}]}}