{"id":1109,"date":"2026-01-25T03:12:00","date_gmt":"2026-01-25T01:12:00","guid":{"rendered":"https:\/\/www.transtoyou.com\/et\/product\/flixotide\/"},"modified":"2026-01-25T03:13:06","modified_gmt":"2026-01-25T01:13:06","slug":"flixotide","status":"publish","type":"product","link":"https:\/\/www.transtoyou.com\/et\/product\/flixotide\/","title":{"rendered":"Flixotide"},"content":{"rendered":"<p>Flixotide on retseptiga inhalatsiooniravim, mida kasutatakse krooniliste hingamisteede haiguste, nagu astma ja krooniline obstruktiivne kopsuhaigus (KOK), ravimiseks. See sisaldab flutikasoonpropionaati, kortikosteroidi, mis aitab v\u00e4hendada p\u00f5letikku hingamisteedes, muutes hingamise aja jooksul kergemaks. Flixotide ei paku kohest leevendust r\u00fcnnaku ajal, vaid seda kasutatakse igap\u00e4evaselt s\u00fcmptomite ennetamiseks ja pikaajalise hingamisteede stabiilsuse s\u00e4ilitamiseks.<\/p>\n<p>Kopsude p\u00f5letik on oluline tegur nii astma kui ka KOK puhul. See p\u00f5hjustab hingamisteede paisumist, \u00e4rritust ja kitsenemist, muutes hingamise raskeks ning k\u00e4ivitades s\u00fcmptomeid nagu k\u00f6ha, vilistav hingamine, rinnus pingetunne v\u00f5i \u00f5hupuudus. Flixotide toimib selle p\u00f5letiku rahustamise kaudu, v\u00f5imaldades \u00f5hul vabamalt voolata ja v\u00e4hendades \u00e4genemiste v\u00f5i \u00e4genemiste t\u00f5en\u00e4osust.<\/p>\n<p>Seda v\u00f5etakse tavaliselt kaks korda p\u00e4evas. Ravimit tuleb kasutada j\u00e4rjepidevalt, isegi kui s\u00fcmptomid on kontrolli all, kuna selle kasu koguneb j\u00e4rk-j\u00e4rgult igap\u00e4evase kasutamisega.<\/p>\n<p>Astmahaigetele v\u00f5ib Flixotide aidata parandada kopsufunktsiooni ja v\u00e4hendada s\u00f5ltuvust kiiretoimelistest inhalatsioonidest. KOK patsiendid v\u00e4hendavad selle kasutamisega \u00e4genemiste sagedust ja raskust, eriti koos bronhodilataatoritega.<\/p>\n<p>Levinud k\u00f5rvaltoimed v\u00f5ivad h\u00f5lmata h\u00e4\u00e4le k\u00e4hedust, kurguvalu v\u00f5i suu seenhaigust. Suu loputamine p\u00e4rast sissehingamist v\u00f5ib aidata neid efekte v\u00e4hendada. Flixotide ei ole p\u00e4\u00e4steinhalatsioon ja seda ei tohi kasutada \u00e4gedate hingamisr\u00fcnnakute ajal.<\/p>\n","protected":false},"excerpt":{"rendered":"<ul>\n<li>V\u00e4hendab kopsu p\u00f5letikku t\u00f5husalt<\/li>\n<li>Ennetab astma ja KOK s\u00fcmptomeid<\/li>\n<li>Parandab pikaajalist hingamise kontrolli<\/li>\n<\/ul>\n","protected":false},"featured_media":1111,"comment_status":"open","ping_status":"closed","template":"","meta":[],"product_brand":[],"product_cat":[98,115],"product_tag":[],"expert":[18],"class_list":{"0":"post-1109","1":"product","2":"type-product","3":"status-publish","4":"has-post-thumbnail","6":"product_cat-astma","7":"product_cat-kopd","8":"expert-dr-g-varbanov","10":"first","11":"instock","12":"shipping-taxable","13":"product-type-variable"},"yoast_head":"<!-- This site is optimized with the Yoast SEO plugin v27.0 - https:\/\/yoast.com\/product\/yoast-seo-wordpress\/ -->\n<title>Flixotide | Halda astmat ja KOK-i t\u00f5husalt - Transtoyou<\/title>\n<meta name=\"description\" content=\"Flixotide inhalaator, saadaval siin, aitab hallata astmat ja KOK-i, v\u00e4hendades hingamisteede p\u00f5letikku. Tagage pikaajaline hingamisteede tervis igap\u00e4evase kasutamisega.\" \/>\n<meta name=\"robots\" content=\"noindex, follow, max-snippet:-1, max-image-preview:large, max-video-preview:-1\" \/>\n<meta property=\"og:locale\" content=\"et_EE\" \/>\n<meta property=\"og:type\" content=\"article\" \/>\n<meta property=\"og:title\" content=\"Flixotide | Halda astmat ja KOK-i t\u00f5husalt - Transtoyou\" \/>\n<meta property=\"og:description\" content=\"Flixotide inhalaator, saadaval siin, aitab hallata astmat ja KOK-i, v\u00e4hendades hingamisteede p\u00f5letikku. Tagage pikaajaline hingamisteede tervis igap\u00e4evase kasutamisega.\" \/>\n<meta property=\"og:url\" content=\"https:\/\/www.transtoyou.com\/et\/product\/flixotide\/\" \/>\n<meta property=\"og:site_name\" content=\"Transtoyou - ET\" \/>\n<meta property=\"article:modified_time\" content=\"2026-01-25T01:13:06+00:00\" \/>\n<meta name=\"twitter:card\" content=\"summary_large_image\" \/>\n<meta name=\"twitter:label1\" content=\"Est. reading time\" \/>\n\t<meta name=\"twitter:data1\" content=\"1 minut\" \/>\n<script type=\"application\/ld+json\" class=\"yoast-schema-graph\">{\"@context\":\"https:\/\/schema.org\",\"@graph\":[{\"@type\":\"WebPage\",\"@id\":\"https:\/\/www.transtoyou.com\/et\/product\/flixotide\/\",\"url\":\"https:\/\/www.transtoyou.com\/et\/product\/flixotide\/\",\"name\":\"Flixotide | Halda astmat ja KOK-i t\u00f5husalt - Transtoyou\",\"isPartOf\":{\"@id\":\"https:\/\/www.transtoyou.com\/et\/#website\"},\"primaryImageOfPage\":{\"@id\":\"https:\/\/www.transtoyou.com\/et\/product\/flixotide\/#primaryimage\"},\"image\":{\"@id\":\"https:\/\/www.transtoyou.com\/et\/product\/flixotide\/#primaryimage\"},\"thumbnailUrl\":\"https:\/\/www.transtoyou.com\/et\/wp-content\/uploads\/sites\/7\/2026\/01\/tty-no-product-image-133.webp\",\"datePublished\":\"2026-01-25T01:12:00+00:00\",\"dateModified\":\"2026-01-25T01:13:06+00:00\",\"description\":\"Flixotide inhalaator, saadaval siin, aitab hallata astmat ja KOK-i, v\u00e4hendades hingamisteede p\u00f5letikku. Tagage pikaajaline hingamisteede tervis igap\u00e4evase kasutamisega.\",\"breadcrumb\":{\"@id\":\"https:\/\/www.transtoyou.com\/et\/product\/flixotide\/#breadcrumb\"},\"inLanguage\":\"et\",\"potentialAction\":[{\"@type\":\"ReadAction\",\"target\":[\"https:\/\/www.transtoyou.com\/et\/product\/flixotide\/\"]}]},{\"@type\":\"ImageObject\",\"inLanguage\":\"et\",\"@id\":\"https:\/\/www.transtoyou.com\/et\/product\/flixotide\/#primaryimage\",\"url\":\"https:\/\/www.transtoyou.com\/et\/wp-content\/uploads\/sites\/7\/2026\/01\/tty-no-product-image-133.webp\",\"contentUrl\":\"https:\/\/www.transtoyou.com\/et\/wp-content\/uploads\/sites\/7\/2026\/01\/tty-no-product-image-133.webp\",\"width\":1000,\"height\":1000,\"caption\":\"Vaikimisi toote pilt\"},{\"@type\":\"WebSite\",\"@id\":\"https:\/\/www.transtoyou.com\/et\/#website\",\"url\":\"https:\/\/www.transtoyou.com\/et\/\",\"name\":\"Transtoyou - ET\",\"description\":\"\",\"publisher\":{\"@id\":\"https:\/\/www.transtoyou.com\/et\/#organization\"},\"potentialAction\":[{\"@type\":\"SearchAction\",\"target\":{\"@type\":\"EntryPoint\",\"urlTemplate\":\"https:\/\/www.transtoyou.com\/et\/?s={search_term_string}\"},\"query-input\":{\"@type\":\"PropertyValueSpecification\",\"valueRequired\":true,\"valueName\":\"search_term_string\"}}],\"inLanguage\":\"et\"},{\"@type\":\"Organization\",\"@id\":\"https:\/\/www.transtoyou.com\/et\/#organization\",\"name\":\"Transtoyou - ET\",\"url\":\"https:\/\/www.transtoyou.com\/et\/\",\"logo\":{\"@type\":\"ImageObject\",\"inLanguage\":\"et\",\"@id\":\"https:\/\/www.transtoyou.com\/et\/#\/schema\/logo\/image\/\",\"url\":\"https:\/\/www.transtoyou.com\/et\/wp-content\/uploads\/sites\/7\/2026\/01\/logo-tty-menu-bar-300x87-1.webp\",\"contentUrl\":\"https:\/\/www.transtoyou.com\/et\/wp-content\/uploads\/sites\/7\/2026\/01\/logo-tty-menu-bar-300x87-1.webp\",\"width\":300,\"height\":87,\"caption\":\"Transtoyou - ET\"},\"image\":{\"@id\":\"https:\/\/www.transtoyou.com\/et\/#\/schema\/logo\/image\/\"}}]}<\/script>\n<!-- \/ Yoast SEO plugin. -->","yoast_head_json":{"title":"Flixotide | Halda astmat ja KOK-i t\u00f5husalt - Transtoyou","description":"Flixotide inhalaator, saadaval siin, aitab hallata astmat ja KOK-i, v\u00e4hendades hingamisteede p\u00f5letikku. Tagage pikaajaline hingamisteede tervis igap\u00e4evase kasutamisega.","robots":{"index":"noindex","follow":"follow","max-snippet":"max-snippet:-1","max-image-preview":"max-image-preview:large","max-video-preview":"max-video-preview:-1"},"og_locale":"et_EE","og_type":"article","og_title":"Flixotide | Halda astmat ja KOK-i t\u00f5husalt - Transtoyou","og_description":"Flixotide inhalaator, saadaval siin, aitab hallata astmat ja KOK-i, v\u00e4hendades hingamisteede p\u00f5letikku. Tagage pikaajaline hingamisteede tervis igap\u00e4evase kasutamisega.","og_url":"https:\/\/www.transtoyou.com\/et\/product\/flixotide\/","og_site_name":"Transtoyou - ET","article_modified_time":"2026-01-25T01:13:06+00:00","twitter_card":"summary_large_image","twitter_misc":{"Est. reading time":"1 minut"},"schema":{"@context":"https:\/\/schema.org","@graph":[{"@type":"WebPage","@id":"https:\/\/www.transtoyou.com\/et\/product\/flixotide\/","url":"https:\/\/www.transtoyou.com\/et\/product\/flixotide\/","name":"Flixotide | Halda astmat ja KOK-i t\u00f5husalt - Transtoyou","isPartOf":{"@id":"https:\/\/www.transtoyou.com\/et\/#website"},"primaryImageOfPage":{"@id":"https:\/\/www.transtoyou.com\/et\/product\/flixotide\/#primaryimage"},"image":{"@id":"https:\/\/www.transtoyou.com\/et\/product\/flixotide\/#primaryimage"},"thumbnailUrl":"https:\/\/www.transtoyou.com\/et\/wp-content\/uploads\/sites\/7\/2026\/01\/tty-no-product-image-133.webp","datePublished":"2026-01-25T01:12:00+00:00","dateModified":"2026-01-25T01:13:06+00:00","description":"Flixotide inhalaator, saadaval siin, aitab hallata astmat ja KOK-i, v\u00e4hendades hingamisteede p\u00f5letikku. Tagage pikaajaline hingamisteede tervis igap\u00e4evase kasutamisega.","breadcrumb":{"@id":"https:\/\/www.transtoyou.com\/et\/product\/flixotide\/#breadcrumb"},"inLanguage":"et","potentialAction":[{"@type":"ReadAction","target":["https:\/\/www.transtoyou.com\/et\/product\/flixotide\/"]}]},{"@type":"ImageObject","inLanguage":"et","@id":"https:\/\/www.transtoyou.com\/et\/product\/flixotide\/#primaryimage","url":"https:\/\/www.transtoyou.com\/et\/wp-content\/uploads\/sites\/7\/2026\/01\/tty-no-product-image-133.webp","contentUrl":"https:\/\/www.transtoyou.com\/et\/wp-content\/uploads\/sites\/7\/2026\/01\/tty-no-product-image-133.webp","width":1000,"height":1000,"caption":"Vaikimisi toote pilt"},{"@type":"WebSite","@id":"https:\/\/www.transtoyou.com\/et\/#website","url":"https:\/\/www.transtoyou.com\/et\/","name":"Transtoyou - ET","description":"","publisher":{"@id":"https:\/\/www.transtoyou.com\/et\/#organization"},"potentialAction":[{"@type":"SearchAction","target":{"@type":"EntryPoint","urlTemplate":"https:\/\/www.transtoyou.com\/et\/?s={search_term_string}"},"query-input":{"@type":"PropertyValueSpecification","valueRequired":true,"valueName":"search_term_string"}}],"inLanguage":"et"},{"@type":"Organization","@id":"https:\/\/www.transtoyou.com\/et\/#organization","name":"Transtoyou - ET","url":"https:\/\/www.transtoyou.com\/et\/","logo":{"@type":"ImageObject","inLanguage":"et","@id":"https:\/\/www.transtoyou.com\/et\/#\/schema\/logo\/image\/","url":"https:\/\/www.transtoyou.com\/et\/wp-content\/uploads\/sites\/7\/2026\/01\/logo-tty-menu-bar-300x87-1.webp","contentUrl":"https:\/\/www.transtoyou.com\/et\/wp-content\/uploads\/sites\/7\/2026\/01\/logo-tty-menu-bar-300x87-1.webp","width":300,"height":87,"caption":"Transtoyou - ET"},"image":{"@id":"https:\/\/www.transtoyou.com\/et\/#\/schema\/logo\/image\/"}}]}},"_links":{"self":[{"href":"https:\/\/www.transtoyou.com\/et\/wp-json\/wp\/v2\/product\/1109","targetHints":{"allow":["GET"]}}],"collection":[{"href":"https:\/\/www.transtoyou.com\/et\/wp-json\/wp\/v2\/product"}],"about":[{"href":"https:\/\/www.transtoyou.com\/et\/wp-json\/wp\/v2\/types\/product"}],"replies":[{"embeddable":true,"href":"https:\/\/www.transtoyou.com\/et\/wp-json\/wp\/v2\/comments?post=1109"}],"wp:featuredmedia":[{"embeddable":true,"href":"https:\/\/www.transtoyou.com\/et\/wp-json\/wp\/v2\/media\/1111"}],"wp:attachment":[{"href":"https:\/\/www.transtoyou.com\/et\/wp-json\/wp\/v2\/media?parent=1109"}],"wp:term":[{"taxonomy":"product_brand","embeddable":true,"href":"https:\/\/www.transtoyou.com\/et\/wp-json\/wp\/v2\/product_brand?post=1109"},{"taxonomy":"product_cat","embeddable":true,"href":"https:\/\/www.transtoyou.com\/et\/wp-json\/wp\/v2\/product_cat?post=1109"},{"taxonomy":"product_tag","embeddable":true,"href":"https:\/\/www.transtoyou.com\/et\/wp-json\/wp\/v2\/product_tag?post=1109"},{"taxonomy":"expert","embeddable":true,"href":"https:\/\/www.transtoyou.com\/et\/wp-json\/wp\/v2\/expert?post=1109"}],"curies":[{"name":"wp","href":"https:\/\/api.w.org\/{rel}","templated":true}]}}