{"id":1115,"date":"2026-01-25T03:45:42","date_gmt":"2026-01-25T01:45:42","guid":{"rendered":"https:\/\/www.transtoyou.com\/et\/product\/ginoring\/"},"modified":"2026-01-25T03:46:41","modified_gmt":"2026-01-25T01:46:41","slug":"ginoring","status":"publish","type":"product","link":"https:\/\/www.transtoyou.com\/et\/product\/ginoring\/","title":{"rendered":"Ginoring"},"content":{"rendered":"<p>Ginoring on paindlik tupe r\u00f5ngas, mida kasutatakse hormonaalse rasestumisvastase vahendina raseduse ennetamiseks. See sisaldab etonogestreeli (progestiini) ja etin\u00fc\u00fcl\u00f6stradiooli (\u00f6strogeeni), kahte s\u00fcnteetilist hormooni, mis t\u00f6\u00f6tavad koos ovulatsiooni, munaraku vabastamise munasarjast, ennetamiseks. Samuti paksendab see emakakaela limaskesta, muutes sperma munarakuni j\u00f5udmise raskemaks, ja muudab emaka limaskesta, et v\u00e4ltida implantatsiooni.<\/p>\n<p>Ginoring kantakse tupe sees kolm j\u00e4rjestikust n\u00e4dalat, millele j\u00e4rgneb \u00fcks n\u00e4dalane paus, mille jooksul toimub tavaliselt tagasivoolu veritsus (sarnane menstruatsioonile). P\u00e4rast neljandat n\u00e4dalat sisestatakse uus r\u00f5ngas. Hormoonid imenduvad tupe seintest vereringesse, tagades stabiilsed hormoonitasemed ilma igap\u00e4evaste tablettideta.<\/p>\n<p>R\u00f5ngast on lihtne sisestada ja eemaldada ning see p\u00fcsib paigal, kui see on \u00f5igesti paigutatud. See pakub t\u00f5husat ja diskreetset rasestumisvastast kaitset, kui seda \u00f5igesti kasutada. Samuti v\u00f5ib see aidata reguleerida menstruatsioonits\u00fckleid, v\u00e4hendada krampimist ja kergendada veritsust.<\/p>\n<p>Nagu k\u00f5ik kombineeritud hormonaalsed rasestumisvastased vahendid, ei pruugi Ginoring sobida k\u00f5igile naistele, eriti neile, kellel on olnud vereh\u00fc\u00fcbed, insult v\u00f5i hormoonidega seotud v\u00e4hid. V\u00f5imalikud k\u00f5rvaltoimed h\u00f5lmavad peavalu, tupe\u00e4rritust, meeleolu muutusi v\u00f5i rindade hellust.<\/p>\n<p>Ginoring on usaldusv\u00e4\u00e4rne rasestumisvastane valik naistele, kes eelistavad mitte igap\u00e4evast, hormoonip\u00f5hist meetodit.<\/p>\n","protected":false},"excerpt":{"rendered":"<ul>\n<li>Kuu aega kestva hormonaalne rasestumisring<\/li>\n<li>Ennetab ovulatsiooni ja rasedust<\/li>\n<li>Mugav ja diskreetne valik<\/li>\n<\/ul>\n","protected":false},"featured_media":1117,"comment_status":"open","ping_status":"closed","template":"","meta":[],"product_brand":[],"product_cat":[114],"product_tag":[],"expert":[19],"class_list":{"0":"post-1115","1":"product","2":"type-product","3":"status-publish","4":"has-post-thumbnail","6":"product_cat-raseduse-valtimise-rongas","7":"expert-dr-j-vazquez","9":"first","10":"instock","11":"shipping-taxable","12":"product-type-variable"},"yoast_head":"<!-- This site is optimized with the Yoast SEO plugin v27.0 - https:\/\/yoast.com\/product\/yoast-seo-wordpress\/ -->\n<title>Ginoring | Usaldusv\u00e4\u00e4rne rasestumisvastane lahendus - Transtoyou<\/title>\n<meta name=\"description\" content=\"Ginoring: T\u00f5hus hormonaalne rasestumisring, lihtne kasutada, reguleerib ts\u00fckleid, v\u00e4hendab krampe. Saada oma t\u00e4na Transtoyou.\" \/>\n<meta name=\"robots\" content=\"noindex, follow, max-snippet:-1, max-image-preview:large, max-video-preview:-1\" \/>\n<meta property=\"og:locale\" content=\"et_EE\" \/>\n<meta property=\"og:type\" content=\"article\" \/>\n<meta property=\"og:title\" content=\"Ginoring | Usaldusv\u00e4\u00e4rne rasestumisvastane lahendus - Transtoyou\" \/>\n<meta property=\"og:description\" content=\"Ginoring: T\u00f5hus hormonaalne rasestumisring, lihtne kasutada, reguleerib ts\u00fckleid, v\u00e4hendab krampe. Saada oma t\u00e4na Transtoyou.\" \/>\n<meta property=\"og:url\" content=\"https:\/\/www.transtoyou.com\/et\/product\/ginoring\/\" \/>\n<meta property=\"og:site_name\" content=\"Transtoyou - ET\" \/>\n<meta property=\"article:modified_time\" content=\"2026-01-25T01:46:41+00:00\" \/>\n<meta name=\"twitter:card\" content=\"summary_large_image\" \/>\n<meta name=\"twitter:label1\" content=\"Est. reading time\" \/>\n\t<meta name=\"twitter:data1\" content=\"1 minut\" \/>\n<script type=\"application\/ld+json\" class=\"yoast-schema-graph\">{\"@context\":\"https:\/\/schema.org\",\"@graph\":[{\"@type\":\"WebPage\",\"@id\":\"https:\/\/www.transtoyou.com\/et\/product\/ginoring\/\",\"url\":\"https:\/\/www.transtoyou.com\/et\/product\/ginoring\/\",\"name\":\"Ginoring | Usaldusv\u00e4\u00e4rne rasestumisvastane lahendus - Transtoyou\",\"isPartOf\":{\"@id\":\"https:\/\/www.transtoyou.com\/et\/#website\"},\"primaryImageOfPage\":{\"@id\":\"https:\/\/www.transtoyou.com\/et\/product\/ginoring\/#primaryimage\"},\"image\":{\"@id\":\"https:\/\/www.transtoyou.com\/et\/product\/ginoring\/#primaryimage\"},\"thumbnailUrl\":\"https:\/\/www.transtoyou.com\/et\/wp-content\/uploads\/sites\/7\/2026\/01\/tty-no-product-image-135.webp\",\"datePublished\":\"2026-01-25T01:45:42+00:00\",\"dateModified\":\"2026-01-25T01:46:41+00:00\",\"description\":\"Ginoring: T\u00f5hus hormonaalne rasestumisring, lihtne kasutada, reguleerib ts\u00fckleid, v\u00e4hendab krampe. Saada oma t\u00e4na Transtoyou.\",\"breadcrumb\":{\"@id\":\"https:\/\/www.transtoyou.com\/et\/product\/ginoring\/#breadcrumb\"},\"inLanguage\":\"et\",\"potentialAction\":[{\"@type\":\"ReadAction\",\"target\":[\"https:\/\/www.transtoyou.com\/et\/product\/ginoring\/\"]}]},{\"@type\":\"ImageObject\",\"inLanguage\":\"et\",\"@id\":\"https:\/\/www.transtoyou.com\/et\/product\/ginoring\/#primaryimage\",\"url\":\"https:\/\/www.transtoyou.com\/et\/wp-content\/uploads\/sites\/7\/2026\/01\/tty-no-product-image-135.webp\",\"contentUrl\":\"https:\/\/www.transtoyou.com\/et\/wp-content\/uploads\/sites\/7\/2026\/01\/tty-no-product-image-135.webp\",\"width\":1000,\"height\":1000,\"caption\":\"Vaikimisi toote pilt\"},{\"@type\":\"WebSite\",\"@id\":\"https:\/\/www.transtoyou.com\/et\/#website\",\"url\":\"https:\/\/www.transtoyou.com\/et\/\",\"name\":\"Transtoyou - ET\",\"description\":\"\",\"publisher\":{\"@id\":\"https:\/\/www.transtoyou.com\/et\/#organization\"},\"potentialAction\":[{\"@type\":\"SearchAction\",\"target\":{\"@type\":\"EntryPoint\",\"urlTemplate\":\"https:\/\/www.transtoyou.com\/et\/?s={search_term_string}\"},\"query-input\":{\"@type\":\"PropertyValueSpecification\",\"valueRequired\":true,\"valueName\":\"search_term_string\"}}],\"inLanguage\":\"et\"},{\"@type\":\"Organization\",\"@id\":\"https:\/\/www.transtoyou.com\/et\/#organization\",\"name\":\"Transtoyou - ET\",\"url\":\"https:\/\/www.transtoyou.com\/et\/\",\"logo\":{\"@type\":\"ImageObject\",\"inLanguage\":\"et\",\"@id\":\"https:\/\/www.transtoyou.com\/et\/#\/schema\/logo\/image\/\",\"url\":\"https:\/\/www.transtoyou.com\/et\/wp-content\/uploads\/sites\/7\/2026\/01\/logo-tty-menu-bar-300x87-1.webp\",\"contentUrl\":\"https:\/\/www.transtoyou.com\/et\/wp-content\/uploads\/sites\/7\/2026\/01\/logo-tty-menu-bar-300x87-1.webp\",\"width\":300,\"height\":87,\"caption\":\"Transtoyou - ET\"},\"image\":{\"@id\":\"https:\/\/www.transtoyou.com\/et\/#\/schema\/logo\/image\/\"}}]}<\/script>\n<!-- \/ Yoast SEO plugin. -->","yoast_head_json":{"title":"Ginoring | Usaldusv\u00e4\u00e4rne rasestumisvastane lahendus - Transtoyou","description":"Ginoring: T\u00f5hus hormonaalne rasestumisring, lihtne kasutada, reguleerib ts\u00fckleid, v\u00e4hendab krampe. Saada oma t\u00e4na Transtoyou.","robots":{"index":"noindex","follow":"follow","max-snippet":"max-snippet:-1","max-image-preview":"max-image-preview:large","max-video-preview":"max-video-preview:-1"},"og_locale":"et_EE","og_type":"article","og_title":"Ginoring | Usaldusv\u00e4\u00e4rne rasestumisvastane lahendus - Transtoyou","og_description":"Ginoring: T\u00f5hus hormonaalne rasestumisring, lihtne kasutada, reguleerib ts\u00fckleid, v\u00e4hendab krampe. Saada oma t\u00e4na Transtoyou.","og_url":"https:\/\/www.transtoyou.com\/et\/product\/ginoring\/","og_site_name":"Transtoyou - ET","article_modified_time":"2026-01-25T01:46:41+00:00","twitter_card":"summary_large_image","twitter_misc":{"Est. reading time":"1 minut"},"schema":{"@context":"https:\/\/schema.org","@graph":[{"@type":"WebPage","@id":"https:\/\/www.transtoyou.com\/et\/product\/ginoring\/","url":"https:\/\/www.transtoyou.com\/et\/product\/ginoring\/","name":"Ginoring | Usaldusv\u00e4\u00e4rne rasestumisvastane lahendus - Transtoyou","isPartOf":{"@id":"https:\/\/www.transtoyou.com\/et\/#website"},"primaryImageOfPage":{"@id":"https:\/\/www.transtoyou.com\/et\/product\/ginoring\/#primaryimage"},"image":{"@id":"https:\/\/www.transtoyou.com\/et\/product\/ginoring\/#primaryimage"},"thumbnailUrl":"https:\/\/www.transtoyou.com\/et\/wp-content\/uploads\/sites\/7\/2026\/01\/tty-no-product-image-135.webp","datePublished":"2026-01-25T01:45:42+00:00","dateModified":"2026-01-25T01:46:41+00:00","description":"Ginoring: T\u00f5hus hormonaalne rasestumisring, lihtne kasutada, reguleerib ts\u00fckleid, v\u00e4hendab krampe. Saada oma t\u00e4na Transtoyou.","breadcrumb":{"@id":"https:\/\/www.transtoyou.com\/et\/product\/ginoring\/#breadcrumb"},"inLanguage":"et","potentialAction":[{"@type":"ReadAction","target":["https:\/\/www.transtoyou.com\/et\/product\/ginoring\/"]}]},{"@type":"ImageObject","inLanguage":"et","@id":"https:\/\/www.transtoyou.com\/et\/product\/ginoring\/#primaryimage","url":"https:\/\/www.transtoyou.com\/et\/wp-content\/uploads\/sites\/7\/2026\/01\/tty-no-product-image-135.webp","contentUrl":"https:\/\/www.transtoyou.com\/et\/wp-content\/uploads\/sites\/7\/2026\/01\/tty-no-product-image-135.webp","width":1000,"height":1000,"caption":"Vaikimisi toote pilt"},{"@type":"WebSite","@id":"https:\/\/www.transtoyou.com\/et\/#website","url":"https:\/\/www.transtoyou.com\/et\/","name":"Transtoyou - ET","description":"","publisher":{"@id":"https:\/\/www.transtoyou.com\/et\/#organization"},"potentialAction":[{"@type":"SearchAction","target":{"@type":"EntryPoint","urlTemplate":"https:\/\/www.transtoyou.com\/et\/?s={search_term_string}"},"query-input":{"@type":"PropertyValueSpecification","valueRequired":true,"valueName":"search_term_string"}}],"inLanguage":"et"},{"@type":"Organization","@id":"https:\/\/www.transtoyou.com\/et\/#organization","name":"Transtoyou - ET","url":"https:\/\/www.transtoyou.com\/et\/","logo":{"@type":"ImageObject","inLanguage":"et","@id":"https:\/\/www.transtoyou.com\/et\/#\/schema\/logo\/image\/","url":"https:\/\/www.transtoyou.com\/et\/wp-content\/uploads\/sites\/7\/2026\/01\/logo-tty-menu-bar-300x87-1.webp","contentUrl":"https:\/\/www.transtoyou.com\/et\/wp-content\/uploads\/sites\/7\/2026\/01\/logo-tty-menu-bar-300x87-1.webp","width":300,"height":87,"caption":"Transtoyou - ET"},"image":{"@id":"https:\/\/www.transtoyou.com\/et\/#\/schema\/logo\/image\/"}}]}},"_links":{"self":[{"href":"https:\/\/www.transtoyou.com\/et\/wp-json\/wp\/v2\/product\/1115","targetHints":{"allow":["GET"]}}],"collection":[{"href":"https:\/\/www.transtoyou.com\/et\/wp-json\/wp\/v2\/product"}],"about":[{"href":"https:\/\/www.transtoyou.com\/et\/wp-json\/wp\/v2\/types\/product"}],"replies":[{"embeddable":true,"href":"https:\/\/www.transtoyou.com\/et\/wp-json\/wp\/v2\/comments?post=1115"}],"wp:featuredmedia":[{"embeddable":true,"href":"https:\/\/www.transtoyou.com\/et\/wp-json\/wp\/v2\/media\/1117"}],"wp:attachment":[{"href":"https:\/\/www.transtoyou.com\/et\/wp-json\/wp\/v2\/media?parent=1115"}],"wp:term":[{"taxonomy":"product_brand","embeddable":true,"href":"https:\/\/www.transtoyou.com\/et\/wp-json\/wp\/v2\/product_brand?post=1115"},{"taxonomy":"product_cat","embeddable":true,"href":"https:\/\/www.transtoyou.com\/et\/wp-json\/wp\/v2\/product_cat?post=1115"},{"taxonomy":"product_tag","embeddable":true,"href":"https:\/\/www.transtoyou.com\/et\/wp-json\/wp\/v2\/product_tag?post=1115"},{"taxonomy":"expert","embeddable":true,"href":"https:\/\/www.transtoyou.com\/et\/wp-json\/wp\/v2\/expert?post=1115"}],"curies":[{"name":"wp","href":"https:\/\/api.w.org\/{rel}","templated":true}]}}