{"id":1118,"date":"2026-01-25T04:00:54","date_gmt":"2026-01-25T02:00:54","guid":{"rendered":"https:\/\/www.transtoyou.com\/et\/product\/evra-patch\/"},"modified":"2026-02-16T10:47:32","modified_gmt":"2026-02-16T08:47:32","slug":"evra-kleebis","status":"publish","type":"product","link":"https:\/\/www.transtoyou.com\/et\/product\/evra-kleebis\/","title":{"rendered":"Evra plaastrid"},"content":{"rendered":"<p>Evra on rasestumisvastane plaastr, mis on m\u00f5eldud naistele raseduse v\u00e4ltimiseks. See sisaldab kahte hormooni: etin\u00fclestradiooli (\u00f6strogeen) ja norelgestromiini (progestiin). Need hormoonid on sarnased kehas leiduvatele looduslikele hormoonidele ja t\u00f6\u00f6tavad koos ovulatsiooni, munaraku vabastamise munasarjast peatamiseks. Kui munarakku ei ole, ei saa rasedus toimuda. Evra paksendab ka emakakaela lima, muutes sperma munarakuni j\u00f5udmise raskemaks, ja muudab emaka limaskesta, et see toetaks v\u00e4hem t\u00f5en\u00e4oliselt viljastatud munarakku.<\/p>\n<p>Plaaster kantakse nahale ja hormoonid imenduvad otse vereringesse. Seda kantakse kord n\u00e4dalas kolme n\u00e4dala jooksul, millele j\u00e4rgneb \u00fcks n\u00e4dal, mil plaastrit ei kanta ja mil tavaliselt toimub katkestusverejooks. See on mugav neile, kes eelistavad mitte v\u00f5tta igap\u00e4evaseid tablette.<\/p>\n<p>Evra on sama efektiivne kui kombineeritud rasestumisvastane tablett, kui seda kasutatakse \u00f5igesti. Eeliste hulka kuuluvad stabiilsed hormoonitasemed, kord n\u00e4dalas annustamine ja igap\u00e4evaste meeldetuletuste vajaduse puudumine. Kuid nagu k\u00f5ik hormonaalsed rasestumisvastased meetodid, ei pruugi see sobida k\u00f5igile, eriti naistele, kellel on olnud vereh\u00fc\u00fcbeid, insulte v\u00f5i teatud v\u00e4hivorme. Tavalised k\u00f5rvaltoimed v\u00f5ivad h\u00f5lmata naha\u00e4rritust plaastri kohas, peavalu, iiveldust v\u00f5i rindade hellust.<\/p>\n<p>Evra on diskreetne, usaldusv\u00e4\u00e4rne ja lihtne kasutada rasestumisvastane valik naistele, kes otsivad hormoonip\u00f5hist rasestumisvastast meetodit.<\/p>\n","protected":false},"excerpt":{"rendered":"<ul>\n<li>N\u00e4dalane rasestumisvastane plaastr<\/li>\n<li>Ennetab ovulatsiooni ja rasedust<\/li>\n<li>Diskreetne ja lihtne kasutada<\/li>\n<\/ul>\n","protected":false},"featured_media":1120,"comment_status":"open","ping_status":"closed","template":"","meta":[],"product_brand":[],"product_cat":[113],"product_tag":[],"expert":[19],"class_list":{"0":"post-1118","1":"product","2":"type-product","3":"status-publish","4":"has-post-thumbnail","6":"product_cat-raseduse-valtimise-plaastrid","7":"expert-dr-j-vazquez","9":"first","10":"instock","11":"shipping-taxable","12":"product-type-variable"},"yoast_head":"<!-- This site is optimized with the Yoast SEO plugin v27.0 - https:\/\/yoast.com\/product\/yoast-seo-wordpress\/ -->\n<title>Evra plaastrid | Hormonaalne rasestumisvastane lahendus - Transtoyou<\/title>\n<meta name=\"description\" content=\"Evra plaastrid, mugav rasestumisvastane lahendus, takistavad rasedust ovulatsiooni peatamisega. Osta n\u00fc\u00fcd t\u00f5hus n\u00e4dalane hormoonide kontroll.\" \/>\n<meta name=\"robots\" content=\"noindex, follow, max-snippet:-1, max-image-preview:large, max-video-preview:-1\" \/>\n<meta property=\"og:locale\" content=\"et_EE\" \/>\n<meta property=\"og:type\" content=\"article\" \/>\n<meta property=\"og:title\" content=\"Evra plaastrid | Hormonaalne rasestumisvastane lahendus - Transtoyou\" \/>\n<meta property=\"og:description\" content=\"Evra plaastrid, mugav rasestumisvastane lahendus, takistavad rasedust ovulatsiooni peatamisega. Osta n\u00fc\u00fcd t\u00f5hus n\u00e4dalane hormoonide kontroll.\" \/>\n<meta property=\"og:url\" content=\"https:\/\/www.transtoyou.com\/et\/product\/evra-patch\/\" \/>\n<meta property=\"og:site_name\" content=\"Transtoyou - ET\" \/>\n<meta property=\"article:modified_time\" content=\"2026-02-16T08:47:32+00:00\" \/>\n<meta name=\"twitter:card\" content=\"summary_large_image\" \/>\n<meta name=\"twitter:label1\" content=\"Est. reading time\" \/>\n\t<meta name=\"twitter:data1\" content=\"1 minut\" \/>\n<script type=\"application\/ld+json\" class=\"yoast-schema-graph\">{\"@context\":\"https:\/\/schema.org\",\"@graph\":[{\"@type\":\"WebPage\",\"@id\":\"https:\/\/www.transtoyou.com\/et\/product\/evra-patch\/\",\"url\":\"https:\/\/www.transtoyou.com\/et\/product\/evra-patch\/\",\"name\":\"Evra plaastrid | Hormonaalne rasestumisvastane lahendus - Transtoyou\",\"isPartOf\":{\"@id\":\"https:\/\/www.transtoyou.com\/et\/#website\"},\"primaryImageOfPage\":{\"@id\":\"https:\/\/www.transtoyou.com\/et\/product\/evra-patch\/#primaryimage\"},\"image\":{\"@id\":\"https:\/\/www.transtoyou.com\/et\/product\/evra-patch\/#primaryimage\"},\"thumbnailUrl\":\"https:\/\/www.transtoyou.com\/et\/wp-content\/uploads\/sites\/7\/2026\/01\/tty-no-product-image-136.webp\",\"datePublished\":\"2026-01-25T02:00:54+00:00\",\"dateModified\":\"2026-02-16T08:47:32+00:00\",\"description\":\"Evra plaastrid, mugav rasestumisvastane lahendus, takistavad rasedust ovulatsiooni peatamisega. Osta n\u00fc\u00fcd t\u00f5hus n\u00e4dalane hormoonide kontroll.\",\"breadcrumb\":{\"@id\":\"https:\/\/www.transtoyou.com\/et\/product\/evra-patch\/#breadcrumb\"},\"inLanguage\":\"et\",\"potentialAction\":[{\"@type\":\"ReadAction\",\"target\":[\"https:\/\/www.transtoyou.com\/et\/product\/evra-patch\/\"]}]},{\"@type\":\"ImageObject\",\"inLanguage\":\"et\",\"@id\":\"https:\/\/www.transtoyou.com\/et\/product\/evra-patch\/#primaryimage\",\"url\":\"https:\/\/www.transtoyou.com\/et\/wp-content\/uploads\/sites\/7\/2026\/01\/tty-no-product-image-136.webp\",\"contentUrl\":\"https:\/\/www.transtoyou.com\/et\/wp-content\/uploads\/sites\/7\/2026\/01\/tty-no-product-image-136.webp\",\"width\":1000,\"height\":1000,\"caption\":\"Vaikimisi toote pilt\"},{\"@type\":\"WebSite\",\"@id\":\"https:\/\/www.transtoyou.com\/et\/#website\",\"url\":\"https:\/\/www.transtoyou.com\/et\/\",\"name\":\"Transtoyou - ET\",\"description\":\"\",\"publisher\":{\"@id\":\"https:\/\/www.transtoyou.com\/et\/#organization\"},\"potentialAction\":[{\"@type\":\"SearchAction\",\"target\":{\"@type\":\"EntryPoint\",\"urlTemplate\":\"https:\/\/www.transtoyou.com\/et\/?s={search_term_string}\"},\"query-input\":{\"@type\":\"PropertyValueSpecification\",\"valueRequired\":true,\"valueName\":\"search_term_string\"}}],\"inLanguage\":\"et\"},{\"@type\":\"Organization\",\"@id\":\"https:\/\/www.transtoyou.com\/et\/#organization\",\"name\":\"Transtoyou - ET\",\"url\":\"https:\/\/www.transtoyou.com\/et\/\",\"logo\":{\"@type\":\"ImageObject\",\"inLanguage\":\"et\",\"@id\":\"https:\/\/www.transtoyou.com\/et\/#\/schema\/logo\/image\/\",\"url\":\"https:\/\/www.transtoyou.com\/et\/wp-content\/uploads\/sites\/7\/2026\/01\/logo-tty-menu-bar-300x87-1.webp\",\"contentUrl\":\"https:\/\/www.transtoyou.com\/et\/wp-content\/uploads\/sites\/7\/2026\/01\/logo-tty-menu-bar-300x87-1.webp\",\"width\":300,\"height\":87,\"caption\":\"Transtoyou - ET\"},\"image\":{\"@id\":\"https:\/\/www.transtoyou.com\/et\/#\/schema\/logo\/image\/\"}}]}<\/script>\n<!-- \/ Yoast SEO plugin. -->","yoast_head_json":{"title":"Evra plaastrid | Hormonaalne rasestumisvastane lahendus - Transtoyou","description":"Evra plaastrid, mugav rasestumisvastane lahendus, takistavad rasedust ovulatsiooni peatamisega. Osta n\u00fc\u00fcd t\u00f5hus n\u00e4dalane hormoonide kontroll.","robots":{"index":"noindex","follow":"follow","max-snippet":"max-snippet:-1","max-image-preview":"max-image-preview:large","max-video-preview":"max-video-preview:-1"},"og_locale":"et_EE","og_type":"article","og_title":"Evra plaastrid | Hormonaalne rasestumisvastane lahendus - Transtoyou","og_description":"Evra plaastrid, mugav rasestumisvastane lahendus, takistavad rasedust ovulatsiooni peatamisega. Osta n\u00fc\u00fcd t\u00f5hus n\u00e4dalane hormoonide kontroll.","og_url":"https:\/\/www.transtoyou.com\/et\/product\/evra-patch\/","og_site_name":"Transtoyou - ET","article_modified_time":"2026-02-16T08:47:32+00:00","twitter_card":"summary_large_image","twitter_misc":{"Est. reading time":"1 minut"},"schema":{"@context":"https:\/\/schema.org","@graph":[{"@type":"WebPage","@id":"https:\/\/www.transtoyou.com\/et\/product\/evra-patch\/","url":"https:\/\/www.transtoyou.com\/et\/product\/evra-patch\/","name":"Evra plaastrid | Hormonaalne rasestumisvastane lahendus - Transtoyou","isPartOf":{"@id":"https:\/\/www.transtoyou.com\/et\/#website"},"primaryImageOfPage":{"@id":"https:\/\/www.transtoyou.com\/et\/product\/evra-patch\/#primaryimage"},"image":{"@id":"https:\/\/www.transtoyou.com\/et\/product\/evra-patch\/#primaryimage"},"thumbnailUrl":"https:\/\/www.transtoyou.com\/et\/wp-content\/uploads\/sites\/7\/2026\/01\/tty-no-product-image-136.webp","datePublished":"2026-01-25T02:00:54+00:00","dateModified":"2026-02-16T08:47:32+00:00","description":"Evra plaastrid, mugav rasestumisvastane lahendus, takistavad rasedust ovulatsiooni peatamisega. Osta n\u00fc\u00fcd t\u00f5hus n\u00e4dalane hormoonide kontroll.","breadcrumb":{"@id":"https:\/\/www.transtoyou.com\/et\/product\/evra-patch\/#breadcrumb"},"inLanguage":"et","potentialAction":[{"@type":"ReadAction","target":["https:\/\/www.transtoyou.com\/et\/product\/evra-patch\/"]}]},{"@type":"ImageObject","inLanguage":"et","@id":"https:\/\/www.transtoyou.com\/et\/product\/evra-patch\/#primaryimage","url":"https:\/\/www.transtoyou.com\/et\/wp-content\/uploads\/sites\/7\/2026\/01\/tty-no-product-image-136.webp","contentUrl":"https:\/\/www.transtoyou.com\/et\/wp-content\/uploads\/sites\/7\/2026\/01\/tty-no-product-image-136.webp","width":1000,"height":1000,"caption":"Vaikimisi toote pilt"},{"@type":"WebSite","@id":"https:\/\/www.transtoyou.com\/et\/#website","url":"https:\/\/www.transtoyou.com\/et\/","name":"Transtoyou - ET","description":"","publisher":{"@id":"https:\/\/www.transtoyou.com\/et\/#organization"},"potentialAction":[{"@type":"SearchAction","target":{"@type":"EntryPoint","urlTemplate":"https:\/\/www.transtoyou.com\/et\/?s={search_term_string}"},"query-input":{"@type":"PropertyValueSpecification","valueRequired":true,"valueName":"search_term_string"}}],"inLanguage":"et"},{"@type":"Organization","@id":"https:\/\/www.transtoyou.com\/et\/#organization","name":"Transtoyou - ET","url":"https:\/\/www.transtoyou.com\/et\/","logo":{"@type":"ImageObject","inLanguage":"et","@id":"https:\/\/www.transtoyou.com\/et\/#\/schema\/logo\/image\/","url":"https:\/\/www.transtoyou.com\/et\/wp-content\/uploads\/sites\/7\/2026\/01\/logo-tty-menu-bar-300x87-1.webp","contentUrl":"https:\/\/www.transtoyou.com\/et\/wp-content\/uploads\/sites\/7\/2026\/01\/logo-tty-menu-bar-300x87-1.webp","width":300,"height":87,"caption":"Transtoyou - ET"},"image":{"@id":"https:\/\/www.transtoyou.com\/et\/#\/schema\/logo\/image\/"}}]}},"_links":{"self":[{"href":"https:\/\/www.transtoyou.com\/et\/wp-json\/wp\/v2\/product\/1118","targetHints":{"allow":["GET"]}}],"collection":[{"href":"https:\/\/www.transtoyou.com\/et\/wp-json\/wp\/v2\/product"}],"about":[{"href":"https:\/\/www.transtoyou.com\/et\/wp-json\/wp\/v2\/types\/product"}],"replies":[{"embeddable":true,"href":"https:\/\/www.transtoyou.com\/et\/wp-json\/wp\/v2\/comments?post=1118"}],"wp:featuredmedia":[{"embeddable":true,"href":"https:\/\/www.transtoyou.com\/et\/wp-json\/wp\/v2\/media\/1120"}],"wp:attachment":[{"href":"https:\/\/www.transtoyou.com\/et\/wp-json\/wp\/v2\/media?parent=1118"}],"wp:term":[{"taxonomy":"product_brand","embeddable":true,"href":"https:\/\/www.transtoyou.com\/et\/wp-json\/wp\/v2\/product_brand?post=1118"},{"taxonomy":"product_cat","embeddable":true,"href":"https:\/\/www.transtoyou.com\/et\/wp-json\/wp\/v2\/product_cat?post=1118"},{"taxonomy":"product_tag","embeddable":true,"href":"https:\/\/www.transtoyou.com\/et\/wp-json\/wp\/v2\/product_tag?post=1118"},{"taxonomy":"expert","embeddable":true,"href":"https:\/\/www.transtoyou.com\/et\/wp-json\/wp\/v2\/expert?post=1118"}],"curies":[{"name":"wp","href":"https:\/\/api.w.org\/{rel}","templated":true}]}}