{"id":1121,"date":"2026-01-25T04:16:35","date_gmt":"2026-01-25T02:16:35","guid":{"rendered":"https:\/\/www.transtoyou.com\/et\/product\/microgynon-30\/"},"modified":"2026-01-25T04:17:34","modified_gmt":"2026-01-25T02:17:34","slug":"microgynon-30","status":"publish","type":"product","link":"https:\/\/www.transtoyou.com\/et\/product\/microgynon-30\/","title":{"rendered":"Microgynon 30"},"content":{"rendered":"<p>Microgynon 30 on kombineeritud suukaudne rasestumisvastane vahend (KRV), mis sisaldab etin\u00fc\u00fcl\u00f6stradiooli (0,03 mg) ja levonorgestreeli (0,15 mg). See toimib peamiselt ovulatsiooni inhibeerimise kaudu, mis t\u00e4hendab, et see takistab munaraku vabastamist munasarjadest. Lisaks paksendab see emakakaela lima, muutes sperma j\u00f5udmise emaka juurde raskemaks, ja muudab emaka limaskesta, et see oleks v\u00e4hem sobiv implanteerimiseks.<\/p>\n<p>Seda kombinatsioonipilli kasutatakse peamiselt rasestumisvastase vahendina, kuid see on n\u00e4idustatud ka menstruaalts\u00fckli h\u00e4irete, nagu d\u00fcsmenorr\u00f6a (valulikud menstruatsioonid), endometrioos v\u00f5i ovulatsiooniga seotud valu, raviks.<\/p>\n<p>Reguleerides hormoonide taset, stabiliseerib Microgynon 30 menstruaalts\u00fcklit, mis sageli toob kaasa kergemad ja ennustatavad menstruatsioonid. See v\u00f5ib v\u00e4hendada menstruaalvalu ja tugevat veritsust ning aidata hallata hormonaalseid s\u00fcmptomeid, nagu akne v\u00f5i PMS. Samuti alandab see munasarjak\u00fcstide riski ja v\u00e4hendab endomeetriumi v\u00f5i munasarjav\u00e4hi tekkimise t\u00f5en\u00e4osust.<\/p>\n<p>\u00dcks Microgynon 30 peamisi eeliseid on selle k\u00f5rge rasestumisvastane usaldusv\u00e4\u00e4rsus, kui seda v\u00f5tta \u00f5igesti. See v\u00f5ib samuti viia naha seisundi paranemiseni, v\u00e4hemate premenstruaalsete s\u00fcmptomiteni ja aneemia v\u00e4henemiseni, mis on seotud menstruaalvere kaotusega.<\/p>\n<p>See ravim sobib t\u00e4iskasvanutele, kes vajavad usaldusv\u00e4\u00e4rset rasestumisvastast kaitset v\u00f5i terapeutilist juhtimist menstruaal- v\u00f5i reproduktiivh\u00e4irete korral. See ei sobi neile, kellel on teatud meditsiinilised seisundid, sealhulgas tromboemboolia ajalugu, hormoonidega seotud v\u00e4hid v\u00f5i raske maksahaigus.<\/p>\n","protected":false},"excerpt":{"rendered":"<ul>\n<li>Usaldusv\u00e4\u00e4rne igap\u00e4evane rasestumisvastane tablett<\/li>\n<li>Aitab reguleerida menstruatsioonits\u00fcklit<\/li>\n<li>V\u00f5ib v\u00e4hendada menstruatsiooniga seotud s\u00fcmptomeid<\/li>\n<\/ul>\n","protected":false},"featured_media":1123,"comment_status":"open","ping_status":"closed","template":"","meta":[],"product_brand":[],"product_cat":[129,111],"product_tag":[],"expert":[17],"class_list":{"0":"post-1121","1":"product","2":"type-product","3":"status-publish","4":"has-post-thumbnail","6":"product_cat-endometrioos","7":"product_cat-kombineeritud-pill","8":"expert-dr-c-munoz-parada","10":"first","11":"instock","12":"shipping-taxable","13":"product-type-variable"},"yoast_head":"<!-- This site is optimized with the Yoast SEO plugin v27.0 - https:\/\/yoast.com\/product\/yoast-seo-wordpress\/ -->\n<title>Microgynon 30 | Usaldusv\u00e4\u00e4rne rasestumisvastane valik - Transtoyou<\/title>\n<meta name=\"description\" content=\"Microgynon 30, usaldusv\u00e4\u00e4rne lahendus rasestumise v\u00e4ltimiseks ja menstruatsiooni leevendamiseks, saadaval siin. Osta n\u00fc\u00fcd tasakaalustatud hormoonide toetuseks ja ennustatavaks ts\u00fckliks.\" \/>\n<meta name=\"robots\" content=\"noindex, follow, max-snippet:-1, max-image-preview:large, max-video-preview:-1\" \/>\n<meta property=\"og:locale\" content=\"et_EE\" \/>\n<meta property=\"og:type\" content=\"article\" \/>\n<meta property=\"og:title\" content=\"Microgynon 30 | Usaldusv\u00e4\u00e4rne rasestumisvastane valik - Transtoyou\" \/>\n<meta property=\"og:description\" content=\"Microgynon 30, usaldusv\u00e4\u00e4rne lahendus rasestumise v\u00e4ltimiseks ja menstruatsiooni leevendamiseks, saadaval siin. Osta n\u00fc\u00fcd tasakaalustatud hormoonide toetuseks ja ennustatavaks ts\u00fckliks.\" \/>\n<meta property=\"og:url\" content=\"https:\/\/www.transtoyou.com\/et\/product\/microgynon-30\/\" \/>\n<meta property=\"og:site_name\" content=\"Transtoyou - ET\" \/>\n<meta property=\"article:modified_time\" content=\"2026-01-25T02:17:34+00:00\" \/>\n<meta name=\"twitter:card\" content=\"summary_large_image\" \/>\n<meta name=\"twitter:label1\" content=\"Est. reading time\" \/>\n\t<meta name=\"twitter:data1\" content=\"1 minut\" \/>\n<script type=\"application\/ld+json\" class=\"yoast-schema-graph\">{\"@context\":\"https:\/\/schema.org\",\"@graph\":[{\"@type\":\"WebPage\",\"@id\":\"https:\/\/www.transtoyou.com\/et\/product\/microgynon-30\/\",\"url\":\"https:\/\/www.transtoyou.com\/et\/product\/microgynon-30\/\",\"name\":\"Microgynon 30 | Usaldusv\u00e4\u00e4rne rasestumisvastane valik - Transtoyou\",\"isPartOf\":{\"@id\":\"https:\/\/www.transtoyou.com\/et\/#website\"},\"primaryImageOfPage\":{\"@id\":\"https:\/\/www.transtoyou.com\/et\/product\/microgynon-30\/#primaryimage\"},\"image\":{\"@id\":\"https:\/\/www.transtoyou.com\/et\/product\/microgynon-30\/#primaryimage\"},\"thumbnailUrl\":\"https:\/\/www.transtoyou.com\/et\/wp-content\/uploads\/sites\/7\/2026\/01\/tty-no-product-image-137.webp\",\"datePublished\":\"2026-01-25T02:16:35+00:00\",\"dateModified\":\"2026-01-25T02:17:34+00:00\",\"description\":\"Microgynon 30, usaldusv\u00e4\u00e4rne lahendus rasestumise v\u00e4ltimiseks ja menstruatsiooni leevendamiseks, saadaval siin. Osta n\u00fc\u00fcd tasakaalustatud hormoonide toetuseks ja ennustatavaks ts\u00fckliks.\",\"breadcrumb\":{\"@id\":\"https:\/\/www.transtoyou.com\/et\/product\/microgynon-30\/#breadcrumb\"},\"inLanguage\":\"et\",\"potentialAction\":[{\"@type\":\"ReadAction\",\"target\":[\"https:\/\/www.transtoyou.com\/et\/product\/microgynon-30\/\"]}]},{\"@type\":\"ImageObject\",\"inLanguage\":\"et\",\"@id\":\"https:\/\/www.transtoyou.com\/et\/product\/microgynon-30\/#primaryimage\",\"url\":\"https:\/\/www.transtoyou.com\/et\/wp-content\/uploads\/sites\/7\/2026\/01\/tty-no-product-image-137.webp\",\"contentUrl\":\"https:\/\/www.transtoyou.com\/et\/wp-content\/uploads\/sites\/7\/2026\/01\/tty-no-product-image-137.webp\",\"width\":1000,\"height\":1000,\"caption\":\"Vaikimisi toote pilt\"},{\"@type\":\"WebSite\",\"@id\":\"https:\/\/www.transtoyou.com\/et\/#website\",\"url\":\"https:\/\/www.transtoyou.com\/et\/\",\"name\":\"Transtoyou - ET\",\"description\":\"\",\"publisher\":{\"@id\":\"https:\/\/www.transtoyou.com\/et\/#organization\"},\"potentialAction\":[{\"@type\":\"SearchAction\",\"target\":{\"@type\":\"EntryPoint\",\"urlTemplate\":\"https:\/\/www.transtoyou.com\/et\/?s={search_term_string}\"},\"query-input\":{\"@type\":\"PropertyValueSpecification\",\"valueRequired\":true,\"valueName\":\"search_term_string\"}}],\"inLanguage\":\"et\"},{\"@type\":\"Organization\",\"@id\":\"https:\/\/www.transtoyou.com\/et\/#organization\",\"name\":\"Transtoyou - ET\",\"url\":\"https:\/\/www.transtoyou.com\/et\/\",\"logo\":{\"@type\":\"ImageObject\",\"inLanguage\":\"et\",\"@id\":\"https:\/\/www.transtoyou.com\/et\/#\/schema\/logo\/image\/\",\"url\":\"https:\/\/www.transtoyou.com\/et\/wp-content\/uploads\/sites\/7\/2026\/01\/logo-tty-menu-bar-300x87-1.webp\",\"contentUrl\":\"https:\/\/www.transtoyou.com\/et\/wp-content\/uploads\/sites\/7\/2026\/01\/logo-tty-menu-bar-300x87-1.webp\",\"width\":300,\"height\":87,\"caption\":\"Transtoyou - ET\"},\"image\":{\"@id\":\"https:\/\/www.transtoyou.com\/et\/#\/schema\/logo\/image\/\"}}]}<\/script>\n<!-- \/ Yoast SEO plugin. -->","yoast_head_json":{"title":"Microgynon 30 | Usaldusv\u00e4\u00e4rne rasestumisvastane valik - Transtoyou","description":"Microgynon 30, usaldusv\u00e4\u00e4rne lahendus rasestumise v\u00e4ltimiseks ja menstruatsiooni leevendamiseks, saadaval siin. Osta n\u00fc\u00fcd tasakaalustatud hormoonide toetuseks ja ennustatavaks ts\u00fckliks.","robots":{"index":"noindex","follow":"follow","max-snippet":"max-snippet:-1","max-image-preview":"max-image-preview:large","max-video-preview":"max-video-preview:-1"},"og_locale":"et_EE","og_type":"article","og_title":"Microgynon 30 | Usaldusv\u00e4\u00e4rne rasestumisvastane valik - Transtoyou","og_description":"Microgynon 30, usaldusv\u00e4\u00e4rne lahendus rasestumise v\u00e4ltimiseks ja menstruatsiooni leevendamiseks, saadaval siin. Osta n\u00fc\u00fcd tasakaalustatud hormoonide toetuseks ja ennustatavaks ts\u00fckliks.","og_url":"https:\/\/www.transtoyou.com\/et\/product\/microgynon-30\/","og_site_name":"Transtoyou - ET","article_modified_time":"2026-01-25T02:17:34+00:00","twitter_card":"summary_large_image","twitter_misc":{"Est. reading time":"1 minut"},"schema":{"@context":"https:\/\/schema.org","@graph":[{"@type":"WebPage","@id":"https:\/\/www.transtoyou.com\/et\/product\/microgynon-30\/","url":"https:\/\/www.transtoyou.com\/et\/product\/microgynon-30\/","name":"Microgynon 30 | Usaldusv\u00e4\u00e4rne rasestumisvastane valik - Transtoyou","isPartOf":{"@id":"https:\/\/www.transtoyou.com\/et\/#website"},"primaryImageOfPage":{"@id":"https:\/\/www.transtoyou.com\/et\/product\/microgynon-30\/#primaryimage"},"image":{"@id":"https:\/\/www.transtoyou.com\/et\/product\/microgynon-30\/#primaryimage"},"thumbnailUrl":"https:\/\/www.transtoyou.com\/et\/wp-content\/uploads\/sites\/7\/2026\/01\/tty-no-product-image-137.webp","datePublished":"2026-01-25T02:16:35+00:00","dateModified":"2026-01-25T02:17:34+00:00","description":"Microgynon 30, usaldusv\u00e4\u00e4rne lahendus rasestumise v\u00e4ltimiseks ja menstruatsiooni leevendamiseks, saadaval siin. Osta n\u00fc\u00fcd tasakaalustatud hormoonide toetuseks ja ennustatavaks ts\u00fckliks.","breadcrumb":{"@id":"https:\/\/www.transtoyou.com\/et\/product\/microgynon-30\/#breadcrumb"},"inLanguage":"et","potentialAction":[{"@type":"ReadAction","target":["https:\/\/www.transtoyou.com\/et\/product\/microgynon-30\/"]}]},{"@type":"ImageObject","inLanguage":"et","@id":"https:\/\/www.transtoyou.com\/et\/product\/microgynon-30\/#primaryimage","url":"https:\/\/www.transtoyou.com\/et\/wp-content\/uploads\/sites\/7\/2026\/01\/tty-no-product-image-137.webp","contentUrl":"https:\/\/www.transtoyou.com\/et\/wp-content\/uploads\/sites\/7\/2026\/01\/tty-no-product-image-137.webp","width":1000,"height":1000,"caption":"Vaikimisi toote pilt"},{"@type":"WebSite","@id":"https:\/\/www.transtoyou.com\/et\/#website","url":"https:\/\/www.transtoyou.com\/et\/","name":"Transtoyou - ET","description":"","publisher":{"@id":"https:\/\/www.transtoyou.com\/et\/#organization"},"potentialAction":[{"@type":"SearchAction","target":{"@type":"EntryPoint","urlTemplate":"https:\/\/www.transtoyou.com\/et\/?s={search_term_string}"},"query-input":{"@type":"PropertyValueSpecification","valueRequired":true,"valueName":"search_term_string"}}],"inLanguage":"et"},{"@type":"Organization","@id":"https:\/\/www.transtoyou.com\/et\/#organization","name":"Transtoyou - ET","url":"https:\/\/www.transtoyou.com\/et\/","logo":{"@type":"ImageObject","inLanguage":"et","@id":"https:\/\/www.transtoyou.com\/et\/#\/schema\/logo\/image\/","url":"https:\/\/www.transtoyou.com\/et\/wp-content\/uploads\/sites\/7\/2026\/01\/logo-tty-menu-bar-300x87-1.webp","contentUrl":"https:\/\/www.transtoyou.com\/et\/wp-content\/uploads\/sites\/7\/2026\/01\/logo-tty-menu-bar-300x87-1.webp","width":300,"height":87,"caption":"Transtoyou - ET"},"image":{"@id":"https:\/\/www.transtoyou.com\/et\/#\/schema\/logo\/image\/"}}]}},"_links":{"self":[{"href":"https:\/\/www.transtoyou.com\/et\/wp-json\/wp\/v2\/product\/1121","targetHints":{"allow":["GET"]}}],"collection":[{"href":"https:\/\/www.transtoyou.com\/et\/wp-json\/wp\/v2\/product"}],"about":[{"href":"https:\/\/www.transtoyou.com\/et\/wp-json\/wp\/v2\/types\/product"}],"replies":[{"embeddable":true,"href":"https:\/\/www.transtoyou.com\/et\/wp-json\/wp\/v2\/comments?post=1121"}],"wp:featuredmedia":[{"embeddable":true,"href":"https:\/\/www.transtoyou.com\/et\/wp-json\/wp\/v2\/media\/1123"}],"wp:attachment":[{"href":"https:\/\/www.transtoyou.com\/et\/wp-json\/wp\/v2\/media?parent=1121"}],"wp:term":[{"taxonomy":"product_brand","embeddable":true,"href":"https:\/\/www.transtoyou.com\/et\/wp-json\/wp\/v2\/product_brand?post=1121"},{"taxonomy":"product_cat","embeddable":true,"href":"https:\/\/www.transtoyou.com\/et\/wp-json\/wp\/v2\/product_cat?post=1121"},{"taxonomy":"product_tag","embeddable":true,"href":"https:\/\/www.transtoyou.com\/et\/wp-json\/wp\/v2\/product_tag?post=1121"},{"taxonomy":"expert","embeddable":true,"href":"https:\/\/www.transtoyou.com\/et\/wp-json\/wp\/v2\/expert?post=1121"}],"curies":[{"name":"wp","href":"https:\/\/api.w.org\/{rel}","templated":true}]}}