{"id":1133,"date":"2026-01-25T05:24:19","date_gmt":"2026-01-25T03:24:19","guid":{"rendered":"https:\/\/www.transtoyou.com\/et\/product\/nystan\/"},"modified":"2026-02-28T13:34:12","modified_gmt":"2026-02-28T11:34:12","slug":"nystan","status":"publish","type":"product","link":"https:\/\/www.transtoyou.com\/et\/product\/nystan\/","title":{"rendered":"Nystan"},"content":{"rendered":"<p>Nystan, mis sisaldab toimeainet n\u00fcstatiini, on seenevastane ravim, mida kasutatakse Candida p\u00f5hjustatud infektsioonide raviks, mis on p\u00e4rm, mis m\u00f5jutab sageli nahka ja limaskestasid. See on eriti efektiivne lokaalsete seeninfektsioonide, nagu suu\u00f5\u00f5ne kandidoos, soole kandidoos ja tupe p\u00e4rmseente infektsioonide, ravis.<\/p>\n<p>N\u00fcstatiin toimib, seondudes p\u00e4rmi rakumembraaniga, luues auke, mis p\u00f5hjustavad rakusiseste ainete lekkimist. See sihitud toime tapab seene ja takistab edasist kasvu, v\u00f5imaldades m\u00f5jutatud kudedel paraneda ja s\u00fcmptomitel taanduda. Kuna see toimib ainult piirkonnas, kuhu seda kantakse v\u00f5i neelatakse, peetakse n\u00fcstatiini lokaalseks raviks ja see ei imendu oluliselt vereringesse.<\/p>\n<p>Tupeinfektsioonide korral kasutatakse Nystani s\u00fcgeluse, \u00e4rrituse ja ebanormaalse eritise leevendamiseks, mis on seotud tupe kandidoosiga.<\/p>\n<p>N\u00fcstatiini kasutatakse ka suu kaudu manustatavas suspensioonis v\u00f5i pastillides suu\u00f5\u00f5ne Candida infektsioonide (kandidoos) raviks, eriti patsientidel, kes kasutavad sissehingatavaid steroide, kannavad proteese v\u00f5i kelle immuunsus on n\u00f5rgenenud. Kui seda m\u00e4\u00e4ratakse soole kandidoosi raviks, aitab see kontrollida p\u00e4rmi liialdust seedetraktis.<\/p>\n<p>Nystan on \u00fcldiselt h\u00e4sti talutav, k\u00f5rvaltoimed on haruldased, kuid v\u00f5ivad h\u00f5lmata kerget seedetrakti ebamugavust v\u00f5i kohalikku \u00e4rritust.<\/p>\n","protected":false},"excerpt":{"rendered":"<ul>\n<li>Sihtm\u00e4rgiks kohalikule Candida \u00fclekasvule<\/li>\n<li>\u00d5rn, mitte-s\u00fcsteemne seenevastane ravi<\/li>\n<li>Kergendab suu\u00f5\u00f5ne ja p\u00e4rmseente infektsioone<\/li>\n<\/ul>\n","protected":false},"featured_media":1135,"comment_status":"open","ping_status":"closed","template":"","meta":[],"product_brand":[],"product_cat":[106,191],"product_tag":[],"expert":[16],"class_list":{"0":"post-1133","1":"product","2":"type-product","3":"status-publish","4":"has-post-thumbnail","6":"product_cat-kandida","7":"product_cat-vaginaalsed-nakkused-seenevastased-ravimite","8":"expert-dr-c-alexandru","10":"first","11":"instock","12":"shipping-taxable","13":"product-type-variable"},"yoast_head":"<!-- This site is optimized with the Yoast SEO plugin v27.0 - https:\/\/yoast.com\/product\/yoast-seo-wordpress\/ -->\n<title>Nystan | T\u00f5hus Seenevastane Lahendus - Transtoyou<\/title>\n<meta name=\"description\" content=\"Nystan ravib Candida nakkusi, sealhulgas suu\u00f5\u00f5ne ja tupe seeninfektsioone. Osta n\u00fc\u00fcd t\u00f5hus leevendus Transtoyou&#039;s!\" \/>\n<meta name=\"robots\" content=\"noindex, follow, max-snippet:-1, max-image-preview:large, max-video-preview:-1\" \/>\n<meta property=\"og:locale\" content=\"et_EE\" \/>\n<meta property=\"og:type\" content=\"article\" \/>\n<meta property=\"og:title\" content=\"Nystan | T\u00f5hus Seenevastane Lahendus - Transtoyou\" \/>\n<meta property=\"og:description\" content=\"Nystan ravib Candida nakkusi, sealhulgas suu\u00f5\u00f5ne ja tupe seeninfektsioone. Osta n\u00fc\u00fcd t\u00f5hus leevendus Transtoyou&#039;s!\" \/>\n<meta property=\"og:url\" content=\"https:\/\/www.transtoyou.com\/et\/product\/nystan\/\" \/>\n<meta property=\"og:site_name\" content=\"Transtoyou - ET\" \/>\n<meta property=\"article:modified_time\" content=\"2026-02-28T11:34:12+00:00\" \/>\n<meta name=\"twitter:card\" content=\"summary_large_image\" \/>\n<meta name=\"twitter:label1\" content=\"Est. reading time\" \/>\n\t<meta name=\"twitter:data1\" content=\"1 minut\" \/>\n<script type=\"application\/ld+json\" class=\"yoast-schema-graph\">{\"@context\":\"https:\/\/schema.org\",\"@graph\":[{\"@type\":\"WebPage\",\"@id\":\"https:\/\/www.transtoyou.com\/et\/product\/nystan\/\",\"url\":\"https:\/\/www.transtoyou.com\/et\/product\/nystan\/\",\"name\":\"Nystan | T\u00f5hus Seenevastane Lahendus - Transtoyou\",\"isPartOf\":{\"@id\":\"https:\/\/www.transtoyou.com\/et\/#website\"},\"primaryImageOfPage\":{\"@id\":\"https:\/\/www.transtoyou.com\/et\/product\/nystan\/#primaryimage\"},\"image\":{\"@id\":\"https:\/\/www.transtoyou.com\/et\/product\/nystan\/#primaryimage\"},\"thumbnailUrl\":\"https:\/\/www.transtoyou.com\/et\/wp-content\/uploads\/sites\/7\/2026\/01\/tty-no-product-image-141.webp\",\"datePublished\":\"2026-01-25T03:24:19+00:00\",\"dateModified\":\"2026-02-28T11:34:12+00:00\",\"description\":\"Nystan ravib Candida nakkusi, sealhulgas suu\u00f5\u00f5ne ja tupe seeninfektsioone. Osta n\u00fc\u00fcd t\u00f5hus leevendus Transtoyou's!\",\"breadcrumb\":{\"@id\":\"https:\/\/www.transtoyou.com\/et\/product\/nystan\/#breadcrumb\"},\"inLanguage\":\"et\",\"potentialAction\":[{\"@type\":\"ReadAction\",\"target\":[\"https:\/\/www.transtoyou.com\/et\/product\/nystan\/\"]}]},{\"@type\":\"ImageObject\",\"inLanguage\":\"et\",\"@id\":\"https:\/\/www.transtoyou.com\/et\/product\/nystan\/#primaryimage\",\"url\":\"https:\/\/www.transtoyou.com\/et\/wp-content\/uploads\/sites\/7\/2026\/01\/tty-no-product-image-141.webp\",\"contentUrl\":\"https:\/\/www.transtoyou.com\/et\/wp-content\/uploads\/sites\/7\/2026\/01\/tty-no-product-image-141.webp\",\"width\":1000,\"height\":1000,\"caption\":\"Vaikimisi toote pilt\"},{\"@type\":\"WebSite\",\"@id\":\"https:\/\/www.transtoyou.com\/et\/#website\",\"url\":\"https:\/\/www.transtoyou.com\/et\/\",\"name\":\"Transtoyou - ET\",\"description\":\"\",\"publisher\":{\"@id\":\"https:\/\/www.transtoyou.com\/et\/#organization\"},\"potentialAction\":[{\"@type\":\"SearchAction\",\"target\":{\"@type\":\"EntryPoint\",\"urlTemplate\":\"https:\/\/www.transtoyou.com\/et\/?s={search_term_string}\"},\"query-input\":{\"@type\":\"PropertyValueSpecification\",\"valueRequired\":true,\"valueName\":\"search_term_string\"}}],\"inLanguage\":\"et\"},{\"@type\":\"Organization\",\"@id\":\"https:\/\/www.transtoyou.com\/et\/#organization\",\"name\":\"Transtoyou - ET\",\"url\":\"https:\/\/www.transtoyou.com\/et\/\",\"logo\":{\"@type\":\"ImageObject\",\"inLanguage\":\"et\",\"@id\":\"https:\/\/www.transtoyou.com\/et\/#\/schema\/logo\/image\/\",\"url\":\"https:\/\/www.transtoyou.com\/et\/wp-content\/uploads\/sites\/7\/2026\/01\/logo-tty-menu-bar-300x87-1.webp\",\"contentUrl\":\"https:\/\/www.transtoyou.com\/et\/wp-content\/uploads\/sites\/7\/2026\/01\/logo-tty-menu-bar-300x87-1.webp\",\"width\":300,\"height\":87,\"caption\":\"Transtoyou - ET\"},\"image\":{\"@id\":\"https:\/\/www.transtoyou.com\/et\/#\/schema\/logo\/image\/\"}}]}<\/script>\n<!-- \/ Yoast SEO plugin. -->","yoast_head_json":{"title":"Nystan | T\u00f5hus Seenevastane Lahendus - Transtoyou","description":"Nystan ravib Candida nakkusi, sealhulgas suu\u00f5\u00f5ne ja tupe seeninfektsioone. Osta n\u00fc\u00fcd t\u00f5hus leevendus Transtoyou's!","robots":{"index":"noindex","follow":"follow","max-snippet":"max-snippet:-1","max-image-preview":"max-image-preview:large","max-video-preview":"max-video-preview:-1"},"og_locale":"et_EE","og_type":"article","og_title":"Nystan | T\u00f5hus Seenevastane Lahendus - Transtoyou","og_description":"Nystan ravib Candida nakkusi, sealhulgas suu\u00f5\u00f5ne ja tupe seeninfektsioone. Osta n\u00fc\u00fcd t\u00f5hus leevendus Transtoyou's!","og_url":"https:\/\/www.transtoyou.com\/et\/product\/nystan\/","og_site_name":"Transtoyou - ET","article_modified_time":"2026-02-28T11:34:12+00:00","twitter_card":"summary_large_image","twitter_misc":{"Est. reading time":"1 minut"},"schema":{"@context":"https:\/\/schema.org","@graph":[{"@type":"WebPage","@id":"https:\/\/www.transtoyou.com\/et\/product\/nystan\/","url":"https:\/\/www.transtoyou.com\/et\/product\/nystan\/","name":"Nystan | T\u00f5hus Seenevastane Lahendus - Transtoyou","isPartOf":{"@id":"https:\/\/www.transtoyou.com\/et\/#website"},"primaryImageOfPage":{"@id":"https:\/\/www.transtoyou.com\/et\/product\/nystan\/#primaryimage"},"image":{"@id":"https:\/\/www.transtoyou.com\/et\/product\/nystan\/#primaryimage"},"thumbnailUrl":"https:\/\/www.transtoyou.com\/et\/wp-content\/uploads\/sites\/7\/2026\/01\/tty-no-product-image-141.webp","datePublished":"2026-01-25T03:24:19+00:00","dateModified":"2026-02-28T11:34:12+00:00","description":"Nystan ravib Candida nakkusi, sealhulgas suu\u00f5\u00f5ne ja tupe seeninfektsioone. Osta n\u00fc\u00fcd t\u00f5hus leevendus Transtoyou's!","breadcrumb":{"@id":"https:\/\/www.transtoyou.com\/et\/product\/nystan\/#breadcrumb"},"inLanguage":"et","potentialAction":[{"@type":"ReadAction","target":["https:\/\/www.transtoyou.com\/et\/product\/nystan\/"]}]},{"@type":"ImageObject","inLanguage":"et","@id":"https:\/\/www.transtoyou.com\/et\/product\/nystan\/#primaryimage","url":"https:\/\/www.transtoyou.com\/et\/wp-content\/uploads\/sites\/7\/2026\/01\/tty-no-product-image-141.webp","contentUrl":"https:\/\/www.transtoyou.com\/et\/wp-content\/uploads\/sites\/7\/2026\/01\/tty-no-product-image-141.webp","width":1000,"height":1000,"caption":"Vaikimisi toote pilt"},{"@type":"WebSite","@id":"https:\/\/www.transtoyou.com\/et\/#website","url":"https:\/\/www.transtoyou.com\/et\/","name":"Transtoyou - ET","description":"","publisher":{"@id":"https:\/\/www.transtoyou.com\/et\/#organization"},"potentialAction":[{"@type":"SearchAction","target":{"@type":"EntryPoint","urlTemplate":"https:\/\/www.transtoyou.com\/et\/?s={search_term_string}"},"query-input":{"@type":"PropertyValueSpecification","valueRequired":true,"valueName":"search_term_string"}}],"inLanguage":"et"},{"@type":"Organization","@id":"https:\/\/www.transtoyou.com\/et\/#organization","name":"Transtoyou - ET","url":"https:\/\/www.transtoyou.com\/et\/","logo":{"@type":"ImageObject","inLanguage":"et","@id":"https:\/\/www.transtoyou.com\/et\/#\/schema\/logo\/image\/","url":"https:\/\/www.transtoyou.com\/et\/wp-content\/uploads\/sites\/7\/2026\/01\/logo-tty-menu-bar-300x87-1.webp","contentUrl":"https:\/\/www.transtoyou.com\/et\/wp-content\/uploads\/sites\/7\/2026\/01\/logo-tty-menu-bar-300x87-1.webp","width":300,"height":87,"caption":"Transtoyou - ET"},"image":{"@id":"https:\/\/www.transtoyou.com\/et\/#\/schema\/logo\/image\/"}}]}},"_links":{"self":[{"href":"https:\/\/www.transtoyou.com\/et\/wp-json\/wp\/v2\/product\/1133","targetHints":{"allow":["GET"]}}],"collection":[{"href":"https:\/\/www.transtoyou.com\/et\/wp-json\/wp\/v2\/product"}],"about":[{"href":"https:\/\/www.transtoyou.com\/et\/wp-json\/wp\/v2\/types\/product"}],"replies":[{"embeddable":true,"href":"https:\/\/www.transtoyou.com\/et\/wp-json\/wp\/v2\/comments?post=1133"}],"wp:featuredmedia":[{"embeddable":true,"href":"https:\/\/www.transtoyou.com\/et\/wp-json\/wp\/v2\/media\/1135"}],"wp:attachment":[{"href":"https:\/\/www.transtoyou.com\/et\/wp-json\/wp\/v2\/media?parent=1133"}],"wp:term":[{"taxonomy":"product_brand","embeddable":true,"href":"https:\/\/www.transtoyou.com\/et\/wp-json\/wp\/v2\/product_brand?post=1133"},{"taxonomy":"product_cat","embeddable":true,"href":"https:\/\/www.transtoyou.com\/et\/wp-json\/wp\/v2\/product_cat?post=1133"},{"taxonomy":"product_tag","embeddable":true,"href":"https:\/\/www.transtoyou.com\/et\/wp-json\/wp\/v2\/product_tag?post=1133"},{"taxonomy":"expert","embeddable":true,"href":"https:\/\/www.transtoyou.com\/et\/wp-json\/wp\/v2\/expert?post=1133"}],"curies":[{"name":"wp","href":"https:\/\/api.w.org\/{rel}","templated":true}]}}