{"id":1154,"date":"2026-01-25T07:27:32","date_gmt":"2026-01-25T05:27:32","guid":{"rendered":"https:\/\/www.transtoyou.com\/et\/product\/relvar\/"},"modified":"2026-03-03T13:13:08","modified_gmt":"2026-03-03T11:13:08","slug":"relvar","status":"publish","type":"product","link":"https:\/\/www.transtoyou.com\/et\/product\/relvar\/","title":{"rendered":"Relvar"},"content":{"rendered":"<p>Krooniliste hingamisteede haiguste juhtimine v\u00f5ib olla keeruline, kuid Relvar pakub mugavat ja t\u00f5husat lahendust astma ja KOK-i patsientidele. See kombinatsioonihinga pakub pikaajalist s\u00fcmptomite kontrolli, aidates inimestel kergemini hingata ja s\u00e4ilitada paremat elukvaliteeti.<\/p>\n<p>Relvar sisaldab kahte toimeainet: flutikasoonfuroaat, kortikosteroid, mis v\u00e4hendab p\u00f5letikku hingamisteedes, ja vilanterool, pikaajaline beetagonist, mis aitab hoida hingamisteed avatud. Koost\u00f6\u00f6s pakuvad need komponendid 24-tunnist hingamistoetust vaid \u00fche p\u00e4evase annusega.<\/p>\n<p>Erinevalt kiirete leevendavate hingamisteede inhalaatoritest on Relvar m\u00f5eldud pidevaks, pikaajaliseks kasutamiseks osana hooldusplaanist. See aitab ennetada \u00e4genemisi, parandab kopsufunktsiooni ja v\u00e4hendab vajadust p\u00e4\u00e4stetegevuse ravimite j\u00e4rele.<\/p>\n<p>Kuigi \u00fcldiselt talutakse h\u00e4sti, v\u00f5ivad m\u00f5ned inimesed kogeda kergeid k\u00f5rvaltoimeid, nagu kurgu\u00e4rritus, h\u00e4\u00e4le k\u00e4hedus v\u00f5i suus esinevad seeninfektsioonid, mida saab v\u00e4hendada suu loputamisega p\u00e4rast kasutamist. Relvarit tuleks alati kasutada arsti j\u00e4relevalve all, et tagada hingamisteede haiguste \u00f5ige juhtimine.<\/p>\n","protected":false},"excerpt":{"rendered":"<ul>\n<li>Pakkuda 24-tunnist astma ja KOK kontrolli.<\/li>\n<li>V\u00e4hendab p\u00f5letikku ja hoiab hingamisteed avatud.<\/li>\n<li>Mugav kord p\u00e4evas annustamine.<\/li>\n<\/ul>\n","protected":false},"featured_media":1156,"comment_status":"open","ping_status":"closed","template":"","meta":[],"product_brand":[],"product_cat":[98,115],"product_tag":[],"expert":[16],"class_list":{"0":"post-1154","1":"product","2":"type-product","3":"status-publish","4":"has-post-thumbnail","6":"product_cat-astma","7":"product_cat-kopd","8":"expert-dr-c-alexandru","10":"first","11":"instock","12":"shipping-taxable","13":"product-type-variable"},"yoast_head":"<!-- This site is optimized with the Yoast SEO plugin v27.0 - https:\/\/yoast.com\/product\/yoast-seo-wordpress\/ -->\n<title>Relvar | Hingake kergemini 24-tunnise toe abil - Transtoyou<\/title>\n<meta name=\"description\" content=\"Relvar: Halda astmat ja KOPD-d lihtsalt. Pikaajaline s\u00fcmptomite kontroll \u00fches igap\u00e4evases annuses. Saadaval Transtoyou&#039;s. Osta n\u00fc\u00fcd!\" \/>\n<meta name=\"robots\" content=\"noindex, follow, max-snippet:-1, max-image-preview:large, max-video-preview:-1\" \/>\n<meta property=\"og:locale\" content=\"et_EE\" \/>\n<meta property=\"og:type\" content=\"article\" \/>\n<meta property=\"og:title\" content=\"Relvar | Hingake kergemini 24-tunnise toe abil - Transtoyou\" \/>\n<meta property=\"og:description\" content=\"Relvar: Halda astmat ja KOPD-d lihtsalt. Pikaajaline s\u00fcmptomite kontroll \u00fches igap\u00e4evases annuses. Saadaval Transtoyou&#039;s. Osta n\u00fc\u00fcd!\" \/>\n<meta property=\"og:url\" content=\"https:\/\/www.transtoyou.com\/et\/product\/relvar\/\" \/>\n<meta property=\"og:site_name\" content=\"Transtoyou - ET\" \/>\n<meta property=\"article:modified_time\" content=\"2026-03-03T11:13:08+00:00\" \/>\n<meta name=\"twitter:card\" content=\"summary_large_image\" \/>\n<meta name=\"twitter:label1\" content=\"Est. reading time\" \/>\n\t<meta name=\"twitter:data1\" content=\"1 minut\" \/>\n<script type=\"application\/ld+json\" class=\"yoast-schema-graph\">{\"@context\":\"https:\/\/schema.org\",\"@graph\":[{\"@type\":\"WebPage\",\"@id\":\"https:\/\/www.transtoyou.com\/et\/product\/relvar\/\",\"url\":\"https:\/\/www.transtoyou.com\/et\/product\/relvar\/\",\"name\":\"Relvar | Hingake kergemini 24-tunnise toe abil - Transtoyou\",\"isPartOf\":{\"@id\":\"https:\/\/www.transtoyou.com\/et\/#website\"},\"primaryImageOfPage\":{\"@id\":\"https:\/\/www.transtoyou.com\/et\/product\/relvar\/#primaryimage\"},\"image\":{\"@id\":\"https:\/\/www.transtoyou.com\/et\/product\/relvar\/#primaryimage\"},\"thumbnailUrl\":\"https:\/\/www.transtoyou.com\/et\/wp-content\/uploads\/sites\/7\/2026\/01\/tty-no-product-image-148.webp\",\"datePublished\":\"2026-01-25T05:27:32+00:00\",\"dateModified\":\"2026-03-03T11:13:08+00:00\",\"description\":\"Relvar: Halda astmat ja KOPD-d lihtsalt. Pikaajaline s\u00fcmptomite kontroll \u00fches igap\u00e4evases annuses. Saadaval Transtoyou's. Osta n\u00fc\u00fcd!\",\"breadcrumb\":{\"@id\":\"https:\/\/www.transtoyou.com\/et\/product\/relvar\/#breadcrumb\"},\"inLanguage\":\"et\",\"potentialAction\":[{\"@type\":\"ReadAction\",\"target\":[\"https:\/\/www.transtoyou.com\/et\/product\/relvar\/\"]}]},{\"@type\":\"ImageObject\",\"inLanguage\":\"et\",\"@id\":\"https:\/\/www.transtoyou.com\/et\/product\/relvar\/#primaryimage\",\"url\":\"https:\/\/www.transtoyou.com\/et\/wp-content\/uploads\/sites\/7\/2026\/01\/tty-no-product-image-148.webp\",\"contentUrl\":\"https:\/\/www.transtoyou.com\/et\/wp-content\/uploads\/sites\/7\/2026\/01\/tty-no-product-image-148.webp\",\"width\":1000,\"height\":1000,\"caption\":\"Vaikimisi toote pilt\"},{\"@type\":\"WebSite\",\"@id\":\"https:\/\/www.transtoyou.com\/et\/#website\",\"url\":\"https:\/\/www.transtoyou.com\/et\/\",\"name\":\"Transtoyou - ET\",\"description\":\"\",\"publisher\":{\"@id\":\"https:\/\/www.transtoyou.com\/et\/#organization\"},\"potentialAction\":[{\"@type\":\"SearchAction\",\"target\":{\"@type\":\"EntryPoint\",\"urlTemplate\":\"https:\/\/www.transtoyou.com\/et\/?s={search_term_string}\"},\"query-input\":{\"@type\":\"PropertyValueSpecification\",\"valueRequired\":true,\"valueName\":\"search_term_string\"}}],\"inLanguage\":\"et\"},{\"@type\":\"Organization\",\"@id\":\"https:\/\/www.transtoyou.com\/et\/#organization\",\"name\":\"Transtoyou - ET\",\"url\":\"https:\/\/www.transtoyou.com\/et\/\",\"logo\":{\"@type\":\"ImageObject\",\"inLanguage\":\"et\",\"@id\":\"https:\/\/www.transtoyou.com\/et\/#\/schema\/logo\/image\/\",\"url\":\"https:\/\/www.transtoyou.com\/et\/wp-content\/uploads\/sites\/7\/2026\/01\/logo-tty-menu-bar-300x87-1.webp\",\"contentUrl\":\"https:\/\/www.transtoyou.com\/et\/wp-content\/uploads\/sites\/7\/2026\/01\/logo-tty-menu-bar-300x87-1.webp\",\"width\":300,\"height\":87,\"caption\":\"Transtoyou - ET\"},\"image\":{\"@id\":\"https:\/\/www.transtoyou.com\/et\/#\/schema\/logo\/image\/\"}}]}<\/script>\n<!-- \/ Yoast SEO plugin. -->","yoast_head_json":{"title":"Relvar | Hingake kergemini 24-tunnise toe abil - Transtoyou","description":"Relvar: Halda astmat ja KOPD-d lihtsalt. Pikaajaline s\u00fcmptomite kontroll \u00fches igap\u00e4evases annuses. Saadaval Transtoyou's. Osta n\u00fc\u00fcd!","robots":{"index":"noindex","follow":"follow","max-snippet":"max-snippet:-1","max-image-preview":"max-image-preview:large","max-video-preview":"max-video-preview:-1"},"og_locale":"et_EE","og_type":"article","og_title":"Relvar | Hingake kergemini 24-tunnise toe abil - Transtoyou","og_description":"Relvar: Halda astmat ja KOPD-d lihtsalt. Pikaajaline s\u00fcmptomite kontroll \u00fches igap\u00e4evases annuses. Saadaval Transtoyou's. Osta n\u00fc\u00fcd!","og_url":"https:\/\/www.transtoyou.com\/et\/product\/relvar\/","og_site_name":"Transtoyou - ET","article_modified_time":"2026-03-03T11:13:08+00:00","twitter_card":"summary_large_image","twitter_misc":{"Est. reading time":"1 minut"},"schema":{"@context":"https:\/\/schema.org","@graph":[{"@type":"WebPage","@id":"https:\/\/www.transtoyou.com\/et\/product\/relvar\/","url":"https:\/\/www.transtoyou.com\/et\/product\/relvar\/","name":"Relvar | Hingake kergemini 24-tunnise toe abil - Transtoyou","isPartOf":{"@id":"https:\/\/www.transtoyou.com\/et\/#website"},"primaryImageOfPage":{"@id":"https:\/\/www.transtoyou.com\/et\/product\/relvar\/#primaryimage"},"image":{"@id":"https:\/\/www.transtoyou.com\/et\/product\/relvar\/#primaryimage"},"thumbnailUrl":"https:\/\/www.transtoyou.com\/et\/wp-content\/uploads\/sites\/7\/2026\/01\/tty-no-product-image-148.webp","datePublished":"2026-01-25T05:27:32+00:00","dateModified":"2026-03-03T11:13:08+00:00","description":"Relvar: Halda astmat ja KOPD-d lihtsalt. Pikaajaline s\u00fcmptomite kontroll \u00fches igap\u00e4evases annuses. Saadaval Transtoyou's. Osta n\u00fc\u00fcd!","breadcrumb":{"@id":"https:\/\/www.transtoyou.com\/et\/product\/relvar\/#breadcrumb"},"inLanguage":"et","potentialAction":[{"@type":"ReadAction","target":["https:\/\/www.transtoyou.com\/et\/product\/relvar\/"]}]},{"@type":"ImageObject","inLanguage":"et","@id":"https:\/\/www.transtoyou.com\/et\/product\/relvar\/#primaryimage","url":"https:\/\/www.transtoyou.com\/et\/wp-content\/uploads\/sites\/7\/2026\/01\/tty-no-product-image-148.webp","contentUrl":"https:\/\/www.transtoyou.com\/et\/wp-content\/uploads\/sites\/7\/2026\/01\/tty-no-product-image-148.webp","width":1000,"height":1000,"caption":"Vaikimisi toote pilt"},{"@type":"WebSite","@id":"https:\/\/www.transtoyou.com\/et\/#website","url":"https:\/\/www.transtoyou.com\/et\/","name":"Transtoyou - ET","description":"","publisher":{"@id":"https:\/\/www.transtoyou.com\/et\/#organization"},"potentialAction":[{"@type":"SearchAction","target":{"@type":"EntryPoint","urlTemplate":"https:\/\/www.transtoyou.com\/et\/?s={search_term_string}"},"query-input":{"@type":"PropertyValueSpecification","valueRequired":true,"valueName":"search_term_string"}}],"inLanguage":"et"},{"@type":"Organization","@id":"https:\/\/www.transtoyou.com\/et\/#organization","name":"Transtoyou - ET","url":"https:\/\/www.transtoyou.com\/et\/","logo":{"@type":"ImageObject","inLanguage":"et","@id":"https:\/\/www.transtoyou.com\/et\/#\/schema\/logo\/image\/","url":"https:\/\/www.transtoyou.com\/et\/wp-content\/uploads\/sites\/7\/2026\/01\/logo-tty-menu-bar-300x87-1.webp","contentUrl":"https:\/\/www.transtoyou.com\/et\/wp-content\/uploads\/sites\/7\/2026\/01\/logo-tty-menu-bar-300x87-1.webp","width":300,"height":87,"caption":"Transtoyou - ET"},"image":{"@id":"https:\/\/www.transtoyou.com\/et\/#\/schema\/logo\/image\/"}}]}},"_links":{"self":[{"href":"https:\/\/www.transtoyou.com\/et\/wp-json\/wp\/v2\/product\/1154","targetHints":{"allow":["GET"]}}],"collection":[{"href":"https:\/\/www.transtoyou.com\/et\/wp-json\/wp\/v2\/product"}],"about":[{"href":"https:\/\/www.transtoyou.com\/et\/wp-json\/wp\/v2\/types\/product"}],"replies":[{"embeddable":true,"href":"https:\/\/www.transtoyou.com\/et\/wp-json\/wp\/v2\/comments?post=1154"}],"wp:featuredmedia":[{"embeddable":true,"href":"https:\/\/www.transtoyou.com\/et\/wp-json\/wp\/v2\/media\/1156"}],"wp:attachment":[{"href":"https:\/\/www.transtoyou.com\/et\/wp-json\/wp\/v2\/media?parent=1154"}],"wp:term":[{"taxonomy":"product_brand","embeddable":true,"href":"https:\/\/www.transtoyou.com\/et\/wp-json\/wp\/v2\/product_brand?post=1154"},{"taxonomy":"product_cat","embeddable":true,"href":"https:\/\/www.transtoyou.com\/et\/wp-json\/wp\/v2\/product_cat?post=1154"},{"taxonomy":"product_tag","embeddable":true,"href":"https:\/\/www.transtoyou.com\/et\/wp-json\/wp\/v2\/product_tag?post=1154"},{"taxonomy":"expert","embeddable":true,"href":"https:\/\/www.transtoyou.com\/et\/wp-json\/wp\/v2\/expert?post=1154"}],"curies":[{"name":"wp","href":"https:\/\/api.w.org\/{rel}","templated":true}]}}