{"id":1172,"date":"2026-01-25T19:10:48","date_gmt":"2026-01-25T17:10:48","guid":{"rendered":"https:\/\/www.transtoyou.com\/et\/product\/doxycycline\/"},"modified":"2026-01-25T19:12:34","modified_gmt":"2026-01-25T17:12:34","slug":"doxycycline","status":"publish","type":"product","link":"https:\/\/www.transtoyou.com\/et\/product\/doxycycline\/","title":{"rendered":"Doks\u00fcts\u00fckliin"},"content":{"rendered":"<p>Doxycycline is a widely used antibiotic that helps treat many types of bacterial infections. It belongs to a group of antibiotics called tetracyclines. Doxycycline works by stopping bacteria from making proteins they need to grow and survive. It does this by attaching to part of the bacteria\u2019s ribosome, specifically the 30S subunit, which blocks protein production. Without these proteins, the bacteria can\u2019t grow or multiply, making it easier for the body\u2019s immune system to clear the infection.<\/p>\n<p>This medication is often prescribed for respiratory infections like pneumonia, bronchitis, and sinusitis, as well as urinary tract infections (UTIs) and skin infections. It is also used to treat sexually transmitted infections (STIs), including chlamydia and gonorrhoea. In addition, doxycycline plays a role in treating Lyme disease, eye infections, gum disease (periodontitis), and acne. It is also commonly used as a preventive treatment for malaria in people travelling to areas where the disease is common.<\/p>\n<p>Doxycycline works throughout the body by entering the bloodstream and targeting bacteria wherever the infection is located. It doesn\u2019t directly relieve pain or reduce inflammation, but by stopping the infection, it helps reduce symptoms like swelling, fever, and discomfort. In skin conditions like acne or rosacea, doxycycline also helps reduce inflammation, leading to clearer, calmer skin over time.<\/p>\n<p>One of the main advantages of doxycycline is its broad-spectrum activity, meaning it can treat many different types of bacteria. It\u2019s usually taken once or twice daily and is available in tablets or capsules, making it easy to use. When taken as directed, it\u2019s considered safe and effective, with side effects that are usually mild and manageable.<\/p>\n","protected":false},"excerpt":{"rendered":"<ul>\n<li>Broad-spectrum antibiotic for bacterial infections<\/li>\n<li>Clears acne by eliminating bacteria and reducing inflammation<\/li>\n<li>Prevents malaria in high-risk areas<\/li>\n<\/ul>\n","protected":false},"featured_media":1174,"comment_status":"open","ping_status":"closed","template":"","meta":[],"product_brand":[],"product_cat":[91,97,142,107],"product_tag":[],"expert":[18],"class_list":{"0":"post-1172","1":"product","2":"type-product","3":"status-publish","4":"has-post-thumbnail","6":"product_cat-akne","7":"product_cat-antibiootikumid-ja-nakkused","8":"product_cat-gonorroa","9":"product_cat-klamiidia","10":"expert-dr-g-varbanov","12":"first","13":"instock","14":"shipping-taxable","15":"product-type-variable"},"yoast_head":"<!-- This site is optimized with the Yoast SEO plugin v27.0 - https:\/\/yoast.com\/product\/yoast-seo-wordpress\/ -->\n<title>Doks\u00fcts\u00fckliin | T\u00f5hus antibiootikum nakkuste raviks - Transtoyou<\/title>\n<meta name=\"description\" content=\"Doks\u00fcts\u00fckliin, mitmek\u00fclgne antibiootikum bakteriaalsete infektsioonide raviks, on saadaval Transtoyou. Ohutu, t\u00f5hus ja registreeritud arstide poolt v\u00e4lja kirjutatud.\" \/>\n<meta name=\"robots\" content=\"noindex, follow, max-snippet:-1, max-image-preview:large, max-video-preview:-1\" \/>\n<meta property=\"og:locale\" content=\"et_EE\" \/>\n<meta property=\"og:type\" content=\"article\" \/>\n<meta property=\"og:title\" content=\"Doks\u00fcts\u00fckliin | T\u00f5hus antibiootikum nakkuste raviks - Transtoyou\" \/>\n<meta property=\"og:description\" content=\"Doks\u00fcts\u00fckliin, mitmek\u00fclgne antibiootikum bakteriaalsete infektsioonide raviks, on saadaval Transtoyou. Ohutu, t\u00f5hus ja registreeritud arstide poolt v\u00e4lja kirjutatud.\" \/>\n<meta property=\"og:url\" content=\"https:\/\/www.transtoyou.com\/et\/product\/doxycycline\/\" \/>\n<meta property=\"og:site_name\" content=\"Transtoyou - ET\" \/>\n<meta property=\"article:modified_time\" content=\"2026-01-25T17:12:34+00:00\" \/>\n<meta name=\"twitter:card\" content=\"summary_large_image\" \/>\n<meta name=\"twitter:label1\" content=\"Est. reading time\" \/>\n\t<meta name=\"twitter:data1\" content=\"1 minut\" \/>\n<script type=\"application\/ld+json\" class=\"yoast-schema-graph\">{\"@context\":\"https:\/\/schema.org\",\"@graph\":[{\"@type\":\"WebPage\",\"@id\":\"https:\/\/www.transtoyou.com\/et\/product\/doxycycline\/\",\"url\":\"https:\/\/www.transtoyou.com\/et\/product\/doxycycline\/\",\"name\":\"Doks\u00fcts\u00fckliin | T\u00f5hus antibiootikum nakkuste raviks - Transtoyou\",\"isPartOf\":{\"@id\":\"https:\/\/www.transtoyou.com\/et\/#website\"},\"primaryImageOfPage\":{\"@id\":\"https:\/\/www.transtoyou.com\/et\/product\/doxycycline\/#primaryimage\"},\"image\":{\"@id\":\"https:\/\/www.transtoyou.com\/et\/product\/doxycycline\/#primaryimage\"},\"thumbnailUrl\":\"https:\/\/www.transtoyou.com\/et\/wp-content\/uploads\/sites\/7\/2026\/01\/tty-no-product-image-154.webp\",\"datePublished\":\"2026-01-25T17:10:48+00:00\",\"dateModified\":\"2026-01-25T17:12:34+00:00\",\"description\":\"Doks\u00fcts\u00fckliin, mitmek\u00fclgne antibiootikum bakteriaalsete infektsioonide raviks, on saadaval Transtoyou. Ohutu, t\u00f5hus ja registreeritud arstide poolt v\u00e4lja kirjutatud.\",\"breadcrumb\":{\"@id\":\"https:\/\/www.transtoyou.com\/et\/product\/doxycycline\/#breadcrumb\"},\"inLanguage\":\"et\",\"potentialAction\":[{\"@type\":\"ReadAction\",\"target\":[\"https:\/\/www.transtoyou.com\/et\/product\/doxycycline\/\"]}]},{\"@type\":\"ImageObject\",\"inLanguage\":\"et\",\"@id\":\"https:\/\/www.transtoyou.com\/et\/product\/doxycycline\/#primaryimage\",\"url\":\"https:\/\/www.transtoyou.com\/et\/wp-content\/uploads\/sites\/7\/2026\/01\/tty-no-product-image-154.webp\",\"contentUrl\":\"https:\/\/www.transtoyou.com\/et\/wp-content\/uploads\/sites\/7\/2026\/01\/tty-no-product-image-154.webp\",\"width\":1000,\"height\":1000,\"caption\":\"Vaikimisi toote pilt\"},{\"@type\":\"WebSite\",\"@id\":\"https:\/\/www.transtoyou.com\/et\/#website\",\"url\":\"https:\/\/www.transtoyou.com\/et\/\",\"name\":\"Transtoyou - ET\",\"description\":\"\",\"publisher\":{\"@id\":\"https:\/\/www.transtoyou.com\/et\/#organization\"},\"potentialAction\":[{\"@type\":\"SearchAction\",\"target\":{\"@type\":\"EntryPoint\",\"urlTemplate\":\"https:\/\/www.transtoyou.com\/et\/?s={search_term_string}\"},\"query-input\":{\"@type\":\"PropertyValueSpecification\",\"valueRequired\":true,\"valueName\":\"search_term_string\"}}],\"inLanguage\":\"et\"},{\"@type\":\"Organization\",\"@id\":\"https:\/\/www.transtoyou.com\/et\/#organization\",\"name\":\"Transtoyou - ET\",\"url\":\"https:\/\/www.transtoyou.com\/et\/\",\"logo\":{\"@type\":\"ImageObject\",\"inLanguage\":\"et\",\"@id\":\"https:\/\/www.transtoyou.com\/et\/#\/schema\/logo\/image\/\",\"url\":\"https:\/\/www.transtoyou.com\/et\/wp-content\/uploads\/sites\/7\/2026\/01\/logo-tty-menu-bar-300x87-1.webp\",\"contentUrl\":\"https:\/\/www.transtoyou.com\/et\/wp-content\/uploads\/sites\/7\/2026\/01\/logo-tty-menu-bar-300x87-1.webp\",\"width\":300,\"height\":87,\"caption\":\"Transtoyou - ET\"},\"image\":{\"@id\":\"https:\/\/www.transtoyou.com\/et\/#\/schema\/logo\/image\/\"}}]}<\/script>\n<!-- \/ Yoast SEO plugin. -->","yoast_head_json":{"title":"Doks\u00fcts\u00fckliin | T\u00f5hus antibiootikum nakkuste raviks - Transtoyou","description":"Doks\u00fcts\u00fckliin, mitmek\u00fclgne antibiootikum bakteriaalsete infektsioonide raviks, on saadaval Transtoyou. Ohutu, t\u00f5hus ja registreeritud arstide poolt v\u00e4lja kirjutatud.","robots":{"index":"noindex","follow":"follow","max-snippet":"max-snippet:-1","max-image-preview":"max-image-preview:large","max-video-preview":"max-video-preview:-1"},"og_locale":"et_EE","og_type":"article","og_title":"Doks\u00fcts\u00fckliin | T\u00f5hus antibiootikum nakkuste raviks - Transtoyou","og_description":"Doks\u00fcts\u00fckliin, mitmek\u00fclgne antibiootikum bakteriaalsete infektsioonide raviks, on saadaval Transtoyou. Ohutu, t\u00f5hus ja registreeritud arstide poolt v\u00e4lja kirjutatud.","og_url":"https:\/\/www.transtoyou.com\/et\/product\/doxycycline\/","og_site_name":"Transtoyou - ET","article_modified_time":"2026-01-25T17:12:34+00:00","twitter_card":"summary_large_image","twitter_misc":{"Est. reading time":"1 minut"},"schema":{"@context":"https:\/\/schema.org","@graph":[{"@type":"WebPage","@id":"https:\/\/www.transtoyou.com\/et\/product\/doxycycline\/","url":"https:\/\/www.transtoyou.com\/et\/product\/doxycycline\/","name":"Doks\u00fcts\u00fckliin | T\u00f5hus antibiootikum nakkuste raviks - Transtoyou","isPartOf":{"@id":"https:\/\/www.transtoyou.com\/et\/#website"},"primaryImageOfPage":{"@id":"https:\/\/www.transtoyou.com\/et\/product\/doxycycline\/#primaryimage"},"image":{"@id":"https:\/\/www.transtoyou.com\/et\/product\/doxycycline\/#primaryimage"},"thumbnailUrl":"https:\/\/www.transtoyou.com\/et\/wp-content\/uploads\/sites\/7\/2026\/01\/tty-no-product-image-154.webp","datePublished":"2026-01-25T17:10:48+00:00","dateModified":"2026-01-25T17:12:34+00:00","description":"Doks\u00fcts\u00fckliin, mitmek\u00fclgne antibiootikum bakteriaalsete infektsioonide raviks, on saadaval Transtoyou. Ohutu, t\u00f5hus ja registreeritud arstide poolt v\u00e4lja kirjutatud.","breadcrumb":{"@id":"https:\/\/www.transtoyou.com\/et\/product\/doxycycline\/#breadcrumb"},"inLanguage":"et","potentialAction":[{"@type":"ReadAction","target":["https:\/\/www.transtoyou.com\/et\/product\/doxycycline\/"]}]},{"@type":"ImageObject","inLanguage":"et","@id":"https:\/\/www.transtoyou.com\/et\/product\/doxycycline\/#primaryimage","url":"https:\/\/www.transtoyou.com\/et\/wp-content\/uploads\/sites\/7\/2026\/01\/tty-no-product-image-154.webp","contentUrl":"https:\/\/www.transtoyou.com\/et\/wp-content\/uploads\/sites\/7\/2026\/01\/tty-no-product-image-154.webp","width":1000,"height":1000,"caption":"Vaikimisi toote pilt"},{"@type":"WebSite","@id":"https:\/\/www.transtoyou.com\/et\/#website","url":"https:\/\/www.transtoyou.com\/et\/","name":"Transtoyou - ET","description":"","publisher":{"@id":"https:\/\/www.transtoyou.com\/et\/#organization"},"potentialAction":[{"@type":"SearchAction","target":{"@type":"EntryPoint","urlTemplate":"https:\/\/www.transtoyou.com\/et\/?s={search_term_string}"},"query-input":{"@type":"PropertyValueSpecification","valueRequired":true,"valueName":"search_term_string"}}],"inLanguage":"et"},{"@type":"Organization","@id":"https:\/\/www.transtoyou.com\/et\/#organization","name":"Transtoyou - ET","url":"https:\/\/www.transtoyou.com\/et\/","logo":{"@type":"ImageObject","inLanguage":"et","@id":"https:\/\/www.transtoyou.com\/et\/#\/schema\/logo\/image\/","url":"https:\/\/www.transtoyou.com\/et\/wp-content\/uploads\/sites\/7\/2026\/01\/logo-tty-menu-bar-300x87-1.webp","contentUrl":"https:\/\/www.transtoyou.com\/et\/wp-content\/uploads\/sites\/7\/2026\/01\/logo-tty-menu-bar-300x87-1.webp","width":300,"height":87,"caption":"Transtoyou - ET"},"image":{"@id":"https:\/\/www.transtoyou.com\/et\/#\/schema\/logo\/image\/"}}]}},"_links":{"self":[{"href":"https:\/\/www.transtoyou.com\/et\/wp-json\/wp\/v2\/product\/1172","targetHints":{"allow":["GET"]}}],"collection":[{"href":"https:\/\/www.transtoyou.com\/et\/wp-json\/wp\/v2\/product"}],"about":[{"href":"https:\/\/www.transtoyou.com\/et\/wp-json\/wp\/v2\/types\/product"}],"replies":[{"embeddable":true,"href":"https:\/\/www.transtoyou.com\/et\/wp-json\/wp\/v2\/comments?post=1172"}],"wp:featuredmedia":[{"embeddable":true,"href":"https:\/\/www.transtoyou.com\/et\/wp-json\/wp\/v2\/media\/1174"}],"wp:attachment":[{"href":"https:\/\/www.transtoyou.com\/et\/wp-json\/wp\/v2\/media?parent=1172"}],"wp:term":[{"taxonomy":"product_brand","embeddable":true,"href":"https:\/\/www.transtoyou.com\/et\/wp-json\/wp\/v2\/product_brand?post=1172"},{"taxonomy":"product_cat","embeddable":true,"href":"https:\/\/www.transtoyou.com\/et\/wp-json\/wp\/v2\/product_cat?post=1172"},{"taxonomy":"product_tag","embeddable":true,"href":"https:\/\/www.transtoyou.com\/et\/wp-json\/wp\/v2\/product_tag?post=1172"},{"taxonomy":"expert","embeddable":true,"href":"https:\/\/www.transtoyou.com\/et\/wp-json\/wp\/v2\/expert?post=1172"}],"curies":[{"name":"wp","href":"https:\/\/api.w.org\/{rel}","templated":true}]}}