{"id":1181,"date":"2026-01-25T20:20:06","date_gmt":"2026-01-25T18:20:06","guid":{"rendered":"https:\/\/www.transtoyou.com\/et\/product\/antabuse\/"},"modified":"2026-01-25T20:21:17","modified_gmt":"2026-01-25T18:21:17","slug":"antabuse","status":"publish","type":"product","link":"https:\/\/www.transtoyou.com\/et\/product\/antabuse\/","title":{"rendered":"Antabuse"},"content":{"rendered":"<p>Antabuse (disulfiraam) on retseptiravim, mis on m\u00f5eldud toetama inimesi nende taastumisel alkoholi s\u00f5ltuvusest. See toimib, tekitades \u00e4geda tundlikkuse alkoholi suhtes. Kui alkoholi tarbitakse Antabuse&#8217;i v\u00f5tmise ajal, p\u00f5hjustab see ebameeldivaid efekte, nagu iiveldus, n\u00e4o punetus ja kiire s\u00fcdamepekslemine, mis takistab edasist alkoholi tarbimist.<\/p>\n<p>Antabuse&#8217;t kasutatakse tavaliselt osana terviklikust raviplaanist, mis h\u00f5lmab n\u00f5ustamist ja tugiprogramme. See ei ole alkoholismi ravi, vaid toimib kui t\u00f5rjevahend joomise vastu, aidates inimestel s\u00e4ilitada kainust.<\/p>\n<p>Antabuse&#8217;t m\u00e4\u00e4ratakse tavaliselt pikaajaliseks kasutamiseks rangete meditsiiniliste juhiste all, et tagada j\u00e4rgimine ja efektiivsus. See on saadaval tablettide kujul ja v\u00f5etakse suu kaudu \u00fcks kord p\u00e4evas, eelistatavalt hommikul.<\/p>\n<p>Levinud k\u00f5rvaltoimed h\u00f5lmavad uimasust, peavalu ja metallilist maitset suus. Haruldased, kuid t\u00f5sised k\u00f5rvaltoimed v\u00f5ivad h\u00f5lmata maksatoksiilisust, mis n\u00f5uab raviperioodil maksa funktsiooni regulaarset j\u00e4lgimist. Antabuse&#8217;t ei tohi kunagi v\u00f5tta koos alkoholi v\u00f5i alkoholisisaldusega toodetega, nagu teatud k\u00f6hasiirupid v\u00f5i kastmed.<\/p>\n","protected":false},"excerpt":{"rendered":"<ul>\n<li>Toetab taastumist alkoholi s\u00f5ltuvusest<\/li>\n<li>Toimib joobumise t\u00f5rjuna<\/li>\n<li>Osa terviklikust raviplaanist<\/li>\n<\/ul>\n","protected":false},"featured_media":1183,"comment_status":"open","ping_status":"closed","template":"","meta":[],"product_brand":[],"product_cat":[92],"product_tag":[],"expert":[19],"class_list":{"0":"post-1181","1":"product","2":"type-product","3":"status-publish","4":"has-post-thumbnail","6":"product_cat-alkoholi-taastumise-abivahendid","7":"expert-dr-j-vazquez","9":"first","10":"instock","11":"shipping-taxable","12":"product-type-variable"},"yoast_head":"<!-- This site is optimized with the Yoast SEO plugin v27.0 - https:\/\/yoast.com\/product\/yoast-seo-wordpress\/ -->\n<title>Antabuse | Toetage kainust t\u00f5husalt - Transtoyou<\/title>\n<meta name=\"description\" content=\"Avasta Antabuse, retseptiravim alkoholi s\u00f5ltuvuse jaoks, saadaval Transtoyou&#039;s. Toetab kainust arsti j\u00e4relevalve all. Uuri rohkem t\u00e4na.\" \/>\n<meta name=\"robots\" content=\"noindex, follow, max-snippet:-1, max-image-preview:large, max-video-preview:-1\" \/>\n<meta property=\"og:locale\" content=\"et_EE\" \/>\n<meta property=\"og:type\" content=\"article\" \/>\n<meta property=\"og:title\" content=\"Antabuse | Toetage kainust t\u00f5husalt - Transtoyou\" \/>\n<meta property=\"og:description\" content=\"Avasta Antabuse, retseptiravim alkoholi s\u00f5ltuvuse jaoks, saadaval Transtoyou&#039;s. Toetab kainust arsti j\u00e4relevalve all. Uuri rohkem t\u00e4na.\" \/>\n<meta property=\"og:url\" content=\"https:\/\/www.transtoyou.com\/et\/product\/antabuse\/\" \/>\n<meta property=\"og:site_name\" content=\"Transtoyou - ET\" \/>\n<meta property=\"article:modified_time\" content=\"2026-01-25T18:21:17+00:00\" \/>\n<meta name=\"twitter:card\" content=\"summary_large_image\" \/>\n<meta name=\"twitter:label1\" content=\"Est. reading time\" \/>\n\t<meta name=\"twitter:data1\" content=\"1 minut\" \/>\n<script type=\"application\/ld+json\" class=\"yoast-schema-graph\">{\"@context\":\"https:\/\/schema.org\",\"@graph\":[{\"@type\":\"WebPage\",\"@id\":\"https:\/\/www.transtoyou.com\/et\/product\/antabuse\/\",\"url\":\"https:\/\/www.transtoyou.com\/et\/product\/antabuse\/\",\"name\":\"Antabuse | Toetage kainust t\u00f5husalt - Transtoyou\",\"isPartOf\":{\"@id\":\"https:\/\/www.transtoyou.com\/et\/#website\"},\"primaryImageOfPage\":{\"@id\":\"https:\/\/www.transtoyou.com\/et\/product\/antabuse\/#primaryimage\"},\"image\":{\"@id\":\"https:\/\/www.transtoyou.com\/et\/product\/antabuse\/#primaryimage\"},\"thumbnailUrl\":\"https:\/\/www.transtoyou.com\/et\/wp-content\/uploads\/sites\/7\/2026\/01\/tty-no-product-image-157.webp\",\"datePublished\":\"2026-01-25T18:20:06+00:00\",\"dateModified\":\"2026-01-25T18:21:17+00:00\",\"description\":\"Avasta Antabuse, retseptiravim alkoholi s\u00f5ltuvuse jaoks, saadaval Transtoyou's. Toetab kainust arsti j\u00e4relevalve all. Uuri rohkem t\u00e4na.\",\"breadcrumb\":{\"@id\":\"https:\/\/www.transtoyou.com\/et\/product\/antabuse\/#breadcrumb\"},\"inLanguage\":\"et\",\"potentialAction\":[{\"@type\":\"ReadAction\",\"target\":[\"https:\/\/www.transtoyou.com\/et\/product\/antabuse\/\"]}]},{\"@type\":\"ImageObject\",\"inLanguage\":\"et\",\"@id\":\"https:\/\/www.transtoyou.com\/et\/product\/antabuse\/#primaryimage\",\"url\":\"https:\/\/www.transtoyou.com\/et\/wp-content\/uploads\/sites\/7\/2026\/01\/tty-no-product-image-157.webp\",\"contentUrl\":\"https:\/\/www.transtoyou.com\/et\/wp-content\/uploads\/sites\/7\/2026\/01\/tty-no-product-image-157.webp\",\"width\":1000,\"height\":1000,\"caption\":\"Vaikimisi toote pilt\"},{\"@type\":\"WebSite\",\"@id\":\"https:\/\/www.transtoyou.com\/et\/#website\",\"url\":\"https:\/\/www.transtoyou.com\/et\/\",\"name\":\"Transtoyou - ET\",\"description\":\"\",\"publisher\":{\"@id\":\"https:\/\/www.transtoyou.com\/et\/#organization\"},\"potentialAction\":[{\"@type\":\"SearchAction\",\"target\":{\"@type\":\"EntryPoint\",\"urlTemplate\":\"https:\/\/www.transtoyou.com\/et\/?s={search_term_string}\"},\"query-input\":{\"@type\":\"PropertyValueSpecification\",\"valueRequired\":true,\"valueName\":\"search_term_string\"}}],\"inLanguage\":\"et\"},{\"@type\":\"Organization\",\"@id\":\"https:\/\/www.transtoyou.com\/et\/#organization\",\"name\":\"Transtoyou - ET\",\"url\":\"https:\/\/www.transtoyou.com\/et\/\",\"logo\":{\"@type\":\"ImageObject\",\"inLanguage\":\"et\",\"@id\":\"https:\/\/www.transtoyou.com\/et\/#\/schema\/logo\/image\/\",\"url\":\"https:\/\/www.transtoyou.com\/et\/wp-content\/uploads\/sites\/7\/2026\/01\/logo-tty-menu-bar-300x87-1.webp\",\"contentUrl\":\"https:\/\/www.transtoyou.com\/et\/wp-content\/uploads\/sites\/7\/2026\/01\/logo-tty-menu-bar-300x87-1.webp\",\"width\":300,\"height\":87,\"caption\":\"Transtoyou - ET\"},\"image\":{\"@id\":\"https:\/\/www.transtoyou.com\/et\/#\/schema\/logo\/image\/\"}}]}<\/script>\n<!-- \/ Yoast SEO plugin. -->","yoast_head_json":{"title":"Antabuse | Toetage kainust t\u00f5husalt - Transtoyou","description":"Avasta Antabuse, retseptiravim alkoholi s\u00f5ltuvuse jaoks, saadaval Transtoyou's. Toetab kainust arsti j\u00e4relevalve all. Uuri rohkem t\u00e4na.","robots":{"index":"noindex","follow":"follow","max-snippet":"max-snippet:-1","max-image-preview":"max-image-preview:large","max-video-preview":"max-video-preview:-1"},"og_locale":"et_EE","og_type":"article","og_title":"Antabuse | Toetage kainust t\u00f5husalt - Transtoyou","og_description":"Avasta Antabuse, retseptiravim alkoholi s\u00f5ltuvuse jaoks, saadaval Transtoyou's. Toetab kainust arsti j\u00e4relevalve all. Uuri rohkem t\u00e4na.","og_url":"https:\/\/www.transtoyou.com\/et\/product\/antabuse\/","og_site_name":"Transtoyou - ET","article_modified_time":"2026-01-25T18:21:17+00:00","twitter_card":"summary_large_image","twitter_misc":{"Est. reading time":"1 minut"},"schema":{"@context":"https:\/\/schema.org","@graph":[{"@type":"WebPage","@id":"https:\/\/www.transtoyou.com\/et\/product\/antabuse\/","url":"https:\/\/www.transtoyou.com\/et\/product\/antabuse\/","name":"Antabuse | Toetage kainust t\u00f5husalt - Transtoyou","isPartOf":{"@id":"https:\/\/www.transtoyou.com\/et\/#website"},"primaryImageOfPage":{"@id":"https:\/\/www.transtoyou.com\/et\/product\/antabuse\/#primaryimage"},"image":{"@id":"https:\/\/www.transtoyou.com\/et\/product\/antabuse\/#primaryimage"},"thumbnailUrl":"https:\/\/www.transtoyou.com\/et\/wp-content\/uploads\/sites\/7\/2026\/01\/tty-no-product-image-157.webp","datePublished":"2026-01-25T18:20:06+00:00","dateModified":"2026-01-25T18:21:17+00:00","description":"Avasta Antabuse, retseptiravim alkoholi s\u00f5ltuvuse jaoks, saadaval Transtoyou's. Toetab kainust arsti j\u00e4relevalve all. Uuri rohkem t\u00e4na.","breadcrumb":{"@id":"https:\/\/www.transtoyou.com\/et\/product\/antabuse\/#breadcrumb"},"inLanguage":"et","potentialAction":[{"@type":"ReadAction","target":["https:\/\/www.transtoyou.com\/et\/product\/antabuse\/"]}]},{"@type":"ImageObject","inLanguage":"et","@id":"https:\/\/www.transtoyou.com\/et\/product\/antabuse\/#primaryimage","url":"https:\/\/www.transtoyou.com\/et\/wp-content\/uploads\/sites\/7\/2026\/01\/tty-no-product-image-157.webp","contentUrl":"https:\/\/www.transtoyou.com\/et\/wp-content\/uploads\/sites\/7\/2026\/01\/tty-no-product-image-157.webp","width":1000,"height":1000,"caption":"Vaikimisi toote pilt"},{"@type":"WebSite","@id":"https:\/\/www.transtoyou.com\/et\/#website","url":"https:\/\/www.transtoyou.com\/et\/","name":"Transtoyou - ET","description":"","publisher":{"@id":"https:\/\/www.transtoyou.com\/et\/#organization"},"potentialAction":[{"@type":"SearchAction","target":{"@type":"EntryPoint","urlTemplate":"https:\/\/www.transtoyou.com\/et\/?s={search_term_string}"},"query-input":{"@type":"PropertyValueSpecification","valueRequired":true,"valueName":"search_term_string"}}],"inLanguage":"et"},{"@type":"Organization","@id":"https:\/\/www.transtoyou.com\/et\/#organization","name":"Transtoyou - ET","url":"https:\/\/www.transtoyou.com\/et\/","logo":{"@type":"ImageObject","inLanguage":"et","@id":"https:\/\/www.transtoyou.com\/et\/#\/schema\/logo\/image\/","url":"https:\/\/www.transtoyou.com\/et\/wp-content\/uploads\/sites\/7\/2026\/01\/logo-tty-menu-bar-300x87-1.webp","contentUrl":"https:\/\/www.transtoyou.com\/et\/wp-content\/uploads\/sites\/7\/2026\/01\/logo-tty-menu-bar-300x87-1.webp","width":300,"height":87,"caption":"Transtoyou - ET"},"image":{"@id":"https:\/\/www.transtoyou.com\/et\/#\/schema\/logo\/image\/"}}]}},"_links":{"self":[{"href":"https:\/\/www.transtoyou.com\/et\/wp-json\/wp\/v2\/product\/1181","targetHints":{"allow":["GET"]}}],"collection":[{"href":"https:\/\/www.transtoyou.com\/et\/wp-json\/wp\/v2\/product"}],"about":[{"href":"https:\/\/www.transtoyou.com\/et\/wp-json\/wp\/v2\/types\/product"}],"replies":[{"embeddable":true,"href":"https:\/\/www.transtoyou.com\/et\/wp-json\/wp\/v2\/comments?post=1181"}],"wp:featuredmedia":[{"embeddable":true,"href":"https:\/\/www.transtoyou.com\/et\/wp-json\/wp\/v2\/media\/1183"}],"wp:attachment":[{"href":"https:\/\/www.transtoyou.com\/et\/wp-json\/wp\/v2\/media?parent=1181"}],"wp:term":[{"taxonomy":"product_brand","embeddable":true,"href":"https:\/\/www.transtoyou.com\/et\/wp-json\/wp\/v2\/product_brand?post=1181"},{"taxonomy":"product_cat","embeddable":true,"href":"https:\/\/www.transtoyou.com\/et\/wp-json\/wp\/v2\/product_cat?post=1181"},{"taxonomy":"product_tag","embeddable":true,"href":"https:\/\/www.transtoyou.com\/et\/wp-json\/wp\/v2\/product_tag?post=1181"},{"taxonomy":"expert","embeddable":true,"href":"https:\/\/www.transtoyou.com\/et\/wp-json\/wp\/v2\/expert?post=1181"}],"curies":[{"name":"wp","href":"https:\/\/api.w.org\/{rel}","templated":true}]}}