{"id":1184,"date":"2026-01-25T20:37:13","date_gmt":"2026-01-25T18:37:13","guid":{"rendered":"https:\/\/www.transtoyou.com\/et\/product\/grazax\/"},"modified":"2026-01-25T20:38:26","modified_gmt":"2026-01-25T18:38:26","slug":"grazax","status":"publish","type":"product","link":"https:\/\/www.transtoyou.com\/et\/product\/grazax\/","title":{"rendered":"Grazax"},"content":{"rendered":"<p>Grazax on sublingva immunoteraapia (SLIT) tablett, mis on m\u00f5eldud heinapolleni allergiate raviks, desensibiliseerides immuuns\u00fcsteemi j\u00e4rk-j\u00e4rgult heinapolleni allergeenide suhtes. See sisaldab standardset allergeeni ekstrakti Timothy heina pollenist, aidates aja jooksul v\u00e4hendada allergiliste reaktsioonide t\u00f5sidust.<\/p>\n<p>Grazax&#8217;i m\u00e4\u00e4ratakse tavaliselt inimestele, kellel on rasked heinapolleni allergiad, mis m\u00f5jutavad oluliselt nende elukvaliteeti. Seda v\u00f5etakse \u00fcks kord p\u00e4evas, alustades mitu kuud enne ja j\u00e4tkates kogu heinapolleni hooaja v\u00e4ltel parima efektiivsuse saavutamiseks.<\/p>\n<p>Ravi toimib, kokkupuutes immuuns\u00fcsteem v\u00e4ikeste, kontrollitud annustega heinapolleni allergeenidest, v\u00e4hendades keha tundlikkust ja pakkudes pikaajalist leevendust. Grazax on k\u00f5ige t\u00f5husam, kui seda kasutatakse osana terviklikust allergia juhtimise plaanist, mis h\u00f5lmab allergeenide v\u00e4ltimist ja teiste ravimite kasutamist vastavalt vajadusele.<\/p>\n<p>Levinud k\u00f5rvaltoimed h\u00f5lmavad kerget s\u00fcgelust v\u00f5i turset suus, kurgu\u00e4rritust v\u00f5i seedetrakti ebamugavust, mis tavaliselt kaovad, kui keha harjub raviga.<\/p>\n","protected":false},"excerpt":{"rendered":"<ul>\n<li>V\u00e4hendab rohupolleniallergia s\u00fcmptomeid<\/li>\n<li>Desensibiliseerib immuuns\u00fcsteemi<\/li>\n<li>Mugav \u00fcks kord p\u00e4evas manustatav sublingvaalne tablett<\/li>\n<\/ul>\n","protected":false},"featured_media":1186,"comment_status":"open","ping_status":"closed","template":"","meta":[],"product_brand":[],"product_cat":[94],"product_tag":[],"expert":[19],"class_list":{"0":"post-1184","1":"product","2":"type-product","3":"status-publish","4":"has-post-thumbnail","6":"product_cat-allergia-ja-heinapalaviku-leevendamine","7":"expert-dr-j-vazquez","9":"first","10":"instock","11":"shipping-taxable","12":"product-type-variable"},"yoast_head":"<!-- This site is optimized with the Yoast SEO plugin v27.0 - https:\/\/yoast.com\/product\/yoast-seo-wordpress\/ -->\n<title>Grazax | Allergia Leevendus ja Immuunsuse Tugi - Transtoyou<\/title>\n<meta name=\"description\" content=\"Avasta Grazax, SLIT-tablett rohu \u00f5ietolmuallergia leevendamiseks. Paranda oma elu pikaajalise desensibiliseerimisega. Osta n\u00fc\u00fcd Transtoyou&#039;s.\" \/>\n<meta name=\"robots\" content=\"noindex, follow, max-snippet:-1, max-image-preview:large, max-video-preview:-1\" \/>\n<meta property=\"og:locale\" content=\"et_EE\" \/>\n<meta property=\"og:type\" content=\"article\" \/>\n<meta property=\"og:title\" content=\"Grazax | Allergia Leevendus ja Immuunsuse Tugi - Transtoyou\" \/>\n<meta property=\"og:description\" content=\"Avasta Grazax, SLIT-tablett rohu \u00f5ietolmuallergia leevendamiseks. Paranda oma elu pikaajalise desensibiliseerimisega. Osta n\u00fc\u00fcd Transtoyou&#039;s.\" \/>\n<meta property=\"og:url\" content=\"https:\/\/www.transtoyou.com\/et\/product\/grazax\/\" \/>\n<meta property=\"og:site_name\" content=\"Transtoyou - ET\" \/>\n<meta property=\"article:modified_time\" content=\"2026-01-25T18:38:26+00:00\" \/>\n<meta name=\"twitter:card\" content=\"summary_large_image\" \/>\n<meta name=\"twitter:label1\" content=\"Est. reading time\" \/>\n\t<meta name=\"twitter:data1\" content=\"1 minut\" \/>\n<script type=\"application\/ld+json\" class=\"yoast-schema-graph\">{\"@context\":\"https:\/\/schema.org\",\"@graph\":[{\"@type\":\"WebPage\",\"@id\":\"https:\/\/www.transtoyou.com\/et\/product\/grazax\/\",\"url\":\"https:\/\/www.transtoyou.com\/et\/product\/grazax\/\",\"name\":\"Grazax | Allergia Leevendus ja Immuunsuse Tugi - Transtoyou\",\"isPartOf\":{\"@id\":\"https:\/\/www.transtoyou.com\/et\/#website\"},\"primaryImageOfPage\":{\"@id\":\"https:\/\/www.transtoyou.com\/et\/product\/grazax\/#primaryimage\"},\"image\":{\"@id\":\"https:\/\/www.transtoyou.com\/et\/product\/grazax\/#primaryimage\"},\"thumbnailUrl\":\"https:\/\/www.transtoyou.com\/et\/wp-content\/uploads\/sites\/7\/2026\/01\/tty-no-product-image-158.webp\",\"datePublished\":\"2026-01-25T18:37:13+00:00\",\"dateModified\":\"2026-01-25T18:38:26+00:00\",\"description\":\"Avasta Grazax, SLIT-tablett rohu \u00f5ietolmuallergia leevendamiseks. Paranda oma elu pikaajalise desensibiliseerimisega. Osta n\u00fc\u00fcd Transtoyou's.\",\"breadcrumb\":{\"@id\":\"https:\/\/www.transtoyou.com\/et\/product\/grazax\/#breadcrumb\"},\"inLanguage\":\"et\",\"potentialAction\":[{\"@type\":\"ReadAction\",\"target\":[\"https:\/\/www.transtoyou.com\/et\/product\/grazax\/\"]}]},{\"@type\":\"ImageObject\",\"inLanguage\":\"et\",\"@id\":\"https:\/\/www.transtoyou.com\/et\/product\/grazax\/#primaryimage\",\"url\":\"https:\/\/www.transtoyou.com\/et\/wp-content\/uploads\/sites\/7\/2026\/01\/tty-no-product-image-158.webp\",\"contentUrl\":\"https:\/\/www.transtoyou.com\/et\/wp-content\/uploads\/sites\/7\/2026\/01\/tty-no-product-image-158.webp\",\"width\":1000,\"height\":1000,\"caption\":\"Vaikimisi toote pilt\"},{\"@type\":\"WebSite\",\"@id\":\"https:\/\/www.transtoyou.com\/et\/#website\",\"url\":\"https:\/\/www.transtoyou.com\/et\/\",\"name\":\"Transtoyou - ET\",\"description\":\"\",\"publisher\":{\"@id\":\"https:\/\/www.transtoyou.com\/et\/#organization\"},\"potentialAction\":[{\"@type\":\"SearchAction\",\"target\":{\"@type\":\"EntryPoint\",\"urlTemplate\":\"https:\/\/www.transtoyou.com\/et\/?s={search_term_string}\"},\"query-input\":{\"@type\":\"PropertyValueSpecification\",\"valueRequired\":true,\"valueName\":\"search_term_string\"}}],\"inLanguage\":\"et\"},{\"@type\":\"Organization\",\"@id\":\"https:\/\/www.transtoyou.com\/et\/#organization\",\"name\":\"Transtoyou - ET\",\"url\":\"https:\/\/www.transtoyou.com\/et\/\",\"logo\":{\"@type\":\"ImageObject\",\"inLanguage\":\"et\",\"@id\":\"https:\/\/www.transtoyou.com\/et\/#\/schema\/logo\/image\/\",\"url\":\"https:\/\/www.transtoyou.com\/et\/wp-content\/uploads\/sites\/7\/2026\/01\/logo-tty-menu-bar-300x87-1.webp\",\"contentUrl\":\"https:\/\/www.transtoyou.com\/et\/wp-content\/uploads\/sites\/7\/2026\/01\/logo-tty-menu-bar-300x87-1.webp\",\"width\":300,\"height\":87,\"caption\":\"Transtoyou - ET\"},\"image\":{\"@id\":\"https:\/\/www.transtoyou.com\/et\/#\/schema\/logo\/image\/\"}}]}<\/script>\n<!-- \/ Yoast SEO plugin. -->","yoast_head_json":{"title":"Grazax | Allergia Leevendus ja Immuunsuse Tugi - Transtoyou","description":"Avasta Grazax, SLIT-tablett rohu \u00f5ietolmuallergia leevendamiseks. Paranda oma elu pikaajalise desensibiliseerimisega. Osta n\u00fc\u00fcd Transtoyou's.","robots":{"index":"noindex","follow":"follow","max-snippet":"max-snippet:-1","max-image-preview":"max-image-preview:large","max-video-preview":"max-video-preview:-1"},"og_locale":"et_EE","og_type":"article","og_title":"Grazax | Allergia Leevendus ja Immuunsuse Tugi - Transtoyou","og_description":"Avasta Grazax, SLIT-tablett rohu \u00f5ietolmuallergia leevendamiseks. Paranda oma elu pikaajalise desensibiliseerimisega. Osta n\u00fc\u00fcd Transtoyou's.","og_url":"https:\/\/www.transtoyou.com\/et\/product\/grazax\/","og_site_name":"Transtoyou - ET","article_modified_time":"2026-01-25T18:38:26+00:00","twitter_card":"summary_large_image","twitter_misc":{"Est. reading time":"1 minut"},"schema":{"@context":"https:\/\/schema.org","@graph":[{"@type":"WebPage","@id":"https:\/\/www.transtoyou.com\/et\/product\/grazax\/","url":"https:\/\/www.transtoyou.com\/et\/product\/grazax\/","name":"Grazax | Allergia Leevendus ja Immuunsuse Tugi - Transtoyou","isPartOf":{"@id":"https:\/\/www.transtoyou.com\/et\/#website"},"primaryImageOfPage":{"@id":"https:\/\/www.transtoyou.com\/et\/product\/grazax\/#primaryimage"},"image":{"@id":"https:\/\/www.transtoyou.com\/et\/product\/grazax\/#primaryimage"},"thumbnailUrl":"https:\/\/www.transtoyou.com\/et\/wp-content\/uploads\/sites\/7\/2026\/01\/tty-no-product-image-158.webp","datePublished":"2026-01-25T18:37:13+00:00","dateModified":"2026-01-25T18:38:26+00:00","description":"Avasta Grazax, SLIT-tablett rohu \u00f5ietolmuallergia leevendamiseks. Paranda oma elu pikaajalise desensibiliseerimisega. Osta n\u00fc\u00fcd Transtoyou's.","breadcrumb":{"@id":"https:\/\/www.transtoyou.com\/et\/product\/grazax\/#breadcrumb"},"inLanguage":"et","potentialAction":[{"@type":"ReadAction","target":["https:\/\/www.transtoyou.com\/et\/product\/grazax\/"]}]},{"@type":"ImageObject","inLanguage":"et","@id":"https:\/\/www.transtoyou.com\/et\/product\/grazax\/#primaryimage","url":"https:\/\/www.transtoyou.com\/et\/wp-content\/uploads\/sites\/7\/2026\/01\/tty-no-product-image-158.webp","contentUrl":"https:\/\/www.transtoyou.com\/et\/wp-content\/uploads\/sites\/7\/2026\/01\/tty-no-product-image-158.webp","width":1000,"height":1000,"caption":"Vaikimisi toote pilt"},{"@type":"WebSite","@id":"https:\/\/www.transtoyou.com\/et\/#website","url":"https:\/\/www.transtoyou.com\/et\/","name":"Transtoyou - ET","description":"","publisher":{"@id":"https:\/\/www.transtoyou.com\/et\/#organization"},"potentialAction":[{"@type":"SearchAction","target":{"@type":"EntryPoint","urlTemplate":"https:\/\/www.transtoyou.com\/et\/?s={search_term_string}"},"query-input":{"@type":"PropertyValueSpecification","valueRequired":true,"valueName":"search_term_string"}}],"inLanguage":"et"},{"@type":"Organization","@id":"https:\/\/www.transtoyou.com\/et\/#organization","name":"Transtoyou - ET","url":"https:\/\/www.transtoyou.com\/et\/","logo":{"@type":"ImageObject","inLanguage":"et","@id":"https:\/\/www.transtoyou.com\/et\/#\/schema\/logo\/image\/","url":"https:\/\/www.transtoyou.com\/et\/wp-content\/uploads\/sites\/7\/2026\/01\/logo-tty-menu-bar-300x87-1.webp","contentUrl":"https:\/\/www.transtoyou.com\/et\/wp-content\/uploads\/sites\/7\/2026\/01\/logo-tty-menu-bar-300x87-1.webp","width":300,"height":87,"caption":"Transtoyou - ET"},"image":{"@id":"https:\/\/www.transtoyou.com\/et\/#\/schema\/logo\/image\/"}}]}},"_links":{"self":[{"href":"https:\/\/www.transtoyou.com\/et\/wp-json\/wp\/v2\/product\/1184","targetHints":{"allow":["GET"]}}],"collection":[{"href":"https:\/\/www.transtoyou.com\/et\/wp-json\/wp\/v2\/product"}],"about":[{"href":"https:\/\/www.transtoyou.com\/et\/wp-json\/wp\/v2\/types\/product"}],"replies":[{"embeddable":true,"href":"https:\/\/www.transtoyou.com\/et\/wp-json\/wp\/v2\/comments?post=1184"}],"wp:featuredmedia":[{"embeddable":true,"href":"https:\/\/www.transtoyou.com\/et\/wp-json\/wp\/v2\/media\/1186"}],"wp:attachment":[{"href":"https:\/\/www.transtoyou.com\/et\/wp-json\/wp\/v2\/media?parent=1184"}],"wp:term":[{"taxonomy":"product_brand","embeddable":true,"href":"https:\/\/www.transtoyou.com\/et\/wp-json\/wp\/v2\/product_brand?post=1184"},{"taxonomy":"product_cat","embeddable":true,"href":"https:\/\/www.transtoyou.com\/et\/wp-json\/wp\/v2\/product_cat?post=1184"},{"taxonomy":"product_tag","embeddable":true,"href":"https:\/\/www.transtoyou.com\/et\/wp-json\/wp\/v2\/product_tag?post=1184"},{"taxonomy":"expert","embeddable":true,"href":"https:\/\/www.transtoyou.com\/et\/wp-json\/wp\/v2\/expert?post=1184"}],"curies":[{"name":"wp","href":"https:\/\/api.w.org\/{rel}","templated":true}]}}