{"id":1187,"date":"2026-01-25T20:54:42","date_gmt":"2026-01-25T18:54:42","guid":{"rendered":"https:\/\/www.transtoyou.com\/et\/product\/promethazine\/"},"modified":"2026-03-01T16:19:09","modified_gmt":"2026-03-01T14:19:09","slug":"prometaziin","status":"publish","type":"product","link":"https:\/\/www.transtoyou.com\/et\/product\/prometaziin\/","title":{"rendered":"Prometasiin"},"content":{"rendered":"<p>Prometasiin on esimese p\u00f5lvkonna antihistamiin, mida kasutatakse allergia ja heinapalaviku s\u00fcmptomite, sealhulgas aevastamise, nohu, s\u00fcgelevate v\u00f5i vesiste silmade ning nahareaktsioonide nagu n\u00f5gest\u00f5bi v\u00f5i s\u00fcgelus, juhtimiseks. See toimib, blokeerides histamiini toime, mis on kemikaal, mida vabastatakse allergiliste reaktsioonide k\u00e4igus ja mis p\u00f5hjustab p\u00f5letikku ja \u00e4rritust kehas.<\/p>\n<p>See ravim on eriti kasulik inimestele, kes kogevad m\u00f5\u00f5dukaid kuni raskeid allergilisi reaktsioone, mis m\u00f5jutavad nende elukvaliteeti v\u00f5i und. Erinevalt uuematest antihistamiinidest, omab prometasiin rahustavat toimet, mis teeb sellest kasuliku valiku neile, kelle allergias\u00fcmptomid segavad und. Seda m\u00e4\u00e4ratakse sageli ka siis, kui allergiatega kaasnevad nahaprobleemid, nagu l\u00f6\u00f6bed v\u00f5i tugev s\u00fcgelus.<\/p>\n<p>Prometasiini v\u00f5etakse tavaliselt tableti kujul \u00fcks v\u00f5i kaks korda p\u00e4evas, s\u00f5ltuvalt s\u00fcmptomite raskusastmest. T\u00e4nu oma rahustavale toimele v\u00f5etakse seda sageli \u00f5htul v\u00f5i enne magamaminekut. Rahustav toime mitte ainult ei leevenda allergias\u00fcmptomeid, vaid aitab ka kehal puhata, muutes selle eriti sobivaks \u00f6iseks kasutamiseks.<\/p>\n<p>Toimed algavad tavaliselt 20 kuni 60 minuti p\u00e4rast annuse v\u00f5tmist ja v\u00f5ivad kesta mitu tundi. M\u00f5ned inimesed v\u00f5ivad kogeda uimasust, peap\u00f6\u00f6ritust v\u00f5i suukuivust, eriti esimestel kasutamisp\u00e4evadel. Need k\u00f5rvaltoimed v\u00e4henevad sageli, kui keha kohandub. On oluline mitte juhtida autot ega kasutada masinaid p\u00e4rast prometasiini v\u00f5tmist, kuni tead, kuidas see sind m\u00f5jutab.<\/p>\n","protected":false},"excerpt":{"rendered":"<ul>\n<li>Pakub leevendust allergiate ja iivelduse korral<\/li>\n<li>Aitab hallata liikumishaigust<\/li>\n<li>V\u00f5ib aidata l\u00fchiajaliste uneprobleemide korral<\/li>\n<\/ul>\n","protected":false},"featured_media":1189,"comment_status":"open","ping_status":"closed","template":"","meta":[],"product_brand":[],"product_cat":[94],"product_tag":[],"expert":[19],"class_list":{"0":"post-1187","1":"product","2":"type-product","3":"status-publish","4":"has-post-thumbnail","6":"product_cat-allergia-ja-heinapalaviku-leevendamine","7":"expert-dr-j-vazquez","9":"first","10":"instock","11":"shipping-taxable","12":"product-type-variable"},"yoast_head":"<!-- This site is optimized with the Yoast SEO plugin v27.0 - https:\/\/yoast.com\/product\/yoast-seo-wordpress\/ -->\n<title>Prometasiin | Leevenda allergias\u00fcmptome kiiresti - Transtoyou<\/title>\n<meta name=\"description\" content=\"Prometasiin, esimese p\u00f5lvkonna antihistamiin allergia leevendamiseks ja parema une jaoks. Osta n\u00fc\u00fcd Transtoyou&#039;s. Ohutu ja t\u00f5hus!\" \/>\n<meta name=\"robots\" content=\"noindex, follow, max-snippet:-1, max-image-preview:large, max-video-preview:-1\" \/>\n<meta property=\"og:locale\" content=\"et_EE\" \/>\n<meta property=\"og:type\" content=\"article\" \/>\n<meta property=\"og:title\" content=\"Prometasiin | Leevenda allergias\u00fcmptome kiiresti - Transtoyou\" \/>\n<meta property=\"og:description\" content=\"Prometasiin, esimese p\u00f5lvkonna antihistamiin allergia leevendamiseks ja parema une jaoks. Osta n\u00fc\u00fcd Transtoyou&#039;s. Ohutu ja t\u00f5hus!\" \/>\n<meta property=\"og:url\" content=\"https:\/\/www.transtoyou.com\/et\/product\/promethazine\/\" \/>\n<meta property=\"og:site_name\" content=\"Transtoyou - ET\" \/>\n<meta property=\"article:modified_time\" content=\"2026-03-01T14:19:09+00:00\" \/>\n<meta name=\"twitter:card\" content=\"summary_large_image\" \/>\n<meta name=\"twitter:label1\" content=\"Est. reading time\" \/>\n\t<meta name=\"twitter:data1\" content=\"1 minut\" \/>\n<script type=\"application\/ld+json\" class=\"yoast-schema-graph\">{\"@context\":\"https:\/\/schema.org\",\"@graph\":[{\"@type\":\"WebPage\",\"@id\":\"https:\/\/www.transtoyou.com\/et\/product\/promethazine\/\",\"url\":\"https:\/\/www.transtoyou.com\/et\/product\/promethazine\/\",\"name\":\"Prometasiin | Leevenda allergias\u00fcmptome kiiresti - Transtoyou\",\"isPartOf\":{\"@id\":\"https:\/\/www.transtoyou.com\/et\/#website\"},\"primaryImageOfPage\":{\"@id\":\"https:\/\/www.transtoyou.com\/et\/product\/promethazine\/#primaryimage\"},\"image\":{\"@id\":\"https:\/\/www.transtoyou.com\/et\/product\/promethazine\/#primaryimage\"},\"thumbnailUrl\":\"https:\/\/www.transtoyou.com\/et\/wp-content\/uploads\/sites\/7\/2026\/01\/tty-no-product-image-159.webp\",\"datePublished\":\"2026-01-25T18:54:42+00:00\",\"dateModified\":\"2026-03-01T14:19:09+00:00\",\"description\":\"Prometasiin, esimese p\u00f5lvkonna antihistamiin allergia leevendamiseks ja parema une jaoks. Osta n\u00fc\u00fcd Transtoyou's. Ohutu ja t\u00f5hus!\",\"breadcrumb\":{\"@id\":\"https:\/\/www.transtoyou.com\/et\/product\/promethazine\/#breadcrumb\"},\"inLanguage\":\"et\",\"potentialAction\":[{\"@type\":\"ReadAction\",\"target\":[\"https:\/\/www.transtoyou.com\/et\/product\/promethazine\/\"]}]},{\"@type\":\"ImageObject\",\"inLanguage\":\"et\",\"@id\":\"https:\/\/www.transtoyou.com\/et\/product\/promethazine\/#primaryimage\",\"url\":\"https:\/\/www.transtoyou.com\/et\/wp-content\/uploads\/sites\/7\/2026\/01\/tty-no-product-image-159.webp\",\"contentUrl\":\"https:\/\/www.transtoyou.com\/et\/wp-content\/uploads\/sites\/7\/2026\/01\/tty-no-product-image-159.webp\",\"width\":1000,\"height\":1000,\"caption\":\"Vaikimisi toote pilt\"},{\"@type\":\"WebSite\",\"@id\":\"https:\/\/www.transtoyou.com\/et\/#website\",\"url\":\"https:\/\/www.transtoyou.com\/et\/\",\"name\":\"Transtoyou - ET\",\"description\":\"\",\"publisher\":{\"@id\":\"https:\/\/www.transtoyou.com\/et\/#organization\"},\"potentialAction\":[{\"@type\":\"SearchAction\",\"target\":{\"@type\":\"EntryPoint\",\"urlTemplate\":\"https:\/\/www.transtoyou.com\/et\/?s={search_term_string}\"},\"query-input\":{\"@type\":\"PropertyValueSpecification\",\"valueRequired\":true,\"valueName\":\"search_term_string\"}}],\"inLanguage\":\"et\"},{\"@type\":\"Organization\",\"@id\":\"https:\/\/www.transtoyou.com\/et\/#organization\",\"name\":\"Transtoyou - ET\",\"url\":\"https:\/\/www.transtoyou.com\/et\/\",\"logo\":{\"@type\":\"ImageObject\",\"inLanguage\":\"et\",\"@id\":\"https:\/\/www.transtoyou.com\/et\/#\/schema\/logo\/image\/\",\"url\":\"https:\/\/www.transtoyou.com\/et\/wp-content\/uploads\/sites\/7\/2026\/01\/logo-tty-menu-bar-300x87-1.webp\",\"contentUrl\":\"https:\/\/www.transtoyou.com\/et\/wp-content\/uploads\/sites\/7\/2026\/01\/logo-tty-menu-bar-300x87-1.webp\",\"width\":300,\"height\":87,\"caption\":\"Transtoyou - ET\"},\"image\":{\"@id\":\"https:\/\/www.transtoyou.com\/et\/#\/schema\/logo\/image\/\"}}]}<\/script>\n<!-- \/ Yoast SEO plugin. -->","yoast_head_json":{"title":"Prometasiin | Leevenda allergias\u00fcmptome kiiresti - Transtoyou","description":"Prometasiin, esimese p\u00f5lvkonna antihistamiin allergia leevendamiseks ja parema une jaoks. Osta n\u00fc\u00fcd Transtoyou's. Ohutu ja t\u00f5hus!","robots":{"index":"noindex","follow":"follow","max-snippet":"max-snippet:-1","max-image-preview":"max-image-preview:large","max-video-preview":"max-video-preview:-1"},"og_locale":"et_EE","og_type":"article","og_title":"Prometasiin | Leevenda allergias\u00fcmptome kiiresti - Transtoyou","og_description":"Prometasiin, esimese p\u00f5lvkonna antihistamiin allergia leevendamiseks ja parema une jaoks. Osta n\u00fc\u00fcd Transtoyou's. Ohutu ja t\u00f5hus!","og_url":"https:\/\/www.transtoyou.com\/et\/product\/promethazine\/","og_site_name":"Transtoyou - ET","article_modified_time":"2026-03-01T14:19:09+00:00","twitter_card":"summary_large_image","twitter_misc":{"Est. reading time":"1 minut"},"schema":{"@context":"https:\/\/schema.org","@graph":[{"@type":"WebPage","@id":"https:\/\/www.transtoyou.com\/et\/product\/promethazine\/","url":"https:\/\/www.transtoyou.com\/et\/product\/promethazine\/","name":"Prometasiin | Leevenda allergias\u00fcmptome kiiresti - Transtoyou","isPartOf":{"@id":"https:\/\/www.transtoyou.com\/et\/#website"},"primaryImageOfPage":{"@id":"https:\/\/www.transtoyou.com\/et\/product\/promethazine\/#primaryimage"},"image":{"@id":"https:\/\/www.transtoyou.com\/et\/product\/promethazine\/#primaryimage"},"thumbnailUrl":"https:\/\/www.transtoyou.com\/et\/wp-content\/uploads\/sites\/7\/2026\/01\/tty-no-product-image-159.webp","datePublished":"2026-01-25T18:54:42+00:00","dateModified":"2026-03-01T14:19:09+00:00","description":"Prometasiin, esimese p\u00f5lvkonna antihistamiin allergia leevendamiseks ja parema une jaoks. Osta n\u00fc\u00fcd Transtoyou's. Ohutu ja t\u00f5hus!","breadcrumb":{"@id":"https:\/\/www.transtoyou.com\/et\/product\/promethazine\/#breadcrumb"},"inLanguage":"et","potentialAction":[{"@type":"ReadAction","target":["https:\/\/www.transtoyou.com\/et\/product\/promethazine\/"]}]},{"@type":"ImageObject","inLanguage":"et","@id":"https:\/\/www.transtoyou.com\/et\/product\/promethazine\/#primaryimage","url":"https:\/\/www.transtoyou.com\/et\/wp-content\/uploads\/sites\/7\/2026\/01\/tty-no-product-image-159.webp","contentUrl":"https:\/\/www.transtoyou.com\/et\/wp-content\/uploads\/sites\/7\/2026\/01\/tty-no-product-image-159.webp","width":1000,"height":1000,"caption":"Vaikimisi toote pilt"},{"@type":"WebSite","@id":"https:\/\/www.transtoyou.com\/et\/#website","url":"https:\/\/www.transtoyou.com\/et\/","name":"Transtoyou - ET","description":"","publisher":{"@id":"https:\/\/www.transtoyou.com\/et\/#organization"},"potentialAction":[{"@type":"SearchAction","target":{"@type":"EntryPoint","urlTemplate":"https:\/\/www.transtoyou.com\/et\/?s={search_term_string}"},"query-input":{"@type":"PropertyValueSpecification","valueRequired":true,"valueName":"search_term_string"}}],"inLanguage":"et"},{"@type":"Organization","@id":"https:\/\/www.transtoyou.com\/et\/#organization","name":"Transtoyou - ET","url":"https:\/\/www.transtoyou.com\/et\/","logo":{"@type":"ImageObject","inLanguage":"et","@id":"https:\/\/www.transtoyou.com\/et\/#\/schema\/logo\/image\/","url":"https:\/\/www.transtoyou.com\/et\/wp-content\/uploads\/sites\/7\/2026\/01\/logo-tty-menu-bar-300x87-1.webp","contentUrl":"https:\/\/www.transtoyou.com\/et\/wp-content\/uploads\/sites\/7\/2026\/01\/logo-tty-menu-bar-300x87-1.webp","width":300,"height":87,"caption":"Transtoyou - ET"},"image":{"@id":"https:\/\/www.transtoyou.com\/et\/#\/schema\/logo\/image\/"}}]}},"_links":{"self":[{"href":"https:\/\/www.transtoyou.com\/et\/wp-json\/wp\/v2\/product\/1187","targetHints":{"allow":["GET"]}}],"collection":[{"href":"https:\/\/www.transtoyou.com\/et\/wp-json\/wp\/v2\/product"}],"about":[{"href":"https:\/\/www.transtoyou.com\/et\/wp-json\/wp\/v2\/types\/product"}],"replies":[{"embeddable":true,"href":"https:\/\/www.transtoyou.com\/et\/wp-json\/wp\/v2\/comments?post=1187"}],"wp:featuredmedia":[{"embeddable":true,"href":"https:\/\/www.transtoyou.com\/et\/wp-json\/wp\/v2\/media\/1189"}],"wp:attachment":[{"href":"https:\/\/www.transtoyou.com\/et\/wp-json\/wp\/v2\/media?parent=1187"}],"wp:term":[{"taxonomy":"product_brand","embeddable":true,"href":"https:\/\/www.transtoyou.com\/et\/wp-json\/wp\/v2\/product_brand?post=1187"},{"taxonomy":"product_cat","embeddable":true,"href":"https:\/\/www.transtoyou.com\/et\/wp-json\/wp\/v2\/product_cat?post=1187"},{"taxonomy":"product_tag","embeddable":true,"href":"https:\/\/www.transtoyou.com\/et\/wp-json\/wp\/v2\/product_tag?post=1187"},{"taxonomy":"expert","embeddable":true,"href":"https:\/\/www.transtoyou.com\/et\/wp-json\/wp\/v2\/expert?post=1187"}],"curies":[{"name":"wp","href":"https:\/\/api.w.org\/{rel}","templated":true}]}}