{"id":1202,"date":"2026-01-25T22:22:57","date_gmt":"2026-01-25T20:22:57","guid":{"rendered":"https:\/\/www.transtoyou.com\/et\/product\/isotretinoin\/"},"modified":"2026-02-26T11:52:49","modified_gmt":"2026-02-26T09:52:49","slug":"isotretinoiin","status":"publish","type":"product","link":"https:\/\/www.transtoyou.com\/et\/product\/isotretinoiin\/","title":{"rendered":"Isotretinoiin"},"content":{"rendered":"<p>Isotretinoiin on ravim, mida kasutatakse v\u00e4ga t\u00f5sise akne raviks, eriti selle t\u00fc\u00fcbi puhul, mis p\u00f5hjustab s\u00fcgavaid, valulikke laike (nagu ts\u00fcstid v\u00f5i s\u00f5lmed) ja ei parane kreemide v\u00f5i antibiootikumidega. Seda v\u00f5etakse tablettidena ja seda kaalutakse tavaliselt siis, kui teised ravimeetodid ei ole toiminud. Toimeaine p\u00e4rineb A-vitamiinist ja sihib akne juurp\u00f5hjuseid.<\/p>\n<p>See toimib, v\u00e4hendades naha rasun\u00e4\u00e4rmete suurust ja v\u00e4hendades nende poolt toodetava rasu (sebumi) hulka. Liigne rasu v\u00f5ib ummistada poore ja p\u00f5hjustada vistrikke. Isotretinoiin aitab samuti v\u00e4ltida surnud naharakkude kogunemist pooridesse ja v\u00e4hendab nahal aknet p\u00f5hjustavate bakterite arvu. Kuna see m\u00f5jutab korraga mitmeid p\u00f5hjuseid, v\u00f5ib see aja jooksul viia selgema naha saavutamiseni ning aidata ka armide paranemisel.<\/p>\n<p>T\u00fc\u00fcpiline ravi kestab neli kuni kuus kuud. Paljud inimesed m\u00e4rkavad selle aja jooksul oma naha j\u00e4rkj\u00e4rgulist paranemist. Siiski v\u00f5ib isotretinoiin p\u00f5hjustada k\u00f5rvaltoimeid. K\u00f5ige levinumad on kuivad huuled, kuiv nahk ja tundlikkus p\u00e4ikesevalguse suhtes. M\u00f5ned inimesed v\u00f5ivad kogeda ka ninaverejookse, liigesevalu v\u00f5i meeleolu muutusi. Kuna see v\u00f5ib samuti m\u00f5jutada maksa ja kolesterooli taset, on ravi ajal tavaliselt vajalikud v\u00f5i v\u00e4ga soovitatavad regulaarsed vereproovid.<\/p>\n<p>\u00dcks t\u00f5sisemaid riske on see, et isotretinoiin v\u00f5ib p\u00f5hjustada s\u00fcnnidefekte, kui seda v\u00f5tta raseduse ajal. Sellep\u00e4rast peavad inimesed, kes v\u00f5ivad rasestuda, kasutama usaldusv\u00e4\u00e4rset rasestumisvastast meetodit ja tegema regulaarselt rasedusteste enne ja ravi ajal. Isotretinoiini m\u00e4\u00e4ratakse ainult meditsiinilise j\u00e4relevalve all nende v\u00f5imalike k\u00f5rvaltoimete ja riskide t\u00f5ttu.<\/p>\n","protected":false},"excerpt":{"rendered":"<ul>\n<li>Potentne retinoid raske, ravile vastupidava akne jaoks<\/li>\n<li>V\u00e4hendab sebumi tootmist ja normaliseerib naharakkude uuenemist<\/li>\n<li>Tagab p\u00fcsiva paranemise naha selguses ja tekstuuris<\/li>\n<\/ul>\n","protected":false},"featured_media":1204,"comment_status":"open","ping_status":"closed","template":"","meta":[],"product_brand":[],"product_cat":[91],"product_tag":[],"expert":[21],"class_list":{"0":"post-1202","1":"product","2":"type-product","3":"status-publish","4":"has-post-thumbnail","6":"product_cat-akne","7":"expert-dr-m-sharoyko","9":"first","10":"instock","11":"shipping-taxable","12":"product-type-variable"},"yoast_head":"<!-- This site is optimized with the Yoast SEO plugin v27.0 - https:\/\/yoast.com\/product\/yoast-seo-wordpress\/ -->\n<title>Isotretinoiin | Sihtotstarbeline akne ravi - Transtoyou<\/title>\n<meta name=\"description\" content=\"Isotretinoiin, v\u00f5imas akne lahendus, sihib s\u00fcgavaid valulikke laike ja v\u00e4hendab \u00f5li tootmist. Saadaval n\u00fc\u00fcd Transtoyou&#039;s selgema naha nimel.\" \/>\n<meta name=\"robots\" content=\"noindex, follow, max-snippet:-1, max-image-preview:large, max-video-preview:-1\" \/>\n<meta property=\"og:locale\" content=\"et_EE\" \/>\n<meta property=\"og:type\" content=\"article\" \/>\n<meta property=\"og:title\" content=\"Isotretinoiin | Sihtotstarbeline akne ravi - Transtoyou\" \/>\n<meta property=\"og:description\" content=\"Isotretinoiin, v\u00f5imas akne lahendus, sihib s\u00fcgavaid valulikke laike ja v\u00e4hendab \u00f5li tootmist. Saadaval n\u00fc\u00fcd Transtoyou&#039;s selgema naha nimel.\" \/>\n<meta property=\"og:url\" content=\"https:\/\/www.transtoyou.com\/et\/product\/isotretinoin\/\" \/>\n<meta property=\"og:site_name\" content=\"Transtoyou - ET\" \/>\n<meta property=\"article:modified_time\" content=\"2026-02-26T09:52:49+00:00\" \/>\n<meta name=\"twitter:card\" content=\"summary_large_image\" \/>\n<meta name=\"twitter:label1\" content=\"Est. reading time\" \/>\n\t<meta name=\"twitter:data1\" content=\"1 minut\" \/>\n<script type=\"application\/ld+json\" class=\"yoast-schema-graph\">{\"@context\":\"https:\/\/schema.org\",\"@graph\":[{\"@type\":\"WebPage\",\"@id\":\"https:\/\/www.transtoyou.com\/et\/product\/isotretinoin\/\",\"url\":\"https:\/\/www.transtoyou.com\/et\/product\/isotretinoin\/\",\"name\":\"Isotretinoiin | Sihtotstarbeline akne ravi - Transtoyou\",\"isPartOf\":{\"@id\":\"https:\/\/www.transtoyou.com\/et\/#website\"},\"primaryImageOfPage\":{\"@id\":\"https:\/\/www.transtoyou.com\/et\/product\/isotretinoin\/#primaryimage\"},\"image\":{\"@id\":\"https:\/\/www.transtoyou.com\/et\/product\/isotretinoin\/#primaryimage\"},\"thumbnailUrl\":\"https:\/\/www.transtoyou.com\/et\/wp-content\/uploads\/sites\/7\/2026\/01\/tty-no-product-image-164.webp\",\"datePublished\":\"2026-01-25T20:22:57+00:00\",\"dateModified\":\"2026-02-26T09:52:49+00:00\",\"description\":\"Isotretinoiin, v\u00f5imas akne lahendus, sihib s\u00fcgavaid valulikke laike ja v\u00e4hendab \u00f5li tootmist. Saadaval n\u00fc\u00fcd Transtoyou's selgema naha nimel.\",\"breadcrumb\":{\"@id\":\"https:\/\/www.transtoyou.com\/et\/product\/isotretinoin\/#breadcrumb\"},\"inLanguage\":\"et\",\"potentialAction\":[{\"@type\":\"ReadAction\",\"target\":[\"https:\/\/www.transtoyou.com\/et\/product\/isotretinoin\/\"]}]},{\"@type\":\"ImageObject\",\"inLanguage\":\"et\",\"@id\":\"https:\/\/www.transtoyou.com\/et\/product\/isotretinoin\/#primaryimage\",\"url\":\"https:\/\/www.transtoyou.com\/et\/wp-content\/uploads\/sites\/7\/2026\/01\/tty-no-product-image-164.webp\",\"contentUrl\":\"https:\/\/www.transtoyou.com\/et\/wp-content\/uploads\/sites\/7\/2026\/01\/tty-no-product-image-164.webp\",\"width\":1000,\"height\":1000,\"caption\":\"Vaikimisi toote pilt\"},{\"@type\":\"WebSite\",\"@id\":\"https:\/\/www.transtoyou.com\/et\/#website\",\"url\":\"https:\/\/www.transtoyou.com\/et\/\",\"name\":\"Transtoyou - ET\",\"description\":\"\",\"publisher\":{\"@id\":\"https:\/\/www.transtoyou.com\/et\/#organization\"},\"potentialAction\":[{\"@type\":\"SearchAction\",\"target\":{\"@type\":\"EntryPoint\",\"urlTemplate\":\"https:\/\/www.transtoyou.com\/et\/?s={search_term_string}\"},\"query-input\":{\"@type\":\"PropertyValueSpecification\",\"valueRequired\":true,\"valueName\":\"search_term_string\"}}],\"inLanguage\":\"et\"},{\"@type\":\"Organization\",\"@id\":\"https:\/\/www.transtoyou.com\/et\/#organization\",\"name\":\"Transtoyou - ET\",\"url\":\"https:\/\/www.transtoyou.com\/et\/\",\"logo\":{\"@type\":\"ImageObject\",\"inLanguage\":\"et\",\"@id\":\"https:\/\/www.transtoyou.com\/et\/#\/schema\/logo\/image\/\",\"url\":\"https:\/\/www.transtoyou.com\/et\/wp-content\/uploads\/sites\/7\/2026\/01\/logo-tty-menu-bar-300x87-1.webp\",\"contentUrl\":\"https:\/\/www.transtoyou.com\/et\/wp-content\/uploads\/sites\/7\/2026\/01\/logo-tty-menu-bar-300x87-1.webp\",\"width\":300,\"height\":87,\"caption\":\"Transtoyou - ET\"},\"image\":{\"@id\":\"https:\/\/www.transtoyou.com\/et\/#\/schema\/logo\/image\/\"}}]}<\/script>\n<!-- \/ Yoast SEO plugin. -->","yoast_head_json":{"title":"Isotretinoiin | Sihtotstarbeline akne ravi - Transtoyou","description":"Isotretinoiin, v\u00f5imas akne lahendus, sihib s\u00fcgavaid valulikke laike ja v\u00e4hendab \u00f5li tootmist. Saadaval n\u00fc\u00fcd Transtoyou's selgema naha nimel.","robots":{"index":"noindex","follow":"follow","max-snippet":"max-snippet:-1","max-image-preview":"max-image-preview:large","max-video-preview":"max-video-preview:-1"},"og_locale":"et_EE","og_type":"article","og_title":"Isotretinoiin | Sihtotstarbeline akne ravi - Transtoyou","og_description":"Isotretinoiin, v\u00f5imas akne lahendus, sihib s\u00fcgavaid valulikke laike ja v\u00e4hendab \u00f5li tootmist. Saadaval n\u00fc\u00fcd Transtoyou's selgema naha nimel.","og_url":"https:\/\/www.transtoyou.com\/et\/product\/isotretinoin\/","og_site_name":"Transtoyou - ET","article_modified_time":"2026-02-26T09:52:49+00:00","twitter_card":"summary_large_image","twitter_misc":{"Est. reading time":"1 minut"},"schema":{"@context":"https:\/\/schema.org","@graph":[{"@type":"WebPage","@id":"https:\/\/www.transtoyou.com\/et\/product\/isotretinoin\/","url":"https:\/\/www.transtoyou.com\/et\/product\/isotretinoin\/","name":"Isotretinoiin | Sihtotstarbeline akne ravi - Transtoyou","isPartOf":{"@id":"https:\/\/www.transtoyou.com\/et\/#website"},"primaryImageOfPage":{"@id":"https:\/\/www.transtoyou.com\/et\/product\/isotretinoin\/#primaryimage"},"image":{"@id":"https:\/\/www.transtoyou.com\/et\/product\/isotretinoin\/#primaryimage"},"thumbnailUrl":"https:\/\/www.transtoyou.com\/et\/wp-content\/uploads\/sites\/7\/2026\/01\/tty-no-product-image-164.webp","datePublished":"2026-01-25T20:22:57+00:00","dateModified":"2026-02-26T09:52:49+00:00","description":"Isotretinoiin, v\u00f5imas akne lahendus, sihib s\u00fcgavaid valulikke laike ja v\u00e4hendab \u00f5li tootmist. Saadaval n\u00fc\u00fcd Transtoyou's selgema naha nimel.","breadcrumb":{"@id":"https:\/\/www.transtoyou.com\/et\/product\/isotretinoin\/#breadcrumb"},"inLanguage":"et","potentialAction":[{"@type":"ReadAction","target":["https:\/\/www.transtoyou.com\/et\/product\/isotretinoin\/"]}]},{"@type":"ImageObject","inLanguage":"et","@id":"https:\/\/www.transtoyou.com\/et\/product\/isotretinoin\/#primaryimage","url":"https:\/\/www.transtoyou.com\/et\/wp-content\/uploads\/sites\/7\/2026\/01\/tty-no-product-image-164.webp","contentUrl":"https:\/\/www.transtoyou.com\/et\/wp-content\/uploads\/sites\/7\/2026\/01\/tty-no-product-image-164.webp","width":1000,"height":1000,"caption":"Vaikimisi toote pilt"},{"@type":"WebSite","@id":"https:\/\/www.transtoyou.com\/et\/#website","url":"https:\/\/www.transtoyou.com\/et\/","name":"Transtoyou - ET","description":"","publisher":{"@id":"https:\/\/www.transtoyou.com\/et\/#organization"},"potentialAction":[{"@type":"SearchAction","target":{"@type":"EntryPoint","urlTemplate":"https:\/\/www.transtoyou.com\/et\/?s={search_term_string}"},"query-input":{"@type":"PropertyValueSpecification","valueRequired":true,"valueName":"search_term_string"}}],"inLanguage":"et"},{"@type":"Organization","@id":"https:\/\/www.transtoyou.com\/et\/#organization","name":"Transtoyou - ET","url":"https:\/\/www.transtoyou.com\/et\/","logo":{"@type":"ImageObject","inLanguage":"et","@id":"https:\/\/www.transtoyou.com\/et\/#\/schema\/logo\/image\/","url":"https:\/\/www.transtoyou.com\/et\/wp-content\/uploads\/sites\/7\/2026\/01\/logo-tty-menu-bar-300x87-1.webp","contentUrl":"https:\/\/www.transtoyou.com\/et\/wp-content\/uploads\/sites\/7\/2026\/01\/logo-tty-menu-bar-300x87-1.webp","width":300,"height":87,"caption":"Transtoyou - ET"},"image":{"@id":"https:\/\/www.transtoyou.com\/et\/#\/schema\/logo\/image\/"}}]}},"_links":{"self":[{"href":"https:\/\/www.transtoyou.com\/et\/wp-json\/wp\/v2\/product\/1202","targetHints":{"allow":["GET"]}}],"collection":[{"href":"https:\/\/www.transtoyou.com\/et\/wp-json\/wp\/v2\/product"}],"about":[{"href":"https:\/\/www.transtoyou.com\/et\/wp-json\/wp\/v2\/types\/product"}],"replies":[{"embeddable":true,"href":"https:\/\/www.transtoyou.com\/et\/wp-json\/wp\/v2\/comments?post=1202"}],"wp:featuredmedia":[{"embeddable":true,"href":"https:\/\/www.transtoyou.com\/et\/wp-json\/wp\/v2\/media\/1204"}],"wp:attachment":[{"href":"https:\/\/www.transtoyou.com\/et\/wp-json\/wp\/v2\/media?parent=1202"}],"wp:term":[{"taxonomy":"product_brand","embeddable":true,"href":"https:\/\/www.transtoyou.com\/et\/wp-json\/wp\/v2\/product_brand?post=1202"},{"taxonomy":"product_cat","embeddable":true,"href":"https:\/\/www.transtoyou.com\/et\/wp-json\/wp\/v2\/product_cat?post=1202"},{"taxonomy":"product_tag","embeddable":true,"href":"https:\/\/www.transtoyou.com\/et\/wp-json\/wp\/v2\/product_tag?post=1202"},{"taxonomy":"expert","embeddable":true,"href":"https:\/\/www.transtoyou.com\/et\/wp-json\/wp\/v2\/expert?post=1202"}],"curies":[{"name":"wp","href":"https:\/\/api.w.org\/{rel}","templated":true}]}}