{"id":1205,"date":"2026-01-25T22:42:04","date_gmt":"2026-01-25T20:42:04","guid":{"rendered":"https:\/\/www.transtoyou.com\/et\/product\/diane-35-dianette\/"},"modified":"2026-01-25T22:43:13","modified_gmt":"2026-01-25T20:43:13","slug":"diane-35-dianette","status":"publish","type":"product","link":"https:\/\/www.transtoyou.com\/et\/product\/diane-35-dianette\/","title":{"rendered":"Diane 35 (Dianette)"},"content":{"rendered":"<p>Diane 35 (tuntud ka kui Dianette) on kombineeritud suukaudne rasestumisvastane vahend, mis sisaldab nii \u00f6strogeeni (et\u00fc\u00fcn\u00fclestradiool) kui ka antiandrogeenset progestogeeni (ts\u00fcproteroonatsetaat). Seda m\u00e4\u00e4ratakse sageli mitte ainult rasestumisvastase vahendina, vaid ka androgeenidega seotud seisundite, nagu akne, liigse n\u00e4o- v\u00f5i kehakarvade (hirsutism) ja teatud h\u00fcperandrogeensuse tunnuste, raviks. Androgeenide tegevuse p\u00e4rssimise kaudu aitab Diane 35 v\u00e4hendada sebumi tootmist ja leevendada nahaprobleeme, aidates samal ajal reguleerida menstruaalts\u00fckleid.<\/p>\n<p>\u00d5igesti kasutatuna v\u00f5ib Diane 35 oluliselt parandada aknele kalduva naha v\u00e4limust, muutes selle m\u00f5nikord eelistatud rasestumisvastaseks vahendiks neile, kes soovivad nii rasestumisvastast kaitset kui ka sihip\u00e4rast l\u00e4henemist akne ravile. \u00d6strogeeni ja ts\u00fcproteroonatsetaadi kombinatsioon toimib mitmes punktis, sealhulgas ovulatsiooni p\u00e4rssimisel, emaka limaskesta muutmisel ja emakakaela lima paksendamisel. Need m\u00f5jud v\u00e4hendavad raseduse t\u00f5en\u00e4osust, samal ajal v\u00e4hendades androgeenseid toimeid, mis halvendavad aknet v\u00f5i soovimatut karvakasvu.<\/p>\n<p>Diane 35 v\u00f5etakse \u00fcks kord p\u00e4evas 21 p\u00e4eva jooksul, millele j\u00e4rgneb 7-p\u00e4evane paus, mille jooksul toimub tavaliselt katkestusverejooks. Seda ei soovitata pikaajaliseks rasestumisvastaseks kaitseks, v\u00e4lja arvatud juhul, kui see on spetsiaalselt ette n\u00e4htud akne v\u00f5i hirsutismi raviks.<\/p>\n","protected":false},"excerpt":{"rendered":"<ul>\n<li>Raseduse v\u00e4ltimise ja antiandrogeensed eelised<\/li>\n<li>V\u00e4hendab aknet ja soovimatuid karvu<\/li>\n<li>Koosneb \u00f6strogeenist ja ts\u00fcproteroonatsetaadist<\/li>\n<\/ul>\n","protected":false},"featured_media":1207,"comment_status":"open","ping_status":"closed","template":"","meta":[],"product_brand":[],"product_cat":[91,129,154,111],"product_tag":[],"expert":[21],"class_list":{"0":"post-1205","1":"product","2":"type-product","3":"status-publish","4":"has-post-thumbnail","6":"product_cat-akne","7":"product_cat-endometrioos","8":"product_cat-hirsutism-ja-naokarvad","9":"product_cat-kombineeritud-pill","10":"expert-dr-m-sharoyko","12":"first","13":"instock","14":"shipping-taxable","15":"product-type-variable"},"yoast_head":"<!-- This site is optimized with the Yoast SEO plugin v27.0 - https:\/\/yoast.com\/product\/yoast-seo-wordpress\/ -->\n<title>Diane 35 (Dianette) | Akne ja rasestumisvastane abi - Transtoyou<\/title>\n<meta name=\"description\" content=\"Diane 35 (Dianette) saadaval Transtoyou&#039;s, kontrollib aknet ja soovimatuid karvu, reguleerib ts\u00fckleid koos kombineeritud rasestumisvastaste eelistega.\" \/>\n<meta name=\"robots\" content=\"noindex, follow, max-snippet:-1, max-image-preview:large, max-video-preview:-1\" \/>\n<meta property=\"og:locale\" content=\"et_EE\" \/>\n<meta property=\"og:type\" content=\"article\" \/>\n<meta property=\"og:title\" content=\"Diane 35 (Dianette) | Akne ja rasestumisvastane abi - Transtoyou\" \/>\n<meta property=\"og:description\" content=\"Diane 35 (Dianette) saadaval Transtoyou&#039;s, kontrollib aknet ja soovimatuid karvu, reguleerib ts\u00fckleid koos kombineeritud rasestumisvastaste eelistega.\" \/>\n<meta property=\"og:url\" content=\"https:\/\/www.transtoyou.com\/et\/product\/diane-35-dianette\/\" \/>\n<meta property=\"og:site_name\" content=\"Transtoyou - ET\" \/>\n<meta property=\"article:modified_time\" content=\"2026-01-25T20:43:13+00:00\" \/>\n<meta name=\"twitter:card\" content=\"summary_large_image\" \/>\n<meta name=\"twitter:label1\" content=\"Est. reading time\" \/>\n\t<meta name=\"twitter:data1\" content=\"1 minut\" \/>\n<script type=\"application\/ld+json\" class=\"yoast-schema-graph\">{\"@context\":\"https:\/\/schema.org\",\"@graph\":[{\"@type\":\"WebPage\",\"@id\":\"https:\/\/www.transtoyou.com\/et\/product\/diane-35-dianette\/\",\"url\":\"https:\/\/www.transtoyou.com\/et\/product\/diane-35-dianette\/\",\"name\":\"Diane 35 (Dianette) | Akne ja rasestumisvastane abi - Transtoyou\",\"isPartOf\":{\"@id\":\"https:\/\/www.transtoyou.com\/et\/#website\"},\"primaryImageOfPage\":{\"@id\":\"https:\/\/www.transtoyou.com\/et\/product\/diane-35-dianette\/#primaryimage\"},\"image\":{\"@id\":\"https:\/\/www.transtoyou.com\/et\/product\/diane-35-dianette\/#primaryimage\"},\"thumbnailUrl\":\"https:\/\/www.transtoyou.com\/et\/wp-content\/uploads\/sites\/7\/2026\/01\/tty-no-product-image-165.webp\",\"datePublished\":\"2026-01-25T20:42:04+00:00\",\"dateModified\":\"2026-01-25T20:43:13+00:00\",\"description\":\"Diane 35 (Dianette) saadaval Transtoyou's, kontrollib aknet ja soovimatuid karvu, reguleerib ts\u00fckleid koos kombineeritud rasestumisvastaste eelistega.\",\"breadcrumb\":{\"@id\":\"https:\/\/www.transtoyou.com\/et\/product\/diane-35-dianette\/#breadcrumb\"},\"inLanguage\":\"et\",\"potentialAction\":[{\"@type\":\"ReadAction\",\"target\":[\"https:\/\/www.transtoyou.com\/et\/product\/diane-35-dianette\/\"]}]},{\"@type\":\"ImageObject\",\"inLanguage\":\"et\",\"@id\":\"https:\/\/www.transtoyou.com\/et\/product\/diane-35-dianette\/#primaryimage\",\"url\":\"https:\/\/www.transtoyou.com\/et\/wp-content\/uploads\/sites\/7\/2026\/01\/tty-no-product-image-165.webp\",\"contentUrl\":\"https:\/\/www.transtoyou.com\/et\/wp-content\/uploads\/sites\/7\/2026\/01\/tty-no-product-image-165.webp\",\"width\":1000,\"height\":1000,\"caption\":\"Vaikimisi toote pilt\"},{\"@type\":\"WebSite\",\"@id\":\"https:\/\/www.transtoyou.com\/et\/#website\",\"url\":\"https:\/\/www.transtoyou.com\/et\/\",\"name\":\"Transtoyou - ET\",\"description\":\"\",\"publisher\":{\"@id\":\"https:\/\/www.transtoyou.com\/et\/#organization\"},\"potentialAction\":[{\"@type\":\"SearchAction\",\"target\":{\"@type\":\"EntryPoint\",\"urlTemplate\":\"https:\/\/www.transtoyou.com\/et\/?s={search_term_string}\"},\"query-input\":{\"@type\":\"PropertyValueSpecification\",\"valueRequired\":true,\"valueName\":\"search_term_string\"}}],\"inLanguage\":\"et\"},{\"@type\":\"Organization\",\"@id\":\"https:\/\/www.transtoyou.com\/et\/#organization\",\"name\":\"Transtoyou - ET\",\"url\":\"https:\/\/www.transtoyou.com\/et\/\",\"logo\":{\"@type\":\"ImageObject\",\"inLanguage\":\"et\",\"@id\":\"https:\/\/www.transtoyou.com\/et\/#\/schema\/logo\/image\/\",\"url\":\"https:\/\/www.transtoyou.com\/et\/wp-content\/uploads\/sites\/7\/2026\/01\/logo-tty-menu-bar-300x87-1.webp\",\"contentUrl\":\"https:\/\/www.transtoyou.com\/et\/wp-content\/uploads\/sites\/7\/2026\/01\/logo-tty-menu-bar-300x87-1.webp\",\"width\":300,\"height\":87,\"caption\":\"Transtoyou - ET\"},\"image\":{\"@id\":\"https:\/\/www.transtoyou.com\/et\/#\/schema\/logo\/image\/\"}}]}<\/script>\n<!-- \/ Yoast SEO plugin. -->","yoast_head_json":{"title":"Diane 35 (Dianette) | Akne ja rasestumisvastane abi - Transtoyou","description":"Diane 35 (Dianette) saadaval Transtoyou's, kontrollib aknet ja soovimatuid karvu, reguleerib ts\u00fckleid koos kombineeritud rasestumisvastaste eelistega.","robots":{"index":"noindex","follow":"follow","max-snippet":"max-snippet:-1","max-image-preview":"max-image-preview:large","max-video-preview":"max-video-preview:-1"},"og_locale":"et_EE","og_type":"article","og_title":"Diane 35 (Dianette) | Akne ja rasestumisvastane abi - Transtoyou","og_description":"Diane 35 (Dianette) saadaval Transtoyou's, kontrollib aknet ja soovimatuid karvu, reguleerib ts\u00fckleid koos kombineeritud rasestumisvastaste eelistega.","og_url":"https:\/\/www.transtoyou.com\/et\/product\/diane-35-dianette\/","og_site_name":"Transtoyou - ET","article_modified_time":"2026-01-25T20:43:13+00:00","twitter_card":"summary_large_image","twitter_misc":{"Est. reading time":"1 minut"},"schema":{"@context":"https:\/\/schema.org","@graph":[{"@type":"WebPage","@id":"https:\/\/www.transtoyou.com\/et\/product\/diane-35-dianette\/","url":"https:\/\/www.transtoyou.com\/et\/product\/diane-35-dianette\/","name":"Diane 35 (Dianette) | Akne ja rasestumisvastane abi - Transtoyou","isPartOf":{"@id":"https:\/\/www.transtoyou.com\/et\/#website"},"primaryImageOfPage":{"@id":"https:\/\/www.transtoyou.com\/et\/product\/diane-35-dianette\/#primaryimage"},"image":{"@id":"https:\/\/www.transtoyou.com\/et\/product\/diane-35-dianette\/#primaryimage"},"thumbnailUrl":"https:\/\/www.transtoyou.com\/et\/wp-content\/uploads\/sites\/7\/2026\/01\/tty-no-product-image-165.webp","datePublished":"2026-01-25T20:42:04+00:00","dateModified":"2026-01-25T20:43:13+00:00","description":"Diane 35 (Dianette) saadaval Transtoyou's, kontrollib aknet ja soovimatuid karvu, reguleerib ts\u00fckleid koos kombineeritud rasestumisvastaste eelistega.","breadcrumb":{"@id":"https:\/\/www.transtoyou.com\/et\/product\/diane-35-dianette\/#breadcrumb"},"inLanguage":"et","potentialAction":[{"@type":"ReadAction","target":["https:\/\/www.transtoyou.com\/et\/product\/diane-35-dianette\/"]}]},{"@type":"ImageObject","inLanguage":"et","@id":"https:\/\/www.transtoyou.com\/et\/product\/diane-35-dianette\/#primaryimage","url":"https:\/\/www.transtoyou.com\/et\/wp-content\/uploads\/sites\/7\/2026\/01\/tty-no-product-image-165.webp","contentUrl":"https:\/\/www.transtoyou.com\/et\/wp-content\/uploads\/sites\/7\/2026\/01\/tty-no-product-image-165.webp","width":1000,"height":1000,"caption":"Vaikimisi toote pilt"},{"@type":"WebSite","@id":"https:\/\/www.transtoyou.com\/et\/#website","url":"https:\/\/www.transtoyou.com\/et\/","name":"Transtoyou - ET","description":"","publisher":{"@id":"https:\/\/www.transtoyou.com\/et\/#organization"},"potentialAction":[{"@type":"SearchAction","target":{"@type":"EntryPoint","urlTemplate":"https:\/\/www.transtoyou.com\/et\/?s={search_term_string}"},"query-input":{"@type":"PropertyValueSpecification","valueRequired":true,"valueName":"search_term_string"}}],"inLanguage":"et"},{"@type":"Organization","@id":"https:\/\/www.transtoyou.com\/et\/#organization","name":"Transtoyou - ET","url":"https:\/\/www.transtoyou.com\/et\/","logo":{"@type":"ImageObject","inLanguage":"et","@id":"https:\/\/www.transtoyou.com\/et\/#\/schema\/logo\/image\/","url":"https:\/\/www.transtoyou.com\/et\/wp-content\/uploads\/sites\/7\/2026\/01\/logo-tty-menu-bar-300x87-1.webp","contentUrl":"https:\/\/www.transtoyou.com\/et\/wp-content\/uploads\/sites\/7\/2026\/01\/logo-tty-menu-bar-300x87-1.webp","width":300,"height":87,"caption":"Transtoyou - ET"},"image":{"@id":"https:\/\/www.transtoyou.com\/et\/#\/schema\/logo\/image\/"}}]}},"_links":{"self":[{"href":"https:\/\/www.transtoyou.com\/et\/wp-json\/wp\/v2\/product\/1205","targetHints":{"allow":["GET"]}}],"collection":[{"href":"https:\/\/www.transtoyou.com\/et\/wp-json\/wp\/v2\/product"}],"about":[{"href":"https:\/\/www.transtoyou.com\/et\/wp-json\/wp\/v2\/types\/product"}],"replies":[{"embeddable":true,"href":"https:\/\/www.transtoyou.com\/et\/wp-json\/wp\/v2\/comments?post=1205"}],"wp:featuredmedia":[{"embeddable":true,"href":"https:\/\/www.transtoyou.com\/et\/wp-json\/wp\/v2\/media\/1207"}],"wp:attachment":[{"href":"https:\/\/www.transtoyou.com\/et\/wp-json\/wp\/v2\/media?parent=1205"}],"wp:term":[{"taxonomy":"product_brand","embeddable":true,"href":"https:\/\/www.transtoyou.com\/et\/wp-json\/wp\/v2\/product_brand?post=1205"},{"taxonomy":"product_cat","embeddable":true,"href":"https:\/\/www.transtoyou.com\/et\/wp-json\/wp\/v2\/product_cat?post=1205"},{"taxonomy":"product_tag","embeddable":true,"href":"https:\/\/www.transtoyou.com\/et\/wp-json\/wp\/v2\/product_tag?post=1205"},{"taxonomy":"expert","embeddable":true,"href":"https:\/\/www.transtoyou.com\/et\/wp-json\/wp\/v2\/expert?post=1205"}],"curies":[{"name":"wp","href":"https:\/\/api.w.org\/{rel}","templated":true}]}}