{"id":1211,"date":"2026-01-25T23:19:12","date_gmt":"2026-01-25T21:19:12","guid":{"rendered":"https:\/\/www.transtoyou.com\/et\/product\/spironolactone\/"},"modified":"2026-03-05T13:56:36","modified_gmt":"2026-03-05T11:56:36","slug":"spironolaktoon","status":"publish","type":"product","link":"https:\/\/www.transtoyou.com\/et\/product\/spironolaktoon\/","title":{"rendered":"Spironolaktoon"},"content":{"rendered":"<p>Spironolaktoon on kaaliumi s\u00e4\u00e4stev diureetikum, mida kasutatakse selliste seisundite raviks nagu k\u00f5rge verer\u00f5hk, vedelikupeetus ja teatud hormoonitundlikud h\u00e4ired. See toimib aldosterooni blokeerimise kaudu, hormooni, mis soodustab naatriumi ja vee s\u00e4ilitamist, aidates v\u00e4hendada vedeliku kogunemist ja alandada verer\u00f5hku.<\/p>\n<p>Lisaks kardiovaskulaarsetele kasutusv\u00f5imalustele v\u00f5ib spironolaktooni kasutada feminiseerivas hormoonravis, sageli transnaiste ja mittebinaarsete isikute jaoks. See toimib antiandrogeenina, v\u00e4hendades aja jooksul testosterooni m\u00f5ju nahale, juustele ja kehale. Teatatud m\u00f5jud v\u00f5ivad h\u00f5lmata v\u00e4henenud n\u00e4o\/keha karvade, v\u00e4hem peanaha karvade h\u00f5renemist ja pehmemat nahka, kuigi muutused v\u00f5ivad olenevalt inimesest oluliselt erineda.<\/p>\n<p>Spironolaktooni v\u00f5etakse tavaliselt suu kaudu \u00fcks v\u00f5i kaks korda p\u00e4evas. Annus kohandatakse vastavalt meditsiinilisele seisundile, laboratoorsetele tulemustele ja ravieesm\u00e4rkidele. Seda kombineeritakse sageli \u00f6strogeenraviga soolise kinnitamise hoolduses. Ravi ajal soovitatakse j\u00e4lgida neerufunktsiooni ja elektrol\u00fc\u00fcte.<\/p>\n<p>K\u00f5rvaltoimed v\u00f5ivad h\u00f5lmata sagedast urineerimist, pearinglust, rindade hellust ja t\u00f5usnud kaaliumitaset. Spironolaktooni ei soovitata t\u00f5sise neerufunktsiooni kahjustuse, k\u00f5rge kaaliumi v\u00f5i Addissoni t\u00f5vega isikutele.<\/p>\n","protected":false},"excerpt":{"rendered":"<ul>\n<li>V\u00f5ib toetada feminiseerimise teraapia eesm\u00e4rke<\/li>\n<li>V\u00e4hendab androgeenseid (testosterooniga seotud) toimeid<\/li>\n<li>Aitab alandada verer\u00f5hku ja vedelikupeetust<\/li>\n<\/ul>\n","protected":false},"featured_media":1213,"comment_status":"open","ping_status":"closed","template":"","meta":[],"product_brand":[],"product_cat":[153,133],"product_tag":[],"expert":[19],"class_list":{"0":"post-1211","1":"product","2":"type-product","3":"status-publish","4":"has-post-thumbnail","6":"product_cat-korge-vererohk","7":"product_cat-ostrogeen-ja-feminiinne-teraapia","8":"expert-dr-j-vazquez","10":"first","11":"instock","12":"shipping-taxable","13":"product-type-variable"},"yoast_head":"<!-- This site is optimized with the Yoast SEO plugin v27.0 - https:\/\/yoast.com\/product\/yoast-seo-wordpress\/ -->\n<title>Spironolaktoon | T\u00f5hus Verer\u00f5hu Alandamine - Transtoyou<\/title>\n<meta name=\"description\" content=\"Spironolaktoon alandab verer\u00f5hku, sihates aldosterooni ja s\u00e4ilitades kaaliumi. T\u00f5hus resistentse h\u00fcpertensiooni korral. Osta n\u00fc\u00fcd!\" \/>\n<meta name=\"robots\" content=\"noindex, follow, max-snippet:-1, max-image-preview:large, max-video-preview:-1\" \/>\n<meta property=\"og:locale\" content=\"et_EE\" \/>\n<meta property=\"og:type\" content=\"article\" \/>\n<meta property=\"og:title\" content=\"Spironolaktoon | T\u00f5hus Verer\u00f5hu Alandamine - Transtoyou\" \/>\n<meta property=\"og:description\" content=\"Spironolaktoon alandab verer\u00f5hku, sihates aldosterooni ja s\u00e4ilitades kaaliumi. T\u00f5hus resistentse h\u00fcpertensiooni korral. Osta n\u00fc\u00fcd!\" \/>\n<meta property=\"og:url\" content=\"https:\/\/www.transtoyou.com\/et\/product\/spironolactone\/\" \/>\n<meta property=\"og:site_name\" content=\"Transtoyou - ET\" \/>\n<meta property=\"article:modified_time\" content=\"2026-03-05T11:56:36+00:00\" \/>\n<meta name=\"twitter:card\" content=\"summary_large_image\" \/>\n<meta name=\"twitter:label1\" content=\"Est. reading time\" \/>\n\t<meta name=\"twitter:data1\" content=\"1 minut\" \/>\n<script type=\"application\/ld+json\" class=\"yoast-schema-graph\">{\"@context\":\"https:\/\/schema.org\",\"@graph\":[{\"@type\":\"WebPage\",\"@id\":\"https:\/\/www.transtoyou.com\/et\/product\/spironolactone\/\",\"url\":\"https:\/\/www.transtoyou.com\/et\/product\/spironolactone\/\",\"name\":\"Spironolaktoon | T\u00f5hus Verer\u00f5hu Alandamine - Transtoyou\",\"isPartOf\":{\"@id\":\"https:\/\/www.transtoyou.com\/et\/#website\"},\"primaryImageOfPage\":{\"@id\":\"https:\/\/www.transtoyou.com\/et\/product\/spironolactone\/#primaryimage\"},\"image\":{\"@id\":\"https:\/\/www.transtoyou.com\/et\/product\/spironolactone\/#primaryimage\"},\"thumbnailUrl\":\"https:\/\/www.transtoyou.com\/et\/wp-content\/uploads\/sites\/7\/2026\/01\/tty-no-product-image-167.webp\",\"datePublished\":\"2026-01-25T21:19:12+00:00\",\"dateModified\":\"2026-03-05T11:56:36+00:00\",\"description\":\"Spironolaktoon alandab verer\u00f5hku, sihates aldosterooni ja s\u00e4ilitades kaaliumi. T\u00f5hus resistentse h\u00fcpertensiooni korral. Osta n\u00fc\u00fcd!\",\"breadcrumb\":{\"@id\":\"https:\/\/www.transtoyou.com\/et\/product\/spironolactone\/#breadcrumb\"},\"inLanguage\":\"et\",\"potentialAction\":[{\"@type\":\"ReadAction\",\"target\":[\"https:\/\/www.transtoyou.com\/et\/product\/spironolactone\/\"]}]},{\"@type\":\"ImageObject\",\"inLanguage\":\"et\",\"@id\":\"https:\/\/www.transtoyou.com\/et\/product\/spironolactone\/#primaryimage\",\"url\":\"https:\/\/www.transtoyou.com\/et\/wp-content\/uploads\/sites\/7\/2026\/01\/tty-no-product-image-167.webp\",\"contentUrl\":\"https:\/\/www.transtoyou.com\/et\/wp-content\/uploads\/sites\/7\/2026\/01\/tty-no-product-image-167.webp\",\"width\":1000,\"height\":1000,\"caption\":\"Vaikimisi toote pilt\"},{\"@type\":\"WebSite\",\"@id\":\"https:\/\/www.transtoyou.com\/et\/#website\",\"url\":\"https:\/\/www.transtoyou.com\/et\/\",\"name\":\"Transtoyou - ET\",\"description\":\"\",\"publisher\":{\"@id\":\"https:\/\/www.transtoyou.com\/et\/#organization\"},\"potentialAction\":[{\"@type\":\"SearchAction\",\"target\":{\"@type\":\"EntryPoint\",\"urlTemplate\":\"https:\/\/www.transtoyou.com\/et\/?s={search_term_string}\"},\"query-input\":{\"@type\":\"PropertyValueSpecification\",\"valueRequired\":true,\"valueName\":\"search_term_string\"}}],\"inLanguage\":\"et\"},{\"@type\":\"Organization\",\"@id\":\"https:\/\/www.transtoyou.com\/et\/#organization\",\"name\":\"Transtoyou - ET\",\"url\":\"https:\/\/www.transtoyou.com\/et\/\",\"logo\":{\"@type\":\"ImageObject\",\"inLanguage\":\"et\",\"@id\":\"https:\/\/www.transtoyou.com\/et\/#\/schema\/logo\/image\/\",\"url\":\"https:\/\/www.transtoyou.com\/et\/wp-content\/uploads\/sites\/7\/2026\/01\/logo-tty-menu-bar-300x87-1.webp\",\"contentUrl\":\"https:\/\/www.transtoyou.com\/et\/wp-content\/uploads\/sites\/7\/2026\/01\/logo-tty-menu-bar-300x87-1.webp\",\"width\":300,\"height\":87,\"caption\":\"Transtoyou - ET\"},\"image\":{\"@id\":\"https:\/\/www.transtoyou.com\/et\/#\/schema\/logo\/image\/\"}}]}<\/script>\n<!-- \/ Yoast SEO plugin. -->","yoast_head_json":{"title":"Spironolaktoon | T\u00f5hus Verer\u00f5hu Alandamine - Transtoyou","description":"Spironolaktoon alandab verer\u00f5hku, sihates aldosterooni ja s\u00e4ilitades kaaliumi. T\u00f5hus resistentse h\u00fcpertensiooni korral. Osta n\u00fc\u00fcd!","robots":{"index":"noindex","follow":"follow","max-snippet":"max-snippet:-1","max-image-preview":"max-image-preview:large","max-video-preview":"max-video-preview:-1"},"og_locale":"et_EE","og_type":"article","og_title":"Spironolaktoon | T\u00f5hus Verer\u00f5hu Alandamine - Transtoyou","og_description":"Spironolaktoon alandab verer\u00f5hku, sihates aldosterooni ja s\u00e4ilitades kaaliumi. T\u00f5hus resistentse h\u00fcpertensiooni korral. Osta n\u00fc\u00fcd!","og_url":"https:\/\/www.transtoyou.com\/et\/product\/spironolactone\/","og_site_name":"Transtoyou - ET","article_modified_time":"2026-03-05T11:56:36+00:00","twitter_card":"summary_large_image","twitter_misc":{"Est. reading time":"1 minut"},"schema":{"@context":"https:\/\/schema.org","@graph":[{"@type":"WebPage","@id":"https:\/\/www.transtoyou.com\/et\/product\/spironolactone\/","url":"https:\/\/www.transtoyou.com\/et\/product\/spironolactone\/","name":"Spironolaktoon | T\u00f5hus Verer\u00f5hu Alandamine - Transtoyou","isPartOf":{"@id":"https:\/\/www.transtoyou.com\/et\/#website"},"primaryImageOfPage":{"@id":"https:\/\/www.transtoyou.com\/et\/product\/spironolactone\/#primaryimage"},"image":{"@id":"https:\/\/www.transtoyou.com\/et\/product\/spironolactone\/#primaryimage"},"thumbnailUrl":"https:\/\/www.transtoyou.com\/et\/wp-content\/uploads\/sites\/7\/2026\/01\/tty-no-product-image-167.webp","datePublished":"2026-01-25T21:19:12+00:00","dateModified":"2026-03-05T11:56:36+00:00","description":"Spironolaktoon alandab verer\u00f5hku, sihates aldosterooni ja s\u00e4ilitades kaaliumi. T\u00f5hus resistentse h\u00fcpertensiooni korral. Osta n\u00fc\u00fcd!","breadcrumb":{"@id":"https:\/\/www.transtoyou.com\/et\/product\/spironolactone\/#breadcrumb"},"inLanguage":"et","potentialAction":[{"@type":"ReadAction","target":["https:\/\/www.transtoyou.com\/et\/product\/spironolactone\/"]}]},{"@type":"ImageObject","inLanguage":"et","@id":"https:\/\/www.transtoyou.com\/et\/product\/spironolactone\/#primaryimage","url":"https:\/\/www.transtoyou.com\/et\/wp-content\/uploads\/sites\/7\/2026\/01\/tty-no-product-image-167.webp","contentUrl":"https:\/\/www.transtoyou.com\/et\/wp-content\/uploads\/sites\/7\/2026\/01\/tty-no-product-image-167.webp","width":1000,"height":1000,"caption":"Vaikimisi toote pilt"},{"@type":"WebSite","@id":"https:\/\/www.transtoyou.com\/et\/#website","url":"https:\/\/www.transtoyou.com\/et\/","name":"Transtoyou - ET","description":"","publisher":{"@id":"https:\/\/www.transtoyou.com\/et\/#organization"},"potentialAction":[{"@type":"SearchAction","target":{"@type":"EntryPoint","urlTemplate":"https:\/\/www.transtoyou.com\/et\/?s={search_term_string}"},"query-input":{"@type":"PropertyValueSpecification","valueRequired":true,"valueName":"search_term_string"}}],"inLanguage":"et"},{"@type":"Organization","@id":"https:\/\/www.transtoyou.com\/et\/#organization","name":"Transtoyou - ET","url":"https:\/\/www.transtoyou.com\/et\/","logo":{"@type":"ImageObject","inLanguage":"et","@id":"https:\/\/www.transtoyou.com\/et\/#\/schema\/logo\/image\/","url":"https:\/\/www.transtoyou.com\/et\/wp-content\/uploads\/sites\/7\/2026\/01\/logo-tty-menu-bar-300x87-1.webp","contentUrl":"https:\/\/www.transtoyou.com\/et\/wp-content\/uploads\/sites\/7\/2026\/01\/logo-tty-menu-bar-300x87-1.webp","width":300,"height":87,"caption":"Transtoyou - ET"},"image":{"@id":"https:\/\/www.transtoyou.com\/et\/#\/schema\/logo\/image\/"}}]}},"_links":{"self":[{"href":"https:\/\/www.transtoyou.com\/et\/wp-json\/wp\/v2\/product\/1211","targetHints":{"allow":["GET"]}}],"collection":[{"href":"https:\/\/www.transtoyou.com\/et\/wp-json\/wp\/v2\/product"}],"about":[{"href":"https:\/\/www.transtoyou.com\/et\/wp-json\/wp\/v2\/types\/product"}],"replies":[{"embeddable":true,"href":"https:\/\/www.transtoyou.com\/et\/wp-json\/wp\/v2\/comments?post=1211"}],"wp:featuredmedia":[{"embeddable":true,"href":"https:\/\/www.transtoyou.com\/et\/wp-json\/wp\/v2\/media\/1213"}],"wp:attachment":[{"href":"https:\/\/www.transtoyou.com\/et\/wp-json\/wp\/v2\/media?parent=1211"}],"wp:term":[{"taxonomy":"product_brand","embeddable":true,"href":"https:\/\/www.transtoyou.com\/et\/wp-json\/wp\/v2\/product_brand?post=1211"},{"taxonomy":"product_cat","embeddable":true,"href":"https:\/\/www.transtoyou.com\/et\/wp-json\/wp\/v2\/product_cat?post=1211"},{"taxonomy":"product_tag","embeddable":true,"href":"https:\/\/www.transtoyou.com\/et\/wp-json\/wp\/v2\/product_tag?post=1211"},{"taxonomy":"expert","embeddable":true,"href":"https:\/\/www.transtoyou.com\/et\/wp-json\/wp\/v2\/expert?post=1211"}],"curies":[{"name":"wp","href":"https:\/\/api.w.org\/{rel}","templated":true}]}}