{"id":1220,"date":"2026-01-26T00:10:20","date_gmt":"2026-01-25T22:10:20","guid":{"rendered":"https:\/\/www.transtoyou.com\/et\/product\/propecia\/"},"modified":"2026-03-01T16:28:44","modified_gmt":"2026-03-01T14:28:44","slug":"propecia","status":"publish","type":"product","link":"https:\/\/www.transtoyou.com\/et\/product\/propecia\/","title":{"rendered":"Propecia"},"content":{"rendered":"<p>Propecia on ravim, mida kasutatakse meeste t\u00fc\u00fcpilise juuste v\u00e4ljalangemise, tuntud ka kui androgeenne alopeetsia, raviks t\u00e4iskasvanud meestel. See sisaldab toimeainet finasteriid, mis kuulub 5\u03b1-reduktaasi inhibiitorite r\u00fchma.<\/p>\n<p>Propecia toimib, sihtides kehas spetsiifilist ens\u00fc\u00fcmi, mida nimetatakse t\u00fc\u00fcp II 5\u03b1-reduktaasiks. See ens\u00fc\u00fcm vastutab testosterooni muundamise eest dih\u00fcdrotestosterooniks (DHT), hormooniks, mis on seotud juuste v\u00e4ljalangemisega meestel, kes on geneetiliselt vastuv\u00f5tlikud. Blokeerides selle ens\u00fc\u00fcmi, alandab Propecia DHT taset peanahas ja veres, mis aitab aeglustada juuste v\u00e4ljalangemist ja v\u00f5ib isegi soodustada uute juuste kasvu m\u00f5nel mehel.<\/p>\n<p>Propecia on spetsiaalselt m\u00f5eldud meeste t\u00fc\u00fcpilise juuste v\u00e4ljalangemise raviks, eriti peanaha kroonil (\u00fclemine osa) ja keskel. Seda ei ole ette n\u00e4htud naistele ega lastele ning see ei ole efektiivne teiste juuste v\u00e4ljalangemise t\u00fc\u00fcpide puhul.<\/p>\n<p>DHT taseme alandamisega aitab Propecia v\u00e4ltida juuksefolliikulite v\u00e4henemist (miniaturiseerimist), mis on peamine p\u00f5hjus juuste h\u00f5renemise ja kiilasp\u00e4isuse korral meeste t\u00fc\u00fcpilise juuste v\u00e4ljalangemise puhul. See toime v\u00f5imaldab juuksefolliikulitel p\u00fcsida kauem tervena, s\u00e4ilitades juuste tiheduse ja m\u00f5nikord soodustades hiljuti kadunud juuste uuesti kasvu.<\/p>\n<p>Propecia peamine eelis on selle v\u00f5ime aeglustada v\u00f5i peatada juuste v\u00e4ljalangemist meestel, kellel on meeste t\u00fc\u00fcpiline kiilasp\u00e4isus. Paljud mehed m\u00e4rkavad, et nende juuste v\u00e4ljalangemine aeglustub umbes kolme kuu regulaarse kasutamise j\u00e4rel, m\u00f5ned kogevad paksemaid juukseid v\u00f5i uuesti kasvu, eriti pea kroonil. Toime kestab nii kaua, kui ravimit v\u00f5etakse regulaarselt. Propecia v\u00f5etakse \u00fcks kord p\u00e4evas tableti kujul, muutes selle mugavaks kasutamiseks. Seda talutakse \u00fcldiselt h\u00e4sti, enamik mehi kogeb v\u00e4heseid k\u00f5rvaltoimeid. Siiski, kui ravim l\u00f5petatakse, kaotatakse tavaliselt k\u00f5ik saadud v\u00f5i s\u00e4ilitatud juuksed \u00fche aasta jooksul.<\/p>\n","protected":false},"excerpt":{"rendered":"<ul>\n<li>Aeglustab ja ennetab juuste v\u00e4ljalangemist<\/li>\n<li>Toetab juuste taastumist meestel<\/li>\n<li>Mugav kord p\u00e4evas tablett<\/li>\n<\/ul>\n","protected":false},"featured_media":1222,"comment_status":"open","ping_status":"closed","template":"","meta":[],"product_brand":[],"product_cat":[145],"product_tag":[],"expert":[18],"class_list":{"0":"post-1220","1":"product","2":"type-product","3":"status-publish","4":"has-post-thumbnail","6":"product_cat-juuste-valjalangemise-lahendused","7":"expert-dr-g-varbanov","9":"first","10":"instock","11":"shipping-taxable","12":"product-type-variable"},"yoast_head":"<!-- This site is optimized with the Yoast SEO plugin v27.0 - https:\/\/yoast.com\/product\/yoast-seo-wordpress\/ -->\n<title>Propecia | T\u00f5hus lahendus juuste v\u00e4ljalangemise vastu - Transtoyou<\/title>\n<meta name=\"description\" content=\"Avasta Propecia meeste kiilasp\u00e4isuse raviks Transtoyou&#039;s. Tellige veebis t\u00e4na, et saada ekspertide poolt heakskiidetud lahendusi.\" \/>\n<meta name=\"robots\" content=\"noindex, follow, max-snippet:-1, max-image-preview:large, max-video-preview:-1\" \/>\n<meta property=\"og:locale\" content=\"et_EE\" \/>\n<meta property=\"og:type\" content=\"article\" \/>\n<meta property=\"og:title\" content=\"Propecia | T\u00f5hus lahendus juuste v\u00e4ljalangemise vastu - Transtoyou\" \/>\n<meta property=\"og:description\" content=\"Avasta Propecia meeste kiilasp\u00e4isuse raviks Transtoyou&#039;s. Tellige veebis t\u00e4na, et saada ekspertide poolt heakskiidetud lahendusi.\" \/>\n<meta property=\"og:url\" content=\"https:\/\/www.transtoyou.com\/et\/product\/propecia\/\" \/>\n<meta property=\"og:site_name\" content=\"Transtoyou - ET\" \/>\n<meta property=\"article:modified_time\" content=\"2026-03-01T14:28:44+00:00\" \/>\n<meta name=\"twitter:card\" content=\"summary_large_image\" \/>\n<meta name=\"twitter:label1\" content=\"Est. reading time\" \/>\n\t<meta name=\"twitter:data1\" content=\"1 minut\" \/>\n<script type=\"application\/ld+json\" class=\"yoast-schema-graph\">{\"@context\":\"https:\/\/schema.org\",\"@graph\":[{\"@type\":\"WebPage\",\"@id\":\"https:\/\/www.transtoyou.com\/et\/product\/propecia\/\",\"url\":\"https:\/\/www.transtoyou.com\/et\/product\/propecia\/\",\"name\":\"Propecia | T\u00f5hus lahendus juuste v\u00e4ljalangemise vastu - Transtoyou\",\"isPartOf\":{\"@id\":\"https:\/\/www.transtoyou.com\/et\/#website\"},\"primaryImageOfPage\":{\"@id\":\"https:\/\/www.transtoyou.com\/et\/product\/propecia\/#primaryimage\"},\"image\":{\"@id\":\"https:\/\/www.transtoyou.com\/et\/product\/propecia\/#primaryimage\"},\"thumbnailUrl\":\"https:\/\/www.transtoyou.com\/et\/wp-content\/uploads\/sites\/7\/2026\/01\/tty-no-product-image-170.webp\",\"datePublished\":\"2026-01-25T22:10:20+00:00\",\"dateModified\":\"2026-03-01T14:28:44+00:00\",\"description\":\"Avasta Propecia meeste kiilasp\u00e4isuse raviks Transtoyou's. Tellige veebis t\u00e4na, et saada ekspertide poolt heakskiidetud lahendusi.\",\"breadcrumb\":{\"@id\":\"https:\/\/www.transtoyou.com\/et\/product\/propecia\/#breadcrumb\"},\"inLanguage\":\"et\",\"potentialAction\":[{\"@type\":\"ReadAction\",\"target\":[\"https:\/\/www.transtoyou.com\/et\/product\/propecia\/\"]}]},{\"@type\":\"ImageObject\",\"inLanguage\":\"et\",\"@id\":\"https:\/\/www.transtoyou.com\/et\/product\/propecia\/#primaryimage\",\"url\":\"https:\/\/www.transtoyou.com\/et\/wp-content\/uploads\/sites\/7\/2026\/01\/tty-no-product-image-170.webp\",\"contentUrl\":\"https:\/\/www.transtoyou.com\/et\/wp-content\/uploads\/sites\/7\/2026\/01\/tty-no-product-image-170.webp\",\"width\":1000,\"height\":1000,\"caption\":\"Vaikimisi toote pilt\"},{\"@type\":\"WebSite\",\"@id\":\"https:\/\/www.transtoyou.com\/et\/#website\",\"url\":\"https:\/\/www.transtoyou.com\/et\/\",\"name\":\"Transtoyou - ET\",\"description\":\"\",\"publisher\":{\"@id\":\"https:\/\/www.transtoyou.com\/et\/#organization\"},\"potentialAction\":[{\"@type\":\"SearchAction\",\"target\":{\"@type\":\"EntryPoint\",\"urlTemplate\":\"https:\/\/www.transtoyou.com\/et\/?s={search_term_string}\"},\"query-input\":{\"@type\":\"PropertyValueSpecification\",\"valueRequired\":true,\"valueName\":\"search_term_string\"}}],\"inLanguage\":\"et\"},{\"@type\":\"Organization\",\"@id\":\"https:\/\/www.transtoyou.com\/et\/#organization\",\"name\":\"Transtoyou - ET\",\"url\":\"https:\/\/www.transtoyou.com\/et\/\",\"logo\":{\"@type\":\"ImageObject\",\"inLanguage\":\"et\",\"@id\":\"https:\/\/www.transtoyou.com\/et\/#\/schema\/logo\/image\/\",\"url\":\"https:\/\/www.transtoyou.com\/et\/wp-content\/uploads\/sites\/7\/2026\/01\/logo-tty-menu-bar-300x87-1.webp\",\"contentUrl\":\"https:\/\/www.transtoyou.com\/et\/wp-content\/uploads\/sites\/7\/2026\/01\/logo-tty-menu-bar-300x87-1.webp\",\"width\":300,\"height\":87,\"caption\":\"Transtoyou - ET\"},\"image\":{\"@id\":\"https:\/\/www.transtoyou.com\/et\/#\/schema\/logo\/image\/\"}}]}<\/script>\n<!-- \/ Yoast SEO plugin. -->","yoast_head_json":{"title":"Propecia | T\u00f5hus lahendus juuste v\u00e4ljalangemise vastu - Transtoyou","description":"Avasta Propecia meeste kiilasp\u00e4isuse raviks Transtoyou's. Tellige veebis t\u00e4na, et saada ekspertide poolt heakskiidetud lahendusi.","robots":{"index":"noindex","follow":"follow","max-snippet":"max-snippet:-1","max-image-preview":"max-image-preview:large","max-video-preview":"max-video-preview:-1"},"og_locale":"et_EE","og_type":"article","og_title":"Propecia | T\u00f5hus lahendus juuste v\u00e4ljalangemise vastu - Transtoyou","og_description":"Avasta Propecia meeste kiilasp\u00e4isuse raviks Transtoyou's. Tellige veebis t\u00e4na, et saada ekspertide poolt heakskiidetud lahendusi.","og_url":"https:\/\/www.transtoyou.com\/et\/product\/propecia\/","og_site_name":"Transtoyou - ET","article_modified_time":"2026-03-01T14:28:44+00:00","twitter_card":"summary_large_image","twitter_misc":{"Est. reading time":"1 minut"},"schema":{"@context":"https:\/\/schema.org","@graph":[{"@type":"WebPage","@id":"https:\/\/www.transtoyou.com\/et\/product\/propecia\/","url":"https:\/\/www.transtoyou.com\/et\/product\/propecia\/","name":"Propecia | T\u00f5hus lahendus juuste v\u00e4ljalangemise vastu - Transtoyou","isPartOf":{"@id":"https:\/\/www.transtoyou.com\/et\/#website"},"primaryImageOfPage":{"@id":"https:\/\/www.transtoyou.com\/et\/product\/propecia\/#primaryimage"},"image":{"@id":"https:\/\/www.transtoyou.com\/et\/product\/propecia\/#primaryimage"},"thumbnailUrl":"https:\/\/www.transtoyou.com\/et\/wp-content\/uploads\/sites\/7\/2026\/01\/tty-no-product-image-170.webp","datePublished":"2026-01-25T22:10:20+00:00","dateModified":"2026-03-01T14:28:44+00:00","description":"Avasta Propecia meeste kiilasp\u00e4isuse raviks Transtoyou's. Tellige veebis t\u00e4na, et saada ekspertide poolt heakskiidetud lahendusi.","breadcrumb":{"@id":"https:\/\/www.transtoyou.com\/et\/product\/propecia\/#breadcrumb"},"inLanguage":"et","potentialAction":[{"@type":"ReadAction","target":["https:\/\/www.transtoyou.com\/et\/product\/propecia\/"]}]},{"@type":"ImageObject","inLanguage":"et","@id":"https:\/\/www.transtoyou.com\/et\/product\/propecia\/#primaryimage","url":"https:\/\/www.transtoyou.com\/et\/wp-content\/uploads\/sites\/7\/2026\/01\/tty-no-product-image-170.webp","contentUrl":"https:\/\/www.transtoyou.com\/et\/wp-content\/uploads\/sites\/7\/2026\/01\/tty-no-product-image-170.webp","width":1000,"height":1000,"caption":"Vaikimisi toote pilt"},{"@type":"WebSite","@id":"https:\/\/www.transtoyou.com\/et\/#website","url":"https:\/\/www.transtoyou.com\/et\/","name":"Transtoyou - ET","description":"","publisher":{"@id":"https:\/\/www.transtoyou.com\/et\/#organization"},"potentialAction":[{"@type":"SearchAction","target":{"@type":"EntryPoint","urlTemplate":"https:\/\/www.transtoyou.com\/et\/?s={search_term_string}"},"query-input":{"@type":"PropertyValueSpecification","valueRequired":true,"valueName":"search_term_string"}}],"inLanguage":"et"},{"@type":"Organization","@id":"https:\/\/www.transtoyou.com\/et\/#organization","name":"Transtoyou - ET","url":"https:\/\/www.transtoyou.com\/et\/","logo":{"@type":"ImageObject","inLanguage":"et","@id":"https:\/\/www.transtoyou.com\/et\/#\/schema\/logo\/image\/","url":"https:\/\/www.transtoyou.com\/et\/wp-content\/uploads\/sites\/7\/2026\/01\/logo-tty-menu-bar-300x87-1.webp","contentUrl":"https:\/\/www.transtoyou.com\/et\/wp-content\/uploads\/sites\/7\/2026\/01\/logo-tty-menu-bar-300x87-1.webp","width":300,"height":87,"caption":"Transtoyou - ET"},"image":{"@id":"https:\/\/www.transtoyou.com\/et\/#\/schema\/logo\/image\/"}}]}},"_links":{"self":[{"href":"https:\/\/www.transtoyou.com\/et\/wp-json\/wp\/v2\/product\/1220","targetHints":{"allow":["GET"]}}],"collection":[{"href":"https:\/\/www.transtoyou.com\/et\/wp-json\/wp\/v2\/product"}],"about":[{"href":"https:\/\/www.transtoyou.com\/et\/wp-json\/wp\/v2\/types\/product"}],"replies":[{"embeddable":true,"href":"https:\/\/www.transtoyou.com\/et\/wp-json\/wp\/v2\/comments?post=1220"}],"wp:featuredmedia":[{"embeddable":true,"href":"https:\/\/www.transtoyou.com\/et\/wp-json\/wp\/v2\/media\/1222"}],"wp:attachment":[{"href":"https:\/\/www.transtoyou.com\/et\/wp-json\/wp\/v2\/media?parent=1220"}],"wp:term":[{"taxonomy":"product_brand","embeddable":true,"href":"https:\/\/www.transtoyou.com\/et\/wp-json\/wp\/v2\/product_brand?post=1220"},{"taxonomy":"product_cat","embeddable":true,"href":"https:\/\/www.transtoyou.com\/et\/wp-json\/wp\/v2\/product_cat?post=1220"},{"taxonomy":"product_tag","embeddable":true,"href":"https:\/\/www.transtoyou.com\/et\/wp-json\/wp\/v2\/product_tag?post=1220"},{"taxonomy":"expert","embeddable":true,"href":"https:\/\/www.transtoyou.com\/et\/wp-json\/wp\/v2\/expert?post=1220"}],"curies":[{"name":"wp","href":"https:\/\/api.w.org\/{rel}","templated":true}]}}