{"id":1223,"date":"2026-01-26T00:26:36","date_gmt":"2026-01-25T22:26:36","guid":{"rendered":"https:\/\/www.transtoyou.com\/et\/product\/condyline-condylox\/"},"modified":"2026-01-26T00:27:31","modified_gmt":"2026-01-25T22:27:31","slug":"condyline-condylox","status":"publish","type":"product","link":"https:\/\/www.transtoyou.com\/et\/product\/condyline-condylox\/","title":{"rendered":"Condyline (Condylox)"},"content":{"rendered":"<p>Condyline sisaldab podof\u00fcllotoksiini, taimep\u00f5hist \u00fchendit, mis toimib ts\u00fctotoksilise ainena (tapab soovimatuid rakke). See toimib, inhibeerides rakkude jagunemist ja DNA s\u00fcnteesi (peatab t\u00fc\u00fckarakkude kasvu ja paljunemise). Podof\u00fcllotoksiin seondub valkudega, mida nimetatakse tubuliiniks, takistades mikrotuubulite teket, mis p\u00f5hjustab t\u00fc\u00fckarakkude surma.<\/p>\n<p>Seda ravimit kasutatakse sugut\u00fc\u00fckade raviks v\u00e4liste suguelundite piirkonnas. See aitab kehal t\u00fc\u00fckadest aja jooksul vabaneda, r\u00fcnnates ainult ebanormaalset nahka, mitte \u00fcmbritsevat tervet nahka.<\/p>\n<p>Condyline kantakse otse t\u00fc\u00fckadele, tavaliselt kaks korda p\u00e4evas kolme p\u00e4eva jooksul, millele j\u00e4rgneb nelja p\u00e4eva paus. Seda n\u00e4dalast ts\u00fcklit saab korrata kuni nelja n\u00e4dala jooksul, s\u00f5ltuvalt sellest, kui h\u00e4sti t\u00fc\u00fckad reageerivad.<\/p>\n<p>Condyline peamine eelis on see, et see on mitteinvasiivne ravi (ei ole vajalik operatsioon ega k\u00fclmutamine). Seda on lihtne kodus kasutada, kuid seda tuleb rakendada v\u00e4ga ettevaatlikult, kuna liiga suur kasutamine v\u00f5i tervetele nahapiirkondadele kandmine v\u00f5ib p\u00f5hjustada naha\u00e4rritust v\u00f5i haavandeid.<\/p>\n<p>Peatades t\u00fc\u00fckarakkude kasvu ja aidates neil laguneda, toetab Condyline teie keha HPV-ga seotud nahakahjustuste eemaldamisel.<\/p>\n","protected":false},"excerpt":{"rendered":"<ul>\n<li>Sihtib sugut\u00fc\u00fckade kude<\/li>\n<li>Peatab t\u00fc\u00fckade rakkude kasvu<\/li>\n<li>L\u00fchiajaline paikne ravi<\/li>\n<\/ul>\n","protected":false},"featured_media":1224,"comment_status":"open","ping_status":"closed","template":"","meta":[],"product_brand":[],"product_cat":[193,141],"product_tag":[],"expert":[17],"class_list":{"0":"post-1223","1":"product","2":"type-product","3":"status-publish","4":"has-post-thumbnail","6":"product_cat-sormed","7":"product_cat-suguelundade-konduloomid","8":"expert-dr-c-munoz-parada","10":"first","11":"instock","12":"shipping-taxable","13":"product-type-simple"},"yoast_head":"<!-- This site is optimized with the Yoast SEO plugin v27.0 - https:\/\/yoast.com\/product\/yoast-seo-wordpress\/ -->\n<title>Condyline (Condylox) - T\u00f5hus t\u00fc\u00fckade ravi | Transtoyou<\/title>\n<meta name=\"description\" content=\"Condyline (Condylox) suguelundade t\u00fc\u00fckade jaoks. Tellige veebis Transtoyou&#039;s. T\u00f5hus, lihtne kodune kasutamine. Alustage ravi t\u00e4na, saadaval kohe.\" \/>\n<meta name=\"robots\" content=\"noindex, follow, max-snippet:-1, max-image-preview:large, max-video-preview:-1\" \/>\n<meta property=\"og:locale\" content=\"et_EE\" \/>\n<meta property=\"og:type\" content=\"article\" \/>\n<meta property=\"og:title\" content=\"Condyline (Condylox) - T\u00f5hus t\u00fc\u00fckade ravi | Transtoyou\" \/>\n<meta property=\"og:description\" content=\"Condyline (Condylox) suguelundade t\u00fc\u00fckade jaoks. Tellige veebis Transtoyou&#039;s. T\u00f5hus, lihtne kodune kasutamine. Alustage ravi t\u00e4na, saadaval kohe.\" \/>\n<meta property=\"og:url\" content=\"https:\/\/www.transtoyou.com\/et\/product\/condyline-condylox\/\" \/>\n<meta property=\"og:site_name\" content=\"Transtoyou - ET\" \/>\n<meta property=\"article:modified_time\" content=\"2026-01-25T22:27:31+00:00\" \/>\n<meta name=\"twitter:card\" content=\"summary_large_image\" \/>\n<meta name=\"twitter:label1\" content=\"Est. reading time\" \/>\n\t<meta name=\"twitter:data1\" content=\"1 minut\" \/>\n<script type=\"application\/ld+json\" class=\"yoast-schema-graph\">{\"@context\":\"https:\/\/schema.org\",\"@graph\":[{\"@type\":\"WebPage\",\"@id\":\"https:\/\/www.transtoyou.com\/et\/product\/condyline-condylox\/\",\"url\":\"https:\/\/www.transtoyou.com\/et\/product\/condyline-condylox\/\",\"name\":\"Condyline (Condylox) - T\u00f5hus t\u00fc\u00fckade ravi | Transtoyou\",\"isPartOf\":{\"@id\":\"https:\/\/www.transtoyou.com\/et\/#website\"},\"primaryImageOfPage\":{\"@id\":\"https:\/\/www.transtoyou.com\/et\/product\/condyline-condylox\/#primaryimage\"},\"image\":{\"@id\":\"https:\/\/www.transtoyou.com\/et\/product\/condyline-condylox\/#primaryimage\"},\"thumbnailUrl\":\"https:\/\/www.transtoyou.com\/et\/wp-content\/uploads\/sites\/7\/2026\/01\/tty-no-product-image-171.webp\",\"datePublished\":\"2026-01-25T22:26:36+00:00\",\"dateModified\":\"2026-01-25T22:27:31+00:00\",\"description\":\"Condyline (Condylox) suguelundade t\u00fc\u00fckade jaoks. Tellige veebis Transtoyou's. T\u00f5hus, lihtne kodune kasutamine. Alustage ravi t\u00e4na, saadaval kohe.\",\"breadcrumb\":{\"@id\":\"https:\/\/www.transtoyou.com\/et\/product\/condyline-condylox\/#breadcrumb\"},\"inLanguage\":\"et\",\"potentialAction\":[{\"@type\":\"ReadAction\",\"target\":[\"https:\/\/www.transtoyou.com\/et\/product\/condyline-condylox\/\"]}]},{\"@type\":\"ImageObject\",\"inLanguage\":\"et\",\"@id\":\"https:\/\/www.transtoyou.com\/et\/product\/condyline-condylox\/#primaryimage\",\"url\":\"https:\/\/www.transtoyou.com\/et\/wp-content\/uploads\/sites\/7\/2026\/01\/tty-no-product-image-171.webp\",\"contentUrl\":\"https:\/\/www.transtoyou.com\/et\/wp-content\/uploads\/sites\/7\/2026\/01\/tty-no-product-image-171.webp\",\"width\":1000,\"height\":1000,\"caption\":\"Vaikimisi toote pilt\"},{\"@type\":\"WebSite\",\"@id\":\"https:\/\/www.transtoyou.com\/et\/#website\",\"url\":\"https:\/\/www.transtoyou.com\/et\/\",\"name\":\"Transtoyou - ET\",\"description\":\"\",\"publisher\":{\"@id\":\"https:\/\/www.transtoyou.com\/et\/#organization\"},\"potentialAction\":[{\"@type\":\"SearchAction\",\"target\":{\"@type\":\"EntryPoint\",\"urlTemplate\":\"https:\/\/www.transtoyou.com\/et\/?s={search_term_string}\"},\"query-input\":{\"@type\":\"PropertyValueSpecification\",\"valueRequired\":true,\"valueName\":\"search_term_string\"}}],\"inLanguage\":\"et\"},{\"@type\":\"Organization\",\"@id\":\"https:\/\/www.transtoyou.com\/et\/#organization\",\"name\":\"Transtoyou - ET\",\"url\":\"https:\/\/www.transtoyou.com\/et\/\",\"logo\":{\"@type\":\"ImageObject\",\"inLanguage\":\"et\",\"@id\":\"https:\/\/www.transtoyou.com\/et\/#\/schema\/logo\/image\/\",\"url\":\"https:\/\/www.transtoyou.com\/et\/wp-content\/uploads\/sites\/7\/2026\/01\/logo-tty-menu-bar-300x87-1.webp\",\"contentUrl\":\"https:\/\/www.transtoyou.com\/et\/wp-content\/uploads\/sites\/7\/2026\/01\/logo-tty-menu-bar-300x87-1.webp\",\"width\":300,\"height\":87,\"caption\":\"Transtoyou - ET\"},\"image\":{\"@id\":\"https:\/\/www.transtoyou.com\/et\/#\/schema\/logo\/image\/\"}}]}<\/script>\n<!-- \/ Yoast SEO plugin. -->","yoast_head_json":{"title":"Condyline (Condylox) - T\u00f5hus t\u00fc\u00fckade ravi | Transtoyou","description":"Condyline (Condylox) suguelundade t\u00fc\u00fckade jaoks. Tellige veebis Transtoyou's. T\u00f5hus, lihtne kodune kasutamine. Alustage ravi t\u00e4na, saadaval kohe.","robots":{"index":"noindex","follow":"follow","max-snippet":"max-snippet:-1","max-image-preview":"max-image-preview:large","max-video-preview":"max-video-preview:-1"},"og_locale":"et_EE","og_type":"article","og_title":"Condyline (Condylox) - T\u00f5hus t\u00fc\u00fckade ravi | Transtoyou","og_description":"Condyline (Condylox) suguelundade t\u00fc\u00fckade jaoks. Tellige veebis Transtoyou's. T\u00f5hus, lihtne kodune kasutamine. Alustage ravi t\u00e4na, saadaval kohe.","og_url":"https:\/\/www.transtoyou.com\/et\/product\/condyline-condylox\/","og_site_name":"Transtoyou - ET","article_modified_time":"2026-01-25T22:27:31+00:00","twitter_card":"summary_large_image","twitter_misc":{"Est. reading time":"1 minut"},"schema":{"@context":"https:\/\/schema.org","@graph":[{"@type":"WebPage","@id":"https:\/\/www.transtoyou.com\/et\/product\/condyline-condylox\/","url":"https:\/\/www.transtoyou.com\/et\/product\/condyline-condylox\/","name":"Condyline (Condylox) - T\u00f5hus t\u00fc\u00fckade ravi | Transtoyou","isPartOf":{"@id":"https:\/\/www.transtoyou.com\/et\/#website"},"primaryImageOfPage":{"@id":"https:\/\/www.transtoyou.com\/et\/product\/condyline-condylox\/#primaryimage"},"image":{"@id":"https:\/\/www.transtoyou.com\/et\/product\/condyline-condylox\/#primaryimage"},"thumbnailUrl":"https:\/\/www.transtoyou.com\/et\/wp-content\/uploads\/sites\/7\/2026\/01\/tty-no-product-image-171.webp","datePublished":"2026-01-25T22:26:36+00:00","dateModified":"2026-01-25T22:27:31+00:00","description":"Condyline (Condylox) suguelundade t\u00fc\u00fckade jaoks. Tellige veebis Transtoyou's. T\u00f5hus, lihtne kodune kasutamine. Alustage ravi t\u00e4na, saadaval kohe.","breadcrumb":{"@id":"https:\/\/www.transtoyou.com\/et\/product\/condyline-condylox\/#breadcrumb"},"inLanguage":"et","potentialAction":[{"@type":"ReadAction","target":["https:\/\/www.transtoyou.com\/et\/product\/condyline-condylox\/"]}]},{"@type":"ImageObject","inLanguage":"et","@id":"https:\/\/www.transtoyou.com\/et\/product\/condyline-condylox\/#primaryimage","url":"https:\/\/www.transtoyou.com\/et\/wp-content\/uploads\/sites\/7\/2026\/01\/tty-no-product-image-171.webp","contentUrl":"https:\/\/www.transtoyou.com\/et\/wp-content\/uploads\/sites\/7\/2026\/01\/tty-no-product-image-171.webp","width":1000,"height":1000,"caption":"Vaikimisi toote pilt"},{"@type":"WebSite","@id":"https:\/\/www.transtoyou.com\/et\/#website","url":"https:\/\/www.transtoyou.com\/et\/","name":"Transtoyou - ET","description":"","publisher":{"@id":"https:\/\/www.transtoyou.com\/et\/#organization"},"potentialAction":[{"@type":"SearchAction","target":{"@type":"EntryPoint","urlTemplate":"https:\/\/www.transtoyou.com\/et\/?s={search_term_string}"},"query-input":{"@type":"PropertyValueSpecification","valueRequired":true,"valueName":"search_term_string"}}],"inLanguage":"et"},{"@type":"Organization","@id":"https:\/\/www.transtoyou.com\/et\/#organization","name":"Transtoyou - ET","url":"https:\/\/www.transtoyou.com\/et\/","logo":{"@type":"ImageObject","inLanguage":"et","@id":"https:\/\/www.transtoyou.com\/et\/#\/schema\/logo\/image\/","url":"https:\/\/www.transtoyou.com\/et\/wp-content\/uploads\/sites\/7\/2026\/01\/logo-tty-menu-bar-300x87-1.webp","contentUrl":"https:\/\/www.transtoyou.com\/et\/wp-content\/uploads\/sites\/7\/2026\/01\/logo-tty-menu-bar-300x87-1.webp","width":300,"height":87,"caption":"Transtoyou - ET"},"image":{"@id":"https:\/\/www.transtoyou.com\/et\/#\/schema\/logo\/image\/"}}]}},"_links":{"self":[{"href":"https:\/\/www.transtoyou.com\/et\/wp-json\/wp\/v2\/product\/1223","targetHints":{"allow":["GET"]}}],"collection":[{"href":"https:\/\/www.transtoyou.com\/et\/wp-json\/wp\/v2\/product"}],"about":[{"href":"https:\/\/www.transtoyou.com\/et\/wp-json\/wp\/v2\/types\/product"}],"replies":[{"embeddable":true,"href":"https:\/\/www.transtoyou.com\/et\/wp-json\/wp\/v2\/comments?post=1223"}],"wp:featuredmedia":[{"embeddable":true,"href":"https:\/\/www.transtoyou.com\/et\/wp-json\/wp\/v2\/media\/1224"}],"wp:attachment":[{"href":"https:\/\/www.transtoyou.com\/et\/wp-json\/wp\/v2\/media?parent=1223"}],"wp:term":[{"taxonomy":"product_brand","embeddable":true,"href":"https:\/\/www.transtoyou.com\/et\/wp-json\/wp\/v2\/product_brand?post=1223"},{"taxonomy":"product_cat","embeddable":true,"href":"https:\/\/www.transtoyou.com\/et\/wp-json\/wp\/v2\/product_cat?post=1223"},{"taxonomy":"product_tag","embeddable":true,"href":"https:\/\/www.transtoyou.com\/et\/wp-json\/wp\/v2\/product_tag?post=1223"},{"taxonomy":"expert","embeddable":true,"href":"https:\/\/www.transtoyou.com\/et\/wp-json\/wp\/v2\/expert?post=1223"}],"curies":[{"name":"wp","href":"https:\/\/api.w.org\/{rel}","templated":true}]}}