{"id":1237,"date":"2026-01-26T01:48:34","date_gmt":"2026-01-25T23:48:34","guid":{"rendered":"https:\/\/www.transtoyou.com\/et\/product\/anoro-ellipta\/"},"modified":"2026-02-09T10:37:57","modified_gmt":"2026-02-09T08:37:57","slug":"anoro-ellipta","status":"publish","type":"product","link":"https:\/\/www.transtoyou.com\/et\/product\/anoro-ellipta\/","title":{"rendered":"Anoro Ellipta"},"content":{"rendered":"<p>Anoro Ellipta on retseptiravim, mida kasutatakse kroonilise obstruktiivse kopsuhaiguse (KOK) hooldusraviks, mis on progresseeruv kopsuhaigus, mis raskendab hingamist. See sisaldab kahte toimeainet, umeclidiniumbromiidi ja vilanteroltrifenataati, mis manustatakse mugava inhalaatori kaudu. Iga pihustus annab 55 mikrogrammi umeclidiniumit ja 22 mikrogrammi vilanterooli.<\/p>\n<p>Anoro Ellipta toimib, l\u00f5dvestades ja avades kopsude \u00f5huteid, muutes hingamise lihtsamaks. Umeclidinium on pikaajaline muskariinantagonist (LAMA), tuntud ka kui antikolinergik. See blokeerib muskariinseid retseptoreid \u00f5huteede lihastes, takistades nende pingutamist. Vilanterol on aga pikaajaline beet-2 adrenergilise agonist (LABA). See stimuleerib beet-2 retseptoreid \u00f5huteede lihastes, p\u00f5hjustades nende l\u00f5dvestumist. Koos need kaks komponenti pakuvad kahekordset bronhodilatsiooni, hoides \u00f5huteed avatud, et parandada \u00f5huvoolu.<\/p>\n<p>Anoro Ellipta on spetsiaalselt ette n\u00e4htud t\u00e4iskasvanutele, kellel on KOK, sealhulgas krooniline bronhiit ja emf\u00fcseem. See ei ole m\u00f5eldud astma raviks ega \u00e4kiliste hingamisraskuste (\u00e4ge bronhospasm) leevendamiseks. Selle asemel kasutatakse seda hooldusravina s\u00fcmptomite, nagu \u00f5hupuudus, k\u00f6ha ja rindkere pinget, juhtimiseks.<\/p>\n<p>Keskendudes erinevatele mehhanismidele, mis kontrollivad \u00f5huteede kitsendust, v\u00e4hendab Anoro Ellipta \u00f5huteede vastupanu ja parandab kopsufunktsiooni. Uuringud on n\u00e4idanud, et see suurendab m\u00e4rkimisv\u00e4\u00e4rselt sundv\u00e4ljahingatava \u00f5hu mahtu (FEV1), mis on kopsu mahtude m\u00f5\u00f5t, v\u00f5rreldes individuaalsete komponentide v\u00f5i platseeboga. See paranemine aitab patsientidel kergemini hingata ja v\u00e4hendab aja jooksul KOK-iga seotud s\u00fcmptomeid.<\/p>\n<p>Kasutamise eelised:<\/p>\n<ul>\n<li>Pikaajaline leevendus \u2013 \u00dcks p\u00e4evane annus tagab 24-tunnise bronhodilatsiooni.<\/li>\n<li>Paranenud kopsufunktsioon \u2013 Kliinilised uuringud n\u00e4itasid FEV1 m\u00e4rkimisv\u00e4\u00e4rset suurenemist v\u00f5rreldes teiste ravimeetoditega.<\/li>\n<li>Mugavus \u2013 \u00dcks kord p\u00e4evas kasutatav inhalaator on lihtne kasutada ja tagab j\u00e4rjepideva annustamise.<\/li>\n<li>S\u00fcmptomite kontroll \u2013 Regulaarne kasutamine aitab v\u00e4hendada \u00f5hupuudust ja parandada KOK patsientide \u00fcldist elukvaliteeti.<\/li>\n<\/ul>\n","protected":false},"excerpt":{"rendered":"<ul>\n<li>Kaksikbronkodilatsioon parema hingamise jaoks<\/li>\n<li> mugav kord p\u00e4evas kasutatav inhalaator<\/li>\n<li>T\u00f5estatud kopsufunktsiooni parandamine<\/li>\n<\/ul>\n","protected":false},"featured_media":1238,"comment_status":"open","ping_status":"closed","template":"","meta":[],"product_brand":[],"product_cat":[115],"product_tag":[],"expert":[18],"class_list":{"0":"post-1237","1":"product","2":"type-product","3":"status-publish","4":"has-post-thumbnail","6":"product_cat-kopd","7":"expert-dr-g-varbanov","9":"first","10":"outofstock","11":"shipping-taxable","12":"purchasable","13":"product-type-variable"},"yoast_head":"<!-- This site is optimized with the Yoast SEO plugin v27.0 - https:\/\/yoast.com\/product\/yoast-seo-wordpress\/ -->\n<title>Anoro Ellipta | Igap\u00e4evane Inhalatsiooniseade KOPD S\u00fcmtomite Leevendamiseks - Transtoyou - ET<\/title>\n<meta name=\"description\" content=\"Osta Anoro Ellipta KOK-i hoolduseks. Kahe toimega inhalaator avab hingamisteed, et hingamine oleks lihtsam. Saadaval Transtoyou&#039;s, vajalik arstikonsultatsioon.\" \/>\n<meta name=\"robots\" content=\"noindex, follow, max-snippet:-1, max-image-preview:large, max-video-preview:-1\" \/>\n<meta property=\"og:locale\" content=\"et_EE\" \/>\n<meta property=\"og:type\" content=\"article\" \/>\n<meta property=\"og:title\" content=\"Anoro Ellipta | Igap\u00e4evane Inhalatsiooniseade KOPD S\u00fcmtomite Leevendamiseks - Transtoyou - ET\" \/>\n<meta property=\"og:description\" content=\"Osta Anoro Ellipta KOK-i hoolduseks. Kahe toimega inhalaator avab hingamisteed, et hingamine oleks lihtsam. Saadaval Transtoyou&#039;s, vajalik arstikonsultatsioon.\" \/>\n<meta property=\"og:url\" content=\"https:\/\/www.transtoyou.com\/et\/product\/anoro-ellipta\/\" \/>\n<meta property=\"og:site_name\" content=\"Transtoyou - ET\" \/>\n<meta property=\"article:modified_time\" content=\"2026-02-09T08:37:57+00:00\" \/>\n<meta name=\"twitter:card\" content=\"summary_large_image\" \/>\n<meta name=\"twitter:label1\" content=\"Est. reading time\" \/>\n\t<meta name=\"twitter:data1\" content=\"1 minut\" \/>\n<script type=\"application\/ld+json\" class=\"yoast-schema-graph\">{\"@context\":\"https:\/\/schema.org\",\"@graph\":[{\"@type\":\"WebPage\",\"@id\":\"https:\/\/www.transtoyou.com\/et\/product\/anoro-ellipta\/\",\"url\":\"https:\/\/www.transtoyou.com\/et\/product\/anoro-ellipta\/\",\"name\":\"Anoro Ellipta | Igap\u00e4evane Inhalatsiooniseade KOPD S\u00fcmtomite Leevendamiseks - Transtoyou - ET\",\"isPartOf\":{\"@id\":\"https:\/\/www.transtoyou.com\/et\/#website\"},\"primaryImageOfPage\":{\"@id\":\"https:\/\/www.transtoyou.com\/et\/product\/anoro-ellipta\/#primaryimage\"},\"image\":{\"@id\":\"https:\/\/www.transtoyou.com\/et\/product\/anoro-ellipta\/#primaryimage\"},\"thumbnailUrl\":\"https:\/\/www.transtoyou.com\/et\/wp-content\/uploads\/sites\/7\/2026\/01\/tty-no-product-image-176.webp\",\"datePublished\":\"2026-01-25T23:48:34+00:00\",\"dateModified\":\"2026-02-09T08:37:57+00:00\",\"description\":\"Osta Anoro Ellipta KOK-i hoolduseks. Kahe toimega inhalaator avab hingamisteed, et hingamine oleks lihtsam. Saadaval Transtoyou's, vajalik arstikonsultatsioon.\",\"breadcrumb\":{\"@id\":\"https:\/\/www.transtoyou.com\/et\/product\/anoro-ellipta\/#breadcrumb\"},\"inLanguage\":\"et\",\"potentialAction\":[{\"@type\":\"ReadAction\",\"target\":[\"https:\/\/www.transtoyou.com\/et\/product\/anoro-ellipta\/\"]}]},{\"@type\":\"ImageObject\",\"inLanguage\":\"et\",\"@id\":\"https:\/\/www.transtoyou.com\/et\/product\/anoro-ellipta\/#primaryimage\",\"url\":\"https:\/\/www.transtoyou.com\/et\/wp-content\/uploads\/sites\/7\/2026\/01\/tty-no-product-image-176.webp\",\"contentUrl\":\"https:\/\/www.transtoyou.com\/et\/wp-content\/uploads\/sites\/7\/2026\/01\/tty-no-product-image-176.webp\",\"width\":1000,\"height\":1000,\"caption\":\"Vaikimisi toote pilt\"},{\"@type\":\"WebSite\",\"@id\":\"https:\/\/www.transtoyou.com\/et\/#website\",\"url\":\"https:\/\/www.transtoyou.com\/et\/\",\"name\":\"Transtoyou - ET\",\"description\":\"\",\"publisher\":{\"@id\":\"https:\/\/www.transtoyou.com\/et\/#organization\"},\"potentialAction\":[{\"@type\":\"SearchAction\",\"target\":{\"@type\":\"EntryPoint\",\"urlTemplate\":\"https:\/\/www.transtoyou.com\/et\/?s={search_term_string}\"},\"query-input\":{\"@type\":\"PropertyValueSpecification\",\"valueRequired\":true,\"valueName\":\"search_term_string\"}}],\"inLanguage\":\"et\"},{\"@type\":\"Organization\",\"@id\":\"https:\/\/www.transtoyou.com\/et\/#organization\",\"name\":\"Transtoyou - ET\",\"url\":\"https:\/\/www.transtoyou.com\/et\/\",\"logo\":{\"@type\":\"ImageObject\",\"inLanguage\":\"et\",\"@id\":\"https:\/\/www.transtoyou.com\/et\/#\/schema\/logo\/image\/\",\"url\":\"https:\/\/www.transtoyou.com\/et\/wp-content\/uploads\/sites\/7\/2026\/01\/logo-tty-menu-bar-300x87-1.webp\",\"contentUrl\":\"https:\/\/www.transtoyou.com\/et\/wp-content\/uploads\/sites\/7\/2026\/01\/logo-tty-menu-bar-300x87-1.webp\",\"width\":300,\"height\":87,\"caption\":\"Transtoyou - ET\"},\"image\":{\"@id\":\"https:\/\/www.transtoyou.com\/et\/#\/schema\/logo\/image\/\"}}]}<\/script>\n<!-- \/ Yoast SEO plugin. -->","yoast_head_json":{"title":"Anoro Ellipta | Igap\u00e4evane Inhalatsiooniseade KOPD S\u00fcmtomite Leevendamiseks - Transtoyou - ET","description":"Osta Anoro Ellipta KOK-i hoolduseks. Kahe toimega inhalaator avab hingamisteed, et hingamine oleks lihtsam. Saadaval Transtoyou's, vajalik arstikonsultatsioon.","robots":{"index":"noindex","follow":"follow","max-snippet":"max-snippet:-1","max-image-preview":"max-image-preview:large","max-video-preview":"max-video-preview:-1"},"og_locale":"et_EE","og_type":"article","og_title":"Anoro Ellipta | Igap\u00e4evane Inhalatsiooniseade KOPD S\u00fcmtomite Leevendamiseks - Transtoyou - ET","og_description":"Osta Anoro Ellipta KOK-i hoolduseks. Kahe toimega inhalaator avab hingamisteed, et hingamine oleks lihtsam. Saadaval Transtoyou's, vajalik arstikonsultatsioon.","og_url":"https:\/\/www.transtoyou.com\/et\/product\/anoro-ellipta\/","og_site_name":"Transtoyou - ET","article_modified_time":"2026-02-09T08:37:57+00:00","twitter_card":"summary_large_image","twitter_misc":{"Est. reading time":"1 minut"},"schema":{"@context":"https:\/\/schema.org","@graph":[{"@type":"WebPage","@id":"https:\/\/www.transtoyou.com\/et\/product\/anoro-ellipta\/","url":"https:\/\/www.transtoyou.com\/et\/product\/anoro-ellipta\/","name":"Anoro Ellipta | Igap\u00e4evane Inhalatsiooniseade KOPD S\u00fcmtomite Leevendamiseks - Transtoyou - ET","isPartOf":{"@id":"https:\/\/www.transtoyou.com\/et\/#website"},"primaryImageOfPage":{"@id":"https:\/\/www.transtoyou.com\/et\/product\/anoro-ellipta\/#primaryimage"},"image":{"@id":"https:\/\/www.transtoyou.com\/et\/product\/anoro-ellipta\/#primaryimage"},"thumbnailUrl":"https:\/\/www.transtoyou.com\/et\/wp-content\/uploads\/sites\/7\/2026\/01\/tty-no-product-image-176.webp","datePublished":"2026-01-25T23:48:34+00:00","dateModified":"2026-02-09T08:37:57+00:00","description":"Osta Anoro Ellipta KOK-i hoolduseks. Kahe toimega inhalaator avab hingamisteed, et hingamine oleks lihtsam. Saadaval Transtoyou's, vajalik arstikonsultatsioon.","breadcrumb":{"@id":"https:\/\/www.transtoyou.com\/et\/product\/anoro-ellipta\/#breadcrumb"},"inLanguage":"et","potentialAction":[{"@type":"ReadAction","target":["https:\/\/www.transtoyou.com\/et\/product\/anoro-ellipta\/"]}]},{"@type":"ImageObject","inLanguage":"et","@id":"https:\/\/www.transtoyou.com\/et\/product\/anoro-ellipta\/#primaryimage","url":"https:\/\/www.transtoyou.com\/et\/wp-content\/uploads\/sites\/7\/2026\/01\/tty-no-product-image-176.webp","contentUrl":"https:\/\/www.transtoyou.com\/et\/wp-content\/uploads\/sites\/7\/2026\/01\/tty-no-product-image-176.webp","width":1000,"height":1000,"caption":"Vaikimisi toote pilt"},{"@type":"WebSite","@id":"https:\/\/www.transtoyou.com\/et\/#website","url":"https:\/\/www.transtoyou.com\/et\/","name":"Transtoyou - ET","description":"","publisher":{"@id":"https:\/\/www.transtoyou.com\/et\/#organization"},"potentialAction":[{"@type":"SearchAction","target":{"@type":"EntryPoint","urlTemplate":"https:\/\/www.transtoyou.com\/et\/?s={search_term_string}"},"query-input":{"@type":"PropertyValueSpecification","valueRequired":true,"valueName":"search_term_string"}}],"inLanguage":"et"},{"@type":"Organization","@id":"https:\/\/www.transtoyou.com\/et\/#organization","name":"Transtoyou - ET","url":"https:\/\/www.transtoyou.com\/et\/","logo":{"@type":"ImageObject","inLanguage":"et","@id":"https:\/\/www.transtoyou.com\/et\/#\/schema\/logo\/image\/","url":"https:\/\/www.transtoyou.com\/et\/wp-content\/uploads\/sites\/7\/2026\/01\/logo-tty-menu-bar-300x87-1.webp","contentUrl":"https:\/\/www.transtoyou.com\/et\/wp-content\/uploads\/sites\/7\/2026\/01\/logo-tty-menu-bar-300x87-1.webp","width":300,"height":87,"caption":"Transtoyou - ET"},"image":{"@id":"https:\/\/www.transtoyou.com\/et\/#\/schema\/logo\/image\/"}}]}},"_links":{"self":[{"href":"https:\/\/www.transtoyou.com\/et\/wp-json\/wp\/v2\/product\/1237","targetHints":{"allow":["GET"]}}],"collection":[{"href":"https:\/\/www.transtoyou.com\/et\/wp-json\/wp\/v2\/product"}],"about":[{"href":"https:\/\/www.transtoyou.com\/et\/wp-json\/wp\/v2\/types\/product"}],"replies":[{"embeddable":true,"href":"https:\/\/www.transtoyou.com\/et\/wp-json\/wp\/v2\/comments?post=1237"}],"wp:featuredmedia":[{"embeddable":true,"href":"https:\/\/www.transtoyou.com\/et\/wp-json\/wp\/v2\/media\/1238"}],"wp:attachment":[{"href":"https:\/\/www.transtoyou.com\/et\/wp-json\/wp\/v2\/media?parent=1237"}],"wp:term":[{"taxonomy":"product_brand","embeddable":true,"href":"https:\/\/www.transtoyou.com\/et\/wp-json\/wp\/v2\/product_brand?post=1237"},{"taxonomy":"product_cat","embeddable":true,"href":"https:\/\/www.transtoyou.com\/et\/wp-json\/wp\/v2\/product_cat?post=1237"},{"taxonomy":"product_tag","embeddable":true,"href":"https:\/\/www.transtoyou.com\/et\/wp-json\/wp\/v2\/product_tag?post=1237"},{"taxonomy":"expert","embeddable":true,"href":"https:\/\/www.transtoyou.com\/et\/wp-json\/wp\/v2\/expert?post=1237"}],"curies":[{"name":"wp","href":"https:\/\/api.w.org\/{rel}","templated":true}]}}