{"id":1239,"date":"2026-01-26T02:08:23","date_gmt":"2026-01-26T00:08:23","guid":{"rendered":"https:\/\/www.transtoyou.com\/et\/product\/campral\/"},"modified":"2026-01-26T02:09:58","modified_gmt":"2026-01-26T00:09:58","slug":"campral","status":"publish","type":"product","link":"https:\/\/www.transtoyou.com\/et\/product\/campral\/","title":{"rendered":"Campral"},"content":{"rendered":"<p>Campral (Akamprosaad) on ravim, mis on m\u00f5eldud alkoholis\u00f5ltuvusest taastuvate isikute toetamiseks. See aitab v\u00e4hendada iha alkoholi j\u00e4rele ja toetab pikaajalist kainust, stabiliseerides neurotransmitterite aktiivsust ajus. Krooniline alkoholi tarbimine h\u00e4irib erutavate ja pidurdavate neurotransmitterite tasakaalu, mis viib s\u00f5ltuvuse ja v\u00f5\u00f5rutusn\u00e4htudeni. Campral toimib, moduleerides glutamaadi ja GABA aktiivsust, aidates ajul taastada oma loomulik tasakaal.<\/p>\n<p>Erinevalt ravimitest, mis p\u00f5hjustavad alkoholi tarbimisel ebameeldivaid k\u00f5rvaltoimeid, ei muuda Campral joomist ebameeldivaks. Selle asemel v\u00e4hendab see ps\u00fchholoogilist soovi juua, muutes isikutele kergemaks kainuse s\u00e4ilitamise. See on k\u00f5ige t\u00f5husam, kui seda kasutatakse koos n\u00f5ustamise v\u00f5i teraapiaga osana terviklikust raviprogrammist.<\/p>\n<p>V\u00e4hendades alkoholi iha, aitab Campral ennetada tagasilangust ja toetab pikaajalist taastumist. See ei ole s\u00f5ltuvust tekitav ja ei p\u00f5hjusta v\u00f5\u00f5rutusn\u00e4hte, kui ravi l\u00f5petatakse. Ravim on \u00fcldiselt h\u00e4sti talutav, k\u00f5ige levinumad k\u00f5rvaltoimed on kerged seedetrakti probleemid, nagu k\u00f5hulahtisus, iiveldus v\u00f5i k\u00f5huvalu. Need tavaliselt taanduvad aja jooksul, kui keha kohandub.<\/p>\n<p>Campral on eriti kasulik isikutele, kes on juba l\u00e4binud algse detoksikatsiooni faasi ja on p\u00fchendunud kainuse s\u00e4ilitamisele. Uuringud on n\u00e4idanud, et see suurendab pikaajalise kainuse t\u00f5en\u00e4osust, kui seda v\u00f5etakse vastavalt ettekirjutusele. Kuigi see ei toimi k\u00f5igile, on need, kes j\u00e4rgivad oma raviplaani ja saavad ps\u00fchholoogilist tuge, t\u00f5en\u00e4olisemalt kasu.<\/p>\n","protected":false},"excerpt":{"rendered":"<ul>\n<li>V\u00e4hendab isu ja toetab pikaajalist kainust<\/li>\n<li>Taastab aju tasakaalu p\u00e4rast alkoholi tarvitamist<\/li>\n<li>Ei tekita s\u00f5ltuvust ja on \u00fcldiselt h\u00e4sti talutav<\/li>\n<\/ul>\n","protected":false},"featured_media":1241,"comment_status":"open","ping_status":"closed","template":"","meta":[],"product_brand":[],"product_cat":[92],"product_tag":[],"expert":[16],"class_list":{"0":"post-1239","1":"product","2":"type-product","3":"status-publish","4":"has-post-thumbnail","6":"product_cat-alkoholi-taastumise-abivahendid","7":"expert-dr-c-alexandru","9":"first","10":"instock","11":"shipping-taxable","12":"product-type-variable"},"yoast_head":"<!-- This site is optimized with the Yoast SEO plugin v27.0 - https:\/\/yoast.com\/product\/yoast-seo-wordpress\/ -->\n<title>Campral | Toetamine alkoholi vaba elu elamiseks - Transtoyou - ET<\/title>\n<meta name=\"description\" content=\"Campral v\u00e4hendab alkoholi isusid, toetades taastumist. Mitte s\u00f5ltuvust tekitav ja h\u00e4sti talutav, aitab see pikaajalist kainust. Saadaval Transtoyou.\" \/>\n<meta name=\"robots\" content=\"noindex, follow, max-snippet:-1, max-image-preview:large, max-video-preview:-1\" \/>\n<meta property=\"og:locale\" content=\"et_EE\" \/>\n<meta property=\"og:type\" content=\"article\" \/>\n<meta property=\"og:title\" content=\"Campral | Toetamine alkoholi vaba elu elamiseks - Transtoyou - ET\" \/>\n<meta property=\"og:description\" content=\"Campral v\u00e4hendab alkoholi isusid, toetades taastumist. Mitte s\u00f5ltuvust tekitav ja h\u00e4sti talutav, aitab see pikaajalist kainust. Saadaval Transtoyou.\" \/>\n<meta property=\"og:url\" content=\"https:\/\/www.transtoyou.com\/et\/product\/campral\/\" \/>\n<meta property=\"og:site_name\" content=\"Transtoyou - ET\" \/>\n<meta property=\"article:modified_time\" content=\"2026-01-26T00:09:58+00:00\" \/>\n<meta name=\"twitter:card\" content=\"summary_large_image\" \/>\n<meta name=\"twitter:label1\" content=\"Est. reading time\" \/>\n\t<meta name=\"twitter:data1\" content=\"1 minut\" \/>\n<script type=\"application\/ld+json\" class=\"yoast-schema-graph\">{\"@context\":\"https:\/\/schema.org\",\"@graph\":[{\"@type\":\"WebPage\",\"@id\":\"https:\/\/www.transtoyou.com\/et\/product\/campral\/\",\"url\":\"https:\/\/www.transtoyou.com\/et\/product\/campral\/\",\"name\":\"Campral | Toetamine alkoholi vaba elu elamiseks - Transtoyou - ET\",\"isPartOf\":{\"@id\":\"https:\/\/www.transtoyou.com\/et\/#website\"},\"primaryImageOfPage\":{\"@id\":\"https:\/\/www.transtoyou.com\/et\/product\/campral\/#primaryimage\"},\"image\":{\"@id\":\"https:\/\/www.transtoyou.com\/et\/product\/campral\/#primaryimage\"},\"thumbnailUrl\":\"https:\/\/www.transtoyou.com\/et\/wp-content\/uploads\/sites\/7\/2026\/01\/tty-no-product-image-177.webp\",\"datePublished\":\"2026-01-26T00:08:23+00:00\",\"dateModified\":\"2026-01-26T00:09:58+00:00\",\"description\":\"Campral v\u00e4hendab alkoholi isusid, toetades taastumist. Mitte s\u00f5ltuvust tekitav ja h\u00e4sti talutav, aitab see pikaajalist kainust. Saadaval Transtoyou.\",\"breadcrumb\":{\"@id\":\"https:\/\/www.transtoyou.com\/et\/product\/campral\/#breadcrumb\"},\"inLanguage\":\"et\",\"potentialAction\":[{\"@type\":\"ReadAction\",\"target\":[\"https:\/\/www.transtoyou.com\/et\/product\/campral\/\"]}]},{\"@type\":\"ImageObject\",\"inLanguage\":\"et\",\"@id\":\"https:\/\/www.transtoyou.com\/et\/product\/campral\/#primaryimage\",\"url\":\"https:\/\/www.transtoyou.com\/et\/wp-content\/uploads\/sites\/7\/2026\/01\/tty-no-product-image-177.webp\",\"contentUrl\":\"https:\/\/www.transtoyou.com\/et\/wp-content\/uploads\/sites\/7\/2026\/01\/tty-no-product-image-177.webp\",\"width\":1000,\"height\":1000,\"caption\":\"Vaikimisi toote pilt\"},{\"@type\":\"WebSite\",\"@id\":\"https:\/\/www.transtoyou.com\/et\/#website\",\"url\":\"https:\/\/www.transtoyou.com\/et\/\",\"name\":\"Transtoyou - ET\",\"description\":\"\",\"publisher\":{\"@id\":\"https:\/\/www.transtoyou.com\/et\/#organization\"},\"potentialAction\":[{\"@type\":\"SearchAction\",\"target\":{\"@type\":\"EntryPoint\",\"urlTemplate\":\"https:\/\/www.transtoyou.com\/et\/?s={search_term_string}\"},\"query-input\":{\"@type\":\"PropertyValueSpecification\",\"valueRequired\":true,\"valueName\":\"search_term_string\"}}],\"inLanguage\":\"et\"},{\"@type\":\"Organization\",\"@id\":\"https:\/\/www.transtoyou.com\/et\/#organization\",\"name\":\"Transtoyou - ET\",\"url\":\"https:\/\/www.transtoyou.com\/et\/\",\"logo\":{\"@type\":\"ImageObject\",\"inLanguage\":\"et\",\"@id\":\"https:\/\/www.transtoyou.com\/et\/#\/schema\/logo\/image\/\",\"url\":\"https:\/\/www.transtoyou.com\/et\/wp-content\/uploads\/sites\/7\/2026\/01\/logo-tty-menu-bar-300x87-1.webp\",\"contentUrl\":\"https:\/\/www.transtoyou.com\/et\/wp-content\/uploads\/sites\/7\/2026\/01\/logo-tty-menu-bar-300x87-1.webp\",\"width\":300,\"height\":87,\"caption\":\"Transtoyou - ET\"},\"image\":{\"@id\":\"https:\/\/www.transtoyou.com\/et\/#\/schema\/logo\/image\/\"}}]}<\/script>\n<!-- \/ Yoast SEO plugin. -->","yoast_head_json":{"title":"Campral | Toetamine alkoholi vaba elu elamiseks - Transtoyou - ET","description":"Campral v\u00e4hendab alkoholi isusid, toetades taastumist. Mitte s\u00f5ltuvust tekitav ja h\u00e4sti talutav, aitab see pikaajalist kainust. Saadaval Transtoyou.","robots":{"index":"noindex","follow":"follow","max-snippet":"max-snippet:-1","max-image-preview":"max-image-preview:large","max-video-preview":"max-video-preview:-1"},"og_locale":"et_EE","og_type":"article","og_title":"Campral | Toetamine alkoholi vaba elu elamiseks - Transtoyou - ET","og_description":"Campral v\u00e4hendab alkoholi isusid, toetades taastumist. Mitte s\u00f5ltuvust tekitav ja h\u00e4sti talutav, aitab see pikaajalist kainust. Saadaval Transtoyou.","og_url":"https:\/\/www.transtoyou.com\/et\/product\/campral\/","og_site_name":"Transtoyou - ET","article_modified_time":"2026-01-26T00:09:58+00:00","twitter_card":"summary_large_image","twitter_misc":{"Est. reading time":"1 minut"},"schema":{"@context":"https:\/\/schema.org","@graph":[{"@type":"WebPage","@id":"https:\/\/www.transtoyou.com\/et\/product\/campral\/","url":"https:\/\/www.transtoyou.com\/et\/product\/campral\/","name":"Campral | Toetamine alkoholi vaba elu elamiseks - Transtoyou - ET","isPartOf":{"@id":"https:\/\/www.transtoyou.com\/et\/#website"},"primaryImageOfPage":{"@id":"https:\/\/www.transtoyou.com\/et\/product\/campral\/#primaryimage"},"image":{"@id":"https:\/\/www.transtoyou.com\/et\/product\/campral\/#primaryimage"},"thumbnailUrl":"https:\/\/www.transtoyou.com\/et\/wp-content\/uploads\/sites\/7\/2026\/01\/tty-no-product-image-177.webp","datePublished":"2026-01-26T00:08:23+00:00","dateModified":"2026-01-26T00:09:58+00:00","description":"Campral v\u00e4hendab alkoholi isusid, toetades taastumist. Mitte s\u00f5ltuvust tekitav ja h\u00e4sti talutav, aitab see pikaajalist kainust. Saadaval Transtoyou.","breadcrumb":{"@id":"https:\/\/www.transtoyou.com\/et\/product\/campral\/#breadcrumb"},"inLanguage":"et","potentialAction":[{"@type":"ReadAction","target":["https:\/\/www.transtoyou.com\/et\/product\/campral\/"]}]},{"@type":"ImageObject","inLanguage":"et","@id":"https:\/\/www.transtoyou.com\/et\/product\/campral\/#primaryimage","url":"https:\/\/www.transtoyou.com\/et\/wp-content\/uploads\/sites\/7\/2026\/01\/tty-no-product-image-177.webp","contentUrl":"https:\/\/www.transtoyou.com\/et\/wp-content\/uploads\/sites\/7\/2026\/01\/tty-no-product-image-177.webp","width":1000,"height":1000,"caption":"Vaikimisi toote pilt"},{"@type":"WebSite","@id":"https:\/\/www.transtoyou.com\/et\/#website","url":"https:\/\/www.transtoyou.com\/et\/","name":"Transtoyou - ET","description":"","publisher":{"@id":"https:\/\/www.transtoyou.com\/et\/#organization"},"potentialAction":[{"@type":"SearchAction","target":{"@type":"EntryPoint","urlTemplate":"https:\/\/www.transtoyou.com\/et\/?s={search_term_string}"},"query-input":{"@type":"PropertyValueSpecification","valueRequired":true,"valueName":"search_term_string"}}],"inLanguage":"et"},{"@type":"Organization","@id":"https:\/\/www.transtoyou.com\/et\/#organization","name":"Transtoyou - ET","url":"https:\/\/www.transtoyou.com\/et\/","logo":{"@type":"ImageObject","inLanguage":"et","@id":"https:\/\/www.transtoyou.com\/et\/#\/schema\/logo\/image\/","url":"https:\/\/www.transtoyou.com\/et\/wp-content\/uploads\/sites\/7\/2026\/01\/logo-tty-menu-bar-300x87-1.webp","contentUrl":"https:\/\/www.transtoyou.com\/et\/wp-content\/uploads\/sites\/7\/2026\/01\/logo-tty-menu-bar-300x87-1.webp","width":300,"height":87,"caption":"Transtoyou - ET"},"image":{"@id":"https:\/\/www.transtoyou.com\/et\/#\/schema\/logo\/image\/"}}]}},"_links":{"self":[{"href":"https:\/\/www.transtoyou.com\/et\/wp-json\/wp\/v2\/product\/1239","targetHints":{"allow":["GET"]}}],"collection":[{"href":"https:\/\/www.transtoyou.com\/et\/wp-json\/wp\/v2\/product"}],"about":[{"href":"https:\/\/www.transtoyou.com\/et\/wp-json\/wp\/v2\/types\/product"}],"replies":[{"embeddable":true,"href":"https:\/\/www.transtoyou.com\/et\/wp-json\/wp\/v2\/comments?post=1239"}],"wp:featuredmedia":[{"embeddable":true,"href":"https:\/\/www.transtoyou.com\/et\/wp-json\/wp\/v2\/media\/1241"}],"wp:attachment":[{"href":"https:\/\/www.transtoyou.com\/et\/wp-json\/wp\/v2\/media?parent=1239"}],"wp:term":[{"taxonomy":"product_brand","embeddable":true,"href":"https:\/\/www.transtoyou.com\/et\/wp-json\/wp\/v2\/product_brand?post=1239"},{"taxonomy":"product_cat","embeddable":true,"href":"https:\/\/www.transtoyou.com\/et\/wp-json\/wp\/v2\/product_cat?post=1239"},{"taxonomy":"product_tag","embeddable":true,"href":"https:\/\/www.transtoyou.com\/et\/wp-json\/wp\/v2\/product_tag?post=1239"},{"taxonomy":"expert","embeddable":true,"href":"https:\/\/www.transtoyou.com\/et\/wp-json\/wp\/v2\/expert?post=1239"}],"curies":[{"name":"wp","href":"https:\/\/api.w.org\/{rel}","templated":true}]}}