{"id":1242,"date":"2026-01-26T02:29:24","date_gmt":"2026-01-26T00:29:24","guid":{"rendered":"https:\/\/www.transtoyou.com\/et\/product\/allergospasmin-n\/"},"modified":"2026-01-26T02:30:35","modified_gmt":"2026-01-26T00:30:35","slug":"allergospasmin-n","status":"publish","type":"product","link":"https:\/\/www.transtoyou.com\/et\/product\/allergospasmin-n\/","title":{"rendered":"Allergospasmin N"},"content":{"rendered":"<p>Hingamine on enamikule vaevata, kuid astma ja allergiliste bronhospasmidega v\u00f5itlejatele v\u00f5ib iga hinget\u00f5mme tunduda nagu lahing. Siin tulebki appi Allergospasmin N, usaldusv\u00e4\u00e4rne kaaslane hingamisraskuste vastu v\u00f5itlemisel.<\/p>\n<p>Allergospasmin N on loodud bronhide kitsenemise leevendamiseks ja \u00f5huvoolu parandamiseks, toimides kiiresti, et l\u00f5dvestada hingamisteede silelihaseid, leevendades astma, allergiate v\u00f5i muude hingamisteede seisundite p\u00f5hjustatud hingamisraskusi. Selle hoolikalt formuleeritud bronhodilataatorite ja antihistamiinide segu aitab avada \u00f5huteid, v\u00e4hendada p\u00f5letikku ja kontrollida allergilisi reaktsioone, mis k\u00e4ivitavad hingamisraskused.<\/p>\n<p>Olgu see ootamatu astma \u00e4genemine v\u00f5i allergiast tingitud vilistamine, Allergospasmin N pakub kiiret ja t\u00f5husat leevendust. See toimib k\u00f5ige paremini osana struktureeritud raviplaanist, pakkudes tuge nii \u00e4gedate kui ka krooniliste hingamisteede seisundite korral.<\/p>\n<p>Erinevalt m\u00f5nest ravimist, mis k\u00e4sitleb ainult \u00fchte hingamisraskuste aspekti, pakub Allergospasmin N terviklikku l\u00e4henemist, sihitud nii lihaskitsendusele kui ka allergilistele reaktsioonidele. Aitades inimestel taastada kontroll oma hingamise \u00fcle, annab see neile v\u00f5imaluse elada aktiivset ja piiranguteta elu.<\/p>\n<p>Kuigi see ravim on v\u00e4ga efektiivne, tuleks seda alati v\u00f5tta tervishoiut\u00f6\u00f6taja juhendamisel. M\u00f5ned inimesed v\u00f5ivad kogeda kergeid k\u00f5rvaltoimeid, nagu uimasus, suukuivus v\u00f5i kerge seedetrakti ebamugavustunne, mis tavaliselt aja jooksul taanduvad.<\/p>\n","protected":false},"excerpt":{"rendered":"<ul>\n<li>Kergendab astma ja allergiliste bronhospasmide s\u00fcmptomeid.<\/li>\n<li>Aitab avada hingamisteid ja parandada hingamist.<\/li>\n<li>Kiire toimega tugi hingamisraskuste korral.<\/li>\n<\/ul>\n","protected":false},"featured_media":1244,"comment_status":"open","ping_status":"closed","template":"","meta":[],"product_brand":[],"product_cat":[98],"product_tag":[],"expert":[16],"class_list":{"0":"post-1242","1":"product","2":"type-product","3":"status-publish","4":"has-post-thumbnail","6":"product_cat-astma","7":"expert-dr-c-alexandru","9":"first","10":"instock","11":"shipping-taxable","12":"product-type-variable"},"yoast_head":"<!-- This site is optimized with the Yoast SEO plugin v27.0 - https:\/\/yoast.com\/product\/yoast-seo-wordpress\/ -->\n<title>Allergospasmin N | Hingamise Tugi Lihtsalt - Transtoyou - ET<\/title>\n<meta name=\"description\" content=\"Allergospasmin N leevendab kiiresti astma ja allergia s\u00fcmptomeid, parandades \u00f5huvoolu. Osta n\u00fc\u00fcd t\u00f5husat leevendust hingamisraskustele.\" \/>\n<meta name=\"robots\" content=\"noindex, follow, max-snippet:-1, max-image-preview:large, max-video-preview:-1\" \/>\n<meta property=\"og:locale\" content=\"et_EE\" \/>\n<meta property=\"og:type\" content=\"article\" \/>\n<meta property=\"og:title\" content=\"Allergospasmin N | Hingamise Tugi Lihtsalt - Transtoyou - ET\" \/>\n<meta property=\"og:description\" content=\"Allergospasmin N leevendab kiiresti astma ja allergia s\u00fcmptomeid, parandades \u00f5huvoolu. Osta n\u00fc\u00fcd t\u00f5husat leevendust hingamisraskustele.\" \/>\n<meta property=\"og:url\" content=\"https:\/\/www.transtoyou.com\/et\/product\/allergospasmin-n\/\" \/>\n<meta property=\"og:site_name\" content=\"Transtoyou - ET\" \/>\n<meta property=\"article:modified_time\" content=\"2026-01-26T00:30:35+00:00\" \/>\n<meta name=\"twitter:card\" content=\"summary_large_image\" \/>\n<meta name=\"twitter:label1\" content=\"Est. reading time\" \/>\n\t<meta name=\"twitter:data1\" content=\"1 minut\" \/>\n<script type=\"application\/ld+json\" class=\"yoast-schema-graph\">{\"@context\":\"https:\/\/schema.org\",\"@graph\":[{\"@type\":\"WebPage\",\"@id\":\"https:\/\/www.transtoyou.com\/et\/product\/allergospasmin-n\/\",\"url\":\"https:\/\/www.transtoyou.com\/et\/product\/allergospasmin-n\/\",\"name\":\"Allergospasmin N | Hingamise Tugi Lihtsalt - Transtoyou - ET\",\"isPartOf\":{\"@id\":\"https:\/\/www.transtoyou.com\/et\/#website\"},\"primaryImageOfPage\":{\"@id\":\"https:\/\/www.transtoyou.com\/et\/product\/allergospasmin-n\/#primaryimage\"},\"image\":{\"@id\":\"https:\/\/www.transtoyou.com\/et\/product\/allergospasmin-n\/#primaryimage\"},\"thumbnailUrl\":\"https:\/\/www.transtoyou.com\/et\/wp-content\/uploads\/sites\/7\/2026\/01\/tty-no-product-image-178.webp\",\"datePublished\":\"2026-01-26T00:29:24+00:00\",\"dateModified\":\"2026-01-26T00:30:35+00:00\",\"description\":\"Allergospasmin N leevendab kiiresti astma ja allergia s\u00fcmptomeid, parandades \u00f5huvoolu. Osta n\u00fc\u00fcd t\u00f5husat leevendust hingamisraskustele.\",\"breadcrumb\":{\"@id\":\"https:\/\/www.transtoyou.com\/et\/product\/allergospasmin-n\/#breadcrumb\"},\"inLanguage\":\"et\",\"potentialAction\":[{\"@type\":\"ReadAction\",\"target\":[\"https:\/\/www.transtoyou.com\/et\/product\/allergospasmin-n\/\"]}]},{\"@type\":\"ImageObject\",\"inLanguage\":\"et\",\"@id\":\"https:\/\/www.transtoyou.com\/et\/product\/allergospasmin-n\/#primaryimage\",\"url\":\"https:\/\/www.transtoyou.com\/et\/wp-content\/uploads\/sites\/7\/2026\/01\/tty-no-product-image-178.webp\",\"contentUrl\":\"https:\/\/www.transtoyou.com\/et\/wp-content\/uploads\/sites\/7\/2026\/01\/tty-no-product-image-178.webp\",\"width\":1000,\"height\":1000,\"caption\":\"Vaikimisi toote pilt\"},{\"@type\":\"WebSite\",\"@id\":\"https:\/\/www.transtoyou.com\/et\/#website\",\"url\":\"https:\/\/www.transtoyou.com\/et\/\",\"name\":\"Transtoyou - ET\",\"description\":\"\",\"publisher\":{\"@id\":\"https:\/\/www.transtoyou.com\/et\/#organization\"},\"potentialAction\":[{\"@type\":\"SearchAction\",\"target\":{\"@type\":\"EntryPoint\",\"urlTemplate\":\"https:\/\/www.transtoyou.com\/et\/?s={search_term_string}\"},\"query-input\":{\"@type\":\"PropertyValueSpecification\",\"valueRequired\":true,\"valueName\":\"search_term_string\"}}],\"inLanguage\":\"et\"},{\"@type\":\"Organization\",\"@id\":\"https:\/\/www.transtoyou.com\/et\/#organization\",\"name\":\"Transtoyou - ET\",\"url\":\"https:\/\/www.transtoyou.com\/et\/\",\"logo\":{\"@type\":\"ImageObject\",\"inLanguage\":\"et\",\"@id\":\"https:\/\/www.transtoyou.com\/et\/#\/schema\/logo\/image\/\",\"url\":\"https:\/\/www.transtoyou.com\/et\/wp-content\/uploads\/sites\/7\/2026\/01\/logo-tty-menu-bar-300x87-1.webp\",\"contentUrl\":\"https:\/\/www.transtoyou.com\/et\/wp-content\/uploads\/sites\/7\/2026\/01\/logo-tty-menu-bar-300x87-1.webp\",\"width\":300,\"height\":87,\"caption\":\"Transtoyou - ET\"},\"image\":{\"@id\":\"https:\/\/www.transtoyou.com\/et\/#\/schema\/logo\/image\/\"}}]}<\/script>\n<!-- \/ Yoast SEO plugin. -->","yoast_head_json":{"title":"Allergospasmin N | Hingamise Tugi Lihtsalt - Transtoyou - ET","description":"Allergospasmin N leevendab kiiresti astma ja allergia s\u00fcmptomeid, parandades \u00f5huvoolu. Osta n\u00fc\u00fcd t\u00f5husat leevendust hingamisraskustele.","robots":{"index":"noindex","follow":"follow","max-snippet":"max-snippet:-1","max-image-preview":"max-image-preview:large","max-video-preview":"max-video-preview:-1"},"og_locale":"et_EE","og_type":"article","og_title":"Allergospasmin N | Hingamise Tugi Lihtsalt - Transtoyou - ET","og_description":"Allergospasmin N leevendab kiiresti astma ja allergia s\u00fcmptomeid, parandades \u00f5huvoolu. Osta n\u00fc\u00fcd t\u00f5husat leevendust hingamisraskustele.","og_url":"https:\/\/www.transtoyou.com\/et\/product\/allergospasmin-n\/","og_site_name":"Transtoyou - ET","article_modified_time":"2026-01-26T00:30:35+00:00","twitter_card":"summary_large_image","twitter_misc":{"Est. reading time":"1 minut"},"schema":{"@context":"https:\/\/schema.org","@graph":[{"@type":"WebPage","@id":"https:\/\/www.transtoyou.com\/et\/product\/allergospasmin-n\/","url":"https:\/\/www.transtoyou.com\/et\/product\/allergospasmin-n\/","name":"Allergospasmin N | Hingamise Tugi Lihtsalt - Transtoyou - ET","isPartOf":{"@id":"https:\/\/www.transtoyou.com\/et\/#website"},"primaryImageOfPage":{"@id":"https:\/\/www.transtoyou.com\/et\/product\/allergospasmin-n\/#primaryimage"},"image":{"@id":"https:\/\/www.transtoyou.com\/et\/product\/allergospasmin-n\/#primaryimage"},"thumbnailUrl":"https:\/\/www.transtoyou.com\/et\/wp-content\/uploads\/sites\/7\/2026\/01\/tty-no-product-image-178.webp","datePublished":"2026-01-26T00:29:24+00:00","dateModified":"2026-01-26T00:30:35+00:00","description":"Allergospasmin N leevendab kiiresti astma ja allergia s\u00fcmptomeid, parandades \u00f5huvoolu. Osta n\u00fc\u00fcd t\u00f5husat leevendust hingamisraskustele.","breadcrumb":{"@id":"https:\/\/www.transtoyou.com\/et\/product\/allergospasmin-n\/#breadcrumb"},"inLanguage":"et","potentialAction":[{"@type":"ReadAction","target":["https:\/\/www.transtoyou.com\/et\/product\/allergospasmin-n\/"]}]},{"@type":"ImageObject","inLanguage":"et","@id":"https:\/\/www.transtoyou.com\/et\/product\/allergospasmin-n\/#primaryimage","url":"https:\/\/www.transtoyou.com\/et\/wp-content\/uploads\/sites\/7\/2026\/01\/tty-no-product-image-178.webp","contentUrl":"https:\/\/www.transtoyou.com\/et\/wp-content\/uploads\/sites\/7\/2026\/01\/tty-no-product-image-178.webp","width":1000,"height":1000,"caption":"Vaikimisi toote pilt"},{"@type":"WebSite","@id":"https:\/\/www.transtoyou.com\/et\/#website","url":"https:\/\/www.transtoyou.com\/et\/","name":"Transtoyou - ET","description":"","publisher":{"@id":"https:\/\/www.transtoyou.com\/et\/#organization"},"potentialAction":[{"@type":"SearchAction","target":{"@type":"EntryPoint","urlTemplate":"https:\/\/www.transtoyou.com\/et\/?s={search_term_string}"},"query-input":{"@type":"PropertyValueSpecification","valueRequired":true,"valueName":"search_term_string"}}],"inLanguage":"et"},{"@type":"Organization","@id":"https:\/\/www.transtoyou.com\/et\/#organization","name":"Transtoyou - ET","url":"https:\/\/www.transtoyou.com\/et\/","logo":{"@type":"ImageObject","inLanguage":"et","@id":"https:\/\/www.transtoyou.com\/et\/#\/schema\/logo\/image\/","url":"https:\/\/www.transtoyou.com\/et\/wp-content\/uploads\/sites\/7\/2026\/01\/logo-tty-menu-bar-300x87-1.webp","contentUrl":"https:\/\/www.transtoyou.com\/et\/wp-content\/uploads\/sites\/7\/2026\/01\/logo-tty-menu-bar-300x87-1.webp","width":300,"height":87,"caption":"Transtoyou - ET"},"image":{"@id":"https:\/\/www.transtoyou.com\/et\/#\/schema\/logo\/image\/"}}]}},"_links":{"self":[{"href":"https:\/\/www.transtoyou.com\/et\/wp-json\/wp\/v2\/product\/1242","targetHints":{"allow":["GET"]}}],"collection":[{"href":"https:\/\/www.transtoyou.com\/et\/wp-json\/wp\/v2\/product"}],"about":[{"href":"https:\/\/www.transtoyou.com\/et\/wp-json\/wp\/v2\/types\/product"}],"replies":[{"embeddable":true,"href":"https:\/\/www.transtoyou.com\/et\/wp-json\/wp\/v2\/comments?post=1242"}],"wp:featuredmedia":[{"embeddable":true,"href":"https:\/\/www.transtoyou.com\/et\/wp-json\/wp\/v2\/media\/1244"}],"wp:attachment":[{"href":"https:\/\/www.transtoyou.com\/et\/wp-json\/wp\/v2\/media?parent=1242"}],"wp:term":[{"taxonomy":"product_brand","embeddable":true,"href":"https:\/\/www.transtoyou.com\/et\/wp-json\/wp\/v2\/product_brand?post=1242"},{"taxonomy":"product_cat","embeddable":true,"href":"https:\/\/www.transtoyou.com\/et\/wp-json\/wp\/v2\/product_cat?post=1242"},{"taxonomy":"product_tag","embeddable":true,"href":"https:\/\/www.transtoyou.com\/et\/wp-json\/wp\/v2\/product_tag?post=1242"},{"taxonomy":"expert","embeddable":true,"href":"https:\/\/www.transtoyou.com\/et\/wp-json\/wp\/v2\/expert?post=1242"}],"curies":[{"name":"wp","href":"https:\/\/api.w.org\/{rel}","templated":true}]}}