{"id":1245,"date":"2026-01-26T02:47:37","date_gmt":"2026-01-26T00:47:37","guid":{"rendered":"https:\/\/www.transtoyou.com\/et\/product\/ventolin\/"},"modified":"2026-03-07T15:59:07","modified_gmt":"2026-03-07T13:59:07","slug":"ventolin","status":"publish","type":"product","link":"https:\/\/www.transtoyou.com\/et\/product\/ventolin\/","title":{"rendered":"Ventolin"},"content":{"rendered":"<p>Ventolin on kiiresti toimiv bronhodilaator, mis sisaldab toimeainet salbutamool, mis aitab l\u00f5dvestada hingamisteede lihaseid ja parandada \u00f5huvoogu kopsudesse. Seda kasutatakse sageli p\u00e4\u00e4stikinina \u00e4gedate astma s\u00fcmptomite, sealhulgas vilistava hingamise, \u00f5hupuuduse ja rindkere pingetunde leevendamiseks. Ventolin toimib, stimuleerides beet-2 retseptoreid bronhide silelihastes, mis viib hingamisteede laienemiseni, v\u00f5imaldades seel\u00e4bi kergemat hingamist.<\/p>\n<p>Ventolinit m\u00e4\u00e4ratakse peamiselt astma ja kroonilise obstruktiivse kopsuhaiguse (KOK) raviks, pakkudes kiiret leevendust astmahoo v\u00f5i hingamiss\u00fcmptomite \u00e4genemise ajal. Seda saab kasutada ka f\u00fc\u00fcsilise koormuse p\u00f5hjustatud bronhospasmi (\u00f5hupuudus v\u00f5i vilistav hingamine, mis on p\u00f5hjustatud f\u00fc\u00fcsilisest tegevusest) ennetamiseks. L\u00fchitoimiva bronhodilaatorina annab see kiiret leevendust, kuid ei lahenda astma v\u00f5i KOK aluseks olevat p\u00f5letikku, mis v\u00f5ib vajada t\u00e4iendavat pikaajalist ravihaldust.<\/p>\n<p>Ventolinit manustatakse tavaliselt inhalaatori kaudu, mist\u00f5ttu on seda mugav kaasas kanda ja kasutada astmahoo ajal v\u00f5i enne treeningut. \u00d5igesti kasutatuna v\u00f5ib see pakkuda olulist leevendust hingamisraskuste korral. Siiski on oluline j\u00e4rgida etten\u00e4htud annust ja mitte liialdada selle kasutamisega, kuna liigne s\u00f5ltuvus l\u00fchitoimivatest ravimitest nagu Ventolin v\u00f5ib viidata ebapiisavale astma kontrollile ning pikaajalise ravistrateegia arutamine tervishoiuteenuse osutajaga on vajalik.<\/p>\n","protected":false},"excerpt":{"rendered":"<ul>\n<li>Kiire toimega leevendus astma ja KOK-i jaoks<\/li>\n<li>Ennetab treeningutest tingitud bronhospasmi<\/li>\n<li>Mugav inhalaatori vorm kiireks kasutamiseks<\/li>\n<\/ul>\n","protected":false},"featured_media":1247,"comment_status":"open","ping_status":"closed","template":"","meta":[],"product_brand":[],"product_cat":[98,115],"product_tag":[],"expert":[19],"class_list":{"0":"post-1245","1":"product","2":"type-product","3":"status-publish","4":"has-post-thumbnail","6":"product_cat-astma","7":"product_cat-kopd","8":"expert-dr-j-vazquez","10":"first","11":"instock","12":"shipping-taxable","13":"product-type-variable"},"yoast_head":"<!-- This site is optimized with the Yoast SEO plugin v27.0 - https:\/\/yoast.com\/product\/yoast-seo-wordpress\/ -->\n<title>Ventolin | Kiire leevendus astma ja hingamisprobleemide jaoks - Transtoyou - ET<\/title>\n<meta name=\"description\" content=\"Ventolini inhalaator leevendab kiiresti astma s\u00fcmptomeid. Saada oma retsept veebis - kiiresti, turvaliselt ja diskreetselt sinu uksele.\" \/>\n<meta name=\"robots\" content=\"noindex, follow, max-snippet:-1, max-image-preview:large, max-video-preview:-1\" \/>\n<meta property=\"og:locale\" content=\"et_EE\" \/>\n<meta property=\"og:type\" content=\"article\" \/>\n<meta property=\"og:title\" content=\"Ventolin | Kiire leevendus astma ja hingamisprobleemide jaoks - Transtoyou - ET\" \/>\n<meta property=\"og:description\" content=\"Ventolini inhalaator leevendab kiiresti astma s\u00fcmptomeid. Saada oma retsept veebis - kiiresti, turvaliselt ja diskreetselt sinu uksele.\" \/>\n<meta property=\"og:url\" content=\"https:\/\/www.transtoyou.com\/et\/product\/ventolin\/\" \/>\n<meta property=\"og:site_name\" content=\"Transtoyou - ET\" \/>\n<meta property=\"article:modified_time\" content=\"2026-03-07T13:59:07+00:00\" \/>\n<meta name=\"twitter:card\" content=\"summary_large_image\" \/>\n<meta name=\"twitter:label1\" content=\"Est. reading time\" \/>\n\t<meta name=\"twitter:data1\" content=\"1 minut\" \/>\n<script type=\"application\/ld+json\" class=\"yoast-schema-graph\">{\"@context\":\"https:\/\/schema.org\",\"@graph\":[{\"@type\":\"WebPage\",\"@id\":\"https:\/\/www.transtoyou.com\/et\/product\/ventolin\/\",\"url\":\"https:\/\/www.transtoyou.com\/et\/product\/ventolin\/\",\"name\":\"Ventolin | Kiire leevendus astma ja hingamisprobleemide jaoks - Transtoyou - ET\",\"isPartOf\":{\"@id\":\"https:\/\/www.transtoyou.com\/et\/#website\"},\"primaryImageOfPage\":{\"@id\":\"https:\/\/www.transtoyou.com\/et\/product\/ventolin\/#primaryimage\"},\"image\":{\"@id\":\"https:\/\/www.transtoyou.com\/et\/product\/ventolin\/#primaryimage\"},\"thumbnailUrl\":\"https:\/\/www.transtoyou.com\/et\/wp-content\/uploads\/sites\/7\/2026\/01\/tty-no-product-image-179.webp\",\"datePublished\":\"2026-01-26T00:47:37+00:00\",\"dateModified\":\"2026-03-07T13:59:07+00:00\",\"description\":\"Ventolini inhalaator leevendab kiiresti astma s\u00fcmptomeid. Saada oma retsept veebis - kiiresti, turvaliselt ja diskreetselt sinu uksele.\",\"breadcrumb\":{\"@id\":\"https:\/\/www.transtoyou.com\/et\/product\/ventolin\/#breadcrumb\"},\"inLanguage\":\"et\",\"potentialAction\":[{\"@type\":\"ReadAction\",\"target\":[\"https:\/\/www.transtoyou.com\/et\/product\/ventolin\/\"]}]},{\"@type\":\"ImageObject\",\"inLanguage\":\"et\",\"@id\":\"https:\/\/www.transtoyou.com\/et\/product\/ventolin\/#primaryimage\",\"url\":\"https:\/\/www.transtoyou.com\/et\/wp-content\/uploads\/sites\/7\/2026\/01\/tty-no-product-image-179.webp\",\"contentUrl\":\"https:\/\/www.transtoyou.com\/et\/wp-content\/uploads\/sites\/7\/2026\/01\/tty-no-product-image-179.webp\",\"width\":1000,\"height\":1000,\"caption\":\"Vaikimisi toote pilt\"},{\"@type\":\"WebSite\",\"@id\":\"https:\/\/www.transtoyou.com\/et\/#website\",\"url\":\"https:\/\/www.transtoyou.com\/et\/\",\"name\":\"Transtoyou - ET\",\"description\":\"\",\"publisher\":{\"@id\":\"https:\/\/www.transtoyou.com\/et\/#organization\"},\"potentialAction\":[{\"@type\":\"SearchAction\",\"target\":{\"@type\":\"EntryPoint\",\"urlTemplate\":\"https:\/\/www.transtoyou.com\/et\/?s={search_term_string}\"},\"query-input\":{\"@type\":\"PropertyValueSpecification\",\"valueRequired\":true,\"valueName\":\"search_term_string\"}}],\"inLanguage\":\"et\"},{\"@type\":\"Organization\",\"@id\":\"https:\/\/www.transtoyou.com\/et\/#organization\",\"name\":\"Transtoyou - ET\",\"url\":\"https:\/\/www.transtoyou.com\/et\/\",\"logo\":{\"@type\":\"ImageObject\",\"inLanguage\":\"et\",\"@id\":\"https:\/\/www.transtoyou.com\/et\/#\/schema\/logo\/image\/\",\"url\":\"https:\/\/www.transtoyou.com\/et\/wp-content\/uploads\/sites\/7\/2026\/01\/logo-tty-menu-bar-300x87-1.webp\",\"contentUrl\":\"https:\/\/www.transtoyou.com\/et\/wp-content\/uploads\/sites\/7\/2026\/01\/logo-tty-menu-bar-300x87-1.webp\",\"width\":300,\"height\":87,\"caption\":\"Transtoyou - ET\"},\"image\":{\"@id\":\"https:\/\/www.transtoyou.com\/et\/#\/schema\/logo\/image\/\"}}]}<\/script>\n<!-- \/ Yoast SEO plugin. -->","yoast_head_json":{"title":"Ventolin | Kiire leevendus astma ja hingamisprobleemide jaoks - Transtoyou - ET","description":"Ventolini inhalaator leevendab kiiresti astma s\u00fcmptomeid. Saada oma retsept veebis - kiiresti, turvaliselt ja diskreetselt sinu uksele.","robots":{"index":"noindex","follow":"follow","max-snippet":"max-snippet:-1","max-image-preview":"max-image-preview:large","max-video-preview":"max-video-preview:-1"},"og_locale":"et_EE","og_type":"article","og_title":"Ventolin | Kiire leevendus astma ja hingamisprobleemide jaoks - Transtoyou - ET","og_description":"Ventolini inhalaator leevendab kiiresti astma s\u00fcmptomeid. Saada oma retsept veebis - kiiresti, turvaliselt ja diskreetselt sinu uksele.","og_url":"https:\/\/www.transtoyou.com\/et\/product\/ventolin\/","og_site_name":"Transtoyou - ET","article_modified_time":"2026-03-07T13:59:07+00:00","twitter_card":"summary_large_image","twitter_misc":{"Est. reading time":"1 minut"},"schema":{"@context":"https:\/\/schema.org","@graph":[{"@type":"WebPage","@id":"https:\/\/www.transtoyou.com\/et\/product\/ventolin\/","url":"https:\/\/www.transtoyou.com\/et\/product\/ventolin\/","name":"Ventolin | Kiire leevendus astma ja hingamisprobleemide jaoks - Transtoyou - ET","isPartOf":{"@id":"https:\/\/www.transtoyou.com\/et\/#website"},"primaryImageOfPage":{"@id":"https:\/\/www.transtoyou.com\/et\/product\/ventolin\/#primaryimage"},"image":{"@id":"https:\/\/www.transtoyou.com\/et\/product\/ventolin\/#primaryimage"},"thumbnailUrl":"https:\/\/www.transtoyou.com\/et\/wp-content\/uploads\/sites\/7\/2026\/01\/tty-no-product-image-179.webp","datePublished":"2026-01-26T00:47:37+00:00","dateModified":"2026-03-07T13:59:07+00:00","description":"Ventolini inhalaator leevendab kiiresti astma s\u00fcmptomeid. Saada oma retsept veebis - kiiresti, turvaliselt ja diskreetselt sinu uksele.","breadcrumb":{"@id":"https:\/\/www.transtoyou.com\/et\/product\/ventolin\/#breadcrumb"},"inLanguage":"et","potentialAction":[{"@type":"ReadAction","target":["https:\/\/www.transtoyou.com\/et\/product\/ventolin\/"]}]},{"@type":"ImageObject","inLanguage":"et","@id":"https:\/\/www.transtoyou.com\/et\/product\/ventolin\/#primaryimage","url":"https:\/\/www.transtoyou.com\/et\/wp-content\/uploads\/sites\/7\/2026\/01\/tty-no-product-image-179.webp","contentUrl":"https:\/\/www.transtoyou.com\/et\/wp-content\/uploads\/sites\/7\/2026\/01\/tty-no-product-image-179.webp","width":1000,"height":1000,"caption":"Vaikimisi toote pilt"},{"@type":"WebSite","@id":"https:\/\/www.transtoyou.com\/et\/#website","url":"https:\/\/www.transtoyou.com\/et\/","name":"Transtoyou - ET","description":"","publisher":{"@id":"https:\/\/www.transtoyou.com\/et\/#organization"},"potentialAction":[{"@type":"SearchAction","target":{"@type":"EntryPoint","urlTemplate":"https:\/\/www.transtoyou.com\/et\/?s={search_term_string}"},"query-input":{"@type":"PropertyValueSpecification","valueRequired":true,"valueName":"search_term_string"}}],"inLanguage":"et"},{"@type":"Organization","@id":"https:\/\/www.transtoyou.com\/et\/#organization","name":"Transtoyou - ET","url":"https:\/\/www.transtoyou.com\/et\/","logo":{"@type":"ImageObject","inLanguage":"et","@id":"https:\/\/www.transtoyou.com\/et\/#\/schema\/logo\/image\/","url":"https:\/\/www.transtoyou.com\/et\/wp-content\/uploads\/sites\/7\/2026\/01\/logo-tty-menu-bar-300x87-1.webp","contentUrl":"https:\/\/www.transtoyou.com\/et\/wp-content\/uploads\/sites\/7\/2026\/01\/logo-tty-menu-bar-300x87-1.webp","width":300,"height":87,"caption":"Transtoyou - ET"},"image":{"@id":"https:\/\/www.transtoyou.com\/et\/#\/schema\/logo\/image\/"}}]}},"_links":{"self":[{"href":"https:\/\/www.transtoyou.com\/et\/wp-json\/wp\/v2\/product\/1245","targetHints":{"allow":["GET"]}}],"collection":[{"href":"https:\/\/www.transtoyou.com\/et\/wp-json\/wp\/v2\/product"}],"about":[{"href":"https:\/\/www.transtoyou.com\/et\/wp-json\/wp\/v2\/types\/product"}],"replies":[{"embeddable":true,"href":"https:\/\/www.transtoyou.com\/et\/wp-json\/wp\/v2\/comments?post=1245"}],"wp:featuredmedia":[{"embeddable":true,"href":"https:\/\/www.transtoyou.com\/et\/wp-json\/wp\/v2\/media\/1247"}],"wp:attachment":[{"href":"https:\/\/www.transtoyou.com\/et\/wp-json\/wp\/v2\/media?parent=1245"}],"wp:term":[{"taxonomy":"product_brand","embeddable":true,"href":"https:\/\/www.transtoyou.com\/et\/wp-json\/wp\/v2\/product_brand?post=1245"},{"taxonomy":"product_cat","embeddable":true,"href":"https:\/\/www.transtoyou.com\/et\/wp-json\/wp\/v2\/product_cat?post=1245"},{"taxonomy":"product_tag","embeddable":true,"href":"https:\/\/www.transtoyou.com\/et\/wp-json\/wp\/v2\/product_tag?post=1245"},{"taxonomy":"expert","embeddable":true,"href":"https:\/\/www.transtoyou.com\/et\/wp-json\/wp\/v2\/expert?post=1245"}],"curies":[{"name":"wp","href":"https:\/\/api.w.org\/{rel}","templated":true}]}}