{"id":1248,"date":"2026-01-26T03:04:54","date_gmt":"2026-01-26T01:04:54","guid":{"rendered":"https:\/\/www.transtoyou.com\/et\/product\/codeine\/"},"modified":"2026-01-26T03:06:01","modified_gmt":"2026-01-26T01:06:01","slug":"codeine","status":"publish","type":"product","link":"https:\/\/www.transtoyou.com\/et\/product\/codeine\/","title":{"rendered":"Kodeiin"},"content":{"rendered":"<p>Codeine phosphate is an opioid analgesic used to treat mild to moderately severe pain. It works by binding to opioid receptors in the brain and spinal cord, altering the perception and emotional response to pain.<br \/>\nIt may also be used as a cough suppressant due to its action on the brain&#8217;s cough center.<\/p>\n<p>Codeine is primarily used for the relief of acute or chronic pain, particularly when non-opioid analgesics are insufficient. It may be combined with other painkillers like paracetamol for enhanced effect.<\/p>\n<p>Codeine depresses the central nervous system, providing pain relief and sedation. Its effects may include drowsiness, constipation, and, at higher doses or prolonged use, risk of dependence and respiratory depression.<\/p>\n<p>Offers effective relief for moderate pain, often used when other medications are inadequate. It can be used in combination products to improve efficacy.<\/p>\n","protected":false},"excerpt":{"rendered":"<ul>\n<li>Opioid analgesic for moderate pain relief<\/li>\n<li>Can be combined with other pain relievers<\/li>\n<li>Also suppresses cough in specific situations<\/li>\n<\/ul>\n","protected":false},"featured_media":1250,"comment_status":"open","ping_status":"closed","template":"","meta":[],"product_brand":[],"product_cat":[164,146,99],"product_tag":[],"expert":[19],"class_list":{"0":"post-1248","1":"product","2":"type-product","3":"status-publish","4":"has-post-thumbnail","6":"product_cat-menstruaalne-ebamugavus","7":"product_cat-peavalu-ja-migreenid","8":"product_cat-selja-lihaste-ja-liigesevalu","9":"expert-dr-j-vazquez","11":"first","12":"instock","13":"shipping-taxable","14":"product-type-variable"},"yoast_head":"<!-- This site is optimized with the Yoast SEO plugin v27.0 - https:\/\/yoast.com\/product\/yoast-seo-wordpress\/ -->\n<title>Kodeiin | T\u00f5hus leevendus valule ja k\u00f6hale - Transtoyou - ET<\/title>\n<meta name=\"description\" content=\"Kodeiin on m\u00f5eldud m\u00f5\u00f5duka valu v\u00f5i kuiva k\u00f6ha raviks. Kiire juurdep\u00e4\u00e4s arsti retseptiga. Ohutu, diskreetne ja toimetatakse sinu ukse ette.\" \/>\n<meta name=\"robots\" content=\"noindex, follow, max-snippet:-1, max-image-preview:large, max-video-preview:-1\" \/>\n<meta property=\"og:locale\" content=\"et_EE\" \/>\n<meta property=\"og:type\" content=\"article\" \/>\n<meta property=\"og:title\" content=\"Kodeiin | T\u00f5hus leevendus valule ja k\u00f6hale - Transtoyou - ET\" \/>\n<meta property=\"og:description\" content=\"Kodeiin on m\u00f5eldud m\u00f5\u00f5duka valu v\u00f5i kuiva k\u00f6ha raviks. Kiire juurdep\u00e4\u00e4s arsti retseptiga. Ohutu, diskreetne ja toimetatakse sinu ukse ette.\" \/>\n<meta property=\"og:url\" content=\"https:\/\/www.transtoyou.com\/et\/product\/codeine\/\" \/>\n<meta property=\"og:site_name\" content=\"Transtoyou - ET\" \/>\n<meta property=\"article:modified_time\" content=\"2026-01-26T01:06:01+00:00\" \/>\n<meta name=\"twitter:card\" content=\"summary_large_image\" \/>\n<meta name=\"twitter:label1\" content=\"Est. reading time\" \/>\n\t<meta name=\"twitter:data1\" content=\"1 minut\" \/>\n<script type=\"application\/ld+json\" class=\"yoast-schema-graph\">{\"@context\":\"https:\/\/schema.org\",\"@graph\":[{\"@type\":\"WebPage\",\"@id\":\"https:\/\/www.transtoyou.com\/et\/product\/codeine\/\",\"url\":\"https:\/\/www.transtoyou.com\/et\/product\/codeine\/\",\"name\":\"Kodeiin | T\u00f5hus leevendus valule ja k\u00f6hale - Transtoyou - ET\",\"isPartOf\":{\"@id\":\"https:\/\/www.transtoyou.com\/et\/#website\"},\"primaryImageOfPage\":{\"@id\":\"https:\/\/www.transtoyou.com\/et\/product\/codeine\/#primaryimage\"},\"image\":{\"@id\":\"https:\/\/www.transtoyou.com\/et\/product\/codeine\/#primaryimage\"},\"thumbnailUrl\":\"https:\/\/www.transtoyou.com\/et\/wp-content\/uploads\/sites\/7\/2026\/01\/tty-no-product-image-180.webp\",\"datePublished\":\"2026-01-26T01:04:54+00:00\",\"dateModified\":\"2026-01-26T01:06:01+00:00\",\"description\":\"Kodeiin on m\u00f5eldud m\u00f5\u00f5duka valu v\u00f5i kuiva k\u00f6ha raviks. Kiire juurdep\u00e4\u00e4s arsti retseptiga. Ohutu, diskreetne ja toimetatakse sinu ukse ette.\",\"breadcrumb\":{\"@id\":\"https:\/\/www.transtoyou.com\/et\/product\/codeine\/#breadcrumb\"},\"inLanguage\":\"et\",\"potentialAction\":[{\"@type\":\"ReadAction\",\"target\":[\"https:\/\/www.transtoyou.com\/et\/product\/codeine\/\"]}]},{\"@type\":\"ImageObject\",\"inLanguage\":\"et\",\"@id\":\"https:\/\/www.transtoyou.com\/et\/product\/codeine\/#primaryimage\",\"url\":\"https:\/\/www.transtoyou.com\/et\/wp-content\/uploads\/sites\/7\/2026\/01\/tty-no-product-image-180.webp\",\"contentUrl\":\"https:\/\/www.transtoyou.com\/et\/wp-content\/uploads\/sites\/7\/2026\/01\/tty-no-product-image-180.webp\",\"width\":1000,\"height\":1000,\"caption\":\"Vaikimisi toote pilt\"},{\"@type\":\"WebSite\",\"@id\":\"https:\/\/www.transtoyou.com\/et\/#website\",\"url\":\"https:\/\/www.transtoyou.com\/et\/\",\"name\":\"Transtoyou - ET\",\"description\":\"\",\"publisher\":{\"@id\":\"https:\/\/www.transtoyou.com\/et\/#organization\"},\"potentialAction\":[{\"@type\":\"SearchAction\",\"target\":{\"@type\":\"EntryPoint\",\"urlTemplate\":\"https:\/\/www.transtoyou.com\/et\/?s={search_term_string}\"},\"query-input\":{\"@type\":\"PropertyValueSpecification\",\"valueRequired\":true,\"valueName\":\"search_term_string\"}}],\"inLanguage\":\"et\"},{\"@type\":\"Organization\",\"@id\":\"https:\/\/www.transtoyou.com\/et\/#organization\",\"name\":\"Transtoyou - ET\",\"url\":\"https:\/\/www.transtoyou.com\/et\/\",\"logo\":{\"@type\":\"ImageObject\",\"inLanguage\":\"et\",\"@id\":\"https:\/\/www.transtoyou.com\/et\/#\/schema\/logo\/image\/\",\"url\":\"https:\/\/www.transtoyou.com\/et\/wp-content\/uploads\/sites\/7\/2026\/01\/logo-tty-menu-bar-300x87-1.webp\",\"contentUrl\":\"https:\/\/www.transtoyou.com\/et\/wp-content\/uploads\/sites\/7\/2026\/01\/logo-tty-menu-bar-300x87-1.webp\",\"width\":300,\"height\":87,\"caption\":\"Transtoyou - ET\"},\"image\":{\"@id\":\"https:\/\/www.transtoyou.com\/et\/#\/schema\/logo\/image\/\"}}]}<\/script>\n<!-- \/ Yoast SEO plugin. -->","yoast_head_json":{"title":"Kodeiin | T\u00f5hus leevendus valule ja k\u00f6hale - Transtoyou - ET","description":"Kodeiin on m\u00f5eldud m\u00f5\u00f5duka valu v\u00f5i kuiva k\u00f6ha raviks. Kiire juurdep\u00e4\u00e4s arsti retseptiga. Ohutu, diskreetne ja toimetatakse sinu ukse ette.","robots":{"index":"noindex","follow":"follow","max-snippet":"max-snippet:-1","max-image-preview":"max-image-preview:large","max-video-preview":"max-video-preview:-1"},"og_locale":"et_EE","og_type":"article","og_title":"Kodeiin | T\u00f5hus leevendus valule ja k\u00f6hale - Transtoyou - ET","og_description":"Kodeiin on m\u00f5eldud m\u00f5\u00f5duka valu v\u00f5i kuiva k\u00f6ha raviks. Kiire juurdep\u00e4\u00e4s arsti retseptiga. Ohutu, diskreetne ja toimetatakse sinu ukse ette.","og_url":"https:\/\/www.transtoyou.com\/et\/product\/codeine\/","og_site_name":"Transtoyou - ET","article_modified_time":"2026-01-26T01:06:01+00:00","twitter_card":"summary_large_image","twitter_misc":{"Est. reading time":"1 minut"},"schema":{"@context":"https:\/\/schema.org","@graph":[{"@type":"WebPage","@id":"https:\/\/www.transtoyou.com\/et\/product\/codeine\/","url":"https:\/\/www.transtoyou.com\/et\/product\/codeine\/","name":"Kodeiin | T\u00f5hus leevendus valule ja k\u00f6hale - Transtoyou - ET","isPartOf":{"@id":"https:\/\/www.transtoyou.com\/et\/#website"},"primaryImageOfPage":{"@id":"https:\/\/www.transtoyou.com\/et\/product\/codeine\/#primaryimage"},"image":{"@id":"https:\/\/www.transtoyou.com\/et\/product\/codeine\/#primaryimage"},"thumbnailUrl":"https:\/\/www.transtoyou.com\/et\/wp-content\/uploads\/sites\/7\/2026\/01\/tty-no-product-image-180.webp","datePublished":"2026-01-26T01:04:54+00:00","dateModified":"2026-01-26T01:06:01+00:00","description":"Kodeiin on m\u00f5eldud m\u00f5\u00f5duka valu v\u00f5i kuiva k\u00f6ha raviks. Kiire juurdep\u00e4\u00e4s arsti retseptiga. Ohutu, diskreetne ja toimetatakse sinu ukse ette.","breadcrumb":{"@id":"https:\/\/www.transtoyou.com\/et\/product\/codeine\/#breadcrumb"},"inLanguage":"et","potentialAction":[{"@type":"ReadAction","target":["https:\/\/www.transtoyou.com\/et\/product\/codeine\/"]}]},{"@type":"ImageObject","inLanguage":"et","@id":"https:\/\/www.transtoyou.com\/et\/product\/codeine\/#primaryimage","url":"https:\/\/www.transtoyou.com\/et\/wp-content\/uploads\/sites\/7\/2026\/01\/tty-no-product-image-180.webp","contentUrl":"https:\/\/www.transtoyou.com\/et\/wp-content\/uploads\/sites\/7\/2026\/01\/tty-no-product-image-180.webp","width":1000,"height":1000,"caption":"Vaikimisi toote pilt"},{"@type":"WebSite","@id":"https:\/\/www.transtoyou.com\/et\/#website","url":"https:\/\/www.transtoyou.com\/et\/","name":"Transtoyou - ET","description":"","publisher":{"@id":"https:\/\/www.transtoyou.com\/et\/#organization"},"potentialAction":[{"@type":"SearchAction","target":{"@type":"EntryPoint","urlTemplate":"https:\/\/www.transtoyou.com\/et\/?s={search_term_string}"},"query-input":{"@type":"PropertyValueSpecification","valueRequired":true,"valueName":"search_term_string"}}],"inLanguage":"et"},{"@type":"Organization","@id":"https:\/\/www.transtoyou.com\/et\/#organization","name":"Transtoyou - ET","url":"https:\/\/www.transtoyou.com\/et\/","logo":{"@type":"ImageObject","inLanguage":"et","@id":"https:\/\/www.transtoyou.com\/et\/#\/schema\/logo\/image\/","url":"https:\/\/www.transtoyou.com\/et\/wp-content\/uploads\/sites\/7\/2026\/01\/logo-tty-menu-bar-300x87-1.webp","contentUrl":"https:\/\/www.transtoyou.com\/et\/wp-content\/uploads\/sites\/7\/2026\/01\/logo-tty-menu-bar-300x87-1.webp","width":300,"height":87,"caption":"Transtoyou - ET"},"image":{"@id":"https:\/\/www.transtoyou.com\/et\/#\/schema\/logo\/image\/"}}]}},"_links":{"self":[{"href":"https:\/\/www.transtoyou.com\/et\/wp-json\/wp\/v2\/product\/1248","targetHints":{"allow":["GET"]}}],"collection":[{"href":"https:\/\/www.transtoyou.com\/et\/wp-json\/wp\/v2\/product"}],"about":[{"href":"https:\/\/www.transtoyou.com\/et\/wp-json\/wp\/v2\/types\/product"}],"replies":[{"embeddable":true,"href":"https:\/\/www.transtoyou.com\/et\/wp-json\/wp\/v2\/comments?post=1248"}],"wp:featuredmedia":[{"embeddable":true,"href":"https:\/\/www.transtoyou.com\/et\/wp-json\/wp\/v2\/media\/1250"}],"wp:attachment":[{"href":"https:\/\/www.transtoyou.com\/et\/wp-json\/wp\/v2\/media?parent=1248"}],"wp:term":[{"taxonomy":"product_brand","embeddable":true,"href":"https:\/\/www.transtoyou.com\/et\/wp-json\/wp\/v2\/product_brand?post=1248"},{"taxonomy":"product_cat","embeddable":true,"href":"https:\/\/www.transtoyou.com\/et\/wp-json\/wp\/v2\/product_cat?post=1248"},{"taxonomy":"product_tag","embeddable":true,"href":"https:\/\/www.transtoyou.com\/et\/wp-json\/wp\/v2\/product_tag?post=1248"},{"taxonomy":"expert","embeddable":true,"href":"https:\/\/www.transtoyou.com\/et\/wp-json\/wp\/v2\/expert?post=1248"}],"curies":[{"name":"wp","href":"https:\/\/api.w.org\/{rel}","templated":true}]}}