{"id":1251,"date":"2026-01-26T03:22:27","date_gmt":"2026-01-26T01:22:27","guid":{"rendered":"https:\/\/www.transtoyou.com\/et\/product\/arcoxia-etoricoxib\/"},"modified":"2026-01-26T03:23:32","modified_gmt":"2026-01-26T01:23:32","slug":"arcoxia-etorikoksib","status":"publish","type":"product","link":"https:\/\/www.transtoyou.com\/et\/product\/arcoxia-etorikoksib\/","title":{"rendered":"Arcoxia (etoricoxib)"},"content":{"rendered":"<p>Arcoxia, mis sisaldab toimeainet etorikoksib, on retseptiravim, mis kuulub ravimite klassi, mida tuntakse kui COX-2 selektiivsed inhibiitorid, mis on mittesteroidsed p\u00f5letikuvastased ravimid (MSPVA-d). See toimib, blokeerides selektiivselt ens\u00fc\u00fcmi ts\u00fcklooks\u00fcgenaas-2 (COX-2), mis m\u00e4ngib olulist rolli prostaglandiinide tootmises. Need kemikaalid vastutavad valu, p\u00f5letiku ja turse eest.<\/p>\n<p>Arcoxia&#8217;t kasutatakse sageli erinevate valu ja p\u00f5letiku t\u00fc\u00fcpide juhtimiseks, mis on seotud seisunditega nagu osteoartriit, reumatoidartriit, ank\u00fcloseeriv spond\u00fcliit, \u00e4ge podagraartriit ja krooniline alaseljavalu. Seda v\u00f5ib kasutada ka m\u00f5\u00f5duka valu l\u00fchiajaliseks juhtimiseks, n\u00e4iteks p\u00e4rast hambaravi.<\/p>\n<p>Blokeerides COX-2 ilma COX-1 oluliselt m\u00f5jutamata, aitab Arcoxia leevendada valu ja p\u00f5letikku, samas minimeerides traditsiooniliste MSPVA-dega sageli esinevaid seedetrakti k\u00f5rvaltoimeid. Siiski v\u00f5ivad pikaajalise kasutamise korral, eriti k\u00f5rgematel annustel, suureneda kardiovaskulaarsed riskid.<\/p>\n<p>Arcoxia on tuntud oma sihitud toime poolest, mis pakub t\u00f5husat valu leevendust madalama seedetrakti ebamugavustunde riskiga. Selle kord p\u00e4evas manustamine pakub mugavust krooniliste seisundite korral.<\/p>\n","protected":false},"excerpt":{"rendered":"<ul>\n<li>COX-2 selektiivne MSPVA efektiivseks p\u00f5letiku kontrollimiseks<\/li>\n<li>Kord p\u00e4evas annustamine kasutusmugavuse jaoks<\/li>\n<li>V\u00e4hem risk maoh\u00e4irete tekkeks v\u00f5rreldes traditsiooniliste MSPVA-dega<\/li>\n<\/ul>\n","protected":false},"featured_media":1252,"comment_status":"open","ping_status":"closed","template":"","meta":[],"product_brand":[],"product_cat":[99],"product_tag":[],"expert":[19],"class_list":{"0":"post-1251","1":"product","2":"type-product","3":"status-publish","4":"has-post-thumbnail","6":"product_cat-selja-lihaste-ja-liigesevalu","7":"expert-dr-j-vazquez","9":"first","10":"instock","11":"shipping-taxable","12":"product-type-variable"},"yoast_head":"<!-- This site is optimized with the Yoast SEO plugin v27.0 - https:\/\/yoast.com\/product\/yoast-seo-wordpress\/ -->\n<title>Arcoxia (etoricoxib) | Sihtotstarbeline leevendus valule ja p\u00f5letikule - Transtoyou - ET<\/title>\n<meta name=\"description\" content=\"Arcoxia aitab artriidi, seljavalu ja liigese p\u00f5letiku korral. Saada oma retsept veebis. Turvaline, kiire ja diskreetne kohaletoimetamine.\" \/>\n<meta name=\"robots\" content=\"noindex, follow, max-snippet:-1, max-image-preview:large, max-video-preview:-1\" \/>\n<meta property=\"og:locale\" content=\"et_EE\" \/>\n<meta property=\"og:type\" content=\"article\" \/>\n<meta property=\"og:title\" content=\"Arcoxia (etoricoxib) | Sihtotstarbeline leevendus valule ja p\u00f5letikule - Transtoyou - ET\" \/>\n<meta property=\"og:description\" content=\"Arcoxia aitab artriidi, seljavalu ja liigese p\u00f5letiku korral. Saada oma retsept veebis. Turvaline, kiire ja diskreetne kohaletoimetamine.\" \/>\n<meta property=\"og:url\" content=\"https:\/\/www.transtoyou.com\/et\/product\/arcoxia-etoricoxib\/\" \/>\n<meta property=\"og:site_name\" content=\"Transtoyou - ET\" \/>\n<meta property=\"article:modified_time\" content=\"2026-01-26T01:23:32+00:00\" \/>\n<meta name=\"twitter:card\" content=\"summary_large_image\" \/>\n<meta name=\"twitter:label1\" content=\"Est. reading time\" \/>\n\t<meta name=\"twitter:data1\" content=\"1 minut\" \/>\n<script type=\"application\/ld+json\" class=\"yoast-schema-graph\">{\"@context\":\"https:\/\/schema.org\",\"@graph\":[{\"@type\":\"WebPage\",\"@id\":\"https:\/\/www.transtoyou.com\/et\/product\/arcoxia-etoricoxib\/\",\"url\":\"https:\/\/www.transtoyou.com\/et\/product\/arcoxia-etoricoxib\/\",\"name\":\"Arcoxia (etoricoxib) | Sihtotstarbeline leevendus valule ja p\u00f5letikule - Transtoyou - ET\",\"isPartOf\":{\"@id\":\"https:\/\/www.transtoyou.com\/et\/#website\"},\"primaryImageOfPage\":{\"@id\":\"https:\/\/www.transtoyou.com\/et\/product\/arcoxia-etoricoxib\/#primaryimage\"},\"image\":{\"@id\":\"https:\/\/www.transtoyou.com\/et\/product\/arcoxia-etoricoxib\/#primaryimage\"},\"thumbnailUrl\":\"https:\/\/www.transtoyou.com\/et\/wp-content\/uploads\/sites\/7\/2026\/01\/tty-no-product-image-181.webp\",\"datePublished\":\"2026-01-26T01:22:27+00:00\",\"dateModified\":\"2026-01-26T01:23:32+00:00\",\"description\":\"Arcoxia aitab artriidi, seljavalu ja liigese p\u00f5letiku korral. Saada oma retsept veebis. Turvaline, kiire ja diskreetne kohaletoimetamine.\",\"breadcrumb\":{\"@id\":\"https:\/\/www.transtoyou.com\/et\/product\/arcoxia-etoricoxib\/#breadcrumb\"},\"inLanguage\":\"et\",\"potentialAction\":[{\"@type\":\"ReadAction\",\"target\":[\"https:\/\/www.transtoyou.com\/et\/product\/arcoxia-etoricoxib\/\"]}]},{\"@type\":\"ImageObject\",\"inLanguage\":\"et\",\"@id\":\"https:\/\/www.transtoyou.com\/et\/product\/arcoxia-etoricoxib\/#primaryimage\",\"url\":\"https:\/\/www.transtoyou.com\/et\/wp-content\/uploads\/sites\/7\/2026\/01\/tty-no-product-image-181.webp\",\"contentUrl\":\"https:\/\/www.transtoyou.com\/et\/wp-content\/uploads\/sites\/7\/2026\/01\/tty-no-product-image-181.webp\",\"width\":1000,\"height\":1000,\"caption\":\"Vaikimisi toote pilt\"},{\"@type\":\"WebSite\",\"@id\":\"https:\/\/www.transtoyou.com\/et\/#website\",\"url\":\"https:\/\/www.transtoyou.com\/et\/\",\"name\":\"Transtoyou - ET\",\"description\":\"\",\"publisher\":{\"@id\":\"https:\/\/www.transtoyou.com\/et\/#organization\"},\"potentialAction\":[{\"@type\":\"SearchAction\",\"target\":{\"@type\":\"EntryPoint\",\"urlTemplate\":\"https:\/\/www.transtoyou.com\/et\/?s={search_term_string}\"},\"query-input\":{\"@type\":\"PropertyValueSpecification\",\"valueRequired\":true,\"valueName\":\"search_term_string\"}}],\"inLanguage\":\"et\"},{\"@type\":\"Organization\",\"@id\":\"https:\/\/www.transtoyou.com\/et\/#organization\",\"name\":\"Transtoyou - ET\",\"url\":\"https:\/\/www.transtoyou.com\/et\/\",\"logo\":{\"@type\":\"ImageObject\",\"inLanguage\":\"et\",\"@id\":\"https:\/\/www.transtoyou.com\/et\/#\/schema\/logo\/image\/\",\"url\":\"https:\/\/www.transtoyou.com\/et\/wp-content\/uploads\/sites\/7\/2026\/01\/logo-tty-menu-bar-300x87-1.webp\",\"contentUrl\":\"https:\/\/www.transtoyou.com\/et\/wp-content\/uploads\/sites\/7\/2026\/01\/logo-tty-menu-bar-300x87-1.webp\",\"width\":300,\"height\":87,\"caption\":\"Transtoyou - ET\"},\"image\":{\"@id\":\"https:\/\/www.transtoyou.com\/et\/#\/schema\/logo\/image\/\"}}]}<\/script>\n<!-- \/ Yoast SEO plugin. -->","yoast_head_json":{"title":"Arcoxia (etoricoxib) | Sihtotstarbeline leevendus valule ja p\u00f5letikule - Transtoyou - ET","description":"Arcoxia aitab artriidi, seljavalu ja liigese p\u00f5letiku korral. Saada oma retsept veebis. Turvaline, kiire ja diskreetne kohaletoimetamine.","robots":{"index":"noindex","follow":"follow","max-snippet":"max-snippet:-1","max-image-preview":"max-image-preview:large","max-video-preview":"max-video-preview:-1"},"og_locale":"et_EE","og_type":"article","og_title":"Arcoxia (etoricoxib) | Sihtotstarbeline leevendus valule ja p\u00f5letikule - Transtoyou - ET","og_description":"Arcoxia aitab artriidi, seljavalu ja liigese p\u00f5letiku korral. Saada oma retsept veebis. Turvaline, kiire ja diskreetne kohaletoimetamine.","og_url":"https:\/\/www.transtoyou.com\/et\/product\/arcoxia-etoricoxib\/","og_site_name":"Transtoyou - ET","article_modified_time":"2026-01-26T01:23:32+00:00","twitter_card":"summary_large_image","twitter_misc":{"Est. reading time":"1 minut"},"schema":{"@context":"https:\/\/schema.org","@graph":[{"@type":"WebPage","@id":"https:\/\/www.transtoyou.com\/et\/product\/arcoxia-etoricoxib\/","url":"https:\/\/www.transtoyou.com\/et\/product\/arcoxia-etoricoxib\/","name":"Arcoxia (etoricoxib) | Sihtotstarbeline leevendus valule ja p\u00f5letikule - Transtoyou - ET","isPartOf":{"@id":"https:\/\/www.transtoyou.com\/et\/#website"},"primaryImageOfPage":{"@id":"https:\/\/www.transtoyou.com\/et\/product\/arcoxia-etoricoxib\/#primaryimage"},"image":{"@id":"https:\/\/www.transtoyou.com\/et\/product\/arcoxia-etoricoxib\/#primaryimage"},"thumbnailUrl":"https:\/\/www.transtoyou.com\/et\/wp-content\/uploads\/sites\/7\/2026\/01\/tty-no-product-image-181.webp","datePublished":"2026-01-26T01:22:27+00:00","dateModified":"2026-01-26T01:23:32+00:00","description":"Arcoxia aitab artriidi, seljavalu ja liigese p\u00f5letiku korral. Saada oma retsept veebis. Turvaline, kiire ja diskreetne kohaletoimetamine.","breadcrumb":{"@id":"https:\/\/www.transtoyou.com\/et\/product\/arcoxia-etoricoxib\/#breadcrumb"},"inLanguage":"et","potentialAction":[{"@type":"ReadAction","target":["https:\/\/www.transtoyou.com\/et\/product\/arcoxia-etoricoxib\/"]}]},{"@type":"ImageObject","inLanguage":"et","@id":"https:\/\/www.transtoyou.com\/et\/product\/arcoxia-etoricoxib\/#primaryimage","url":"https:\/\/www.transtoyou.com\/et\/wp-content\/uploads\/sites\/7\/2026\/01\/tty-no-product-image-181.webp","contentUrl":"https:\/\/www.transtoyou.com\/et\/wp-content\/uploads\/sites\/7\/2026\/01\/tty-no-product-image-181.webp","width":1000,"height":1000,"caption":"Vaikimisi toote pilt"},{"@type":"WebSite","@id":"https:\/\/www.transtoyou.com\/et\/#website","url":"https:\/\/www.transtoyou.com\/et\/","name":"Transtoyou - ET","description":"","publisher":{"@id":"https:\/\/www.transtoyou.com\/et\/#organization"},"potentialAction":[{"@type":"SearchAction","target":{"@type":"EntryPoint","urlTemplate":"https:\/\/www.transtoyou.com\/et\/?s={search_term_string}"},"query-input":{"@type":"PropertyValueSpecification","valueRequired":true,"valueName":"search_term_string"}}],"inLanguage":"et"},{"@type":"Organization","@id":"https:\/\/www.transtoyou.com\/et\/#organization","name":"Transtoyou - ET","url":"https:\/\/www.transtoyou.com\/et\/","logo":{"@type":"ImageObject","inLanguage":"et","@id":"https:\/\/www.transtoyou.com\/et\/#\/schema\/logo\/image\/","url":"https:\/\/www.transtoyou.com\/et\/wp-content\/uploads\/sites\/7\/2026\/01\/logo-tty-menu-bar-300x87-1.webp","contentUrl":"https:\/\/www.transtoyou.com\/et\/wp-content\/uploads\/sites\/7\/2026\/01\/logo-tty-menu-bar-300x87-1.webp","width":300,"height":87,"caption":"Transtoyou - ET"},"image":{"@id":"https:\/\/www.transtoyou.com\/et\/#\/schema\/logo\/image\/"}}]}},"_links":{"self":[{"href":"https:\/\/www.transtoyou.com\/et\/wp-json\/wp\/v2\/product\/1251","targetHints":{"allow":["GET"]}}],"collection":[{"href":"https:\/\/www.transtoyou.com\/et\/wp-json\/wp\/v2\/product"}],"about":[{"href":"https:\/\/www.transtoyou.com\/et\/wp-json\/wp\/v2\/types\/product"}],"replies":[{"embeddable":true,"href":"https:\/\/www.transtoyou.com\/et\/wp-json\/wp\/v2\/comments?post=1251"}],"wp:featuredmedia":[{"embeddable":true,"href":"https:\/\/www.transtoyou.com\/et\/wp-json\/wp\/v2\/media\/1252"}],"wp:attachment":[{"href":"https:\/\/www.transtoyou.com\/et\/wp-json\/wp\/v2\/media?parent=1251"}],"wp:term":[{"taxonomy":"product_brand","embeddable":true,"href":"https:\/\/www.transtoyou.com\/et\/wp-json\/wp\/v2\/product_brand?post=1251"},{"taxonomy":"product_cat","embeddable":true,"href":"https:\/\/www.transtoyou.com\/et\/wp-json\/wp\/v2\/product_cat?post=1251"},{"taxonomy":"product_tag","embeddable":true,"href":"https:\/\/www.transtoyou.com\/et\/wp-json\/wp\/v2\/product_tag?post=1251"},{"taxonomy":"expert","embeddable":true,"href":"https:\/\/www.transtoyou.com\/et\/wp-json\/wp\/v2\/expert?post=1251"}],"curies":[{"name":"wp","href":"https:\/\/api.w.org\/{rel}","templated":true}]}}