{"id":1268,"date":"2026-01-26T05:19:23","date_gmt":"2026-01-26T03:19:23","guid":{"rendered":"https:\/\/www.transtoyou.com\/et\/product\/amoxicillin\/"},"modified":"2026-02-07T14:25:03","modified_gmt":"2026-02-07T12:25:03","slug":"amoksitsilliin","status":"publish","type":"product","link":"https:\/\/www.transtoyou.com\/et\/product\/amoksitsilliin\/","title":{"rendered":"Amoksitsilliin"},"content":{"rendered":"<p>Amoksitsilliin on laialdaselt v\u00e4lja kirjutatav antibiootikum, mis aitab v\u00f5idelda laia valiku bakteriaalsete infektsioonidega. See kuulub penitsilliini perekonda ja seda valitakse sageli selle efektiivsuse, mitmek\u00fclgsuse ja talutavuse t\u00f5ttu.<\/p>\n<p>Seda ravimit kasutatakse infektsioonide raviks, nagu kopsup\u00f5letik, bronhiit, mandlite p\u00f5letik, siinuse infektsioonid, kuseteede infektsioonid (UTId), nahainfektsioonid, neeruinfektsioonid ja k\u00f5rva infektsioonid. Seda kasutatakse ka sageli koos teiste ravimitega Helicobacter pylori raviks, bakter, mis on seotud maohaavanditega.<\/p>\n<p>Amoksitsilliin toimib, sihtides bakterite rakuseina, mis on bakterite elluj\u00e4\u00e4miseks h\u00e4davajalik. See seondub spetsiifiliste ens\u00fc\u00fcmidega, mida nimetatakse penitsilliini siduvateks valkudeks (PBP-d), blokeerides rakuseina moodustumise viimase etapi. See p\u00f5hjustab bakterite lagunemise ja surma, puhastades keha infektsioonist.<br \/>\nAmoksitsilliin on saadaval erinevates vormides, nagu tabletid ja suspensioonid, pakkudes paindlikkust erinevate ravivajaduste jaoks. T\u00e4iskasvanutel on t\u00fc\u00fcpilised annused vahemikus 500 mg kuni 875 mg, s\u00f5ltuvalt infektsiooni t\u00fc\u00fcbist ja t\u00f5sidusest.<\/p>\n<p>Amoksitsilliin on \u00fcldiselt h\u00e4sti talutav, kuid nagu k\u00f5ik ravimid, v\u00f5ib see p\u00f5hjustada k\u00f5rvaltoimeid. Tavalised k\u00f5rvaltoimed on iiveldus, oksendamine, k\u00f5hulahtisus, nahal\u00f6\u00f6ve ja seeninfektsioonid. T\u00f5sised, kuid haruldased k\u00f5rvaltoimed h\u00f5lmavad t\u00f5siseid allergilisi reaktsioone, antibiootikumidega seotud k\u00f5hulahtisust ja Stevens-Johnsoni s\u00fcndroomi. Neeru- v\u00f5i maksahaigustega inimesed peaksid seda kasutama ettevaatlikult ja v\u00f5ivad vajada kohandatud annuseid.<\/p>\n<p>Oluline on m\u00e4rkida, et amoksitsilliin v\u00f5ib interakteeruda teiste ravimitega, nagu rasestumisvastased pillid, verevedeldajad, makroliidantibiootikumid ja tetrats\u00fckliinid. Teavita alati oma arsti, mida sa v\u00f5tad.<br \/>\nAmoksitsilliini liigne kasutamine v\u00f5ib viia antibiootikumiresistentsuseni, muutes infektsioonide ravimise raskemaks. Efektiivsuse parandamiseks ja resistentsuse v\u00e4hendamiseks kombineeritakse seda m\u00f5nikord klavulaanhappega, beetalaktamaasi inhibiitoriga.<\/p>\n<p>Kokkuv\u00f5ttes j\u00e4\u00e4b amoksitsilliin usaldusv\u00e4\u00e4rseks ja laialdaselt kasutatavaks valikuks igap\u00e4evaste bakteriaalsete infektsioonide raviks.<\/p>\n","protected":false},"excerpt":{"rendered":"<ul>\n<li>Penitsilliini t\u00fc\u00fcpi antibiootikum infektsioonide raviks<\/li>\n<li>Ravib k\u00f5rva-, kopsu- ja kurguinfektsioone<\/li>\n<li>Hea talutav, kergete k\u00f5rvaltoimetega<\/li>\n<\/ul>\n","protected":false},"featured_media":1270,"comment_status":"open","ping_status":"closed","template":"","meta":[],"product_brand":[],"product_cat":[97,103],"product_tag":[],"expert":[20],"class_list":{"0":"post-1268","1":"product","2":"type-product","3":"status-publish","4":"has-post-thumbnail","6":"product_cat-antibiootikumid-ja-nakkused","7":"product_cat-poie-ja-kuseteede-infektsioonid","8":"expert-dr-m-ahmed","10":"first","11":"instock","12":"shipping-taxable","13":"product-type-variable"},"yoast_head":"<!-- This site is optimized with the Yoast SEO plugin v27.0 - https:\/\/yoast.com\/product\/yoast-seo-wordpress\/ -->\n<title>Amoxil (Amoksitsilliin) | Osta antibiootikumi internetis - Transtoyou - ET<\/title>\n<meta name=\"description\" content=\"Hangi Amoxil (Amoksitsilliin) veebis tavaliste nakkuste, nagu kuseteede infektsioonid, kurgu- v\u00f5i k\u00f5rvaprobleemide raviks. Turvaline ja kiire!\" \/>\n<meta name=\"robots\" content=\"noindex, follow, max-snippet:-1, max-image-preview:large, max-video-preview:-1\" \/>\n<meta property=\"og:locale\" content=\"et_EE\" \/>\n<meta property=\"og:type\" content=\"article\" \/>\n<meta property=\"og:title\" content=\"Amoxil (Amoksitsilliin) | Osta antibiootikumi internetis - Transtoyou - ET\" \/>\n<meta property=\"og:description\" content=\"Hangi Amoxil (Amoksitsilliin) veebis tavaliste nakkuste, nagu kuseteede infektsioonid, kurgu- v\u00f5i k\u00f5rvaprobleemide raviks. Turvaline ja kiire!\" \/>\n<meta property=\"og:url\" content=\"https:\/\/www.transtoyou.com\/et\/product\/amoxicillin\/\" \/>\n<meta property=\"og:site_name\" content=\"Transtoyou - ET\" \/>\n<meta property=\"article:modified_time\" content=\"2026-02-07T12:25:03+00:00\" \/>\n<meta name=\"twitter:card\" content=\"summary_large_image\" \/>\n<meta name=\"twitter:label1\" content=\"Est. reading time\" \/>\n\t<meta name=\"twitter:data1\" content=\"1 minut\" \/>\n<script type=\"application\/ld+json\" class=\"yoast-schema-graph\">{\"@context\":\"https:\/\/schema.org\",\"@graph\":[{\"@type\":\"WebPage\",\"@id\":\"https:\/\/www.transtoyou.com\/et\/product\/amoxicillin\/\",\"url\":\"https:\/\/www.transtoyou.com\/et\/product\/amoxicillin\/\",\"name\":\"Amoxil (Amoksitsilliin) | Osta antibiootikumi internetis - Transtoyou - ET\",\"isPartOf\":{\"@id\":\"https:\/\/www.transtoyou.com\/et\/#website\"},\"primaryImageOfPage\":{\"@id\":\"https:\/\/www.transtoyou.com\/et\/product\/amoxicillin\/#primaryimage\"},\"image\":{\"@id\":\"https:\/\/www.transtoyou.com\/et\/product\/amoxicillin\/#primaryimage\"},\"thumbnailUrl\":\"https:\/\/www.transtoyou.com\/et\/wp-content\/uploads\/sites\/7\/2026\/01\/tty-no-product-image-187.webp\",\"datePublished\":\"2026-01-26T03:19:23+00:00\",\"dateModified\":\"2026-02-07T12:25:03+00:00\",\"description\":\"Hangi Amoxil (Amoksitsilliin) veebis tavaliste nakkuste, nagu kuseteede infektsioonid, kurgu- v\u00f5i k\u00f5rvaprobleemide raviks. Turvaline ja kiire!\",\"breadcrumb\":{\"@id\":\"https:\/\/www.transtoyou.com\/et\/product\/amoxicillin\/#breadcrumb\"},\"inLanguage\":\"et\",\"potentialAction\":[{\"@type\":\"ReadAction\",\"target\":[\"https:\/\/www.transtoyou.com\/et\/product\/amoxicillin\/\"]}]},{\"@type\":\"ImageObject\",\"inLanguage\":\"et\",\"@id\":\"https:\/\/www.transtoyou.com\/et\/product\/amoxicillin\/#primaryimage\",\"url\":\"https:\/\/www.transtoyou.com\/et\/wp-content\/uploads\/sites\/7\/2026\/01\/tty-no-product-image-187.webp\",\"contentUrl\":\"https:\/\/www.transtoyou.com\/et\/wp-content\/uploads\/sites\/7\/2026\/01\/tty-no-product-image-187.webp\",\"width\":1000,\"height\":1000,\"caption\":\"Vaikimisi toote pilt\"},{\"@type\":\"WebSite\",\"@id\":\"https:\/\/www.transtoyou.com\/et\/#website\",\"url\":\"https:\/\/www.transtoyou.com\/et\/\",\"name\":\"Transtoyou - ET\",\"description\":\"\",\"publisher\":{\"@id\":\"https:\/\/www.transtoyou.com\/et\/#organization\"},\"potentialAction\":[{\"@type\":\"SearchAction\",\"target\":{\"@type\":\"EntryPoint\",\"urlTemplate\":\"https:\/\/www.transtoyou.com\/et\/?s={search_term_string}\"},\"query-input\":{\"@type\":\"PropertyValueSpecification\",\"valueRequired\":true,\"valueName\":\"search_term_string\"}}],\"inLanguage\":\"et\"},{\"@type\":\"Organization\",\"@id\":\"https:\/\/www.transtoyou.com\/et\/#organization\",\"name\":\"Transtoyou - ET\",\"url\":\"https:\/\/www.transtoyou.com\/et\/\",\"logo\":{\"@type\":\"ImageObject\",\"inLanguage\":\"et\",\"@id\":\"https:\/\/www.transtoyou.com\/et\/#\/schema\/logo\/image\/\",\"url\":\"https:\/\/www.transtoyou.com\/et\/wp-content\/uploads\/sites\/7\/2026\/01\/logo-tty-menu-bar-300x87-1.webp\",\"contentUrl\":\"https:\/\/www.transtoyou.com\/et\/wp-content\/uploads\/sites\/7\/2026\/01\/logo-tty-menu-bar-300x87-1.webp\",\"width\":300,\"height\":87,\"caption\":\"Transtoyou - ET\"},\"image\":{\"@id\":\"https:\/\/www.transtoyou.com\/et\/#\/schema\/logo\/image\/\"}}]}<\/script>\n<!-- \/ Yoast SEO plugin. -->","yoast_head_json":{"title":"Amoxil (Amoksitsilliin) | Osta antibiootikumi internetis - Transtoyou - ET","description":"Hangi Amoxil (Amoksitsilliin) veebis tavaliste nakkuste, nagu kuseteede infektsioonid, kurgu- v\u00f5i k\u00f5rvaprobleemide raviks. Turvaline ja kiire!","robots":{"index":"noindex","follow":"follow","max-snippet":"max-snippet:-1","max-image-preview":"max-image-preview:large","max-video-preview":"max-video-preview:-1"},"og_locale":"et_EE","og_type":"article","og_title":"Amoxil (Amoksitsilliin) | Osta antibiootikumi internetis - Transtoyou - ET","og_description":"Hangi Amoxil (Amoksitsilliin) veebis tavaliste nakkuste, nagu kuseteede infektsioonid, kurgu- v\u00f5i k\u00f5rvaprobleemide raviks. Turvaline ja kiire!","og_url":"https:\/\/www.transtoyou.com\/et\/product\/amoxicillin\/","og_site_name":"Transtoyou - ET","article_modified_time":"2026-02-07T12:25:03+00:00","twitter_card":"summary_large_image","twitter_misc":{"Est. reading time":"1 minut"},"schema":{"@context":"https:\/\/schema.org","@graph":[{"@type":"WebPage","@id":"https:\/\/www.transtoyou.com\/et\/product\/amoxicillin\/","url":"https:\/\/www.transtoyou.com\/et\/product\/amoxicillin\/","name":"Amoxil (Amoksitsilliin) | Osta antibiootikumi internetis - Transtoyou - ET","isPartOf":{"@id":"https:\/\/www.transtoyou.com\/et\/#website"},"primaryImageOfPage":{"@id":"https:\/\/www.transtoyou.com\/et\/product\/amoxicillin\/#primaryimage"},"image":{"@id":"https:\/\/www.transtoyou.com\/et\/product\/amoxicillin\/#primaryimage"},"thumbnailUrl":"https:\/\/www.transtoyou.com\/et\/wp-content\/uploads\/sites\/7\/2026\/01\/tty-no-product-image-187.webp","datePublished":"2026-01-26T03:19:23+00:00","dateModified":"2026-02-07T12:25:03+00:00","description":"Hangi Amoxil (Amoksitsilliin) veebis tavaliste nakkuste, nagu kuseteede infektsioonid, kurgu- v\u00f5i k\u00f5rvaprobleemide raviks. Turvaline ja kiire!","breadcrumb":{"@id":"https:\/\/www.transtoyou.com\/et\/product\/amoxicillin\/#breadcrumb"},"inLanguage":"et","potentialAction":[{"@type":"ReadAction","target":["https:\/\/www.transtoyou.com\/et\/product\/amoxicillin\/"]}]},{"@type":"ImageObject","inLanguage":"et","@id":"https:\/\/www.transtoyou.com\/et\/product\/amoxicillin\/#primaryimage","url":"https:\/\/www.transtoyou.com\/et\/wp-content\/uploads\/sites\/7\/2026\/01\/tty-no-product-image-187.webp","contentUrl":"https:\/\/www.transtoyou.com\/et\/wp-content\/uploads\/sites\/7\/2026\/01\/tty-no-product-image-187.webp","width":1000,"height":1000,"caption":"Vaikimisi toote pilt"},{"@type":"WebSite","@id":"https:\/\/www.transtoyou.com\/et\/#website","url":"https:\/\/www.transtoyou.com\/et\/","name":"Transtoyou - ET","description":"","publisher":{"@id":"https:\/\/www.transtoyou.com\/et\/#organization"},"potentialAction":[{"@type":"SearchAction","target":{"@type":"EntryPoint","urlTemplate":"https:\/\/www.transtoyou.com\/et\/?s={search_term_string}"},"query-input":{"@type":"PropertyValueSpecification","valueRequired":true,"valueName":"search_term_string"}}],"inLanguage":"et"},{"@type":"Organization","@id":"https:\/\/www.transtoyou.com\/et\/#organization","name":"Transtoyou - ET","url":"https:\/\/www.transtoyou.com\/et\/","logo":{"@type":"ImageObject","inLanguage":"et","@id":"https:\/\/www.transtoyou.com\/et\/#\/schema\/logo\/image\/","url":"https:\/\/www.transtoyou.com\/et\/wp-content\/uploads\/sites\/7\/2026\/01\/logo-tty-menu-bar-300x87-1.webp","contentUrl":"https:\/\/www.transtoyou.com\/et\/wp-content\/uploads\/sites\/7\/2026\/01\/logo-tty-menu-bar-300x87-1.webp","width":300,"height":87,"caption":"Transtoyou - ET"},"image":{"@id":"https:\/\/www.transtoyou.com\/et\/#\/schema\/logo\/image\/"}}]}},"_links":{"self":[{"href":"https:\/\/www.transtoyou.com\/et\/wp-json\/wp\/v2\/product\/1268","targetHints":{"allow":["GET"]}}],"collection":[{"href":"https:\/\/www.transtoyou.com\/et\/wp-json\/wp\/v2\/product"}],"about":[{"href":"https:\/\/www.transtoyou.com\/et\/wp-json\/wp\/v2\/types\/product"}],"replies":[{"embeddable":true,"href":"https:\/\/www.transtoyou.com\/et\/wp-json\/wp\/v2\/comments?post=1268"}],"wp:featuredmedia":[{"embeddable":true,"href":"https:\/\/www.transtoyou.com\/et\/wp-json\/wp\/v2\/media\/1270"}],"wp:attachment":[{"href":"https:\/\/www.transtoyou.com\/et\/wp-json\/wp\/v2\/media?parent=1268"}],"wp:term":[{"taxonomy":"product_brand","embeddable":true,"href":"https:\/\/www.transtoyou.com\/et\/wp-json\/wp\/v2\/product_brand?post=1268"},{"taxonomy":"product_cat","embeddable":true,"href":"https:\/\/www.transtoyou.com\/et\/wp-json\/wp\/v2\/product_cat?post=1268"},{"taxonomy":"product_tag","embeddable":true,"href":"https:\/\/www.transtoyou.com\/et\/wp-json\/wp\/v2\/product_tag?post=1268"},{"taxonomy":"expert","embeddable":true,"href":"https:\/\/www.transtoyou.com\/et\/wp-json\/wp\/v2\/expert?post=1268"}],"curies":[{"name":"wp","href":"https:\/\/api.w.org\/{rel}","templated":true}]}}