{"id":1271,"date":"2026-01-26T05:39:37","date_gmt":"2026-01-26T03:39:37","guid":{"rendered":"https:\/\/www.transtoyou.com\/et\/product\/paracetamol-codeine\/"},"modified":"2026-03-01T12:22:18","modified_gmt":"2026-03-01T10:22:18","slug":"paratsetamool-koodeiin","status":"publish","type":"product","link":"https:\/\/www.transtoyou.com\/et\/product\/paratsetamool-koodeiin\/","title":{"rendered":"Paratsetamool\/Koodeiin"},"content":{"rendered":"<p>Valu on igap\u00e4evaelus ebameeldiv kaaslane, segades k\u00f5ike alates t\u00f6\u00f6st kuni lihtsate naudinguteni. Paratsetamool\/Koodeiin on loodud pakkuma leevendust, kui tavalised valuvaigistid nagu ibuprofeen v\u00f5i paratsetamool \u00fcksi ei piisa. See kahefoolne ravim \u00fchendab paratsetamooli, laialdaselt kasutatava valuvaigisti ja palavikku alandava aine, koodeiniga, kerge opioidiga, mis muudab valu tajumist ajus. Koos pakuvad nad tugevamat vastust m\u00f5\u00f5duka kuni tugeva valu korral.<\/p>\n<p>Paratsetamool toimib, v\u00e4hendades prostaglandiinide tootmist \u2013 keemilisi aineid kehas, mis vastutavad valu ja p\u00f5letiku eest. Samal ajal seondub koodein opioidiretseptoritega ajus, muutes seda, kuidas valu signaale t\u00f6\u00f6deldakse ja suurendades valu leevendust. See kombinatsioon on eriti efektiivne peavalude, migreenide, hambavalu, lihas-skeleti valu, operatsioonij\u00e4rgse valu ja menstruaalvaevuste korral.<\/p>\n<p>Paratsetamool\/Koodeiin pakub leevendust tavaliselt 30 kuni 60 minuti jooksul ja kestab mitu tundi, muutes selle usaldusv\u00e4\u00e4rseks valikuks neile, kes vajavad t\u00f5husat valu kontrolli. Siiski on \u00e4\u00e4rmiselt oluline seda ravimit vastutustundlikult kasutada. Liigne paratsetamooli tarbimine v\u00f5ib p\u00f5hjustada maksakahjustusi, samas kui pikaajaline koodeini kasutamine toob endaga kaasa s\u00f5ltuvuse riski. Seda tuleks kasutada ainult tervishoiut\u00f6\u00f6taja juhiste j\u00e4rgi ning alkoholi tuleks v\u00e4ltida, et v\u00e4ltida suurenenud unisust ja v\u00f5imalikke maksam\u00fcrgistusi.<\/p>\n","protected":false},"excerpt":{"rendered":"<ul>\n<li>Kaksiktoimega koostis tugevama leevenduse jaoks<\/li>\n<li>Kiiretoimeline valu leevendamise kombinatsioon<\/li>\n<li>Aitab, kui tavalised valuvaigistid ei toimi<\/li>\n<\/ul>\n","protected":false},"featured_media":1273,"comment_status":"open","ping_status":"closed","template":"","meta":[],"product_brand":[],"product_cat":[140,88,164,170,146,99],"product_tag":[],"expert":[16],"class_list":{"0":"post-1271","1":"product","2":"type-product","3":"status-publish","4":"has-post-thumbnail","6":"product_cat-gripi-koha-ja-kulmetuse-ravimid","7":"product_cat-kohuvalu","8":"product_cat-menstruaalne-ebamugavus","9":"product_cat-narvipain","10":"product_cat-peavalu-ja-migreenid","11":"product_cat-selja-lihaste-ja-liigesevalu","12":"expert-dr-c-alexandru","14":"first","15":"instock","16":"shipping-taxable","17":"product-type-variable"},"yoast_head":"<!-- This site is optimized with the Yoast SEO plugin v27.0 - https:\/\/yoast.com\/product\/yoast-seo-wordpress\/ -->\n<title>Osta Paratsetamool Kodeiiniga Internetis | Kiire Leevendus - Transtoyou - ET<\/title>\n<meta name=\"description\" content=\"Tellige Paratsetamool\/Koodein veebis kiireks ja t\u00f5husaks valu leevendamiseks. Sobib m\u00f5\u00f5duka kuni raske valu korral, kui teised valuvaigistid ei toimi.\" \/>\n<meta name=\"robots\" content=\"noindex, follow, max-snippet:-1, max-image-preview:large, max-video-preview:-1\" \/>\n<meta property=\"og:locale\" content=\"et_EE\" \/>\n<meta property=\"og:type\" content=\"article\" \/>\n<meta property=\"og:title\" content=\"Osta Paratsetamool Kodeiiniga Internetis | Kiire Leevendus - Transtoyou - ET\" \/>\n<meta property=\"og:description\" content=\"Tellige Paratsetamool\/Koodein veebis kiireks ja t\u00f5husaks valu leevendamiseks. Sobib m\u00f5\u00f5duka kuni raske valu korral, kui teised valuvaigistid ei toimi.\" \/>\n<meta property=\"og:url\" content=\"https:\/\/www.transtoyou.com\/et\/product\/paracetamol-codeine\/\" \/>\n<meta property=\"og:site_name\" content=\"Transtoyou - ET\" \/>\n<meta property=\"article:modified_time\" content=\"2026-03-01T10:22:18+00:00\" \/>\n<meta name=\"twitter:card\" content=\"summary_large_image\" \/>\n<meta name=\"twitter:label1\" content=\"Est. reading time\" \/>\n\t<meta name=\"twitter:data1\" content=\"1 minut\" \/>\n<script type=\"application\/ld+json\" class=\"yoast-schema-graph\">{\"@context\":\"https:\/\/schema.org\",\"@graph\":[{\"@type\":\"WebPage\",\"@id\":\"https:\/\/www.transtoyou.com\/et\/product\/paracetamol-codeine\/\",\"url\":\"https:\/\/www.transtoyou.com\/et\/product\/paracetamol-codeine\/\",\"name\":\"Osta Paratsetamool Kodeiiniga Internetis | Kiire Leevendus - Transtoyou - ET\",\"isPartOf\":{\"@id\":\"https:\/\/www.transtoyou.com\/et\/#website\"},\"primaryImageOfPage\":{\"@id\":\"https:\/\/www.transtoyou.com\/et\/product\/paracetamol-codeine\/#primaryimage\"},\"image\":{\"@id\":\"https:\/\/www.transtoyou.com\/et\/product\/paracetamol-codeine\/#primaryimage\"},\"thumbnailUrl\":\"https:\/\/www.transtoyou.com\/et\/wp-content\/uploads\/sites\/7\/2026\/01\/tty-no-product-image-188.webp\",\"datePublished\":\"2026-01-26T03:39:37+00:00\",\"dateModified\":\"2026-03-01T10:22:18+00:00\",\"description\":\"Tellige Paratsetamool\/Koodein veebis kiireks ja t\u00f5husaks valu leevendamiseks. Sobib m\u00f5\u00f5duka kuni raske valu korral, kui teised valuvaigistid ei toimi.\",\"breadcrumb\":{\"@id\":\"https:\/\/www.transtoyou.com\/et\/product\/paracetamol-codeine\/#breadcrumb\"},\"inLanguage\":\"et\",\"potentialAction\":[{\"@type\":\"ReadAction\",\"target\":[\"https:\/\/www.transtoyou.com\/et\/product\/paracetamol-codeine\/\"]}]},{\"@type\":\"ImageObject\",\"inLanguage\":\"et\",\"@id\":\"https:\/\/www.transtoyou.com\/et\/product\/paracetamol-codeine\/#primaryimage\",\"url\":\"https:\/\/www.transtoyou.com\/et\/wp-content\/uploads\/sites\/7\/2026\/01\/tty-no-product-image-188.webp\",\"contentUrl\":\"https:\/\/www.transtoyou.com\/et\/wp-content\/uploads\/sites\/7\/2026\/01\/tty-no-product-image-188.webp\",\"width\":1000,\"height\":1000,\"caption\":\"Vaikimisi toote pilt\"},{\"@type\":\"WebSite\",\"@id\":\"https:\/\/www.transtoyou.com\/et\/#website\",\"url\":\"https:\/\/www.transtoyou.com\/et\/\",\"name\":\"Transtoyou - ET\",\"description\":\"\",\"publisher\":{\"@id\":\"https:\/\/www.transtoyou.com\/et\/#organization\"},\"potentialAction\":[{\"@type\":\"SearchAction\",\"target\":{\"@type\":\"EntryPoint\",\"urlTemplate\":\"https:\/\/www.transtoyou.com\/et\/?s={search_term_string}\"},\"query-input\":{\"@type\":\"PropertyValueSpecification\",\"valueRequired\":true,\"valueName\":\"search_term_string\"}}],\"inLanguage\":\"et\"},{\"@type\":\"Organization\",\"@id\":\"https:\/\/www.transtoyou.com\/et\/#organization\",\"name\":\"Transtoyou - ET\",\"url\":\"https:\/\/www.transtoyou.com\/et\/\",\"logo\":{\"@type\":\"ImageObject\",\"inLanguage\":\"et\",\"@id\":\"https:\/\/www.transtoyou.com\/et\/#\/schema\/logo\/image\/\",\"url\":\"https:\/\/www.transtoyou.com\/et\/wp-content\/uploads\/sites\/7\/2026\/01\/logo-tty-menu-bar-300x87-1.webp\",\"contentUrl\":\"https:\/\/www.transtoyou.com\/et\/wp-content\/uploads\/sites\/7\/2026\/01\/logo-tty-menu-bar-300x87-1.webp\",\"width\":300,\"height\":87,\"caption\":\"Transtoyou - ET\"},\"image\":{\"@id\":\"https:\/\/www.transtoyou.com\/et\/#\/schema\/logo\/image\/\"}}]}<\/script>\n<!-- \/ Yoast SEO plugin. -->","yoast_head_json":{"title":"Osta Paratsetamool Kodeiiniga Internetis | Kiire Leevendus - Transtoyou - ET","description":"Tellige Paratsetamool\/Koodein veebis kiireks ja t\u00f5husaks valu leevendamiseks. Sobib m\u00f5\u00f5duka kuni raske valu korral, kui teised valuvaigistid ei toimi.","robots":{"index":"noindex","follow":"follow","max-snippet":"max-snippet:-1","max-image-preview":"max-image-preview:large","max-video-preview":"max-video-preview:-1"},"og_locale":"et_EE","og_type":"article","og_title":"Osta Paratsetamool Kodeiiniga Internetis | Kiire Leevendus - Transtoyou - ET","og_description":"Tellige Paratsetamool\/Koodein veebis kiireks ja t\u00f5husaks valu leevendamiseks. Sobib m\u00f5\u00f5duka kuni raske valu korral, kui teised valuvaigistid ei toimi.","og_url":"https:\/\/www.transtoyou.com\/et\/product\/paracetamol-codeine\/","og_site_name":"Transtoyou - ET","article_modified_time":"2026-03-01T10:22:18+00:00","twitter_card":"summary_large_image","twitter_misc":{"Est. reading time":"1 minut"},"schema":{"@context":"https:\/\/schema.org","@graph":[{"@type":"WebPage","@id":"https:\/\/www.transtoyou.com\/et\/product\/paracetamol-codeine\/","url":"https:\/\/www.transtoyou.com\/et\/product\/paracetamol-codeine\/","name":"Osta Paratsetamool Kodeiiniga Internetis | Kiire Leevendus - Transtoyou - ET","isPartOf":{"@id":"https:\/\/www.transtoyou.com\/et\/#website"},"primaryImageOfPage":{"@id":"https:\/\/www.transtoyou.com\/et\/product\/paracetamol-codeine\/#primaryimage"},"image":{"@id":"https:\/\/www.transtoyou.com\/et\/product\/paracetamol-codeine\/#primaryimage"},"thumbnailUrl":"https:\/\/www.transtoyou.com\/et\/wp-content\/uploads\/sites\/7\/2026\/01\/tty-no-product-image-188.webp","datePublished":"2026-01-26T03:39:37+00:00","dateModified":"2026-03-01T10:22:18+00:00","description":"Tellige Paratsetamool\/Koodein veebis kiireks ja t\u00f5husaks valu leevendamiseks. Sobib m\u00f5\u00f5duka kuni raske valu korral, kui teised valuvaigistid ei toimi.","breadcrumb":{"@id":"https:\/\/www.transtoyou.com\/et\/product\/paracetamol-codeine\/#breadcrumb"},"inLanguage":"et","potentialAction":[{"@type":"ReadAction","target":["https:\/\/www.transtoyou.com\/et\/product\/paracetamol-codeine\/"]}]},{"@type":"ImageObject","inLanguage":"et","@id":"https:\/\/www.transtoyou.com\/et\/product\/paracetamol-codeine\/#primaryimage","url":"https:\/\/www.transtoyou.com\/et\/wp-content\/uploads\/sites\/7\/2026\/01\/tty-no-product-image-188.webp","contentUrl":"https:\/\/www.transtoyou.com\/et\/wp-content\/uploads\/sites\/7\/2026\/01\/tty-no-product-image-188.webp","width":1000,"height":1000,"caption":"Vaikimisi toote pilt"},{"@type":"WebSite","@id":"https:\/\/www.transtoyou.com\/et\/#website","url":"https:\/\/www.transtoyou.com\/et\/","name":"Transtoyou - ET","description":"","publisher":{"@id":"https:\/\/www.transtoyou.com\/et\/#organization"},"potentialAction":[{"@type":"SearchAction","target":{"@type":"EntryPoint","urlTemplate":"https:\/\/www.transtoyou.com\/et\/?s={search_term_string}"},"query-input":{"@type":"PropertyValueSpecification","valueRequired":true,"valueName":"search_term_string"}}],"inLanguage":"et"},{"@type":"Organization","@id":"https:\/\/www.transtoyou.com\/et\/#organization","name":"Transtoyou - ET","url":"https:\/\/www.transtoyou.com\/et\/","logo":{"@type":"ImageObject","inLanguage":"et","@id":"https:\/\/www.transtoyou.com\/et\/#\/schema\/logo\/image\/","url":"https:\/\/www.transtoyou.com\/et\/wp-content\/uploads\/sites\/7\/2026\/01\/logo-tty-menu-bar-300x87-1.webp","contentUrl":"https:\/\/www.transtoyou.com\/et\/wp-content\/uploads\/sites\/7\/2026\/01\/logo-tty-menu-bar-300x87-1.webp","width":300,"height":87,"caption":"Transtoyou - ET"},"image":{"@id":"https:\/\/www.transtoyou.com\/et\/#\/schema\/logo\/image\/"}}]}},"_links":{"self":[{"href":"https:\/\/www.transtoyou.com\/et\/wp-json\/wp\/v2\/product\/1271","targetHints":{"allow":["GET"]}}],"collection":[{"href":"https:\/\/www.transtoyou.com\/et\/wp-json\/wp\/v2\/product"}],"about":[{"href":"https:\/\/www.transtoyou.com\/et\/wp-json\/wp\/v2\/types\/product"}],"replies":[{"embeddable":true,"href":"https:\/\/www.transtoyou.com\/et\/wp-json\/wp\/v2\/comments?post=1271"}],"wp:featuredmedia":[{"embeddable":true,"href":"https:\/\/www.transtoyou.com\/et\/wp-json\/wp\/v2\/media\/1273"}],"wp:attachment":[{"href":"https:\/\/www.transtoyou.com\/et\/wp-json\/wp\/v2\/media?parent=1271"}],"wp:term":[{"taxonomy":"product_brand","embeddable":true,"href":"https:\/\/www.transtoyou.com\/et\/wp-json\/wp\/v2\/product_brand?post=1271"},{"taxonomy":"product_cat","embeddable":true,"href":"https:\/\/www.transtoyou.com\/et\/wp-json\/wp\/v2\/product_cat?post=1271"},{"taxonomy":"product_tag","embeddable":true,"href":"https:\/\/www.transtoyou.com\/et\/wp-json\/wp\/v2\/product_tag?post=1271"},{"taxonomy":"expert","embeddable":true,"href":"https:\/\/www.transtoyou.com\/et\/wp-json\/wp\/v2\/expert?post=1271"}],"curies":[{"name":"wp","href":"https:\/\/api.w.org\/{rel}","templated":true}]}}