{"id":1286,"date":"2026-01-26T08:36:52","date_gmt":"2026-01-26T06:36:52","guid":{"rendered":"https:\/\/www.transtoyou.com\/et\/product\/mounjaro\/"},"modified":"2026-03-07T16:13:14","modified_gmt":"2026-03-07T14:13:14","slug":"mounjaro","status":"publish","type":"product","link":"https:\/\/www.transtoyou.com\/et\/product\/mounjaro\/","title":{"rendered":"Mounjaro"},"content":{"rendered":"<p>Mounjaro on s\u00fcstitav ravim, mis on v\u00e4lja t\u00f6\u00f6tatud, et aidata kaaluhaldusega inimesi, kes kannatavad rasvumise v\u00f5i kaaluga seotud terviseprobleemide all, arsti j\u00e4relevalve all. See sisaldab toimeainet tirzepatiidi, mis on kahekordne GIP ja GLP-1 retseptori agonist, mis j\u00e4ljendab looduslike soolehormoonide funktsiooni, mis on seotud veresuhkru reguleerimise ja isu kontrollimisega.<\/p>\n<p>Mounjaro on heaks kiidetud II t\u00fc\u00fcpi diabeedi raviks ning selle kasutamine kaaluhalduseks v\u00f5ib olla soovitatav teatud meditsiinilistes kontekstides. Kliinilised uuringud on n\u00e4idanud potentsiaalseid kaalulangetamise eeliseid tirzepatiidi kasutamisel m\u00f5nedes patsientides ja seda kasutatakse \u00fcha enam rasvumise ravis. Suurendades k\u00fcllastustunde signaale ja aeglustades mao t\u00fchjenemist, v\u00f5ib see aidata v\u00e4hendada toidu tarbimist ja toetada toitumisharjumuste muutmist ning julgustada pikaajalist kaalulangust.<\/p>\n<p>Mounjaro manustatakse kord n\u00e4dalas subkutaanselt. Annust suurendatakse tavaliselt j\u00e4rk-j\u00e4rgult mitme n\u00e4dala jooksul, et parandada taluvust ja minimeerida seedetrakti k\u00f5rvaltoimeid. M\u00f5ned inimesed v\u00f5ivad kogeda isu v\u00e4henemist juba esimestel n\u00e4dalatel.<\/p>\n<p>Mounjaro abil saavutatud kaalulangus v\u00f5ib olla m\u00e4rkimisv\u00e4\u00e4rne, eriti kui seda kombineerida elustiili muutustega, nagu paremad toitumisharjumused ja suurenenud f\u00fc\u00fcsiline aktiivsus. Samuti v\u00f5ib see parandada verer\u00f5hku, kolesterooli ja insuliinitundlikkust.<\/p>\n<p>Levinud k\u00f5rvaltoimed h\u00f5lmavad iiveldust, k\u00f5hulahtisust, v\u00e4henenud isu ja k\u00f5hukinnisust, eriti ravi alguses. Need s\u00fcmptomid kipuvad aja jooksul paranema. Mounjaro ei sobi inimestele, kellel on olnud medullaarne kilpn\u00e4\u00e4rme kartsinoom v\u00f5i mitmekordne endokriinne neoplaasia s\u00fcndroom t\u00fc\u00fcp 2.<\/p>\n","protected":false},"excerpt":{"rendered":"<ul>\n<li>N\u00e4dalane s\u00fcst kaalulangetamiseks<\/li>\n<li>V\u00e4hendab isu ja isusid<\/li>\n<li>Toetab pikaajalist kaaluhaldust<\/li>\n<\/ul>\n","protected":false},"featured_media":1293,"comment_status":"open","ping_status":"closed","template":"","meta":[],"product_brand":[],"product_cat":[194],"product_tag":[],"expert":[19],"class_list":{"0":"post-1286","1":"product","2":"type-product","3":"status-publish","4":"has-post-thumbnail","6":"product_cat-kaalulangetus","7":"expert-dr-j-vazquez","9":"first","10":"instock","11":"shipping-taxable","12":"purchasable","13":"product-type-variable"},"yoast_head":"<!-- This site is optimized with the Yoast SEO plugin v27.0 - https:\/\/yoast.com\/product\/yoast-seo-wordpress\/ -->\n<title>Mounjaro | Kaaluhalduse Ohutu Toetamine - Transtoyou<\/title>\n<meta name=\"description\" content=\"Mounjaro, tirzepatiidi s\u00fcst, toetab arsti juhendamisel kaaluhaldust. Uuri selle eeliseid Transtoyou&#039;s juba t\u00e4na!\" \/>\n<meta name=\"robots\" content=\"noindex, follow, max-snippet:-1, max-image-preview:large, max-video-preview:-1\" \/>\n<meta property=\"og:locale\" content=\"et_EE\" \/>\n<meta property=\"og:type\" content=\"article\" \/>\n<meta property=\"og:title\" content=\"Mounjaro | Kaaluhalduse Ohutu Toetamine - Transtoyou\" \/>\n<meta property=\"og:description\" content=\"Mounjaro, tirzepatiidi s\u00fcst, toetab arsti juhendamisel kaaluhaldust. Uuri selle eeliseid Transtoyou&#039;s juba t\u00e4na!\" \/>\n<meta property=\"og:url\" content=\"https:\/\/www.transtoyou.com\/et\/product\/mounjaro\/\" \/>\n<meta property=\"og:site_name\" content=\"Transtoyou - ET\" \/>\n<meta property=\"article:modified_time\" content=\"2026-03-07T14:13:14+00:00\" \/>\n<meta name=\"twitter:card\" content=\"summary_large_image\" \/>\n<meta name=\"twitter:label1\" content=\"Est. reading time\" \/>\n\t<meta name=\"twitter:data1\" content=\"1 minut\" \/>\n<script type=\"application\/ld+json\" class=\"yoast-schema-graph\">{\"@context\":\"https:\/\/schema.org\",\"@graph\":[{\"@type\":\"WebPage\",\"@id\":\"https:\/\/www.transtoyou.com\/et\/product\/mounjaro\/\",\"url\":\"https:\/\/www.transtoyou.com\/et\/product\/mounjaro\/\",\"name\":\"Mounjaro | Kaaluhalduse Ohutu Toetamine - Transtoyou\",\"isPartOf\":{\"@id\":\"https:\/\/www.transtoyou.com\/et\/#website\"},\"primaryImageOfPage\":{\"@id\":\"https:\/\/www.transtoyou.com\/et\/product\/mounjaro\/#primaryimage\"},\"image\":{\"@id\":\"https:\/\/www.transtoyou.com\/et\/product\/mounjaro\/#primaryimage\"},\"thumbnailUrl\":\"https:\/\/www.transtoyou.com\/et\/wp-content\/uploads\/sites\/7\/2026\/01\/Mounjaro-1-1.png\",\"datePublished\":\"2026-01-26T06:36:52+00:00\",\"dateModified\":\"2026-03-07T14:13:14+00:00\",\"description\":\"Mounjaro, tirzepatiidi s\u00fcst, toetab arsti juhendamisel kaaluhaldust. Uuri selle eeliseid Transtoyou's juba t\u00e4na!\",\"breadcrumb\":{\"@id\":\"https:\/\/www.transtoyou.com\/et\/product\/mounjaro\/#breadcrumb\"},\"inLanguage\":\"et\",\"potentialAction\":[{\"@type\":\"ReadAction\",\"target\":[\"https:\/\/www.transtoyou.com\/et\/product\/mounjaro\/\"]}]},{\"@type\":\"ImageObject\",\"inLanguage\":\"et\",\"@id\":\"https:\/\/www.transtoyou.com\/et\/product\/mounjaro\/#primaryimage\",\"url\":\"https:\/\/www.transtoyou.com\/et\/wp-content\/uploads\/sites\/7\/2026\/01\/Mounjaro-1-1.png\",\"contentUrl\":\"https:\/\/www.transtoyou.com\/et\/wp-content\/uploads\/sites\/7\/2026\/01\/Mounjaro-1-1.png\",\"width\":1080,\"height\":1080,\"caption\":\"Mounjaro Prik Pen - Transtoyou\"},{\"@type\":\"WebSite\",\"@id\":\"https:\/\/www.transtoyou.com\/et\/#website\",\"url\":\"https:\/\/www.transtoyou.com\/et\/\",\"name\":\"Transtoyou - ET\",\"description\":\"\",\"publisher\":{\"@id\":\"https:\/\/www.transtoyou.com\/et\/#organization\"},\"potentialAction\":[{\"@type\":\"SearchAction\",\"target\":{\"@type\":\"EntryPoint\",\"urlTemplate\":\"https:\/\/www.transtoyou.com\/et\/?s={search_term_string}\"},\"query-input\":{\"@type\":\"PropertyValueSpecification\",\"valueRequired\":true,\"valueName\":\"search_term_string\"}}],\"inLanguage\":\"et\"},{\"@type\":\"Organization\",\"@id\":\"https:\/\/www.transtoyou.com\/et\/#organization\",\"name\":\"Transtoyou - ET\",\"url\":\"https:\/\/www.transtoyou.com\/et\/\",\"logo\":{\"@type\":\"ImageObject\",\"inLanguage\":\"et\",\"@id\":\"https:\/\/www.transtoyou.com\/et\/#\/schema\/logo\/image\/\",\"url\":\"https:\/\/www.transtoyou.com\/et\/wp-content\/uploads\/sites\/7\/2026\/01\/logo-tty-menu-bar-300x87-1.webp\",\"contentUrl\":\"https:\/\/www.transtoyou.com\/et\/wp-content\/uploads\/sites\/7\/2026\/01\/logo-tty-menu-bar-300x87-1.webp\",\"width\":300,\"height\":87,\"caption\":\"Transtoyou - ET\"},\"image\":{\"@id\":\"https:\/\/www.transtoyou.com\/et\/#\/schema\/logo\/image\/\"}}]}<\/script>\n<!-- \/ Yoast SEO plugin. -->","yoast_head_json":{"title":"Mounjaro | Kaaluhalduse Ohutu Toetamine - Transtoyou","description":"Mounjaro, tirzepatiidi s\u00fcst, toetab arsti juhendamisel kaaluhaldust. Uuri selle eeliseid Transtoyou's juba t\u00e4na!","robots":{"index":"noindex","follow":"follow","max-snippet":"max-snippet:-1","max-image-preview":"max-image-preview:large","max-video-preview":"max-video-preview:-1"},"og_locale":"et_EE","og_type":"article","og_title":"Mounjaro | Kaaluhalduse Ohutu Toetamine - Transtoyou","og_description":"Mounjaro, tirzepatiidi s\u00fcst, toetab arsti juhendamisel kaaluhaldust. Uuri selle eeliseid Transtoyou's juba t\u00e4na!","og_url":"https:\/\/www.transtoyou.com\/et\/product\/mounjaro\/","og_site_name":"Transtoyou - ET","article_modified_time":"2026-03-07T14:13:14+00:00","twitter_card":"summary_large_image","twitter_misc":{"Est. reading time":"1 minut"},"schema":{"@context":"https:\/\/schema.org","@graph":[{"@type":"WebPage","@id":"https:\/\/www.transtoyou.com\/et\/product\/mounjaro\/","url":"https:\/\/www.transtoyou.com\/et\/product\/mounjaro\/","name":"Mounjaro | Kaaluhalduse Ohutu Toetamine - Transtoyou","isPartOf":{"@id":"https:\/\/www.transtoyou.com\/et\/#website"},"primaryImageOfPage":{"@id":"https:\/\/www.transtoyou.com\/et\/product\/mounjaro\/#primaryimage"},"image":{"@id":"https:\/\/www.transtoyou.com\/et\/product\/mounjaro\/#primaryimage"},"thumbnailUrl":"https:\/\/www.transtoyou.com\/et\/wp-content\/uploads\/sites\/7\/2026\/01\/Mounjaro-1-1.png","datePublished":"2026-01-26T06:36:52+00:00","dateModified":"2026-03-07T14:13:14+00:00","description":"Mounjaro, tirzepatiidi s\u00fcst, toetab arsti juhendamisel kaaluhaldust. Uuri selle eeliseid Transtoyou's juba t\u00e4na!","breadcrumb":{"@id":"https:\/\/www.transtoyou.com\/et\/product\/mounjaro\/#breadcrumb"},"inLanguage":"et","potentialAction":[{"@type":"ReadAction","target":["https:\/\/www.transtoyou.com\/et\/product\/mounjaro\/"]}]},{"@type":"ImageObject","inLanguage":"et","@id":"https:\/\/www.transtoyou.com\/et\/product\/mounjaro\/#primaryimage","url":"https:\/\/www.transtoyou.com\/et\/wp-content\/uploads\/sites\/7\/2026\/01\/Mounjaro-1-1.png","contentUrl":"https:\/\/www.transtoyou.com\/et\/wp-content\/uploads\/sites\/7\/2026\/01\/Mounjaro-1-1.png","width":1080,"height":1080,"caption":"Mounjaro Prik Pen - Transtoyou"},{"@type":"WebSite","@id":"https:\/\/www.transtoyou.com\/et\/#website","url":"https:\/\/www.transtoyou.com\/et\/","name":"Transtoyou - ET","description":"","publisher":{"@id":"https:\/\/www.transtoyou.com\/et\/#organization"},"potentialAction":[{"@type":"SearchAction","target":{"@type":"EntryPoint","urlTemplate":"https:\/\/www.transtoyou.com\/et\/?s={search_term_string}"},"query-input":{"@type":"PropertyValueSpecification","valueRequired":true,"valueName":"search_term_string"}}],"inLanguage":"et"},{"@type":"Organization","@id":"https:\/\/www.transtoyou.com\/et\/#organization","name":"Transtoyou - ET","url":"https:\/\/www.transtoyou.com\/et\/","logo":{"@type":"ImageObject","inLanguage":"et","@id":"https:\/\/www.transtoyou.com\/et\/#\/schema\/logo\/image\/","url":"https:\/\/www.transtoyou.com\/et\/wp-content\/uploads\/sites\/7\/2026\/01\/logo-tty-menu-bar-300x87-1.webp","contentUrl":"https:\/\/www.transtoyou.com\/et\/wp-content\/uploads\/sites\/7\/2026\/01\/logo-tty-menu-bar-300x87-1.webp","width":300,"height":87,"caption":"Transtoyou - ET"},"image":{"@id":"https:\/\/www.transtoyou.com\/et\/#\/schema\/logo\/image\/"}}]}},"_links":{"self":[{"href":"https:\/\/www.transtoyou.com\/et\/wp-json\/wp\/v2\/product\/1286","targetHints":{"allow":["GET"]}}],"collection":[{"href":"https:\/\/www.transtoyou.com\/et\/wp-json\/wp\/v2\/product"}],"about":[{"href":"https:\/\/www.transtoyou.com\/et\/wp-json\/wp\/v2\/types\/product"}],"replies":[{"embeddable":true,"href":"https:\/\/www.transtoyou.com\/et\/wp-json\/wp\/v2\/comments?post=1286"}],"wp:featuredmedia":[{"embeddable":true,"href":"https:\/\/www.transtoyou.com\/et\/wp-json\/wp\/v2\/media\/1293"}],"wp:attachment":[{"href":"https:\/\/www.transtoyou.com\/et\/wp-json\/wp\/v2\/media?parent=1286"}],"wp:term":[{"taxonomy":"product_brand","embeddable":true,"href":"https:\/\/www.transtoyou.com\/et\/wp-json\/wp\/v2\/product_brand?post=1286"},{"taxonomy":"product_cat","embeddable":true,"href":"https:\/\/www.transtoyou.com\/et\/wp-json\/wp\/v2\/product_cat?post=1286"},{"taxonomy":"product_tag","embeddable":true,"href":"https:\/\/www.transtoyou.com\/et\/wp-json\/wp\/v2\/product_tag?post=1286"},{"taxonomy":"expert","embeddable":true,"href":"https:\/\/www.transtoyou.com\/et\/wp-json\/wp\/v2\/expert?post=1286"}],"curies":[{"name":"wp","href":"https:\/\/api.w.org\/{rel}","templated":true}]}}