{"id":1364,"date":"2026-02-07T11:28:52","date_gmt":"2026-02-07T09:28:52","guid":{"rendered":"https:\/\/www.transtoyou.com\/et\/product\/allopurinol\/"},"modified":"2026-02-07T13:05:04","modified_gmt":"2026-02-07T11:05:04","slug":"allopurinool","status":"publish","type":"product","link":"https:\/\/www.transtoyou.com\/et\/product\/allopurinool\/","title":{"rendered":"Allopurinool"},"content":{"rendered":"<p>Allopurinool on ravim ksantiini oks\u00fcdaasi inhibiitorite r\u00fchmast, mida kasutatakse keha k\u00f5rgete kusihappe tasemete alandamiseks. See aitab ennetada probleeme nagu podagra (liigesevalu t\u00fc\u00fcp, mille p\u00f5hjustavad kusihappe kristallid) ja kusihappe neerukivid. Erinevalt valuvaigistitest ei leevenda see valu otseselt, vaid t\u00f6\u00f6tab selle nimel, et v\u00e4ltida tulevasi \u00e4genemisi, v\u00e4hendades kusihappe tootmist.<\/p>\n<p>Allopurinool blokeerib keemilise protsessi kehas, mis tavaliselt muundab aineid kusihappeks. Selle protsessi aeglustamine aitab hoida kusihappe taset madalal. See v\u00f5imaldab olemasolevatel kristallidel j\u00e4rk-j\u00e4rgult lahustuda ja aitab takistada uute tekkimist.<\/p>\n<p>Seda kasutatakse peamiselt inimestele, kellel on krooniliselt k\u00f5rged kusihappe tasemed, eriti neile, kellel on korduvad podagrahood v\u00f5i neerukivid. M\u00f5nel juhul kasutatakse seda ka siis, kui kusihappe tasemed t\u00f5usevad teiste terviseprobleemide v\u00f5i ravimeetodite t\u00f5ttu.<\/p>\n<p>Allopurinool ei toimi kohe \u2014 kusihappe tasemete alandamine v\u00f5tab paar p\u00e4eva ja t\u00e4ieliku efekti saavutamine v\u00f5ib v\u00f5tta 1\u20132 n\u00e4dalat. Parimate tulemuste saavutamiseks tuleks seda v\u00f5tta iga p\u00e4ev koos toiduga ja piisava vedelikuga (v\u00e4hemalt 2 liitrit p\u00e4evas).<\/p>\n<p>Allopurinooli kasutamise suurim eelis on podagrahoogude ja neeruprobleemide ennetamine pikaajaliselt. \u00dcldiselt talutakse seda h\u00e4sti, kuid m\u00f5nel inimesel v\u00f5ivad esineda kerged nahal\u00f6\u00f6bed v\u00f5i muud haruldased allergilised reaktsioonid.<\/p>\n","protected":false},"excerpt":{"rendered":"<ul>\n<li>Aitab ennetada podagra r\u00fcnnakuid ja kusihappe neerukive<\/li>\n<li>Alandab kusihappe taset veres ja uriinis<\/li>\n<li>Toetab kroonilise h\u00fcperurikeemia pikaajalist kontrolli<\/li>\n<\/ul>\n","protected":false},"featured_media":1366,"comment_status":"open","ping_status":"closed","template":"","meta":[],"product_brand":[],"product_cat":[99,86],"product_tag":[],"expert":[],"class_list":{"0":"post-1364","1":"product","2":"type-product","3":"status-publish","4":"has-post-thumbnail","6":"product_cat-selja-lihaste-ja-liigesevalu","7":"product_cat-uldine-tervis","9":"first","10":"instock","11":"shipping-taxable","12":"purchasable","13":"product-type-variable"},"yoast_head":"<!-- This site is optimized with the Yoast SEO plugin v27.0 - https:\/\/yoast.com\/product\/yoast-seo-wordpress\/ -->\n<title>Osta Allopurinooli Internetis | Kiire Arsti Heakskiit - Transtoyou - ET<\/title>\n<meta name=\"description\" content=\"Tellige Allopurinol veebis kiire arstivisiidi kaudu. Ilma ooteruumideta. Kiire kohaletoimetamine Euroopas. Ohutu, diskreetne ja retsept kaasas.\" \/>\n<meta name=\"robots\" content=\"noindex, follow, max-snippet:-1, max-image-preview:large, max-video-preview:-1\" \/>\n<meta property=\"og:locale\" content=\"et_EE\" \/>\n<meta property=\"og:type\" content=\"article\" \/>\n<meta property=\"og:title\" content=\"Osta Allopurinooli Internetis | Kiire Arsti Heakskiit - Transtoyou - ET\" \/>\n<meta property=\"og:description\" content=\"Tellige Allopurinol veebis kiire arstivisiidi kaudu. Ilma ooteruumideta. Kiire kohaletoimetamine Euroopas. Ohutu, diskreetne ja retsept kaasas.\" \/>\n<meta property=\"og:url\" content=\"https:\/\/www.transtoyou.com\/et\/product\/allopurinol\/\" \/>\n<meta property=\"og:site_name\" content=\"Transtoyou - ET\" \/>\n<meta property=\"article:modified_time\" content=\"2026-02-07T11:05:04+00:00\" \/>\n<meta name=\"twitter:card\" content=\"summary_large_image\" \/>\n<meta name=\"twitter:label1\" content=\"Est. reading time\" \/>\n\t<meta name=\"twitter:data1\" content=\"1 minut\" \/>\n<script type=\"application\/ld+json\" class=\"yoast-schema-graph\">{\"@context\":\"https:\/\/schema.org\",\"@graph\":[{\"@type\":\"WebPage\",\"@id\":\"https:\/\/www.transtoyou.com\/et\/product\/allopurinol\/\",\"url\":\"https:\/\/www.transtoyou.com\/et\/product\/allopurinol\/\",\"name\":\"Osta Allopurinooli Internetis | Kiire Arsti Heakskiit - Transtoyou - ET\",\"isPartOf\":{\"@id\":\"https:\/\/www.transtoyou.com\/et\/#website\"},\"primaryImageOfPage\":{\"@id\":\"https:\/\/www.transtoyou.com\/et\/product\/allopurinol\/#primaryimage\"},\"image\":{\"@id\":\"https:\/\/www.transtoyou.com\/et\/product\/allopurinol\/#primaryimage\"},\"thumbnailUrl\":\"https:\/\/www.transtoyou.com\/et\/wp-content\/uploads\/sites\/7\/2026\/02\/tty-no-product-image.webp\",\"datePublished\":\"2026-02-07T09:28:52+00:00\",\"dateModified\":\"2026-02-07T11:05:04+00:00\",\"description\":\"Tellige Allopurinol veebis kiire arstivisiidi kaudu. Ilma ooteruumideta. Kiire kohaletoimetamine Euroopas. Ohutu, diskreetne ja retsept kaasas.\",\"breadcrumb\":{\"@id\":\"https:\/\/www.transtoyou.com\/et\/product\/allopurinol\/#breadcrumb\"},\"inLanguage\":\"et\",\"potentialAction\":[{\"@type\":\"ReadAction\",\"target\":[\"https:\/\/www.transtoyou.com\/et\/product\/allopurinol\/\"]}]},{\"@type\":\"ImageObject\",\"inLanguage\":\"et\",\"@id\":\"https:\/\/www.transtoyou.com\/et\/product\/allopurinol\/#primaryimage\",\"url\":\"https:\/\/www.transtoyou.com\/et\/wp-content\/uploads\/sites\/7\/2026\/02\/tty-no-product-image.webp\",\"contentUrl\":\"https:\/\/www.transtoyou.com\/et\/wp-content\/uploads\/sites\/7\/2026\/02\/tty-no-product-image.webp\",\"width\":1000,\"height\":1000,\"caption\":\"Vaikimisi toote pilt\"},{\"@type\":\"WebSite\",\"@id\":\"https:\/\/www.transtoyou.com\/et\/#website\",\"url\":\"https:\/\/www.transtoyou.com\/et\/\",\"name\":\"Transtoyou - ET\",\"description\":\"\",\"publisher\":{\"@id\":\"https:\/\/www.transtoyou.com\/et\/#organization\"},\"potentialAction\":[{\"@type\":\"SearchAction\",\"target\":{\"@type\":\"EntryPoint\",\"urlTemplate\":\"https:\/\/www.transtoyou.com\/et\/?s={search_term_string}\"},\"query-input\":{\"@type\":\"PropertyValueSpecification\",\"valueRequired\":true,\"valueName\":\"search_term_string\"}}],\"inLanguage\":\"et\"},{\"@type\":\"Organization\",\"@id\":\"https:\/\/www.transtoyou.com\/et\/#organization\",\"name\":\"Transtoyou - ET\",\"url\":\"https:\/\/www.transtoyou.com\/et\/\",\"logo\":{\"@type\":\"ImageObject\",\"inLanguage\":\"et\",\"@id\":\"https:\/\/www.transtoyou.com\/et\/#\/schema\/logo\/image\/\",\"url\":\"https:\/\/www.transtoyou.com\/et\/wp-content\/uploads\/sites\/7\/2026\/01\/logo-tty-menu-bar-300x87-1.webp\",\"contentUrl\":\"https:\/\/www.transtoyou.com\/et\/wp-content\/uploads\/sites\/7\/2026\/01\/logo-tty-menu-bar-300x87-1.webp\",\"width\":300,\"height\":87,\"caption\":\"Transtoyou - ET\"},\"image\":{\"@id\":\"https:\/\/www.transtoyou.com\/et\/#\/schema\/logo\/image\/\"}}]}<\/script>\n<!-- \/ Yoast SEO plugin. -->","yoast_head_json":{"title":"Osta Allopurinooli Internetis | Kiire Arsti Heakskiit - Transtoyou - ET","description":"Tellige Allopurinol veebis kiire arstivisiidi kaudu. Ilma ooteruumideta. Kiire kohaletoimetamine Euroopas. Ohutu, diskreetne ja retsept kaasas.","robots":{"index":"noindex","follow":"follow","max-snippet":"max-snippet:-1","max-image-preview":"max-image-preview:large","max-video-preview":"max-video-preview:-1"},"og_locale":"et_EE","og_type":"article","og_title":"Osta Allopurinooli Internetis | Kiire Arsti Heakskiit - Transtoyou - ET","og_description":"Tellige Allopurinol veebis kiire arstivisiidi kaudu. Ilma ooteruumideta. Kiire kohaletoimetamine Euroopas. Ohutu, diskreetne ja retsept kaasas.","og_url":"https:\/\/www.transtoyou.com\/et\/product\/allopurinol\/","og_site_name":"Transtoyou - ET","article_modified_time":"2026-02-07T11:05:04+00:00","twitter_card":"summary_large_image","twitter_misc":{"Est. reading time":"1 minut"},"schema":{"@context":"https:\/\/schema.org","@graph":[{"@type":"WebPage","@id":"https:\/\/www.transtoyou.com\/et\/product\/allopurinol\/","url":"https:\/\/www.transtoyou.com\/et\/product\/allopurinol\/","name":"Osta Allopurinooli Internetis | Kiire Arsti Heakskiit - Transtoyou - ET","isPartOf":{"@id":"https:\/\/www.transtoyou.com\/et\/#website"},"primaryImageOfPage":{"@id":"https:\/\/www.transtoyou.com\/et\/product\/allopurinol\/#primaryimage"},"image":{"@id":"https:\/\/www.transtoyou.com\/et\/product\/allopurinol\/#primaryimage"},"thumbnailUrl":"https:\/\/www.transtoyou.com\/et\/wp-content\/uploads\/sites\/7\/2026\/02\/tty-no-product-image.webp","datePublished":"2026-02-07T09:28:52+00:00","dateModified":"2026-02-07T11:05:04+00:00","description":"Tellige Allopurinol veebis kiire arstivisiidi kaudu. Ilma ooteruumideta. Kiire kohaletoimetamine Euroopas. Ohutu, diskreetne ja retsept kaasas.","breadcrumb":{"@id":"https:\/\/www.transtoyou.com\/et\/product\/allopurinol\/#breadcrumb"},"inLanguage":"et","potentialAction":[{"@type":"ReadAction","target":["https:\/\/www.transtoyou.com\/et\/product\/allopurinol\/"]}]},{"@type":"ImageObject","inLanguage":"et","@id":"https:\/\/www.transtoyou.com\/et\/product\/allopurinol\/#primaryimage","url":"https:\/\/www.transtoyou.com\/et\/wp-content\/uploads\/sites\/7\/2026\/02\/tty-no-product-image.webp","contentUrl":"https:\/\/www.transtoyou.com\/et\/wp-content\/uploads\/sites\/7\/2026\/02\/tty-no-product-image.webp","width":1000,"height":1000,"caption":"Vaikimisi toote pilt"},{"@type":"WebSite","@id":"https:\/\/www.transtoyou.com\/et\/#website","url":"https:\/\/www.transtoyou.com\/et\/","name":"Transtoyou - ET","description":"","publisher":{"@id":"https:\/\/www.transtoyou.com\/et\/#organization"},"potentialAction":[{"@type":"SearchAction","target":{"@type":"EntryPoint","urlTemplate":"https:\/\/www.transtoyou.com\/et\/?s={search_term_string}"},"query-input":{"@type":"PropertyValueSpecification","valueRequired":true,"valueName":"search_term_string"}}],"inLanguage":"et"},{"@type":"Organization","@id":"https:\/\/www.transtoyou.com\/et\/#organization","name":"Transtoyou - ET","url":"https:\/\/www.transtoyou.com\/et\/","logo":{"@type":"ImageObject","inLanguage":"et","@id":"https:\/\/www.transtoyou.com\/et\/#\/schema\/logo\/image\/","url":"https:\/\/www.transtoyou.com\/et\/wp-content\/uploads\/sites\/7\/2026\/01\/logo-tty-menu-bar-300x87-1.webp","contentUrl":"https:\/\/www.transtoyou.com\/et\/wp-content\/uploads\/sites\/7\/2026\/01\/logo-tty-menu-bar-300x87-1.webp","width":300,"height":87,"caption":"Transtoyou - ET"},"image":{"@id":"https:\/\/www.transtoyou.com\/et\/#\/schema\/logo\/image\/"}}]}},"_links":{"self":[{"href":"https:\/\/www.transtoyou.com\/et\/wp-json\/wp\/v2\/product\/1364","targetHints":{"allow":["GET"]}}],"collection":[{"href":"https:\/\/www.transtoyou.com\/et\/wp-json\/wp\/v2\/product"}],"about":[{"href":"https:\/\/www.transtoyou.com\/et\/wp-json\/wp\/v2\/types\/product"}],"replies":[{"embeddable":true,"href":"https:\/\/www.transtoyou.com\/et\/wp-json\/wp\/v2\/comments?post=1364"}],"wp:featuredmedia":[{"embeddable":true,"href":"https:\/\/www.transtoyou.com\/et\/wp-json\/wp\/v2\/media\/1366"}],"wp:attachment":[{"href":"https:\/\/www.transtoyou.com\/et\/wp-json\/wp\/v2\/media?parent=1364"}],"wp:term":[{"taxonomy":"product_brand","embeddable":true,"href":"https:\/\/www.transtoyou.com\/et\/wp-json\/wp\/v2\/product_brand?post=1364"},{"taxonomy":"product_cat","embeddable":true,"href":"https:\/\/www.transtoyou.com\/et\/wp-json\/wp\/v2\/product_cat?post=1364"},{"taxonomy":"product_tag","embeddable":true,"href":"https:\/\/www.transtoyou.com\/et\/wp-json\/wp\/v2\/product_tag?post=1364"},{"taxonomy":"expert","embeddable":true,"href":"https:\/\/www.transtoyou.com\/et\/wp-json\/wp\/v2\/expert?post=1364"}],"curies":[{"name":"wp","href":"https:\/\/api.w.org\/{rel}","templated":true}]}}