{"id":1610,"date":"2026-02-23T13:33:39","date_gmt":"2026-02-23T11:33:39","guid":{"rendered":"https:\/\/www.transtoyou.com\/et\/product\/bricanyl\/"},"modified":"2026-02-23T13:43:51","modified_gmt":"2026-02-23T11:43:51","slug":"brikanyyl","status":"publish","type":"product","link":"https:\/\/www.transtoyou.com\/et\/product\/brikanyyl\/","title":{"rendered":"Bricanyl"},"content":{"rendered":"<h2>Mis on Bricanyl Turbuhaler?<\/h2>\n<p>Bricanyl Turbuhaler on kuiva pulbri inhalaator, mille aktiivne koostisosa on terbutaliinsulfaat. Terbutaliin kuulub l\u00fchitoimivate beetas-2 adrenergiliste agonistide r\u00fchma, mida sageli nimetatakse bronhodilataatoriteks.<\/p>\n<p>Bronhodilataatorid toimivad, l\u00f5dvestades \u00f5huteede \u00fcmbritsevat silelihast. Kui need lihased pinguldavad, kitsenevad \u00f5huteed, mis p\u00f5hjustab \u00f5hupuudust, vilistavat hingamist ja rinnaku pinget. P\u00e4rast sissehingamist stimuleerib terbutaliin \u00f5huteede lihastes asuvaid spetsiifilisi retseptoreid, p\u00f5hjustades nende l\u00f5dvestumise ja v\u00f5imaldades \u00f5hu vabamat liikumist.<\/p>\n<p>Bricanyli toime algab minutite jooksul p\u00e4rast sissehingamist ja kestab tavaliselt umbes viis kuni kuus tundi. Kuna see toimib kiiresti, kasutatakse seda peamiselt kiire s\u00fcmptomite leevendamiseks, mitte pikaajalise hooldusravi jaoks.<\/p>\n<p>Bricanyl Turbuhaler on saadaval 250 mikrogrammi ja 500 mikrogrammi tugevustes \u00fche sissehingamise kohta.<\/p>\n<h2>Millal seda kasutatakse?<\/h2>\n<p>Bricanyl Turbuhalerit kasutatakse \u00f5huteede kitsenemise p\u00f5hjustatud s\u00fcmptomite leevendamiseks. Seda v\u00f5ib v\u00e4lja kirjutada:<\/p>\n<ul>\n<li>Astma<\/li>\n<li>Krooniline bronhiit<\/li>\n<li>Kopsuemb\u00fcsem<\/li>\n<li>Teised obstruktiivsed \u00f5huteede haigused, mis h\u00f5lmavad bronhiaalse lihase kokkut\u00f5mmet<\/li>\n<\/ul>\n<p>Astma korral v\u00f5ib \u00f5huteede kitsenemist esile kutsuda allergeenid, f\u00fc\u00fcsiline koormus, k\u00fclm \u00f5hk v\u00f5i hingamisteede infektsioonid. Bricanyl aitab neid s\u00fcmptomeid leevendada, l\u00f5dvestades \u00f5huteede lihaseid ja parandades \u00f5huvoolu.<\/p>\n<p>Bricanyli kasutatakse tavaliselt vajadusel s\u00fcmptomite leevendamiseks. See ei asenda regulaarset p\u00f5letikuvastast hooldusravi, nagu sissehingatavad kortikosteroidid, kui need on v\u00e4lja kirjutatud.<\/p>\n<p>Kui l\u00fchitoimivat bronhodilataatorit, nagu Bricanyl, on vaja rohkem kui kaks korda n\u00e4dalas astma s\u00fcmptomite kontrollimiseks, v\u00f5ib see viidata sellele, et seisundit ei kontrollita piisavalt ja on soovitatav meditsiiniline uuesti hindamine.<\/p>\n<h2>Kuidas Bricanyl Turbuhaler t\u00f6\u00f6tab?<\/h2>\n<p>Terbutaliin stimuleerib beetas-2 retseptoreid, mis asuvad bronhiaalsete torude silelihastes. Nende retseptorite aktiveerimine p\u00f5hjustab lihaste l\u00f5dvestumise, mis viib \u00f5huteede laienemiseni (bronhodilatsioon).<\/p>\n<p>Parandades \u00f5huvoogu, v\u00e4hendab Bricanyl s\u00fcmptomeid nagu:<br \/>\n\u2022 Vilistav hingamine<br \/>\n\u2022 \u00d5hupuudus<br \/>\n\u2022 Rinnaku pinget<br \/>\n\u2022 K\u00f6ha, mis on seotud bronhospasmiga<\/p>\n<p>Kuna ravim sissehingatakse otse kopsudesse, toimib see kohapeal \u00f5huteede kitsenemise kohas. Bronhodilatoorne toime algab minutite jooksul ja kestab tavaliselt viis kuni kuus tundi.<\/p>\n<p>L\u00fchitoimivate bronhodilataatorite liigne kasutamine v\u00f5ib viidata astma kontrolli halvenemisele. Suurenev s\u00f5ltuvus p\u00e4\u00e4stikinhalaatoritest tuleks alati arutada tervishoiut\u00f6\u00f6tajaga.<\/p>\n<h2>Kes ei tohiks kasutada Bricanyl Turbuhalerit?<\/h2>\n<p>Bricanyli ei tohiks kasutada, kui sa:<\/p>\n<ul>\n<li>Oled allergiline terbutaliinsulfaadi v\u00f5i m\u00f5ne inhalaatori koostisosade suhtes<\/li>\n<li>Kannatad h\u00fcpertroofilise kardiom\u00fcopaatia all (seisund, mis h\u00f5lmab s\u00fcdame lihase paksenemist)<\/li>\n<\/ul>\n<p>Erilist ettevaatust on vajalik, kui sul on:<\/p>\n<ul>\n<li>S\u00fcdamehaigus, ebaregulaarne s\u00fcdametegevus v\u00f5i rinnakuvalu<\/li>\n<li><a href=\"\/et\/treatment\/high-blood-pressure\/\">K\u00f5rge verer\u00f5hk<\/a><\/li>\n<li><a href=\"\/et\/treatment\/diabetes\">Diabeet<\/a><\/li>\n<li>H\u00fcpert\u00fcreoidism<\/li>\n<li>Madal kaaliumisisaldus<\/li>\n<li>Probleemid urineerimisega<\/li>\n<\/ul>\n<p>Beetas-2 agonistid v\u00f5ivad suurendada s\u00fcdame l\u00f6\u00f6gisagedust ja m\u00f5jutada kaaliumi v\u00f5i vere gl\u00fckoositaset. Teatud patsientide puhul v\u00f5ib olla vajalik j\u00e4lgimine.<\/p>\n<p>Bricanyl Turbuhaler sisaldab laktoosi, mis v\u00f5ib sisaldada j\u00e4lgi piimavalke. Raskete piimavalgu allergiaga isikud peaksid enne kasutamist konsulteerima oma arstiga.<\/p>\n<p>Kui s\u00fcmptomid halvenevad kiiresti v\u00f5i on vajalikud suuremad annused leevendamiseks, otsi kohe meditsiinilist n\u00f5u.<\/p>\n<h2>Kuidas kasutada ja annustamine<\/h2>\n<p>Kasutage Bricanyli alati t\u00e4pselt vastavalt arsti ettekirjutusele.<\/p>\n<p>S\u00fcmptomite leevendamiseks on tavaline annus:<\/p>\n<ul>\n<li>1\u20132 sissehingamist Bricanyl 250 mikrogrammi<br \/>\nv\u00f5i<\/li>\n<li>1 sissehingamine Bricanyl 500 mikrogrammi<\/li>\n<\/ul>\n<p>Maksimaalne \u00f6\u00f6p\u00e4evane annus on 4000 mikrogrammi. See vastab:<\/p>\n<ul>\n<li>Kuni 16 sissehingamist 250 mikrogrammi<br \/>\nv\u00f5i<\/li>\n<li>Kuni 8 sissehingamist 500 mikrogrammi<\/li>\n<\/ul>\n<p>Bricanyli kasutatakse vajadusel s\u00fcmptomite leevendamiseks, mitte fikseeritud igap\u00e4evase ajakava j\u00e4rgi.<\/p>\n<p>Kui unustad annuse, v\u00f5ta see vajadusel s\u00fcmptomite jaoks. \u00c4ra \u00fcleta etten\u00e4htud maksimaalset annust.<\/p>\n<p>Kui koged \u00e4kilist hingamise halvenemist, vajad suurenevaid annuseid v\u00f5i leiad, et inhalaator pakub v\u00e4hem leevendust kui tavaliselt, otsi kiiresti meditsiinilist abi.<\/p>\n<h2>V\u00f5imalikud k\u00f5rvaltoimed<\/h2>\n<p>Nagu k\u00f5ik ravimid, v\u00f5ib ka Bricanyl p\u00f5hjustada k\u00f5rvaltoimeid, kuigi mitte k\u00f5ik ei koge neid.<\/p>\n<p>V\u00e4ga levinud k\u00f5rvaltoimed v\u00f5ivad h\u00f5lmata:<\/p>\n<ul>\n<li>Tremor<\/li>\n<li>Peavalu<\/li>\n<\/ul>\n<p>Levinud k\u00f5rvaltoimed v\u00f5ivad h\u00f5lmata:<\/p>\n<ul>\n<li>Kiire s\u00fcdametegevus (tahh\u00fckardia)<\/li>\n<li>R\u00fctmih\u00e4ired<\/li>\n<li>Lihaskrambid<\/li>\n<li>Madal kaaliumisisaldus (h\u00fcpokaleemia)<\/li>\n<\/ul>\n<p>Haruldased k\u00f5rvaltoimed v\u00f5ivad h\u00f5lmata:<\/p>\n<ul>\n<li>\u00c4revus v\u00f5i uneh\u00e4ired<\/li>\n<li>S\u00fcdame r\u00fctmih\u00e4ired<\/li>\n<li>Bronhospasm<\/li>\n<li>Iiveldus v\u00f5i oksendamine<\/li>\n<li>Nahap\u00f5letik v\u00f5i urtikaaria<\/li>\n<\/ul>\n<p>V\u00e4ga haruldased, kuid t\u00f5sised reaktsioonid v\u00f5ivad h\u00f5lmata:<\/p>\n<ul>\n<li>T\u00f5sised allergilised reaktsioonid (sealhulgas angio\u00f6deem)<\/li>\n<li>Verer\u00f5hu muutused<\/li>\n<li>Rinnaku pinget<\/li>\n<\/ul>\n<p>Kui koged rinnakuvalu, t\u00f5siseid allergilisi s\u00fcmptomeid v\u00f5i hingamise halvenemist p\u00e4rast kasutamist, otsi kiiresti meditsiinilist abi.<\/p>\n<h2>Oluline ohutusteave<\/h2>\n<p>Kui Bricanyli on vaja rohkem kui kaks korda n\u00e4dalas astma leevendamiseks, v\u00f5ib see viidata ebapiisavale astma kontrollile. Tuleb korraldada meditsiiniline \u00fclevaatus.<\/p>\n<p>Kui sulle on v\u00e4lja kirjutatud sissehingatavad kortikosteroidid v\u00f5i muud hooldusravimid, j\u00e4tka nende regulaarset kasutamist vastavalt juhistele, isegi kui s\u00fcmptomid paranevad.<\/p>\n<p>Bricanyl v\u00f5ib m\u00f5jutada vere gl\u00fckoosi ja kaaliumitaset. Diabeediga v\u00f5i elektrol\u00fc\u00fctide tasakaalu h\u00e4iretega patsiendid v\u00f5ivad vajada j\u00e4lgimist.<\/p>\n<p>Raseduse ajal tuleks Bricanyli kasutada ainult p\u00e4rast meditsiinilist konsultatsiooni. Seda v\u00f5ib kasutada ka rinnaga toitmise ajal professionaalse n\u00f5uande alusel.<\/p>\n<p>V\u00e4ltige soovitatud annuse \u00fcletamist, kuna liigne kasutamine v\u00f5ib suurendada s\u00fcdame-veresoonkonna k\u00f5rvaltoimete riski.<\/p>\n<h2>Millal otsida meditsiinilist abi<\/h2>\n<p>Otsi kiiresti meditsiinilist abi, kui:<\/p>\n<ul>\n<li>Hingamine halveneb \u00e4kki<\/li>\n<li>Oled liiga \u00f5hupuuduses, et r\u00e4\u00e4kida, s\u00fc\u00fca v\u00f5i magada<\/li>\n<li>Rinnakuvalu tekib<\/li>\n<li>T\u00f5sised allergilised reaktsioonid esinevad<\/li>\n<\/ul>\n<p>K\u00e4ivita oma arstiga \u00fchendust, kui:<\/p>\n<ul>\n<li>Vajad leevendamiseks suurenevaid annuseid<\/li>\n<li>Kasutad Bricanyli rohkem kui kaks korda n\u00e4dalas astma kontrollimiseks<\/li>\n<li>Inhalaator tundub v\u00e4hem efektiivne kui tavaliselt<\/li>\n<\/ul>\n","protected":false},"excerpt":{"rendered":"<ul>\n<li>Bricanyl Turbuhaler on retseptiga l\u00fchitoimiv bronhodilataator, mis l\u00f5dvestab hingamisteede lihaseid minutite jooksul, et leevendada hingamisraskusi.<\/li>\n<li>Toimeaine: Terbutaliinsulfaat (250 v\u00f5i 500 mikrogrammi sissehingamise kohta)<\/li>\n<li>Kasutatakse: Bronhiaalsete kitsenduste leevendamiseks astma, kroonilise bronhiidi, kopsuemf\u00fcseemi ja teiste obstruktiivsete hingamisteede haiguste korral<\/li>\n<\/ul>\n","protected":false},"featured_media":1612,"comment_status":"open","ping_status":"closed","template":"","meta":[],"product_brand":[],"product_cat":[98],"product_tag":[],"expert":[16],"class_list":{"0":"post-1610","1":"product","2":"type-product","3":"status-publish","4":"has-post-thumbnail","6":"product_cat-astma","7":"expert-dr-c-alexandru","9":"first","10":"instock","11":"shipping-taxable","12":"product-type-variable"},"yoast_head":"<!-- This site is optimized with the Yoast SEO plugin v27.0 - https:\/\/yoast.com\/product\/yoast-seo-wordpress\/ -->\n<title>Bricanyl Turbuhaler | Ravi oma astmat - Transtoyou<\/title>\n<meta name=\"description\" content=\"Bricanyl Turbuhaler sisaldab terbutaliini 250 v\u00f5i 500 mikrogrammi annuse kohta. Retseptiga bronhodilataator astma jaoks, saadaval Transtoyou kaudu.\" \/>\n<meta name=\"robots\" content=\"noindex, follow, max-snippet:-1, max-image-preview:large, max-video-preview:-1\" \/>\n<meta property=\"og:locale\" content=\"et_EE\" \/>\n<meta property=\"og:type\" content=\"article\" \/>\n<meta property=\"og:title\" content=\"Bricanyl Turbuhaler | Ravi oma astmat - Transtoyou\" \/>\n<meta property=\"og:description\" content=\"Bricanyl Turbuhaler sisaldab terbutaliini 250 v\u00f5i 500 mikrogrammi annuse kohta. Retseptiga bronhodilataator astma jaoks, saadaval Transtoyou kaudu.\" \/>\n<meta property=\"og:url\" content=\"https:\/\/www.transtoyou.com\/et\/product\/bricanyl\/\" \/>\n<meta property=\"og:site_name\" content=\"Transtoyou - ET\" \/>\n<meta property=\"article:modified_time\" content=\"2026-02-23T11:43:51+00:00\" \/>\n<meta name=\"twitter:card\" content=\"summary_large_image\" \/>\n<meta name=\"twitter:label1\" content=\"Est. reading time\" \/>\n\t<meta name=\"twitter:data1\" content=\"4 minutit\" \/>\n<script type=\"application\/ld+json\" class=\"yoast-schema-graph\">{\"@context\":\"https:\/\/schema.org\",\"@graph\":[{\"@type\":\"WebPage\",\"@id\":\"https:\/\/www.transtoyou.com\/et\/product\/bricanyl\/\",\"url\":\"https:\/\/www.transtoyou.com\/et\/product\/bricanyl\/\",\"name\":\"Bricanyl Turbuhaler | Ravi oma astmat - Transtoyou\",\"isPartOf\":{\"@id\":\"https:\/\/www.transtoyou.com\/et\/#website\"},\"primaryImageOfPage\":{\"@id\":\"https:\/\/www.transtoyou.com\/et\/product\/bricanyl\/#primaryimage\"},\"image\":{\"@id\":\"https:\/\/www.transtoyou.com\/et\/product\/bricanyl\/#primaryimage\"},\"thumbnailUrl\":\"https:\/\/www.transtoyou.com\/et\/wp-content\/uploads\/sites\/7\/2026\/02\/tty-no-product-image-5.webp\",\"datePublished\":\"2026-02-23T11:33:39+00:00\",\"dateModified\":\"2026-02-23T11:43:51+00:00\",\"description\":\"Bricanyl Turbuhaler sisaldab terbutaliini 250 v\u00f5i 500 mikrogrammi annuse kohta. Retseptiga bronhodilataator astma jaoks, saadaval Transtoyou kaudu.\",\"breadcrumb\":{\"@id\":\"https:\/\/www.transtoyou.com\/et\/product\/bricanyl\/#breadcrumb\"},\"inLanguage\":\"et\",\"potentialAction\":[{\"@type\":\"ReadAction\",\"target\":[\"https:\/\/www.transtoyou.com\/et\/product\/bricanyl\/\"]}]},{\"@type\":\"ImageObject\",\"inLanguage\":\"et\",\"@id\":\"https:\/\/www.transtoyou.com\/et\/product\/bricanyl\/#primaryimage\",\"url\":\"https:\/\/www.transtoyou.com\/et\/wp-content\/uploads\/sites\/7\/2026\/02\/tty-no-product-image-5.webp\",\"contentUrl\":\"https:\/\/www.transtoyou.com\/et\/wp-content\/uploads\/sites\/7\/2026\/02\/tty-no-product-image-5.webp\",\"width\":1000,\"height\":1000,\"caption\":\"Vaikimisi toote pilt\"},{\"@type\":\"WebSite\",\"@id\":\"https:\/\/www.transtoyou.com\/et\/#website\",\"url\":\"https:\/\/www.transtoyou.com\/et\/\",\"name\":\"Transtoyou - ET\",\"description\":\"\",\"publisher\":{\"@id\":\"https:\/\/www.transtoyou.com\/et\/#organization\"},\"potentialAction\":[{\"@type\":\"SearchAction\",\"target\":{\"@type\":\"EntryPoint\",\"urlTemplate\":\"https:\/\/www.transtoyou.com\/et\/?s={search_term_string}\"},\"query-input\":{\"@type\":\"PropertyValueSpecification\",\"valueRequired\":true,\"valueName\":\"search_term_string\"}}],\"inLanguage\":\"et\"},{\"@type\":\"Organization\",\"@id\":\"https:\/\/www.transtoyou.com\/et\/#organization\",\"name\":\"Transtoyou - ET\",\"url\":\"https:\/\/www.transtoyou.com\/et\/\",\"logo\":{\"@type\":\"ImageObject\",\"inLanguage\":\"et\",\"@id\":\"https:\/\/www.transtoyou.com\/et\/#\/schema\/logo\/image\/\",\"url\":\"https:\/\/www.transtoyou.com\/et\/wp-content\/uploads\/sites\/7\/2026\/01\/logo-tty-menu-bar-300x87-1.webp\",\"contentUrl\":\"https:\/\/www.transtoyou.com\/et\/wp-content\/uploads\/sites\/7\/2026\/01\/logo-tty-menu-bar-300x87-1.webp\",\"width\":300,\"height\":87,\"caption\":\"Transtoyou - ET\"},\"image\":{\"@id\":\"https:\/\/www.transtoyou.com\/et\/#\/schema\/logo\/image\/\"}}]}<\/script>\n<!-- \/ Yoast SEO plugin. -->","yoast_head_json":{"title":"Bricanyl Turbuhaler | Ravi oma astmat - Transtoyou","description":"Bricanyl Turbuhaler sisaldab terbutaliini 250 v\u00f5i 500 mikrogrammi annuse kohta. Retseptiga bronhodilataator astma jaoks, saadaval Transtoyou kaudu.","robots":{"index":"noindex","follow":"follow","max-snippet":"max-snippet:-1","max-image-preview":"max-image-preview:large","max-video-preview":"max-video-preview:-1"},"og_locale":"et_EE","og_type":"article","og_title":"Bricanyl Turbuhaler | Ravi oma astmat - Transtoyou","og_description":"Bricanyl Turbuhaler sisaldab terbutaliini 250 v\u00f5i 500 mikrogrammi annuse kohta. Retseptiga bronhodilataator astma jaoks, saadaval Transtoyou kaudu.","og_url":"https:\/\/www.transtoyou.com\/et\/product\/bricanyl\/","og_site_name":"Transtoyou - ET","article_modified_time":"2026-02-23T11:43:51+00:00","twitter_card":"summary_large_image","twitter_misc":{"Est. reading time":"4 minutit"},"schema":{"@context":"https:\/\/schema.org","@graph":[{"@type":"WebPage","@id":"https:\/\/www.transtoyou.com\/et\/product\/bricanyl\/","url":"https:\/\/www.transtoyou.com\/et\/product\/bricanyl\/","name":"Bricanyl Turbuhaler | Ravi oma astmat - Transtoyou","isPartOf":{"@id":"https:\/\/www.transtoyou.com\/et\/#website"},"primaryImageOfPage":{"@id":"https:\/\/www.transtoyou.com\/et\/product\/bricanyl\/#primaryimage"},"image":{"@id":"https:\/\/www.transtoyou.com\/et\/product\/bricanyl\/#primaryimage"},"thumbnailUrl":"https:\/\/www.transtoyou.com\/et\/wp-content\/uploads\/sites\/7\/2026\/02\/tty-no-product-image-5.webp","datePublished":"2026-02-23T11:33:39+00:00","dateModified":"2026-02-23T11:43:51+00:00","description":"Bricanyl Turbuhaler sisaldab terbutaliini 250 v\u00f5i 500 mikrogrammi annuse kohta. Retseptiga bronhodilataator astma jaoks, saadaval Transtoyou kaudu.","breadcrumb":{"@id":"https:\/\/www.transtoyou.com\/et\/product\/bricanyl\/#breadcrumb"},"inLanguage":"et","potentialAction":[{"@type":"ReadAction","target":["https:\/\/www.transtoyou.com\/et\/product\/bricanyl\/"]}]},{"@type":"ImageObject","inLanguage":"et","@id":"https:\/\/www.transtoyou.com\/et\/product\/bricanyl\/#primaryimage","url":"https:\/\/www.transtoyou.com\/et\/wp-content\/uploads\/sites\/7\/2026\/02\/tty-no-product-image-5.webp","contentUrl":"https:\/\/www.transtoyou.com\/et\/wp-content\/uploads\/sites\/7\/2026\/02\/tty-no-product-image-5.webp","width":1000,"height":1000,"caption":"Vaikimisi toote pilt"},{"@type":"WebSite","@id":"https:\/\/www.transtoyou.com\/et\/#website","url":"https:\/\/www.transtoyou.com\/et\/","name":"Transtoyou - ET","description":"","publisher":{"@id":"https:\/\/www.transtoyou.com\/et\/#organization"},"potentialAction":[{"@type":"SearchAction","target":{"@type":"EntryPoint","urlTemplate":"https:\/\/www.transtoyou.com\/et\/?s={search_term_string}"},"query-input":{"@type":"PropertyValueSpecification","valueRequired":true,"valueName":"search_term_string"}}],"inLanguage":"et"},{"@type":"Organization","@id":"https:\/\/www.transtoyou.com\/et\/#organization","name":"Transtoyou - ET","url":"https:\/\/www.transtoyou.com\/et\/","logo":{"@type":"ImageObject","inLanguage":"et","@id":"https:\/\/www.transtoyou.com\/et\/#\/schema\/logo\/image\/","url":"https:\/\/www.transtoyou.com\/et\/wp-content\/uploads\/sites\/7\/2026\/01\/logo-tty-menu-bar-300x87-1.webp","contentUrl":"https:\/\/www.transtoyou.com\/et\/wp-content\/uploads\/sites\/7\/2026\/01\/logo-tty-menu-bar-300x87-1.webp","width":300,"height":87,"caption":"Transtoyou - ET"},"image":{"@id":"https:\/\/www.transtoyou.com\/et\/#\/schema\/logo\/image\/"}}]}},"_links":{"self":[{"href":"https:\/\/www.transtoyou.com\/et\/wp-json\/wp\/v2\/product\/1610","targetHints":{"allow":["GET"]}}],"collection":[{"href":"https:\/\/www.transtoyou.com\/et\/wp-json\/wp\/v2\/product"}],"about":[{"href":"https:\/\/www.transtoyou.com\/et\/wp-json\/wp\/v2\/types\/product"}],"replies":[{"embeddable":true,"href":"https:\/\/www.transtoyou.com\/et\/wp-json\/wp\/v2\/comments?post=1610"}],"wp:featuredmedia":[{"embeddable":true,"href":"https:\/\/www.transtoyou.com\/et\/wp-json\/wp\/v2\/media\/1612"}],"wp:attachment":[{"href":"https:\/\/www.transtoyou.com\/et\/wp-json\/wp\/v2\/media?parent=1610"}],"wp:term":[{"taxonomy":"product_brand","embeddable":true,"href":"https:\/\/www.transtoyou.com\/et\/wp-json\/wp\/v2\/product_brand?post=1610"},{"taxonomy":"product_cat","embeddable":true,"href":"https:\/\/www.transtoyou.com\/et\/wp-json\/wp\/v2\/product_cat?post=1610"},{"taxonomy":"product_tag","embeddable":true,"href":"https:\/\/www.transtoyou.com\/et\/wp-json\/wp\/v2\/product_tag?post=1610"},{"taxonomy":"expert","embeddable":true,"href":"https:\/\/www.transtoyou.com\/et\/wp-json\/wp\/v2\/expert?post=1610"}],"curies":[{"name":"wp","href":"https:\/\/api.w.org\/{rel}","templated":true}]}}