{"id":1656,"date":"2026-02-24T12:13:57","date_gmt":"2026-02-24T10:13:57","guid":{"rendered":"https:\/\/www.transtoyou.com\/et\/product\/estramon-conti\/"},"modified":"2026-02-24T12:35:09","modified_gmt":"2026-02-24T10:35:09","slug":"estramoon-konti","status":"publish","type":"product","link":"https:\/\/www.transtoyou.com\/et\/product\/estramoon-konti\/","title":{"rendered":"Estramon Conti"},"content":{"rendered":"<h2>Mis on Estramon Conti?<\/h2>\n<p>Estramon Conti on pidev kombineeritud <a href=\"\/et\/treatment\/hormone-replacement-therapy\/\">hormoonasendusravi (HRT)<\/a> plaastrite kasutamine menopausi s\u00fcmptomite leevendamiseks. See on nahaplaat, mis sisaldab kahte hormooni: estradiooli (\u00f6strogeeni vorm) ja norethisteroonatsetaat (progesterooni vorm, mida nimetatakse ka progestogeeniks).<\/p>\n<p>Menopausi ajal l\u00f5petavad munasarjad j\u00e4rk-j\u00e4rgult \u00f6strogeeni tootmise. See loomulik hormonaalne muutus v\u00f5ib p\u00f5hjustada f\u00fc\u00fcsilisi ja emotsionaalseid s\u00fcmptomeid, mis m\u00f5jutavad sinu igap\u00e4evaelu. Estramon Conti aitab asendada hormoone, mida su keha enam piisavas koguses ei tooda.<\/p>\n<p>Kuna Estramon Conti sisaldab \u00fches plaastris nii \u00f6strogeeni kui ka progesterooni, nimetatakse seda kombineeritud HRT plaastriks. Seda kirjeldatakse ka kui pidevat HRT-d, mis t\u00e4hendab, et kasutad seda pidevalt, ilma ts\u00fcklite vahel pause tegemata. Sellist hormoonasendusravi m\u00e4\u00e4ratakse tavaliselt, kui oled menopausij\u00e4rgne, mis t\u00e4hendab, et su menstruatsioon on peatunud v\u00e4hemalt 12 kuud.<\/p>\n<p>Estramon Conti toimetab hormoone l\u00e4bi naha otse vereringesse. Seda tuntakse kui transdermaalset hormoonravi, mis tagab stabiilsed hormoonitasemed, ilma et need esmalt maost l\u00e4bi l\u00e4heksid.<\/p>\n<h2>Millest on Estramon Conti abi?<\/h2>\n<p>Estramon Conti kasutatakse <a href=\"\/et\/treatment\/menopause-pms-relief\/\">menopausi s\u00fcmptomite ravimiseks<\/a>, mis on p\u00f5hjustatud madalatest \u00f6strogeeni tasemetest. Need s\u00fcmptomid v\u00f5ivad alata perimenopausi ajal (\u00fclemineku faas enne menopausi) ja v\u00f5ivad j\u00e4tkuda mitu aastat p\u00e4rast viimast menstruatsiooni.<\/p>\n<p>Estramon Conti v\u00f5ib aidata leevendada:<\/p>\n<ul>\n<li>Kuumahooge (\u00e4kilised kuumuse tundmised \u00fclemises kehas)<\/li>\n<li>\u00d6iseid higistamisi<\/li>\n<li>Uneh\u00e4ireid<\/li>\n<li>Meeleolumuutusi ja \u00e4rrituvust<\/li>\n<li>Vaginaalset kuivust ja ebamugavust<\/li>\n<li>Hormonaalsetest muutustest tingitud v\u00e4henenud libiidot<\/li>\n<li>Menopausiga seotud v\u00e4simust<\/li>\n<\/ul>\n<p>Kuumahood ja \u00f6ised higistamised on tuntud kui vasomotoorsed s\u00fcmptomid. Need esinevad, kuna madalamad \u00f6strogeeni tasemed m\u00f5jutavad aju temperatuurikontrollikeskust. Asendades \u00f6strogeeni, aitab Estramon Conti stabiliseerida su kehatemperatuuri reguleerimist.<\/p>\n<p>Estramon Conti v\u00f5ib samuti aidata kaitsta menopausij\u00e4rgse luuh\u00f5renemise eest. P\u00e4rast menopausi v\u00e4henevad \u00f6strogeeni tasemed, mis suurendavad osteoporoosi riski, seisund, kus luud muutuvad \u00f5hemaks, n\u00f5rgemaks ja kergemini murduvad. Hormoonasendusravi aitab s\u00e4ilitada luutihedust naistel, kellel on suurenenud luumurru risk ja kes ei saa kasutada muid osteoporoosi ravimeid.<\/p>\n<h2>Kuidas Estramon Conti toimib?<\/h2>\n<p>Estramon Conti toimib, asendades kaks peamist naishormooni, mis p\u00e4rast menopausi langevad.<\/p>\n<p>Estradiool on bioidentne \u00f6strogeeni vorm, mis t\u00e4hendab, et see on keemiliselt sarnane \u00f6strogeenile, mida su keha loomulikult toodab. See aitab leevendada menopausi s\u00fcmptomeid, nagu kuumahood, \u00f6ised higistamised, vaginaalne kuivus ja unetuse probleemid. Samuti toetab see luu tugevust.<\/p>\n<p>Kuid kui sul on endiselt emakas, v\u00f5ib \u00f6strogeeni \u00fcksi v\u00f5tmine p\u00f5hjustada emaka limaskesta (mida nimetatakse endomeetriumiks) liialt paksenemist. Aja jooksul v\u00f5ib see suurendada endomeetriumi v\u00e4hi riski.<\/p>\n<p>Seet\u00f5ttu sisaldab Estramon Conti ka norethisteroonatsetaati, mis on progesterooni t\u00fc\u00fcp. Progesteroon kaitseb su emaka limaskesta, v\u00e4ltides liigset paksenemist. See kombinatsioon muudab Estramon Conti sobivaks naistele, kellel ei ole olnud h\u00fcsterektoomiat.<\/p>\n<p>Kuna plaastrit kantakse nahale, imenduvad hormoonid j\u00e4rk-j\u00e4rgult vereringesse. See transdermaalne manustamiss\u00fcsteem v\u00e4ldib suuri hormoonitippe ja -langusi ning v\u00f5ib olla m\u00f5ne naise jaoks paremini talutav kui suukaudsed hormoonitabletid.<\/p>\n<h2>Kes ei tohiks kasutada Estramon Conti?<\/h2>\n<p>Estramon Conti ei sobi k\u00f5igile. Sa ei tohiks seda hormoonasendusravi plaastrit kasutada, kui:<\/p>\n<ul>\n<li>Sul on v\u00f5i on olnud rinnav\u00e4hk<\/li>\n<li>Sul on v\u00e4hk, mis on \u00f6strogeeni suhtes tundlik, nagu emaka limaskesta v\u00e4hk<\/li>\n<li>Sul on seletamatu vaginaalne veritsus<\/li>\n<li>Sul on ravimata emaka limaskesta paksenemine (endomeetriumi h\u00fcperplaasia)<\/li>\n<li>Sul on v\u00f5i on olnud vereh\u00fc\u00fcve jalgades (s\u00fcgav veenitromboos) v\u00f5i kopsudes (kopsuemboolia)<\/li>\n<li>Sul on teadaolev vere h\u00fc\u00fcbimise h\u00e4ire<\/li>\n<li>Sa oled hiljuti p\u00f5denud s\u00fcdameinfarkti v\u00f5i insulti<\/li>\n<li>Sul on raske maksahaigus<\/li>\n<li>Sa oled allergiline estradiooli, norethisterooni v\u00f5i m\u00f5ne plaastri koostisosade suhtes<\/li>\n<\/ul>\n<p>Samuti peaksid oma arstile teatama, kui sul on sellised seisundid nagu <a href=\"\/et\/treatment\/high-blood-pressure\">k\u00f5rge verer\u00f5hk<\/a>, <a href=\"\/et\/treatment\/diabetes\">diabeet<\/a>, <a href=\"\/et\/treatment\/headache-and-migraines\/\">migreen<\/a>, sapikivid, luupus, <a href=\"\/et\/treatment\/asthma\">astma<\/a>, fibroidid v\u00f5i pereliikmete ajalugu hormoonitundlikest v\u00e4hkidest.<\/p>\n<p>Hormoonasendusravi n\u00f5uab individuaalset riskihinnangut. Kasu ja riskid s\u00f5ltuvad sinu vanusest, kui kaua on m\u00f6\u00f6dunud menopausist ja sinu \u00fcldisest tervisest.<\/p>\n<h3>Rasedus ja imetamine<\/h3>\n<p>Estramon Conti on m\u00f5eldud ainult menopausij\u00e4rgsetele naistele.<\/p>\n<p>Sa ei tohi kasutada Estramon Conti, kui oled rase v\u00f5i arvad, et v\u00f5id olla rase. Kuigi rasedus on menopausi ajal ebat\u00f5en\u00e4oline, peaksid viivitamatult oma arstiga \u00fchendust v\u00f5tma, kui rasedus tekib, kui kasutad seda HRT plaastrit.<\/p>\n<p>Estramon Conti ei tohiks kasutada imetamise ajal.<\/p>\n<h2>Kuidas kasutada Estramon Conti ja annustamine<\/h2>\n<p>Kasutage Estramon Conti alati t\u00e4pselt nii, nagu arst on m\u00e4\u00e4ranud.<\/p>\n<p>Plaastrit kantakse tavaliselt kaks korda n\u00e4dalas, s\u00f5ltuvalt sinu raviplaanist. Sinu arst m\u00e4\u00e4rab k\u00f5ige madalama efektiivse annuse l\u00fchimaks ajaks, mis on vajalik menopausi s\u00fcmptomite kontrollimiseks.<\/p>\n<p>Kuidas kanda Estramon Conti:<\/p>\n<ol>\n<li>Kanna plaastrit puhtale, kuivale, katkematule nahale.<\/li>\n<li>Sobivad alad on alak\u00f5ht v\u00f5i tuharad.<\/li>\n<li>\u00c4ra kanna plaastrit rindadele v\u00f5i \u00e4rritunud nahale.<\/li>\n<li>Suruge kindlalt v\u00e4hemalt 10 sekundit, et tagada hea kontakt.<\/li>\n<li>Vaheta plaastrit igal n\u00e4dalal samadel p\u00e4evadel.<\/li>\n<\/ol>\n<p>Vaheta iga kord manustamiskohta, et v\u00e4hendada naha\u00e4rritust. Kui plaaster kukub maha, kanna kohe uus ja j\u00e4tka oma tavap\u00e4rast graafikut.<\/p>\n<p>T\u00e4ieliku s\u00fcmptomite leevenduse m\u00e4rkamine v\u00f5ib v\u00f5tta paar n\u00e4dalat. Ravi esimestel kuudel v\u00f5id kogeda m\u00f5ningast ebanormaalset veritsust v\u00f5i plekke. See sageli taandub, kui su keha harjub.<\/p>\n<h2>Estramon Conti v\u00f5imalikud k\u00f5rvaltoimed<\/h2>\n<p>Nagu k\u00f5ik ravimid, v\u00f5ib ka Estramon Conti p\u00f5hjustada k\u00f5rvaltoimeid, kuigi mitte k\u00f5ik ei koge neid.<\/p>\n<p>Levinumad k\u00f5rvaltoimed h\u00f5lmavad:<\/p>\n<ul>\n<li>Rindade hellus<\/li>\n<li>Peavalu<\/li>\n<li>Iiveldus<\/li>\n<li>Meeleolu muutused<\/li>\n<li>Nahap\u00f5letik manustamiskohas<\/li>\n<li>Ebanormaalne veritsus v\u00f5i plekid, eriti esimestel kuudel<\/li>\n<\/ul>\n<p>Harvemad, kuid t\u00f5sisemad riskid, mis on seotud hormoonasendusraviga, h\u00f5lmavad:<\/p>\n<ul>\n<li>Vereh\u00fc\u00fcbed jalgades v\u00f5i kopsudes<\/li>\n<li>Insult<\/li>\n<li>S\u00fcdamehaigus<\/li>\n<li>Rinnav\u00e4hk<\/li>\n<li>Munandiv\u00e4hk<\/li>\n<li>Endomeetriumi v\u00e4hk (kui \u00f6strogeeni kasutatakse ilma progesteroonita)<\/li>\n<\/ul>\n<p>Sinu individuaalne risk s\u00f5ltub teguritest, nagu su vanus, perekonna ajalugu, kaal, suitsetamisstaatus ja meditsiiniline ajalugu. Kombineeritud HRT nagu Estramon Conti kasutamine suurendab teatud riske v\u00f5rreldes HRT mitte kasutamisega, kuid absoluutne risk tervetel naistel alla 60 on \u00fcldiselt madal.<\/p>\n<p>Sinu arst vaatab regulaarselt \u00fcle sinu ravi, et tagada selle sobivus.<\/p>\n<h2>Oluline ohutusteave<\/h2>\n<p>Enne Estramon Conti kasutamise alustamist peaksid l\u00e4bima t\u00e4ieliku meditsiinilise konsultatsiooni. See h\u00f5lmab sinu isikliku ja perekonna meditsiinilise ajaloo arutamist.<\/p>\n<p>Estramon Conti kasutamise ajal:<\/p>\n<ul>\n<li>Osale regulaarselt kontrollides, nagu soovitatud.<\/li>\n<li>J\u00e4tka rutiinset rindade skriinimist (mammograafia).<\/li>\n<li>Tehke emakakaela skriining vastavalt soovitusele.<\/li>\n<li>Kontrolli regulaarselt oma rindu muutuste suhtes, nagu t\u00fckkide, naha lohkumise v\u00f5i nibu eritise olemasolu.<\/li>\n<\/ul>\n<p>Teata oma arstile, kui sul tekib:<\/p>\n<ul>\n<li>K\u00f5rge verer\u00f5hk<\/li>\n<li>Esmakordsed migreenihood<\/li>\n<li>T\u00e4htsad muutused maksa funktsioonis<\/li>\n<li>Ebanormaalne vaginaalne veritsus p\u00e4rast mitmeid kuud stabiilset kasutamist<\/li>\n<\/ul>\n<p>Hormoonasendusravi tuleks \u00fcle vaadata v\u00e4hemalt kord aastas. Eesm\u00e4rk on alati kasutada madalaimat efektiivset annust s\u00fcmptomite kontrollimiseks.<\/p>\n<h2>Millal otsida meditsiinilist abi<\/h2>\n<p>L\u00f5peta Estramon Conti kasutamine ja otsi viivitamatut meditsiinilist abi, kui koged:<\/p>\n<ul>\n<li>Valulikku turset v\u00f5i punetust jalas<\/li>\n<li>\u00c4kilist rindkerevalu<\/li>\n<li>Raskusi hingamisega<\/li>\n<li>\u00c4kilist tugevat peavalu<\/li>\n<li>N\u00e4gemise muutusi<\/li>\n<li>R\u00e4\u00e4kimisraskusi<\/li>\n<li>\u00dche keha poole n\u00f5rkust<\/li>\n<li>Nahav\u00e4rvi v\u00f5i silmade kollasust (v\u00f5imalik maksaprobleem)<\/li>\n<li>T\u00f5sise allergilise reaktsiooni tunnuseid, nagu n\u00e4o v\u00f5i kurgu turse<\/li>\n<\/ul>\n<p>V\u00f5ta oma arstiga v\u00f5imalikult kiiresti \u00fchendust, kui m\u00e4rkad:<\/p>\n<ul>\n<li>Ebanormaalset v\u00f5i tugevat vaginaalset veritsust<\/li>\n<li>Uut t\u00fckki rinnas<\/li>\n<li>P\u00fcsivat k\u00f5huvalu<\/li>\n<li>Mis tahes \u00e4kilist v\u00f5i olulist muutust oma tervises<\/li>\n<\/ul>\n<p>Kui sa ei ole kindel, kas s\u00fcmptom on seotud hormoonasendusraviga, on alati ohutum otsida meditsiinilist n\u00f5u.<\/p>\n<p><strong>Estramon Conti<\/strong> on efektiivne pidev kombineeritud HRT plaastrite kasutamine, mis on m\u00f5eldud menopausi s\u00fcmptomite leevendamiseks ja luu tervise s\u00e4ilitamiseks menopausij\u00e4rgsetel naistel. Kui seda m\u00e4\u00e4ratakse \u00f5igesti ja j\u00e4lgitakse regulaarselt, v\u00f5ib see oluliselt parandada elukvaliteeti menopausi ajal ja p\u00e4rast seda. Kasuta Estramon Conti alati arsti j\u00e4relevalve all ja tagage regulaarne j\u00e4relkontroll ohutuse ja efektiivsuse s\u00e4ilitamiseks.<\/p>\n","protected":false},"excerpt":{"rendered":"<ul>\n<li>Estramon Conti: J\u00e4tkuv kombineeritud HRT plaaster menopausi s\u00fcmptomite leevendamiseks ning emaka ja luude kaitsmiseks.<\/li>\n<li>Toimeaine: Estradiool (\u00f6strogeen) ja Norethisteroonatsetaat (progesteroon)<\/li>\n<li>Kasutatakse: Hormoonasendusravi (HRT) p\u00e4rast menopausi naistel menopausi s\u00fcmptomite leevendamiseks ja p\u00e4rast menopausi luude kadumise ennetamiseks.<\/li>\n<\/ul>\n","protected":false},"featured_media":1658,"comment_status":"open","ping_status":"closed","template":"","meta":[],"product_brand":[],"product_cat":[156,162],"product_tag":[],"expert":[20],"class_list":{"0":"post-1656","1":"product","2":"type-product","3":"status-publish","4":"has-post-thumbnail","6":"product_cat-hormoonasendusravi-hrt","7":"product_cat-menopausi-ja-pms-i-leevendamine","8":"expert-dr-m-ahmed","10":"first","11":"instock","12":"shipping-taxable","13":"product-type-variable"},"yoast_head":"<!-- This site is optimized with the Yoast SEO plugin v27.0 - https:\/\/yoast.com\/product\/yoast-seo-wordpress\/ -->\n<title>Estramon Conti | HRT plaastrid menopausi jaoks - Transtoyou<\/title>\n<meta name=\"description\" content=\"Estramon Conti HRT plaastrid Transtoyou kaudu, et leevendada menopausi s\u00fcmptomeid pideva kombineeritud hormoonitoega.\" \/>\n<meta name=\"robots\" content=\"noindex, follow, max-snippet:-1, max-image-preview:large, max-video-preview:-1\" \/>\n<meta property=\"og:locale\" content=\"et_EE\" \/>\n<meta property=\"og:type\" content=\"article\" \/>\n<meta property=\"og:title\" content=\"Estramon Conti | HRT plaastrid menopausi jaoks - Transtoyou\" \/>\n<meta property=\"og:description\" content=\"Estramon Conti HRT plaastrid Transtoyou kaudu, et leevendada menopausi s\u00fcmptomeid pideva kombineeritud hormoonitoega.\" \/>\n<meta property=\"og:url\" content=\"https:\/\/www.transtoyou.com\/et\/product\/estramon-conti\/\" \/>\n<meta property=\"og:site_name\" content=\"Transtoyou - ET\" \/>\n<meta property=\"article:modified_time\" content=\"2026-02-24T10:35:09+00:00\" \/>\n<meta name=\"twitter:card\" content=\"summary_large_image\" \/>\n<meta name=\"twitter:label1\" content=\"Est. reading time\" \/>\n\t<meta name=\"twitter:data1\" content=\"6 minutit\" \/>\n<script type=\"application\/ld+json\" class=\"yoast-schema-graph\">{\"@context\":\"https:\/\/schema.org\",\"@graph\":[{\"@type\":\"WebPage\",\"@id\":\"https:\/\/www.transtoyou.com\/et\/product\/estramon-conti\/\",\"url\":\"https:\/\/www.transtoyou.com\/et\/product\/estramon-conti\/\",\"name\":\"Estramon Conti | HRT plaastrid menopausi jaoks - Transtoyou\",\"isPartOf\":{\"@id\":\"https:\/\/www.transtoyou.com\/et\/#website\"},\"primaryImageOfPage\":{\"@id\":\"https:\/\/www.transtoyou.com\/et\/product\/estramon-conti\/#primaryimage\"},\"image\":{\"@id\":\"https:\/\/www.transtoyou.com\/et\/product\/estramon-conti\/#primaryimage\"},\"thumbnailUrl\":\"https:\/\/www.transtoyou.com\/et\/wp-content\/uploads\/sites\/7\/2026\/02\/tty-no-product-image-9.webp\",\"datePublished\":\"2026-02-24T10:13:57+00:00\",\"dateModified\":\"2026-02-24T10:35:09+00:00\",\"description\":\"Estramon Conti HRT plaastrid Transtoyou kaudu, et leevendada menopausi s\u00fcmptomeid pideva kombineeritud hormoonitoega.\",\"breadcrumb\":{\"@id\":\"https:\/\/www.transtoyou.com\/et\/product\/estramon-conti\/#breadcrumb\"},\"inLanguage\":\"et\",\"potentialAction\":[{\"@type\":\"ReadAction\",\"target\":[\"https:\/\/www.transtoyou.com\/et\/product\/estramon-conti\/\"]}]},{\"@type\":\"ImageObject\",\"inLanguage\":\"et\",\"@id\":\"https:\/\/www.transtoyou.com\/et\/product\/estramon-conti\/#primaryimage\",\"url\":\"https:\/\/www.transtoyou.com\/et\/wp-content\/uploads\/sites\/7\/2026\/02\/tty-no-product-image-9.webp\",\"contentUrl\":\"https:\/\/www.transtoyou.com\/et\/wp-content\/uploads\/sites\/7\/2026\/02\/tty-no-product-image-9.webp\",\"width\":1000,\"height\":1000,\"caption\":\"Vaikimisi toote pilt\"},{\"@type\":\"WebSite\",\"@id\":\"https:\/\/www.transtoyou.com\/et\/#website\",\"url\":\"https:\/\/www.transtoyou.com\/et\/\",\"name\":\"Transtoyou - ET\",\"description\":\"\",\"publisher\":{\"@id\":\"https:\/\/www.transtoyou.com\/et\/#organization\"},\"potentialAction\":[{\"@type\":\"SearchAction\",\"target\":{\"@type\":\"EntryPoint\",\"urlTemplate\":\"https:\/\/www.transtoyou.com\/et\/?s={search_term_string}\"},\"query-input\":{\"@type\":\"PropertyValueSpecification\",\"valueRequired\":true,\"valueName\":\"search_term_string\"}}],\"inLanguage\":\"et\"},{\"@type\":\"Organization\",\"@id\":\"https:\/\/www.transtoyou.com\/et\/#organization\",\"name\":\"Transtoyou - ET\",\"url\":\"https:\/\/www.transtoyou.com\/et\/\",\"logo\":{\"@type\":\"ImageObject\",\"inLanguage\":\"et\",\"@id\":\"https:\/\/www.transtoyou.com\/et\/#\/schema\/logo\/image\/\",\"url\":\"https:\/\/www.transtoyou.com\/et\/wp-content\/uploads\/sites\/7\/2026\/01\/logo-tty-menu-bar-300x87-1.webp\",\"contentUrl\":\"https:\/\/www.transtoyou.com\/et\/wp-content\/uploads\/sites\/7\/2026\/01\/logo-tty-menu-bar-300x87-1.webp\",\"width\":300,\"height\":87,\"caption\":\"Transtoyou - ET\"},\"image\":{\"@id\":\"https:\/\/www.transtoyou.com\/et\/#\/schema\/logo\/image\/\"}}]}<\/script>\n<!-- \/ Yoast SEO plugin. -->","yoast_head_json":{"title":"Estramon Conti | HRT plaastrid menopausi jaoks - Transtoyou","description":"Estramon Conti HRT plaastrid Transtoyou kaudu, et leevendada menopausi s\u00fcmptomeid pideva kombineeritud hormoonitoega.","robots":{"index":"noindex","follow":"follow","max-snippet":"max-snippet:-1","max-image-preview":"max-image-preview:large","max-video-preview":"max-video-preview:-1"},"og_locale":"et_EE","og_type":"article","og_title":"Estramon Conti | HRT plaastrid menopausi jaoks - Transtoyou","og_description":"Estramon Conti HRT plaastrid Transtoyou kaudu, et leevendada menopausi s\u00fcmptomeid pideva kombineeritud hormoonitoega.","og_url":"https:\/\/www.transtoyou.com\/et\/product\/estramon-conti\/","og_site_name":"Transtoyou - ET","article_modified_time":"2026-02-24T10:35:09+00:00","twitter_card":"summary_large_image","twitter_misc":{"Est. reading time":"6 minutit"},"schema":{"@context":"https:\/\/schema.org","@graph":[{"@type":"WebPage","@id":"https:\/\/www.transtoyou.com\/et\/product\/estramon-conti\/","url":"https:\/\/www.transtoyou.com\/et\/product\/estramon-conti\/","name":"Estramon Conti | HRT plaastrid menopausi jaoks - Transtoyou","isPartOf":{"@id":"https:\/\/www.transtoyou.com\/et\/#website"},"primaryImageOfPage":{"@id":"https:\/\/www.transtoyou.com\/et\/product\/estramon-conti\/#primaryimage"},"image":{"@id":"https:\/\/www.transtoyou.com\/et\/product\/estramon-conti\/#primaryimage"},"thumbnailUrl":"https:\/\/www.transtoyou.com\/et\/wp-content\/uploads\/sites\/7\/2026\/02\/tty-no-product-image-9.webp","datePublished":"2026-02-24T10:13:57+00:00","dateModified":"2026-02-24T10:35:09+00:00","description":"Estramon Conti HRT plaastrid Transtoyou kaudu, et leevendada menopausi s\u00fcmptomeid pideva kombineeritud hormoonitoega.","breadcrumb":{"@id":"https:\/\/www.transtoyou.com\/et\/product\/estramon-conti\/#breadcrumb"},"inLanguage":"et","potentialAction":[{"@type":"ReadAction","target":["https:\/\/www.transtoyou.com\/et\/product\/estramon-conti\/"]}]},{"@type":"ImageObject","inLanguage":"et","@id":"https:\/\/www.transtoyou.com\/et\/product\/estramon-conti\/#primaryimage","url":"https:\/\/www.transtoyou.com\/et\/wp-content\/uploads\/sites\/7\/2026\/02\/tty-no-product-image-9.webp","contentUrl":"https:\/\/www.transtoyou.com\/et\/wp-content\/uploads\/sites\/7\/2026\/02\/tty-no-product-image-9.webp","width":1000,"height":1000,"caption":"Vaikimisi toote pilt"},{"@type":"WebSite","@id":"https:\/\/www.transtoyou.com\/et\/#website","url":"https:\/\/www.transtoyou.com\/et\/","name":"Transtoyou - ET","description":"","publisher":{"@id":"https:\/\/www.transtoyou.com\/et\/#organization"},"potentialAction":[{"@type":"SearchAction","target":{"@type":"EntryPoint","urlTemplate":"https:\/\/www.transtoyou.com\/et\/?s={search_term_string}"},"query-input":{"@type":"PropertyValueSpecification","valueRequired":true,"valueName":"search_term_string"}}],"inLanguage":"et"},{"@type":"Organization","@id":"https:\/\/www.transtoyou.com\/et\/#organization","name":"Transtoyou - ET","url":"https:\/\/www.transtoyou.com\/et\/","logo":{"@type":"ImageObject","inLanguage":"et","@id":"https:\/\/www.transtoyou.com\/et\/#\/schema\/logo\/image\/","url":"https:\/\/www.transtoyou.com\/et\/wp-content\/uploads\/sites\/7\/2026\/01\/logo-tty-menu-bar-300x87-1.webp","contentUrl":"https:\/\/www.transtoyou.com\/et\/wp-content\/uploads\/sites\/7\/2026\/01\/logo-tty-menu-bar-300x87-1.webp","width":300,"height":87,"caption":"Transtoyou - ET"},"image":{"@id":"https:\/\/www.transtoyou.com\/et\/#\/schema\/logo\/image\/"}}]}},"_links":{"self":[{"href":"https:\/\/www.transtoyou.com\/et\/wp-json\/wp\/v2\/product\/1656","targetHints":{"allow":["GET"]}}],"collection":[{"href":"https:\/\/www.transtoyou.com\/et\/wp-json\/wp\/v2\/product"}],"about":[{"href":"https:\/\/www.transtoyou.com\/et\/wp-json\/wp\/v2\/types\/product"}],"replies":[{"embeddable":true,"href":"https:\/\/www.transtoyou.com\/et\/wp-json\/wp\/v2\/comments?post=1656"}],"wp:featuredmedia":[{"embeddable":true,"href":"https:\/\/www.transtoyou.com\/et\/wp-json\/wp\/v2\/media\/1658"}],"wp:attachment":[{"href":"https:\/\/www.transtoyou.com\/et\/wp-json\/wp\/v2\/media?parent=1656"}],"wp:term":[{"taxonomy":"product_brand","embeddable":true,"href":"https:\/\/www.transtoyou.com\/et\/wp-json\/wp\/v2\/product_brand?post=1656"},{"taxonomy":"product_cat","embeddable":true,"href":"https:\/\/www.transtoyou.com\/et\/wp-json\/wp\/v2\/product_cat?post=1656"},{"taxonomy":"product_tag","embeddable":true,"href":"https:\/\/www.transtoyou.com\/et\/wp-json\/wp\/v2\/product_tag?post=1656"},{"taxonomy":"expert","embeddable":true,"href":"https:\/\/www.transtoyou.com\/et\/wp-json\/wp\/v2\/expert?post=1656"}],"curies":[{"name":"wp","href":"https:\/\/api.w.org\/{rel}","templated":true}]}}