{"id":1662,"date":"2026-02-24T13:32:32","date_gmt":"2026-02-24T11:32:32","guid":{"rendered":"https:\/\/www.transtoyou.com\/et\/product\/estramon-comp\/"},"modified":"2026-03-03T09:57:28","modified_gmt":"2026-03-03T07:57:28","slug":"estramon-komp","status":"publish","type":"product","link":"https:\/\/www.transtoyou.com\/et\/product\/estramon-komp\/","title":{"rendered":"Estramon Comp"},"content":{"rendered":"<h2>Mis on Estramon Comp?<\/h2>\n<p>Estramon Comp on j\u00e4rjestikune kombineeritud <a href=\"\/et\/treatment\/hormone-replacement-therapy\/\">hormoonasendusravi (HRT)<\/a> plaastrit, mida kasutatakse menopausi s\u00fcmptomite raviks. See sisaldab kahte hormooni: estradiooli, \u00f6strogeeni vormi, ja norethisteroonatsetaati, progesterooni t\u00fc\u00fcpi (tuntud ka kui progestogeen).<\/p>\n<p>Erinevalt pidevast kombineeritud HRT-st j\u00e4rgib Estramon Comp ts\u00fcklilist v\u00f5i j\u00e4rjestikust raviskeemi. See t\u00e4hendab, et kasutad \u00f6strogeeni \u00fcksi osa ts\u00fcklist ja \u00f6strogeeni koos progesterooniga teise osa jooksul. Selle mustri t\u00f5ttu v\u00f5id kogeda igakuist verejooksu, mis sarnaneb kergele menstruatsioonile.<\/p>\n<p>Estramon Comp&#8217;i m\u00e4\u00e4ratakse tavaliselt, kui:<\/p>\n<ul>\n<li>Oled perimenopausis (sinu menstruatsioonid on ebaregulaarsed, kuid ei ole t\u00e4ielikult peatunud), v\u00f5i<\/li>\n<li>Oled viimase loodusliku menstruatsiooni j\u00e4rel 12 kuu jooksul<\/li>\n<\/ul>\n<p>See on m\u00f5eldud naistele, kellel on endiselt emakas ja kes vajavad nii \u00f6strogeeni asendust kui ka emaka limaskesta kaitset.<\/p>\n<p>Estramon Comp on transdermaalne HRT plaastrit, mis t\u00e4hendab, et hormoonid imenduvad l\u00e4bi naha otse vereringesse. See v\u00e4ldib seedes\u00fcsteemi l\u00e4bimist ja tagab stabiilsed hormoonitasemed.<\/p>\n<h2>Millest on Estramon Comp kasu?<\/h2>\n<p>Estramon Comp&#8217;i kasutatakse <a href=\"\/et\/treatment\/menopause-pms-relief\/\">menopausi s\u00fcmptomite leevendamiseks<\/a>, mis on p\u00f5hjustatud \u00f6strogeeni taseme langusest.<\/p>\n<p>Menopausi ajal langeb \u00f6strogeeni tase oluliselt. See hormonaalne muutus v\u00f5ib p\u00f5hjustada:<\/p>\n<ul>\n<li>Kuumahooge<\/li>\n<li>\u00d6iseid higistamisi<\/li>\n<li>Uneprobleeme<\/li>\n<li>Meeleolu k\u00f5ikumisi<\/li>\n<li>Tupe kuivust<\/li>\n<li>Aju udu<\/li>\n<li>V\u00e4simust<\/li>\n<li>V\u00e4henenud libiidot<\/li>\n<\/ul>\n<p>Kuumahood ja \u00f6ised higistamised on tuntud kui vaso-motoorsed s\u00fcmptomid, mis t\u00e4hendab, et keha temperatuuriregulatsioonis\u00fcsteem on hormonaalsete muutuste t\u00f5ttu h\u00e4iritud.<\/p>\n<p>Estramon Comp v\u00f5ib samuti aidata s\u00e4ilitada luutihedust. P\u00e4rast menopausi madalam \u00f6strogeeni tase suurendab osteoporoosi riski, seisund, kus luud muutuvad \u00f5hemaks ja habrasemaks. Hormoonasendusravi v\u00f5ib aidata aeglustada luude kadu naistel, kes on ohustatud.<\/p>\n<p>Estramon Comp on eriti sobiv, kui sul esinevad endiselt aeg-ajalt menstruatsioonid v\u00f5i oled menopausi alguses.<\/p>\n<h2>Kuidas Estramon Comp toimib?<\/h2>\n<p>Estramon Comp t\u00f6\u00f6tab, asendades hormoonid, mida su keha menopausi ajal j\u00e4rk-j\u00e4rgult enam ei tooda.<\/p>\n<h4>Estradiool (\u00f6strogeen)<\/h4>\n<p>Estradiool on keemiliselt sarnane \u00f6strogeeniga, mida su keha loomulikult toodab. See aitab:<\/p>\n<ul>\n<li>V\u00e4hendada kuumahooge ja \u00f6iseid higistamisi<\/li>\n<li>Parandada tupe kuivust<\/li>\n<li>Toetada meeleolu ja und<\/li>\n<li>S\u00e4ilitada luude tugevust<\/li>\n<\/ul>\n<h4>Norethisteroon (progestogeen)<\/h4>\n<p>Kui sul on endiselt emakas, v\u00f5ib \u00f6strogeen \u00fcksi p\u00f5hjustada emaka limaskesta (mida nimetatakse endomeetriumiks) liiga paksuks muutumist. Aja jooksul v\u00f5ib see suurendada endomeetriumi v\u00e4hi riski.<\/p>\n<p>Norethisteroon kaitseb su emakat, takistades limaskesta liigset paksenemist. J\u00e4rjestikusel HRT-l, nagu Estramon Comp, lisatakse progesteroon osa ts\u00fckli jooksul, mis v\u00f5ib p\u00f5hjustada planeeritud igakuise verejooksu.<\/p>\n<p>Kuna plaaster edastab hormoonid l\u00e4bi naha, saad pideva hormoonide imendumise. See transdermaalne manustamiss\u00fcsteem v\u00f5ib v\u00e4hendada hormoonide k\u00f5ikumisi v\u00f5rreldes suukaudsete tablettidega.<\/p>\n<h2>Kellele ei tohiks Estramon Comp&#8217;i kasutada?<\/h2>\n<p>Sa ei tohiks kasutada Estramon Comp&#8217;i, kui:<\/p>\n<ul>\n<li>Sul on v\u00f5i on olnud rinnav\u00e4hk<\/li>\n<li>Sul on \u00f6strogeeni s\u00f5ltuv v\u00e4hk (nt emaka limaskesta v\u00e4hk)<\/li>\n<li>Sul on seletamatu tupeverejooks<\/li>\n<li>Sul on ravimata endomeetriumi h\u00fcperplaasia<\/li>\n<li>Sul on v\u00f5i on olnud vereh\u00fc\u00fcbed<\/li>\n<li>Sul on vere h\u00fc\u00fcbimise h\u00e4ire<\/li>\n<li>Sa oled hiljuti kannatanud s\u00fcdameataki v\u00f5i insuldi<\/li>\n<li>Sul on raske maksahaigus<\/li>\n<li>Sa oled allergiline estradiooli v\u00f5i norethisterooni suhtes<\/li>\n<\/ul>\n<p>Alati teavita oma arsti oma meditsiinilisest ajaloost enne hormoonasendusravi alustamist.<\/p>\n<h3>Rasedus ja imetamine<\/h3>\n<p>Estramon Comp ei ole rasestumisvastane vahend.<\/p>\n<p>Sa ei tohi seda ravimit kasutada, kui oled rase v\u00f5i arvad, et v\u00f5id olla rase. Kuigi viljakus v\u00e4heneb menopausi ajal, on rasedus endiselt v\u00f5imalik perimenopausis.<\/p>\n<p>Estramon Comp&#8217;i ei tohiks kasutada imetamise ajal.<\/p>\n<p>Kui kahtlustad rasedust, kui kasutad seda plaastrit, eemalda see ja v\u00f5ta \u00fchendust oma arstiga.<\/p>\n<h2>Kuidas kasutada Estramon Comp&#8217;i ja annustamine<\/h2>\n<p>Kasutage Estramon Comp&#8217;i alati t\u00e4pselt vastavalt ettekirjutusele.<\/p>\n<p>Kuna see on j\u00e4rjestikune HRT plaastrit, j\u00e4rgite ts\u00fcklit:<\/p>\n<ul>\n<li>Esimene faas: ainult \u00f6strogeeni plaastrit<\/li>\n<li>Teine faas: kombineeritud \u00f6strogeeni ja progestogeeni plaastrit<\/li>\n<\/ul>\n<p>Sinu arst selgitab t\u00e4pselt sinu ajakava.<\/p>\n<p>Kuidas rakendada:<\/p>\n<ul>\n<li>Kanna puhtale, kuivale, katkematule nahale<\/li>\n<li>Sobivad alad on alak\u00f5ht v\u00f5i tuharad<\/li>\n<li>\u00c4ra kanna oma rindadele<\/li>\n<li>Suruge kindlalt v\u00e4hemalt 10 sekundit<\/li>\n<li>Vaheta plaastreid vastavalt ettekirjutatud ajakavale<\/li>\n<\/ul>\n<p>Vaheta rakendamise kohta, et v\u00e4hendada naha\u00e4rritust.<\/p>\n<p>Sa v\u00f5id kogeda ettearvatavat igakuist verejooksu progestogeeni faasis. See on normaalne j\u00e4rjestikusel HRT-l.<\/p>\n<h2>V\u00f5imalikud k\u00f5rvaltoimed<\/h2>\n<p>Nagu k\u00f5ik ravimid, v\u00f5ib Estramon Comp p\u00f5hjustada k\u00f5rvaltoimeid.<\/p>\n<p>Levinud k\u00f5rvaltoimed h\u00f5lmavad:<\/p>\n<ul>\n<li>Rinnatundlikkus<\/li>\n<li>Peavalu<\/li>\n<li>Iiveldus<\/li>\n<li>Meeleolu muutused<\/li>\n<li>Naha\u00e4rritus<\/li>\n<li>Planeeritud igakuine verejooks<\/li>\n<li>Ebaregulaarsed plekid<\/li>\n<\/ul>\n<p>T\u00f5sisemad, kuid v\u00e4hem levinud hormoonasendusravi riskid h\u00f5lmavad:<\/p>\n<ul>\n<li>Vereh\u00fc\u00fcbed<\/li>\n<li>Insult<\/li>\n<li>Rinnav\u00e4hk<\/li>\n<li>Munasarjav\u00e4hk<\/li>\n<li>S\u00fcdamehaigus<\/li>\n<\/ul>\n<p>Sinu individuaalne risk s\u00f5ltub sinu vanusest, ajast menopausist, perekonna ajaloost ja \u00fcldisest tervisest.<\/p>\n<p>Regulaarsed meditsiinilised \u00fclevaated on olulised HRT kasutamise ajal.<\/p>\n<h2>Oluline ohutusteave<\/h2>\n<p>Enne Estramon Comp&#8217;i alustamist peaksid sa olema l\u00e4binud meditsiinilise konsultatsiooni.<\/p>\n<p>Teavita oma arsti, kui sul on:<\/p>\n<ul>\n<li><a href=\"\/et\/treatment\/high-blood-pressure\">K\u00f5rge verer\u00f5hk<\/a><\/li>\n<li><a href=\"\/et\/treatment\/diabetes\">Diabeet<\/a><\/li>\n<li><a href=\"\/et\/treatment\/headache-and-migraines\/\">Migreen<\/a><\/li>\n<li>Sapikivid<\/li>\n<li>Maksaprobleemid<\/li>\n<li>Fibroidid<\/li>\n<li><a href=\"\/et\/treatment\/endometriosis\/\">Endometrioos<\/a><\/li>\n<li>K\u00f5rged trigl\u00fctseriidide tasemed<\/li>\n<li>Perekonna ajalugu hormoonitundlikest v\u00e4hkidest<\/li>\n<\/ul>\n<p>Estramon Comp&#8217;i kasutamise ajal:<\/p>\n<ul>\n<li>K\u00fclastage regulaarselt kontrolli<\/li>\n<li>J\u00e4tkake rindade skriinimist<\/li>\n<li>Tehke regulaarselt ise rindade kontrolli<\/li>\n<li>Teavitage ebatavalistest verejooksudest<\/li>\n<\/ul>\n<p>Hormoonasendusravi tuleks \u00fcle vaadata v\u00e4hemalt kord aastas.<\/p>\n<h2>Millal otsida meditsiinilist abi<\/h2>\n<p>L\u00f5peta Estramon Comp&#8217;i kasutamine ja otsi kiiret meditsiinilist abi, kui sul tekib:<\/p>\n<ul>\n<li>\u00dche jala turse v\u00f5i valu<\/li>\n<li>\u00c4kiline rinnavalu<\/li>\n<li>Raskused hingamisel<\/li>\n<li>T\u00f5sine peavalu<\/li>\n<li>\u00c4kilised n\u00e4gemis- v\u00f5i k\u00f5neprobleemid<\/li>\n<li>Nahav\u00e4rvi v\u00f5i silmade kollasus<\/li>\n<li>T\u00f5sise allergilise reaktsiooni tunnused<\/li>\n<\/ul>\n<p>K\u00e4ige oma arstiga, kui m\u00e4rkate:<\/p>\n<ul>\n<li>Ettearvamatu tugev verejooks<\/li>\n<li>Uus rinnak\u00fchm<\/li>\n<li>P\u00fcsiv k\u00f5huvalu<\/li>\n<li>Iganyht \u00e4kiline tervisemuutus<\/li>\n<\/ul>\n<p>Kui sa ei ole s\u00fcmptomite osas kindel, otsi alati meditsiinilist n\u00f5u.<\/p>\n","protected":false},"excerpt":{"rendered":"<ul>\n<li>Estramon Comp: J\u00e4rjestikuline hormoonasendusravi plaaster, et leevendada menopausi s\u00fcmptomeid ja kaitsta sinu emakat.<\/li>\n<li>Toimeaine: Estradiool (\u00f6strogeen) ja Norethisteroonatsetaat (progesteroon)<\/li>\n<li>Kasutatakse: Hormoonasendusravi (HRT)<\/li>\n<\/ul>\n","protected":false},"featured_media":1664,"comment_status":"open","ping_status":"closed","template":"","meta":[],"product_brand":[],"product_cat":[156,162],"product_tag":[],"expert":[20],"class_list":{"0":"post-1662","1":"product","2":"type-product","3":"status-publish","4":"has-post-thumbnail","6":"product_cat-hormoonasendusravi-hrt","7":"product_cat-menopausi-ja-pms-i-leevendamine","8":"expert-dr-m-ahmed","10":"first","11":"instock","12":"shipping-taxable","13":"product-type-variable"},"yoast_head":"<!-- This site is optimized with the Yoast SEO plugin v27.0 - https:\/\/yoast.com\/product\/yoast-seo-wordpress\/ -->\n<title>Estramon Comp | HRT plaastrid menopausi jaoks - Transtoyou<\/title>\n<meta name=\"description\" content=\"Estramon Comp HRT plaastrid menopausi s\u00fcmptomite leevendamiseks, retsept ainult Transtoyou arstide kaudu. Uuri, kas see ravi sobib sulle!\" \/>\n<meta name=\"robots\" content=\"noindex, follow, max-snippet:-1, max-image-preview:large, max-video-preview:-1\" \/>\n<meta property=\"og:locale\" content=\"et_EE\" \/>\n<meta property=\"og:type\" content=\"article\" \/>\n<meta property=\"og:title\" content=\"Estramon Comp | HRT plaastrid menopausi jaoks - Transtoyou\" \/>\n<meta property=\"og:description\" content=\"Estramon Comp HRT plaastrid menopausi s\u00fcmptomite leevendamiseks, retsept ainult Transtoyou arstide kaudu. Uuri, kas see ravi sobib sulle!\" \/>\n<meta property=\"og:url\" content=\"https:\/\/www.transtoyou.com\/et\/product\/estramon-comp\/\" \/>\n<meta property=\"og:site_name\" content=\"Transtoyou - ET\" \/>\n<meta property=\"article:modified_time\" content=\"2026-03-03T07:57:28+00:00\" \/>\n<meta name=\"twitter:card\" content=\"summary_large_image\" \/>\n<meta name=\"twitter:label1\" content=\"Est. reading time\" \/>\n\t<meta name=\"twitter:data1\" content=\"4 minutit\" \/>\n<script type=\"application\/ld+json\" class=\"yoast-schema-graph\">{\"@context\":\"https:\/\/schema.org\",\"@graph\":[{\"@type\":\"WebPage\",\"@id\":\"https:\/\/www.transtoyou.com\/et\/product\/estramon-comp\/\",\"url\":\"https:\/\/www.transtoyou.com\/et\/product\/estramon-comp\/\",\"name\":\"Estramon Comp | HRT plaastrid menopausi jaoks - Transtoyou\",\"isPartOf\":{\"@id\":\"https:\/\/www.transtoyou.com\/et\/#website\"},\"primaryImageOfPage\":{\"@id\":\"https:\/\/www.transtoyou.com\/et\/product\/estramon-comp\/#primaryimage\"},\"image\":{\"@id\":\"https:\/\/www.transtoyou.com\/et\/product\/estramon-comp\/#primaryimage\"},\"thumbnailUrl\":\"https:\/\/www.transtoyou.com\/et\/wp-content\/uploads\/sites\/7\/2026\/02\/tty-no-product-image-10.webp\",\"datePublished\":\"2026-02-24T11:32:32+00:00\",\"dateModified\":\"2026-03-03T07:57:28+00:00\",\"description\":\"Estramon Comp HRT plaastrid menopausi s\u00fcmptomite leevendamiseks, retsept ainult Transtoyou arstide kaudu. Uuri, kas see ravi sobib sulle!\",\"breadcrumb\":{\"@id\":\"https:\/\/www.transtoyou.com\/et\/product\/estramon-comp\/#breadcrumb\"},\"inLanguage\":\"et\",\"potentialAction\":[{\"@type\":\"ReadAction\",\"target\":[\"https:\/\/www.transtoyou.com\/et\/product\/estramon-comp\/\"]}]},{\"@type\":\"ImageObject\",\"inLanguage\":\"et\",\"@id\":\"https:\/\/www.transtoyou.com\/et\/product\/estramon-comp\/#primaryimage\",\"url\":\"https:\/\/www.transtoyou.com\/et\/wp-content\/uploads\/sites\/7\/2026\/02\/tty-no-product-image-10.webp\",\"contentUrl\":\"https:\/\/www.transtoyou.com\/et\/wp-content\/uploads\/sites\/7\/2026\/02\/tty-no-product-image-10.webp\",\"width\":1000,\"height\":1000,\"caption\":\"Vaikimisi toote pilt\"},{\"@type\":\"WebSite\",\"@id\":\"https:\/\/www.transtoyou.com\/et\/#website\",\"url\":\"https:\/\/www.transtoyou.com\/et\/\",\"name\":\"Transtoyou - ET\",\"description\":\"\",\"publisher\":{\"@id\":\"https:\/\/www.transtoyou.com\/et\/#organization\"},\"potentialAction\":[{\"@type\":\"SearchAction\",\"target\":{\"@type\":\"EntryPoint\",\"urlTemplate\":\"https:\/\/www.transtoyou.com\/et\/?s={search_term_string}\"},\"query-input\":{\"@type\":\"PropertyValueSpecification\",\"valueRequired\":true,\"valueName\":\"search_term_string\"}}],\"inLanguage\":\"et\"},{\"@type\":\"Organization\",\"@id\":\"https:\/\/www.transtoyou.com\/et\/#organization\",\"name\":\"Transtoyou - ET\",\"url\":\"https:\/\/www.transtoyou.com\/et\/\",\"logo\":{\"@type\":\"ImageObject\",\"inLanguage\":\"et\",\"@id\":\"https:\/\/www.transtoyou.com\/et\/#\/schema\/logo\/image\/\",\"url\":\"https:\/\/www.transtoyou.com\/et\/wp-content\/uploads\/sites\/7\/2026\/01\/logo-tty-menu-bar-300x87-1.webp\",\"contentUrl\":\"https:\/\/www.transtoyou.com\/et\/wp-content\/uploads\/sites\/7\/2026\/01\/logo-tty-menu-bar-300x87-1.webp\",\"width\":300,\"height\":87,\"caption\":\"Transtoyou - ET\"},\"image\":{\"@id\":\"https:\/\/www.transtoyou.com\/et\/#\/schema\/logo\/image\/\"}}]}<\/script>\n<!-- \/ Yoast SEO plugin. -->","yoast_head_json":{"title":"Estramon Comp | HRT plaastrid menopausi jaoks - Transtoyou","description":"Estramon Comp HRT plaastrid menopausi s\u00fcmptomite leevendamiseks, retsept ainult Transtoyou arstide kaudu. Uuri, kas see ravi sobib sulle!","robots":{"index":"noindex","follow":"follow","max-snippet":"max-snippet:-1","max-image-preview":"max-image-preview:large","max-video-preview":"max-video-preview:-1"},"og_locale":"et_EE","og_type":"article","og_title":"Estramon Comp | HRT plaastrid menopausi jaoks - Transtoyou","og_description":"Estramon Comp HRT plaastrid menopausi s\u00fcmptomite leevendamiseks, retsept ainult Transtoyou arstide kaudu. Uuri, kas see ravi sobib sulle!","og_url":"https:\/\/www.transtoyou.com\/et\/product\/estramon-comp\/","og_site_name":"Transtoyou - ET","article_modified_time":"2026-03-03T07:57:28+00:00","twitter_card":"summary_large_image","twitter_misc":{"Est. reading time":"4 minutit"},"schema":{"@context":"https:\/\/schema.org","@graph":[{"@type":"WebPage","@id":"https:\/\/www.transtoyou.com\/et\/product\/estramon-comp\/","url":"https:\/\/www.transtoyou.com\/et\/product\/estramon-comp\/","name":"Estramon Comp | HRT plaastrid menopausi jaoks - Transtoyou","isPartOf":{"@id":"https:\/\/www.transtoyou.com\/et\/#website"},"primaryImageOfPage":{"@id":"https:\/\/www.transtoyou.com\/et\/product\/estramon-comp\/#primaryimage"},"image":{"@id":"https:\/\/www.transtoyou.com\/et\/product\/estramon-comp\/#primaryimage"},"thumbnailUrl":"https:\/\/www.transtoyou.com\/et\/wp-content\/uploads\/sites\/7\/2026\/02\/tty-no-product-image-10.webp","datePublished":"2026-02-24T11:32:32+00:00","dateModified":"2026-03-03T07:57:28+00:00","description":"Estramon Comp HRT plaastrid menopausi s\u00fcmptomite leevendamiseks, retsept ainult Transtoyou arstide kaudu. Uuri, kas see ravi sobib sulle!","breadcrumb":{"@id":"https:\/\/www.transtoyou.com\/et\/product\/estramon-comp\/#breadcrumb"},"inLanguage":"et","potentialAction":[{"@type":"ReadAction","target":["https:\/\/www.transtoyou.com\/et\/product\/estramon-comp\/"]}]},{"@type":"ImageObject","inLanguage":"et","@id":"https:\/\/www.transtoyou.com\/et\/product\/estramon-comp\/#primaryimage","url":"https:\/\/www.transtoyou.com\/et\/wp-content\/uploads\/sites\/7\/2026\/02\/tty-no-product-image-10.webp","contentUrl":"https:\/\/www.transtoyou.com\/et\/wp-content\/uploads\/sites\/7\/2026\/02\/tty-no-product-image-10.webp","width":1000,"height":1000,"caption":"Vaikimisi toote pilt"},{"@type":"WebSite","@id":"https:\/\/www.transtoyou.com\/et\/#website","url":"https:\/\/www.transtoyou.com\/et\/","name":"Transtoyou - ET","description":"","publisher":{"@id":"https:\/\/www.transtoyou.com\/et\/#organization"},"potentialAction":[{"@type":"SearchAction","target":{"@type":"EntryPoint","urlTemplate":"https:\/\/www.transtoyou.com\/et\/?s={search_term_string}"},"query-input":{"@type":"PropertyValueSpecification","valueRequired":true,"valueName":"search_term_string"}}],"inLanguage":"et"},{"@type":"Organization","@id":"https:\/\/www.transtoyou.com\/et\/#organization","name":"Transtoyou - ET","url":"https:\/\/www.transtoyou.com\/et\/","logo":{"@type":"ImageObject","inLanguage":"et","@id":"https:\/\/www.transtoyou.com\/et\/#\/schema\/logo\/image\/","url":"https:\/\/www.transtoyou.com\/et\/wp-content\/uploads\/sites\/7\/2026\/01\/logo-tty-menu-bar-300x87-1.webp","contentUrl":"https:\/\/www.transtoyou.com\/et\/wp-content\/uploads\/sites\/7\/2026\/01\/logo-tty-menu-bar-300x87-1.webp","width":300,"height":87,"caption":"Transtoyou - ET"},"image":{"@id":"https:\/\/www.transtoyou.com\/et\/#\/schema\/logo\/image\/"}}]}},"_links":{"self":[{"href":"https:\/\/www.transtoyou.com\/et\/wp-json\/wp\/v2\/product\/1662","targetHints":{"allow":["GET"]}}],"collection":[{"href":"https:\/\/www.transtoyou.com\/et\/wp-json\/wp\/v2\/product"}],"about":[{"href":"https:\/\/www.transtoyou.com\/et\/wp-json\/wp\/v2\/types\/product"}],"replies":[{"embeddable":true,"href":"https:\/\/www.transtoyou.com\/et\/wp-json\/wp\/v2\/comments?post=1662"}],"wp:featuredmedia":[{"embeddable":true,"href":"https:\/\/www.transtoyou.com\/et\/wp-json\/wp\/v2\/media\/1664"}],"wp:attachment":[{"href":"https:\/\/www.transtoyou.com\/et\/wp-json\/wp\/v2\/media?parent=1662"}],"wp:term":[{"taxonomy":"product_brand","embeddable":true,"href":"https:\/\/www.transtoyou.com\/et\/wp-json\/wp\/v2\/product_brand?post=1662"},{"taxonomy":"product_cat","embeddable":true,"href":"https:\/\/www.transtoyou.com\/et\/wp-json\/wp\/v2\/product_cat?post=1662"},{"taxonomy":"product_tag","embeddable":true,"href":"https:\/\/www.transtoyou.com\/et\/wp-json\/wp\/v2\/product_tag?post=1662"},{"taxonomy":"expert","embeddable":true,"href":"https:\/\/www.transtoyou.com\/et\/wp-json\/wp\/v2\/expert?post=1662"}],"curies":[{"name":"wp","href":"https:\/\/api.w.org\/{rel}","templated":true}]}}