{"id":1744,"date":"2026-02-25T15:11:57","date_gmt":"2026-02-25T13:11:57","guid":{"rendered":"https:\/\/www.transtoyou.com\/et\/product\/evorel-sequi\/"},"modified":"2026-02-25T15:37:34","modified_gmt":"2026-02-25T13:37:34","slug":"evorel-sequi","status":"publish","type":"product","link":"https:\/\/www.transtoyou.com\/et\/product\/evorel-sequi\/","title":{"rendered":"Evorel Sequi"},"content":{"rendered":"<h2>Mis on Evorel Sequi?<\/h2>\n<p>Evorel Sequi on j\u00e4rjestikune kombineeritud <a href=\"\/et\/treatment\/hormone-replacement-therapy\/\">hormoonasendusravi (HRT)<\/a>, mis on saadaval nahaplaatide kujul. See sisaldab kahte hormooni: estradiooli, \u00f6strogeeni vormi, ja norethisteroonatsetaati, progesterooni t\u00fc\u00fcpi (mida nimetatakse ka progestogeeniks).<\/p>\n<p>Evorel Sequi on m\u00f5eldud menopausi hormoonimuutustest tingitud s\u00fcmptomite leevendamiseks. Seda kirjutatakse tavaliselt v\u00e4lja, kui oled perimenopausis (sinu menstruatsioonid on ebaregulaarsed, kuid ei ole t\u00e4ielikult lakanud) v\u00f5i kui oled menopausij\u00e4rgsete varajaste etappide jooksul ja sul on endiselt emakas.<\/p>\n<p>Kuna Evorel Sequi j\u00e4rgib j\u00e4rjestikust ravits\u00fcklit, kasutad esmalt ainult \u00f6strogeeni plaate, millele j\u00e4rgneb kombineeritud \u00f6strogeeni ja progesterooni plaadid. See muster toob sageli kaasa igakuise verejooksu, mis sarnaneb kergele menstruatsioonile.<\/p>\n<p>Evorel Sequi on transdermaalne HRT, mis t\u00e4hendab, et hormoonid viiakse l\u00e4bi naha otse vereringesse. See tagab stabiilsed hormoonitasemed ja v\u00e4ldib seedes\u00fcsteemi l\u00e4bimist.<\/p>\n<h2>Millest Evorel Sequi aitab?<\/h2>\n<p>Evorel Sequi kasutatakse <a href=\"\/et\/treatment\/menopause-pms-relief\/\">menopausi s\u00fcmptomite ravimiseks<\/a>, mis on p\u00f5hjustatud madalatest \u00f6strogeeni tasemetest.<\/p>\n<p>Menopausi ajal toodab su keha v\u00e4hem \u00f6strogeeni. See loomulik muutus v\u00f5ib p\u00f5hjustada s\u00fcmptomeid nagu:<\/p>\n<ul>\n<li>Kuumahood<\/li>\n<li>\u00d6ised higistamised<\/li>\n<li>Uneh\u00e4ired<\/li>\n<li>Meeleolumuutused<\/li>\n<li>Tupe kuivus<\/li>\n<li>V\u00e4henenud libiido<\/li>\n<li>V\u00e4simus<\/li>\n<li>Aju udu<\/li>\n<\/ul>\n<p>Kuumahood ja \u00f6ised higistamised on tuntud kui vasomotoorsed s\u00fcmptomid, mis t\u00e4hendab, et su keha sisemine temperatuurikontroll on hormoonimuutuste t\u00f5ttu h\u00e4iritud.<\/p>\n<p>Evorel Sequi v\u00f5ib samuti aidata s\u00e4ilitada luutihedust. P\u00e4rast menopausi madalamad \u00f6strogeeni tasemed suurendavad osteoporoosi riski, seisund, kus luud muutuvad \u00f5hemaks ja habrasemaks. Hormoonasendusravi v\u00f5ib aidata aeglustada luude kadu naistel, kellel on suurenenud luumurdude risk.<\/p>\n<p>Evorel Sequi on eriti sobiv, kui sul on endiselt juhuslikku loomulikku verejooksu v\u00f5i oled viimase menstruatsiooni j\u00e4rel esimeses aastas.<\/p>\n<h2>Kuidas Evorel Sequi t\u00f6\u00f6tab?<\/h2>\n<p>Evorel Sequi t\u00f6\u00f6tab, asendades menopausi ajal v\u00e4henenud hormoonid.<\/p>\n<h4>Estradiol (\u00f6strogeen)<\/h4>\n<p>Estradiol on keemiliselt sarnane \u00f6strogeeniga, mida su keha loomulikult toodab. See aitab:<\/p>\n<ul>\n<li>V\u00e4hendada kuumahooge ja \u00f6iseid higistamisi<\/li>\n<li>Parandada tupe kuivust<\/li>\n<li>Toetada meeleolu ja und<\/li>\n<li>S\u00e4ilitada luude tugevust<\/li>\n<\/ul>\n<p>\u00d6strogeeni taseme taastamise kaudu aitab Evorel Sequi stabiliseerida menopausi t\u00f5ttu m\u00f5jutatud s\u00fcsteeme su kehas.<\/p>\n<h4>Norethisteroon (progestogeen)<\/h4>\n<p>Kui sul on endiselt emakas, v\u00f5ib ainult \u00f6strogeen p\u00f5hjustada emaka limaskesta (mida nimetatakse endomeetriumiks) liialt paksenemist. Aja jooksul suurendab see endomeetriumi v\u00e4hi riski.<\/p>\n<p>Norethisteroon kaitseb emaka limaskesta, takistades liialt paksenemist. J\u00e4rjestikusel HRT-l nagu Evorel Sequi lisatakse progesteroon osa ts\u00fckli jooksul, mis v\u00f5ib p\u00f5hjustada ettearvatavat igakuist verejooksu.<\/p>\n<p>Kuna Evorel Sequi manustatakse l\u00e4bi naha, tagab see stabiilse hormooni imendumise ja v\u00f5ib v\u00e4hendada teatud riske v\u00f5rreldes suukaudsete hormoonitablettidega.<\/p>\n<h2>Kes ei tohiks Evorel Sequi kasutada?<\/h2>\n<p>Sa ei tohiks Evorel Sequi kasutada, kui:<\/p>\n<ul>\n<li>Sul on v\u00f5i on olnud rinnav\u00e4hk<\/li>\n<li>Sul on \u00f6strogeeni s\u00f5ltuv v\u00e4hk (n\u00e4iteks emaka limaskesta v\u00e4hk)<\/li>\n<li>Sul on seletamatu tupeverejooks<\/li>\n<li>Sul on ravita endomeetriumi h\u00fcperplaasia<\/li>\n<li>Sul on v\u00f5i on olnud vereh\u00fc\u00fcbed (s\u00fcgava veeni tromboos v\u00f5i kopsuemboolia)<\/li>\n<li>Sul on teadaolev vere h\u00fc\u00fcbimise h\u00e4ire<\/li>\n<li>Sa oled hiljuti p\u00f5denud s\u00fcdameatakki v\u00f5i insulti<\/li>\n<li>Sul on raske maksahaigus<\/li>\n<li>Sa oled allergiline estradiooli v\u00f5i norethisterooni suhtes<\/li>\n<\/ul>\n<p>Alati teavita oma arsti oma t\u00e4ielikust meditsiinilisest ajaloost enne hormoonasendusravi alustamist.<\/p>\n<h3>Rasedus ja imetamine<\/h3>\n<p>Evorel Sequi ei ole rasestumisvastane vahend.<\/p>\n<p>Sa ei tohi Evorel Sequi kasutada, kui oled rase v\u00f5i arvad, et v\u00f5id olla rase. Rasedus on endiselt v\u00f5imalik perimenopausi ajal.<\/p>\n<p>Evorel Sequi ei tohiks kasutada imetamise ajal.<\/p>\n<p>Kui kahtlustad rasedust plaadi kasutamise ajal, eemalda see ja kontakteeru oma arstiga kohe.<\/p>\n<h2>Kuidas kasutada Evorel Sequi ja annustamine<\/h2>\n<p>Kasutage Evorel Sequi alati t\u00e4pselt nagu arst on m\u00e4\u00e4ranud.<\/p>\n<p>Evorel Sequi sisaldab kahte t\u00fc\u00fcpi plaate, mida kasutatakse j\u00e4rjestikku:<\/p>\n<ul>\n<li>Ainult \u00f6strogeeni plaadid (ts\u00fckli esimene osa)<\/li>\n<li>Kombineeritud \u00f6strogeeni ja progesterooni plaadid (ts\u00fckli teine osa)<\/li>\n<\/ul>\n<p>Tavaliselt vahetad plaati kaks korda n\u00e4dalas, j\u00e4rgides arsti antud ajakava.<\/p>\n<p>Kuidas rakendada:<\/p>\n<ul>\n<li>Kanna puhtale, kuivale, katkematule nahale<\/li>\n<li>Aseta alak\u00f5hule v\u00f5i tuharatele<\/li>\n<li>\u00c4ra kanna rinna peale<\/li>\n<li>Suruge kindlalt v\u00e4hemalt 10 sekundit<\/li>\n<li>Vaheta rakenduskohad \u00e4rrituse v\u00e4ltimiseks<\/li>\n<\/ul>\n<p>Progesterooni faasis v\u00f5id kogeda ettearvatavat igakuist verejooksu. See on oodatav j\u00e4rjestikulise HRT puhul.<\/p>\n<p>Sinu arst m\u00e4\u00e4rab k\u00f5ige madalama efektiivse annuse ja vaatab sinu ravi regulaarselt \u00fcle.<\/p>\n<h2>V\u00f5imalikud k\u00f5rvaltoimed<\/h2>\n<p>Nagu k\u00f5ik ravimid, v\u00f5ib ka Evorel Sequi p\u00f5hjustada k\u00f5rvaltoimeid, kuigi mitte k\u00f5ik ei koge neid.<\/p>\n<p>Levinud k\u00f5rvaltoimed h\u00f5lmavad:<\/p>\n<ul>\n<li>Rindade hellus<\/li>\n<li>Peavalu<\/li>\n<li>Iiveldus<\/li>\n<li>Meeleolu muutused<\/li>\n<li>Naha\u00e4rritus rakenduskohas<\/li>\n<li>Planeeritud igakuine verejooks<\/li>\n<li>Verejooks ts\u00fcklite vahel<\/li>\n<\/ul>\n<p>Harvem, kuid t\u00f5sised riskid, mis on seotud HRT-ga, h\u00f5lmavad:<\/p>\n<ul>\n<li>Vereh\u00fc\u00fcbed<\/li>\n<li>Insult<\/li>\n<li>Rinnav\u00e4hk<\/li>\n<li>Munasarjav\u00e4hk<\/li>\n<li>S\u00fcdamehaigus<\/li>\n<\/ul>\n<p>Sinu isiklik risk s\u00f5ltub sinu vanusest, meditsiinilisest ajaloost, perekonna ajaloost ja sellest, kui kaua sa kasutad hormoonasendusravi.<\/p>\n<p>Regulaarsed j\u00e4relkontrolli kohtumised on olulised.<\/p>\n<h2>Oluline ohutusteave<\/h2>\n<p>Enne Evorel Sequi alustamist peaksid sa l\u00e4bima meditsiinilise konsultatsiooni.<\/p>\n<p>Teavita oma arsti, kui sul on kunagi olnud:<\/p>\n<ul>\n<li><a href=\"\/et\/treatment\/high-blood-pressure\">K\u00f5rge verer\u00f5hk<\/a><\/li>\n<li><a href=\"\/et\/treatment\/diabetes\">Diabeet<\/a><\/li>\n<li><a href=\"\/et\/treatment\/headache-and-migraines\/\">Migreen<\/a><\/li>\n<li>Sapikivid<\/li>\n<li>Maksaprobleemid<\/li>\n<li>Fibroidid<\/li>\n<li><a href=\"\/et\/treatment\/endometriosis\/\">Endometrioos<\/a><\/li>\n<li>K\u00f5rged trigl\u00fctseriidid<\/li>\n<li>Perekonnas on rinnav\u00e4hi ajalugu<\/li>\n<\/ul>\n<p>Evorel Sequi kasutamise ajal:<\/p>\n<ul>\n<li>K\u00fclastage regulaarselt kontrolli<\/li>\n<li>J\u00e4tkake rutiinset rindade skriinimist<\/li>\n<li>Tehke rindade enesekontrolle<\/li>\n<li>Teavitage ebatavalisest tupeverejooksust<\/li>\n<\/ul>\n<p>Hormoonasendusravi tuleks \u00fcle vaadata v\u00e4hemalt kord aastas, et hinnata kasu ja riske.<\/p>\n<h2>Millal otsida meditsiinilist abi<\/h2>\n<p>L\u00f5peta Evorel Sequi kasutamine ja otsi viivitamatult meditsiinilist abi, kui koged:<\/p>\n<ul>\n<li>Valulik turse \u00fches jalas<\/li>\n<li>\u00c4kiline rindkerevalu<\/li>\n<li>Raskused hingamisel<\/li>\n<li>T\u00f5sine \u00e4kiline peavalu<\/li>\n<li>N\u00e4gemis- v\u00f5i k\u00f5neprobleemid<\/li>\n<li>\u00dche keha poole n\u00f5rkus<\/li>\n<li>Nahav\u00e4rvi v\u00f5i silmade kollasus<\/li>\n<li>T\u00f5sise allergilise reaktsiooni tunnused<\/li>\n<\/ul>\n<p>Koheselt kontakteeru oma arstiga, kui m\u00e4rkad:<\/p>\n<ul>\n<li>Ettearvamatu tugev verejooks<\/li>\n<li>Uus rinnak\u00fchm<\/li>\n<li>P\u00fcsiv k\u00f5huvalu<\/li>\n<li>\u00c4kilised olulised muutused sinu tervises<\/li>\n<\/ul>\n<p>Kui sa ei ole kindel, kas sinu s\u00fcmptomid on seotud hormoonasendusraviga, saad h\u00f5lpsasti broneerida turvalise videokonsultatsiooni \u00fche meie litsentseeritud arstiga Transtoyou kaudu. Nad hindavad sinu s\u00fcmptomeid ja annavad n\u00f5u ohutumate j\u00e4rgmiste sammude osas. Kui koged t\u00f5siseid v\u00f5i \u00e4kilisi s\u00fcmptomeid, otsi viivitamatult meditsiinilist abi.<\/p>\n","protected":false},"excerpt":{"rendered":"<ul>\n<li>Evorel Sequi: J\u00e4rjestikused kombineeritud HRT plaastrid menopausi s\u00fcmptomite leevendamiseks ning emaka kaitsmiseks.<\/li>\n<li>Toimeaine: Estradiool (\u00f6strogeen) ja Norethisteroonatsetaat (progesteroon)<\/li>\n<li>Kasutatakse: Hormoonasendusravi (HRT)<\/li>\n<\/ul>\n","protected":false},"featured_media":1746,"comment_status":"open","ping_status":"closed","template":"","meta":[],"product_brand":[],"product_cat":[156,162],"product_tag":[],"expert":[16],"class_list":{"0":"post-1744","1":"product","2":"type-product","3":"status-publish","4":"has-post-thumbnail","6":"product_cat-hormoonasendusravi-hrt","7":"product_cat-menopausi-ja-pms-i-leevendamine","8":"expert-dr-c-alexandru","10":"first","11":"instock","12":"shipping-taxable","13":"product-type-variable"},"yoast_head":"<!-- This site is optimized with the Yoast SEO plugin v27.0 - https:\/\/yoast.com\/product\/yoast-seo-wordpress\/ -->\n<title>Evorel Sequi | HRT plaastrid menopausi jaoks - Transtoyou<\/title>\n<meta name=\"description\" content=\"Evorel Sequi HRT plaastrid on saadaval Transtoyou&#039;s, et leevendada menopausi s\u00fcmptomeid \u00f6strogeeni ja progesterooni toetusega.\" \/>\n<meta name=\"robots\" content=\"noindex, follow, max-snippet:-1, max-image-preview:large, max-video-preview:-1\" \/>\n<meta property=\"og:locale\" content=\"et_EE\" \/>\n<meta property=\"og:type\" content=\"article\" \/>\n<meta property=\"og:title\" content=\"Evorel Sequi | HRT plaastrid menopausi jaoks - Transtoyou\" \/>\n<meta property=\"og:description\" content=\"Evorel Sequi HRT plaastrid on saadaval Transtoyou&#039;s, et leevendada menopausi s\u00fcmptomeid \u00f6strogeeni ja progesterooni toetusega.\" \/>\n<meta property=\"og:url\" content=\"https:\/\/www.transtoyou.com\/et\/product\/evorel-sequi\/\" \/>\n<meta property=\"og:site_name\" content=\"Transtoyou - ET\" \/>\n<meta property=\"article:modified_time\" content=\"2026-02-25T13:37:34+00:00\" \/>\n<meta name=\"twitter:card\" content=\"summary_large_image\" \/>\n<meta name=\"twitter:label1\" content=\"Est. reading time\" \/>\n\t<meta name=\"twitter:data1\" content=\"5 minutit\" \/>\n<script type=\"application\/ld+json\" class=\"yoast-schema-graph\">{\"@context\":\"https:\/\/schema.org\",\"@graph\":[{\"@type\":\"WebPage\",\"@id\":\"https:\/\/www.transtoyou.com\/et\/product\/evorel-sequi\/\",\"url\":\"https:\/\/www.transtoyou.com\/et\/product\/evorel-sequi\/\",\"name\":\"Evorel Sequi | HRT plaastrid menopausi jaoks - Transtoyou\",\"isPartOf\":{\"@id\":\"https:\/\/www.transtoyou.com\/et\/#website\"},\"primaryImageOfPage\":{\"@id\":\"https:\/\/www.transtoyou.com\/et\/product\/evorel-sequi\/#primaryimage\"},\"image\":{\"@id\":\"https:\/\/www.transtoyou.com\/et\/product\/evorel-sequi\/#primaryimage\"},\"thumbnailUrl\":\"https:\/\/www.transtoyou.com\/et\/wp-content\/uploads\/sites\/7\/2026\/02\/tty-no-product-image-12.webp\",\"datePublished\":\"2026-02-25T13:11:57+00:00\",\"dateModified\":\"2026-02-25T13:37:34+00:00\",\"description\":\"Evorel Sequi HRT plaastrid on saadaval Transtoyou's, et leevendada menopausi s\u00fcmptomeid \u00f6strogeeni ja progesterooni toetusega.\",\"breadcrumb\":{\"@id\":\"https:\/\/www.transtoyou.com\/et\/product\/evorel-sequi\/#breadcrumb\"},\"inLanguage\":\"et\",\"potentialAction\":[{\"@type\":\"ReadAction\",\"target\":[\"https:\/\/www.transtoyou.com\/et\/product\/evorel-sequi\/\"]}]},{\"@type\":\"ImageObject\",\"inLanguage\":\"et\",\"@id\":\"https:\/\/www.transtoyou.com\/et\/product\/evorel-sequi\/#primaryimage\",\"url\":\"https:\/\/www.transtoyou.com\/et\/wp-content\/uploads\/sites\/7\/2026\/02\/tty-no-product-image-12.webp\",\"contentUrl\":\"https:\/\/www.transtoyou.com\/et\/wp-content\/uploads\/sites\/7\/2026\/02\/tty-no-product-image-12.webp\",\"width\":1000,\"height\":1000,\"caption\":\"Vaikimisi toote pilt\"},{\"@type\":\"WebSite\",\"@id\":\"https:\/\/www.transtoyou.com\/et\/#website\",\"url\":\"https:\/\/www.transtoyou.com\/et\/\",\"name\":\"Transtoyou - ET\",\"description\":\"\",\"publisher\":{\"@id\":\"https:\/\/www.transtoyou.com\/et\/#organization\"},\"potentialAction\":[{\"@type\":\"SearchAction\",\"target\":{\"@type\":\"EntryPoint\",\"urlTemplate\":\"https:\/\/www.transtoyou.com\/et\/?s={search_term_string}\"},\"query-input\":{\"@type\":\"PropertyValueSpecification\",\"valueRequired\":true,\"valueName\":\"search_term_string\"}}],\"inLanguage\":\"et\"},{\"@type\":\"Organization\",\"@id\":\"https:\/\/www.transtoyou.com\/et\/#organization\",\"name\":\"Transtoyou - ET\",\"url\":\"https:\/\/www.transtoyou.com\/et\/\",\"logo\":{\"@type\":\"ImageObject\",\"inLanguage\":\"et\",\"@id\":\"https:\/\/www.transtoyou.com\/et\/#\/schema\/logo\/image\/\",\"url\":\"https:\/\/www.transtoyou.com\/et\/wp-content\/uploads\/sites\/7\/2026\/01\/logo-tty-menu-bar-300x87-1.webp\",\"contentUrl\":\"https:\/\/www.transtoyou.com\/et\/wp-content\/uploads\/sites\/7\/2026\/01\/logo-tty-menu-bar-300x87-1.webp\",\"width\":300,\"height\":87,\"caption\":\"Transtoyou - ET\"},\"image\":{\"@id\":\"https:\/\/www.transtoyou.com\/et\/#\/schema\/logo\/image\/\"}}]}<\/script>\n<!-- \/ Yoast SEO plugin. -->","yoast_head_json":{"title":"Evorel Sequi | HRT plaastrid menopausi jaoks - Transtoyou","description":"Evorel Sequi HRT plaastrid on saadaval Transtoyou's, et leevendada menopausi s\u00fcmptomeid \u00f6strogeeni ja progesterooni toetusega.","robots":{"index":"noindex","follow":"follow","max-snippet":"max-snippet:-1","max-image-preview":"max-image-preview:large","max-video-preview":"max-video-preview:-1"},"og_locale":"et_EE","og_type":"article","og_title":"Evorel Sequi | HRT plaastrid menopausi jaoks - Transtoyou","og_description":"Evorel Sequi HRT plaastrid on saadaval Transtoyou's, et leevendada menopausi s\u00fcmptomeid \u00f6strogeeni ja progesterooni toetusega.","og_url":"https:\/\/www.transtoyou.com\/et\/product\/evorel-sequi\/","og_site_name":"Transtoyou - ET","article_modified_time":"2026-02-25T13:37:34+00:00","twitter_card":"summary_large_image","twitter_misc":{"Est. reading time":"5 minutit"},"schema":{"@context":"https:\/\/schema.org","@graph":[{"@type":"WebPage","@id":"https:\/\/www.transtoyou.com\/et\/product\/evorel-sequi\/","url":"https:\/\/www.transtoyou.com\/et\/product\/evorel-sequi\/","name":"Evorel Sequi | HRT plaastrid menopausi jaoks - Transtoyou","isPartOf":{"@id":"https:\/\/www.transtoyou.com\/et\/#website"},"primaryImageOfPage":{"@id":"https:\/\/www.transtoyou.com\/et\/product\/evorel-sequi\/#primaryimage"},"image":{"@id":"https:\/\/www.transtoyou.com\/et\/product\/evorel-sequi\/#primaryimage"},"thumbnailUrl":"https:\/\/www.transtoyou.com\/et\/wp-content\/uploads\/sites\/7\/2026\/02\/tty-no-product-image-12.webp","datePublished":"2026-02-25T13:11:57+00:00","dateModified":"2026-02-25T13:37:34+00:00","description":"Evorel Sequi HRT plaastrid on saadaval Transtoyou's, et leevendada menopausi s\u00fcmptomeid \u00f6strogeeni ja progesterooni toetusega.","breadcrumb":{"@id":"https:\/\/www.transtoyou.com\/et\/product\/evorel-sequi\/#breadcrumb"},"inLanguage":"et","potentialAction":[{"@type":"ReadAction","target":["https:\/\/www.transtoyou.com\/et\/product\/evorel-sequi\/"]}]},{"@type":"ImageObject","inLanguage":"et","@id":"https:\/\/www.transtoyou.com\/et\/product\/evorel-sequi\/#primaryimage","url":"https:\/\/www.transtoyou.com\/et\/wp-content\/uploads\/sites\/7\/2026\/02\/tty-no-product-image-12.webp","contentUrl":"https:\/\/www.transtoyou.com\/et\/wp-content\/uploads\/sites\/7\/2026\/02\/tty-no-product-image-12.webp","width":1000,"height":1000,"caption":"Vaikimisi toote pilt"},{"@type":"WebSite","@id":"https:\/\/www.transtoyou.com\/et\/#website","url":"https:\/\/www.transtoyou.com\/et\/","name":"Transtoyou - ET","description":"","publisher":{"@id":"https:\/\/www.transtoyou.com\/et\/#organization"},"potentialAction":[{"@type":"SearchAction","target":{"@type":"EntryPoint","urlTemplate":"https:\/\/www.transtoyou.com\/et\/?s={search_term_string}"},"query-input":{"@type":"PropertyValueSpecification","valueRequired":true,"valueName":"search_term_string"}}],"inLanguage":"et"},{"@type":"Organization","@id":"https:\/\/www.transtoyou.com\/et\/#organization","name":"Transtoyou - ET","url":"https:\/\/www.transtoyou.com\/et\/","logo":{"@type":"ImageObject","inLanguage":"et","@id":"https:\/\/www.transtoyou.com\/et\/#\/schema\/logo\/image\/","url":"https:\/\/www.transtoyou.com\/et\/wp-content\/uploads\/sites\/7\/2026\/01\/logo-tty-menu-bar-300x87-1.webp","contentUrl":"https:\/\/www.transtoyou.com\/et\/wp-content\/uploads\/sites\/7\/2026\/01\/logo-tty-menu-bar-300x87-1.webp","width":300,"height":87,"caption":"Transtoyou - ET"},"image":{"@id":"https:\/\/www.transtoyou.com\/et\/#\/schema\/logo\/image\/"}}]}},"_links":{"self":[{"href":"https:\/\/www.transtoyou.com\/et\/wp-json\/wp\/v2\/product\/1744","targetHints":{"allow":["GET"]}}],"collection":[{"href":"https:\/\/www.transtoyou.com\/et\/wp-json\/wp\/v2\/product"}],"about":[{"href":"https:\/\/www.transtoyou.com\/et\/wp-json\/wp\/v2\/types\/product"}],"replies":[{"embeddable":true,"href":"https:\/\/www.transtoyou.com\/et\/wp-json\/wp\/v2\/comments?post=1744"}],"wp:featuredmedia":[{"embeddable":true,"href":"https:\/\/www.transtoyou.com\/et\/wp-json\/wp\/v2\/media\/1746"}],"wp:attachment":[{"href":"https:\/\/www.transtoyou.com\/et\/wp-json\/wp\/v2\/media?parent=1744"}],"wp:term":[{"taxonomy":"product_brand","embeddable":true,"href":"https:\/\/www.transtoyou.com\/et\/wp-json\/wp\/v2\/product_brand?post=1744"},{"taxonomy":"product_cat","embeddable":true,"href":"https:\/\/www.transtoyou.com\/et\/wp-json\/wp\/v2\/product_cat?post=1744"},{"taxonomy":"product_tag","embeddable":true,"href":"https:\/\/www.transtoyou.com\/et\/wp-json\/wp\/v2\/product_tag?post=1744"},{"taxonomy":"expert","embeddable":true,"href":"https:\/\/www.transtoyou.com\/et\/wp-json\/wp\/v2\/expert?post=1744"}],"curies":[{"name":"wp","href":"https:\/\/api.w.org\/{rel}","templated":true}]}}