{"id":1783,"date":"2026-02-28T11:59:21","date_gmt":"2026-02-28T09:59:21","guid":{"rendered":"https:\/\/www.transtoyou.com\/et\/product\/maxim\/"},"modified":"2026-02-28T12:21:57","modified_gmt":"2026-02-28T10:21:57","slug":"maksim","status":"publish","type":"product","link":"https:\/\/www.transtoyou.com\/et\/product\/maksim\/","title":{"rendered":"Maksimaalne"},"content":{"rendered":"<h2>Mis on Maxim?<\/h2>\n<p>Maxim on kombineeritud suukaudne rasestumisvastane pill, mida sageli nimetatakse lihtsalt &#8220;pilliks&#8221;. See sisaldab kahte naissoost hormooni: etin\u00fc\u00fcl\u00f6stradiooli, s\u00fcnteetilist \u00f6strogeeni vormi, ja dienogesti, progestogeeni t\u00fc\u00fcpi (progesterooni sarnane hormoon).<\/p>\n<p>Maximi v\u00f5etakse igap\u00e4evaselt raseduse v\u00e4ltimiseks. Kuna see sisaldab kahte hormooni, tuntakse seda kui <a href=\"\/et\/treatment\/combination-pill\/\">kombineeritud hormonaalset rasestumisvastast vahendit<\/a>.<\/p>\n<p>Lisaks raseduse v\u00e4ltimisele v\u00f5ib Maxim aidata ka reguleerida menstruaalts\u00fcklit, v\u00e4hendada tugevat veritsust ja <a href=\"\/et\/treatment\/menstrual-discomfort\/\">parandada menstruatsiooniga seotud ebamugavustunnet<\/a>.<\/p>\n<h2>Milliseks otstarbeks seda kasutatakse?<\/h2>\n<p>Maximi kasutatakse peamiselt rasestumisvastase vahendina, mis t\u00e4hendab, et see takistab rasedust.<\/p>\n<p>See toimib, kui seda v\u00f5etakse \u00f5igesti ja j\u00e4rjepidevalt iga p\u00e4ev.<\/p>\n<p>M\u00f5nel naisel v\u00f5ib Maxim samuti:<\/p>\n<ul>\n<li>Muuta menstruatsioonid regulaarsemaks<\/li>\n<li>V\u00e4hendada tugevat menstruatsiooniveritsust<\/li>\n<li>V\u00e4hendada menstruatsioonikrampe<\/li>\n<li>Parandada aknet teatud juhtudel<\/li>\n<li>V\u00e4hendada premenstruaalse s\u00fcndroomi (PMS) s\u00fcmptomeid<\/li>\n<\/ul>\n<p>Maxim ei kaitse <a href=\"\/et\/treatment\/std-testing-treatments\/\">sugulisel teel levivate nakkuste (STI)<\/a> eest. Kui on vajalik STI kaitse, tuleks kasutada kondoomi.<\/p>\n<h2>Kuidas toode toimib?<\/h2>\n<p>Maxim takistab rasedust kolmel peamisel viisil:<\/p>\n<p>1. See peatab ovulatsiooni<\/p>\n<p>Ovulatsioon on munaraku vabastamine munasarjast. Ilma ovulatsioonita ei saa rasedus toimuda.<\/p>\n<p>2. See paksendab emakakaela lima<\/p>\n<p>Pill muudab emaka sissep\u00e4\u00e4su limaskesta paksemaks. See raskendab sperma sisenemist.<\/p>\n<p>3. See muudab emaka limaskesta<\/p>\n<p>See muudab emaka limaskesta \u00f5hemaks, mis v\u00e4hendab viljastatud munaraku implanteerimise t\u00f5en\u00e4osust.<\/p>\n<p>Kuna Maxim sisaldab nii \u00f6strogeeni kui ka progestogeeni, pakub see usaldusv\u00e4\u00e4rset rasestumisvastast kaitset, kui seda v\u00f5etakse \u00f5igesti.<\/p>\n<h2>Kellele ei tohi toodet kasutada?<\/h2>\n<p>Sa ei tohi kasutada Maximi, kui:<\/p>\n<ul>\n<li>Sul on v\u00f5i on olnud vereh\u00fc\u00fcve (s\u00fcgava veeni tromboos v\u00f5i kopsuemboolia)<\/li>\n<li>Sul on vere h\u00fc\u00fcbimise h\u00e4ire<\/li>\n<li>Sa oled olnud insuldi v\u00f5i s\u00fcdameataki all<\/li>\n<li>Sul on raske maksahaigus<\/li>\n<li>Sul on hormoonitundlik v\u00e4hk (nt rinnav\u00e4hk)<\/li>\n<li>Sul on seletamatu tupeveritsus<\/li>\n<li>Sa oled allergiline m\u00f5ne koostisosade suhtes<\/li>\n<li>Sul on migreen koos auraga<\/li>\n<li>Sul on kontrollimatu k\u00f5rge verer\u00f5hk<\/li>\n<\/ul>\n<p>Kombineeritud rasestumisvastased pillid suurendavad veidi vereh\u00fc\u00fcvete riski. Sinu arst hindab sinu isiklikke riskitegureid enne retsepti v\u00e4ljastamist.<\/p>\n<h3>Rasedus ja imetamine<\/h3>\n<p>Maximi ei tohi kasutada, kui oled rase.<\/p>\n<p>Kui arvad, et v\u00f5id olla rase, l\u00f5petage pilli v\u00f5tmine ja v\u00f5tke \u00fchendust arstiga.<\/p>\n<p>Maximi ei soovitata tavaliselt imetamise ajal, eriti esimestel n\u00e4dalatel p\u00e4rast s\u00fcnnitust, kuna \u00f6strogeen v\u00f5ib v\u00e4hendada piimatootmist.<\/p>\n<h2>Kuidas kasutada ja annustamine<\/h2>\n<p>V\u00f5ta Maxim alati t\u00e4pselt nagu arst on m\u00e4\u00e4ranud.<\/p>\n<ul>\n<li>V\u00f5ta \u00fcks tablett p\u00e4evas<\/li>\n<li>V\u00f5ta seda iga p\u00e4ev samal kellaajal<\/li>\n<li>J\u00e4rgi blisterpakendi n\u00e4idatud j\u00e4rjekorda<\/li>\n<\/ul>\n<p>Enamik pakendeid sisaldab 21 aktiivset tabletti, millele j\u00e4rgneb 7-p\u00e4evane paus, mille jooksul sul on tavaliselt verejooks, mis sarnaneb menstruatsiooniga.<\/p>\n<p>Alusta j\u00e4rgmist pakki p\u00e4rast 7-p\u00e4evast pausi, isegi kui verejooks ei ole t\u00e4ielikult l\u00f5ppenud.<\/p>\n<p>Kui unustad pilli:<\/p>\n<ul>\n<li>Kui oled v\u00e4hem kui 12 tundi hiljaks j\u00e4\u00e4nud, v\u00f5ta see kohe, kui m\u00e4letad<\/li>\n<li>Kui oled rohkem kui 12 tundi hiljaks j\u00e4\u00e4nud, v\u00f5ib rasestumisvastane kaitse olla v\u00e4henenud<\/li>\n<\/ul>\n<p>J\u00e4rgi patsiendi infolehes toodud juhiseid ja kaalu vajadusel t\u00e4iendavat rasestumisvastast kaitset.<\/p>\n<p>Maximi \u00f5ige ja igap\u00e4evane v\u00f5tmine on efektiivne raseduse ennetamiseks h\u00e4davajalik.<\/p>\n<h2>V\u00f5imalikud k\u00f5rvaltoimed<\/h2>\n<p>Nagu k\u00f5ik ravimid, v\u00f5ib ka Maxim p\u00f5hjustada k\u00f5rvaltoimeid, kuigi mitte k\u00f5ik ei koge neid.<\/p>\n<p>Levinud k\u00f5rvaltoimed h\u00f5lmavad:<\/p>\n<ul>\n<li>Iiveldus<\/li>\n<li>Rinnatundlikkus<\/li>\n<li>Pearinglus<\/li>\n<li>Meeleolu muutused<\/li>\n<li>Verejooksu esinemine<\/li>\n<li>Libido muutused<\/li>\n<\/ul>\n<p>Harvem, kuid t\u00f5sisemad riskid h\u00f5lmavad:<\/p>\n<ul>\n<li>Vereh\u00fc\u00fcbed<\/li>\n<li>Insult<\/li>\n<li>S\u00fcdameatakk<\/li>\n<li>Suurenenenud verer\u00f5hk<\/li>\n<\/ul>\n<p>Vereh\u00fc\u00fcvete risk on suurem, kui sa suitsetad, oled \u00fclekaaluline, oled vanem kui 35 v\u00f5i sul on perekonnas vereh\u00fc\u00fcvete h\u00e4ired.<\/p>\n<p>Otsi viivitamatut arstiabi, kui koged:<\/p>\n<ul>\n<li>Jala turset v\u00f5i valu<\/li>\n<li>\u00c4kilist rindkerevalu<\/li>\n<li>\u00d5hupuudust<\/li>\n<li>T\u00f5sist peavalu<\/li>\n<li>N\u00e4gemisprobleeme<\/li>\n<\/ul>\n<h2>Oluline ohutusteave<\/h2>\n<p>Enne Maximi kasutamise alustamist peaksid sa l\u00e4bima meditsiinilise konsultatsiooni.<\/p>\n<p>R\u00e4\u00e4gi oma arstile, kui:<\/p>\n<ul>\n<li>Sa suitsetad<\/li>\n<li>Sul on <a href=\"\/et\/treatment\/diabetes\">diabeet<\/a><\/li>\n<li>Sul on <a href=\"\/et\/treatment\/high-blood-pressure\">k\u00f5rge verer\u00f5hk<\/a><\/li>\n<li>Sul on <a href=\"\/et\/treatment\/cholesterol-control\">k\u00f5rge kolesterool<\/a><\/li>\n<li>Sul on <a href=\"\/et\/treatment\/headache-and-migraines\/\">migreen<\/a> (eriti koos auraga)<\/li>\n<li>Sul on perekonnas vereh\u00fc\u00fcvete ajalugu<\/li>\n<li>Sa oled \u00fclekaaluline<\/li>\n<\/ul>\n<p>Maxim ei kaitse STI eest.<\/p>\n<p>Teatud ravimid, nagu m\u00f5ned antibiootikumid, epilepsiaravimid ja ravimtaimed nagu naistepuna, v\u00f5ivad v\u00e4hendada selle efektiivsust.<\/p>\n<p>Hormonaalse rasestumisvastase vahendi kasutamise ajal on soovitatav regulaarne kontroll.<\/p>\n<h2>Millal otsida meditsiinilist abi<\/h2>\n<p>Otsi viivitamatut meditsiinilist abi, kui koged:<\/p>\n<ul>\n<li>\u00c4kilist jala valu v\u00f5i turset<\/li>\n<li>\u00c4kilist rindkerevalu<\/li>\n<li>Raskusi hingamisel<\/li>\n<li>T\u00f5sist migreeni<\/li>\n<li>N\u00e4gemish\u00e4ireid<\/li>\n<li>Nahav\u00e4rvi v\u00f5i silmade kollasust<\/li>\n<\/ul>\n<p>V\u00f5ta \u00fchendust arstiga, kui:<\/p>\n<ul>\n<li>Sa unustad mitu pilli<\/li>\n<li>Sa koged p\u00fcsivat tugevat veritsust<\/li>\n<li>Sa arendad uut migreeni koos auraga<\/li>\n<li>Sa kahtlustad rasedust<\/li>\n<\/ul>\n<p>Kui sa ei ole kindel, kas sinu s\u00fcmptomid on seotud hormonaalse rasestumisvastase vahendiga, saad broneerida turvalise videokonsultatsiooni litsentseeritud arstiga Transtoyou kaudu, et saada isikup\u00e4rastatud n\u00f5u. Kui s\u00fcmptomid on t\u00f5sised v\u00f5i \u00e4kilised, otsi viivitamatut meditsiinilist abi kohe.<\/p>\n","protected":false},"excerpt":{"rendered":"<ul>\n<li>Maxim: Kombineeritud rasestumisvastane tablett, mis takistab rasedust ja aitab reguleerida sinu menstruaalts\u00fcklit.<\/li>\n<li>Aktiivne koostisosa: Eet\u00fc\u00fcl\u00f6stradiool (\u00f6strogeen) ja Dienogest (progesteroon)<\/li>\n<li>Kasutatakse: Raseduse v\u00e4ltimiseks<\/li>\n<\/ul>\n","protected":false},"featured_media":1786,"comment_status":"open","ping_status":"closed","template":"","meta":[],"product_brand":[],"product_cat":[111,164],"product_tag":[],"expert":[18],"class_list":{"0":"post-1783","1":"product","2":"type-product","3":"status-publish","4":"has-post-thumbnail","6":"product_cat-kombineeritud-pill","7":"product_cat-menstruaalne-ebamugavus","8":"expert-dr-g-varbanov","10":"first","11":"instock","12":"shipping-taxable","13":"product-type-variable"},"yoast_head":"<!-- This site is optimized with the Yoast SEO plugin v27.0 - https:\/\/yoast.com\/product\/yoast-seo-wordpress\/ -->\n<title>Maxim | Rasestumisvastane Pill Ts\u00fckli Kontrollimiseks - Transtoyou<\/title>\n<meta name=\"description\" content=\"Maxim kombineeritud suukaudne rasestumisvastane tablett aitab v\u00e4ltida rasedust ja toetada ts\u00fckli kontrolli. Osta turvaliselt Transtoyou&#039;s.\" \/>\n<meta name=\"robots\" content=\"noindex, follow, max-snippet:-1, max-image-preview:large, max-video-preview:-1\" \/>\n<meta property=\"og:locale\" content=\"et_EE\" \/>\n<meta property=\"og:type\" content=\"article\" \/>\n<meta property=\"og:title\" content=\"Maxim | Rasestumisvastane Pill Ts\u00fckli Kontrollimiseks - Transtoyou\" \/>\n<meta property=\"og:description\" content=\"Maxim kombineeritud suukaudne rasestumisvastane tablett aitab v\u00e4ltida rasedust ja toetada ts\u00fckli kontrolli. Osta turvaliselt Transtoyou&#039;s.\" \/>\n<meta property=\"og:url\" content=\"https:\/\/www.transtoyou.com\/et\/product\/maxim\/\" \/>\n<meta property=\"og:site_name\" content=\"Transtoyou - ET\" \/>\n<meta property=\"article:modified_time\" content=\"2026-02-28T10:21:57+00:00\" \/>\n<meta name=\"twitter:card\" content=\"summary_large_image\" \/>\n<meta name=\"twitter:label1\" content=\"Est. reading time\" \/>\n\t<meta name=\"twitter:data1\" content=\"4 minutit\" \/>\n<script type=\"application\/ld+json\" class=\"yoast-schema-graph\">{\"@context\":\"https:\/\/schema.org\",\"@graph\":[{\"@type\":\"WebPage\",\"@id\":\"https:\/\/www.transtoyou.com\/et\/product\/maxim\/\",\"url\":\"https:\/\/www.transtoyou.com\/et\/product\/maxim\/\",\"name\":\"Maxim | Rasestumisvastane Pill Ts\u00fckli Kontrollimiseks - Transtoyou\",\"isPartOf\":{\"@id\":\"https:\/\/www.transtoyou.com\/et\/#website\"},\"primaryImageOfPage\":{\"@id\":\"https:\/\/www.transtoyou.com\/et\/product\/maxim\/#primaryimage\"},\"image\":{\"@id\":\"https:\/\/www.transtoyou.com\/et\/product\/maxim\/#primaryimage\"},\"thumbnailUrl\":\"https:\/\/www.transtoyou.com\/et\/wp-content\/uploads\/sites\/7\/2026\/02\/tty-no-product-image-15.webp\",\"datePublished\":\"2026-02-28T09:59:21+00:00\",\"dateModified\":\"2026-02-28T10:21:57+00:00\",\"description\":\"Maxim kombineeritud suukaudne rasestumisvastane tablett aitab v\u00e4ltida rasedust ja toetada ts\u00fckli kontrolli. Osta turvaliselt Transtoyou's.\",\"breadcrumb\":{\"@id\":\"https:\/\/www.transtoyou.com\/et\/product\/maxim\/#breadcrumb\"},\"inLanguage\":\"et\",\"potentialAction\":[{\"@type\":\"ReadAction\",\"target\":[\"https:\/\/www.transtoyou.com\/et\/product\/maxim\/\"]}]},{\"@type\":\"ImageObject\",\"inLanguage\":\"et\",\"@id\":\"https:\/\/www.transtoyou.com\/et\/product\/maxim\/#primaryimage\",\"url\":\"https:\/\/www.transtoyou.com\/et\/wp-content\/uploads\/sites\/7\/2026\/02\/tty-no-product-image-15.webp\",\"contentUrl\":\"https:\/\/www.transtoyou.com\/et\/wp-content\/uploads\/sites\/7\/2026\/02\/tty-no-product-image-15.webp\",\"width\":1000,\"height\":1000,\"caption\":\"Vaikimisi toote pilt\"},{\"@type\":\"WebSite\",\"@id\":\"https:\/\/www.transtoyou.com\/et\/#website\",\"url\":\"https:\/\/www.transtoyou.com\/et\/\",\"name\":\"Transtoyou - ET\",\"description\":\"\",\"publisher\":{\"@id\":\"https:\/\/www.transtoyou.com\/et\/#organization\"},\"potentialAction\":[{\"@type\":\"SearchAction\",\"target\":{\"@type\":\"EntryPoint\",\"urlTemplate\":\"https:\/\/www.transtoyou.com\/et\/?s={search_term_string}\"},\"query-input\":{\"@type\":\"PropertyValueSpecification\",\"valueRequired\":true,\"valueName\":\"search_term_string\"}}],\"inLanguage\":\"et\"},{\"@type\":\"Organization\",\"@id\":\"https:\/\/www.transtoyou.com\/et\/#organization\",\"name\":\"Transtoyou - ET\",\"url\":\"https:\/\/www.transtoyou.com\/et\/\",\"logo\":{\"@type\":\"ImageObject\",\"inLanguage\":\"et\",\"@id\":\"https:\/\/www.transtoyou.com\/et\/#\/schema\/logo\/image\/\",\"url\":\"https:\/\/www.transtoyou.com\/et\/wp-content\/uploads\/sites\/7\/2026\/01\/logo-tty-menu-bar-300x87-1.webp\",\"contentUrl\":\"https:\/\/www.transtoyou.com\/et\/wp-content\/uploads\/sites\/7\/2026\/01\/logo-tty-menu-bar-300x87-1.webp\",\"width\":300,\"height\":87,\"caption\":\"Transtoyou - ET\"},\"image\":{\"@id\":\"https:\/\/www.transtoyou.com\/et\/#\/schema\/logo\/image\/\"}}]}<\/script>\n<!-- \/ Yoast SEO plugin. -->","yoast_head_json":{"title":"Maxim | Rasestumisvastane Pill Ts\u00fckli Kontrollimiseks - Transtoyou","description":"Maxim kombineeritud suukaudne rasestumisvastane tablett aitab v\u00e4ltida rasedust ja toetada ts\u00fckli kontrolli. Osta turvaliselt Transtoyou's.","robots":{"index":"noindex","follow":"follow","max-snippet":"max-snippet:-1","max-image-preview":"max-image-preview:large","max-video-preview":"max-video-preview:-1"},"og_locale":"et_EE","og_type":"article","og_title":"Maxim | Rasestumisvastane Pill Ts\u00fckli Kontrollimiseks - Transtoyou","og_description":"Maxim kombineeritud suukaudne rasestumisvastane tablett aitab v\u00e4ltida rasedust ja toetada ts\u00fckli kontrolli. Osta turvaliselt Transtoyou's.","og_url":"https:\/\/www.transtoyou.com\/et\/product\/maxim\/","og_site_name":"Transtoyou - ET","article_modified_time":"2026-02-28T10:21:57+00:00","twitter_card":"summary_large_image","twitter_misc":{"Est. reading time":"4 minutit"},"schema":{"@context":"https:\/\/schema.org","@graph":[{"@type":"WebPage","@id":"https:\/\/www.transtoyou.com\/et\/product\/maxim\/","url":"https:\/\/www.transtoyou.com\/et\/product\/maxim\/","name":"Maxim | Rasestumisvastane Pill Ts\u00fckli Kontrollimiseks - Transtoyou","isPartOf":{"@id":"https:\/\/www.transtoyou.com\/et\/#website"},"primaryImageOfPage":{"@id":"https:\/\/www.transtoyou.com\/et\/product\/maxim\/#primaryimage"},"image":{"@id":"https:\/\/www.transtoyou.com\/et\/product\/maxim\/#primaryimage"},"thumbnailUrl":"https:\/\/www.transtoyou.com\/et\/wp-content\/uploads\/sites\/7\/2026\/02\/tty-no-product-image-15.webp","datePublished":"2026-02-28T09:59:21+00:00","dateModified":"2026-02-28T10:21:57+00:00","description":"Maxim kombineeritud suukaudne rasestumisvastane tablett aitab v\u00e4ltida rasedust ja toetada ts\u00fckli kontrolli. Osta turvaliselt Transtoyou's.","breadcrumb":{"@id":"https:\/\/www.transtoyou.com\/et\/product\/maxim\/#breadcrumb"},"inLanguage":"et","potentialAction":[{"@type":"ReadAction","target":["https:\/\/www.transtoyou.com\/et\/product\/maxim\/"]}]},{"@type":"ImageObject","inLanguage":"et","@id":"https:\/\/www.transtoyou.com\/et\/product\/maxim\/#primaryimage","url":"https:\/\/www.transtoyou.com\/et\/wp-content\/uploads\/sites\/7\/2026\/02\/tty-no-product-image-15.webp","contentUrl":"https:\/\/www.transtoyou.com\/et\/wp-content\/uploads\/sites\/7\/2026\/02\/tty-no-product-image-15.webp","width":1000,"height":1000,"caption":"Vaikimisi toote pilt"},{"@type":"WebSite","@id":"https:\/\/www.transtoyou.com\/et\/#website","url":"https:\/\/www.transtoyou.com\/et\/","name":"Transtoyou - ET","description":"","publisher":{"@id":"https:\/\/www.transtoyou.com\/et\/#organization"},"potentialAction":[{"@type":"SearchAction","target":{"@type":"EntryPoint","urlTemplate":"https:\/\/www.transtoyou.com\/et\/?s={search_term_string}"},"query-input":{"@type":"PropertyValueSpecification","valueRequired":true,"valueName":"search_term_string"}}],"inLanguage":"et"},{"@type":"Organization","@id":"https:\/\/www.transtoyou.com\/et\/#organization","name":"Transtoyou - ET","url":"https:\/\/www.transtoyou.com\/et\/","logo":{"@type":"ImageObject","inLanguage":"et","@id":"https:\/\/www.transtoyou.com\/et\/#\/schema\/logo\/image\/","url":"https:\/\/www.transtoyou.com\/et\/wp-content\/uploads\/sites\/7\/2026\/01\/logo-tty-menu-bar-300x87-1.webp","contentUrl":"https:\/\/www.transtoyou.com\/et\/wp-content\/uploads\/sites\/7\/2026\/01\/logo-tty-menu-bar-300x87-1.webp","width":300,"height":87,"caption":"Transtoyou - ET"},"image":{"@id":"https:\/\/www.transtoyou.com\/et\/#\/schema\/logo\/image\/"}}]}},"_links":{"self":[{"href":"https:\/\/www.transtoyou.com\/et\/wp-json\/wp\/v2\/product\/1783","targetHints":{"allow":["GET"]}}],"collection":[{"href":"https:\/\/www.transtoyou.com\/et\/wp-json\/wp\/v2\/product"}],"about":[{"href":"https:\/\/www.transtoyou.com\/et\/wp-json\/wp\/v2\/types\/product"}],"replies":[{"embeddable":true,"href":"https:\/\/www.transtoyou.com\/et\/wp-json\/wp\/v2\/comments?post=1783"}],"wp:featuredmedia":[{"embeddable":true,"href":"https:\/\/www.transtoyou.com\/et\/wp-json\/wp\/v2\/media\/1786"}],"wp:attachment":[{"href":"https:\/\/www.transtoyou.com\/et\/wp-json\/wp\/v2\/media?parent=1783"}],"wp:term":[{"taxonomy":"product_brand","embeddable":true,"href":"https:\/\/www.transtoyou.com\/et\/wp-json\/wp\/v2\/product_brand?post=1783"},{"taxonomy":"product_cat","embeddable":true,"href":"https:\/\/www.transtoyou.com\/et\/wp-json\/wp\/v2\/product_cat?post=1783"},{"taxonomy":"product_tag","embeddable":true,"href":"https:\/\/www.transtoyou.com\/et\/wp-json\/wp\/v2\/product_tag?post=1783"},{"taxonomy":"expert","embeddable":true,"href":"https:\/\/www.transtoyou.com\/et\/wp-json\/wp\/v2\/expert?post=1783"}],"curies":[{"name":"wp","href":"https:\/\/api.w.org\/{rel}","templated":true}]}}